{"id":18251,"date":"2021-02-23T15:30:33","date_gmt":"2021-02-23T08:30:33","guid":{"rendered":"https:\/\/havamall.vn\/?post_type=product&#038;p=18251"},"modified":"2022-05-10T09:52:20","modified_gmt":"2022-05-10T02:52:20","slug":"cay-danh-trung-khuay-bot","status":"publish","type":"product","link":"https:\/\/havamall.vn\/en\/shop\/cay-danh-trung-khuay-bot\/","title":{"rendered":"C\u00e2y \u0110\u00e1nh Tr\u1ee9ng Th\u01b0\u01a1ng Hi\u1ec7u Havafoodies- Khu\u1ea5y B\u1ed9t"},"content":{"rendered":"<p>D\u1ee5ng c\u1ee5 \u0111\u00e1nh tr\u1ee9ng l\u00e0 d\u1ee5ng c\u1ee5 v\u00f4 c\u00f9ng quen thu\u1ed9c \u0111\u1ed1i v\u1edbi c\u00e1c \u0111\u1ea7u b\u1ebfp hay c\u00e1c ch\u1ecb n\u1ed9i tr\u1ee3 trong c\u00f4ng vi\u1ec7c b\u1ebfp n\u00fac. C\u00e2y \u0111\u00e1nh tr\u1ee9ng r\u1ea5t ti\u1ec7n l\u1ee3i trong vi\u1ec7c s\u1eed d\u1ee5ng v\u00e0 ti\u1ebft ki\u1ec7m kh\u00f4ng gian c\u0103n b\u1ebfp cho b\u1ea1n thay v\u00ec ph\u1ea3i mua m\u1ed9t chi\u1ebfc m\u00e1y \u0111\u00e1nh tr\u1ee9ng c\u1ed3ng k\u1ec1nh.<\/p>\n<p>C\u00e2y \u0111\u00e1nh tr\u1ee9ng \u0111\u01b0\u1ee3c l\u00e0m t\u1eeb inox, d\u1ea1ng h\u00ecnh l\u1ed3ng v\u1edbi \u0111\u1ea7u tr\u00f2n v\u00e0 nhi\u1ec1u v\u00f2ng th\u00e9p \u0111\u1ec3 \u0111\u00e1nh b\u00f4ng l\u00f2ng \u0111\u1ecf tr\u1ee9ng, l\u00f2ng tr\u1eafng tr\u1ee9ng nhanh v\u00e0 d\u1ec5 d\u00e0ng h\u01a1n. C\u00e2y \u0111\u00e1nh tr\u1ee9ng n\u00e0y nh\u1ecf xinh v\u1eeba tay c\u1ea7m v\u00e0 ph\u00f9 h\u1ee3p khi \u0111\u00e1nh tr\u1ee9ng trong c\u1ea3 b\u00e1t nh\u1ecf. C\u00e2y \u0111\u00e1nh tr\u1ee9ng c\u00f3 k\u00edch th\u01b0\u1edbc nh\u1ecf v\u1eeba tay v\u00e0 h\u1ee3p v\u1edbi ph\u1ea7n l\u1edbn c\u00e1c c\u1ee1 b\u00e1t.<\/p>\n<p><img fetchpriority=\"high\" decoding=\"async\" class=\"aligncenter\" src=\"https:\/\/havamall.vn\/wp-content\/uploads\/2021\/02\/nhung-dung-cu-lam-banh-co-ban-2_760x380.jpg\" alt=\"Nh\u1eefng d\u1ee5ng c\u1ee5 l\u00e0m b\u00e1nh c\u01a1 b\u1ea3n\" width=\"695\" height=\"348\" \/><\/p>\n<p>S\u1ea3n ph\u1ea9m c\u1ea7m g\u1ecdn g\u00e0ng tr\u00ean tay, ch\u1eafc tay. C\u00e1n c\u1ee7a c\u00e2y khu\u1ea5y tr\u1ee9ng c\u00f3 kho\u00e9t m\u1ed9t l\u1ed7 nh\u1ecf \u0111\u1ec3 c\u00e1c ch\u1ecb em n\u1ed9i tr\u1ee3 lu\u1ed3n d\u00e2y v\u00e0o treo c\u00e2y l\u00ean khi kh\u00f4ng s\u1eed d\u1ee5ng.<\/p>\n<p>S\u1ea3n ph\u1ea9m \u0111\u01b0\u1ee3c thi\u1ebft k\u1ebf th\u00f4ng minh, gi\u00fap c\u00e1c ch\u1ecb em ch\u1ebf bi\u1ebfn c\u00e1c m\u00f3n \u0103n t\u1eeb tr\u1ee9ng, ho\u1eb7c l\u00e0m nh\u1eefng chi\u1ebfc b\u00e1nh th\u01a1m ngon nhanh ch\u00f3ng v\u00e0 ti\u1ec7n l\u1ee3i h\u01a1n.<\/p>\n<p><img decoding=\"async\" class=\"aligncenter\" src=\"https:\/\/havamall.vn\/wp-content\/uploads\/2021\/02\/cake-feature.jpg\" alt=\"H\u01af\u1edaNG D\u1eaaN CH\u1eccN MUA C\u00c1C NGUY\u00caN LI\u1ec6U L\u00c0M B\u00c1NH T\u1ea0I NH\u1eacT B\u1ea2N - KVBro-Nh\u1ecbp s\u1ed1ng Nh\u1eadt B\u1ea3n\" width=\"695\" height=\"384\" \/><br \/>\n\u0110\u1ea7u v\u00e0 tay c\u1ea7m \u0111\u00e1nh \u0111\u01b0\u1ee3c l\u00e0m t\u1eeb inox cao c\u1ea5p an to\u00e0n v\u00e0 r\u1ea5t b\u1ec1n. C\u00e2y \u0111\u00e1nh tr\u1ee9ng v\u1edbi ch\u1ea5t li\u1ec7u inox cao c\u1ea5p kh\u00f4ng ch\u1ec9 d\u1ec5 lau r\u1eeda, m\u00e0 c\u00f2n b\u1ec1n, \u0111\u1ea1t ti\u00eau chu\u1ea9n v\u1ec7 sinh an to\u00e0n v\u00ec kh\u00f4ng g\u00e2y \u1ea3nh h\u01b0\u1edfng \u0111\u1ebfn ch\u1ea5t l\u01b0\u1ee3ng th\u1ef1c ph\u1ea9m c\u0169ng nh\u01b0 c\u0169ng kh\u00f4ng t\u1ea1o ra nh\u1eefng ch\u1ea5t g\u00e2y h\u1ea1i cho s\u1ee9c kh\u1ecfe ngay c\u1ea3 khi ti\u1ebfp x\u00fac v\u1edbi nhi\u1ec7t \u0111\u1ed9 cao.<\/p>\n<p>N\u1ebfu kh\u00f4ng c\u00f3 m\u00e1y \u0111\u00e1nh tr\u1ee9ng, b\u1ea1n ho\u00e0n to\u00e0n c\u00f3 th\u1ec3 d\u00f9ng c\u00e2y \u0111\u00e1nh tr\u1ee9ng inox n\u00e0y \u0111\u1ec3 \u0111\u00e1nh b\u00f4ng l\u00f2ng tr\u1eafng tr\u1ee9ng b\u1eb1ng tay nh\u00e9.<\/p>\n<p><img decoding=\"async\" class=\"aligncenter\" src=\"https:\/\/havamall.vn\/wp-content\/uploads\/2021\/02\/b757b1e7ac12b873bb3e19a89b5b88f2.jpg_1200x1200q80.jpg_.webp\" alt=\"M\u00e1y \u0110\u00e1nh Tr\u1ee9ng C\u1ea7m Tay B\u1eb1ng Inox H\u1ed9 Gia \u0110\u00ecnh Tr\u1ed9n Tr\u1ee9ng D\u1ee5ng C\u1ee5 L\u00e0m B\u00e1nh Nh\u00e0 B\u1ebfp S\u00e1ng T\u1ea1o Nh\u00e0 B\u1ebfp Ti\u1ec7n \u00cdch | Lazada.vn\" width=\"692\" height=\"692\" \/><\/p>\n<h4><strong>\u0110\u1eb7c \u0111i\u1ec3m s\u1ea3n ph\u1ea9m:<\/strong><\/h4>\n<p>&#8211; Thi\u1ebft k\u1ebf chuy\u00ean d\u00f9ng: D\u1ee5ng c\u1ee5 \u0111\u00e1nh tr\u1ee9ng c\u00f3 thi\u1ebft k\u1ebf \u0111\u1ea7u v\u1edbi nhi\u1ec1u v\u00f2ng, c\u00f3 t\u00e1c d\u1ee5ng t\u1ea1o \u0111\u1ed9 b\u00f4ng cho tr\u1ee9ng khi \u0111\u00e1nh \u0111\u1ec1u tay.<\/p>\n<p>&#8211; Th\u00e2n c\u00f3 m\u00f3c treo: \u0110\u1ec3 mang \u0111\u1ebfn t\u00ednh ti\u1ec7n d\u1ee5ng khi s\u1eed d\u1ee5ng, \u0111u\u00f4i c\u1ee7a d\u1ee5ng c\u1ee5 \u0111\u00e1nh tr\u1ee9ng c\u00f3 m\u00f3c treo \u0111\u1ec3 b\u1ea1n c\u00f3 th\u1ec3 treo tr\u00ean gi\u00e1 khi kh\u00f4ng s\u1eed d\u1ee5ng, ti\u1ebft ki\u1ec7m kh\u00f4ng gian v\u00e0 gi\u00fap gian b\u1ebfp th\u00eam g\u1ecdn g\u00e0ng.<\/p>\n<p>&#8211; C\u00f3 chi\u1ec1u d\u00e0i \u0111\u1ea3m b\u1ea3o kho\u1ea3ng c\u00e1ch v\u1ec7 sinh gi\u1eefa tay v\u00e0 t\u00f4 hay d\u1ee5ng c\u1ee5 \u0111\u1ef1ng tr\u1ee9ng.<\/p>\n<p>&#8211; Si\u00eau c\u1ee9ng, si\u00eau b\u1ec1n, kh\u00f4ng gh\u1ec9 s\u00e9t<\/p>\n<p><img loading=\"lazy\" decoding=\"async\" class=\"aligncenter\" src=\"https:\/\/havamall.vn\/wp-content\/uploads\/2021\/02\/nguyenlieu.jpg\" alt=\"CUNG C\u1ea4P NGUY\u00caN PH\u1ee4 LI\u1ec6U L\u00c0M B\u00c1NH UY T\u00cdN GI\u00c1 R\u1eba T\u1ea0I \u0110\u00c0 L\u1ea0T - PH\u00daC \u00c2N\" width=\"692\" height=\"461\" \/><\/p>\n<h4><strong>H\u01b0\u1edbng d\u1eabn s\u1eed d\u1ee5ng:<\/strong><\/h4>\n<p>&#8211; D\u00f9ng \u0111\u1ec3 \u0111\u00e1nh nhu\u1ea7n nhuy\u1ec5n tr\u1ee9ng khi ch\u1ebf bi\u1ebfn th\u1ee9c \u0103n ho\u1eb7c ch\u1ebf bi\u1ebfn c\u00e1c m\u00f3n b\u00e1nh<br \/>\n&#8211; Ngo\u00e0i ra c\u00f2n c\u00f3 th\u1ec3 d\u00f9ng \u0111\u00e1nh tr\u1ed9n b\u1ed9t.<\/p>\n<p>S\u1ea3n ph\u1ea9m hi\u1ec7n \u0111\u00e3 c\u00f3 m\u1eb7t t\u1ea1i Havamall.<\/p>","protected":false},"excerpt":{"rendered":"<p>D\u1ee5ng c\u1ee5 \u0111\u00e1nh tr\u1ee9ng l\u00e0 d\u1ee5ng c\u1ee5 v\u00f4 c\u00f9ng quen thu\u1ed9c \u0111\u1ed1i v\u1edbi c\u00e1c \u0111\u1ea7u b\u1ebfp hay c\u00e1c ch\u1ecb n\u1ed9i<\/p>","protected":false},"featured_media":21359,"comment_status":"open","ping_status":"closed","template":"","meta":[],"product_brand":[],"product_cat":[393,255,35],"product_tag":[],"class_list":{"0":"post-18251","1":"product","2":"type-product","3":"status-publish","4":"has-post-thumbnail","6":"product_cat-bep-phong-an","7":"product_cat-nguyen-lieu-lam-banh","8":"product_cat-nha-cua-doi-song","9":"pa_brand-skx","11":"first","12":"instock","13":"sale","14":"shipping-taxable","15":"purchasable","16":"product-type-simple"},"_links":{"self":[{"href":"https:\/\/havamall.vn\/en\/wp-json\/wp\/v2\/product\/18251"}],"collection":[{"href":"https:\/\/havamall.vn\/en\/wp-json\/wp\/v2\/product"}],"about":[{"href":"https:\/\/havamall.vn\/en\/wp-json\/wp\/v2\/types\/product"}],"replies":[{"embeddable":true,"href":"https:\/\/havamall.vn\/en\/wp-json\/wp\/v2\/comments?post=18251"}],"version-history":[{"count":0,"href":"https:\/\/havamall.vn\/en\/wp-json\/wp\/v2\/product\/18251\/revisions"}],"wp:featuredmedia":[{"embeddable":true,"href":"https:\/\/havamall.vn\/en\/wp-json\/wp\/v2\/media\/21359"}],"wp:attachment":[{"href":"https:\/\/havamall.vn\/en\/wp-json\/wp\/v2\/media?parent=18251"}],"wp:term":[{"taxonomy":"product_brand","embeddable":true,"href":"https:\/\/havamall.vn\/en\/wp-json\/wp\/v2\/product_brand?post=18251"},{"taxonomy":"product_cat","embeddable":true,"href":"https:\/\/havamall.vn\/en\/wp-json\/wp\/v2\/product_cat?post=18251"},{"taxonomy":"product_tag","embeddable":true,"href":"https:\/\/havamall.vn\/en\/wp-json\/wp\/v2\/product_tag?post=18251"}],"curies":[{"name":"wp","href":"https:\/\/api.w.org\/{rel}","templated":true}]}}