{"id":18196,"date":"2021-02-04T14:53:56","date_gmt":"2021-02-04T07:53:56","guid":{"rendered":"https:\/\/havamall.vn\/?post_type=product&#038;p=18196"},"modified":"2025-09-30T09:27:41","modified_gmt":"2025-09-30T02:27:41","slug":"18196","status":"publish","type":"product","link":"https:\/\/havamall.vn\/en\/shop\/18196\/","title":{"rendered":"C\u00e0 Chua Xay Nhuy\u1ec5n C\u00f4 \u0110\u1eb7c La Sicilia 3kg"},"content":{"rendered":"<p>&nbsp;<\/p>\n<h2><strong>TH\u00d4NG TIN CHUNG<\/strong><\/h2>\n<table>\n<tbody>\n<tr>\n<td>Th\u01b0\u01a1ng hi\u1ec7u<\/td>\n<td>La Sicilia<\/td>\n<\/tr>\n<tr>\n<td>Xu\u1ea5t x\u1ee9<\/td>\n<td>\u00dd<\/td>\n<\/tr>\n<tr>\n<td>Th\u00e0nh ph\u1ea7n<\/td>\n<td>C\u00e0 chua xay nhuy\u1ec5n, n\u01b0\u1edbc \u00e9p c\u00e0 chua, ch\u1ea5t \u0111i\u1ec1u ch\u1ec9nh \u0111\u1ed9 acid: acid citric<\/td>\n<\/tr>\n<tr>\n<td>H\u1ea1n s\u1eed d\u1ee5ng<\/td>\n<td>36 th\u00e1ng k\u1ec3 t\u1eeb ng\u00e0y s\u1ea3n xu\u1ea5t.<\/td>\n<\/tr>\n<tr>\n<td>B\u1ea3o qu\u1ea3n<\/td>\n<td>\u0110\u1ec3 n\u01a1i kh\u00f4 r\u00e1o, tho\u00e1ng m\u00e1t, tr\u00e1nh \u00e1nh n\u1eafng tr\u1ef1c ti\u1ebfp<\/td>\n<\/tr>\n<tr>\n<td>Kh\u1ed1i l\u01b0\u1ee3ng t\u1ecbnh<\/td>\n<td>3kg<\/td>\n<\/tr>\n<\/tbody>\n<\/table>\n<p><span style=\"font-weight: 400\">La Sicilia International Trading Ltd l\u00e0 c\u00f4ng ty n\u0103ng \u0111\u1ed9ng h\u00e0ng \u0111\u1ea7u v\u1ec1 s\u1ea3n xu\u1ea5t v\u00e0 xu\u1ea5t kh\u1ea9u th\u1ef1c ph\u1ea9m Italia \u0111i nhi\u1ec1u n\u01b0\u1edbc Ch\u00e2u \u00c1 v\u00e0 qu\u1ea3n tr\u1ecb ng\u00e0nh cung \u1ee9ng th\u1ef1c ph\u1ea9m theo ti\u00eau chu\u1ea9n Ch\u00e2u \u00c2u v\u1edbi t\u1ea7m nh\u00ecn d\u00e0i h\u1ea1n v\u1ec1 h\u1ee3p t\u00e1c kinh doanh.<\/span><\/p>\n<p><span style=\"font-weight: 400\">N\u1eb1m \u1edf t\u1ec9nh Napoli, v\u00f9ng Campania c\u1ee7a \u00dd, Spicy Sicilian \u0111\u01b0\u1ee3c th\u00e0nh l\u1eadp v\u00e0o n\u0103m 1883. Trong t\u1ea5t c\u1ea3 nh\u1eefng n\u0103m n\u00e0y, c\u00f4ng ty lu\u00f4n ch\u00fa \u00fd \u0111\u1eb7c bi\u1ec7t \u0111\u1ebfn nhu c\u1ea7u c\u1ee7a ng\u01b0\u1eddi ti\u00eau d\u00f9ng v\u00e0 v\u1ec1 ch\u1ea5t l\u01b0\u1ee3ng s\u1ea3n ph\u1ea9m. Nh\u1edd s\u1ef1 ch\u00fa \u00fd c\u1ee7a m\u00ecnh, qua h\u01a1n 100 n\u0103m \u0111\u1ed5i m\u1edbi v\u00e0 nghi\u00ean c\u1ee9u c\u00f4ng ngh\u1ec7, danh ti\u1ebfng c\u1ee7a c\u00f4ng ty \u0111\u00e3 \u0111\u1ea1t \u0111\u1ebfn m\u1ee9c r\u1ea5t cao kh\u00f4ng ch\u1ec9 \u1edf \u00dd m\u00e0 c\u00f2n tr\u00ean to\u00e0n ch\u00e2u \u00c2u.<\/span><\/p>\n<p><img fetchpriority=\"high\" decoding=\"async\" class=\"wp-image-19272 aligncenter\" src=\"https:\/\/havamall.com\/wp-content\/uploads\/2025\/09\/medium_null_C1Oj71svRk-300x300.jpg\" alt=\"\" width=\"675\" height=\"675\" \/><\/p>\n<p><span style=\"font-weight: 400\">Cho \u0111\u1ebfn nay, nh\u00e0 m\u00e1y c\u00f3 s\u1ea3n l\u01b0\u1ee3ng h\u00e0ng n\u0103m h\u01a1n 100 tri\u1ec7u t\u1ea5n m\u00ec \u1ed1ng, \u0111\u01b0\u1ee3c xu\u1ea5t kh\u1ea9u tr\u00ean to\u00e0n c\u1ea7u. S\u1ea3n ph\u1ea9m c\u1ee7a La Sicilia \u0111\u00e3 \u0111\u1ea1t nhi\u1ec1u ch\u1ee9ng nh\u1eadn qu\u1ed1c t\u1ebf nh\u01b0 HACCP, ISO 9002, BRC, KOSHER, HALAL v\u00e0 EMAS n\u00ean \u0111\u1ea3m b\u1ea3o v\u1ec1 ch\u1ea5t l\u01b0\u1ee3ng v\u1ec7 sinh an to\u00e0n th\u1ef1c ph\u1ea9m<\/span><\/p>\n<p><img decoding=\"async\" class=\"aligncenter\" src=\"https:\/\/havamall.com\/wp-content\/uploads\/2025\/09\/6e993a10c151d735d824cea60b02a03f.jpg\" alt=\"Food HD Wallpapers Backgrounds | Delicious pizza, Food wallpaper, Chicken pizza\" width=\"684\" height=\"385\" \/><\/p>\n<p>C\u00e0 Chua Xay Nhuy\u1ec5n C\u00f4 \u0110\u1eb7c La Sicilia 3kg \u0111\u01b0\u1ee3c s\u1ea3n xu\u1ea5t theo c\u00f4ng ngh\u1ec7 hi\u1ec7n \u0111\u1ea1i, m\u1ecdi kh\u00e2u t\u1eeb tuy\u1ec3n ch\u1ecdn nguy\u00ean li\u1ec7u t\u1edbi ch\u1ebf bi\u1ebfn, \u0111\u00f3ng bao b\u00ec \u0111\u1ec1u di\u1ec5n ra kh\u00e9p k\u00edn d\u01b0\u1edbi s\u1ef1 gi\u00e1m s\u00e1t v\u00e0 ki\u1ec3m tra nghi\u00eam ng\u1eb7t. S\u1ea3n ph\u1ea9m kh\u00f4ng ch\u1ee9a h\u00f3a ch\u1ea5t, ch\u1ea5t b\u1ea3o qu\u1ea3n \u0111\u1ed9c h\u1ea1i, \u0111\u1ea3m b\u1ea3o an to\u00e0n cho s\u1ee9c kh\u1ecfe ng\u01b0\u1eddi ti\u00eau d\u00f9ng. S\u1ea3n ph\u1ea9m c\u00f3 h\u01b0\u01a1ng v\u1ecb th\u01a1m ngon c\u1ee7a nh\u1eefng nguy\u00ean li\u1ec7u t\u1ef1 nhi\u00ean \u0111\u01b0\u1ee3c ch\u1ecdn l\u1ecdc k\u1ef9 c\u00e0ng.<\/p>\n<p><img decoding=\"async\" class=\"aligncenter\" src=\"https:\/\/havamall.com\/wp-content\/uploads\/2025\/09\/TOMATO-SAUCE-JAR.jpg\" alt=\"K\u1ebft qu\u1ea3 h\u00ecnh \u1ea3nh cho pizza sauce lasicilia 4.1kg\" width=\"688\" height=\"459\" \/><\/p>\n<p>S\u1ea3n ph\u1ea9m \u0111\u01b0\u1ee3c nh\u1eadp kh\u1ea9u t\u1eeb \u00dd, c\u00e1c s\u1ea3n ph\u1ea9m c\u1ee7a La Sicilia \u0111\u1ec1u \u0111\u1ea1t c\u00e1c ti\u00eau chu\u1ea9n kh\u1eaft khe v\u1ec1 ch\u1ea5t l\u01b0\u1ee3ng n\u00ean ng\u01b0\u1eddi ti\u00eau d\u00f9ng c\u00f3 th\u1ec3 ho\u00e0n to\u00e0n y\u00ean t\u00e2m l\u1ef1a ch\u1ecdn v\u00e0 s\u1eed d\u1ee5ng. S\u1ea3n ph\u1ea9m \u0111\u01b0\u1ee3c \u0111\u00f3ng h\u1ed9p ti\u1ec7n d\u1ee5ng cho b\u1ea1n s\u1eed d\u1ee5ng c\u0169ng nh\u01b0 b\u1ea3o qu\u1ea3n, v\u1ecf \u0111\u1ef1ng s\u1ea3n ph\u1ea9m l\u00e0m t\u1eeb nguy\u00ean li\u1ec7u s\u1ea1ch, kh\u00f4ng l\u1eabn t\u1ea1p ch\u1ea5t h\u00f3a h\u1ecdc \u0111\u1ed9c h\u1ea1i.<\/p>\n<p><img loading=\"lazy\" decoding=\"async\" class=\"aligncenter\" src=\"https:\/\/havamall.com\/wp-content\/uploads\/2025\/09\/Tomato-Sauce-On-Pizza.jpg\" alt=\"K\u1ebft qu\u1ea3 h\u00ecnh \u1ea3nh cho pizza sauce lasicilia 4.1kg\" width=\"684\" height=\"457\" \/><\/p>\n<p>C\u00e0 Chua Xay Nhuy\u1ec5n C\u00f4 \u0110\u1eb7c La Sicilia 3kg chuy\u00ean d\u00f9ng \u0111\u1ec3 ch\u1ebf bi\u1ebfn c\u00e1c lo\u1ea1i s\u1ed1t c\u00e0 chua cho c\u00e1c m\u00f3n m\u00ec \u00dd, n\u1ea5u s\u00fap, l\u00e0m c\u00e1c lo\u1ea1i s\u1ed1t, th\u1ecbt h\u1ea7m,\u2026 ho\u1eb7c ch\u1ebf bi\u1ebfn theo kh\u1ea9u v\u1ecb. S\u1ea3n ph\u1ea9m ch\u1ee9a ngu\u1ed3n dinh d\u01b0\u1ee1ng cao n\u00ean r\u1ea5t t\u1ed1t cho s\u1ee9c kh\u1ecfe ng\u01b0\u1eddi s\u1eed d\u1ee5ng, gi\u00fap b\u1ea1n ti\u1ebft ki\u1ec7m th\u1eddi gian trong kh\u00e2u s\u01a1 ch\u1ebf, ch\u1ebf bi\u1ebfn m\u00e0 v\u1eabn c\u00f3 \u0111\u01b0\u1ee3c m\u00f3n \u0103n h\u1ee3p kh\u1ea9u v\u1ecb, gi\u00e0u dinh d\u01b0\u1ee1ng.<\/p>\n<p><img loading=\"lazy\" decoding=\"async\" class=\"aligncenter\" src=\"https:\/\/havamall.com\/wp-content\/uploads\/2025\/09\/82e781011c425ff5ea46e8046dd5c174.jpg\" alt=\"K\u1ebft qu\u1ea3 h\u00ecnh \u1ea3nh cho pizza sauce lasicilia 4.1kg\" width=\"680\" height=\"511\" \/><\/p>\n<h2><strong>\u0110\u1eb7c \u0111i\u1ec3m n\u1ed5i b\u1eadt c\u1ee7a C\u00e0 Chua Xay Nhuy\u1ec5n C\u00f4 \u0110\u1eb7c La Sicilia 3kg<\/strong><\/h2>\n<p>C\u00e0 chua l\u00e0 nguy\u00ean li\u1ec7u quen thu\u1ed9c v\u1edbi c\u00e1c m\u00f3n \u0103n, v\u1edbi m\u00e0u \u0111\u1ecf t\u1ef1 nhi\u00ean c\u1ee7a h\u00e0m l\u01b0\u1ee3ng vitamin A trung b\u00ecnh 100g c\u00e0 chua ch\u00edn t\u01b0\u01a1i s\u1ebd \u0111\u00e1p \u1ee9ng \u0111\u01b0\u1ee3c 13% nhu c\u1ea7u h\u1eb1ng ng\u00e0y v\u1ec1 vitamin A, vitamin B6, vitamin C, ngo\u00e0i ra c\u00f2n c\u00f3 vitamin B1, B2 gi\u00fap ng\u0103n ng\u1eeba b\u1ec7nh qu\u00e1ng g\u00e0 v\u00e0 t\u0103ng th\u1ecb l\u1ef1c cho \u0111\u00f4i m\u1eaft c\u1ee7a b\u1ea1n.<\/p>\n<p><b>C\u00e0 chua l\u1ed9t v\u1ecf La Sicilia<\/b>\u00a0\u2013 v\u1edbi nh\u1eefng tr\u00e1i c\u00e0 chua to \u0111\u1ecf m\u1ecdng t\u1eeb \u0111\u1ea5t n\u01b0\u1edbc Italia. S\u1ebd r\u1ea5t nhanh ch\u00f3ng v\u00e0 ti\u1ec7n l\u1ee3i, ti\u1ebft ki\u1ec7m th\u1eddi gian t\u1ed1i \u0111a th\u1eddi gian khi v\u00e0o b\u1ebfp. Th\u00e0nh ph\u1ea7n 100% c\u00e0 chua nguy\u00ean ch\u1ea5t, mang tr\u1ecdn v\u1eb9n gi\u00e1 tr\u1ecb dinh d\u01b0\u1ee1ng t\u1eeb t\u1ef1 nhi\u00ean. S\u1ea3n ph\u1ea9m \u0111\u1ea1t ti\u00eau chu\u1ea9n v\u1ec7 sinh an to\u00e0n th\u1ef1c ph\u1ea9m c\u1ee7a b\u1ed9 Y t\u1ebf.<\/p>\n<p>V\u1edbi h\u01b0\u01a1ng v\u1ecb t\u1ef1 nhi\u00ean c\u1ee7a c\u00e0 chua nguy\u00ean ch\u1ea5t, c\u00e0 chua l\u1ed9t v\u1ecf c\u00f3 th\u1ec3 d\u00f9ng ch\u1ebf bi\u1ebfn \u0111\u01b0\u1ee3c nhi\u1ec1u m\u00f3n \u0103n, mang \u0111\u1ebfn h\u01b0\u01a1ng v\u1ecb \u0111\u1eadm \u0111\u00e0, th\u01a1m ngon. B\u00ean c\u1ea1nh l\u1ef1a ch\u1ecdn mua\u00a0<b>c\u00e0 chua l\u1ed9t v\u1ecf La Sicilia<\/b>\u00a0t\u1ea1i c\u00e1c si\u00eau th\u1ecb. Th\u00ec nhi\u1ec1u kh\u00e1ch h\u00e0ng c\u0169ng c\u00f3 th\u1ec3 t\u00ecm mua s\u1ea3n ph\u1ea9m x\u00e1ch tay t\u1eeb nhi\u1ec1u c\u00e1 nh\u00e2n \u0111\u0103ng b\u00e1n tr\u00ean c\u00e1c m\u1ea1ng x\u00e3 h\u1ed9i.<\/p>\n<h2><img loading=\"lazy\" decoding=\"async\" class=\"aligncenter\" src=\"https:\/\/havamall.com\/wp-content\/uploads\/2025\/09\/pizza-sauce.jpg\" alt=\"K\u1ebft qu\u1ea3 h\u00ecnh \u1ea3nh cho pizza sauce lasicilia 4.1kg\" width=\"689\" height=\"431\" \/><strong>H\u01b0\u1edbng d\u1eabn s\u1eed d\u1ee5ng :\u00a0 <\/strong><\/h2>\n<p><span style=\"font-weight: 400\">&#8211; D\u00f9ng \u0111\u1ec3 ch\u1ebf bi\u1ebfn c\u00e1c m\u00f3n Pizza<\/span><\/p>\n<p>&#8211; Ngo\u00e0i ra c\u00f2n c\u00f3 th\u1ec3 ch\u1ebf bi\u1ebfn c\u00e1c m\u00f3n \u0103n kh\u00e1c nh\u01b0 Spaghetti ho\u1eb7c nui<\/p>\n<p><img loading=\"lazy\" decoding=\"async\" class=\"aligncenter\" src=\"https:\/\/havamall.com\/wp-content\/uploads\/2025\/09\/chC3A1o-cC3A0-chua-cho-bC3A9-C483n-dE1BAB7m_3.png\" alt=\"K\u1ebft qu\u1ea3 h\u00ecnh \u1ea3nh cho pizza sauce lasicilia 4.1kg\" width=\"682\" height=\"384\" \/><\/p>\n<h2><strong>H\u01b0\u1edbng d\u1eabn b\u1ea3o qu\u1ea3n:<\/strong><\/h2>\n<p><span style=\"font-weight: 400\">B\u1ea3o qu\u1ea3n n\u01a1i kh\u00f4 r\u00e1o, tho\u00e1ng m\u00e1t, tr\u00e1nh \u00e1nh n\u1eafng tr\u1ef1c ti\u1ebfp<\/span><\/p>\n<p><span style=\"font-weight: 400\">Sau khi m\u1edf n\u1eafp n\u00ean b\u1ea3o qu\u1ea3n \u1edf ng\u0103n m\u00e1t t\u1ee7 l\u1ea1nh<\/span><\/p>\n<p><span style=\"font-weight: 400\">S\u1eed d\u1ee5ng t\u1ed1t nh\u1ea5t trong v\u00f2ng 1 th\u00e1ng sau khi m\u1edf n\u1eafp\u00a0<\/span><\/p>\n<p><span style=\"font-weight: 400\"><strong>L\u01b0u \u00fd<\/strong> : Kh\u00f4ng s\u1eed d\u1ee5ng khi s\u1ea3n ph\u1ea9m c\u00f3 d\u1ea5u hi\u1ec7u h\u01b0 h\u1ecfng<\/span><\/p>","protected":false},"excerpt":{"rendered":"<p><span style=\"font-weight: 400\">S\u1ed1t c\u00e0 chua d\u00e0nh cho La Sicilia 4.1kg l\u00e0 lo\u1ea1i s\u1ed1t chuy\u00ean d\u1ee5ng \u0111\u1ec3 n\u01b0\u1edbng b\u00e1nh pizza. S\u1ed1t\u00a0 Pizza kh\u00f4ng ch\u1ec9 d\u00f9ng cho pizza m\u00e0 c\u00f2n r\u1ea5t ti\u1ec7n d\u1ee5ng cho ch\u1ebf bi\u1ebfn spaghetti ho\u1eb7c c\u00e1c m\u00f3n \u0111\u00fat l\u00f2.<\/span><\/p>\n<p><span style=\"font-weight: 400\">Th\u00edch\u00a0 h\u1ee3p cho c\u00e1c nh\u00e0 h\u00e0ng, qu\u00e1n \u0103n ho\u1eb7c gia \u0111\u00ecnh th\u01b0\u1eddng t\u1ef1 ch\u1ebf bi\u1ebfn m\u00f3n Pizza ho\u1eb7c spaghetti t\u1ea1i nh\u00e0. Nh\u1eadp kh\u1ea9u ch\u00ednh h\u00e3ng t\u1eeb \u00dd,\u00a0 th\u00e0nh ph\u1ea7n an to\u00e0n cho s\u1ee9c kh\u1ecfe, \u0111\u00e3 \u0111\u01b0\u1ee3c ki\u1ec3m nghi\u1ec7m<\/span><\/p>\n<p>&nbsp;<\/p>","protected":false},"featured_media":31576,"comment_status":"open","ping_status":"closed","template":"","meta":[],"product_brand":[],"product_cat":[672,36,143],"product_tag":[],"class_list":{"0":"post-18196","1":"product","2":"type-product","3":"status-publish","4":"has-post-thumbnail","6":"product_cat-nhap-khau-y","7":"product_cat-thuc-pham-tieu-dung","8":"product_cat-thuc-pham-dong-hop","9":"pa_brand-lasicilia","11":"first","12":"outofstock","13":"sale","14":"shipping-taxable","15":"purchasable","16":"product-type-simple"},"_links":{"self":[{"href":"https:\/\/havamall.vn\/en\/wp-json\/wp\/v2\/product\/18196"}],"collection":[{"href":"https:\/\/havamall.vn\/en\/wp-json\/wp\/v2\/product"}],"about":[{"href":"https:\/\/havamall.vn\/en\/wp-json\/wp\/v2\/types\/product"}],"replies":[{"embeddable":true,"href":"https:\/\/havamall.vn\/en\/wp-json\/wp\/v2\/comments?post=18196"}],"version-history":[{"count":0,"href":"https:\/\/havamall.vn\/en\/wp-json\/wp\/v2\/product\/18196\/revisions"}],"wp:featuredmedia":[{"embeddable":true,"href":"https:\/\/havamall.vn\/en\/wp-json\/wp\/v2\/media\/31576"}],"wp:attachment":[{"href":"https:\/\/havamall.vn\/en\/wp-json\/wp\/v2\/media?parent=18196"}],"wp:term":[{"taxonomy":"product_brand","embeddable":true,"href":"https:\/\/havamall.vn\/en\/wp-json\/wp\/v2\/product_brand?post=18196"},{"taxonomy":"product_cat","embeddable":true,"href":"https:\/\/havamall.vn\/en\/wp-json\/wp\/v2\/product_cat?post=18196"},{"taxonomy":"product_tag","embeddable":true,"href":"https:\/\/havamall.vn\/en\/wp-json\/wp\/v2\/product_tag?post=18196"}],"curies":[{"name":"wp","href":"https:\/\/api.w.org\/{rel}","templated":true}]}}