{"id":18165,"date":"2021-02-03T17:03:08","date_gmt":"2021-02-03T10:03:08","guid":{"rendered":"https:\/\/havamall.vn\/?post_type=product&#038;p=18165"},"modified":"2021-09-15T09:14:12","modified_gmt":"2021-09-15T02:14:12","slug":"18165","status":"publish","type":"product","link":"https:\/\/havamall.vn\/en\/shop\/18165\/","title":{"rendered":"Kem H\u1ed9p Cremo Take Tropicana \u2013 Cremo Take Cream 1000ml"},"content":{"rendered":"<h4>\u0110\u1eb7c \u0111i\u1ec3m th\u01b0\u01a1ng hi\u1ec7u<\/h4>\n<p>Cremo Ice Cream l\u00e0 th\u01b0\u01a1ng hi\u1ec7u kem h\u00e0ng \u0111\u1ea7u Th\u00e1i Lan t\u1eeb n\u0103m 1979 tr\u1edf l\u1ea1i \u0111\u00e2y, ho\u1ea1t \u0111\u1ed9ng \u0111\u01b0\u1ee3c h\u01a1n 40 n\u0103m.<\/p>\n<p>S\u1ea3n ph\u1ea9m kem c\u1ee7a Cremo \u0111a d\u1ea1ng nh\u01b0 kem thanh, c\u1ed1c, x\u00f4 v\u00e0 h\u00ecnh n\u00f3n, t\u1ea5t c\u1ea3 \u0111\u1ec1u \u0111\u01b0\u1ee3c s\u1ea3n xu\u1ea5t v\u1edbi theo quy tr\u00ecnh ki\u1ec3m tra nghi\u00eam ng\u1eb7t, n\u00ean r\u1ea5t an to\u00e0n cho ng\u01b0\u1eddi s\u1eed d\u1ee5ng.<\/p>\n<p>Kem Cremo \u0111\u00e3 \u0111\u01b0\u1ee3c c\u00f4ng nh\u1eadn theo ti\u00eau chu\u1ea9n qu\u1ed1c t\u1ebf trong h\u01a1n 3 th\u1eadp k\u1ef7, bao g\u1ed3m Halal, GMP, HACCP v\u00e0 ISO22000, \u0111\u1ea3m b\u1ea3o r\u1eb1ng c\u00e1c s\u1ea3n ph\u1ea9m \u0111\u01b0\u1ee3c s\u1ea3n xu\u1ea5t c\u00f3 ch\u1ea5t l\u01b0\u1ee3ng an to\u00e0n v\u00e0 \u0111\u00e1ng tin c\u1eady.<\/p>\n<p><img fetchpriority=\"high\" decoding=\"async\" class=\"aligncenter\" src=\"https:\/\/havamall.vn\/wp-content\/uploads\/2021\/02\/Cremo2020.jpg\" alt=\"Cremo Ice Cream \u2013 The Taste of Happiness - MVO Marketing - Ice Cream Supplier Singapore\" width=\"689\" height=\"222\" \/><\/p>\n<h4>Th\u00f4ng tin s\u1ea3n ph\u1ea9m<\/h4>\n<p>\u2013 Th\u01b0\u01a1ng hi\u1ec7u: Cremo<\/p>\n<p>\u2013 Xu\u1ea5t x\u1ee9: Th\u00e1i Lan<\/p>\n<p>\u2013 Th\u00e0nh ph\u1ea7n: N\u01b0\u1edbc, tropicana, \u0111\u01b0\u1eddng, b\u1ed9t whey (ch\u1ee9a s\u1eefa), s\u01b0\u0303a t\u01b0\u01a1i, s\u01b0\u0303a b\u1ecd\u0302t, kem t\u01b0\u01a1i, b\u01a1, \u0111\u01b0\u1eddng,&#8230;<\/p>\n<p>\u2013 Quy c\u00e1ch \u0111\u00f3ng g\u00f3i: 1000ml<\/p>\n<p>\u2013 H\u1ea1n s\u1eed d\u1ee5ng: Xem tr\u00ean bao b\u00ec<\/p>\n<p><img decoding=\"async\" class=\"aligncenter\" src=\"https:\/\/havamall.vn\/wp-content\/uploads\/2021\/02\/cremo_ice_cream_tropicana_6l.jpg\" alt=\"Cremo Ice Cream Tropicana 6L - Ice Cream Supplier Singapore\" width=\"684\" height=\"684\" \/><\/p>\n<h4>\u0110\u1eb7c \u0111i\u1ec3m s\u1ea3n ph\u1ea9m<\/h4>\n<p>Kem l\u00e0 m\u1ed9t m\u00f3n \u0103n kho\u00e1i kh\u1ea9u c\u1ee7a t\u1ea5t c\u1ea3 m\u1ecdi ng\u01b0\u1eddi v\u00e0o nh\u1eefng ng\u00e0y h\u00e8 n\u00f3ng b\u1ee9c m\u00e0 ngay c\u1ea3 v\u00e0o nh\u1eefng ng\u00e0y l\u1ea1nh c\u0169ng c\u00f3 r\u1ea5t nhi\u1ec1u ng\u01b0\u1eddi th\u00edch \u0103n kem. Do \u0111\u00f3, kem c\u00e0ng ng\u00e0y kem c\u00e0ng tr\u1edf n\u00ean phong ph\u00fa t\u1eeb h\u00ecnh d\u00e1ng, m\u00e0u s\u1eafc t\u1edbi nguy\u00ean li\u1ec7u.<\/p>\n<p>Kem H\u1ed9p Cremo Take Tropicana t\u1eeb c\u00e1c nguy\u00ean li\u1ec7u \u0111\u1ec1u \u0111\u01b0\u1ee3c ch\u1ecdn l\u1ecdc v\u00e0 ki\u1ec3m tra nghi\u00eam ng\u1eb7t v\u1ec1 ch\u1ea5t l\u01b0\u1ee3ng, mang l\u1ea1i s\u1ef1 tin c\u1eady cho ng\u01b0\u1eddi ti\u00eau d\u00f9ng.<\/p>\n<p><img decoding=\"async\" class=\"aligncenter\" src=\"https:\/\/havamall.vn\/wp-content\/uploads\/2021\/02\/MGOscoop_tropicana-hi.png\" alt=\"Classic \u2013 Tropicana\" \/><\/p>\n<p>Kem Cremo take Tropicana gi\u00fap cung c\u1ea5p n\u0103ng l\u01b0\u1ee3ng, vitamin, d\u01b0\u1ee1ng ch\u1ea5t c\u1ea7n thi\u1ebft cho c\u00e1c ho\u1ea1t \u0111\u1ed9ng h\u00e0ng ng\u00e0y, v\u1edbi h\u01b0\u01a1ng v\u1ecb m\u00e1t l\u1ea1nh c\u1ee7a kem mang l\u1ea1i cho b\u1ea1n c\u1ea3m gi\u00e1c th\u1eadt s\u1ea3ng kho\u00e1i m\u1ed7i khi th\u01b0\u1edfng th\u1ee9c. S\u1ea3n ph\u1ea9m k\u1ebft h\u1ee3p \u0111\u1ed9c \u0111\u00e1o gi\u1eefa c\u00f4ng th\u1ee9c truy\u1ec1n th\u1ed1ng v\u00e0 quy tr\u00ecnh ch\u1ebf bi\u1ebfn hi\u1ec7n \u0111\u1ea1i \u0111em l\u1ea1i ch\u1ea5t l\u01b0\u1ee3ng t\u1ed1t nh\u1ea5t.<\/p>\n<p>Kem Tropicana \u0111\u01b0\u1ee3c s\u1ea3n xu\u1ea5t theo d\u00e2y chuy\u1ec1n c\u00f4ng ngh\u1ec7 hi\u1ec7n \u0111\u1ea1i c\u1ee7a Th\u00e1i Lan v\u1edbi quy tr\u00ecnh ki\u1ec3m \u0111\u1ecbnh ch\u1ea5t l\u01b0\u1ee3ng nghi\u00eam ng\u1eb7t.<\/p>\n<p>Kem cremo take Tropicana \u0111\u01b0\u1ee3c thi\u1ebft k\u1ebf v\u00e0 \u0111\u00f3ng g\u00f3i nh\u1ecf g\u1ecdn, ti\u1ec7n l\u1ee3i cho b\u1ea1n s\u1eed d\u1ee5ng c\u0169ng nh\u01b0 b\u1ea3o qu\u1ea3n.<\/p>\n<p><img decoding=\"async\" class=\"aligncenter\" src=\"https:\/\/havamall.vn\/wp-content\/uploads\/2021\/02\/cach-lam-kem-trai-cay-tuoi-1.jpg\" alt=\"Ngon m\u00ea ly v\u1edbi c\u00e1ch l\u00e0m kem tr\u00e1i c\u00e2y t\u01b0\u01a1i ki\u1ec3u m\u1edbi\" width=\"684\" height=\"453\" \/><\/p>\n<p>\u0110\u1ed1i v\u1edbi s\u1ea3n ph\u1ea9m Kem H\u1ed9p Cremo Take, Havamall hi\u1ec7n \u0111ang c\u00f3 6 h\u01b0\u01a1ng v\u1ecb:<\/p>\n<p>&#8211; Tropicana<\/p>\n<p>&#8211; Vanilla<\/p>\n<p>&#8211; Chocolate<\/p>\n<p>&#8211; Chocolate Chip<\/p>\n<p>&#8211; Coconuct<\/p>\n<p>&#8211; Yam Taro<\/p>\n<p>C\u00e1c b\u1ea1n h\u00e3y ch\u1ecdn h\u01b0\u01a1ng v\u1ecb m\u00e0 m\u00ecnh y\u00eau th\u00edch nh\u1ea5t nh\u00e9.<\/p>","protected":false},"excerpt":{"rendered":"<p>Kem Cremo take Tropicana gi\u00fap cung c\u1ea5p n\u0103ng l\u01b0\u1ee3ng, vitamin, d\u01b0\u1ee1ng ch\u1ea5t c\u1ea7n thi\u1ebft cho c\u00e1c ho\u1ea1t \u0111\u1ed9ng h\u00e0ng ng\u00e0y, v\u1edbi h\u01b0\u01a1ng v\u1ecb m\u00e1t l\u1ea1nh c\u1ee7a kem mang l\u1ea1i cho b\u1ea1n c\u1ea3m gi\u00e1c th\u1eadt s\u1ea3ng kho\u00e1i m\u1ed7i khi th\u01b0\u1edfng th\u1ee9c. S\u1ea3n ph\u1ea9m k\u1ebft h\u1ee3p \u0111\u1ed9c \u0111\u00e1o gi\u1eefa c\u00f4ng th\u1ee9c truy\u1ec1n th\u1ed1ng v\u00e0 quy tr\u00ecnh ch\u1ebf bi\u1ebfn hi\u1ec7n \u0111\u1ea1i \u0111em l\u1ea1i ch\u1ea5t l\u01b0\u1ee3ng t\u1ed1t nh\u1ea5t.<\/p>\n<p>Kem Tropicana \u0111\u01b0\u1ee3c s\u1ea3n xu\u1ea5t theo d\u00e2y chuy\u1ec1n c\u00f4ng ngh\u1ec7 hi\u1ec7n \u0111\u1ea1i c\u1ee7a Th\u00e1i Lan v\u1edbi quy tr\u00ecnh ki\u1ec3m \u0111\u1ecbnh ch\u1ea5t l\u01b0\u1ee3ng nghi\u00eam ng\u1eb7t.<\/p>\n<p>Kem cremo take Tropicana \u0111\u01b0\u1ee3c thi\u1ebft k\u1ebf v\u00e0 \u0111\u00f3ng g\u00f3i nh\u1ecf g\u1ecdn, ti\u1ec7n l\u1ee3i cho b\u1ea1n s\u1eed d\u1ee5ng c\u0169ng nh\u01b0 b\u1ea3o qu\u1ea3n.<\/p>","protected":false},"featured_media":18212,"comment_status":"open","ping_status":"closed","template":"","meta":[],"product_brand":[],"product_cat":[275,36,143],"product_tag":[],"class_list":{"0":"post-18165","1":"product","2":"type-product","3":"status-publish","4":"has-post-thumbnail","6":"product_cat-thuc-pham-dong-lanh","7":"product_cat-thuc-pham-tieu-dung","8":"product_cat-thuc-pham-dong-hop","10":"first","11":"outofstock","12":"sale","13":"shipping-taxable","14":"purchasable","15":"product-type-simple"},"_links":{"self":[{"href":"https:\/\/havamall.vn\/en\/wp-json\/wp\/v2\/product\/18165"}],"collection":[{"href":"https:\/\/havamall.vn\/en\/wp-json\/wp\/v2\/product"}],"about":[{"href":"https:\/\/havamall.vn\/en\/wp-json\/wp\/v2\/types\/product"}],"replies":[{"embeddable":true,"href":"https:\/\/havamall.vn\/en\/wp-json\/wp\/v2\/comments?post=18165"}],"version-history":[{"count":0,"href":"https:\/\/havamall.vn\/en\/wp-json\/wp\/v2\/product\/18165\/revisions"}],"wp:featuredmedia":[{"embeddable":true,"href":"https:\/\/havamall.vn\/en\/wp-json\/wp\/v2\/media\/18212"}],"wp:attachment":[{"href":"https:\/\/havamall.vn\/en\/wp-json\/wp\/v2\/media?parent=18165"}],"wp:term":[{"taxonomy":"product_brand","embeddable":true,"href":"https:\/\/havamall.vn\/en\/wp-json\/wp\/v2\/product_brand?post=18165"},{"taxonomy":"product_cat","embeddable":true,"href":"https:\/\/havamall.vn\/en\/wp-json\/wp\/v2\/product_cat?post=18165"},{"taxonomy":"product_tag","embeddable":true,"href":"https:\/\/havamall.vn\/en\/wp-json\/wp\/v2\/product_tag?post=18165"}],"curies":[{"name":"wp","href":"https:\/\/api.w.org\/{rel}","templated":true}]}}