{"id":18108,"date":"2021-02-02T14:27:44","date_gmt":"2021-02-02T07:27:44","guid":{"rendered":"https:\/\/havamall.vn\/?post_type=product&#038;p=18108"},"modified":"2021-06-02T15:49:21","modified_gmt":"2021-06-02T08:49:21","slug":"18108","status":"publish","type":"product","link":"https:\/\/havamall.vn\/en\/shop\/18108\/","title":{"rendered":"B\u00e1nh Funwari V\u1ecb Tr\u00e0 Xanh-Matcha Cake Deli Foods 72g"},"content":{"rendered":"<p>Th\u01b0\u01a1ng hi\u1ec7u Deli Foods \u0111\u01b0\u1ee3c t\u1ea1o ra v\u1edbi kh\u00e1t v\u1ecdng\u00a0s\u1ebd cung c\u1ea5p nh\u1eefng s\u1ea3n ph\u1ea9m an to\u00e0n, ch\u1ea5t l\u01b0\u1ee3ng, mang h\u01b0\u01a1ng v\u1ecb ri\u00eang \u0111\u1ebfn kh\u00e1ch h\u00e0ng.\u00a0Deli Foods\u00a0<span class=\"_3K3h1\">chuy\u00ean cung c\u1ea5p th\u1ef1c ph\u1ea9m, m\u00f3n \u0103n, \u0111\u1ed3 u\u1ed1ng tr\u00e0 cafe, b\u00e1nh m\u1ee9t k\u1eb9o nh\u1eadp kh\u1ea9u, ngon ch\u1ea5t, organic, an to\u00e0n, ngu\u1ed3n g\u1ed1c \u0111\u1ea3m b\u1ea3o cho c\u00e1c gia \u0111\u00ecnh.<\/span><\/p>\n<p><img fetchpriority=\"high\" decoding=\"async\" class=\"aligncenter\" src=\"https:\/\/havamall.vn\/wp-content\/uploads\/2021\/02\/1.png\" alt=\"\u6b63\u54c1\u8fdb\u53e3\u96f6\u98df\u8d8a\u535772g \u7f8e\u5473\u65e5\u5fd7\u5939\u5fc3\u86cb\u7cd5\u76d0\u9999\u8349\u5473\u62b9\u8336\/\u7eff\u8336\u7f8e\u5473\u65e9\u9910\u70b9\u5fc3\u745e\u58eb\u5377\u4f11\u95f2\u98df\u54c1\" width=\"534\" height=\"534\" \/><\/p>\n<p><span style=\"font-weight: 400\">B\u00e1nh Matcha Cake \u0111\u01b0\u1ee3c l\u00e0m t\u1eeb nh\u1eefng th\u00e0nh ph\u1ea7n nguy\u00ean li\u1ec7u gi\u00e0u ch\u1ea5t dinh d\u01b0\u1ee1ng, t\u1ea1o n\u00ean m\u00f3n b\u00e1nh th\u01a1m ngon, b\u00e9o ng\u1eady, cung c\u1ea5p ngu\u1ed3n n\u0103ng l\u01b0\u1ee3ng d\u1ed3i d\u00e0o cho c\u01a1 th\u1ec3. B\u00e1nh \u0111\u01b0\u1ee3c s\u1ea3n xu\u1ea5t theo quy tr\u00ecnh c\u00f4ng ngh\u1ec7 hi\u1ec7n \u0111\u1ea1i, \u0111\u1ea3m b\u1ea3o v\u1ec7 sinh an to\u00e0n th\u1ef1c ph\u1ea9m.<\/span><\/p>\n<p><img decoding=\"async\" class=\"wp-image-19311 aligncenter\" src=\"https:\/\/havamall.vn\/wp-content\/uploads\/2021\/02\/unnamed-19-300x199.jpg\" alt=\"\" width=\"525\" height=\"348\" srcset=\"https:\/\/havamall.vn\/wp-content\/uploads\/2021\/02\/unnamed-19-300x199.jpg 300w, https:\/\/havamall.vn\/wp-content\/uploads\/2021\/02\/unnamed-19-430x285.jpg 430w, https:\/\/havamall.vn\/wp-content\/uploads\/2021\/02\/unnamed-19-150x99.jpg 150w, https:\/\/havamall.vn\/wp-content\/uploads\/2021\/02\/unnamed-19.jpg 512w\" sizes=\"(max-width: 525px) 100vw, 525px\" \/><\/p>\n<p><span style=\"font-weight: 400\">Thi\u1ebft k\u1ebf h\u1ed9p qu\u00e0 g\u1ecdn g\u00e0ng, sang tr\u1ecdng. D\u1ec5 d\u00e0ng g\u1eedi t\u1eb7ng ng\u01b0\u1eddi th\u00e2n b\u1ea1n b\u00e8 trong d\u1ecbp T\u1ebft \u0111\u1ebfn xu\u00e2n v\u1ec1.<\/span><span style=\"font-weight: 400\">\u00a0Th\u00e0nh ph\u1ea7n c\u00f3 trong b\u00e1nh gi\u00fap cung c\u1ea5p ngu\u1ed3n n\u0103ng l\u01b0\u1ee3ng, c\u00e1c vitamin c\u1ea7n thi\u1ebft cho c\u01a1 th\u1ec3. S\u1ea3n ph\u1ea9m th\u00edch h\u1ee3p cho b\u1eefa s\u00e1ng hay b\u1eefa \u0103n nh\u1eb9 sau gi\u1edd l\u00e0m vi\u1ec7c, h\u1ecdc t\u1eadp k\u00e9o d\u00e0i. <\/span><\/p>\n<p><span style=\"font-weight: 400\">B\u00e1nh b\u00f4ng lan k\u1eb9p \u0111\u00f3ng h\u1ed9p g\u1ed3m 4 chi\u1ebfc b\u00e1nh nh\u1ecf m\u1ec1m m\u1ea1i d\u1ec5 mang theo khi \u0111i h\u1ecdc, \u0111i l\u00e0m, ph\u00f9 h\u1ee3p l\u00e0m qu\u00e0 bi\u1ebfu, t\u1eb7ng b\u1ea1n b\u00e8, ng\u01b0\u1eddi th\u00e2n trong nh\u1eefng d\u1ecbp \u0111\u1eb7c bi\u1ec7t.<\/span><\/p>\n<p><img decoding=\"async\" class=\"wp-image-18122 aligncenter\" src=\"https:\/\/havamall.vn\/wp-content\/uploads\/2021\/02\/495e3f1e8-2-300x199.jpg\" alt=\"\" width=\"530\" height=\"351\" srcset=\"https:\/\/havamall.vn\/wp-content\/uploads\/2021\/02\/495e3f1e8-2-300x199.jpg 300w, https:\/\/havamall.vn\/wp-content\/uploads\/2021\/02\/495e3f1e8-2-430x285.jpg 430w, https:\/\/havamall.vn\/wp-content\/uploads\/2021\/02\/495e3f1e8-2-150x99.jpg 150w, https:\/\/havamall.vn\/wp-content\/uploads\/2021\/02\/495e3f1e8-2-700x464.jpg 700w, https:\/\/havamall.vn\/wp-content\/uploads\/2021\/02\/495e3f1e8-2-600x398.jpg 600w, https:\/\/havamall.vn\/wp-content\/uploads\/2021\/02\/495e3f1e8-2.jpg 750w\" sizes=\"(max-width: 530px) 100vw, 530px\" \/><\/p>\n<p>Funwari trong ti\u1ebfng Nh\u1eadt ngh\u0129a l\u00e0 s\u1ef1 m\u1ec1m m\u1ea1i. B\u1ea1n s\u1ebd c\u1ea3m nh\u1eadn r\u00f5 nh\u1ea5t \u00fd ng\u0129a c\u1ee7a c\u00f3 khi th\u01b0\u1edfng th\u1ee9c chi\u1ebfc b\u00e1nh n\u00e0y. <span style=\"font-weight: 400\">B\u00e1nh Funwari Tr\u00e0 Xanh v\u1edbi v\u1ecf\u00a0<\/span>b\u00e1nh b\u00f4ng lan b\u00ean ngo\u00e0i h\u00f2a quy\u1ec7n v\u1edbi nh\u00e2n kem matcha b\u00ean trong n\u1ed5i ti\u1ebfng v\u00ec s\u1ef1 m\u1ec1m m\u1ea1i ho\u00e0n h\u1ea3o. B\u00e1nh n\u01b0\u1edbng nh\u01b0ng v\u1eabn gi\u1eef \u0111\u01b0\u1ee3c \u0111\u1ed9 \u1ea9m v\u00e0 s\u1ef1 m\u1ec1m m\u1ea1i c\u1ee7a b\u00e1nh s\u1ebd khi\u1ebfn cho b\u1ea5t c\u1ee9 t\u00edn \u0111\u1ed3 h\u1ea3o ng\u1ecdt n\u00e0o c\u0169ng kh\u00f3 c\u00f3 th\u1ec3 ki\u1ec1m l\u00f2ng \u0111\u01b0\u1ee3c.<\/p>\n<p>B\u00e1nh kem b\u00f4ng lan <span style=\"font-weight: 400\">Funwari\u00a0<\/span>tr\u00e0 xanh l\u00e0 m\u1ed9t\u00a0m\u00f3n b\u00e1nh\u00a0r\u1ea5t \u0111\u01b0\u1ee3c y\u00eau th\u00edch b\u1edfi gi\u1edbi tr\u1ebb v\u00e0 nh\u1eefng t\u00edn \u0111\u1ed3 matcha v\u1edbi h\u01b0\u01a1ng tr\u00e0 xanh \u0111\u1eadm \u0111\u00e0 thanh m\u00e1t. H\u01b0\u01a1ng v\u1ecb c\u1ee7a b\u00e1nh\u00a0<span style=\"font-weight: 400\">Funwari <\/span> tr\u00e0 xanh v\u00f4 c\u00f9ng tinh t\u1ebf v\u00e0 ho\u00e0n h\u1ea3o h\u01a1n khi b\u1ea1n th\u01b0\u1edfng th\u1ee9c c\u00f9ng m\u1ed9t t\u00e1ch tr\u00e0 xanh n\u00f3ng.<\/p>\n<p><img loading=\"lazy\" decoding=\"async\" class=\"wp-image-19309 aligncenter\" src=\"https:\/\/havamall.vn\/wp-content\/uploads\/2021\/02\/74ea7abc96b345c7a420cc913dbbe498-300x200.jpg\" alt=\"\" width=\"543\" height=\"362\" srcset=\"https:\/\/havamall.vn\/wp-content\/uploads\/2021\/02\/74ea7abc96b345c7a420cc913dbbe498-300x200.jpg 300w, https:\/\/havamall.vn\/wp-content\/uploads\/2021\/02\/74ea7abc96b345c7a420cc913dbbe498-430x287.jpg 430w, https:\/\/havamall.vn\/wp-content\/uploads\/2021\/02\/74ea7abc96b345c7a420cc913dbbe498-150x100.jpg 150w, https:\/\/havamall.vn\/wp-content\/uploads\/2021\/02\/74ea7abc96b345c7a420cc913dbbe498-700x467.jpg 700w, https:\/\/havamall.vn\/wp-content\/uploads\/2021\/02\/74ea7abc96b345c7a420cc913dbbe498-600x400.jpg 600w, https:\/\/havamall.vn\/wp-content\/uploads\/2021\/02\/74ea7abc96b345c7a420cc913dbbe498.jpg 750w\" sizes=\"(max-width: 543px) 100vw, 543px\" \/><\/p>\n<p><span style=\"font-weight: 400\">B\u00e1nh Matcha Cake k\u00edch th\u00edch v\u1ecb gi\u00e1c, \u0111em l\u1ea1i m\u00f3n b\u00e1nh tr\u00e1ng mi\u1ec7ng tuy\u1ec7t h\u1ea3o cho b\u1ea1n v\u00e0 gia \u0111\u00ecnh. \u0110\u01b0\u1ee3c s\u1ea3n xu\u1ea5t tr\u00ean d\u00e2y chuy\u1ec1n c\u00f4ng ngh\u1ec7 hi\u1ec7n \u0111\u1ea1i, \u0111\u1ea3m b\u1ea3o an to\u00e0n cho ng\u01b0\u1eddi s\u1eed d\u1ee5ng.<\/span><\/p>\n<p><span style=\"font-weight: 400\">B\u00e1nh c\u00f3 th\u00e0nh ph\u1ea7n nguy\u00ean li\u1ec7u \u0111\u01b0\u1ee3c l\u1ef1a ch\u1ecdn k\u1ef9 l\u01b0\u1ee1ng, kh\u00f4ng ch\u1ee9a h\u00f3a ch\u1ea5t \u0111\u1ed9c h\u1ea1i, an to\u00e0n cho ng\u01b0\u1eddi d\u00f9ng.<\/span><\/p>\n<p><span style=\"font-weight: 400\">S\u1ea3n ph\u1ea9m \u0111\u01b0\u1ee3c s\u1ea3n xu\u1ea5t tr\u00ean quy tr\u00ecnh c\u00f4ng ngh\u1ec7 hi\u1ec7n \u0111\u1ea1i, \u0111\u01b0\u1ee3c ki\u1ec3m duy\u1ec7t ch\u1eb7t ch\u1ebd, \u0111\u1ea3m b\u1ea3o ch\u1ea5t l\u01b0\u1ee3ng v\u00e0 \u0111\u00e2y c\u00f2n l\u00e0 s\u1ea3n ph\u1ea9m \u0111\u01b0\u1ee3c \u01b0a chu\u1ed9ng tr\u00ean th\u1ecb tr\u01b0\u1eddng.<\/span><\/p>\n<p><img loading=\"lazy\" decoding=\"async\" class=\"wp-image-18123 aligncenter\" src=\"https:\/\/havamall.vn\/wp-content\/uploads\/2021\/02\/matcha-300x202.jpg\" alt=\"\" width=\"533\" height=\"359\" srcset=\"https:\/\/havamall.vn\/wp-content\/uploads\/2021\/02\/matcha-300x202.jpg 300w, https:\/\/havamall.vn\/wp-content\/uploads\/2021\/02\/matcha-430x289.jpg 430w, https:\/\/havamall.vn\/wp-content\/uploads\/2021\/02\/matcha-150x101.jpg 150w, https:\/\/havamall.vn\/wp-content\/uploads\/2021\/02\/matcha-700x471.jpg 700w, https:\/\/havamall.vn\/wp-content\/uploads\/2021\/02\/matcha-768x516.jpg 768w, https:\/\/havamall.vn\/wp-content\/uploads\/2021\/02\/matcha-1024x689.jpg 1024w, https:\/\/havamall.vn\/wp-content\/uploads\/2021\/02\/matcha-600x403.jpg 600w, https:\/\/havamall.vn\/wp-content\/uploads\/2021\/02\/matcha.jpg 1160w\" sizes=\"(max-width: 533px) 100vw, 533px\" \/><\/p>\n<p><span style=\"font-weight: 400\">B\u00e1nh th\u01b0\u1eddng \u0111\u01b0\u1ee3c d\u00f9ng trong b\u1eefa s\u00e1ng ho\u1eb7c b\u1eefa \u0103n nh\u1eb9 \u0111\u1ec3 b\u1ed5 sung dinh d\u01b0\u1ee1ng, gi\u00fap c\u01a1 th\u1ec3 lu\u00f4n s\u1eb5n s\u00e0ng n\u0103ng l\u01b0\u1ee3ng cho c\u00e1c ho\u1ea1t \u0111\u1ed9ng h\u00e0ng ng\u00e0y.<\/span><\/p>\n<p><span style=\"font-weight: 400\">S\u1ea3n ph\u1ea9m \u0111\u00f3ng g\u00f3i ti\u1ec7n d\u1ee5ng, d\u1ec5 b\u1ea3o qu\u1ea3n v\u00e0 \u0111em theo cho nh\u1eefng chuy\u1ebfn d\u00e3 ngo\u1ea1i c\u00f9ng b\u1ea1n b\u00e8 v\u00e0 ng\u01b0\u1eddi th\u00e2n.<\/span><\/p>\n<p><img loading=\"lazy\" decoding=\"async\" class=\"wp-image-19310 aligncenter\" src=\"https:\/\/havamall.vn\/wp-content\/uploads\/2021\/02\/3138268889_1475151554-300x300.jpg\" alt=\"\" width=\"531\" height=\"531\" srcset=\"https:\/\/havamall.vn\/wp-content\/uploads\/2021\/02\/3138268889_1475151554-300x300.jpg 300w, https:\/\/havamall.vn\/wp-content\/uploads\/2021\/02\/3138268889_1475151554-430x430.jpg 430w, https:\/\/havamall.vn\/wp-content\/uploads\/2021\/02\/3138268889_1475151554-150x150.jpg 150w, https:\/\/havamall.vn\/wp-content\/uploads\/2021\/02\/3138268889_1475151554-100x100.jpg 100w, https:\/\/havamall.vn\/wp-content\/uploads\/2021\/02\/3138268889_1475151554.jpg 500w\" sizes=\"(max-width: 531px) 100vw, 531px\" \/><\/p>\n<p><strong>Th\u00e0nh ph\u1ea7n:<\/strong><\/p>\n<p>&#8211; B\u1ed9t M\u00ec<\/p>\n<p>&#8211; \u0110\u01b0\u1eddng<\/p>\n<p>&#8211; Ch\u1ea5t b\u00e9o th\u1ef1c v\u1eadt<\/p>\n<p>&#8211; M\u1ea1ch nha<\/p>\n<p>&#8211; Tr\u1ee9ng g\u00e0<\/p>\n<p>&#8211; B\u1ed9t s\u1eefa b\u00e9o<\/p>\n<p>&#8211; Tr\u00e0 Xanh<\/p>\n<p><img loading=\"lazy\" decoding=\"async\" class=\"wp-image-18125 aligncenter\" src=\"https:\/\/havamall.vn\/wp-content\/uploads\/2021\/02\/matcha2-300x199.png\" alt=\"\" width=\"533\" height=\"354\" srcset=\"https:\/\/havamall.vn\/wp-content\/uploads\/2021\/02\/matcha2-300x199.png 300w, https:\/\/havamall.vn\/wp-content\/uploads\/2021\/02\/matcha2-430x285.png 430w, https:\/\/havamall.vn\/wp-content\/uploads\/2021\/02\/matcha2-150x99.png 150w, https:\/\/havamall.vn\/wp-content\/uploads\/2021\/02\/matcha2-700x464.png 700w, https:\/\/havamall.vn\/wp-content\/uploads\/2021\/02\/matcha2-768x509.png 768w, https:\/\/havamall.vn\/wp-content\/uploads\/2021\/02\/matcha2-1024x679.png 1024w, https:\/\/havamall.vn\/wp-content\/uploads\/2021\/02\/matcha2-1200x795.png 1200w, https:\/\/havamall.vn\/wp-content\/uploads\/2021\/02\/matcha2-600x398.png 600w, https:\/\/havamall.vn\/wp-content\/uploads\/2021\/02\/matcha2.png 1207w\" sizes=\"(max-width: 533px) 100vw, 533px\" \/><\/p>\n<p><strong>H\u01b0\u01a1\u0301ng d\u00e2\u0303n s\u01b0\u0309 du\u0323ng:\u00a0<\/strong><\/p>\n<p><span style=\"font-weight: 400\">Du\u0300ng ngay sau khi m\u01a1\u0309 ba\u0301nh.<\/span><\/p>\n<p><strong>B\u1ea3o qu\u1ea3n:\u00a0<\/strong><\/p>\n<p><span style=\"font-weight: 400\">N\u01a1i kh\u00f4 ra\u0301o, thoa\u0301ng ma\u0301t.<\/span><\/p>\n<p><span style=\"font-weight: 400\">Tra\u0301nh a\u0301nh n\u0103\u0301ng tr\u01b0\u0323c ti\u00ea\u0301p va\u0300 nhi\u00ea\u0323t \u0111\u00f4\u0323 cao.<\/span><\/p>\n<p>S\u1ea3n ph\u1ea9m hi\u1ec7n \u0111\u00e3 c\u00f3 m\u1eb7t t\u1ea1i Havamall.<\/p>","protected":false},"excerpt":{"rendered":"<p><span style=\"font-weight: 400\">B\u00e1nh Matcha Cake k\u00edch th\u00edch v\u1ecb gi\u00e1c, \u0111em l\u1ea1i m\u00f3n b\u00e1nh tr\u00e1ng mi\u1ec7ng tuy\u1ec7t h\u1ea3o cho b\u1ea1n v\u00e0 gia \u0111\u00ecnh. \u0110\u01b0\u1ee3c s\u1ea3n xu\u1ea5t tr\u00ean d\u00e2y chuy\u1ec1n c\u00f4ng ngh\u1ec7 hi\u1ec7n \u0111\u1ea1i, \u0111\u1ea3m b\u1ea3o an to\u00e0n cho ng\u01b0\u1eddi s\u1eed d\u1ee5ng.<br \/>\n<\/span><span style=\"font-weight: 400\">B\u00e1nh c\u00f3 th\u00e0nh ph\u1ea7n nguy\u00ean li\u1ec7u \u0111\u01b0\u1ee3c l\u1ef1a ch\u1ecdn k\u1ef9 l\u01b0\u1ee1ng, kh\u00f4ng ch\u1ee9a h\u00f3a ch\u1ea5t \u0111\u1ed9c h\u1ea1i, an to\u00e0n cho ng\u01b0\u1eddi d\u00f9ng.<br \/>\n<\/span><span style=\"font-weight: 400\">S\u1ea3n ph\u1ea9m \u0111\u01b0\u1ee3c s\u1ea3n xu\u1ea5t tr\u00ean quy tr\u00ecnh c\u00f4ng ngh\u1ec7 hi\u1ec7n \u0111\u1ea1i, \u0111\u01b0\u1ee3c ki\u1ec3m duy\u1ec7t ch\u1eb7t ch\u1ebd, \u0111\u1ea3m b\u1ea3o ch\u1ea5t l\u01b0\u1ee3ng v\u00e0 \u0111\u00e2y c\u00f2n l\u00e0 s\u1ea3n ph\u1ea9m \u0111\u01b0\u1ee3c \u01b0a chu\u1ed9ng tr\u00ean th\u1ecb tr\u01b0\u1eddng.<br \/>\n<\/span><span style=\"font-weight: 400\">B\u00e1nh th\u01b0\u1eddng \u0111\u01b0\u1ee3c d\u00f9ng trong b\u1eefa s\u00e1ng ho\u1eb7c b\u1eefa \u0103n nh\u1eb9 \u0111\u1ec3 b\u1ed5 sung dinh d\u01b0\u1ee1ng, gi\u00fap c\u01a1 th\u1ec3 lu\u00f4n s\u1eb5n s\u00e0ng n\u0103ng l\u01b0\u1ee3ng cho c\u00e1c ho\u1ea1t \u0111\u1ed9ng h\u00e0ng ng\u00e0y.<\/span><\/p>","protected":false},"featured_media":18161,"comment_status":"open","ping_status":"closed","template":"","meta":[],"product_brand":[],"product_cat":[36,133],"product_tag":[],"class_list":{"0":"post-18108","1":"product","2":"type-product","3":"status-publish","4":"has-post-thumbnail","6":"product_cat-thuc-pham-tieu-dung","7":"product_cat-banh-keo-chocolate","9":"first","10":"outofstock","11":"sale","12":"shipping-taxable","13":"purchasable","14":"product-type-simple"},"_links":{"self":[{"href":"https:\/\/havamall.vn\/en\/wp-json\/wp\/v2\/product\/18108"}],"collection":[{"href":"https:\/\/havamall.vn\/en\/wp-json\/wp\/v2\/product"}],"about":[{"href":"https:\/\/havamall.vn\/en\/wp-json\/wp\/v2\/types\/product"}],"replies":[{"embeddable":true,"href":"https:\/\/havamall.vn\/en\/wp-json\/wp\/v2\/comments?post=18108"}],"version-history":[{"count":0,"href":"https:\/\/havamall.vn\/en\/wp-json\/wp\/v2\/product\/18108\/revisions"}],"wp:featuredmedia":[{"embeddable":true,"href":"https:\/\/havamall.vn\/en\/wp-json\/wp\/v2\/media\/18161"}],"wp:attachment":[{"href":"https:\/\/havamall.vn\/en\/wp-json\/wp\/v2\/media?parent=18108"}],"wp:term":[{"taxonomy":"product_brand","embeddable":true,"href":"https:\/\/havamall.vn\/en\/wp-json\/wp\/v2\/product_brand?post=18108"},{"taxonomy":"product_cat","embeddable":true,"href":"https:\/\/havamall.vn\/en\/wp-json\/wp\/v2\/product_cat?post=18108"},{"taxonomy":"product_tag","embeddable":true,"href":"https:\/\/havamall.vn\/en\/wp-json\/wp\/v2\/product_tag?post=18108"}],"curies":[{"name":"wp","href":"https:\/\/api.w.org\/{rel}","templated":true}]}}