{"id":18084,"date":"2021-01-26T16:03:03","date_gmt":"2021-01-26T09:03:03","guid":{"rendered":"https:\/\/havamall.vn\/?post_type=product&#038;p=18084"},"modified":"2025-03-19T10:56:54","modified_gmt":"2025-03-19T03:56:54","slug":"bot-pure-baking-soda-arm-harmmer-454g","status":"publish","type":"product","link":"https:\/\/havamall.vn\/en\/shop\/bot-pure-baking-soda-arm-harmmer-454g\/","title":{"rendered":"B\u1ed9t Pure Baking Soda Arm &amp; Harmmer 454g"},"content":{"rendered":"<table>\n<tbody>\n<tr>\n<td>Th\u01b0\u01a1ng hi\u1ec7u<\/td>\n<td>Arm and Hammer<\/td>\n<\/tr>\n<tr>\n<td>Xu\u1ea5t x\u1ee9<\/td>\n<td>M\u1ef9<\/td>\n<\/tr>\n<tr>\n<td>Th\u00e0nh ph\u1ea7n<\/td>\n<td>100% ch\u1ea5t t\u1ea1o x\u1ed1p<\/td>\n<\/tr>\n<tr>\n<td>H\u1ea1n s\u1eed d\u1ee5ng<\/td>\n<td>2 n\u0103m k\u1ec3 t\u1eeb ng\u00e0y s\u1ea3n xu\u1ea5t.<\/td>\n<\/tr>\n<tr>\n<td>B\u1ea3o qu\u1ea3n<\/td>\n<td>\u0110\u1ec3 n\u01a1i kh\u00f4 r\u00e1o, tho\u00e1ng m\u00e1t, tr\u00e1nh \u00e1nh n\u1eafng tr\u1ef1c ti\u1ebfp<\/td>\n<\/tr>\n<tr>\n<td>Kh\u1ed1i l\u01b0\u1ee3ng t\u1ecbnh<\/td>\n<td>454g<\/td>\n<\/tr>\n<\/tbody>\n<\/table>\n<p><span style=\"font-weight: 400\">S\u1ea3n ph\u1ea9m mang th\u01b0\u01a1ng hi\u1ec7u Arm &amp; Hammer 100% b\u1ed9t Banking Soda nguy\u00ean ch\u1ea5t, \u0111\u01b0\u1ee3c nh\u1eadp kh\u1ea9u tr\u1ef1c ti\u1ebfp t\u1eeb th\u01b0\u01a1ng hi\u1ec7u n\u1ed5i ti\u1ebfng c\u1ee7a M\u1ef9, 1 trong 10 th\u01b0\u01a1ng hi\u1ec7u th\u1ef1c ph\u1ea9m n\u1ed5i ti\u1ebfng tr\u00ean th\u1ebf gi\u1edbi. V\u1edbi h\u01a1n 100 n\u0103m kinh nghi\u1ec7m trong s\u1ea3n xu\u1ea5t nguy\u00ean li\u1ec7u th\u1ef1c ph\u1ea9m, Arm &amp; Hammer lu\u00f4n \u0111\u1eb7t ti\u00eau ch\u00ed mang \u0111\u1ebfn cho ng\u01b0\u1eddi ti\u00eau d\u00f9ng nh\u1eefng s\u1ea3n ph\u1ea9m ch\u1ea5t l\u01b0\u1ee3ng nh\u1ea5t.<\/span><\/p>\n<p><img fetchpriority=\"high\" decoding=\"async\" class=\"aligncenter\" src=\"https:\/\/havamall.vn\/wp-content\/uploads\/2025\/03\/bksd_3377186114b34991ab869bf903eb091f.jpg\" alt=\"Combo 2 h\u1ed9p) Mu\u1ed1i n\u1edf Baking soda Pure 454g \u2013 Navima\" width=\"695\" height=\"463\" \/><\/p>\n<p><span style=\"font-weight: 400\">Arm &amp; Hammer l\u00e0 m\u1ed9t th\u01b0\u01a1ng hi\u1ec7u chuy\u00ean s\u1ea3n xu\u1ea5t c\u00e1c m\u1eb7t h\u00e0ng ti\u00eau d\u00f9ng, \u0111\u1eb7c bi\u1ec7t, l\u00e0 baking soda. Th\u01b0\u01a1ng hi\u1ec7u n\u00e0y \u0111\u01b0\u1ee3c ti\u1ebft th\u1ecb b\u1edfi Church &amp; Dwight, m\u1ed9t c\u00f4ng ty \u0111\u1ed3 gia d\u1ee5ng c\u1ee7a M\u1ef9. Baking Soda th\u01b0\u01a1ng hi\u1ec7u Arm &amp; Hammer \u0111\u01b0\u1ee3c bi\u1ebft \u0111\u1ebfn l\u00e0 lo\u1ea1i soda b\u00e1n ch\u1ea1y nh\u1ea5t.<\/span><\/p>\n<p><img decoding=\"async\" class=\"aligncenter\" src=\"https:\/\/havamall.vn\/wp-content\/uploads\/2025\/03\/3-230.jpg\" alt=\"H\u01b0\u1edbng d\u1eabn c\u00e1ch l\u00e0m tr\u1eafng r\u0103ng b\u1eb1ng baking soda\" width=\"691\" height=\"346\" \/><\/p>\n<p><span style=\"font-weight: 400\">B\u1ed9t Baking Soda h\u1ed9p 454g th\u01b0\u01a1ng hi\u1ec7u Arm &amp; Hammer \u0111\u01b0\u1ee3c l\u00e0m t\u1eeb b\u1ed9t tinh khi\u1ebft \u0111\u01b0\u1ee3c m\u1ecdi nh\u00e0 tin d\u00f9ng v\u1edbi nhi\u1ec1u c\u00f4ng d\u1ee5ng h\u1eefu hi\u1ec7u trong l\u00e0m \u0111\u1eb9p v\u00e0 gia \u0111\u00ecnh. V\u1edbi tr\u1ecdng l\u01b0\u1ee3ng 454g m\u1ed9t h\u1ed9p Soda c\u00f3 th\u1ec3 s\u1eed d\u1ee5ng \u0111\u01b0\u1ee3c v\u00e0o r\u1ea5t nhi\u1ec1u vi\u1ec7c trong gia \u0111\u00ecnh v\u00e0 r\u1ea5t nhi\u1ec1u t\u00e1c d\u1ee5ng r\u1ea5t b\u1ea5t ng\u1edd.<\/span><\/p>\n<p><img decoding=\"async\" class=\"aligncenter\" src=\"https:\/\/havamall.vn\/wp-content\/uploads\/2025\/03\/bot-no-co-phai-la-baking-soda-khong-201909022021032846.jpg\" alt=\"B\u1ed9t n\u1edf c\u00f3 ph\u1ea3i l\u00e0 baking soda kh\u00f4ng?\" width=\"697\" height=\"436\" \/><\/p>\n<p><span style=\"font-weight: 400\">S\u1ea3n ph\u1ea9m \u0111\u01b0\u1ee3c \u0111\u00f3ng h\u1ed9p ti\u1ec7n d\u1ee5ng cho b\u1ea1n s\u1eed d\u1ee5ng v\u00e0 b\u1ea3o qu\u1ea3n, v\u1ecf \u0111\u1ef1ng s\u1ea3n ph\u1ea9m l\u00e0m t\u1eeb nguy\u00ean li\u1ec7u s\u1ea1ch, kh\u00f4ng l\u1eabn t\u1ea1p ch\u1ea5t h\u00f3a h\u1ecdc \u0111\u1ed9c h\u1ea1i.<\/span><\/p>\n<p><span style=\"font-weight: 400\">B\u1ed9t <\/span><span style=\"font-weight: 400\">Pure Baking Soda Arm &amp; Hammer<\/span><span style=\"font-weight: 400\"> \u0111\u01b0\u1ee3c s\u1eed d\u1ee5ng nhi\u1ec1u trong l\u00e0m b\u00e1nh, b\u00e1nh \u0111\u01b0\u1ee3c l\u00e0m t\u1eeb b\u1ed9t <\/span><span style=\"font-weight: 400\">Pure Baking Soda Arm &amp; Hammer n\u1edf \u0111\u1ec1u h\u01a1n, th\u01a1m ngon v\u00e0 kh\u00f4ng c\u00f3 m\u00f9i kh\u00f3 ch\u1ecbu t\u1eeb b\u1ed9t baking soda. Ngo\u00e0i c\u00f4ng d\u1ee5ng l\u00e0m b\u00e1nh s\u1ea3n ph\u1ea9m c\u00f2n c\u00f3 nhi\u1ec1u c\u00f4ng d\u1ee5ng kh\u00e1c.<\/span><\/p>\n<p><img loading=\"lazy\" decoding=\"async\" class=\"aligncenter\" src=\"https:\/\/havamall.vn\/wp-content\/uploads\/2025\/03\/thumb-1200x676-3.jpg\" alt=\"C\u00e1ch l\u00e0m b\u00e1nh cupcake b\u00ed ng\u00f4 th\u01a1m ngon \u0111\u01a1n gi\u1ea3n\" width=\"693\" height=\"391\" \/><\/p>\n<h4><strong>M\u1ed9t s\u1ed1 c\u00f4ng d\u1ee5ng th\u1ea7n k\u1ef3 c\u1ee7a baking soda Arm &amp; Hammer:<\/strong><\/h4>\n<p><span style=\"font-weight: 400\">N\u1ebfu ai \u0111\u00e3 bi\u1ebft \u0111\u1ebfn baking soda Arm &amp; Hammer ch\u1eafc ch\u1eafn s\u1ebd bi\u1ebft \u0111\u1ebfn v\u00f4 s\u1ed1 nh\u1eefng c\u00f4ng d\u1ee5ng tuy\u1ec7t v\u1eddi c\u1ee7a n\u00f3. \u0110\u00e2y c\u00f3 l\u1ebd l\u00e0 s\u1ea3n ph\u1ea9m c\u00f3 nhi\u1ec1u c\u00f4ng d\u1ee5ng nh\u1ea5t m\u00e0 b\u1ea1n t\u1eebng th\u1ea5y.<\/span><\/p>\n<p><span style=\"font-weight: 400\">&#8211; B\u00f4\u0323t Pure Baking soda du\u0300ng nh\u01b0 1 da\u0323ng b\u00f4\u0323t n\u01a1\u0309 trong la\u0300m ba\u0301nh.<\/span><\/p>\n<p><span style=\"font-weight: 400\">&#8211; Tr\u00f4\u0323n B\u00f4\u0323t Baking Soda v\u01a1\u0301i d\u00e2\u0300u d\u01b0\u0300a tha\u0300nh h\u00f4\u0303n h\u01a1\u0323p s\u00ea\u0300n s\u00ea\u0323t, du\u0300ng h\u00f4\u0303n h\u01a1\u0323p na\u0300y \u0111a\u0301nh r\u0103ng se\u0303 giu\u0301p r\u0103ng tr\u0103\u0301ng sa\u0301ng, sa\u0323ch v\u00ea\u0301t \u00f4\u0301 va\u0300ng, ch\u01b0\u0303a h\u00f4i mi\u00ea\u0323ng.<\/span><\/p>\n<p><span style=\"font-weight: 400\">&#8211; Ch\u01b0\u0303a h\u00f4i ch\u00e2n, kh\u01b0\u0309 mu\u0300i h\u00f4i c\u01a1 th\u00ea\u0309, h\u00f4i na\u0301ch<\/span><\/p>\n<p><span style=\"font-weight: 400\">&#8211; Massage v\u01a1\u0301i b\u00f4\u0323t Baking Soda giu\u0301p sa\u0323ch ca\u0301c v\u00ea\u0301t chai \u01a1\u0309 tay, ch\u00e2n<\/span><\/p>\n<p><span style=\"font-weight: 400\">&#8211; Pha b\u00f4\u0323t Baking Soda va\u0300 d\u00e2\u0300u g\u00f4\u0323i \u0111\u00ea\u0309 gia\u0309m ti\u0300nh tra\u0323ng da \u0111\u00e2\u0300u nh\u01a1\u0300n, to\u0301c b\u00ea\u0301t<\/span><\/p>\n<p><span style=\"font-weight: 400\">&#8211; Pha va\u0300 ph\u00e2\u0301n r\u01a1m \u0111\u00ea\u0309 du\u0300ng nh\u01b0 m\u00f4\u0323t da\u0323ng d\u00e2\u0300u g\u00f4\u0323i d\u00e2\u0300u kh\u00f4<\/span><\/p>\n<p><span style=\"font-weight: 400\">&#8211; Pha b\u00f4\u0323t Baking Soda v\u01a1\u0301i n\u01b0\u01a1\u0301c va\u0300 thoa l\u00ean v\u00ea\u0301t c\u00f4n tru\u0300ng c\u0103\u0301n se\u0303 giu\u0301p gia\u0309m s\u01b0ng va\u0300 ng\u01b0\u0301a hi\u00ea\u0323u qua\u0309<\/span><\/p>\n<p><span style=\"font-weight: 400\">&#8211; H\u00f4\u0303n h\u01a1\u0323p b\u00f4\u0323t Baking Soda va\u0300 n\u01b0\u01a1\u0301c la\u0300m di\u0323u vu\u0300ng da bi\u0323 cha\u0301y n\u0103\u0301ng<\/span><\/p>\n<p><span style=\"font-weight: 400\">&#8211; B\u00f4\u0323t Baking Soda giu\u0301p lau chu\u0300i du\u0323ng cu\u0323 nha\u0300 b\u00ea\u0301p m\u00f4\u0323t ca\u0301ch hi\u00ea\u0323u qua\u0309, \u0111a\u0301nh bo\u0301ng mu\u00f4\u0303ng ni\u0303a,&#8230;<\/span><\/p>\n<p><span style=\"font-weight: 400\">&#8211; Lau chu\u0300i ba\u0300n gh\u00ea\u0301, sa\u0300n nha\u0300, ca\u0301c v\u00ea\u0301t b\u00e2\u0309n c\u01b0\u0301ng \u0111\u00e2\u0300u ba\u0301m tr\u00ean n\u00ea\u0300n ga\u0323ch<\/span><\/p>\n<p><span style=\"font-weight: 400\">&#8211; Cho m\u00f4\u0323t i\u0301t b\u00f4\u0323t Baking Soda va\u0300o b\u00f4\u0300n c\u00e2\u0300u, giu\u0301p th\u00f4ng t\u0103\u0301c h\u00ea\u0323 th\u00f4\u0301ng b\u00f4\u0300n c\u00e2\u0300u nhanh cho\u0301ng<\/span><\/p>\n<p><span style=\"font-weight: 400\">&#8211; La\u0300m sa\u0323ch ca\u0301c v\u00ea\u0301t b\u00e2\u0309n c\u01b0\u0301ng \u0111\u00e2\u0300u ba\u0301m tr\u00ean qu\u00e2\u0300n a\u0301o.<\/span><\/p>\n<p><span style=\"font-weight: 400\">&#8211; Khu\u0309 mu\u0300i h\u00f4i tu\u0309 la\u0323nh, mu\u0300i thu\u0301 c\u01b0ng trong nha\u0300<\/span><\/p>\n<p><span style=\"font-weight: 400\">Ngo\u00e0i ra B\u1ed9t Pure Baking Soda Arm &amp; Hammer c\u00f2n r\u1ea5t nhi\u1ec1u c\u00f4ng d\u1ee5ng kh\u00e1c.<\/span><\/p>\n<p><img loading=\"lazy\" decoding=\"async\" class=\"aligncenter\" src=\"https:\/\/havamall.vn\/wp-content\/uploads\/2025\/03\/chieu-hay-tri-mun-tham-sieu-toc-bang-baking-soda-chi-em-can-cap-nhap-b2-1514523599-250-width1280height853.jpg\" alt=\"Chi\u00eau hay tr\u1ecb m\u1ee5n th\u00e2m si\u00eau t\u1ed1c b\u1eb1ng baking soda gi\u00fap ch\u1ecb em t\u1ecfa s\u00e1ng m\u00f9a T\u1ebft!\" width=\"696\" height=\"464\" \/><\/p>\n<h4><strong>H\u01b0\u1edbng d\u1eabn s\u1eed d\u1ee5ng:<\/strong><\/h4>\n<p><span style=\"font-weight: 400\">B\u1ed9t <\/span><span style=\"font-weight: 400\">Pure Baking Soda Arm &amp; Hammer n\u00ean t<\/span><span style=\"font-weight: 400\">\u00f9y v\u00e0o c\u00f4ng d\u1ee5ng c\u1ee7a Baking Soda m\u00e0 b\u1ea1n c\u00f3 th\u1ec3 ch\u1ecdn mua v\u00e0 s\u1eed d\u1ee5ng ch\u00fang m\u1ed9t c\u00e1ch h\u1ee3p l\u00fd \u0111\u1ed3ng th\u1eddi c\u0169ng t\u00f9y theo c\u01a1 \u0111\u1ecba c\u1ee7a m\u1ed7i ng\u01b0\u1eddi.<\/span><\/p>\n<p><span style=\"font-weight: 400\">&#8211; Tr\u1ecb ch\u00e1y n\u1eafng : Cho \u00bd ch\u00e9n baking soda v\u00e0o b\u1ed3n t\u1eafm r\u1ed3i ng\u00e2m m\u00ecnh trong b\u1ed3n. Khi ra kh\u1ecfi b\u1ed3n h\u00e3y \u0111\u1ec3 ng\u01b0\u1eddi kh\u00f4 t\u1ef1 nhi\u00ean, kh\u00f4ng d\u00f9ng kh\u0103n lau mu\u1ed1i b\u00e1m v\u00e0o ng\u01b0\u1eddi \u0111\u1ec3 gia t\u0103ng hi\u1ec7u q\u1ee7a. B\u1ea1n c\u0169ng c\u00f3 th\u1ec3 cho h\u1ed7n h\u1ee3p baking soda v\u00e0 n\u01b0\u1edbc v\u00e0o g\u1ea1c b\u0103ng l\u1ea1nh v\u00e0 \u0111\u1eafp l\u00ean ch\u1ed7 ph\u1ecfng n\u1eafng<\/span><\/p>\n<p><span style=\"font-weight: 400\">&#8211; Kh\u1eed m\u00f9i : N\u1ebfu b\u1ea1n mu\u1ed1n tr\u00e1nh s\u1ea3n ph\u1ea9m kh\u1eed m\u00f9i v\u00e0 ch\u1ed1ng \u0111\u1ed5 m\u1ed3 h\u00f4i c\u00f3 ch\u1ee9a paraben v\u00e0 nh\u00f4m, h\u00e3y th\u1eed l\u1ea5y m\u1ed9t nh\u00fam baking soda nh\u00e0o v\u1edbi n\u01b0\u1edbc \u0111\u1ec3 thay th\u1ebf. B\u1ed9t s\u1ec1n s\u1ec7t n\u00e0y l\u00e0 ch\u1ea5t kh\u1eed m\u00f9i \u0111\u01a1n gi\u1ea3n t\u1ef1 nhi\u00ean v\u00e0 hi\u1ec7u qu\u1ea3.<\/span><\/p>\n<p><span style=\"font-weight: 400\">&#8211; Kem l\u00e0m s\u1ea1ch v\u00f4i r\u0103ng: L\u1ea5y 6 ph\u1ea7n baking soda tr\u1ed9n \u0111\u1ec1u v\u1edbi 1 ph\u1ea7n mu\u1ed1i bi\u1ec3n, r\u1ed3i cho v\u00e0o l\u1ecd \u0111\u1ec3 s\u1eed d\u1ee5ng. L\u00e0m \u01b0\u1edbt \u0111\u1ea7u ng\u00f3n tay tr\u1ecf r\u1ed3i ch\u1ea5m v\u00e0o mu\u1ed1i n\u00e0y ch\u00e0 kh\u1eafp l\u1ee3i v\u00e0 r\u0103ng. B\u1eaft \u0111\u1ea7u \u1edf h\u00e0m tr\u00ean ph\u00eda ngo\u00e0i r\u1ed3i ph\u00eda b\u00ean trong. L\u00e0m nh\u01b0 th\u1ebf v\u1edbi l\u1ee3i v\u00e0 r\u0103ng h\u00e0m d\u01b0\u1edbi. Nh\u1ed5 ra ngo\u00e0i ph\u1ea7n mu\u1ed1i d\u01b0. Sau 15 ph\u00fat s\u00fac mi\u1ec7ng cho s\u1ea1ch. H\u1ed7n h\u1ee3p mu\u1ed1i n\u00e0y r\u1ea5t hi\u1ec7u q\u1ee7a trong vi\u1ec7c di\u1ec7t khu\u1ea9n \u1edf r\u0103ng mi\u1ec7ng v\u00e0 d\u1ea7n d\u1ea7n l\u00e0m s\u1ea1ch v\u00f4i r\u0103ng.<\/span><\/p>\n<p><span style=\"font-weight: 400\">&#8211; C\u00f4n tr\u00f9ng c\u1eafn : Cho m\u1ed9t ch\u00fat n\u01b0\u1edbc v\u00e0o baking soda r\u1ed3i thoa l\u00ean ch\u1ed7 b\u1ecb mu\u1ed7i, ki\u1ebfn c\u1eafn. C\u0169ng c\u00f3 th\u1ec3 thoa b\u1ed9t baking soda kh\u00f4 l\u00ean da. C\u00e1ch n\u00e0y gi\u00fap gi\u1ea3m ng\u1ee9a.<\/span><\/p>\n<p><span style=\"font-weight: 400\">&#8211; T\u1ea9y da ch\u1ebft : Tr\u1ed9n \u0111\u1ec1u ba ph\u1ea7n baking soda, m\u1ed9t ph\u1ea7n n\u01b0\u1edbc c\u00f3 th\u1ec3 d\u00f9ng \u0111\u1ec3 t\u1ea9y da ch\u1ebft tr\u00ean m\u1eb7t v\u00e0 c\u01a1 th\u1ec3. \u0110\u00e2y l\u00e0 c\u00e1ch t\u1ef1 nhi\u00ean, \u00edt t\u1ed1n k\u00e9m v\u00e0 nh\u1eb9 nh\u00e0ng c\u00f3 th\u1ec3 s\u1eed d\u1ee5ng h\u00e0ng ng\u00e0y.\u00a0<\/span><\/p>\n<p>S\u1ea3n Ph\u1ea9m hi\u1ec7n \u0111\u00e3 c\u00f3 m\u1eb7t t\u1ea1i Havamall.<\/p>","protected":false},"excerpt":{"rendered":"<p><span style=\"font-weight: 400\">S\u1ea3n ph\u1ea9m mang th\u01b0\u01a1ng hi\u1ec7u Arm &amp; Hammer 100% b\u1ed9t Banking Soda nguy\u00ean ch\u1ea5t, \u0111\u01b0\u1ee3c nh\u1eadp kh\u1ea9u tr\u1ef1c ti\u1ebfp t\u1eeb th\u01b0\u01a1ng hi\u1ec7u n\u1ed5i ti\u1ebfng c\u1ee7a M\u1ef9, 1 trong 10 th\u01b0\u01a1ng hi\u1ec7u th\u1ef1c ph\u1ea9m n\u1ed5i ti\u1ebfng tr\u00ean th\u1ebf gi\u1edbi.<br \/>\nB\u1ed9t Baking Soda h\u1ed9p 454g th\u01b0\u01a1ng hi\u1ec7u Arm &amp; Hammer \u0111\u01b0\u1ee3c l\u00e0m t\u1eeb b\u1ed9t tinh khi\u1ebft \u0111\u01b0\u1ee3c m\u1ecdi nh\u00e0 tin d\u00f9ng v\u1edbi nhi\u1ec1u c\u00f4ng d\u1ee5ng h\u1eefu hi\u1ec7u trong l\u00e0m \u0111\u1eb9p v\u00e0 gia \u0111\u00ecnh.<br \/>\nV\u1edbi tr\u1ecdng l\u01b0\u1ee3ng 454g m\u1ed9t h\u1ed9p Soda c\u00f3 th\u1ec3 s\u1eed d\u1ee5ng \u0111\u01b0\u1ee3c v\u00e0o r\u1ea5t nhi\u1ec1u vi\u1ec7c trong gia \u0111\u00ecnh v\u00e0 r\u1ea5t nhi\u1ec1u t\u00e1c d\u1ee5ng r\u1ea5t b\u1ea5t ng\u1edd.<\/span><\/p>","protected":false},"featured_media":18085,"comment_status":"open","ping_status":"closed","template":"","meta":[],"product_brand":[],"product_cat":[255,669,36,134,143],"product_tag":[],"class_list":{"0":"post-18084","1":"product","2":"type-product","3":"status-publish","4":"has-post-thumbnail","6":"product_cat-nguyen-lieu-lam-banh","7":"product_cat-nhap-khau-my","8":"product_cat-thuc-pham-tieu-dung","9":"product_cat-thucpham-saykho","10":"product_cat-thuc-pham-dong-hop","12":"first","13":"instock","14":"sale","15":"shipping-taxable","16":"purchasable","17":"product-type-variable"},"_links":{"self":[{"href":"https:\/\/havamall.vn\/en\/wp-json\/wp\/v2\/product\/18084"}],"collection":[{"href":"https:\/\/havamall.vn\/en\/wp-json\/wp\/v2\/product"}],"about":[{"href":"https:\/\/havamall.vn\/en\/wp-json\/wp\/v2\/types\/product"}],"replies":[{"embeddable":true,"href":"https:\/\/havamall.vn\/en\/wp-json\/wp\/v2\/comments?post=18084"}],"version-history":[{"count":0,"href":"https:\/\/havamall.vn\/en\/wp-json\/wp\/v2\/product\/18084\/revisions"}],"wp:featuredmedia":[{"embeddable":true,"href":"https:\/\/havamall.vn\/en\/wp-json\/wp\/v2\/media\/18085"}],"wp:attachment":[{"href":"https:\/\/havamall.vn\/en\/wp-json\/wp\/v2\/media?parent=18084"}],"wp:term":[{"taxonomy":"product_brand","embeddable":true,"href":"https:\/\/havamall.vn\/en\/wp-json\/wp\/v2\/product_brand?post=18084"},{"taxonomy":"product_cat","embeddable":true,"href":"https:\/\/havamall.vn\/en\/wp-json\/wp\/v2\/product_cat?post=18084"},{"taxonomy":"product_tag","embeddable":true,"href":"https:\/\/havamall.vn\/en\/wp-json\/wp\/v2\/product_tag?post=18084"}],"curies":[{"name":"wp","href":"https:\/\/api.w.org\/{rel}","templated":true}]}}