{"id":18021,"date":"2021-01-22T11:29:43","date_gmt":"2021-01-22T04:29:43","guid":{"rendered":"https:\/\/havamall.vn\/?post_type=product&#038;p=18021"},"modified":"2022-04-07T13:43:05","modified_gmt":"2022-04-07T06:43:05","slug":"hop-qua-se-chia-thai-bon","status":"publish","type":"product","link":"https:\/\/havamall.vn\/en\/shop\/hop-qua-se-chia-thai-bon\/","title":{"rendered":"H\u1ed9p Qu\u00e0 S\u1ebb Chia Th\u00e1i Bon"},"content":{"rendered":"<p><span style=\"font-weight: 400\">N\u1ebfu b\u1ea1n \u0111ang t\u00ecm m\u1ed9t m\u00f3n qu\u00e0 \u0111\u1eb7c bi\u1ec7t, \u0111\u1ec3\u00a0 t\u1eb7ng cho kh\u00e1ch h\u00e0ng, ng\u01b0\u1eddi th\u00e2n b\u1ea1n b\u00e8 nh\u00e2n d\u1ecbp n\u0103m m\u1edbi s\u1eafp \u0111\u1ebfn th\u00ec\u00a0 s\u1ea3n ph\u1ea9m c\u1ee7a Th\u00e1i Bon ch\u1eafc ch\u1eafn l\u00e0 l\u1ef1a ch\u1ecdn ho\u00e0n h\u1ea3o cho b\u1ea1n.\u00a0<\/span><\/p>\n<p><img fetchpriority=\"high\" decoding=\"async\" class=\"aligncenter\" src=\"https:\/\/havamall.vn\/wp-content\/uploads\/2021\/01\/hop-qua-se-chia---Thai-Bon-750x900.png\" width=\"620\" height=\"758\" \/><\/p>\n<p><span style=\"font-weight: 400\">H\u1ed9p qu\u00e0 t\u1eb7ng c\u1ee7a Th\u00e1i Bon \u0111\u1ec1u l\u00e0 nh\u1eefng lo\u1ea1i h\u1ea1t th\u01a1m ngon, b\u1ed5 d\u01b0\u1ee1ng s\u1ebd l\u00e0 m\u00f3n qu\u00e0 t\u1ea1o \u1ea5n t\u01b0\u1ee3ng s\u00e2u \u0111\u1eadm trong t\u00e2m tr\u00ed kh\u00e1ch h\u00e0ng ho\u1eb7c ng\u01b0\u1eddi th\u00e2n b\u1ea1n b\u00e8 c\u1ee7a b\u1ea1n.\u00a0<\/span><\/p>\n<p><span style=\"font-weight: 400\">M\u1ed9t s\u1ea3n ph\u1ea9m khi l\u00e0m qu\u00e0 t\u1eb7ng n\u00f3 s\u1ebd mang \u00fd ngh\u0129a trao t\u1eb7ng s\u1ee9c kh\u1ecfe, th\u1ec3 hi\u1ec7n t\u1ea5m l\u00f2ng c\u1ee7a b\u1ea1n m\u1ed9t c\u00e1ch ch\u00e2n th\u00e0nh nh\u1ea5t \u0111\u1ed1i v\u1edbi ng\u01b0\u1eddi \u0111\u01b0\u1ee3c t\u1eb7ng. M\u00f3n qu\u00e0 m\u00e0 b\u1ea1n s\u1ebd trao t\u1eb7ng \u0111\u1ea3m b\u1ea3o cao nh\u1ea5t v\u1ec1 t\u00ednh th\u1ea9m m\u1ef9 c\u1ee7a m\u00f3n qu\u00e0, c\u0169ng nh\u01b0 gi\u00e1 tr\u1ecb, \u0111\u1ed9 an to\u00e0n khi ng\u01b0\u1eddi nh\u1eadn qu\u00e0 s\u1eed d\u1ee5ng.<\/span><\/p>\n<p><img decoding=\"async\" class=\"aligncenter\" src=\"https:\/\/havamall.vn\/wp-content\/uploads\/2021\/01\/momo-upload-api-200113085021-637145022212186888.jpg\" alt=\"4 lo\u1ea1i h\u1ea1t d\u00e0nh cho Team sang ch\u1ea3nh nh\u00e2m nhi ng\u00e0y T\u1ebft\" width=\"622\" height=\"454\" \/><\/p>\n<p><span style=\"font-weight: 400\">H\u1ed9p qu\u00e0 t\u1eb7ng Th\u00e1i Bon l\u00e0 s\u1ea3n ph\u1ea9m l\u00e0m qu\u00e0 t\u1eb7ng g\u1ed3m nh\u1eefng lo\u1ea1i H\u1ea1t dinh d\u01b0\u1ee1ng cao, m\u00f9i v\u1ecb th\u01a1m ngon \u0111\u1eb7c tr\u01b0ng, s\u1ebd l\u00e0m ng\u01b0\u1eddi \u0111\u01b0\u1ee3c t\u1eb7ng nh\u1edb m\u00e3i \u0111\u1ebfn b\u1ea1n, \u0111\u00f3 l\u00e0 c\u00e1c lo\u1ea1i h\u1ea1t nh\u01b0 : H\u1ea1t \u0110i\u1ec1u rang mu\u1ed1i B\u00ecnh Ph\u01b0\u1edbc, H\u1ea1t H\u1ea1nh nh\u00e2n, H\u1ea1t Macca n\u1eef ho\u00e0ng, h\u1ea1t d\u1ebb&#8230;<\/span><\/p>\n<p><img decoding=\"async\" class=\"aligncenter\" src=\"https:\/\/havamall.vn\/wp-content\/uploads\/2021\/01\/QU\u00c0-T\u1ebeT-T\u1eea-H\u1ea0T-DINH-D\u01af\u1ee0NG-quy-hiem.png\" alt=\"T\u1eb7ng qu\u00e0 t\u1ebft cho \u0111\u1ed1i t\u00e1c 2020 \u0111\u1ed9c \u0111\u00e1o, ch\u1ea5t l\u01b0\u1ee3ng\" width=\"617\" height=\"493\" \/><\/p>\n<p><span style=\"font-weight: 400\">Khi b\u1ea1n trao t\u1eb7ng m\u00f3n qu\u00e0 n\u00e0y cho kh\u00e1ch h\u00e0ng, ngh\u0129a l\u00e0 b\u1ea1n \u0111\u00e3 trao t\u1eb7ng s\u1ee9c kh\u1ecfe cho h\u1ecd. Nh\u1eefng lo\u1ea1i h\u1ea1t n\u00e0y c\u00f3 ch\u1ee9a nh\u1eefng th\u00e0nh ph\u1ea7n dinh d\u01b0\u1ee1ng thi\u1ebft y\u1ebfu r\u1ea5t c\u00f3 l\u1ee3i cho c\u01a1 th\u1ec3 con ng\u01b0\u1eddi: c\u00e1c Vitamin, g\u1ed3m Vitamin nh\u00f3m B, Vitamin A, E, C, K..c\u00e1c kho\u00e1ng ch\u1ea5t g\u1ed3m s\u1eaft, k\u1ebdm, mangan, mage, ch\u1ee9a h\u00e0m l\u01b0\u1ee3ng cao c\u00e1c ch\u1ea5t b\u00e9o ch\u01b0a b\u00e3o h\u00f2a, l\u01b0\u1ee3ng l\u1edbn Protein, ch\u1ea5t X\u01a1\u2026<\/span><\/p>\n<p><img loading=\"lazy\" decoding=\"async\" class=\"aligncenter\" src=\"https:\/\/cf.shopee.vn\/file\/d7291c8860b3f3e64b8e7d745fc85405\" alt=\"c\u00f3 h\u00e0ng] Khay \u0111\u1ef1ng m\u1ee9t t\u1ebft, b\u00e1nh k\u1eb9o, hoa qu\u1ea3 phong c\u00e1ch NH\u1eacT B\u1ea2N c\u00f3 n\u1eafp | Shopee Vi\u1ec7t Nam\" width=\"618\" height=\"618\" \/><\/p>\n<p><span style=\"font-weight: 400\">M\u1ed9t s\u1ed1 th\u00e0nh ph\u1ea7n dinh d\u01b0\u1ee1ng c\u00f3 trong c\u00e1c lo\u1ea1i h\u1ea1t nh\u01b0 h\u1ea1t \u0111i\u1ec1u, macca, h\u1ea1ng nh\u00e2n,\u2026 nh\u01b0 ch\u1ea5t b\u00e9o t\u1ed1t Omega 3, Omega 6,\u00a0 Canxi, Kali, Vitamin c\u00f3 h\u00e0m l\u01b0\u1ee3ng c\u00f2n cao h\u01a1n c\u1ea3 h\u1ea3i s\u1ea3n, th\u1ecbt b\u00f2, tr\u1ee9ng!. V\u00ec v\u1eady m\u00e0 ch\u00fang t\u00f4i g\u1ecdi l\u00e0 m\u00f3n qu\u00e0 t\u1eb7ng \u00fd ngh\u0129a trao s\u1ee9c kh\u1ecfe.<\/span><\/p>\n<p><span style=\"font-weight: 400\">Nh\u1eefng lo\u1ea1i h\u1ea1t n\u00e0y ph\u00f9 h\u1ee3p v\u1edbi m\u1ecdi \u0111\u1ed1i t\u01b0\u1ee3ng s\u1eed d\u1ee5ng, kh\u00f4ng ki\u00eang k\u1ecb g\u00ec, tr\u1ebb em, ng\u01b0\u1eddi l\u1edbn, ng\u01b0\u1eddi gi\u00e0 \u0111\u1ec1u s\u1eed d\u1ee5ng \u0111\u01b0\u1ee3c, \u0111\u1eb7c bi\u1ec7t v\u1edbi ph\u1ee5 n\u1eef \u0111ang mang thai s\u1eed d\u1ee5ng h\u1ea1t r\u1ea5t t\u1ed1t cho thai nhi. Ch\u00fang r\u1ea5t d\u1ec5 \u0103n, v\u00ec c\u00f3 m\u00f9i v\u1ecb d\u1ec5 ch\u1ecbu, mang l\u1ea1i c\u1ea3m gi\u00e1c ngon mi\u1ec7ng h\u1ee3p kh\u1ea9u v\u1ecb th\u00edch h\u1ee3p d\u00f9ng tr\u01b0\u1edbc b\u1eefa \u0103n. D\u1ec5 s\u1eed d\u1ee5ng c\u00f3 th\u1ec3 \u0103n ngay ho\u1eb7c ch\u1ebf bi\u1ebfn th\u00e0nh m\u00f3n \u0103n r\u1ea5t \u0111\u01a1n gi\u1ea3n.<\/span><\/p>\n<p><img loading=\"lazy\" decoding=\"async\" class=\"aligncenter\" src=\"https:\/\/havamall.vn\/wp-content\/uploads\/2021\/01\/Univadis_14.11_An_cac_loai_hat_co_the_giam_nguy_co_dot_quy_BS_Thu_Van.jpg\" alt=\"\u0102n c\u00e1c lo\u1ea1i h\u1ea1t c\u00f3 th\u1ec3 l\u00e0m gi\u1ea3m nguy c\u01a1 m\u1eafc b\u1ec7nh tim\" width=\"612\" height=\"459\" \/><\/p>\n<p><span style=\"font-weight: 400\">H\u1ed9p qu\u00e0 Th\u00e1i Bon \u0111\u1ea3m b\u1ea3o r\u1eb1ng khi \u0111\u01b0\u1ee3c nh\u1eadn qu\u00e0 t\u1eb7ng t\u1eeb tay b\u1ea1n h\u1ecd s\u1ebd c\u00f3 \u1ea5n t\u01b0\u1ee3ng ngay v\u1edbi m\u00f3n qu\u00e0 v\u00ec, m\u00f3n qu\u00e0 c\u1ee7a b\u1ea1n \u0111\u1ed9c v\u00e0 l\u1ea1 , c\u00f3 h\u00ecnh th\u1ee9c \u0111\u1eb9p, g\u1ecdn g\u00e0ng d\u1ec5 mang \u0111i xa.<\/span><\/p>\n<p><span style=\"font-weight: 400\">Th\u00e1i Bon c\u00f2n r\u1ea5t quan t\u00e2m t\u1edbi h\u00ecnh th\u1ee9c b\u00ean ngo\u00e0i. H\u1ed9p qu\u00e0 c\u1ee7a b\u1ea1n \u0111\u01b0\u1ee3c \u0111\u1eb7t thi\u1ebft k\u1ebf \u0111\u1eb7c bi\u1ec7t, ch\u00fa tr\u1ecdng t\u1eebng \u0111\u01b0\u1eddng n\u00e9t, \u0111\u1ea3m b\u1ea3o s\u1ef1 sang tr\u1ecdng. Sau khi s\u1eed d\u1ee5ng ng\u01b0\u1eddi nh\u1eadn s\u1ebd nh\u1edb m\u00e3i \u0111\u1ebfn b\u1ea1n v\u00ec m\u00f3n qu\u00e0 b\u1ea1n t\u1eb7ng th\u1ef1c s\u1ef1 \u0103n r\u1ea5t ngon, kh\u00f4ng g\u00ec \u0111\u1ec3 l\u1ea1i \u1ea5n t\u01b0\u1ee3ng l\u00e2u nh\u01b0 m\u00f9i v\u1ecb th\u1ee9c \u0103n, \u0111\u1ea3m b\u1ea3o r\u1eb1ng \u0103n m\u1ed9t l\u1ea7n s\u1ebd nh\u1edb m\u00e3i.<\/span><\/p>\n<p><img loading=\"lazy\" decoding=\"async\" class=\"aligncenter\" src=\"https:\/\/havamall.vn\/wp-content\/uploads\/2021\/01\/cac-loai-hat.jpg\" alt=\"Gi\u1ea3m nguy c\u01a1 m\u1eafc b\u1ec7nh tim \u1edf b\u1ec7nh nh\u00e2n ti\u1ec3u \u0111\u01b0\u1eddng nh\u1edd \u0103n c\u00e1c lo\u1ea1i h\u1ea1t\" width=\"612\" height=\"415\" \/><\/p>\n<p><span style=\"font-weight: 400\">Ngo\u00e0i ra chi ph\u00ed \u0111\u1ec3 mua m\u00f3n qu\u00e0 r\u1ea5t h\u1ee3p l\u00fd b\u1ea1n kh\u00f4ng ph\u1ea3i lo l\u1eafng qu\u00e1 nhi\u1ec1u v\u1ec1 gi\u00e1 c\u1ea3 v\u00ec gi\u00e1 c\u1ee7a h\u1ed9p qu\u00e0 Th\u00e1i Bon r\u1ea5t v\u1eeba t\u00fai ti\u1ec1n c\u1ee7a m\u1ecdi ng\u01b0\u1eddi.<\/span><\/p>\n<p>S\u1ea3n ph\u1ea9m hi\u1ec7n \u0111\u00e3 c\u00f3 m\u1eb7t t\u1ea1i Havamall.<\/p>","protected":false},"excerpt":{"rendered":"<p><span style=\"font-weight: 400\">H\u1ed9p qu\u00e0 t\u1eb7ng c\u1ee7a Th\u00e1i Bon \u0111\u1ec1u l\u00e0 nh\u1eefng lo\u1ea1i h\u1ea1t th\u01a1m ngon, b\u1ed5 d\u01b0\u1ee1ng s\u1ebd l\u00e0 m\u00f3n qu\u00e0 t\u1ea1o \u1ea5n t\u01b0\u1ee3ng s\u00e2u \u0111\u1eadm trong t\u00e2m tr\u00ed kh\u00e1ch h\u00e0ng ho\u1eb7c ng\u01b0\u1eddi th\u00e2n b\u1ea1n b\u00e8 c\u1ee7a b\u1ea1n.<br \/>\n<\/span><span style=\"font-weight: 400\">M\u1ed9t s\u1ea3n ph\u1ea9m khi l\u00e0m qu\u00e0 t\u1eb7ng n\u00f3 s\u1ebd mang \u00fd ngh\u0129a trao t\u1eb7ng s\u1ee9c kh\u1ecfe, th\u1ec3 hi\u1ec7n t\u1ea5m l\u00f2ng c\u1ee7a b\u1ea1n m\u1ed9t c\u00e1ch ch\u00e2n th\u00e0nh nh\u1ea5t \u0111\u1ed1i v\u1edbi ng\u01b0\u1eddi \u0111\u01b0\u1ee3c t\u1eb7ng.<br \/>\nM\u00f3n qu\u00e0 m\u00e0 b\u1ea1n s\u1ebd trao t\u1eb7ng \u0111\u1ea3m b\u1ea3o cao nh\u1ea5t v\u1ec1 t\u00ednh th\u1ea9m m\u1ef9 c\u1ee7a m\u00f3n qu\u00e0, c\u0169ng nh\u01b0 gi\u00e1 tr\u1ecb, \u0111\u1ed9 an to\u00e0n khi ng\u01b0\u1eddi nh\u1eadn qu\u00e0 s\u1eed d\u1ee5ng.<\/span><\/p>","protected":false},"featured_media":18083,"comment_status":"open","ping_status":"closed","template":"","meta":[],"product_brand":[],"product_cat":[36,134],"product_tag":[],"class_list":{"0":"post-18021","1":"product","2":"type-product","3":"status-publish","4":"has-post-thumbnail","6":"product_cat-thuc-pham-tieu-dung","7":"product_cat-thucpham-saykho","8":"pa_brand-thai-bon","10":"first","11":"outofstock","12":"sale","13":"shipping-taxable","14":"purchasable","15":"product-type-simple"},"_links":{"self":[{"href":"https:\/\/havamall.vn\/en\/wp-json\/wp\/v2\/product\/18021"}],"collection":[{"href":"https:\/\/havamall.vn\/en\/wp-json\/wp\/v2\/product"}],"about":[{"href":"https:\/\/havamall.vn\/en\/wp-json\/wp\/v2\/types\/product"}],"replies":[{"embeddable":true,"href":"https:\/\/havamall.vn\/en\/wp-json\/wp\/v2\/comments?post=18021"}],"version-history":[{"count":0,"href":"https:\/\/havamall.vn\/en\/wp-json\/wp\/v2\/product\/18021\/revisions"}],"wp:featuredmedia":[{"embeddable":true,"href":"https:\/\/havamall.vn\/en\/wp-json\/wp\/v2\/media\/18083"}],"wp:attachment":[{"href":"https:\/\/havamall.vn\/en\/wp-json\/wp\/v2\/media?parent=18021"}],"wp:term":[{"taxonomy":"product_brand","embeddable":true,"href":"https:\/\/havamall.vn\/en\/wp-json\/wp\/v2\/product_brand?post=18021"},{"taxonomy":"product_cat","embeddable":true,"href":"https:\/\/havamall.vn\/en\/wp-json\/wp\/v2\/product_cat?post=18021"},{"taxonomy":"product_tag","embeddable":true,"href":"https:\/\/havamall.vn\/en\/wp-json\/wp\/v2\/product_tag?post=18021"}],"curies":[{"name":"wp","href":"https:\/\/api.w.org\/{rel}","templated":true}]}}