{"id":17999,"date":"2021-01-21T22:11:55","date_gmt":"2021-01-21T15:11:55","guid":{"rendered":"https:\/\/havamall.vn\/?post_type=product&#038;p=17999"},"modified":"2021-06-02T15:52:11","modified_gmt":"2021-06-02T08:52:11","slug":"17999","status":"publish","type":"product","link":"https:\/\/havamall.vn\/en\/shop\/17999\/","title":{"rendered":"N\u01b0\u1edbc Tr\u00e1i C\u00e2y Cherry-Sareri Cherry Compote 300ml"},"content":{"rendered":"<table>\n<tbody>\n<tr>\n<td>Th\u01b0\u01a1ng hi\u1ec7u<\/td>\n<td>Sareri<\/td>\n<\/tr>\n<tr>\n<td>Xu\u1ea5t x\u1ee9<\/td>\n<td>M\u1ef9<\/td>\n<\/tr>\n<tr>\n<td>H\u1ea1n s\u1eed d\u1ee5ng<\/td>\n<td>2 n\u0103m k\u1ec3 t\u1eeb ng\u00e0y s\u1ea3n xu\u1ea5t.<\/td>\n<\/tr>\n<tr>\n<td>B\u1ea3o qu\u1ea3n<\/td>\n<td>\u0110\u1ec3 n\u01a1i kh\u00f4 r\u00e1o, tho\u00e1ng m\u00e1t, tr\u00e1nh \u00e1nh n\u1eafng tr\u1ef1c ti\u1ebfp<\/td>\n<\/tr>\n<tr>\n<td>Kh\u1ed1i l\u01b0\u1ee3ng t\u1ecbnh<\/td>\n<td>300ml<\/td>\n<\/tr>\n<\/tbody>\n<\/table>\n<p><span style=\"font-weight: 400\">SARERI Compote v\u1edbi h\u01b0\u01a1ng v\u1ecb \u0111\u1ed9c \u0111\u00e1o v\u00e0 l\u1ee3i \u00edch s\u1ee9c kh\u1ecfe, \u0111\u01b0\u1ee3c l\u00e0m t\u1eeb nhi\u1ec1u lo\u1ea1i\u00a0<\/span><span style=\"font-weight: 400\">tr\u00e1i c\u00e2y v\u00e0 qu\u1ea3 m\u1ecdng ngon t\u1eeb v\u01b0\u1eddn c\u00e2y \u0103n qu\u1ea3 \u1edf M\u1ef9. Ch\u00fang r\u1ea5t gi\u00e0u vitamin, kho\u00e1ng ch\u1ea5t v\u00e0 c\u00e1c ch\u1ea5t dinh d\u01b0\u1ee1ng vi l\u01b0\u1ee3ng thi\u1ebft y\u1ebfu. SARERI Compote l\u00e0 lo\u1ea1i \u0111\u1ed3 u\u1ed1ng \u0111\u01b0\u1ee3c l\u00e0m b\u1eb1ng tay truy\u1ec1n th\u1ed1ng. B\u1ea1n c\u00f3 th\u1ec3 t\u1eadn h\u01b0\u1edfng h\u01b0\u01a1ng v\u1ecb ng\u1ecdt ng\u00e0o v\u00e0 th\u01a1m ngon t\u1eeb n\u01b0\u1edbc tr\u00e1i c\u00e2y nh\u01b0 m\u1ed9t th\u1ee9c u\u1ed1ng ho\u1eb7c m\u1ed9t m\u00f3n tr\u00e1ng mi\u1ec7ng.<\/span><\/p>\n<p><img fetchpriority=\"high\" decoding=\"async\" class=\"wp-image-19317 aligncenter\" src=\"https:\/\/havamall.vn\/wp-content\/uploads\/2021\/01\/89829982_103560091272670_5838141881447350272_n-1-300x300.jpg\" alt=\"\" width=\"670\" height=\"669\" srcset=\"https:\/\/havamall.vn\/wp-content\/uploads\/2021\/01\/89829982_103560091272670_5838141881447350272_n-1-300x300.jpg 300w, https:\/\/havamall.vn\/wp-content\/uploads\/2021\/01\/89829982_103560091272670_5838141881447350272_n-1-430x430.jpg 430w, https:\/\/havamall.vn\/wp-content\/uploads\/2021\/01\/89829982_103560091272670_5838141881447350272_n-1-150x150.jpg 150w, https:\/\/havamall.vn\/wp-content\/uploads\/2021\/01\/89829982_103560091272670_5838141881447350272_n-1-700x700.jpg 700w, https:\/\/havamall.vn\/wp-content\/uploads\/2021\/01\/89829982_103560091272670_5838141881447350272_n-1-768x768.jpg 768w, https:\/\/havamall.vn\/wp-content\/uploads\/2021\/01\/89829982_103560091272670_5838141881447350272_n-1-1024x1024.jpg 1024w, https:\/\/havamall.vn\/wp-content\/uploads\/2021\/01\/89829982_103560091272670_5838141881447350272_n-1-1200x1200.jpg 1200w, https:\/\/havamall.vn\/wp-content\/uploads\/2021\/01\/89829982_103560091272670_5838141881447350272_n-1-600x600.jpg 600w, https:\/\/havamall.vn\/wp-content\/uploads\/2021\/01\/89829982_103560091272670_5838141881447350272_n-1-100x100.jpg 100w, https:\/\/havamall.vn\/wp-content\/uploads\/2021\/01\/89829982_103560091272670_5838141881447350272_n-1.jpg 1280w\" sizes=\"(max-width: 670px) 100vw, 670px\" \/><\/p>\n<p><span style=\"font-weight: 400\">N\u01b0\u1edbc tr\u00e1i c\u00e2y SARERI l\u00e0 s\u1ea3n ph\u1ea9m v\u00f4 c\u00f9ng ti\u1ec7n l\u1ee3i cho nh\u1eefng ng\u01b0\u1eddi kh\u00f4ng th\u00edch \u0103n rau qu\u1ea3 tr\u1ef1c ti\u1ebfp hay kh\u00f4ng c\u00f3 nhi\u1ec1u th\u1eddi gian \u0111\u1ec3 ch\u1ebf bi\u1ebfn. Gi\u00e1 n\u01b0\u1edbc tr\u00e1i c\u00e2y SARERI h\u1ee3p l\u00fd n\u00ean \u0111\u00e2y l\u00e0 s\u1ea3n ph\u1ea9m kh\u00f4ng nh\u1eefng \u0111\u01b0\u1ee3c gi\u1edbi tr\u1ebb \u01b0a chu\u1ed9ng m\u00e0 ngay c\u1ea3 ng\u01b0\u1eddi gi\u00e0, tr\u1ebb nh\u1ecf c\u0169ng \u0111\u1ec1u r\u1ea5t th\u00edch \u0111\u1ed3 u\u1ed1ng n\u00e0y.<\/span><\/p>\n<p><img decoding=\"async\" class=\"wp-image-19319 aligncenter\" src=\"https:\/\/havamall.vn\/wp-content\/uploads\/2021\/01\/102423704_169157587958547_8002406310314233586_n-300x168.jpg\" alt=\"\" width=\"655\" height=\"367\" srcset=\"https:\/\/havamall.vn\/wp-content\/uploads\/2021\/01\/102423704_169157587958547_8002406310314233586_n-300x168.jpg 300w, https:\/\/havamall.vn\/wp-content\/uploads\/2021\/01\/102423704_169157587958547_8002406310314233586_n-430x241.jpg 430w, https:\/\/havamall.vn\/wp-content\/uploads\/2021\/01\/102423704_169157587958547_8002406310314233586_n-150x84.jpg 150w, https:\/\/havamall.vn\/wp-content\/uploads\/2021\/01\/102423704_169157587958547_8002406310314233586_n-700x392.jpg 700w, https:\/\/havamall.vn\/wp-content\/uploads\/2021\/01\/102423704_169157587958547_8002406310314233586_n-768x430.jpg 768w, https:\/\/havamall.vn\/wp-content\/uploads\/2021\/01\/102423704_169157587958547_8002406310314233586_n-600x336.jpg 600w, https:\/\/havamall.vn\/wp-content\/uploads\/2021\/01\/102423704_169157587958547_8002406310314233586_n.jpg 960w\" sizes=\"(max-width: 655px) 100vw, 655px\" \/><\/p>\n<p><span style=\"font-weight: 400\">N\u01b0\u1edbc tr\u00e1i c\u00e2y SARERI \u0111\u01b0\u1ee3c \u0111\u00f3ng g\u00f3i v\u00e0 s\u1ea3n xu\u1ea5t tr\u00ean d\u00e2y chuy\u1ec1n c\u00f4ng ngh\u1ec7 hi\u1ec7n \u0111\u1ea1i kh\u00e9p k\u00edn theo ti\u00eau chu\u1ea9n qu\u1ed1c t\u1ebf c\u00f9ng ngu\u1ed3n nguy\u00ean li\u1ec7u \u0111\u00e3 \u0111\u01b0\u1ee3c ki\u1ec3m \u0111\u1ecbnh nghi\u00eam ng\u1eb7t. V\u1ecb tr\u00e1i c\u00e2y ngon tuy\u1ec7t trong t\u1eebng s\u1ea3n ph\u1ea9m v\u1edbi nh\u1eefng d\u01b0\u1ee1ng ch\u1ea5t c\u00f3 l\u1ee3i cho s\u1ee9c kh\u1ecfe s\u1ebd gi\u00fap b\u1ea1n b\u00f9 \u0111\u1eafp n\u01b0\u1edbc, tr\u1edf n\u00ean s\u1ea3ng kho\u00e1i v\u00e0 nhi\u1ec1u n\u0103ng l\u01b0\u1ee3ng cho c\u1ea3 ng\u00e0y ho\u1ea1t \u0111\u1ed9ng.\u00a0<\/span><\/p>\n<p><img decoding=\"async\" class=\"wp-image-19446 aligncenter\" src=\"https:\/\/havamall.vn\/wp-content\/uploads\/2021\/01\/Cornelian-cherry-compote-300x200.jpg\" alt=\"\" width=\"651\" height=\"434\" srcset=\"https:\/\/havamall.vn\/wp-content\/uploads\/2021\/01\/Cornelian-cherry-compote-300x200.jpg 300w, https:\/\/havamall.vn\/wp-content\/uploads\/2021\/01\/Cornelian-cherry-compote-430x287.jpg 430w, https:\/\/havamall.vn\/wp-content\/uploads\/2021\/01\/Cornelian-cherry-compote-150x100.jpg 150w, https:\/\/havamall.vn\/wp-content\/uploads\/2021\/01\/Cornelian-cherry-compote-700x467.jpg 700w, https:\/\/havamall.vn\/wp-content\/uploads\/2021\/01\/Cornelian-cherry-compote-768x513.jpg 768w, https:\/\/havamall.vn\/wp-content\/uploads\/2021\/01\/Cornelian-cherry-compote-1024x684.jpg 1024w, https:\/\/havamall.vn\/wp-content\/uploads\/2021\/01\/Cornelian-cherry-compote.jpg 1200w, https:\/\/havamall.vn\/wp-content\/uploads\/2021\/01\/Cornelian-cherry-compote-600x401.jpg 600w\" sizes=\"(max-width: 651px) 100vw, 651px\" \/><\/p>\n<p><span style=\"font-weight: 400\">H\u01a1n th\u1ebf n\u1eefa, s\u1ea3n ph\u1ea9m \u0111\u01b0\u1ee3c b\u1ea3o qu\u1ea3n v\u00e0 \u0111\u00f3ng g\u00f3i k\u00edn, kh\u00f4ng s\u1ee3 b\u1ecb bi\u1ebfn \u0111\u1ed5i ch\u1ea5t n\u00ean b\u1ea1n c\u00f3 th\u1ec3 d\u1ec5 d\u00e0ng mang theo khi \u0111i l\u00e0m, \u0111i h\u1ecdc hay trong c\u00e1c chuy\u1ebfn du l\u1ecbch.\u00a0<\/span><span style=\"font-weight: 400\">N\u01b0\u1edbc tr\u00e1i c\u00e2y cherry Sareri Cherry Compote chai 300ml \u0111\u01b0\u1ee3c s\u1ea3n xu\u1ea5t t\u1eeb n\u01b0\u1edbc, cherry (16%), \u0111\u01b0\u1eddng, kh\u00f4ng ph\u1ea9m m\u00e0u, kh\u00f4ng ch\u1ee9a ch\u1ea5t b\u1ea3o qu\u1ea3n, \u0111\u1ea1t ti\u00eau chu\u1ea9n an to\u00e0n v\u1ec7 sinh th\u1ef1c ph\u1ea9m.\u00a0<\/span><\/p>\n<p><img loading=\"lazy\" decoding=\"async\" class=\"aligncenter\" src=\"https:\/\/havamall.vn\/wp-content\/uploads\/2021\/01\/Working-Holiday-New-Zealand-17.jpg\" alt=\"Working Holiday New Zealand: kinh nghi\u1ec7m h\u00e1i cherry v\u00e0 blueberry - \u0110\u00e0o t\u1ea1o Barista chuy\u00ean nghi\u1ec7p\" width=\"670\" height=\"423\" \/><\/p>\n<p><span style=\"font-weight: 400\">\u0110\u01b0\u1ee3c \u0111\u00f3ng chai th\u1ee7y tinh c\u00f3 n\u1eafp k\u00edn sang tr\u1ecdng, b\u1eaft m\u1eaft r\u1ea5t ti\u1ec7n l\u1ee3i trong vi\u1ec7c s\u1eed d\u1ee5ng v\u00e0 b\u1ea3o qu\u1ea3n t\u1ea1i gia \u0111\u00ecnh. S\u1ea3n ph\u1ea9m r\u1ea5t h\u1ee3p \u0111\u1ec3 l\u00e0m qu\u00e0 t\u1eb7ng trong c\u00e1c d\u1ecbp l\u1ec5 t\u1ebft cho b\u1ea1n b\u00e8, ng\u01b0\u1eddi th\u00e2n, \u0111\u1ed1i t\u00e1c. D\u1ec5 d\u00e0ng mang theo khi \u0111i h\u1ecdc, \u0111i l\u00e0m, \u0111i du l\u1ecbch.<\/span><\/p>\n<p><img loading=\"lazy\" decoding=\"async\" class=\"wp-image-19447 aligncenter\" src=\"https:\/\/havamall.vn\/wp-content\/uploads\/2021\/01\/61877819_1403575546450092_8353479952112287744_n-300x200.jpg\" alt=\"\" width=\"672\" height=\"448\" srcset=\"https:\/\/havamall.vn\/wp-content\/uploads\/2021\/01\/61877819_1403575546450092_8353479952112287744_n-300x200.jpg 300w, https:\/\/havamall.vn\/wp-content\/uploads\/2021\/01\/61877819_1403575546450092_8353479952112287744_n-430x286.jpg 430w, https:\/\/havamall.vn\/wp-content\/uploads\/2021\/01\/61877819_1403575546450092_8353479952112287744_n-150x100.jpg 150w, https:\/\/havamall.vn\/wp-content\/uploads\/2021\/01\/61877819_1403575546450092_8353479952112287744_n.jpg 590w\" sizes=\"(max-width: 672px) 100vw, 672px\" \/><\/p>\n<p><span style=\"font-weight: 400\">N\u01b0\u1edbc tr\u00e1i c\u00e2y v\u1edbi h\u01b0\u01a1ng v\u1ecb th\u01a1m ngon, gi\u00fap b\u1ed5 sung n\u0103ng l\u01b0\u1ee3ng v\u00e0 Vitamin thi\u1ebft y\u1ebfu cho c\u01a1 th\u1ec3 c\u1ee7a b\u1ea1n.<br \/>\n<\/span><span style=\"font-weight: 400\">Kh\u00f4ng ch\u1ee9a siro ng\u00f4 gi\u00e0u fructose, kh\u00f4ng GMO, kh\u00f4ng ch\u1ee9a gluten, kh\u00f4ng ch\u1ea5t b\u1ea3o qu\u1ea3n, kh\u00f4ng th\u00e0nh ph\u1ea7n nh\u00e2n t\u1ea1o, kh\u00f4ng ph\u1ea9m m\u00e0u. \u0110\u1ea3m b\u1ea3o an to\u00e0n v\u1ec7 sinh th\u1ef1c ph\u1ea9m.<\/span><\/p>\n<p><img loading=\"lazy\" decoding=\"async\" class=\"aligncenter\" src=\"https:\/\/havamall.vn\/wp-content\/uploads\/2021\/01\/loi-ich-neu-moi-ngay-ban-dung-1-ly-nuoc-ep-cherry-01.jpg\" alt=\"5 th\u1ee9c u\u1ed1ng t\u1ef1 nhi\u00ean t\u1ea1i gia gi\u00fap b\u1ea1n d\u1ec5 ng\u1ee7 h\u01a1n\" width=\"676\" height=\"383\" \/><\/p>\n<h4><strong>H\u01b0\u1edbng d\u1eabn s\u1eed d\u1ee5ng v\u00e0 b\u1ea3o qu\u1ea3n:<\/strong><\/h4>\n<p><span style=\"font-weight: 400\">&#8211; Ngon h\u01a1n khi u\u1ed1ng l\u1ea1nh<\/span><\/p>\n<p><span style=\"font-weight: 400\">&#8211; B\u1ea3o qu\u1ea3n n\u01a1i tho\u00e1ng m\u00e1t, tr\u00e1nh \u00e1nh n\u1eafng tr\u1ef1c ti\u1ebfp.<\/span><\/p>\n<p><span style=\"font-weight: 400\">&#8211; B\u1ea3o qu\u1ea3n l\u1ea1nh v\u00e0 s\u1eed d\u1ee5ng trong v\u00f2ng 5 ng\u00e0y sau khi m\u1edf n\u1eafp<\/span><\/p>\n<p>S\u1ea3n ph\u1ea9m hi\u1ec7n \u0111\u00e3 c\u00f3 m\u1eb7t t\u1ea1i Havamall.<\/p>","protected":false},"excerpt":{"rendered":"<p><span style=\"font-weight: 400\">SARERI Compote v\u1edbi h\u01b0\u01a1ng v\u1ecb \u0111\u1ed9c \u0111\u00e1o v\u00e0 l\u1ee3i \u00edch s\u1ee9c kh\u1ecfe, \u0111\u01b0\u1ee3c l\u00e0m t\u1eeb nhi\u1ec1u lo\u1ea1i\u00a0<\/span><span style=\"font-weight: 400\">tr\u00e1i c\u00e2y v\u00e0 qu\u1ea3 m\u1ecdng ngon t\u1eeb v\u01b0\u1eddn c\u00e2y \u0103n qu\u1ea3 \u1edf M\u1ef9.<br \/>\n<\/span><span style=\"font-weight: 400\">N\u01b0\u1edbc tr\u00e1i c\u00e2y cherry r\u1ea5t gi\u00e0u vitamin, kho\u00e1ng ch\u1ea5t v\u00e0 c\u00e1c ch\u1ea5t dinh d\u01b0\u1ee1ng vi l\u01b0\u1ee3ng thi\u1ebft y\u1ebfu. SARERI Compote l\u00e0 lo\u1ea1i \u0111\u1ed3 u\u1ed1ng \u0111\u01b0\u1ee3c l\u00e0m b\u1eb1ng tay truy\u1ec1n th\u1ed1ng. B\u1ea1n c\u00f3 th\u1ec3 t\u1eadn h\u01b0\u1edfng h\u01b0\u01a1ng v\u1ecb ng\u1ecdt ng\u00e0o v\u00e0 th\u01a1m ngon t\u1eeb n\u01b0\u1edbc tr\u00e1i c\u00e2y nh\u01b0 m\u1ed9t th\u1ee9c u\u1ed1ng ho\u1eb7c m\u1ed9t m\u00f3n tr\u00e1ng mi\u1ec7ng.<\/span><\/p>","protected":false},"featured_media":18039,"comment_status":"open","ping_status":"closed","template":"","meta":[],"product_brand":[],"product_cat":[36,135],"product_tag":[],"class_list":{"0":"post-17999","1":"product","2":"type-product","3":"status-publish","4":"has-post-thumbnail","6":"product_cat-thuc-pham-tieu-dung","7":"product_cat-sua-do-uong","9":"first","10":"outofstock","11":"sale","12":"shipping-taxable","13":"purchasable","14":"product-type-simple"},"_links":{"self":[{"href":"https:\/\/havamall.vn\/en\/wp-json\/wp\/v2\/product\/17999"}],"collection":[{"href":"https:\/\/havamall.vn\/en\/wp-json\/wp\/v2\/product"}],"about":[{"href":"https:\/\/havamall.vn\/en\/wp-json\/wp\/v2\/types\/product"}],"replies":[{"embeddable":true,"href":"https:\/\/havamall.vn\/en\/wp-json\/wp\/v2\/comments?post=17999"}],"version-history":[{"count":0,"href":"https:\/\/havamall.vn\/en\/wp-json\/wp\/v2\/product\/17999\/revisions"}],"wp:featuredmedia":[{"embeddable":true,"href":"https:\/\/havamall.vn\/en\/wp-json\/wp\/v2\/media\/18039"}],"wp:attachment":[{"href":"https:\/\/havamall.vn\/en\/wp-json\/wp\/v2\/media?parent=17999"}],"wp:term":[{"taxonomy":"product_brand","embeddable":true,"href":"https:\/\/havamall.vn\/en\/wp-json\/wp\/v2\/product_brand?post=17999"},{"taxonomy":"product_cat","embeddable":true,"href":"https:\/\/havamall.vn\/en\/wp-json\/wp\/v2\/product_cat?post=17999"},{"taxonomy":"product_tag","embeddable":true,"href":"https:\/\/havamall.vn\/en\/wp-json\/wp\/v2\/product_tag?post=17999"}],"curies":[{"name":"wp","href":"https:\/\/api.w.org\/{rel}","templated":true}]}}