{"id":17965,"date":"2021-01-21T15:22:42","date_gmt":"2021-01-21T08:22:42","guid":{"rendered":"https:\/\/havamall.vn\/?post_type=product&#038;p=17965"},"modified":"2021-06-24T15:24:27","modified_gmt":"2021-06-24T08:24:27","slug":"hat-dieu-vo-lua-rang-muoi-thai-bon-180g","status":"publish","type":"product","link":"https:\/\/havamall.vn\/en\/shop\/hat-dieu-vo-lua-rang-muoi-thai-bon-180g\/","title":{"rendered":"H\u1ea1t \u0110i\u1ec1u V\u1ecf L\u1ee5a Rang Mu\u1ed1i Th\u00e1i Bon 180g"},"content":{"rendered":"<table>\n<tbody>\n<tr>\n<td>Th\u01b0\u01a1ng hi\u1ec7u<\/td>\n<td>Th\u00e1i Bon<\/td>\n<\/tr>\n<tr>\n<td>Xu\u1ea5t x\u1ee9<\/td>\n<td>Vi\u1ec7t Nam<\/td>\n<\/tr>\n<tr>\n<td>Th\u00e0nh ph\u1ea7n<\/td>\n<td>H\u1ea1t \u0111i\u1ec1u v\u1ecf l\u1ee5a, mu\u1ed1i<\/td>\n<\/tr>\n<tr>\n<td>H\u1ea1n s\u1eed d\u1ee5ng<\/td>\n<td>12 th\u00e1ng k\u1ec3 t\u1eeb ng\u00e0y s\u1ea3n xu\u1ea5t.<\/td>\n<\/tr>\n<tr>\n<td>B\u1ea3o qu\u1ea3n<\/td>\n<td>\u0110\u1ec3 n\u01a1i kh\u00f4 r\u00e1o, tho\u00e1ng m\u00e1t, tr\u00e1nh \u00e1nh n\u1eafng tr\u1ef1c ti\u1ebfp<\/td>\n<\/tr>\n<tr>\n<td>Kh\u1ed1i l\u01b0\u1ee3ng t\u1ecbnh<\/td>\n<td>180g<\/td>\n<\/tr>\n<\/tbody>\n<\/table>\n<p><span style=\"font-weight: 400\">H\u1ea1t \u0111i\u1ec1u v\u1ecf l\u1ee5a rang mu\u1ed1i Th\u00e1i Bon th\u01a1m ngon, b\u00e9o ng\u1eady, n\u1ed5i ti\u1ebfng v\u1edbi \u0111\u1ed9 th\u01a1m ngon, gi\u00e0u dinh d\u01b0\u1ee1ng\u00a0<\/span><\/p>\n<p><span style=\"font-weight: 400\">T\u1eebng h\u1ea1t \u0111i\u1ec1u \u0111\u01b0\u1ee3c ch\u1ecdn l\u1ef1a k\u1ef9 c\u00e0ng v\u00e0 tr\u1ea3i qua qu\u00e1 tr\u00ecnh s\u1ea3n xu\u1ea5t \u0111\u00fang chu\u1ea9n, c\u1ea9n th\u1eadn v\u00e0 t\u1ec9 m\u1ec9 \u0111\u1ec3 t\u1ea1o n\u00ean m\u1ed9t s\u1ea3n ph\u1ea9m h\u1ea1t \u0111i\u1ec1u rang mu\u1ed1i \u0111\u1ef1ng trong l\u1ecd ho\u00e0n h\u1ea3o, nh\u1eb1m \u0111\u00e1p \u1ee9ng t\u1ed1t nh\u1ea5t nhu c\u1ea7u c\u1ee7a ng\u01b0\u1eddi s\u1eed d\u1ee5ng.\u00a0 \u0110\u00e2y l\u00e0 lo\u1ea1i \u0111i\u1ec1u lo\u1ea1i m\u1ed9t, kh\u00f4ng ch\u1ec9 \u0111\u01b0\u1ee3c b\u00e1n t\u1ea1i th\u1ecb tr\u01b0\u1eddng Vi\u1ec7t Nam, m\u00e0 c\u00f2n xu\u1ea5t kh\u1ea9u sang nhi\u1ec1u qu\u1ed1c gia tr\u00ean th\u1ebf gi\u1edbi.<\/span><\/p>\n<p><img fetchpriority=\"high\" decoding=\"async\" class=\"aligncenter\" src=\"https:\/\/havamall.vn\/wp-content\/uploads\/2021\/01\/14_ysbe.jpg\" alt=\"\u0110\u1eb7c s\u1ea3n T\u1ebft Canh T\u00fd: H\u1ea5p d\u1eabn h\u1ea1t \u0111i\u1ec1u rang c\u1ee7i \u0111i\u1ec1u | \u0110\u1eddi s\u1ed1ng | Thanh Ni\u00ean\" width=\"628\" height=\"405\" \/><\/p>\n<p><span style=\"font-weight: 400\">\u0110\u1ed1i v\u1edbi h\u1ea1t \u0111i\u1ec1u rang mu\u1ed1i c\u00f2n v\u1ecf l\u1ee5a, rang mu\u1ed1i l\u00e0m t\u0103ng h\u01b0\u01a1ng v\u1ecb cho h\u1ea1t \u0111i\u1ec1u, khi b\u1ea1n t\u00e1ch ph\u1ea7n v\u1ecf l\u1ee5a s\u1ebd kh\u00f4ng c\u00f2n nhi\u1ec1u mu\u1ed1i, th\u00edch h\u1ee3p cho nh\u1eefng ng\u01b0\u1eddi ph\u1ea3i ki\u00eang mu\u1ed1i, b\u1ecb huy\u1ebft \u00e1p, ti\u1ec3u \u0111\u01b0\u1eddng, c\u00f2n l\u01b0\u1ee3ng \u0111\u01b0\u1eddng trong nh\u00e2n \u0111i\u1ec1u ch\u1ec9 gi\u00fap t\u0103ng h\u01b0\u01a1ng v\u1ecb ri\u00eang bi\u1ec7t c\u1ee7a h\u1ea1t \u0111i\u1ec1u m\u00e0 kh\u00f4ng h\u1ec1 l\u00e0m t\u0103ng \u0111\u01b0\u1eddng huy\u1ebft c\u1ee7a b\u1ea1n.<\/span><\/p>\n<p><img decoding=\"async\" class=\"aligncenter\" src=\"https:\/\/havamall.vn\/wp-content\/uploads\/2021\/01\/banh-quy-hat-dieu.jpg\" alt=\"C\u00e1ch l\u00e0m b\u00e1nh quy h\u1ea1t \u0111i\u1ec1u th\u01a1m ngon gi\u00f2n r\u1ee5m - H\u1ea1t \u0110i\u1ec1u B\u00ecnh Ph\u01b0\u1edbc\" width=\"630\" height=\"338\" \/><\/p>\n<h4><strong>\u0110\u1eb7c \u0111i\u1ec3m s\u1ea3n ph\u1ea9m:<\/strong><\/h4>\n<p><span style=\"font-weight: 400\">\u2013 V\u1ecf l\u1ee5a b\u1ea3o v\u1ec7 nh\u00e2n \u0111i\u1ec1u kh\u00f4ng b\u1ecb d\u00ednh nh\u1ef1a sau nhi\u1ec1u c\u00f4ng \u0111o\u1ea1n x\u1eed l\u00fd t\u00e1ch v\u1ecf h\u1ea1t<\/span><\/p>\n<p><span style=\"font-weight: 400\">\u2013 Khi \u0111\u01b0\u1ee3c x\u1eed l\u00fd v\u1edbi n\u01b0\u1edbc mu\u1ed1i, v\u1ecf l\u1ee5a gi\u00fap nh\u00e2n \u0111i\u1ec1u kh\u00f4ng ti\u1ebfp x\u00fac v\u1edbi n\u01b0\u1edbc mu\u1ed1i c\u00f3 l\u1eabn nh\u1ef1a h\u1ea1t \u0111i\u1ec1u.<\/span><\/p>\n<p><span style=\"font-weight: 400\">\u2013 Sau khi ph\u01a1i kh\u00f4 v\u00e0 b\u1eaft \u0111\u1ea7u rang mu\u1ed1i, l\u1edbp v\u1ecf l\u1ee5a b\u1ea3o v\u1ec7 nh\u00e2n \u0111i\u1ec1u kh\u00f4ng b\u1ecb b\u00e1m qu\u00e1 nhi\u1ec1u mu\u1ed1i khi rang v\u00e0 tr\u00e1nh nh\u00e2n \u0111i\u1ec1u b\u1ecb \u00e1p tr\u1ef1c ti\u1ebfp v\u00e0o th\u00e0nh n\u1ed3i rang, ch\u1ea3o rang b\u1ecb x\u00e9m b\u1ec1 m\u1eb7t m\u1ea5t th\u1ea9m m\u1ef9, n\u1ebfu kh\u00f4ng c\u00f3 k\u1ef9 thu\u1eadt s\u1ebd khi\u1ebfn nh\u00e2n \u0111i\u1ec1u b\u1ecb ch\u00e1y, m\u1ea5t ngon.<\/span><\/p>\n<p><span style=\"font-weight: 400\">\u2013 M\u1ed9t l\u00fd do r\u1ea5t quan tr\u1ecdng kh\u00e1c l\u00e0 \u0111i\u1ec1u rang mu\u1ed1i c\u00f2n v\u1ecf l\u1ee5a \u0111\u1ea3m b\u1ea3o t\u00ednh an to\u00e0n, s\u1ea1ch s\u1ebd, v\u1eeba \u0103n b\u1ea1n v\u1eeba t\u00e1ch v\u1ecf s\u1ebd cho b\u1ea1n c\u1ea3m gi\u00e1c t\u1ef1 tin h\u01a1n, an to\u00e0n h\u01a1n v\u00e0 ngon h\u01a1n.<\/span><\/p>\n<p><img decoding=\"async\" class=\"aligncenter\" src=\"https:\/\/havamall.vn\/wp-content\/uploads\/2021\/01\/bao-quan-hat-dieu-4.jpg\" alt=\"M\u1eb9o b\u1ea3o qu\u1ea3n h\u1ea1t \u0111i\u1ec1u t\u01b0\u01a1i, kh\u00f4 t\u1ea1i nh\u00e0 kh\u00f4ng b\u1ecb m\u1ed1c - META.vn\" width=\"622\" height=\"467\" \/><\/p>\n<h4><strong>H\u01b0\u1edbng d\u1eabn s\u1eed d\u1ee5ng:<\/strong><\/h4>\n<p><span style=\"font-weight: 400\">&#8211; Lo\u1ea1i h\u1ea1t nguy\u00ean ch\u1ea5t c\u00f3 th\u1ec3 \u0103n tr\u1ef1c ti\u1ebfp<\/span><\/p>\n<p><span style=\"font-weight: 400\">&#8211; Ch\u1ebf bi\u1ebfn th\u00e0nh c\u00e1c m\u00f3n \u0103n<\/span><\/p>\n<p><span style=\"font-weight: 400\">&#8211; D\u00f9ng chung v\u1edbi s\u1eefa v\u00e0 ng\u0169 c\u1ed1c, l\u00e0m b\u00e1nh,\u2026<\/span><\/p>\n<p><img loading=\"lazy\" decoding=\"async\" class=\"aligncenter\" src=\"https:\/\/havamall.vn\/wp-content\/uploads\/2021\/01\/photo-4-1531451271312599770303.jpg\" alt=\"Salad g\u00e0 l\u00e0m ki\u1ec3u n\u00e0y ai \u0103n c\u0169ng ph\u1ea3i khen n\u1ee9c n\u1edf\" width=\"625\" height=\"875\" \/><\/p>\n<h4><strong>H\u01b0\u1edbng d\u1eabn b\u1ea3o qu\u1ea3n:\u00a0<\/strong><\/h4>\n<p><span style=\"font-weight: 400\">&#8211; N\u01a1i kh\u00f4 tho\u00e1ng, tr\u00e1nh \u00e1nh n\u1eafng tr\u1ef1c ti\u1ebfp<\/span><\/p>\n<p><span style=\"font-weight: 400\">&#8211; \u0110\u1eady n\u1eafp k\u00edn sau khi s\u1eed d\u1ee5ng.\u00a0<\/span><\/p>\n<p><span style=\"font-weight: 400\">&#8211; B\u1ea3o qu\u1ea3n t\u1ed1t nh\u1ea5t l\u00e0 \u0111\u1eady k\u00edn v\u00e0 \u0111\u1ec3 trong ng\u0103n m\u00e1t t\u1ee7 l\u1ea1nh.<\/span><\/p>\n<p>S\u1ea3n ph\u1ea9m hi\u1ec7n \u0111\u00e3 c\u00f3 m\u1eb7t t\u1ea1i Havamall.<\/p>","protected":false},"excerpt":{"rendered":"<p><span style=\"font-weight: 400\">H\u1ea1t \u0111i\u1ec1u v\u1ecf l\u1ee5a rang mu\u1ed1i Th\u00e1i Bon th\u01a1m ngon, b\u00e9o ng\u1eady, n\u1ed5i ti\u1ebfng v\u1edbi \u0111\u1ed9 th\u01a1m ngon, gi\u00e0u dinh d\u01b0\u1ee1ng<br \/>\n<\/span><span style=\"font-weight: 400\">T\u1eebng h\u1ea1t \u0111i\u1ec1u \u0111\u01b0\u1ee3c ch\u1ecdn l\u1ef1a k\u1ef9 c\u00e0ng v\u00e0 tr\u1ea3i qua qu\u00e1 tr\u00ecnh s\u1ea3n xu\u1ea5t \u0111\u00fang chu\u1ea9n, c\u1ea9n th\u1eadn v\u00e0 t\u1ec9 m\u1ec9 \u0111\u1ec3 t\u1ea1o n\u00ean m\u1ed9t s\u1ea3n ph\u1ea9m h\u1ea1t \u0111i\u1ec1u rang mu\u1ed1i \u0111\u1ef1ng trong l\u1ecd ho\u00e0n h\u1ea3o, nh\u1eb1m \u0111\u00e1p \u1ee9ng t\u1ed1t nh\u1ea5t nhu c\u1ea7u c\u1ee7a ng\u01b0\u1eddi s\u1eed d\u1ee5ng.<br \/>\n\u0110\u00e2y l\u00e0 lo\u1ea1i \u0111i\u1ec1u lo\u1ea1i m\u1ed9t, kh\u00f4ng ch\u1ec9 \u0111\u01b0\u1ee3c b\u00e1n t\u1ea1i th\u1ecb tr\u01b0\u1eddng Vi\u1ec7t Nam, m\u00e0 c\u00f2n xu\u1ea5t kh\u1ea9u sang nhi\u1ec1u qu\u1ed1c gia tr\u00ean th\u1ebf gi\u1edbi.<\/span><\/p>","protected":false},"featured_media":18079,"comment_status":"open","ping_status":"closed","template":"","meta":[],"product_brand":[],"product_cat":[36,134,143],"product_tag":[],"class_list":{"0":"post-17965","1":"product","2":"type-product","3":"status-publish","4":"has-post-thumbnail","6":"product_cat-thuc-pham-tieu-dung","7":"product_cat-thucpham-saykho","8":"product_cat-thuc-pham-dong-hop","9":"pa_brand-thai-bon","11":"first","12":"outofstock","13":"sale","14":"shipping-taxable","15":"purchasable","16":"product-type-simple"},"_links":{"self":[{"href":"https:\/\/havamall.vn\/en\/wp-json\/wp\/v2\/product\/17965"}],"collection":[{"href":"https:\/\/havamall.vn\/en\/wp-json\/wp\/v2\/product"}],"about":[{"href":"https:\/\/havamall.vn\/en\/wp-json\/wp\/v2\/types\/product"}],"replies":[{"embeddable":true,"href":"https:\/\/havamall.vn\/en\/wp-json\/wp\/v2\/comments?post=17965"}],"version-history":[{"count":0,"href":"https:\/\/havamall.vn\/en\/wp-json\/wp\/v2\/product\/17965\/revisions"}],"wp:featuredmedia":[{"embeddable":true,"href":"https:\/\/havamall.vn\/en\/wp-json\/wp\/v2\/media\/18079"}],"wp:attachment":[{"href":"https:\/\/havamall.vn\/en\/wp-json\/wp\/v2\/media?parent=17965"}],"wp:term":[{"taxonomy":"product_brand","embeddable":true,"href":"https:\/\/havamall.vn\/en\/wp-json\/wp\/v2\/product_brand?post=17965"},{"taxonomy":"product_cat","embeddable":true,"href":"https:\/\/havamall.vn\/en\/wp-json\/wp\/v2\/product_cat?post=17965"},{"taxonomy":"product_tag","embeddable":true,"href":"https:\/\/havamall.vn\/en\/wp-json\/wp\/v2\/product_tag?post=17965"}],"curies":[{"name":"wp","href":"https:\/\/api.w.org\/{rel}","templated":true}]}}