{"id":17964,"date":"2021-01-21T14:52:11","date_gmt":"2021-01-21T07:52:11","guid":{"rendered":"https:\/\/havamall.vn\/?post_type=product&#038;p=17964"},"modified":"2021-06-24T15:18:46","modified_gmt":"2021-06-24T08:18:46","slug":"hat-hanh-nhan-thai-bon-180g","status":"publish","type":"product","link":"https:\/\/havamall.vn\/en\/shop\/hat-hanh-nhan-thai-bon-180g\/","title":{"rendered":"H\u1ea1t H\u1ea1nh Nh\u00e2n Th\u00e1i Bon 180G"},"content":{"rendered":"<table>\n<tbody>\n<tr>\n<td>Th\u01b0\u01a1ng hi\u1ec7u<\/td>\n<td>Th\u00e1i Bon<\/td>\n<\/tr>\n<tr>\n<td>Xu\u1ea5t x\u1ee9<\/td>\n<td>Vi\u1ec7t Nam<\/td>\n<\/tr>\n<tr>\n<td>Th\u00e0nh ph\u1ea7n<\/td>\n<td>H\u1ea1t h\u1ea1nh nh\u00e2n<\/td>\n<\/tr>\n<tr>\n<td>H\u1ea1n s\u1eed d\u1ee5ng<\/td>\n<td>12 th\u00e1ng k\u1ec3 t\u1eeb ng\u00e0y s\u1ea3n xu\u1ea5t.<\/td>\n<\/tr>\n<tr>\n<td>B\u1ea3o qu\u1ea3n<\/td>\n<td>\u0110\u1ec3 n\u01a1i kh\u00f4 r\u00e1o, tho\u00e1ng m\u00e1t, tr\u00e1nh \u00e1nh n\u1eafng tr\u1ef1c ti\u1ebfp<\/td>\n<\/tr>\n<tr>\n<td>Kh\u1ed1i l\u01b0\u1ee3ng t\u1ecbnh<\/td>\n<td>170g<\/td>\n<\/tr>\n<\/tbody>\n<\/table>\n<p><span style=\"font-weight: 400\">H\u1ea1t h\u1ea1nh nh\u00e2n Th\u00e1i Bon \u0111\u01b0\u1ee3c l\u1ef1a ch\u1ecdn k\u1ef9 l\u01b0\u1ee1ng t\u1eeb ngu\u1ed3n h\u1ea1nh nh\u00e2n c\u00f3 v\u1ecf m\u1ecfng n\u00ean r\u1ea5t d\u1ec5 d\u00e0ng m\u1edf v\u1ecf. \u0110\u1eb7c bi\u1ec7t v\u1ecb gi\u00f2n, ng\u1ecdt c\u1ee7a h\u1ea1nh nh\u00e2n l\u00e0m n\u00ean s\u1ef1 \u0111\u1eadm \u0111\u00e0 kh\u00f3 c\u01b0\u1ee1ng, ch\u1eafc h\u1eb3n s\u1ebd l\u00e0 l\u1ef1a ch\u1ecdn t\u1ed1t nh\u1ea5t cho gia \u0111\u00ecnh b\u1ea1n. L\u00e0 m\u1ed9t m\u00f3n \u0103n v\u1eb7t kh\u00f4ng th\u1ec3 thi\u1ebfu, <\/span><span style=\"font-weight: 400\">h\u1ea1t h\u1ea1nh nh\u00e2n Th\u00e1i Bon \u0111\u01b0\u1ee3c y\u00eau th\u00edch h\u01a1n c\u1ea3 b\u1edfi v\u1ecb b\u00f9i ng\u1eady, b\u00e9o th\u01a1m v\u00e0 h\u00e0m l\u01b0\u1ee3ng dinh d\u01b0\u1ee1ng cao.<\/span><\/p>\n<p><img fetchpriority=\"high\" decoding=\"async\" class=\"aligncenter\" src=\"https:\/\/havamall.vn\/wp-content\/uploads\/2021\/01\/hanh-nhan-3.jpg\" alt=\"H\u1ea1nh nh\u00e2n t\u1ea9m m\u1eadt rang b\u01a1 \u2013 Hoa qu\u1ea3 s\u1ea1ch \u0110\u00e0 L\u1ea1t\" width=\"621\" height=\"622\" \/><\/p>\n<p><span style=\"font-weight: 400\">S\u1ea3n ph\u1ea9m \u0111\u01b0\u1ee3c ch\u1ebf bi\u1ebfn t\u1eeb nh\u1eefng h\u1ea1t h\u1ea1nh nh\u00e2n ch\u1ecdn l\u1ecdc, rang \u0111\u1ee7 l\u1eeda t\u1ef1 nhi\u00ean v\u00e0 gi\u1eef nguy\u00ean l\u1edbp v\u1ecf, mang h\u01b0\u01a1ng v\u1ecb \u0111\u1eb7c tr\u01b0ng, kh\u00f4ng ch\u1ee9a ch\u1ea5t b\u1ea3o qu\u1ea3n, an to\u00e0n cho s\u1ee9c kh\u1ecfe ng\u01b0\u1eddi s\u1eed d\u1ee5ng.<\/span><\/p>\n<p><span style=\"font-weight: 400\">V\u1edbi H\u1ea1t h\u1ea1nh nh\u00e2n Th\u00e1i Bon, b\u1ea1n c\u00f3 th\u1ec3 d\u00f9ng l\u00e0m \u0111\u1ed3 \u0103n v\u1eb7t ho\u1eb7c mang theo trong c\u00e1c chuy\u1ebfn du l\u1ecbch, d\u00e3 ngo\u1ea1i&#8230; v\u00e0 chia s\u1ebb c\u00f9ng b\u1ea1n b\u00e8 h\u01b0\u01a1ng v\u1ecb h\u1ea1t d\u1ebb th\u01a1m ngon, h\u1ea5p d\u1eabn.\u00a0<\/span><\/p>\n<p><img decoding=\"async\" class=\"aligncenter\" src=\"https:\/\/havamall.vn\/wp-content\/uploads\/2021\/01\/1-TAC-DUNG-CUA-HANH-NHAN.jpg\" alt=\"T\u00e1c d\u1ee5ng tuy\u1ec7t v\u1eddi c\u1ee7a h\u1ea1t h\u1ea1nh nh\u00e2n c\u00f3 th\u1ec3 b\u1ea1n ch\u01b0a bi\u1ebft - DK Harvest\" width=\"623\" height=\"415\" \/><\/p>\n<p><span style=\"font-weight: 400\">H\u1ea1nh nh\u00e2n r\u1ea5t gi\u00e0u ch\u1ea5t x\u01a1, kho\u00e1ng ch\u1ea5t v\u00e0 vitamin, cung c\u1ea5p n\u0103ng l\u01b0\u1ee3ng v\u00e0 c\u00e1c ch\u1ea5t dinh d\u01b0\u1ee1ng c\u1ea7n thi\u1ebft cho c\u01a1 th\u1ec3. Ngo\u00e0i ra ch\u1ea5t b\u00e9o kh\u00f4ng h\u00f2a \u0111\u01a1n trong h\u1ea1nh nh\u00e2n c\u00f2n c\u00f3 th\u1ec3 ng\u0103n ng\u1eeba r\u1ea5t nhi\u1ec1u b\u1ec7nh th\u01b0\u1eddng g\u1eb7p nh\u01b0 b\u1ec7nh v\u1ec1 tim m\u1ea1ch, th\u1ea7n kinh,\u2026<\/span><\/p>\n<p><img decoding=\"async\" class=\"aligncenter\" src=\"https:\/\/havamall.vn\/wp-content\/uploads\/2021\/01\/2e165eb7bfc269bb09008b378f3de4c3.jpg\" alt=\"\u2b50H\u1ea1nh nh\u00e2n M\u1ef9 b\u1ed5 sung Vitamin Omega Canxi S\u1eaft K\u1ebdm t\u1ef1 nhi\u00ean Your Super Food 240g DE-HNM240: Mua b\u00e1n tr\u1ef1c tuy\u1ebfn C\u00e1c lo\u1ea1i \u0111\u1eadu &amp; h\u1ea1t v\u1edbi gi\u00e1 r\u1ebb | Lazada.vn\" width=\"626\" height=\"417\" \/><\/p>\n<h4><strong>C\u00f4ng d\u1ee5ng c\u1ee7a h\u1ea1t h\u1ea1nh nh\u00e2n:<\/strong><\/h4>\n<p><span style=\"font-weight: 400\">&#8211; \u0102n h\u1ea1t nh\u00e2n \u0111\u1ec1u \u0111\u1eb7n s\u1ebd gi\u00fap ch\u00fang ta t\u0103ng h\u00e0m l\u01b0\u1ee3ng <\/span><span style=\"font-weight: 400\">cholesterol<\/span><span style=\"font-weight: 400\"> t\u1ed1t, gi\u1ea3m cholesterol x\u1ea5u v\u00e0 ki\u1ec3m so\u00e1t m\u1ee9c Cholesterol trong m\u00e1u.<\/span><\/p>\n<p><span style=\"font-weight: 400\">&#8211; Ch\u1ea5t <\/span><span style=\"font-weight: 400\">Phenylalanin<\/span> <span style=\"font-weight: 400\">\u2013 m\u1ed9t ch\u1ea5t h\u1ed7 tr\u1ee3 ph\u00e1t tri\u1ec3n ch\u1ee9c n\u0103ng nh\u1eadn th\u1ee9c s\u1ebd \u0111\u01b0\u1ee3c ti\u1ebft ra khi \u0103n h\u1ea1t nh\u00e2n l\u00e0 Gi\u1ea3m stress, tinh th\u1ea7n tho\u1ea3i m\u00e1i v\u00e0 c\u1ea3i thi\u1ec7n tr\u00ed nh\u1edb.<\/span><\/p>\n<p><span style=\"font-weight: 400\">&#8211; Trong h\u1ea1nh nh\u00e2n c\u00f3 ch\u1ee9a nhi\u1ec1u ch\u1ea5t x\u01a1 c\u1ea7n thi\u1ebft cho c\u01a1 th\u1ec3, nh\u1edd th\u1ebf ch\u00fang ta c\u00f3 th\u1ec3 ng\u0103n ng\u1eeba b\u1ec7nh t\u00e1o b\u00f3n hi\u1ec7u qu\u1ea3.<\/span><\/p>\n<p><img loading=\"lazy\" decoding=\"async\" class=\"aligncenter\" src=\"https:\/\/havamall.vn\/wp-content\/uploads\/2021\/01\/almond-amaretto-cake-2.jpg\" alt=\"Almond Amaretto Cake | Liv for Cake\" width=\"624\" height=\"936\" \/><\/p>\n<h4><strong>Ngu\u1ed3n g\u1ed1c c\u1ee7a h\u1ea1t h\u1ea1nh nh\u00e2n:<\/strong><\/h4>\n<p><span style=\"font-weight: 400\">&#8211; L\u00e0 m\u1ed9t lo\u1ea1i h\u1ea1t c\u00f3 l\u1ee3i cho s\u1ee9c kh\u1ecfe v\u00e0 n\u1eb1m trong h\u1ea7u h\u1ebft danh s\u00e1ch c\u00e1c m\u00f3n \u0103n c\u1ee7a n\u01b0\u1edbc M\u1ef9 nh\u01b0ng \u00edt ai bi\u1ebft r\u1eb1ng, h\u1ea1nh nh\u00e2n ban \u0111\u1ea7u l\u00e0 m\u1ed9t lo\u1ea1i qu\u1ea3 c\u00f3 ch\u1ee9a \u0111\u1ed9c t\u1ed1, sau n\u00e0y \u0111\u01b0\u1ee3c n\u00f4ng d\u00e2n thu\u1ea7n h\u00f3a l\u1ea1i th\u00e0nh qu\u1ea3 mang gi\u00e1 tr\u1ecb dinh d\u01b0\u1ee1ng cao.<\/span><\/p>\n<p><span style=\"font-weight: 400\">&#8211; T\u1eeb qu\u1ea3 h\u1ea1nh nh\u00e2n \u0111\u01b0\u1ee3c thu\u1ea7n h\u00f3a, c\u00e1c n\u00f4ng nh\u00e2n b\u1eaft \u0111\u1ea7u thu ho\u1ea1ch v\u00e0 b\u00e1n l\u1ea1i cho c\u00e1c nh\u00e0 m\u00e1y s\u1ea3n xu\u1ea5t. C\u00e1c nh\u00e0 m\u00e1y s\u1ebd ph\u00e2n lo\u1ea1i, ch\u1ebf bi\u1ebfn lo\u1ea1i h\u1ea1t n\u00e0y th\u00e0nh c\u00e1c th\u1ef1c ph\u1ea9m kh\u00e1c nhau v\u00e0 tung ra th\u1ecb tr\u01b0\u1eddng. B\u00ean c\u1ea1nh h\u1ea1nh nh\u00e2n nguy\u00ean ch\u1ea5t, h\u1ea1t nh\u00e2n rang b\u01a1 l\u00e0 s\u1ea3n ph\u1ea9m h\u1ee3p \u201cgu\u201d v\u1edbi ng\u01b0\u1eddi ti\u00eau d\u00f9ng.<\/span><\/p>\n<p><img loading=\"lazy\" decoding=\"async\" class=\"aligncenter\" src=\"https:\/\/havamall.vn\/wp-content\/uploads\/2021\/01\/2-cach-lam-banh-low-carb-don-gian-va-cuc-ngon-bang-chao-chong-dinh--13.jpg\" alt=\"2 c\u00e1ch l\u00e0m b\u00e1nh low-carb \u0111\u01a1n gi\u1ea3n v\u00e0 c\u1ef1c ngon b\u1eb1ng ch\u1ea3o ch\u1ed1ng d\u00ednh\" width=\"630\" height=\"368\" \/><\/p>\n<h4><strong>H\u01b0\u1edbng d\u1eabn b\u1ea3o qu\u1ea3n:\u00a0<\/strong><\/h4>\n<p><span style=\"font-weight: 400\">&#8211; N\u01a1i kh\u00f4 tho\u00e1ng, tr\u00e1nh \u00e1nh n\u1eafng tr\u1ef1c ti\u1ebfp<\/span><\/p>\n<p><span style=\"font-weight: 400\">&#8211; \u0110\u1eady n\u1eafp k\u00edn sau khi s\u1eed d\u1ee5ng.\u00a0<\/span><\/p>\n<p><span style=\"font-weight: 400\">&#8211; B\u1ea3o qu\u1ea3n t\u1ed1t nh\u1ea5t l\u00e0 \u0111\u1eady k\u00edn v\u00e0 \u0111\u1ec3 trong ng\u0103n m\u00e1t t\u1ee7 l\u1ea1nh.<\/span><\/p>\n<p><img loading=\"lazy\" decoding=\"async\" class=\"aligncenter\" src=\"https:\/\/havamall.vn\/wp-content\/uploads\/2021\/01\/693960c024a35c0d2b138a68f655e42d.jpg\" alt=\"H\u1ea1t H\u1ea1nh nh\u00e2n | Th\u1ee9c \u0103n, \u1ea8m th\u1ef1c, Dinh d\u01b0\u1ee1ng\" width=\"627\" height=\"627\" \/><\/p>\n<h4><strong>H\u01b0\u1edbng d\u1eabn s\u1eed d\u1ee5ng:<\/strong><\/h4>\n<p><span style=\"font-weight: 400\">&#8211; Lo\u1ea1i h\u1ea1t nguy\u00ean ch\u1ea5t c\u00f3 th\u1ec3 \u0103n tr\u1ef1c ti\u1ebfp<\/span><\/p>\n<p><span style=\"font-weight: 400\">&#8211; Ch\u1ebf bi\u1ebfn th\u00e0nh c\u00e1c m\u00f3n \u0103n<\/span><\/p>\n<p><span style=\"font-weight: 400\">&#8211; D\u00f9ng chung v\u1edbi s\u1eefa v\u00e0 ng\u0169 c\u1ed1c, l\u00e0m b\u00e1nh,\u2026<\/span><\/p>\n<p>S\u1ea3n ph\u1ea9m hi\u1ec7n \u0111\u00e3 c\u00f3 m\u1eb7t t\u1ea1i Havamall.<\/p>","protected":false},"excerpt":{"rendered":"<p><span style=\"font-weight: 400\">H\u1ea1t h\u1ea1nh nh\u00e2n Th\u00e1i Bon \u0111\u01b0\u1ee3c l\u1ef1a ch\u1ecdn k\u1ef9 l\u01b0\u1ee1ng t\u1eeb ngu\u1ed3n h\u1ea1nh nh\u00e2n c\u00f3 v\u1ecf m\u1ecfng n\u00ean r\u1ea5t d\u1ec5 d\u00e0ng m\u1edf v\u1ecf.<br \/>\n\u0110\u1eb7c bi\u1ec7t v\u1ecb gi\u00f2n, ng\u1ecdt c\u1ee7a h\u1ea1nh nh\u00e2n l\u00e0m n\u00ean s\u1ef1 \u0111\u1eadm \u0111\u00e0 kh\u00f3 c\u01b0\u1ee1ng, ch\u1eafc h\u1eb3n s\u1ebd l\u00e0 l\u1ef1a ch\u1ecdn t\u1ed1t nh\u1ea5t cho gia \u0111\u00ecnh b\u1ea1n.<br \/>\nL\u00e0 m\u1ed9t m\u00f3n \u0103n v\u1eb7t kh\u00f4ng th\u1ec3 thi\u1ebfu, <\/span><span style=\"font-weight: 400\">h\u1ea1t h\u1ea1nh nh\u00e2n Th\u00e1i Bon \u0111\u01b0\u1ee3c y\u00eau th\u00edch h\u01a1n c\u1ea3 b\u1edfi v\u1ecb b\u00f9i ng\u1eady, b\u00e9o th\u01a1m v\u00e0 h\u00e0m l\u01b0\u1ee3ng dinh d\u01b0\u1ee1ng cao.<\/span><\/p>","protected":false},"featured_media":18081,"comment_status":"open","ping_status":"closed","template":"","meta":[],"product_brand":[],"product_cat":[36,134,143],"product_tag":[],"class_list":{"0":"post-17964","1":"product","2":"type-product","3":"status-publish","4":"has-post-thumbnail","6":"product_cat-thuc-pham-tieu-dung","7":"product_cat-thucpham-saykho","8":"product_cat-thuc-pham-dong-hop","9":"pa_brand-thai-bon","11":"first","12":"outofstock","13":"sale","14":"shipping-taxable","15":"purchasable","16":"product-type-simple"},"_links":{"self":[{"href":"https:\/\/havamall.vn\/en\/wp-json\/wp\/v2\/product\/17964"}],"collection":[{"href":"https:\/\/havamall.vn\/en\/wp-json\/wp\/v2\/product"}],"about":[{"href":"https:\/\/havamall.vn\/en\/wp-json\/wp\/v2\/types\/product"}],"replies":[{"embeddable":true,"href":"https:\/\/havamall.vn\/en\/wp-json\/wp\/v2\/comments?post=17964"}],"version-history":[{"count":0,"href":"https:\/\/havamall.vn\/en\/wp-json\/wp\/v2\/product\/17964\/revisions"}],"wp:featuredmedia":[{"embeddable":true,"href":"https:\/\/havamall.vn\/en\/wp-json\/wp\/v2\/media\/18081"}],"wp:attachment":[{"href":"https:\/\/havamall.vn\/en\/wp-json\/wp\/v2\/media?parent=17964"}],"wp:term":[{"taxonomy":"product_brand","embeddable":true,"href":"https:\/\/havamall.vn\/en\/wp-json\/wp\/v2\/product_brand?post=17964"},{"taxonomy":"product_cat","embeddable":true,"href":"https:\/\/havamall.vn\/en\/wp-json\/wp\/v2\/product_cat?post=17964"},{"taxonomy":"product_tag","embeddable":true,"href":"https:\/\/havamall.vn\/en\/wp-json\/wp\/v2\/product_tag?post=17964"}],"curies":[{"name":"wp","href":"https:\/\/api.w.org\/{rel}","templated":true}]}}