{"id":17945,"date":"2021-01-21T13:56:15","date_gmt":"2021-01-21T06:56:15","guid":{"rendered":"https:\/\/havamall.vn\/?post_type=product&#038;p=17945"},"modified":"2021-06-24T15:19:06","modified_gmt":"2021-06-24T08:19:06","slug":"17945","status":"publish","type":"product","link":"https:\/\/havamall.vn\/en\/shop\/17945\/","title":{"rendered":"H\u1ea1t D\u1ebb C\u01b0\u1eddi Rang Mu\u1ed1i Th\u00e1i Bon 108g"},"content":{"rendered":"<table>\n<tbody>\n<tr>\n<td>Th\u01b0\u01a1ng hi\u1ec7u<\/td>\n<td>Th\u00e1i Bon<\/td>\n<\/tr>\n<tr>\n<td>Xu\u1ea5t x\u1ee9<\/td>\n<td>Vi\u1ec7t Nam<\/td>\n<\/tr>\n<tr>\n<td>Th\u00e0nh ph\u1ea7n<\/td>\n<td>H\u1ea1t d\u1ebb c\u01b0\u1eddi<\/td>\n<\/tr>\n<tr>\n<td>H\u1ea1n s\u1eed d\u1ee5ng<\/td>\n<td>12 th\u00e1ng k\u1ec3 t\u1eeb ng\u00e0y s\u1ea3n xu\u1ea5t.<\/td>\n<\/tr>\n<tr>\n<td>B\u1ea3o qu\u1ea3n<\/td>\n<td>\u0110\u1ec3 n\u01a1i kh\u00f4 r\u00e1o, tho\u00e1ng m\u00e1t, tr\u00e1nh \u00e1nh n\u1eafng tr\u1ef1c ti\u1ebfp<\/td>\n<\/tr>\n<tr>\n<td>Kh\u1ed1i l\u01b0\u1ee3ng t\u1ecbnh<\/td>\n<td>180g<\/td>\n<\/tr>\n<\/tbody>\n<\/table>\n<p><span style=\"font-weight: 400\">H\u1ea1t d\u1ebb Th\u00e1i Bon \u0111\u01b0\u1ee3c rang mu\u1ed1i v\u1eeba th\u01a1m ngon, ng\u1ecdt v\u00e0 gi\u00f2n t\u1ef1 nhi\u00ean v\u1eeba gi\u1eef \u0111\u01b0\u1ee3c h\u01b0\u01a1ng v\u1ecb thu\u1ea7n t\u00fay c\u1ee7a h\u1ea1t ch\u1eafc h\u1eb3n s\u1ebd l\u00e0 l\u1ef1a ch\u1ecdn t\u1ed1t nh\u1ea5t cho gia \u0111\u00ecnh b\u1ea1n. L\u00e0 m\u1ed9t m\u00f3n \u0103n v\u1eb7t kh\u00f4ng th\u1ec3 thi\u1ebfu, <\/span><span style=\"font-weight: 400\">h\u1ea1t d\u1ebb c\u01b0\u1eddi rang mu\u1ed1i Th\u00e1i Bon \u0111\u01b0\u1ee3c y\u00eau th\u00edch h\u01a1n c\u1ea3 b\u1edfi v\u1ecb b\u00f9i ng\u1eady, b\u00e9o th\u01a1m v\u00e0 h\u00e0m l\u01b0\u1ee3ng dinh d\u01b0\u1ee1ng cao.<\/span><\/p>\n<p><img fetchpriority=\"high\" decoding=\"async\" class=\"aligncenter\" src=\"https:\/\/cf.shopee.vn\/file\/3d740bd911eb4f86251cce147546c8c4\" alt=\"H\u1ea1t D\u1ebb C\u01b0\u1eddi M\u1ef9 Rang Mu\u1ed1i 500g | Shopee Vi\u1ec7t Nam\" width=\"635\" height=\"635\" \/><\/p>\n<p><span style=\"font-weight: 400\">S\u1ea3n ph\u1ea9m \u0111\u01b0\u1ee3c ch\u1ebf bi\u1ebfn t\u1eeb nh\u1eefng h\u1ea1t d\u1ebb c\u01b0\u1eddi ch\u1ecdn l\u1ecdc, rang \u0111\u1ee7 l\u1eeda t\u1ef1 nhi\u00ean v\u00e0 gi\u1eef nguy\u00ean l\u1edbp v\u1ecf, mang h\u01b0\u01a1ng v\u1ecb \u0111\u1eb7c tr\u01b0ng, kh\u00f4ng ch\u1ee9a ch\u1ea5t b\u1ea3o qu\u1ea3n, an to\u00e0n cho s\u1ee9c kh\u1ecfe ng\u01b0\u1eddi s\u1eed d\u1ee5ng.<\/span><\/p>\n<p><span style=\"font-weight: 400\">V\u1edbi H\u1ea1t d\u1ebb c\u01b0\u1eddi rang mu\u1ed1i Th\u00e1i Bon, b\u1ea1n c\u00f3 th\u1ec3 d\u00f9ng l\u00e0m \u0111\u1ed3 \u0103n v\u1eb7t ho\u1eb7c mang theo trong c\u00e1c chuy\u1ebfn du l\u1ecbch, d\u00e3 ngo\u1ea1i&#8230; v\u00e0 chia s\u1ebb c\u00f9ng b\u1ea1n b\u00e8 h\u01b0\u01a1ng v\u1ecb h\u1ea1t d\u1ebb th\u01a1m ngon, h\u1ea5p d\u1eabn.\u00a0<\/span><\/p>\n<p><img decoding=\"async\" class=\"aligncenter\" src=\"https:\/\/havamall.vn\/wp-content\/uploads\/2021\/01\/HSVJpWn.jpg\" alt=\"Ch\u1ebf bi\u1ebfn h\u1ea1t d\u1ebb c\u01b0\u1eddi th\u00e0nh 3 m\u00f3n \u0103n ngon\" width=\"633\" height=\"633\" \/><\/p>\n<p><span style=\"font-weight: 400\">D\u00f9ng H\u1ea1t d\u1ebb c\u01b0\u1eddi \u0111\u1ec1u \u0111\u1eb7n s\u1ebd gi\u00fap b\u1ea1n t\u0103ng h\u00e0m l\u01b0\u1ee3ng cholesterol t\u1ed1t, gi\u1ea3m \u0111\u00e1ng k\u1ec3 h\u00e0m l\u01b0\u1ee3ng cholesterol x\u1ea5u, c\u1ea3i thi\u1ec7n tr\u00ed nh\u1edb, gi\u00fap tinh th\u1ea7n s\u1ea3ng kho\u00e1i v\u00e0 gi\u1ea3m stress hi\u1ec7u qu\u1ea3. B\u00ean c\u1ea1nh \u0111\u00f3, H\u1ea1t d\u1ebb c\u01b0\u1eddi Pistachios c\u00f2n ch\u1ee9a h\u00e0m l\u01b0\u1ee3ng cao c\u00e1c ch\u1ea5t ch\u1ed1ng oxy h\u00f3a nh\u01b0 vitamin A v\u00e0 E&#8230; gi\u00fap c\u01a1 th\u1ec3 b\u1ea3o v\u1ec7 m\u1ea1ch m\u00e1u v\u00e0 l\u00e0m gi\u1ea3m nguy c\u01a1 b\u1ecb b\u1ec7nh tim<\/span><\/p>\n<p><img decoding=\"async\" class=\"aligncenter\" src=\"https:\/\/havamall.vn\/wp-content\/uploads\/2021\/01\/hat-de-cuoi-my.png\" alt=\"H\u1ea1t D\u1ebb c\u01b0\u1eddi M\u1ef9 500g \u2013 FONUT\" width=\"634\" height=\"185\" \/><\/p>\n<p><span style=\"font-weight: 400\">H\u1ea1t d\u1ebb c\u01b0\u1eddi \u0111\u01b0\u1ee3c s\u1eed d\u1ee5ng r\u1ea5t nhi\u1ec1u hi\u1ec7n nay b\u1edfi nh\u1eefng c\u00f4ng d\u1ee5ng b\u1ea5t ng\u1edd m\u00e0 n\u00f3 \u0111em l\u1ea1i. H\u1ea1t d\u1ebb c\u01b0\u1eddi c\u00f3 ch\u1ee9a c\u00e1c lo\u1ea1i ch\u1ea5t nh\u01b0 protein, vitamin c\u00e1c lo\u1ea1i, ch\u1ea5t b\u00e9o,\u2026 r\u1ea5t t\u1ed1t cho s\u1ef1 ph\u00e1t tri\u1ec3n c\u1ee7a c\u01a1 th\u1ec3 m\u1ed7i ng\u01b0\u1eddi.<\/span><\/p>\n<p><span style=\"font-weight: 400\">H\u1ea1t d\u1ebb c\u01b0\u1eddi gi\u00fap th\u00fac \u0111\u1ea9y kh\u1ea3 n\u0103ng mi\u1ec5n d\u1ecbch, t\u0103ng s\u1ee9c \u0111\u1ec1 kh\u00e1ng c\u1ee7a ng\u01b0\u1eddi m\u1eb9 trong su\u1ed1t th\u1eddi gian mang thai, do trong h\u1ea1t n\u00e0y c\u00f3 ch\u1ee9a d\u1ed3i d\u00e0o c\u00e1c ch\u1ea5t ch\u1ed1ng oxy h\u00f3a nh\u01b0 caroten, vitamin E v\u00e0 c\u00e1c h\u1ee3p ch\u1ea5t polyphenolic.<\/span><\/p>\n<p><img loading=\"lazy\" decoding=\"async\" class=\"aligncenter\" src=\"https:\/\/havamall.vn\/wp-content\/uploads\/2021\/01\/hat-de-cuoi-my.jpg\" alt=\"H\u1ea1t d\u1ebb c\u01b0\u1eddi kh\u00f4ng t\u1ea9y tr\u1eafng M\u1ef9\/ 500gr - Nh\u00e0 Xanh Healthy: Food &amp; Drink\" width=\"636\" height=\"636\" \/><\/p>\n<h4><strong>C\u00f4ng D\u1ee5ng C\u1ee7a H\u1ea1t D\u1ebb C\u01b0\u1eddi:<\/strong><\/h4>\n<p><span style=\"font-weight: 400\">&#8211; H\u1ea1t d\u1ebb c\u01b0\u1eddi gi\u00fap h\u1ed7 tr\u1ee3 ti\u00eau h\u00f3a v\u00e0 ng\u0103n ng\u1eeba t\u00e1o b\u00f3n b\u1edfi c\u00e1c ch\u1ea5t x\u01a1 c\u00f3 trong h\u1ea1t d\u1ebb c\u01b0\u1eddi.<\/span><\/p>\n<p><span style=\"font-weight: 400\">&#8211; Gi\u00fap \u0111\u00f4i m\u1eaft kh\u1ecfe m\u1ea1nh, ch\u1ed1ng tho\u00e1i h\u00f3a \u0111i\u1ec3m v\u00e0ng<\/span><\/p>\n<p><span style=\"font-weight: 400\">&#8211; H\u1ea1t d\u1ebb c\u01b0\u1eddi c\u00f3 t\u00e1c d\u1ee5ng ch\u1ed1ng oxy h\u00f3a v\u00e0 ch\u1ed1ng vi\u00eam cao.\u00a0<\/span><\/p>\n<p><span style=\"font-weight: 400\">&#8211; Ngu\u1ed3n th\u1ef1c ph\u1ea9m b\u1ed5 sung protein cao cho vi\u1ec7c \u0103n chay<\/span><\/p>\n<p><span style=\"font-weight: 400\">&#8211; Gi\u00fap ph\u00f2ng ng\u1eeba l\u00e3o h\u00f3a, gi\u00e0u vitamin E cho l\u00e0n da m\u1ecbn m\u00e0ng<\/span><\/p>\n<p><span style=\"font-weight: 400\">&#8211; H\u1ed7 tr\u1ee3 ng\u01b0\u1eddi \u0103n ki\u00eang, gi\u00fap gi\u1ea3m c\u00e2n hi\u1ec7u qu\u1ea3\u00a0<\/span><\/p>\n<p><span style=\"font-weight: 400\">&#8211; H\u1ea1t d\u1ebb c\u01b0\u1eddi l\u00e0 m\u1ed9t th\u1ef1c ph\u1ea9m c\u00f3 h\u00e0m l\u01b0\u1ee3ng dinh d\u01b0\u1ee1ng cao, mang l\u1ea1i nhi\u1ec1u l\u1ee3i \u00edch s\u1ee9c kh\u1ecfe cho ph\u1ee5 n\u1eef mang thai.<\/span><\/p>\n<p><span style=\"font-weight: 400\">&#8211; \u0102n h\u1ea1t d\u1ebb c\u01b0\u1eddi c\u0169ng gi\u00fap m\u1eb9 b\u1ea7u an th\u1ea7n, c\u00f3 \u0111\u01b0\u1ee3c gi\u1ea5c ng\u1ee7 ngon v\u00e0 tho\u1ea3i m\u00e1i h\u01a1n.<\/span><\/p>\n<p><img loading=\"lazy\" decoding=\"async\" class=\"aligncenter\" src=\"https:\/\/havamall.vn\/wp-content\/uploads\/2021\/01\/banh-pancake-hat-de-de-cuoi-500.jpg\" alt=\"C\u00e1ch l\u00e0m b\u00e1nh pancake h\u1ea1t d\u1ebb c\u01b0\u1eddi | M\u00f3n Ngon M\u1ed7i Ng\u00e0y\" width=\"632\" height=\"422\" \/><\/p>\n<h4><strong>C\u00e1ch S\u1eed D\u1ee5ng H\u1ea1t D\u1ebb C\u01b0\u1eddi Rang Mu\u1ed1i:<\/strong><\/h4>\n<p><span style=\"font-weight: 400\">&#8211; T\u00e1ch v\u1ecf v\u00e0 \u0103n h\u1ea1t xanh b\u00ean trong l\u00e0 c\u00e1ch \u0103n h\u1ea1t d\u1ebb c\u01b0\u1eddi. Tuy nhi\u00ean tr\u00ean th\u1ecb tr\u01b0\u1eddng c\u0169ng c\u00f3 nh\u1eefng lo\u1ea1i h\u1ea1t \u0111\u00e3 \u0111\u01b0\u1ee3c t\u00e1ch v\u1ecf s\u1eb5n v\u00e0 r\u1ea5t ti\u1ec7n l\u1ee3i cho vi\u1ec7c \u0103n v\u00e0 ch\u1ebf bi\u1ebfn m\u00f3n \u0103n.<\/span><\/p>\n<p><span style=\"font-weight: 400\">&#8211; C\u00e1ch s\u1eed d\u1ee5ng h\u1ea1t d\u1ebb c\u01b0\u1eddi B\u1ea1n c\u00f3 th\u1ec3 \u0103n s\u1ed1 l\u01b0\u1ee3ng n\u00e0y 1 l\u1ea7n nh\u01b0 l\u00e0 m\u1ed9t b\u1eefa \u0103n nh\u1eb9 c\u1ee7a b\u1ea1n trong ng\u00e0y ho\u1eb7c c\u00f3 th\u1ec3 chia nh\u1ecf ra v\u00e0 c\u00e1n v\u1ee1 \u0111\u1ec3 th\u00eam v\u00e0o c\u00e1c m\u00f3n \u0103n trong b\u1eefa \u0103n ch\u00ednh c\u1ee7a b\u1ea1n: m\u00f3n salad, c\u01a1m chi\u00ean, b\u00e1nh quy\u2026<\/span><\/p>\n<p><img loading=\"lazy\" decoding=\"async\" class=\"aligncenter\" src=\"https:\/\/www.yurosekfarms.com\/images\/uploads\/17_45_popup.jpg\" alt=\"Roasted &amp; Salted Pistachios - 25 lb. Bag | Yurosek Farms\" width=\"633\" height=\"633\" \/><\/p>\n<h4><strong>H\u01b0\u1edbng d\u1eabn b\u1ea3o qu\u1ea3n:\u00a0<\/strong><\/h4>\n<p><span style=\"font-weight: 400\">&#8211; N\u01a1i kh\u00f4 tho\u00e1ng, tr\u00e1nh \u00e1nh n\u1eafng tr\u1ef1c ti\u1ebfp<\/span><\/p>\n<p><span style=\"font-weight: 400\">&#8211; \u0110\u1eady n\u1eafp k\u00edn sau khi s\u1eed d\u1ee5ng.\u00a0<\/span><\/p>\n<p><span style=\"font-weight: 400\">&#8211; B\u1ea3o qu\u1ea3n t\u1ed1t nh\u1ea5t l\u00e0 \u0111\u1eady k\u00edn v\u00e0 \u0111\u1ec3 trong ng\u0103n m\u00e1t t\u1ee7 l\u1ea1nh.<\/span><\/p>\n<p>S\u1ea3n ph\u1ea9m hi\u1ec7n \u0111\u00e3 c\u00f3 m\u1ea1t t\u1ea1i Havamall.<\/p>","protected":false},"excerpt":{"rendered":"<p><span style=\"font-weight: 400\">H\u1ea1t d\u1ebb Th\u00e1i Bon \u0111\u01b0\u1ee3c rang mu\u1ed1i v\u1eeba th\u01a1m ngon, ng\u1ecdt v\u00e0 gi\u00f2n t\u1ef1 nhi\u00ean v\u1eeba gi\u1eef \u0111\u01b0\u1ee3c h\u01b0\u01a1ng v\u1ecb thu\u1ea7n t\u00fay c\u1ee7a h\u1ea1t ch\u1eafc h\u1eb3n s\u1ebd l\u00e0 l\u1ef1a ch\u1ecdn t\u1ed1t nh\u1ea5t cho gia \u0111\u00ecnh b\u1ea1n.<br \/>\n<\/span><span style=\"font-weight: 400\">L\u00e0 m\u1ed9t m\u00f3n \u0103n v\u1eb7t kh\u00f4ng th\u1ec3 thi\u1ebfu, <\/span><span style=\"font-weight: 400\">h\u1ea1t d\u1ebb c\u01b0\u1eddi rang mu\u1ed1i Th\u00e1i Bon \u0111\u01b0\u1ee3c y\u00eau th\u00edch h\u01a1n c\u1ea3 b\u1edfi v\u1ecb b\u00f9i ng\u1eady, b\u00e9o th\u01a1m v\u00e0 h\u00e0m l\u01b0\u1ee3ng dinh d\u01b0\u1ee1ng cao.<br \/>\nV\u1edbi H\u1ea1t d\u1ebb c\u01b0\u1eddi rang mu\u1ed1i Th\u00e1i Bon, b\u1ea1n c\u00f3 th\u1ec3 d\u00f9ng l\u00e0m \u0111\u1ed3 \u0103n v\u1eb7t ho\u1eb7c mang theo trong c\u00e1c chuy\u1ebfn du l\u1ecbch, d\u00e3 ngo\u1ea1i&#8230; v\u00e0 chia s\u1ebb c\u00f9ng b\u1ea1n b\u00e8 h\u01b0\u01a1ng v\u1ecb h\u1ea1t d\u1ebb th\u01a1m ngon, h\u1ea5p d\u1eabn.<\/span><\/p>\n<p>&nbsp;<\/p>","protected":false},"featured_media":18080,"comment_status":"open","ping_status":"closed","template":"","meta":[],"product_brand":[],"product_cat":[36,134,143],"product_tag":[],"class_list":{"0":"post-17945","1":"product","2":"type-product","3":"status-publish","4":"has-post-thumbnail","6":"product_cat-thuc-pham-tieu-dung","7":"product_cat-thucpham-saykho","8":"product_cat-thuc-pham-dong-hop","9":"pa_brand-thai-bon","11":"first","12":"outofstock","13":"sale","14":"shipping-taxable","15":"purchasable","16":"product-type-simple"},"_links":{"self":[{"href":"https:\/\/havamall.vn\/en\/wp-json\/wp\/v2\/product\/17945"}],"collection":[{"href":"https:\/\/havamall.vn\/en\/wp-json\/wp\/v2\/product"}],"about":[{"href":"https:\/\/havamall.vn\/en\/wp-json\/wp\/v2\/types\/product"}],"replies":[{"embeddable":true,"href":"https:\/\/havamall.vn\/en\/wp-json\/wp\/v2\/comments?post=17945"}],"version-history":[{"count":0,"href":"https:\/\/havamall.vn\/en\/wp-json\/wp\/v2\/product\/17945\/revisions"}],"wp:featuredmedia":[{"embeddable":true,"href":"https:\/\/havamall.vn\/en\/wp-json\/wp\/v2\/media\/18080"}],"wp:attachment":[{"href":"https:\/\/havamall.vn\/en\/wp-json\/wp\/v2\/media?parent=17945"}],"wp:term":[{"taxonomy":"product_brand","embeddable":true,"href":"https:\/\/havamall.vn\/en\/wp-json\/wp\/v2\/product_brand?post=17945"},{"taxonomy":"product_cat","embeddable":true,"href":"https:\/\/havamall.vn\/en\/wp-json\/wp\/v2\/product_cat?post=17945"},{"taxonomy":"product_tag","embeddable":true,"href":"https:\/\/havamall.vn\/en\/wp-json\/wp\/v2\/product_tag?post=17945"}],"curies":[{"name":"wp","href":"https:\/\/api.w.org\/{rel}","templated":true}]}}