{"id":17925,"date":"2021-01-20T17:47:45","date_gmt":"2021-01-20T10:47:45","guid":{"rendered":"https:\/\/havamall.vn\/?post_type=product&#038;p=17925"},"modified":"2021-06-24T15:24:37","modified_gmt":"2021-06-24T08:24:37","slug":"xuc-xich-que-babapckne-salami-babapckne-95g","status":"publish","type":"product","link":"https:\/\/havamall.vn\/en\/shop\/xuc-xich-que-babapckne-salami-babapckne-95g\/","title":{"rendered":"X\u00fac X\u00edch Que Babapckne-Salami Babapckne 95g (6\/2021)"},"content":{"rendered":"<table>\n<tbody>\n<tr>\n<td>Th\u01b0\u01a1ng hi\u1ec7u<\/td>\n<td>Babapckne<\/td>\n<\/tr>\n<tr>\n<td>Xu\u1ea5t x\u1ee9<\/td>\n<td>Nga<\/td>\n<\/tr>\n<tr>\n<td>Th\u00e0nh ph\u1ea7n<\/td>\n<td>th\u1ecbt l\u1ee3n, n\u01b0\u1edbc, mu\u1ed1i, l\u00faa m\u00ec, tinh b\u1ed9t khoai t\u00e2y, t\u1ecfi,m\u00f9 t\u1ea1t, s\u1eefa,c\u1ea7n t\u00e2y,v\u00e0 tr\u1ee9ng &#8230;<\/td>\n<\/tr>\n<tr>\n<td>H\u1ea1n s\u1eed d\u1ee5ng<\/td>\n<td>6 th\u00e1ng k\u1ec3 t\u1eeb ng\u00e0y s\u1ea3n xu\u1ea5t.<\/td>\n<\/tr>\n<tr>\n<td>B\u1ea3o qu\u1ea3n<\/td>\n<td>\u0110\u1ec3 n\u01a1i kh\u00f4 r\u00e1o, tho\u00e1ng m\u00e1t, tr\u00e1nh \u00e1nh n\u1eafng tr\u1ef1c ti\u1ebfp<\/td>\n<\/tr>\n<tr>\n<td>Kh\u1ed1i l\u01b0\u1ee3ng t\u1ecbnh<\/td>\n<td>95g<\/td>\n<\/tr>\n<\/tbody>\n<\/table>\n<p><span style=\"font-weight: 400\">Salami que l\u00e0 m\u1ed9t trong nh\u1eefng m\u00f3n \u0103n truy\u1ec1n th\u1ed1ng y\u00eau th\u00edch t\u1ea1i Nga c\u0169ng nh\u01b0 tr\u00ean to\u00e0n th\u1ebf gi\u1edbi. Nguy\u00ean li\u1ec7u ch\u00ednh \u0111\u1ec3 l\u00e0m n\u00ean nh\u1eefng thanh salami que l\u00e0 th\u1ecbt b\u00f2 v\u00e0 th\u1ecbt heo l\u00ean men.<\/span><\/p>\n<p><img fetchpriority=\"high\" decoding=\"async\" class=\"aligncenter\" src=\"https:\/\/havamall.vn\/wp-content\/uploads\/2021\/01\/xuc xich x\u00f4ng kh\u00f3i Tay Ban nha.jpg\" alt=\"X\u00fac x\u00edch x\u00f4ng kh\u00f3i v\u1ecb cay Chorizo tinh tu\u00fd \u1ea9m th\u1ef1c T\u00e2y Ban Nha\" width=\"641\" height=\"428\" \/><\/p>\n<p><span style=\"font-weight: 400\">Th\u1ecbt sau khi \u0111\u01b0\u1ee3c s\u01a1 ch\u1ebf s\u1ebd \u0111em s\u1ea5y kh\u00f4 trong \u0111i\u1ec1u ki\u1ec7n ti\u00eau chu\u1ea9n. Salami c\u00f3 th\u1eddi gian b\u1ea3o qu\u1ea3n t\u01b0\u01a1ng \u0111\u1ed1i d\u00e0i v\u00e0 \u0111\u01a1n gi\u1ea3n khi th\u01b0\u1edfng th\u1ee9c. B\u1ea1n c\u00f3 th\u1ec3 s\u1eed d\u1ee5ng salami m\u1ecdi l\u00fac, m\u1ecdi n\u01a1i, t\u1ea1i nh\u00e0, \u0111i du l\u1ecbch, hay thay th\u1ebf \u0111\u1ed3 \u0103n v\u1eb7t khi \u0111\u1ecdc s\u00e1ch, xem phim c\u0169ng r\u1ea5t tuy\u1ec7t.<\/span><\/p>\n<p><img decoding=\"async\" class=\"aligncenter\" src=\"https:\/\/havamall.vn\/wp-content\/uploads\/2021\/01\/sweet-potato-bacon-pizza_digiapi_1980x1320-119903-1.jpg\" alt=\"Sweet potato and bacon pizza\" width=\"636\" height=\"424\" \/><\/p>\n<p><span style=\"font-weight: 400\">Salami \u0111\u01b0\u1ee3c ch\u1ebf bi\u1ebfn t\u1eeb nh\u1eefng nguy\u00ean li\u1ec7u ch\u1ecdn l\u1ecdc, ho\u00e0n to\u00e0n kh\u00f4ng s\u1eed d\u1ee5ng ch\u1ea5t ph\u1ee5 gia, b\u1ea3o qu\u1ea3n \u0111\u1ed9c h\u1ea1i. L\u00e0 m\u1ed9t trong nh\u1eefng m\u00f3n \u0103n truy\u1ec1n th\u1ed1ng n\u1ed5i ti\u1ebfng v\u1edbi c\u00e1ch ch\u1ebf bi\u1ebfn c\u00f4ng phu, h\u01b0\u01a1ng v\u1ecb th\u01b0\u1ee3ng h\u1ea1ng. Salami kh\u00f4ng ch\u1ec9 c\u00f3 h\u01b0\u01a1ng v\u1ecb th\u01a1m ngon m\u00e0 c\u00f2n c\u00f3 gi\u00e1 tr\u1ecb dinh d\u01b0\u1ee1ng v\u00f4 c\u00f9ng d\u1ed3i d\u00e0o.<\/span><\/p>\n<p><img decoding=\"async\" class=\"aligncenter\" src=\"https:\/\/havamall.vn\/wp-content\/uploads\/2021\/01\/thanh-pham-217.jpg\" alt=\"C\u00e1ch l\u00e0m c\u01a1m chi\u00ean th\u1ecbt x\u00f4ng kh\u00f3i th\u01a1m ngon h\u1ea5p d\u1eabn \u0103n l\u00e0 ghi\u1ec1n\" width=\"636\" height=\"366\" \/><\/p>\n<p><span style=\"font-weight: 400\">Salami que Babapckne c\u1ee7a Nga l\u00e0 m\u1ed9t d\u1ea1ng c\u1ee7a salami, \u0111\u01b0\u1ee3c ch\u1ebf bi\u1ebfn t\u1eeb th\u1ecbt l\u00ean men r\u1ed3i \u0111em s\u1ea5y kh\u00f4 th\u00e0nh t\u1eebng thanh nh\u1ecf. \u0110\u00e2y l\u00e0 m\u00f3n \u0103n truy\u1ec1n th\u1ed1ng c\u1ee7a ng\u01b0\u1eddi d\u00e2n Nga, xu\u1ea5t hi\u1ec7n th\u01b0\u1eddng xuy\u00ean trong c\u00e1c b\u1eefa \u0103n h\u00e0ng ng\u00e0y c\u0169ng nh\u01b0 trong c\u00e1c b\u1eefa ti\u1ec7c.<\/span><\/p>\n<p><span style=\"font-weight: 400\">Salami Nga \u0111\u01b0\u1ee3c y\u00eau th\u00edch b\u1edfi h\u01b0\u01a1ng v\u1ecb th\u01a1m ngon, h\u1ea3o h\u1ea1ng. Salami khi \u0103n c\u00f3 \u0111\u1ed9 dai ngon kh\u00f3 c\u01b0\u1ee1ng, c\u00e0ng \u0103n c\u00e0ng ham. Kh\u00f4ng nh\u1eefng v\u1eady, salami c\u00f3 ch\u1ee9a r\u1ea5t nhi\u1ec1u d\u01b0\u1ee1ng ch\u1ea5t t\u1ed1t cho c\u01a1 th\u1ec3.\u00a0<\/span><\/p>\n<p><img loading=\"lazy\" decoding=\"async\" class=\"aligncenter\" src=\"https:\/\/havamall.vn\/wp-content\/uploads\/2021\/01\/Sandwich-salami-Tomimarkets1.jpg\" alt=\"C\u00e1ch l\u00e0m sandwich salami: M\u00f3n \u0103n b\u1ed5 d\u01b0\u1ee1ng nhanh ch\u00f3ng cho b\u1eefa s\u00e1ng t\u1ea1i nh\u00e0\" width=\"638\" height=\"479\" \/><\/p>\n<h4><strong>H\u01b0\u1edbng d\u1eabn s\u1eed d\u1ee5ng:<\/strong><\/h4>\n<p><span style=\"font-weight: 400\">T\u00f9y theo kh\u1ea9u v\u1ecb c\u1ee7a m\u1ed7i ng\u01b0\u1eddi, Salami Nga c\u00f3 th\u1ec3 \u0111\u01b0\u1ee3c s\u1eed d\u1ee5ng theo nhi\u1ec1u c\u00e1ch:<\/span><\/p>\n<p><span style=\"font-weight: 400\">&#8211; B\u00f3c bao b\u00ec, l\u1ea5y sa\u0309n ph\u00e2\u0309m \u0103n tr\u1ef1c ti\u1ebfp. Ho\u1eb7c \u0103n k\u00e8m v\u1edbi sandwich, d\u01b0a chu\u1ed9t mu\u1ed1i ho\u1eb7c qu\u1ea3 \u00f4 liu mu\u1ed1i. Ch\u1ea5m v\u01a1\u0301i mu\u0300 ta\u0323t va\u0300ng, t\u01b0\u01a1ng \u01a1\u0301t. C\u00f9ng v\u1edbi 1 c\u1ed1c bia m\u00e1t l\u1ea1nh c\u00f3 th\u1ec3 l\u00e0 m\u00f3n khai v\u1ecb tuy\u1ec7t v\u1eddi nh\u1ea5t trong m\u00f9a h\u00e8.<\/span><\/p>\n<p><span style=\"font-weight: 400\">&#8211; M\u1ed9t \u0111\u0129a salami kh\u00f4, \u00edt h\u1ea1t \u0111i\u1ec1u hay h\u1ea1t sen s\u1ea5y\u2026 k\u00e8m 1 ly cocktail ho\u1eb7c r\u01b0\u1ee3u vang. Qu\u1ea3 l\u00e0 1 b\u1eefa t\u1ed1i nh\u1eb9 nh\u00e0ng cho nh\u1eefng ai y\u00eau th\u00edch s\u1ef1 l\u00e3ng m\u1ea1n.<\/span><\/p>\n<p><span style=\"font-weight: 400\">&#8211; Ngo\u00e0i ra Salami c\u00f3 th\u1ec3 d\u00f9ng l\u00e0m m\u00f3n salad th\u1ecbt ngu\u1ed9i k\u00e8m c\u00e1c lo\u1ea1i rau c\u1ee7..<\/span><\/p>\n<p><span style=\"font-weight: 400\">&#8211; Salami k\u1ebft h\u1ee3p ph\u00f4 mai, th\u1ecbt x\u00f4ng kh\u00f3i, qu\u1ea3 \u00f4 liu b\u1ecf h\u1ea1t v\u00e0 rau s\u1ed1ng. \u0110\u00e2y l\u00e0 nguy\u00ean li\u1ec7u ch\u00ednh trong m\u00f3n b\u00e1nh m\u00ec k\u1eb9p c\u1ee7a ng\u01b0\u1eddi \u0110\u1ee9c theo phong c\u00e1ch Munich.<\/span><\/p>\n<h4><strong>H\u01b0\u1edbng d\u1eabn b\u1ea3o qu\u1ea3n:<\/strong><\/h4>\n<p><span style=\"font-weight: 400\">&#8211; B\u1ea3o qu\u1ea3n \u0111\u01b0\u1ee3c 6 th\u00e1ng khi \u0111\u1ec3 \u1edf nhi\u1ec7t \u0111\u1ed9 th\u01b0\u1eddng<\/span><\/p>\n<p><span style=\"font-weight: 400\">&#8211; B\u1ea3o qu\u1ea3n \u0111\u01b0\u1ee3c m\u1ed9t n\u0103m khi b\u1ecf ng\u0103n \u0111\u00f4ng t\u1ee7 l\u1ea1nh<\/span><\/p>\n<p><span style=\"font-weight: 400\">&#8211; Sau khi \u0111\u00e3 s\u1eed d\u1ee5ng b\u1ea3o qu\u1ea3n \u1edf ng\u0103n m\u00e1t t\u1ee7 l\u1ea1nh<\/span><\/p>\n<p>S\u1ea3n ph\u1ea9m hi\u1ec7n \u0111\u00e3 c\u00f3 m\u1eb7t t\u1ea1i Havamall.<\/p>","protected":false},"excerpt":{"rendered":"<p><span style=\"font-weight: 400\">Salami que l\u00e0 m\u1ed9t trong nh\u1eefng m\u00f3n \u0103n truy\u1ec1n th\u1ed1ng y\u00eau th\u00edch t\u1ea1i Nga c\u0169ng nh\u01b0 tr\u00ean to\u00e0n th\u1ebf gi\u1edbi. Nguy\u00ean li\u1ec7u ch\u00ednh \u0111\u1ec3 l\u00e0m n\u00ean nh\u1eefng thanh salami que l\u00e0 th\u1ecbt b\u00f2 v\u00e0 th\u1ecbt heo l\u00ean men.<br \/>\n<\/span><span style=\"font-weight: 400\">Salami Nga \u0111\u01b0\u1ee3c y\u00eau th\u00edch b\u1edfi h\u01b0\u01a1ng v\u1ecb th\u01a1m ngon, h\u1ea3o h\u1ea1ng. Salami khi \u0103n c\u00f3 \u0111\u1ed9 dai ngon kh\u00f3 c\u01b0\u1ee1ng, c\u00e0ng \u0103n c\u00e0ng ham. Kh\u00f4ng nh\u1eefng v\u1eady, salami c\u00f3 ch\u1ee9a r\u1ea5t nhi\u1ec1u d\u01b0\u1ee1ng ch\u1ea5t t\u1ed1t cho c\u01a1 th\u1ec3.<br \/>\nSalami \u0111\u01b0\u1ee3c ch\u1ebf bi\u1ebfn t\u1eeb nh\u1eefng nguy\u00ean li\u1ec7u ch\u1ecdn l\u1ecdc, ho\u00e0n to\u00e0n kh\u00f4ng s\u1eed d\u1ee5ng ch\u1ea5t ph\u1ee5 gia, b\u1ea3o qu\u1ea3n \u0111\u1ed9c h\u1ea1i.<\/span><\/p>","protected":false},"featured_media":17949,"comment_status":"open","ping_status":"closed","template":"","meta":[],"product_brand":[],"product_cat":[36,134],"product_tag":[],"class_list":{"0":"post-17925","1":"product","2":"type-product","3":"status-publish","4":"has-post-thumbnail","6":"product_cat-thuc-pham-tieu-dung","7":"product_cat-thucpham-saykho","8":"pa_brand-tarczynski","10":"first","11":"outofstock","12":"sale","13":"shipping-taxable","14":"purchasable","15":"product-type-simple"},"_links":{"self":[{"href":"https:\/\/havamall.vn\/en\/wp-json\/wp\/v2\/product\/17925"}],"collection":[{"href":"https:\/\/havamall.vn\/en\/wp-json\/wp\/v2\/product"}],"about":[{"href":"https:\/\/havamall.vn\/en\/wp-json\/wp\/v2\/types\/product"}],"replies":[{"embeddable":true,"href":"https:\/\/havamall.vn\/en\/wp-json\/wp\/v2\/comments?post=17925"}],"version-history":[{"count":0,"href":"https:\/\/havamall.vn\/en\/wp-json\/wp\/v2\/product\/17925\/revisions"}],"wp:featuredmedia":[{"embeddable":true,"href":"https:\/\/havamall.vn\/en\/wp-json\/wp\/v2\/media\/17949"}],"wp:attachment":[{"href":"https:\/\/havamall.vn\/en\/wp-json\/wp\/v2\/media?parent=17925"}],"wp:term":[{"taxonomy":"product_brand","embeddable":true,"href":"https:\/\/havamall.vn\/en\/wp-json\/wp\/v2\/product_brand?post=17925"},{"taxonomy":"product_cat","embeddable":true,"href":"https:\/\/havamall.vn\/en\/wp-json\/wp\/v2\/product_cat?post=17925"},{"taxonomy":"product_tag","embeddable":true,"href":"https:\/\/havamall.vn\/en\/wp-json\/wp\/v2\/product_tag?post=17925"}],"curies":[{"name":"wp","href":"https:\/\/api.w.org\/{rel}","templated":true}]}}