{"id":17916,"date":"2021-01-20T16:44:35","date_gmt":"2021-01-20T09:44:35","guid":{"rendered":"https:\/\/havamall.vn\/?post_type=product&#038;p=17916"},"modified":"2021-06-24T15:19:30","modified_gmt":"2021-06-24T08:19:30","slug":"xuc-xich-hun-khoi-phyet-salami-phyet-150g","status":"publish","type":"product","link":"https:\/\/havamall.vn\/en\/shop\/xuc-xich-hun-khoi-phyet-salami-phyet-150g\/","title":{"rendered":"X\u00fac X\u00edch Hun Kh\u00f3i Phyet-Salami Phyet 150g"},"content":{"rendered":"<table>\n<tbody>\n<tr>\n<td>Th\u01b0\u01a1ng hi\u1ec7u<\/td>\n<td>Phyet<\/td>\n<\/tr>\n<tr>\n<td>Xu\u1ea5t x\u1ee9<\/td>\n<td>Nga<\/td>\n<\/tr>\n<tr>\n<td>Th\u00e0nh ph\u1ea7n<\/td>\n<td>Th\u1ecbt l\u1ee3n, n\u01b0\u1edbc, mu\u1ed1i, l\u00faa m\u00ec, tinh b\u1ed9t khoai t\u00e2y, t\u1ecfi,m\u00f9 t\u1ea1t, s\u1eefa,c\u1ea7n t\u00e2y,v\u00e0 tr\u1ee9ng &#8230;<\/td>\n<\/tr>\n<tr>\n<td>H\u1ea1n s\u1eed d\u1ee5ng<\/td>\n<td>6 th\u00e1ng k\u1ec3 t\u1eeb ng\u00e0y s\u1ea3n xu\u1ea5t.<\/td>\n<\/tr>\n<tr>\n<td>B\u1ea3o qu\u1ea3n<\/td>\n<td>\u0110\u1ec3 n\u01a1i kh\u00f4 r\u00e1o, tho\u00e1ng m\u00e1t, tr\u00e1nh \u00e1nh n\u1eafng tr\u1ef1c ti\u1ebfp<\/td>\n<\/tr>\n<tr>\n<td>Kh\u1ed1i l\u01b0\u1ee3ng t\u1ecbnh<\/td>\n<td>150g<\/td>\n<\/tr>\n<\/tbody>\n<\/table>\n<p><span style=\"font-weight: 400\">Salami Nga l\u00e0 m\u1ed9t trong m\u00f3n \u0103n kh\u00f4ng th\u1ec3 thi\u1ebfu trong Th\u1ef1c Ph\u1ea9m Nga , v\u00e0 n\u00f3 c\u0169ng l\u1ecdt v\u00e0o top 8 nh\u1eefng m\u00f3n \u0103n \u0111\u01b0\u1ee3c \u01b0a chu\u1ed9ng nh\u1ea5t th\u1ebf gi\u1edbi v\u1edbi th\u00e0nh ph\u1ea7n ch\u00ednh l\u00e0 th\u1ecbt l\u1ee3n v\u00e0 th\u1ecbt b\u00f2. \u0110\u1eb7c bi\u1ec7t salami nga c\u00e0ng th\u00e1i m\u1ecfng \u0103n c\u00e0ng ngon v\u00e0 kh\u00f4ng m\u1eb7n, n\u01b0\u1edbc \u0111\u1ec3 ch\u1ea5m salami th\u01b0\u1eddng d\u00f9ng l\u00e0 t\u01b0\u01a1ng \u1edbt.Salami nga b\u1ea1n c\u00f3 th\u1ec3 \u0103n kh\u00f4ng v\u1edbi bia v\u00e0 c\u00e1c lo\u1ea1i r\u01b0\u1ee3u, ho\u1eb7c \u0103n v\u1edbi b\u00e1nh m\u00ec v\u00e0 phomai<\/span><\/p>\n<div class=\"zjoqD\"><img fetchpriority=\"high\" decoding=\"async\" class=\"aligncenter\" src=\"https:\/\/havamall.vn\/wp-content\/uploads\/2021\/01\/banh-sausage-bread.jpg\" alt=\"C\u00e1ch L\u00e0m B\u00e1nh Sausage Bread (B\u00e1nh M\u00ec X\u00fac X\u00edch) C\u1ef1c K\u1ef3 H\u1ea5p D\u1eabn\" width=\"638\" height=\"829\" \/><\/div>\n<div class=\"QnfS4e\">\n<div class=\"ZUo4Ze\">\n<div class=\"fwCBrd\">\n<div class=\"dJcyOc\"><\/div>\n<\/div>\n<\/div>\n<\/div>\n<p><span style=\"font-weight: 400\">Th\u1ecbt l\u1ee3n v\u00e0 th\u1ecbt b\u00f2 \u0111\u01b0\u1ee3c tuy\u1ec3n ch\u1ecdn k\u1ef9 l\u01b0\u1ee1ng, qua qu\u00e1 tr\u00ecnh s\u01a1 ch\u1ebf l\u00e0m s\u1ea1ch \u0111\u01b0\u1ee3c c\u1eaft nh\u1ecf r\u1ed3i \u0111em t\u1ea9m \u01b0\u1edbp gia v\u1ecb theo b\u00ed quy\u1ebft gia truy\u1ec1n c\u00f9ng v\u1edbi gia v\u1ecb tinh b\u1ed9t t\u1ecfi sau \u0111\u00f3 nh\u1ed3i v\u00e0o v\u1ecf chuy\u00ean l\u00e0m salami, tr\u00e3i qua qu\u00e1 tr\u00ecnh t\u1ea9m \u01b0\u1edbp d\u00e0i ng\u00e0y \u0111\u01b0\u1ee3c \u0111em \u0111i hun kh\u00f3i\u00a0<\/span><\/p>\n<p><img decoding=\"async\" class=\"aligncenter\" src=\"https:\/\/havamall.vn\/wp-content\/uploads\/2021\/01\/fe1de8c8ad0bd23c6bb6886f083824cb.jpg\" alt=\"Pizza salami slice spices garlic pizza dish tomatoes cheese food olives wallpaper | 4090x3090 | 487716 | WallpaperUP\" width=\"639\" height=\"483\" \/><\/p>\n<p><span style=\"font-weight: 400\">Salami Phyet l\u00e0 s\u1ea3n ph\u1ea9m d\u1ec5 \u0103n, ti\u1ec7n l\u1ee3i v\u00e0 b\u00e1n ch\u1ea1y s\u1ed1 m\u1ed9t t\u1ea1i Nga, b\u1ed5 sung c\u00e1c ch\u1ea5t dinh d\u01b0\u1ee1ng t\u01b0\u01a1ng \u0111\u01b0\u01a1ng th\u1ecbt t\u01b0\u01a1i. Salami c\u00f3 v\u1ecb dai, b\u00f9i c\u1ee7a th\u1ecbt quy\u1ec7n v\u1edbi v\u1ecb \u0111\u1eb1m c\u1ee7a t\u1ecfi ho\u1eb7c \u1edbt t\u1ea1o n\u00ean 1 lo\u1ea1i \u0111\u1ed3 \u0103n ngon kh\u00f3 c\u01b0\u1ee1ng \u0111\u1ed1i v\u1edbi t\u1ea5t c\u1ea3 m\u1ecdi ng\u01b0\u1eddi \u0111\u1eb7c bi\u1ec7t l\u00e0 nh\u1eefng b\u00e1c nghi\u1ec1n \u0103n \u0111\u1ed3 t\u00e2y.<\/span><\/p>\n<p><img decoding=\"async\" class=\"aligncenter\" src=\"https:\/\/havamall.vn\/wp-content\/uploads\/2021\/01\/xuc xich x\u00f4ng kh\u00f3i Tay Ban nha.jpg\" alt=\"X\u00fac x\u00edch x\u00f4ng kh\u00f3i v\u1ecb cay Chorizo tinh tu\u00fd \u1ea9m th\u1ef1c T\u00e2y Ban Nha\" width=\"641\" height=\"428\" \/><\/p>\n<p><span style=\"font-weight: 400\">Salami Phyet \u0111\u01b0\u1ee3c l\u00e0m t\u1eeb 30% th\u1ecbt b\u00f2, 70% th\u1ecbt l\u1ee3n \u0111\u01b0\u1ee3c c\u1eaft nh\u1ecf. Ch\u00fang ch\u1ee9a h\u00e0m l\u01b0\u1ee3ng dinh d\u01b0\u1ee1ng v\u01b0\u1ee3t tr\u1ed9i nh\u01b0 28.29% protein v\u00e0 24.16% lipid. \u0110\u00e2y l\u00e0 t\u1ec9 l\u1ec7 v\u00e0ng c\u1ee7a ch\u1ebf \u0111\u1ed9 dinh d\u01b0\u1ee1ng c\u00e2n b\u1eb1ng, gi\u00fap s\u1ee9c kh\u1ecfe \u1ed5n \u0111\u1ecbnh v\u00e0 d\u1ebbo dai.<\/span><\/p>\n<p><img loading=\"lazy\" decoding=\"async\" class=\"aligncenter\" src=\"https:\/\/havamall.vn\/wp-content\/uploads\/2021\/01\/Sandwich-salami-Tomimarkets1.jpg\" alt=\"C\u00e1ch l\u00e0m sandwich salami: M\u00f3n \u0103n b\u1ed5 d\u01b0\u1ee1ng nhanh ch\u00f3ng cho b\u1eefa s\u00e1ng t\u1ea1i nh\u00e0\" width=\"638\" height=\"479\" \/><\/p>\n<p><span style=\"font-weight: 400\">C\u00e1c th\u1edb th\u1ecbt li\u00ean k\u1ebft v\u1edbi nhau c\u00f3 \u0111\u1ed9 \u0111\u00e0n h\u1ed3i t\u1ed1t, khi c\u1eaft l\u00e1t ra c\u00f2n nguy\u00ean c\u00e1c th\u1edb th\u1ecbt. Salami kh\u00f4ng ng\u1ea5y, v\u1ecb ng\u1ecdt \u0111\u1eadm \u0111\u00e0 c\u1ee7a th\u1ecbt, m\u00f9i th\u01a1m \u0111\u1eb7c tr\u01b0ng c\u1ee7a tinh t\u1ecfi h\u00f2a quy\u1ec7n v\u1edbi h\u01b0\u01a1ng th\u01a1m c\u1ee7a g\u1ed7 s\u1ed3i hun kh\u00f3i k\u00edch th\u00edch v\u1ecb gi\u00e1c v\u00f4 c\u00f9ng.<\/span><\/p>\n<p><img loading=\"lazy\" decoding=\"async\" class=\"aligncenter\" src=\"https:\/\/havamall.vn\/wp-content\/uploads\/2021\/01\/antipasto-salad-6-1.jpg.webp\" alt=\"Easy Antipasto Salad Recipe + VIDEO\" width=\"636\" height=\"609\" \/><\/p>\n<h4><strong>H\u01b0\u1edbng d\u1eabn s\u1eed d\u1ee5ng:<\/strong><\/h4>\n<p><span style=\"font-weight: 400\">T\u00f9y theo kh\u1ea9u v\u1ecb c\u1ee7a m\u1ed7i ng\u01b0\u1eddi, Salami Nga c\u00f3 th\u1ec3 \u0111\u01b0\u1ee3c s\u1eed d\u1ee5ng theo nhi\u1ec1u c\u00e1ch:<\/span><\/p>\n<p><span style=\"font-weight: 400\">&#8211; B\u00f3c bao b\u00ec, l\u1ea5y sa\u0309n ph\u00e2\u0309m \u0103n tr\u1ef1c ti\u1ebfp. Ho\u1eb7c \u0103n k\u00e8m v\u1edbi sandwich, d\u01b0a chu\u1ed9t mu\u1ed1i ho\u1eb7c qu\u1ea3 \u00f4 liu mu\u1ed1i. Ch\u1ea5m v\u01a1\u0301i mu\u0300 ta\u0323t va\u0300ng, t\u01b0\u01a1ng \u01a1\u0301t. C\u00f9ng v\u1edbi 1 c\u1ed1c bia m\u00e1t l\u1ea1nh c\u00f3 th\u1ec3 l\u00e0 m\u00f3n khai v\u1ecb tuy\u1ec7t v\u1eddi nh\u1ea5t trong m\u00f9a h\u00e8.<\/span><\/p>\n<p><span style=\"font-weight: 400\">&#8211; M\u1ed9t \u0111\u0129a salami kh\u00f4, \u00edt h\u1ea1t \u0111i\u1ec1u hay h\u1ea1t sen s\u1ea5y\u2026 k\u00e8m 1 ly cocktail ho\u1eb7c r\u01b0\u1ee3u vang. Qu\u1ea3 l\u00e0 1 b\u1eefa t\u1ed1i nh\u1eb9 nh\u00e0ng cho nh\u1eefng ai y\u00eau th\u00edch s\u1ef1 l\u00e3ng m\u1ea1n.<\/span><\/p>\n<p><span style=\"font-weight: 400\">&#8211; Ngo\u00e0i ra Salami c\u00f3 th\u1ec3 d\u00f9ng l\u00e0m m\u00f3n salad th\u1ecbt ngu\u1ed9i k\u00e8m c\u00e1c lo\u1ea1i rau c\u1ee7..<\/span><\/p>\n<p><span style=\"font-weight: 400\">&#8211; Salami k\u1ebft h\u1ee3p ph\u00f4 mai, th\u1ecbt x\u00f4ng kh\u00f3i, qu\u1ea3 \u00f4 liu b\u1ecf h\u1ea1t v\u00e0 rau s\u1ed1ng. \u0110\u00e2y l\u00e0 nguy\u00ean li\u1ec7u ch\u00ednh trong m\u00f3n b\u00e1nh m\u00ec k\u1eb9p c\u1ee7a ng\u01b0\u1eddi \u0110\u1ee9c theo phong c\u00e1ch Munich.<\/span><\/p>\n<p><img loading=\"lazy\" decoding=\"async\" class=\"aligncenter\" src=\"https:\/\/havamall.vn\/wp-content\/uploads\/2021\/01\/italian-chopped-salad-img4.jpg\" alt=\"Low Carb Italian Chopped Salad {Low Carb, Paleo, GF, Low Cal} - Skinny Fitalicious\u00ae\" width=\"638\" height=\"957\" \/><\/p>\n<h4><strong>H\u01b0\u1edbng d\u1eabn b\u1ea3o qu\u1ea3n:<\/strong><\/h4>\n<p><span style=\"font-weight: 400\">&#8211; B\u1ea3o qu\u1ea3n \u0111\u01b0\u1ee3c 6 th\u00e1ng khi \u0111\u1ec3 \u1edf nhi\u1ec7t \u0111\u1ed9 th\u01b0\u1eddng<\/span><\/p>\n<p><span style=\"font-weight: 400\">&#8211; B\u1ea3o qu\u1ea3n \u0111\u01b0\u1ee3c m\u1ed9t n\u0103m khi b\u1ecf ng\u0103n \u0111\u00f4ng t\u1ee7 l\u1ea1nh<\/span><\/p>\n<p><span style=\"font-weight: 400\">&#8211; Sau khi \u0111\u00e3 s\u1eed d\u1ee5ng b\u1ea3o qu\u1ea3n \u1edf ng\u0103n m\u00e1t t\u1ee7 l\u1ea1nh<\/span><\/p>\n<p>S\u1ea3n ph\u1ea9m hi\u1ec7n \u0111\u00e3 c\u00f3 m\u1eb7t t\u1ea1i Havamall.<\/p>","protected":false},"excerpt":{"rendered":"<p><span style=\"font-weight: 400\">Salami Phyet l\u00e0 s\u1ea3n ph\u1ea9m d\u1ec5 \u0103n, ti\u1ec7n l\u1ee3i v\u00e0 b\u00e1n ch\u1ea1y s\u1ed1 m\u1ed9t t\u1ea1i Nga, b\u1ed5 sung c\u00e1c ch\u1ea5t dinh d\u01b0\u1ee1ng t\u01b0\u01a1ng \u0111\u01b0\u01a1ng th\u1ecbt t\u01b0\u01a1i.<br \/>\nC\u00e1c th\u1edb th\u1ecbt li\u00ean k\u1ebft v\u1edbi nhau c\u00f3 \u0111\u1ed9 \u0111\u00e0n h\u1ed3i t\u1ed1t, khi c\u1eaft l\u00e1t ra c\u00f2n nguy\u00ean c\u00e1c th\u1edb th\u1ecbt. Salami kh\u00f4ng ng\u1ea5y, v\u1ecb ng\u1ecdt \u0111\u1eadm \u0111\u00e0 c\u1ee7a th\u1ecbt, m\u00f9i th\u01a1m \u0111\u1eb7c tr\u01b0ng c\u1ee7a tinh t\u1ecfi h\u00f2a quy\u1ec7n v\u1edbi h\u01b0\u01a1ng th\u01a1m c\u1ee7a g\u1ed7 s\u1ed3i hun kh\u00f3i k\u00edch th\u00edch v\u1ecb gi\u00e1c v\u00f4 c\u00f9ng.<\/span><\/p>\n<p>&nbsp;<\/p>","protected":false},"featured_media":17948,"comment_status":"open","ping_status":"closed","template":"","meta":[],"product_brand":[],"product_cat":[36,134],"product_tag":[],"class_list":{"0":"post-17916","1":"product","2":"type-product","3":"status-publish","4":"has-post-thumbnail","6":"product_cat-thuc-pham-tieu-dung","7":"product_cat-thucpham-saykho","8":"pa_brand-tarczynski","10":"first","11":"outofstock","12":"sale","13":"shipping-taxable","14":"purchasable","15":"product-type-simple"},"_links":{"self":[{"href":"https:\/\/havamall.vn\/en\/wp-json\/wp\/v2\/product\/17916"}],"collection":[{"href":"https:\/\/havamall.vn\/en\/wp-json\/wp\/v2\/product"}],"about":[{"href":"https:\/\/havamall.vn\/en\/wp-json\/wp\/v2\/types\/product"}],"replies":[{"embeddable":true,"href":"https:\/\/havamall.vn\/en\/wp-json\/wp\/v2\/comments?post=17916"}],"version-history":[{"count":0,"href":"https:\/\/havamall.vn\/en\/wp-json\/wp\/v2\/product\/17916\/revisions"}],"wp:featuredmedia":[{"embeddable":true,"href":"https:\/\/havamall.vn\/en\/wp-json\/wp\/v2\/media\/17948"}],"wp:attachment":[{"href":"https:\/\/havamall.vn\/en\/wp-json\/wp\/v2\/media?parent=17916"}],"wp:term":[{"taxonomy":"product_brand","embeddable":true,"href":"https:\/\/havamall.vn\/en\/wp-json\/wp\/v2\/product_brand?post=17916"},{"taxonomy":"product_cat","embeddable":true,"href":"https:\/\/havamall.vn\/en\/wp-json\/wp\/v2\/product_cat?post=17916"},{"taxonomy":"product_tag","embeddable":true,"href":"https:\/\/havamall.vn\/en\/wp-json\/wp\/v2\/product_tag?post=17916"}],"curies":[{"name":"wp","href":"https:\/\/api.w.org\/{rel}","templated":true}]}}