{"id":17901,"date":"2021-01-20T15:19:04","date_gmt":"2021-01-20T08:19:04","guid":{"rendered":"https:\/\/havamall.vn\/?post_type=product&#038;p=17901"},"modified":"2021-06-24T15:24:48","modified_gmt":"2021-06-24T08:24:48","slug":"xuc-xich-kabanos-ga-salami-chicken-70g","status":"publish","type":"product","link":"https:\/\/havamall.vn\/en\/shop\/xuc-xich-kabanos-ga-salami-chicken-70g\/","title":{"rendered":"X\u00fac X\u00edch Kabanos G\u00e0-Salami Chicken 70g"},"content":{"rendered":"<table>\n<tbody>\n<tr>\n<td>Th\u01b0\u01a1ng hi\u1ec7u<\/td>\n<td>Remit<\/td>\n<\/tr>\n<tr>\n<td>Xu\u1ea5t x\u1ee9<\/td>\n<td>Nga<\/td>\n<\/tr>\n<tr>\n<td>Th\u00e0nh ph\u1ea7n<\/td>\n<td>phi l\u00ea \u1ee9c g\u00e0, phi l\u00ea \u0111\u00f9i g\u00e0, th\u1ecbt l\u1ee3n, n\u01b0\u1edbc, mu\u1ed1i, l\u00faa m\u00ec, tinh b\u1ed9t khoai t\u00e2y, t\u1ecfi,m\u00f9 t\u1ea1t, s\u1eefa,c\u1ea7n t\u00e2y,v\u00e0 tr\u1ee9ng &#8230;<\/td>\n<\/tr>\n<tr>\n<td>H\u1ea1n s\u1eed d\u1ee5ng<\/td>\n<td>3 th\u00e1ng k\u1ec3 t\u1eeb ng\u00e0y s\u1ea3n xu\u1ea5t.<\/td>\n<\/tr>\n<tr>\n<td>B\u1ea3o qu\u1ea3n<\/td>\n<td>\u0110\u1ec3 n\u01a1i kh\u00f4 r\u00e1o, tho\u00e1ng m\u00e1t, tr\u00e1nh \u00e1nh n\u1eafng tr\u1ef1c ti\u1ebfp<\/td>\n<\/tr>\n<tr>\n<td>Kh\u1ed1i l\u01b0\u1ee3ng t\u1ecbnh<\/td>\n<td>70g<\/td>\n<\/tr>\n<\/tbody>\n<\/table>\n<p><span style=\"font-weight: 400\">C\u00f4ng ty &#8220;Remit&#8221;, b\u1eaft \u0111\u1ea7u v\u00e0o n\u0103m 2018, \u0111\u00e3 ph\u00e1t h\u00e0nh v\u00e0i ch\u1ee5c s\u1ea3n ph\u1ea9m m\u1edbi. M\u1ed9t trong s\u1ea3n ph\u1ea9m th\u00fa v\u1ecb nh\u1ea5t l\u00e0 x\u00fac x\u00edch hun kh\u00f3i c\u00f3 h\u00ecnh d\u1ea1ng s\u1ee3i\u00a0 Kabanos. Ng\u01b0\u1eddi ti\u00eau d\u00f9ng \u0111\u01b0\u1ee3c cung c\u1ea5p ba kh\u1ea9u v\u1ecb kh\u00e1c nhau: Th\u1ecbt g\u00e0 &#8211; d\u00e0nh cho nh\u1eefng ng\u01b0\u1eddi y\u00eau th\u00edch s\u1ef1 nh\u1eb9 nh\u00e0ng, Th\u1ecbt l\u1ee3n &#8211; cho nh\u1eefng ng\u01b0\u1eddi \u0111\u00f3i nh\u1ea5t v\u00e0 Chili &#8211; cho nh\u1eefng c\u1ea3m x\u00fac s\u1eafc n\u00e9t.<\/span><\/p>\n<p><span style=\"font-weight: 400\">Kabanos l\u00e0 x\u00fac x\u00edch m\u1ecfng d\u00e0i xu\u1ea5t x\u1ee9 t\u1eeb Ba Lan, \u0111\u01b0\u1ee3c l\u00e0m t\u1eeb h\u1ed7n h\u1ee3p th\u1ecbt g\u00e0 v\u00e0 th\u1ecbt l\u1ee3n, th\u01b0\u1eddng \u0111\u01b0\u1ee3c \u01b0\u1edbp mu\u1ed1i v\u00e0 hun kh\u00f3i.<\/span><\/p>\n<p><img fetchpriority=\"high\" decoding=\"async\" class=\"aligncenter\" src=\"https:\/\/havamall.vn\/wp-content\/uploads\/2021\/01\/italian-cured-meats.jpg\" alt=\"Italian Cured Meats | F.N. Sharp\" width=\"642\" height=\"454\" \/><\/p>\n<p><span style=\"font-weight: 400\">X\u00fac x\u00edch KABANOS, s\u1ea3n ph\u1ea9m c\u1ee7a nh\u00e0 m\u00e1y ch\u1ebf bi\u1ebfn th\u1ecbt LLC REMIT. \u0110\u01b0\u1ee3c \u0111\u00f3ng g\u00f3i 70gr, b\u00ean trong l\u00e0 m\u1ed9t cu\u1ed9n x\u00fac x\u00edch d\u00e0i kho\u1ea3ng hai m\u00e9t \u0111\u01b0\u1ee3c u\u1ed1n cong. X\u00fac x\u00edch l\u00e0 v\u1eeba \u0111\u1ee7, n\u1ebfu b\u1ea1n \u0103n m\u1ed9t m\u00ecnh, b\u1ea1n th\u1eadm ch\u00ed c\u00f3 th\u1ec3 th\u1ecfa m\u00e3n c\u01a1n \u0111\u00f3i. Tuy nhi\u00ean n\u1ebfu d\u00f9ng chung v\u1edbi nhau th\u00ec ph\u1ea3i mua th\u00eam g\u00f3i n\u1eefa nh\u00e9.<\/span><\/p>\n<p><img decoding=\"async\" class=\"aligncenter\" src=\"https:\/\/havamall.vn\/wp-content\/uploads\/2021\/01\/wedliny_left.jpg\" alt=\"Ham &amp; Sausages \/ Unique recipes, high quality raw material\" width=\"647\" height=\"471\" \/><\/p>\n<p><span style=\"font-weight: 400\">C\u0169ng gi\u1ed1ng nh\u01b0 th\u1ecbt hun kh\u00f3i, m\u00f3n x\u00fac x\u00edch hun kh\u00f3i c\u0169ng l\u00e0 m\u1ed9t m\u00f3n \u0103n truy\u1ec1n th\u1ed1ng c\u1ee7a ng\u01b0\u1eddi ch\u00e2u \u00c2u t\u1eeb x\u01b0a nh\u01b0ng quy tr\u00ecnh ch\u1ebf bi\u1ebfn x\u00fac x\u00edch vi\u00ean hong kh\u00f3i c\u00f3 ph\u1ea7n c\u00f4ng phu h\u01a1n v\u00e0 t\u1ea5t nhi\u00ean c\u1ea3m nh\u1eadn \u0103n ch\u00fang c\u0169ng ngon h\u01a1n. V\u00ec th\u1ebf ch\u00fang th\u01b0\u1eddng \u0111\u01b0\u1ee3c d\u00f9ng trong nh\u1eefng b\u1eefa ti\u1ec7c quan tr\u1ecdng c\u1ee7a gia \u0111\u00ecnh.<\/span><\/p>\n<p><img decoding=\"async\" class=\"aligncenter\" src=\"https:\/\/havamall.vn\/wp-content\/uploads\/2021\/01\/4692c9e2-huong-dan-cach-lam-banh-pizza-tai-nha-khong-can-lo-nuong.jpg\" alt=\"H\u01b0\u1edbng d\u1eabn c\u00e1ch l\u00e0m b\u00e1nh pizza t\u1ea1i nh\u00e0 kh\u00f4ng c\u1ea7n l\u00f2 n\u01b0\u1edbng\" width=\"643\" height=\"429\" \/><\/p>\n<p><span style=\"font-weight: 400\">X\u00fac x\u00edch x\u00f4ng kh\u00f3i Kabanos Chicken<\/span> <span style=\"font-weight: 400\">s\u1ebd l\u00e0 m\u1ed9t l\u1ef1a ch\u1ecdn ho\u00e0n h\u1ea3o cho b\u1eefa \u0103n c\u1ee7a gia \u0111\u00ecnh<\/span> <span style=\"font-weight: 400\">b\u1ea1n. S\u1ea3n ph\u1ea9m \u0111\u01b0\u1ee3c l\u00e0m t\u1eeb c\u00e1c nguy\u00ean li\u1ec7u ho\u00e0n to\u00e0n t\u1ef1 nhi\u00ean, nh\u1eefng ph\u1ea7n ngon nh\u1ea5t<br \/>\n<\/span><span style=\"font-weight: 400\">\u0110\u01b0\u1ee3c l\u00e0m t\u1eeb th\u1ecbt g\u00e0 v\u00e0 th\u1ecbt l\u1ee3n, \u0111\u01b0\u1ee3c hun kh\u00f3i n\u00ean c\u00f3 m\u00f9i kh\u00f3i n\u1ed3ng, h\u01a1i cay v\u00e0 c\u00f3 h\u1ea1t ti\u00eau. Tuy nhi\u00ean h\u01b0\u01a1ng v\u1ecb kh\u00f4ng n\u1ed3ng, c\u00f3 th\u1ec3 ch\u1ea5m th\u00eam \u1edbt cho ng\u01b0\u1eddi c\u00f3 kh\u1ea9u v\u1ecb \u0111\u1eadm.<\/span><\/p>\n<p><img loading=\"lazy\" decoding=\"async\" class=\"aligncenter\" src=\"https:\/\/havamall.vn\/wp-content\/uploads\/2021\/01\/banh-mi-1024x576.jpg\" alt=\"banh mi - Ch\u1ee5p \u1ea3nh m\u00f3n \u0103n\" width=\"643\" height=\"362\" \/><\/p>\n<p><span style=\"font-weight: 400\">Nh\u00e2n ti\u1ec7n, n\u1ebfu kh\u00f4ng c\u00f3 th\u1eddi gian, b\u1ea1n kh\u00f4ng th\u1ec3 b\u1eadn t\u00e2m n\u1ea5u \u0103n v\u00e0 ch\u1ec9 c\u1ea7n mang theo m\u1ed9t g\u00f3i KABANOS &#8211; ch\u00fang \u0111\u01b0\u1ee3c b\u1ea3o qu\u1ea3n ho\u00e0n h\u1ea3o m\u00e0 kh\u00f4ng c\u1ea7n t\u1ee7 l\u1ea1nh v\u00e0 r\u1ea5t thu\u1eadn ti\u1ec7n \u0111\u1ec3 \u0103n v\u1eb7t khi v\u1eadn \u0111\u1ed9ng. Ho\u1eb7c th\u00edch h\u1ee3p trong bu\u1ed5i nh\u1eadu v\u1edbi \u0111\u1ed3 u\u1ed1ng c\u00f3 c\u1ed3n.<\/span><\/p>\n<p><img loading=\"lazy\" decoding=\"async\" class=\"aligncenter\" src=\"https:\/\/havamall.vn\/wp-content\/uploads\/2021\/01\/bd54b54eadcb9a203626b8485a78c90a.jpg\" alt=\"KABANOS Chicken \u0441\u044b\u0440\u043e\u043a\u043e\u043f\u0447\u0435\u043d\u044b\u0435 \u043a\u043e\u043b\u0431\u0430\u0441\u043a\u0438 \u043e\u0442 \u0420\u0435\u043c\u0438\u0442 |\u041a\u0430\u0431\u0430\u043d\u043e\u0441 \u0447\u0438\u043a\u0435\u043d \u0434\u043b\u044f \u0431\u044b\u0441\u0442\u0440\u043e\u0433\u043e \u043f\u0435\u0440\u0435\u043a\u0443\u0441\u0430\" width=\"640\" height=\"426\" \/><\/p>\n<p><span style=\"font-weight: 400\">S\u1ea3n ph\u1ea9m \u0111\u01b0\u1ee3c \u0111\u00f3ng g\u00f3i nh\u1ecf g\u1ecdn th\u1eadt ti\u1ec7n l\u1ee3i khi mang theo b\u00ean m\u00ecnh &#8211; \u0111\u1ebfn tr\u01b0\u1eddng, \u0111\u1ebfn tr\u01b0\u1eddng \u0111\u1ea1i h\u1ecdc, \u0111i l\u00e0m, \u0111\u1ebfn tr\u1eadn \u0111\u1ea5u y\u00eau th\u00edch c\u1ee7a b\u1ea1n, \u0111i b\u1ed9 \u0111\u01b0\u1eddng d\u00e0i, c\u00e2u c\u00e1, h\u00e1i n\u1ea5m, tham quan b\u1eb1ng xe \u0111\u1ea1p, \u0111\u1ebfn m\u1ed9t bu\u1ed5i h\u00f2a nh\u1ea1c, ti\u1ec7c r\u01b0\u1ee3u, ch\u1ec9 \u0111\u1ec3 d\u1ea1o ph\u1ed1. H\u00e3y th\u1eed n\u00f3 &#8211; b\u1ea1n s\u1ebd kh\u00f4ng d\u1eebng l\u1ea1i!<\/span><\/p>\n<p><img loading=\"lazy\" decoding=\"async\" class=\"aligncenter\" src=\"https:\/\/havamall.vn\/wp-content\/uploads\/2021\/01\/xuc xich x\u00f4ng kh\u00f3i Tay Ban nha.jpg\" alt=\"X\u00fac x\u00edch x\u00f4ng kh\u00f3i v\u1ecb cay Chorizo tinh tu\u00fd \u1ea9m th\u1ef1c T\u00e2y Ban Nha\" width=\"641\" height=\"428\" \/><\/p>\n<p><span style=\"font-weight: 400\">Salami \u0111\u01b0\u1ee3c l\u00e0m v\u1edbi nguy\u00ean li\u1ec7u ch\u1ee7 y\u1ebfu l\u00e0 th\u1ecbt g\u00e0 ho\u1eb7c l\u1ee3n \u0111\u01b0\u1ee3c l\u00ean men v\u00e0 s\u1ea5y kh\u00f4.\u00a0<\/span><span style=\"font-weight: 400\">Salami \u0111\u00e3 l\u00e0 m\u00f3n \u0103n truy\u1ec1n th\u1ed1ng ph\u1ed5 bi\u1ebfn c\u1ee7a ng\u01b0\u1eddi d\u00e2n kh\u1eafp \u00c2u ch\u00e2u v\u00e0 \u0111\u1eb7c bi\u1ec7t l\u00e0 \u1edf \u0110\u1ee9c.\u00a0<\/span><span style=\"font-weight: 400\">Salami b\u1ed5 sung c\u00e1c ch\u1ea5t dinh d\u01b0\u1ee1ng t\u01b0\u01a1ng \u0111\u01b0\u01a1ng th\u1ecbt t\u01b0\u01a1i. Salami c\u00f3 v\u1ecb dai, b\u00f9i c\u1ee7a th\u1ecbt quy\u1ec7n v\u1edbi v\u1ecb \u0111\u1eb1m c\u1ee7a t\u1ecfi ho\u1eb7c \u1edbt t\u1ea1o n\u00ean 1 lo\u1ea1i \u0111\u1ed3 \u0103n ngon kh\u00f3 c\u01b0\u1ee1ng \u0111\u1ed1i v\u1edbi t\u1ea5t c\u1ea3 m\u1ecdi ng\u01b0\u1eddi \u0111\u1eb7c bi\u1ec7t l\u00e0 nh\u1eefng b\u00e1c nghi\u1ec1n \u0103n \u0111\u1ed3 t\u00e2y.<\/span><\/p>\n<p><img loading=\"lazy\" decoding=\"async\" class=\"aligncenter\" src=\"https:\/\/havamall.vn\/wp-content\/uploads\/2021\/01\/kobasica-1.png\" alt=\"Sremska sausage \u2013 200 g \u2013 Ukusi Balkana\" width=\"635\" height=\"635\" \/><\/p>\n<h4><strong>Th\u00e0nh ph\u1ea7n:\u00a0<\/strong><\/h4>\n<p><span style=\"font-weight: 400\">&#8211; Phi l\u00ea \u1ee9c g\u00e0<\/span><\/p>\n<p><span style=\"font-weight: 400\">&#8211; Phi l\u00ea \u0111\u00f9i g\u00e0<\/span><\/p>\n<p><span style=\"font-weight: 400\">&#8211; Th\u1ecbt l\u1ee3n<\/span><\/p>\n<p><span style=\"font-weight: 400\">&#8211; N\u01b0\u1edbc, mu\u1ed1i, l\u00faa m\u00ec, tinh b\u1ed9t khoai t\u00e2y, t\u1ecfi,m\u00f9 t\u1ea1t, s\u1eefa,c\u1ea7n t\u00e2y,v\u00e0 tr\u1ee9ng &#8230;<\/span><\/p>\n<p><img loading=\"lazy\" decoding=\"async\" class=\"aligncenter\" src=\"https:\/\/havamall.vn\/wp-content\/uploads\/2021\/01\/kabanos1.jpg\" alt=\"\u041a\u043e\u043b\u0431\u0430\u0441\u043a\u0438 \u0420\u0435\u043c\u0438\u0442 Kabanos Chicken \u0441\u044b\u0440\u043e\u043a\u043e\u043f\u0447\u0435\u043d\u044b\u0435 70 \u0433 \u043a\u0443\u043f\u0438\u0442\u044c \u0441 \u0434\u043e\u0441\u0442\u0430\u0432\u043a\u043e\u0439 \u043f\u043e \u0432\u044b\u0433\u043e\u0434\u043d\u043e\u0439 \u0446\u0435\u043d\u0435 - \u0421\u0431\u0435\u0440\u041c\u0430\u0440\u043a\u0435\u0442\" width=\"641\" height=\"359\" \/><\/p>\n<h4><strong>H\u01b0\u1edbng d\u1eabn s\u1eed d\u1ee5ng:<\/strong><\/h4>\n<p><span style=\"font-weight: 400\">&#8211; \u0102n tr\u1ef1c ti\u1ebfp (kh\u00f4ng c\u1ea7n ch\u1ebf bi\u1ebfn) v\u1edbi sandwich, d\u01b0a chu\u1ed9t mu\u1ed1i hay kim chi&#8230;,\u00a0<\/span><\/p>\n<p><span style=\"font-weight: 400\">&#8211; Ch\u1ea5m c\u00f9ng m\u00f9a t\u1ea1t v\u00e0ng hay t\u01b0\u01a1ng \u1edbt\u00a0<\/span><\/p>\n<p><span style=\"font-weight: 400\">&#8211; Ho\u1eb7c c\u00f3 th\u1ec3 d\u00f9ng l\u00e0m Pizza, \u0103n v\u1edbi b\u00e1nh m\u00ec ho\u1eb7c n\u1ea5u m\u00ec t\u00f4m c\u0169ng r\u1ea5t ho\u00e0n h\u1ea3o.<\/span><\/p>\n<p><img loading=\"lazy\" decoding=\"async\" class=\"aligncenter\" src=\"https:\/\/havamall.vn\/wp-content\/uploads\/2021\/01\/banh-sausage-bread.jpg\" alt=\"C\u00e1ch L\u00e0m B\u00e1nh Sausage Bread (B\u00e1nh M\u00ec X\u00fac X\u00edch) C\u1ef1c K\u1ef3 H\u1ea5p D\u1eabn\" width=\"638\" height=\"829\" \/><\/p>\n<h4><strong>H\u01b0\u1edbng d\u1eabn b\u1ea3o qu\u1ea3n:<\/strong><\/h4>\n<p><span style=\"font-weight: 400\">&#8211; B\u1ea3o qu\u1ea3n \u0111\u01b0\u1ee3c 3 th\u00e1ng khi \u0111\u1ec3 \u1edf nhi\u1ec7t \u0111\u1ed9 th\u01b0\u1eddng<\/span><\/p>\n<p><span style=\"font-weight: 400\">&#8211; B\u1ea3o qu\u1ea3n \u0111\u01b0\u1ee3c m\u1ed9t n\u0103m khi b\u1ecf ng\u0103n \u0111\u00f4ng t\u1ee7 l\u1ea1nh<\/span><\/p>\n<p><span style=\"font-weight: 400\">&#8211; Sau khi \u0111\u00e3 s\u1eed d\u1ee5ng b\u1ea3o qu\u1ea3n \u1edf ng\u0103n m\u00e1t t\u1ee7 l\u1ea1nh<\/span><\/p>\n<p>S\u1ea3n ph\u1ea9m hi\u1ec7n \u0111\u00e3 c\u00f3 m\u1eb7t t\u1ea1i Havamall.<\/p>","protected":false},"excerpt":{"rendered":"<p><span style=\"font-weight: 400\">C\u00f4ng ty &#8220;Remit&#8221;, b\u1eaft \u0111\u1ea7u v\u00e0o n\u0103m 2018, \u0111\u00e3 ph\u00e1t h\u00e0nh v\u00e0i ch\u1ee5c s\u1ea3n ph\u1ea9m m\u1edbi. M\u1ed9t trong s\u1ea3n ph\u1ea9m th\u00fa v\u1ecb nh\u1ea5t l\u00e0 x\u00fac x\u00edch hun kh\u00f3i c\u00f3 h\u00ecnh d\u1ea1ng s\u1ee3i\u00a0 Kabanos. <\/span><\/p>\n<p><span style=\"font-weight: 400\">X\u00fac x\u00edch x\u00f4ng kh\u00f3i Kabanos Chicken<\/span> <span style=\"font-weight: 400\">s\u1ebd l\u00e0 m\u1ed9t l\u1ef1a ch\u1ecdn ho\u00e0n h\u1ea3o cho b\u1eefa \u0103n c\u1ee7a gia \u0111\u00ecnh<\/span> <span style=\"font-weight: 400\">b\u1ea1n. S\u1ea3n ph\u1ea9m \u0111\u01b0\u1ee3c l\u00e0m t\u1eeb c\u00e1c nguy\u00ean li\u1ec7u ho\u00e0n to\u00e0n t\u1ef1 nhi\u00ean, nh\u1eefng ph\u1ea7n ngon nh\u1ea5t.<\/span><\/p>\n<p><span style=\"font-weight: 400\">S\u1ea3n ph\u1ea9m \u0111\u01b0\u1ee3c \u0111\u00f3ng g\u00f3i nh\u1ecf g\u1ecdn th\u1eadt ti\u1ec7n l\u1ee3i khi mang theo b\u00ean m\u00ecnh.<\/span><\/p>","protected":false},"featured_media":17944,"comment_status":"open","ping_status":"closed","template":"","meta":[],"product_brand":[],"product_cat":[36,134],"product_tag":[],"class_list":{"0":"post-17901","1":"product","2":"type-product","3":"status-publish","4":"has-post-thumbnail","6":"product_cat-thuc-pham-tieu-dung","7":"product_cat-thucpham-saykho","8":"pa_brand-tarczynski","10":"first","11":"outofstock","12":"sale","13":"shipping-taxable","14":"purchasable","15":"product-type-simple"},"_links":{"self":[{"href":"https:\/\/havamall.vn\/en\/wp-json\/wp\/v2\/product\/17901"}],"collection":[{"href":"https:\/\/havamall.vn\/en\/wp-json\/wp\/v2\/product"}],"about":[{"href":"https:\/\/havamall.vn\/en\/wp-json\/wp\/v2\/types\/product"}],"replies":[{"embeddable":true,"href":"https:\/\/havamall.vn\/en\/wp-json\/wp\/v2\/comments?post=17901"}],"version-history":[{"count":0,"href":"https:\/\/havamall.vn\/en\/wp-json\/wp\/v2\/product\/17901\/revisions"}],"wp:featuredmedia":[{"embeddable":true,"href":"https:\/\/havamall.vn\/en\/wp-json\/wp\/v2\/media\/17944"}],"wp:attachment":[{"href":"https:\/\/havamall.vn\/en\/wp-json\/wp\/v2\/media?parent=17901"}],"wp:term":[{"taxonomy":"product_brand","embeddable":true,"href":"https:\/\/havamall.vn\/en\/wp-json\/wp\/v2\/product_brand?post=17901"},{"taxonomy":"product_cat","embeddable":true,"href":"https:\/\/havamall.vn\/en\/wp-json\/wp\/v2\/product_cat?post=17901"},{"taxonomy":"product_tag","embeddable":true,"href":"https:\/\/havamall.vn\/en\/wp-json\/wp\/v2\/product_tag?post=17901"}],"curies":[{"name":"wp","href":"https:\/\/api.w.org\/{rel}","templated":true}]}}