{"id":17872,"date":"2021-01-19T10:16:15","date_gmt":"2021-01-19T03:16:15","guid":{"rendered":"https:\/\/havamall.vn\/?post_type=product&#038;p=17872"},"modified":"2021-06-24T09:50:23","modified_gmt":"2021-06-24T02:50:23","slug":"sua-binggrae-vi-vai-dao","status":"publish","type":"product","link":"https:\/\/havamall.vn\/en\/shop\/sua-binggrae-vi-vai-dao\/","title":{"rendered":"S\u1eefa V\u1ea3i &amp; \u0110\u00e0o-Lychee &amp; Peach Milk Binggrae L\u1ed1c 6 H\u1ed9p 200ml\/H\u1ed9p"},"content":{"rendered":"<table>\n<tbody>\n<tr>\n<td>Th\u01b0\u01a1ng hi\u1ec7u<\/td>\n<td>Binggrae<\/td>\n<\/tr>\n<tr>\n<td>Xu\u1ea5t x\u1ee9<\/td>\n<td>H\u00e0n Qu\u1ed1c<\/td>\n<\/tr>\n<tr>\n<td>Th\u00e0nh ph\u1ea7n<\/td>\n<td>S\u1eefa, n\u01b0\u1edbc, \u0111\u01b0\u1eddng,n\u01b0\u1edbc \u00e9p v\u1ea3i c\u00f4 \u0111\u1eb7c, n\u01b0\u1edbc \u00e9p \u0111\u00e0o c\u00f4 \u0111\u1eb7c,&#8230;<\/td>\n<\/tr>\n<tr>\n<td>H\u1ea1n s\u1eed d\u1ee5ng<\/td>\n<td>6 th\u00e1ng k\u1ec3 t\u1eeb ng\u00e0y s\u1ea3n xu\u1ea5t.<\/td>\n<\/tr>\n<tr>\n<td>B\u1ea3o qu\u1ea3n<\/td>\n<td>\u0110\u1ec3 n\u01a1i kh\u00f4 r\u00e1o, tho\u00e1ng m\u00e1t, tr\u00e1nh \u00e1nh n\u1eafng tr\u1ef1c ti\u1ebfp<\/td>\n<\/tr>\n<tr>\n<td>Kh\u1ed1i l\u01b0\u1ee3ng t\u1ecbnh<\/td>\n<td>L\u1ed1c 6 h\u1ed9p-200ml\/h\u1ed9p<\/td>\n<\/tr>\n<\/tbody>\n<\/table>\n<p><span style=\"font-weight: 400\">BINGGRAE l\u00e0 m\u1ed9t th\u01b0\u01a1ng hi\u1ec7u n\u1ed5i ti\u1ebfng t\u1ea1i H\u00e0n Qu\u1ed1c chuy\u00ean s\u1ea3n xu\u1ea5t v\u00e0 ph\u00e2n ph\u1ed1i c\u00e1c s\u1ea3n ph\u1ea9m ch\u1ebf bi\u1ebfn s\u1eefa. \u0110\u01b0\u1ee3c s\u1ea3n xu\u1ea5t tr\u00ean d\u00e2y chuy\u1ec1n c\u00f4ng ngh\u1ec7 hi\u1ec7n \u0111\u1ea1i, c\u00e1c s\u1ea3n ph\u1ea9m t\u1eeb s\u1eefa c\u1ee7a c\u00f4ng ty \u0111\u01b0\u1ee3c ng\u01b0\u1eddi ti\u00eau d\u00f9ng tr\u00ean kh\u1eafp n\u01a1i \u01b0a th\u00edch, \u0111\u01b0\u1ee3c ph\u00e2n ph\u1ed1i t\u1eeb n\u1ed9i \u0111\u1ecba \u0111\u1ebfn xu\u1ea5t kh\u1ea9u sang nhi\u1ec1u n\u01b0\u1edbc tr\u00ean th\u1ebf gi\u1edbi.\u00a0<\/span><\/p>\n<p><img fetchpriority=\"high\" decoding=\"async\" class=\"wp-image-19320 aligncenter\" src=\"https:\/\/havamall.vn\/wp-content\/uploads\/2021\/01\/5ccb718232b49600fcedaa3e4a76c354-300x234.jpg\" alt=\"\" width=\"600\" height=\"468\" srcset=\"https:\/\/havamall.vn\/wp-content\/uploads\/2021\/01\/5ccb718232b49600fcedaa3e4a76c354-300x234.jpg 300w, https:\/\/havamall.vn\/wp-content\/uploads\/2021\/01\/5ccb718232b49600fcedaa3e4a76c354-430x336.jpg 430w, https:\/\/havamall.vn\/wp-content\/uploads\/2021\/01\/5ccb718232b49600fcedaa3e4a76c354-150x117.jpg 150w, https:\/\/havamall.vn\/wp-content\/uploads\/2021\/01\/5ccb718232b49600fcedaa3e4a76c354-700x546.jpg 700w, https:\/\/havamall.vn\/wp-content\/uploads\/2021\/01\/5ccb718232b49600fcedaa3e4a76c354-600x468.jpg 600w, https:\/\/havamall.vn\/wp-content\/uploads\/2021\/01\/5ccb718232b49600fcedaa3e4a76c354.jpg 760w\" sizes=\"(max-width: 600px) 100vw, 600px\" \/><\/p>\n<p><span style=\"font-weight: 400\">S\u1eefa Binggrae l\u00e0 th\u1ee9c u\u1ed1ng b\u1ed5 d\u01b0\u1ee1ng c\u00f3 l\u1ecbch s\u1eed l\u00e2u \u0111\u1eddi v\u00e0 l\u00e0 m\u1ed9t trong nh\u1eefng \u0111\u1ed3 u\u1ed1ng \u0111\u01b0\u1ee3c \u01b0a th\u00edch nh\u1ea5t \u1edf H\u00e0n Qu\u1ed1c. S\u1eefa gi\u00fap nhu\u1eadn tr\u00e0ng, ch\u1ed1ng t\u00e1o b\u00f3n cho b\u00e9 t\u1eeb 1 tu\u1ed5i tr\u1edf l\u00ean. S\u1eefa c\u00f3 v\u1ecb th\u01a1m ngon kh\u00f4ng qu\u00e1 ng\u1ecdt, v\u1ecb m\u00e1t thanh nh\u1eb9 nh\u00e0ng c\u1ef1c k\u00ec d\u1ec5 u\u1ed1ng.v\u00e0 nay \u0111\u00e3 c\u00f3 m\u1eb7t t\u1ea1i Vi\u1ec7t Nam.\u00a0<\/span><\/p>\n<p><img decoding=\"async\" class=\"wp-image-19321 aligncenter\" src=\"https:\/\/havamall.vn\/wp-content\/uploads\/2021\/01\/71183931_683531758722270_1625191289521700864_n-300x298.jpg\" alt=\"\" width=\"611\" height=\"607\" srcset=\"https:\/\/havamall.vn\/wp-content\/uploads\/2021\/01\/71183931_683531758722270_1625191289521700864_n-300x298.jpg 300w, https:\/\/havamall.vn\/wp-content\/uploads\/2021\/01\/71183931_683531758722270_1625191289521700864_n-430x427.jpg 430w, https:\/\/havamall.vn\/wp-content\/uploads\/2021\/01\/71183931_683531758722270_1625191289521700864_n-150x150.jpg 150w, https:\/\/havamall.vn\/wp-content\/uploads\/2021\/01\/71183931_683531758722270_1625191289521700864_n-700x696.jpg 700w, https:\/\/havamall.vn\/wp-content\/uploads\/2021\/01\/71183931_683531758722270_1625191289521700864_n-768x763.jpg 768w, https:\/\/havamall.vn\/wp-content\/uploads\/2021\/01\/71183931_683531758722270_1625191289521700864_n-600x596.jpg 600w, https:\/\/havamall.vn\/wp-content\/uploads\/2021\/01\/71183931_683531758722270_1625191289521700864_n-100x100.jpg 100w, https:\/\/havamall.vn\/wp-content\/uploads\/2021\/01\/71183931_683531758722270_1625191289521700864_n.jpg 960w\" sizes=\"(max-width: 611px) 100vw, 611px\" \/><\/p>\n<p><span style=\"font-weight: 400\">S\u1ea3n ph\u1ea9m v\u1edbi h\u00e0m l\u01b0\u1ee3ng s\u1eefa t\u01b0\u01a1i l\u00ean \u0111\u1ebfn 80% k\u1ebft h\u1ee3p v\u1edbi h\u01b0\u01a1ng v\u1ecb h\u1ea5p d\u1eabn n\u00ean r\u1ea5t m\u1ec1m m\u1ea1i v\u00e0 c\u00f3 v\u1ecb ng\u1ecdt b\u00f9i, k\u00edch th\u00edch v\u1ecb gi\u00e1c. S\u1ea3n ph\u1ea9m b\u1ed5 sung ch\u1ea5t x\u01a1, vitamin nh\u00f3m B, S\u1eaft, Magie, Canxi, K t\u1ed1t cho h\u1ec7 ti\u00eau h\u00f3a, \u1ed5n \u0111\u1ecbnh huy\u1ebft \u00e1p, gi\u00fap x\u01b0\u01a1ng ch\u1eafc kh\u1ecfe.<\/span><\/p>\n<p><img decoding=\"async\" class=\"aligncenter\" src=\"https:\/\/havamall.vn\/wp-content\/uploads\/2021\/01\/1038682_1.jpg\" alt=\"BINGGRAE | LYCHEE &amp; PEACH MILK | \u58eb\u591a Ztore\" width=\"602\" height=\"602\" \/><\/p>\n<p><span style=\"font-weight: 400\">S\u1ea3n ph\u1ea9m \u0111\u01b0\u1ee3c r\u1ea5t nhi\u1ec1u di\u1ec5n vi\u00ean n\u1ed5i ti\u1ebfng H\u00e0n Qu\u1ed1c \u01b0a th\u00edch v\u00e0 s\u1eed d\u1ee5ng th\u01b0\u1eddng xuy\u00ean nh\u01b0 m\u1ed9t th\u00f3i quen kh\u00f4ng th\u1ec3 thi\u1ebfu h\u00e0ng ng\u00e0y. S\u1eefa ti\u1ec7t tr\u00f9ng Binggrae \u0111\u00e3 \u0111\u01b0\u1ee3c \u0111\u00f3ng h\u1ed9p gi\u1ea5y nh\u1ecf g\u1ecdn v\u1edbi \u1ed1ng h\u00fat ti\u1ec7n l\u1ee3i n\u00ean c\u00f3 th\u1ec3 d\u1ec5 d\u00e0ng \u0111em theo b\u00ean m\u00ecnh m\u1ecdi l\u00fac m\u1ecdi n\u01a1i \u0111\u1ec3 th\u01b0\u1edfng th\u1ee9c h\u01b0\u01a1ng v\u1ecb s\u1eefa th\u01a1m ngon h\u1ea3o h\u1ea1ng.<\/span><\/p>\n<p><span style=\"font-weight: 400\">S\u1eefa t\u01b0\u01a1i v\u1ecb v\u1ea3i \u0111\u00e0o \u0111\u01b0\u1ee3c s\u1ea3n xu\u1ea5t theo c\u00f4ng ngh\u1ec7 hi\u1ec7n \u0111\u1ea1i c\u1ee7a H\u00e0n Qu\u1ed1c, ki\u1ec3m tra nghi\u00eam ng\u1eb7t b\u1edfi c\u00e1c chuy\u00ean gia h\u00e0ng \u0111\u1ea7u v\u1ec1 c\u00f4ng ngh\u1ec7 th\u1ef1c ph\u1ea9m. Ngo\u00e0i ra, s\u1ea3n ph\u1ea9m kh\u00f4ng ch\u1ee9a h\u00f3a ch\u1ea5t, kh\u00f4ng ch\u1ea5t b\u1ea3o qu\u1ea3n \u0111\u1ed9c h\u1ea1i, \u0111\u1ea3m b\u1ea3o an to\u00e0n cho s\u1ee9c kh\u1ecfe ng\u01b0\u1eddi d\u00f9ng.<\/span><\/p>\n<p><img loading=\"lazy\" decoding=\"async\" class=\"aligncenter\" src=\"https:\/\/havamall.vn\/wp-content\/uploads\/2021\/01\/Binggare_lychee_1024x1024.jpg\" alt=\"TALES FROM THE SNACKBAR \u2013 SnackBar by MoguShop\" width=\"602\" height=\"602\" \/><\/p>\n<h4><b>\u0110\u1eb7c \u0111i\u1ec3m n\u1ed5i b\u1eadt c\u1ee7a s\u1ea3n ph\u1ea9m:<\/b><\/h4>\n<p><span style=\"font-weight: 400\">&#8211; S\u1eefa t\u01b0\u01a1i v\u1ecb v\u1ea3i \u0111\u00e0o Binggrae H\u00e0n Qu\u1ed1c v\u1edbi c\u00e1c th\u00e0nh ph\u1ea7n an to\u00e0n nh\u01b0 s\u1eefa, n\u01b0\u1edbc, \u0111\u01b0\u1eddng, s\u1eefa b\u1ed9t g\u1ea7y, n\u01b0\u1edbc \u00e9p v\u1ea3i c\u00f4 \u0111\u1eb7c, n\u01b0\u1edbc \u00e9p \u0111\u00e0o c\u00f4 \u0111\u1eb7c&#8230; mang l\u1ea1i s\u1ea3n ph\u1ea9m v\u1edbi h\u01b0\u01a1ng v\u1ecb th\u01a1m ngon, v\u1ecb ng\u1ecdt d\u1ecbu nh\u1eb9.<\/span><\/p>\n<p><span style=\"font-weight: 400\">&#8211; S\u1ea3n ph\u1ea9m \u0111\u01b0\u1ee3c x\u1eed l\u00fd b\u1eb1ng c\u00f4ng ngh\u1ec7 ti\u1ec7t tr\u00f9ng UHT hi\u1ec7n \u0111\u1ea1i &#8211; x\u1eed l\u00fd \u1edf 140 \u0111\u1ed9 C trong th\u1eddi gian ng\u1eafn (4-6 gi\u00e2y) sau \u0111\u00f3 l\u00e0m l\u1ea1nh nhanh gi\u00fap ti\u00eau di\u1ec7t h\u1ebft vi khu\u1ea9n c\u00f3 h\u1ea1i, c\u00e1c lo\u1ea1i n\u1ea5m men, n\u1ea5m m\u1ed1c,&#8230; \u0111\u1ed3ng th\u1eddi gi\u1eef l\u1ea1i t\u1ed1i \u0111a c\u00e1c ch\u1ea5t dinh d\u01b0\u1ee1ng v\u00e0 m\u00f9i v\u1ecb t\u1ef1 nhi\u00ean.<\/span><\/p>\n<p><span style=\"font-weight: 400\">&#8211; S\u1ea3n ph\u1ea9m c\u00f3 h\u00e0m l\u01b0\u1ee3ng s\u1eefa t\u01b0\u01a1i l\u00ean \u0111\u1ebfn 80%, k\u1ebft h\u1ee3p v\u1edbi h\u01b0\u01a1ng v\u1ecb d\u00e2u h\u1ea5p d\u1eabn n\u00ean th\u01a1m ngon, k\u00edch th\u00edch v\u1ecb gi\u00e1c.<\/span><\/p>\n<p><span style=\"font-weight: 400\">&#8211; C\u00e1c th\u00e0nh ph\u1ea7n trong s\u1eefa b\u1ed5 sung ch\u1ea5t x\u01a1, vitamin nh\u00f3m B, s\u1eaft, magie, canxi, kali, &#8230; gi\u00fap nhu\u1eadn tr\u00e0ng, t\u1ed1t cho d\u1ea1 d\u00e0y, \u1ed5n \u0111\u1ecbnh huy\u1ebft \u00e1p, gi\u00fap x\u01b0\u01a1ng ch\u1eafc kh\u1ecfe, gi\u1ea3m stress hi\u1ec7u qu\u1ea3.<\/span><\/p>\n<p><img loading=\"lazy\" decoding=\"async\" class=\"aligncenter\" src=\"https:\/\/havamall.vn\/wp-content\/uploads\/2021\/01\/c5d2a58a-88fa-4c70-933a-2cc36a515a5b.jpg\" alt=\"Jual binggrae lychee peach milk 200 ml - Jakarta Selatan - Indutkshop | Tokopedia\" width=\"590\" height=\"590\" \/><\/p>\n<h4><b>Th\u00e0nh ph\u1ea7n:<\/b><\/h4>\n<p><span style=\"font-weight: 400\">&#8211; S\u1eefa<\/span><\/p>\n<p><span style=\"font-weight: 400\">&#8211; N\u01b0\u1edbc<\/span><\/p>\n<p><span style=\"font-weight: 400\">&#8211; \u0110\u01b0\u1eddng<\/span><\/p>\n<p><span style=\"font-weight: 400\">&#8211; B\u1ed9t s\u1eefa g\u1ea7y<\/span><\/p>\n<p><span style=\"font-weight: 400\">&#8211; N\u01b0\u1edbc \u00e9p v\u1ea3i c\u00f4 \u0111\u1eb7c<\/span><\/p>\n<p><span style=\"font-weight: 400\">&#8211; N\u01b0\u1edbc \u00e9p \u0111\u00e0o c\u00f4 \u0111\u1eb7c<\/span><\/p>\n<p><span style=\"font-weight: 400\">&#8211; B\u1ed9t whey,&#8230;<\/span><\/p>\n<p><img loading=\"lazy\" decoding=\"async\" class=\"wp-image-19322 aligncenter\" src=\"https:\/\/havamall.vn\/wp-content\/uploads\/2021\/01\/sua-tiet-trung-binggrae-vi-vai-dao-hop-200-ml-1-300x300.jpg\" alt=\"\" width=\"595\" height=\"596\" srcset=\"https:\/\/havamall.vn\/wp-content\/uploads\/2021\/01\/sua-tiet-trung-binggrae-vi-vai-dao-hop-200-ml-1-300x300.jpg 300w, https:\/\/havamall.vn\/wp-content\/uploads\/2021\/01\/sua-tiet-trung-binggrae-vi-vai-dao-hop-200-ml-1-430x430.jpg 430w, https:\/\/havamall.vn\/wp-content\/uploads\/2021\/01\/sua-tiet-trung-binggrae-vi-vai-dao-hop-200-ml-1-150x150.jpg 150w, https:\/\/havamall.vn\/wp-content\/uploads\/2021\/01\/sua-tiet-trung-binggrae-vi-vai-dao-hop-200-ml-1.jpg 600w, https:\/\/havamall.vn\/wp-content\/uploads\/2021\/01\/sua-tiet-trung-binggrae-vi-vai-dao-hop-200-ml-1-100x100.jpg 100w\" sizes=\"(max-width: 595px) 100vw, 595px\" \/><\/p>\n<h4><b>H\u01b0\u1edbng d\u1eabn s\u1eed d\u1ee5ng v\u00e0 b\u1ea3o qu\u1ea3n:<\/b><\/h4>\n<p><span style=\"font-weight: 400\">&#8211; L\u1eafc \u0111\u1ec1u tr\u01b0\u1edbc khi u\u1ed1ng.<\/span><\/p>\n<p><span style=\"font-weight: 400\">&#8211; Ngon h\u01a1n khi u\u1ed1ng l\u1ea1nh.<\/span><\/p>\n<p><span style=\"font-weight: 400\">&#8211; Ch\u1ec9 s\u1eed d\u1ee5ng cho 1 l\u1ea7n u\u1ed1ng.<\/span><\/p>\n<p><span style=\"font-weight: 400\">&#8211; Kh\u00f4ng d\u00f9ng cho tr\u1ebb d\u01b0\u1edbi 1 tu\u1ed5i.<\/span><\/p>\n<p><span style=\"font-weight: 400\">&#8211; B\u1ea3o qu\u1ea3n \u1edf n\u01a1i s\u1ea1ch s\u1ebd, tho\u00e1ng m\u00e1t, tr\u00e1nh \u00e1nh s\u00e1ng m\u1eb7t tr\u1eddi.<\/span><\/p>\n<p>S\u1ea3n ph\u1ea9m hi\u1ec7n \u0111\u00e3 c\u00f3 m\u1eb7t t\u1ea1i Havamall.<\/p>","protected":false},"excerpt":{"rendered":"<p><span style=\"font-weight: 400\">S\u1eefa t\u01b0\u01a1i v\u1ecb v\u1ea3i \u0111\u00e0o Binggrae H\u00e0n Qu\u1ed1c v\u1edbi c\u00e1c th\u00e0nh ph\u1ea7n an to\u00e0n nh\u01b0 s\u1eefa, n\u01b0\u1edbc, \u0111\u01b0\u1eddng, s\u1eefa b\u1ed9t g\u1ea7y,&#8230; mang l\u1ea1i s\u1ea3n ph\u1ea9m v\u1edbi h\u01b0\u01a1ng v\u1ecb th\u01a1m ngon, v\u1ecb ng\u1ecdt d\u1ecbu nh\u1eb9.<\/span><\/p>\n<p><span style=\"font-weight: 400\">S\u1ea3n ph\u1ea9m \u0111\u01b0\u1ee3c x\u1eed l\u00fd b\u1eb1ng c\u00f4ng ngh\u1ec7 ti\u1ec7t tr\u00f9ng UHT hi\u1ec7n \u0111\u1ea1i &#8211; x\u1eed l\u00fd \u1edf 140 \u0111\u1ed9 C trong th\u1eddi gian ng\u1eafn (4-6 gi\u00e2y) sau \u0111\u00f3 l\u00e0m l\u1ea1nh nhanh gi\u00fap ti\u00eau di\u1ec7t h\u1ebft vi khu\u1ea9n c\u00f3 h\u1ea1i, c\u00e1c lo\u1ea1i n\u1ea5m men, n\u1ea5m m\u1ed1c,&#8230; \u0111\u1ed3ng th\u1eddi gi\u1eef l\u1ea1i t\u1ed1i \u0111a c\u00e1c ch\u1ea5t dinh d\u01b0\u1ee1ng v\u00e0 m\u00f9i v\u1ecb t\u1ef1 nhi\u00ean.<\/span><\/p>\n<p><span style=\"font-weight: 400\">S\u1ea3n ph\u1ea9m c\u00f3 h\u00e0m l\u01b0\u1ee3ng s\u1eefa t\u01b0\u01a1i l\u00ean \u0111\u1ebfn 80%, k\u1ebft h\u1ee3p v\u1edbi h\u01b0\u01a1ng v\u1ecb d\u00e2u h\u1ea5p d\u1eabn n\u00ean th\u01a1m ngon, k\u00edch th\u00edch v\u1ecb gi\u00e1c.<\/span><\/p>\n<p><span style=\"font-weight: 400\">C\u00e1c th\u00e0nh ph\u1ea7n trong s\u1eefa b\u1ed5 sung ch\u1ea5t x\u01a1, vitamin nh\u00f3m B, s\u1eaft, magie, canxi, kali, &#8230; gi\u00fap nhu\u1eadn tr\u00e0ng, t\u1ed1t cho d\u1ea1 d\u00e0y, \u1ed5n \u0111\u1ecbnh huy\u1ebft \u00e1p, gi\u00fap x\u01b0\u01a1ng ch\u1eafc kh\u1ecfe, gi\u1ea3m stress hi\u1ec7u qu\u1ea3.<\/span><\/p>","protected":false},"featured_media":17877,"comment_status":"open","ping_status":"closed","template":"","meta":[],"product_brand":[],"product_cat":[36,135],"product_tag":[],"class_list":{"0":"post-17872","1":"product","2":"type-product","3":"status-publish","4":"has-post-thumbnail","6":"product_cat-thuc-pham-tieu-dung","7":"product_cat-sua-do-uong","9":"first","10":"outofstock","11":"sale","12":"shipping-taxable","13":"purchasable","14":"product-type-simple"},"_links":{"self":[{"href":"https:\/\/havamall.vn\/en\/wp-json\/wp\/v2\/product\/17872"}],"collection":[{"href":"https:\/\/havamall.vn\/en\/wp-json\/wp\/v2\/product"}],"about":[{"href":"https:\/\/havamall.vn\/en\/wp-json\/wp\/v2\/types\/product"}],"replies":[{"embeddable":true,"href":"https:\/\/havamall.vn\/en\/wp-json\/wp\/v2\/comments?post=17872"}],"version-history":[{"count":0,"href":"https:\/\/havamall.vn\/en\/wp-json\/wp\/v2\/product\/17872\/revisions"}],"wp:featuredmedia":[{"embeddable":true,"href":"https:\/\/havamall.vn\/en\/wp-json\/wp\/v2\/media\/17877"}],"wp:attachment":[{"href":"https:\/\/havamall.vn\/en\/wp-json\/wp\/v2\/media?parent=17872"}],"wp:term":[{"taxonomy":"product_brand","embeddable":true,"href":"https:\/\/havamall.vn\/en\/wp-json\/wp\/v2\/product_brand?post=17872"},{"taxonomy":"product_cat","embeddable":true,"href":"https:\/\/havamall.vn\/en\/wp-json\/wp\/v2\/product_cat?post=17872"},{"taxonomy":"product_tag","embeddable":true,"href":"https:\/\/havamall.vn\/en\/wp-json\/wp\/v2\/product_tag?post=17872"}],"curies":[{"name":"wp","href":"https:\/\/api.w.org\/{rel}","templated":true}]}}