{"id":17846,"date":"2021-01-15T16:37:40","date_gmt":"2021-01-15T09:37:40","guid":{"rendered":"https:\/\/havamall.vn\/?post_type=product&#038;p=17846"},"modified":"2025-12-03T13:36:03","modified_gmt":"2025-12-03T06:36:03","slug":"bot-cacao-hersheys-cocoa-powder-226g","status":"publish","type":"product","link":"https:\/\/havamall.vn\/en\/shop\/bot-cacao-hersheys-cocoa-powder-226g\/","title":{"rendered":"B\u1ed9t Cacao-Hershey&#8217;s Cocoa Powder 226g"},"content":{"rendered":"<table>\n<tbody>\n<tr>\n<td>Th\u01b0\u01a1ng hi\u1ec7u<\/td>\n<td>Hershey\u2019s<\/td>\n<\/tr>\n<tr>\n<td>Xu\u1ea5t x\u1ee9<\/td>\n<td>M\u1ef9<\/td>\n<\/tr>\n<tr>\n<td>Th\u00e0nh ph\u1ea7n<\/td>\n<td>Cacao 100%<\/td>\n<\/tr>\n<tr>\n<td>H\u1ea1n s\u1eed d\u1ee5ng<\/td>\n<td>24 th\u00e1ng k\u1ec3 t\u1eeb ng\u00e0y s\u1ea3n xu\u1ea5t.<\/td>\n<\/tr>\n<tr>\n<td>B\u1ea3o qu\u1ea3n<\/td>\n<td>\u0110\u1ec3 n\u01a1i kh\u00f4 r\u00e1o, tho\u00e1ng m\u00e1t, tr\u00e1nh \u00e1nh n\u1eafng tr\u1ef1c ti\u1ebfp<\/td>\n<\/tr>\n<tr>\n<td>Kh\u1ed1i l\u01b0\u1ee3ng t\u1ecbnh<\/td>\n<td>226gr<\/td>\n<\/tr>\n<\/tbody>\n<\/table>\n<p><span style=\"font-weight: 400\">B\u1ed9t cacao nguy\u00ean ch\u1ea5t Hershey\u2019s 226g c\u1ee7a M\u1ef9 l\u00e0 b\u1ed9t cacao 100% t\u1ef1 nhi\u00ean, kh\u00f4ng ch\u1ee9a th\u00eam \u0111\u01b0\u1eddng \u0111\u01b0\u1ee3c nh\u1eadp kh\u1ea9u t\u1eeb M\u1ef9. B\u1ed9t cacao d\u00f9ng \u0111\u1ec3 u\u1ed1ng ho\u1eb7c l\u00e0m b\u00e1nh Socola v\u1edbi c\u00e1c th\u00e0nh ph\u1ea7n d\u01b0\u1ee1ng ch\u1ea5t t\u1ed1t cho s\u1ee9c kh\u1ecfe. B\u1ed9t cacao hershey \u0111\u01b0\u1ee3c tin d\u00f9ng tr\u00ean nhi\u1ec1u n\u01b0\u1edbc kh\u1eafp Th\u1ebf gi\u1edbi.<\/span><\/p>\n<p><img fetchpriority=\"high\" decoding=\"async\" class=\"aligncenter\" src=\"https:\/\/havamall.com\/wp-content\/uploads\/2025\/07\/6000197313446.jpg\" alt=\"HERSHEY\" width=\"606\" height=\"664\" \/><\/p>\n<p><span style=\"font-weight: 400\">B\u1ed9t cacao nguy\u00ean ch\u1ea5t Hershey\u2019s 226g c\u1ee7a M\u1ef9 \u0111\u01b0\u1ee3c l\u00e0m th\u00e0nh ph\u1ea7n t\u1eeb 100% cacao nguy\u00ean ch\u1ea5t, kh\u00f4ng \u0111\u01b0\u1eddng, ch\u1ed1ng l\u1ea1i b\u1ec7nh ung th\u01b0 v\u00e0 ng\u0103n ng\u1eeba l\u00e3o h\u00f3a, t\u1eadp trung tr\u00ed tu\u1ec7<\/span><\/p>\n<p><img decoding=\"async\" class=\"aligncenter\" src=\"https:\/\/havamall.com\/wp-content\/uploads\/2025\/07\/bot-caca-chinh-hang.jpg\" alt=\"B\u1ed9t socola hershey nguy\u00ean ch\u1ea5t 100% gi\u00e1 s\u1ec9 trong d\u1ecbp t\u1ebft 2018\" width=\"611\" height=\"866\" \/><\/p>\n<p><span style=\"font-weight: 400\">Cacao c\u00f3 ngu\u1ed3n g\u1ed1c t\u1eeb Trung M\u1ef9, c\u00f3 t\u00ean La Tinh la\u0300 Theobroma cacao, co\u0301 nghi\u0303a la\u0300 \u201cth\u01b0\u0301c \u0103n cu\u0309a ca\u0301c vi\u0323 th\u00e2\u0300n\u201d.\u00a0<\/span><span style=\"font-weight: 400\">B\u1ed9t Cacao Hershey\u2019s Cocoa l\u00e0 m\u1ed9t th\u1ee9c u\u1ed1ng r\u1ea5t \u0111\u01b0\u1ee3c \u01b0a chu\u1ed9ng tr\u00ean kh\u1eafp Th\u1ebf gi\u1edbi v\u00ec nh\u1eefng t\u00e1c d\u1ee5ng tuy\u1ec7t v\u1eddi c\u1ee7a n\u00f3 v\u1edbi h\u01b0\u01a1ng v\u1ecb th\u01a1m ngon m\u00f9i cafe, v\u00e0 ch\u1ee9a th\u00e0nh ph\u1ea7n b\u1ed5 d\u01b0\u1ee1ng, t\u1ed1t cho s\u1ee9c kh\u1ecfe.\u00a0<\/span><\/p>\n<p><img decoding=\"async\" class=\"aligncenter\" src=\"https:\/\/havamall.com\/wp-content\/uploads\/2025\/07\/socola-kem-boc-socola-sua-hersheys-hugs-chocolate-300g-kf.jpg\" alt=\"Socola kem b\u1ecdc socola s\u1eefa Hershey\" width=\"613\" height=\"613\" \/><\/p>\n<p><span style=\"font-weight: 400\">C\u0169ng ch\u00ednh v\u00ec v\u1eady m\u00e0 lo\u1ea1i th\u1ee9c u\u1ed1ng n\u00e0y, c\u0169ng nh\u01b0 socola tr\u1edf th\u00e0nh m\u1ed9t \u0111\u1eb7c tr\u01b0ng trong v\u0103n h\u00f3a \u1ea9m th\u1ef1c ch\u00e2u \u00c2u, v\u00e0 ng\u00e0y c\u00e0ng \u0111\u01b0\u1ee3c lan r\u1ed9ng kh\u1eafp Th\u1ebf gi\u1edbi.<\/span><\/p>\n<p><img loading=\"lazy\" decoding=\"async\" class=\"aligncenter\" src=\"https:\/\/havamall.com\/wp-content\/uploads\/2025\/07\/socola-1518074923849581181062.jpg\" alt=\"B\u00ed quy\u1ebft ch\u1ecdn s\u00f4 c\u00f4 la t\u1ed1t cho s\u1ee9c kh\u1ecfe | B\u00e1o D\u00e2n tr\u00ed\" width=\"616\" height=\"324\" \/><\/p>\n<p><span style=\"font-weight: 400\">B\u1ed9t Cacao Hershey\u2019s kh\u00f4ng \u0111\u01b0\u1eddng \u0111\u01b0\u1ee3c tin d\u00f9ng su\u1ed1t nhi\u1ec1u n\u0103m qua, v\u00e0 ng\u00e0y c\u00e0ng \u0111\u01b0\u1ee3c ph\u1ed5 bi\u1ebfn r\u1ed9ng r\u00e3i tr\u00ean kh\u1eafp Th\u1ebf gi\u1edbi.\u00a0<\/span><\/p>\n<p><img loading=\"lazy\" decoding=\"async\" class=\"aligncenter\" src=\"https:\/\/havamall.com\/wp-content\/uploads\/2025\/07\/cong-thuc-pha-chocolate-ngon-het-y-danh-cho-nguoi-luoi.jpg\" alt=\"C\u00f4ng th\u1ee9c pha chocolate n\u00f3ng h\u1ed5i v\u00e0 c\u00e1ch d\u1ef1 tr\u1eef \u0111\u1ed3 u\u1ed1ng c\u1ef1c hay\" width=\"617\" height=\"617\" \/><\/p>\n<p><span style=\"font-weight: 400\">S\u1ea3n ph\u1ea9m \u0111\u01b0\u1ee3c s\u1ea3n xu\u1ea5t v\u1edbi quy tr\u00ecnh kh\u00e9p k\u00edn hi\u1ec7n \u0111\u1ea1i, nguy\u00ean li\u1ec7u \u0111\u01b0\u1ee3c ch\u1ecdn l\u1ef1a k\u1ef9 c\u00e0ng r\u1ea5t ch\u1ea5t l\u01b0\u1ee3ng. \u0110\u1ea3m b\u1ea3o an to\u00e0n cho s\u1ee9c kh\u1ecfe, kh\u00f4ng ch\u1ee9a th\u00e0nh ph\u1ea7n h\u00f3a h\u1ecdc \u0111\u1ed9c h\u1ea1i, kh\u00f4ng ch\u1ee9a gluten. V\u00ec th\u1ebf b\u1ed9t Cacao Hershey\u2019s kh\u00f4ng \u0111\u01b0\u1eddng l\u00e0 s\u1ef1 l\u1ef1a ch\u1ecdn h\u00e0ng \u0111\u1ea7u c\u1ee7a ng\u01b0\u1eddi d\u00e2n M\u1ef9.\u00a0<\/span><\/p>\n<p><img loading=\"lazy\" decoding=\"async\" class=\"aligncenter\" src=\"https:\/\/havamall.com\/wp-content\/uploads\/2025\/07\/Chocolate-Cupcake-1.jpg\" alt=\"6 Chocolate Cupcakes | mycakemart\" width=\"619\" height=\"619\" \/><\/p>\n<p><span style=\"font-weight: 400\">B\u1ed9t cacao nguy\u00ean ch\u1ea5t Hershey\u2019s mang gi\u00e1 tr\u1ecb dinh d\u01b0\u1ee1ng, cung c\u1ea5p n\u0103ng l\u01b0\u1ee3ng cho c\u01a1 th\u1ec3, ch\u1ee9a h\u00e0m l\u01b0\u1ee3ng ch\u1ea5t b\u00e9o t\u1ed1t cho c\u01a1 th\u1ec3, ngo\u00e0i ra c\u00f2n ch\u1ee9a h\u00e0m l\u01b0\u1ee3ng ch\u1ea5t x\u01a1 h\u00f2a tan, c\u00f3 t\u00e1c d\u1ee5ng t\u00edch c\u1ef1c \u0111\u1ed1i v\u1edbi t\u00e1o b\u00f3n. B\u00ean c\u1ea1nh \u0111\u00f3, \u0111\u00e2y \u0111\u01b0\u1ee3c coi l\u00e0 m\u1ed9t th\u1ee9c u\u1ed1ng c\u00f3 th\u1ec3 gi\u00fap gi\u1ea3m c\u00e2n, b\u1edfi n\u00f3 t\u1ea1o c\u1ea3m gi\u00e1c no, kh\u00f4ng th\u00e8m \u0103n.<\/span><\/p>\n<p><img loading=\"lazy\" decoding=\"async\" class=\"aligncenter\" src=\"https:\/\/havamall.com\/wp-content\/uploads\/2025\/07\/thuc-uong-giam-can-tu-ca-cao-6-1000x658.png\" alt=\"Nh\u1eefng c\u00f4ng d\u1ee5ng c\u1ee7a ca cao nguy\u00ean ch\u1ea5t s\u1ebd l\u00e0m thay \u0111\u1ed5i cu\u1ed9c \u0111\u1eddi b\u1ea1n. - The Bitter Cacao Vi\u1ec7t Nam\" width=\"620\" height=\"409\" \/><\/p>\n<p><span style=\"font-weight: 400\">S\u1ea3n ph\u1ea9m \u0111\u01b0\u1ee3c s\u1ea3n xu\u1ea5t v\u1edbi quy tr\u00ecnh kh\u00e9p k\u00edn hi\u1ec7n \u0111\u1ea1i, nguy\u00ean li\u1ec7u \u0111\u01b0\u1ee3c ch\u1ecdn l\u1ef1a k\u1ef9 c\u00e0ng r\u1ea5t ch\u1ea5t l\u01b0\u1ee3ng. \u0110\u1ea3m b\u1ea3o an to\u00e0n cho s\u1ee9c kh\u1ecfe, kh\u00f4ng ch\u1ee9a th\u00e0nh ph\u1ea7n h\u00f3a h\u1ecdc \u0111\u1ed9c h\u1ea1i, kh\u00f4ng ch\u1ee9a gluten. V\u00ec th\u1ebf b\u1ed9t Cacao Hershey\u2019s kh\u00f4ng \u0111\u01b0\u1eddng l\u00e0 s\u1ef1 l\u1ef1a ch\u1ecdn h\u00e0ng \u0111\u1ea7u c\u1ee7a ng\u01b0\u1eddi d\u00e2n M\u1ef9.\u00a0<\/span><\/p>\n<p><img loading=\"lazy\" decoding=\"async\" class=\"aligncenter\" src=\"https:\/\/havamall.com\/wp-content\/uploads\/2025\/07\/Cacao-nong-ket-hop-cung-kem-tuoi.jpg\" alt=\"3 c\u00e1ch pha cacao nhanh g\u1ecdn l\u1eb9 \u0111\u1ec3 b\u1eaft \u0111\u1ea7u ng\u00e0y m\u1edbi | \u0110VP Market\" width=\"621\" height=\"378\" \/><\/p>\n<h4><strong>C\u00f4ng d\u1ee5ng c\u1ee7a b\u1ed9t cacao:<\/strong><\/h4>\n<p><span style=\"font-weight: 400\">&#8211; Trong cacao c\u00f3 \u0111\u1ea7y \u0111\u1ee7 c\u00e1c d\u01b0\u1ee1ng ch\u1ea5t c\u01a1 b\u1ea3n nh\u01b0 protein, carbohydrate v\u00e0 lipid gi\u00fap cung c\u1ea5p n\u0103ng l\u01b0\u1ee3ng<\/span><\/p>\n<p><span style=\"font-weight: 400\">&#8211; Cacao r\u1ea5t gi\u00e0u c\u00e1c polyphenol v\u00e0 ch\u1ea5t ch\u1ed1ng oxy h\u00f3a t\u1ed1t cho s\u1ee9c kh\u1ecfe, gi\u00fap ng\u0103n ng\u1eeba v\u00e0 gi\u1ea3m c\u00e1c g\u1ed1c t\u1ef1 do trong c\u01a1 th\u1ec3, ch\u1ed1ng l\u1ea1i c\u00e1c b\u1ec7nh ung th\u01b0 v\u00e0 ng\u0103n ng\u1eeba l\u00e3o h\u00f3a.<\/span><\/p>\n<p><span style=\"font-weight: 400\">&#8211; H\u1ee3p ch\u1ea5t polyphenol c\u00f3 trong cacao khi\u1ebfn insulin \u0111\u01b0\u1ee3c ti\u1ebft ra \u0111\u1ec1u \u0111\u1eb7n nh\u1eb1m \u1ed5n \u0111\u1ecbnh \u0111\u01b0\u1eddng huy\u1ebft r\u1ea5t t\u1ed1t cho b\u1ec7nh nh\u00e2n ti\u1ec3u \u0111\u01b0\u1eddng<\/span><\/p>\n<p><span style=\"font-weight: 400\">&#8211; <\/span><span style=\"font-weight: 400\">C\u00e1c ho\u1ea1t ch\u1ea5t sinh h\u1ecdc c\u00f3 trong cacao r\u1ea5t t\u1ed1t cho l\u00e0n da. Cacao gi\u00fap c\u1ea3i thi\u1ec7n l\u01b0u th\u00f4ng m\u00e1u d\u01b0\u1edbi da, gi\u00fap da h\u1ed3ng h\u00e0o h\u01a1n; t\u0103ng s\u1ef1 \u0111\u00e0n h\u1ed3i v\u00e0 \u0111\u1ed9 \u1ea9m cho da, gi\u00fap l\u00e0m m\u1edd n\u1ebfp nh\u0103n, cho b\u1ea1n l\u00e0n da tr\u1ebb trung xinh \u0111\u1eb9p h\u01a1n.<\/span><\/p>\n<p><img loading=\"lazy\" decoding=\"async\" class=\"aligncenter\" src=\"https:\/\/havamall.com\/wp-content\/uploads\/2025\/07\/1499061069.jpg\" alt=\"T\u00e1c d\u1ee5ng tuy\u1ec7t v\u1eddi c\u1ee7a s\u00f4c\u00f4la n\u00f3ng\" width=\"617\" height=\"894\" \/><\/p>\n<h4><strong>H\u01b0\u1edbng d\u1eabn s\u1eed d\u1ee5ng:<\/strong><\/h4>\n<p><span style=\"font-weight: 400\">&#8211; B\u1ed9t socola hershey b\u1ea1n c\u00f3 th\u1ec3 pha v\u1edbi n\u01b0\u1edbc n\u00f3ng, th\u00eam m\u1ed9t \u00edt s\u1eefa, \u0111\u01b0\u1eddng ho\u1eb7c kem. Khu\u1ea5y \u0111\u1ec1u v\u00e0 c\u00f3 th\u1ec3 th\u01b0\u1edfng th\u1ee9c.<\/span><\/p>\n<p><span style=\"font-weight: 400\">&#8211; B\u1ed9t cacao Hershey\u2019s c\u00f3 th\u1ec3 d\u00f9ng l\u00e0m nguy\u00ean li\u1ec7u b\u00e1nh Socola.<\/span><\/p>\n<p>S\u1ea3n ph\u1ea9m \u0111\u00e3 c\u00f3 m\u1eb7t t\u1ea1i Havamall.<\/p>","protected":false},"excerpt":{"rendered":"<p><span style=\"font-weight: 400\">B\u1ed9t cacao nguy\u00ean ch\u1ea5t Hershey\u2019s 226g c\u1ee7a M\u1ef9 l\u00e0 b\u1ed9t cacao 100% t\u1ef1 nhi\u00ean, kh\u00f4ng ch\u1ee9a th\u00eam \u0111\u01b0\u1eddng \u0111\u01b0\u1ee3c nh\u1eadp kh\u1ea9u t\u1eeb M\u1ef9.<br \/>\nB\u1ed9t Cacao Hershey\u2019s kh\u00f4ng \u0111\u01b0\u1eddng \u0111\u01b0\u1ee3c tin d\u00f9ng su\u1ed1t nhi\u1ec1u n\u0103m qua, v\u00e0 ng\u00e0y c\u00e0ng \u0111\u01b0\u1ee3c ph\u1ed5 bi\u1ebfn r\u1ed9ng r\u00e3i tr\u00ean kh\u1eafp Th\u1ebf gi\u1edbi.<br \/>\nS\u1ea3n ph\u1ea9m \u0111\u01b0\u1ee3c s\u1ea3n xu\u1ea5t v\u1edbi quy tr\u00ecnh kh\u00e9p k\u00edn hi\u1ec7n \u0111\u1ea1i, nguy\u00ean li\u1ec7u \u0111\u01b0\u1ee3c ch\u1ecdn l\u1ef1a k\u1ef9 c\u00e0ng r\u1ea5t ch\u1ea5t l\u01b0\u1ee3ng. \u0110\u1ea3m b\u1ea3o an to\u00e0n cho s\u1ee9c kh\u1ecfe, kh\u00f4ng ch\u1ee9a th\u00e0nh ph\u1ea7n h\u00f3a h\u1ecdc \u0111\u1ed9c h\u1ea1i, kh\u00f4ng ch\u1ee9a gluten.<br \/>\n<\/span><\/p>","protected":false},"featured_media":17847,"comment_status":"open","ping_status":"closed","template":"","meta":[],"product_brand":[],"product_cat":[255,669,36,135,143],"product_tag":[],"class_list":{"0":"post-17846","1":"product","2":"type-product","3":"status-publish","4":"has-post-thumbnail","6":"product_cat-nguyen-lieu-lam-banh","7":"product_cat-nhap-khau-my","8":"product_cat-thuc-pham-tieu-dung","9":"product_cat-sua-do-uong","10":"product_cat-thuc-pham-dong-hop","12":"first","13":"instock","14":"sale","15":"shipping-taxable","16":"purchasable","17":"product-type-variable"},"_links":{"self":[{"href":"https:\/\/havamall.vn\/en\/wp-json\/wp\/v2\/product\/17846"}],"collection":[{"href":"https:\/\/havamall.vn\/en\/wp-json\/wp\/v2\/product"}],"about":[{"href":"https:\/\/havamall.vn\/en\/wp-json\/wp\/v2\/types\/product"}],"replies":[{"embeddable":true,"href":"https:\/\/havamall.vn\/en\/wp-json\/wp\/v2\/comments?post=17846"}],"version-history":[{"count":0,"href":"https:\/\/havamall.vn\/en\/wp-json\/wp\/v2\/product\/17846\/revisions"}],"wp:featuredmedia":[{"embeddable":true,"href":"https:\/\/havamall.vn\/en\/wp-json\/wp\/v2\/media\/17847"}],"wp:attachment":[{"href":"https:\/\/havamall.vn\/en\/wp-json\/wp\/v2\/media?parent=17846"}],"wp:term":[{"taxonomy":"product_brand","embeddable":true,"href":"https:\/\/havamall.vn\/en\/wp-json\/wp\/v2\/product_brand?post=17846"},{"taxonomy":"product_cat","embeddable":true,"href":"https:\/\/havamall.vn\/en\/wp-json\/wp\/v2\/product_cat?post=17846"},{"taxonomy":"product_tag","embeddable":true,"href":"https:\/\/havamall.vn\/en\/wp-json\/wp\/v2\/product_tag?post=17846"}],"curies":[{"name":"wp","href":"https:\/\/api.w.org\/{rel}","templated":true}]}}