{"id":17829,"date":"2021-01-15T15:22:19","date_gmt":"2021-01-15T08:22:19","guid":{"rendered":"https:\/\/havamall.vn\/?post_type=product&#038;p=17829"},"modified":"2025-03-19T09:42:08","modified_gmt":"2025-03-19T02:42:08","slug":"17829","status":"publish","type":"product","link":"https:\/\/havamall.vn\/en\/shop\/17829\/","title":{"rendered":"S\u1ed1t Th\u1ecbt N\u01b0\u1edbng BBQ-Heinz Classic Barbecue Sauce 480g"},"content":{"rendered":"<table>\n<tbody>\n<tr>\n<td>Th\u01b0\u01a1ng hi\u1ec7u<\/td>\n<td>Heinz<\/td>\n<\/tr>\n<tr>\n<td>Xu\u1ea5t x\u1ee9<\/td>\n<td>H\u00e0 Lan<\/td>\n<\/tr>\n<tr>\n<td>Th\u00e0nh ph\u1ea7n<\/td>\n<td>C\u00e0 chua nghi\u1ec1n, gi\u1ea5m, xi r\u00f4 v\u00e0ng, \u0111\u01b0\u1eddng. m\u1eadt m\u00eda, mu\u1ed1i, gia v\u1ecb, t\u1ecfi,&#8230;<\/td>\n<\/tr>\n<tr>\n<td>H\u1ea1n s\u1eed d\u1ee5ng<\/td>\n<td>18 th\u00e1ng k\u1ec3 t\u1eeb ng\u00e0y s\u1ea3n xu\u1ea5t.<\/td>\n<\/tr>\n<tr>\n<td>B\u1ea3o qu\u1ea3n<\/td>\n<td>\u0110\u1ec3 n\u01a1i kh\u00f4 r\u00e1o, tho\u00e1ng m\u00e1t, tr\u00e1nh \u00e1nh n\u1eafng tr\u1ef1c ti\u1ebfp<\/td>\n<\/tr>\n<tr>\n<td>Kh\u1ed1i l\u01b0\u1ee3ng t\u1ecbnh<\/td>\n<td>480gr<\/td>\n<\/tr>\n<\/tbody>\n<\/table>\n<p><span style=\"font-weight: 400\">Heinz l\u00e0 th\u01b0\u01a1ng hi\u1ec7u th\u1ef1c ph\u1ea9m v\u00e0 \u0111\u1ed3 u\u1ed1ng l\u1edbn th\u1ee9 3 \u1edf B\u1eafc M\u1ef9 v\u00e0 l\u00e0 c\u00f4ng ty l\u1edbn th\u1ee9 5 tr\u00ean th\u1ebf gi\u1edbi v\u1edbi doanh s\u1ed1 h\u00e0ng t\u1ef7 \u0111\u00f4 m\u1ed7i n\u0103m. L\u00e0 m\u1ed9t c\u00f4ng ty uy t\u00edn chuy\u00ean s\u1ea3n xu\u1ea5t c\u00e1c s\u1ea3n ph\u1ea9m th\u1ef1c ph\u1ea9m ch\u1ea5t l\u01b0\u1ee3ng cao, h\u01b0\u01a1ng v\u1ecb tuy\u1ec7t v\u1eddi v\u00e0 gi\u00e0u dinh d\u01b0\u1ee1ng, c\u00e1c s\u1ea3n ph\u1ea9m ph\u00f9 h\u1ee3p cho c\u00e1c b\u1eefa \u0103n t\u1ea1i nh\u00e0, t\u1ea1i c\u00e1c nh\u00e0 h\u00e0ng, hay khi b\u1ea1n di chuy\u1ec3n ho\u1eb7c \u0111i d\u00e3 ngo\u1ea1i ngo\u00e0i tr\u1eddi.\u00a0<\/span><\/p>\n<p><img fetchpriority=\"high\" decoding=\"async\" class=\"aligncenter\" src=\"https:\/\/havamall.vn\/wp-content\/uploads\/2025\/03\/Billboard_Final.jpg\" alt=\"Heinz Partners with Top Pitmasters to Launch Five New Great-Tasting BBQ Sauces | Placera\" width=\"612\" height=\"345\" \/><\/p>\n<p><span style=\"font-weight: 400\">S\u1ed1t th\u1ecbt n\u01b0\u1edbng BBQ Heinz v\u1ecb truy\u1ec1n th\u1ed1ng chai 480g l\u00e0 m\u00f3n gia v\u1ecb ph\u00f9 h\u1ee3p d\u00f9ng l\u00e0m n\u01b0\u1edbc s\u1ed1t t\u1ea9m \u01b0\u1edbp ho\u1eb7c ph\u1ebft cho b\u00e1nh m\u00ec k\u1eb9p th\u1ecbt, g\u00e0 t\u00e2y, x\u01b0\u01a1ng s\u01b0\u1eddn, x\u00fac x\u00edch, c\u00e1, c\u00e1c lo\u1ea1i th\u1ecbt n\u01b0\u1edbng\u2026 S\u1ea3n ph\u1ea9m gi\u00fap b\u1ea1n nhanh ch\u00f3ng c\u00f3 m\u00f3n n\u01b0\u1edbng BBQ th\u01a1m ngon \u0111\u00fang \u0111i\u1ec7u m\u00e0 kh\u00f4ng m\u1ea5t nhi\u1ec1u th\u1eddi gian chu\u1ea9n b\u1ecb gia v\u1ecb s\u1ed1t.<\/span><\/p>\n<p><img decoding=\"async\" class=\"aligncenter\" src=\"https:\/\/havamall.vn\/wp-content\/uploads\/2025\/03\/Homemade-BBQ-Sauce-Recipe-9.jpg\" alt=\"Homemade BBQ Sauce Recipe | Gimme Some Oven\" width=\"609\" height=\"911\" \/><\/p>\n<p><span style=\"font-weight: 400\">N\u01b0\u1edbc s\u1ed1t s\u01b0\u1eddn c\u1ed5 \u0111i\u1ec3n, d\u1ec5 l\u00e0m v\u00e0 nhanh ch\u00f3ng t\u1ea1o n\u00ean m\u00f3n s\u01b0\u1eddn n\u01b0\u1edbng tuy\u1ec7t v\u1eddi. Cho d\u00f9 m\u00f3n s\u01b0\u1eddn \u0111\u01b0\u1ee3c hun kh\u00f3i \u1edf nhi\u1ec7t \u0111\u1ed9 th\u1ea5p v\u00e0 ch\u1eadm hay \u0111\u01b0\u1ee3c n\u01b0\u1edbng trong l\u00f2, n\u01b0\u1edbc s\u1ed1t s\u01b0\u1eddn n\u01b0\u1edbng n\u00e0y s\u1ebd t\u0103ng th\u00eam \u0111\u1ed9 n\u00f3ng, m\u1ed9t ch\u00fat kh\u00f3i v\u00e0 r\u1ea5t nhi\u1ec1u h\u01b0\u01a1ng v\u1ecb.<\/span><\/p>\n<p><img decoding=\"async\" class=\"aligncenter\" src=\"https:\/\/havamall.vn\/wp-content\/uploads\/2025\/03\/maxresdefault.jpg\" alt=\"Heinz BBQ - YouTube\" width=\"612\" height=\"345\" \/><\/p>\n<p><span style=\"font-weight: 400\">Kh\u00f4ng nghi ng\u1edd g\u00ec n\u1eefa, lo\u1ea1i n\u01b0\u1edbc s\u1ed1t n\u00e0y l\u00e0 m\u1ed9t \u1ee9ng c\u1eed vi\u00ean n\u1eb7ng k\u00fd cho m\u00f3n n\u01b0\u1edbc s\u1ed1t s\u01b0\u1eddn \u0111\u01b0\u1ee3c y\u00eau th\u00edch. N\u00f3 c\u00f3 m\u1ed9t l\u01b0\u1ee3ng n\u1ed5i b\u1eadt c\u1ee7a c\u00e0 chua, \u0111\u01b0\u1eddng, gia v\u1ecb th\u01a1m v\u00e0 kh\u00f3i l\u1ecfng \u2014 \u0111\u01b0\u1ee3c s\u1eed d\u1ee5ng \u0111\u1ec3 \u0111\u1ea3m b\u1ea3o h\u01b0\u01a1ng v\u1ecb kh\u00f3i h\u1ea5p d\u1eabn, kh\u00f4ng th\u1ec3 thi\u1ebfu n\u1ebfu b\u1ea1n kh\u00f4ng h\u00fat s\u01b0\u1eddn ho\u1eb7c n\u1ebfu b\u1ea1n mu\u1ed1n c\u00f3 h\u01b0\u01a1ng v\u1ecb kh\u00f3i \u0111\u00f3 khi s\u1eed d\u1ee5ng l\u00e0m n\u01b0\u1edbc s\u1ed1t.<\/span><\/p>\n<p><img loading=\"lazy\" decoding=\"async\" class=\"aligncenter\" src=\"https:\/\/havamall.vn\/wp-content\/uploads\/2025\/03\/Bourbon-Whiskey-BBQ-Sauce-Ribs-1.jpg\" alt=\"Bourbon Whiskey BBQ Sauce Ribs - Rocky Mountain Cooking\" width=\"614\" height=\"425\" \/><\/p>\n<p><span style=\"font-weight: 400\">S\u1ed1t v\u1edbi th\u00e0nh ph\u1ea7n nguy\u00ean li\u1ec7u \u0111\u1eb7c bi\u1ec7t nh\u01b0 C\u00e0 chua nghi\u1ec1n, d\u1ea5m, xi r\u00f4 v\u00e0ng, \u0111\u01b0\u1eddng. m\u1eadt m\u00eda, mu\u1ed1i, gia v\u1ecb, t\u1ecfi, h\u01b0\u01a1ng kh\u00f3i, h\u01b0\u01a1ng t\u1ef1 nhi\u00ean, gi\u00fap m\u00f3n \u0103n c\u00f3 h\u01b0\u01a1ng v\u1ecb th\u01a1m ngon \u0111\u1eb7c bi\u1ec7t, gi\u00fap b\u1ea1n nhanh ch\u00f3ng c\u00f3 m\u00f3n th\u1ecbt n\u01b0\u1edbng BBQ th\u01a1m ngon \u0111\u00fang \u0111i\u1ec7u.<\/span><\/p>\n<p><img loading=\"lazy\" decoding=\"async\" class=\"aligncenter\" src=\"https:\/\/havamall.vn\/wp-content\/uploads\/2025\/03\/img_8871_87743.jpg\" alt=\"Easy Oven Barbecue Chicken Thighs | Ready Set Eat\" width=\"615\" height=\"615\" \/><\/p>\n<p><span style=\"font-weight: 400\">Nguy\u00ean li\u1ec7u \u0111\u01b0\u1ee3c ch\u1ecdn l\u1ecdc k\u1ef9 l\u01b0\u1ee1ng, \u0111em \u0111\u1ebfn h\u01b0\u01a1ng v\u1ecb th\u01a1m ngon. Quy tr\u00ecnh s\u1ea3n xu\u1ea5t hi\u1ec7n \u0111\u1ea1i nh\u1eadp kh\u1ea9u t\u1eeb n\u01b0\u1edbc ngo\u00e0i, \u0111\u1ea3m b\u1ea3o v\u1ec7 sinh an to\u00e0n th\u1ef1c ph\u1ea9m.<\/span><\/p>\n<p><img loading=\"lazy\" decoding=\"async\" class=\"aligncenter\" src=\"https:\/\/havamall.vn\/wp-content\/uploads\/2025\/03\/BBQ-Sauce-square-FS-33.jpg\" alt=\"BBQ Sauce Recipe - Nicky\" width=\"613\" height=\"613\" \/><\/p>\n<p><span style=\"font-weight: 400\">\u0110\u00f3ng chai ti\u1ec7n d\u1ee5ng S\u1ed1t BBQ truy\u1ec1n th\u1ed1ng HEINZ 480gr \u0111\u01b0\u1ee3c \u0111\u00f3ng chai \u00fap ng\u01b0\u1ee3c nh\u1ecf g\u1ecdn, ti\u1ec7n l\u1ee3i s\u1eed d\u1ee5ng, gi\u00fap b\u1ea1n d\u1ec5 d\u00e0ng l\u1ea5y t\u01b0\u01a1ng m\u1ed7i khi s\u1eed d\u1ee5ng v\u00e0 d\u1ec5 d\u00e0ng b\u1ea3o qu\u1ea3n n\u1ebfu kh\u00f4ng s\u1eed d\u1ee5ng h\u1ebft trong 1 l\u1ea7n n\u01b0\u1edbng.<\/span><\/p>\n<p><img loading=\"lazy\" decoding=\"async\" class=\"aligncenter\" src=\"https:\/\/havamall.vn\/wp-content\/uploads\/2025\/03\/Sweet-Sassy-Baby-Back-Ribs_exps118864_BAFTB2307047A03_16_3b1_RMS.jpg\" alt=\"Sweet &amp; Sassy Baby Back Ribs Recipe: How to Make It | Taste of Home\" width=\"609\" height=\"457\" \/><\/p>\n<h4><strong>\u0110\u1eb7c \u0111i\u1ec3m s\u1ea3n ph\u1ea9m:<\/strong><\/h4>\n<p><span style=\"font-weight: 400\">&#8211; M\u00e0u n\u00e2u ngon m\u1eaft cho m\u00f3n \u0103n th\u00eam \u0111\u1eadm \u0111\u00e0 h\u1ea5p d\u1eabn.\u00a0<\/span><\/p>\n<p><span style=\"font-weight: 400\">&#8211; \u0110\u1eb7c qu\u00e1nh, b\u00e1m d\u00ednh t\u1ed1t v\u00e0o m\u00f3n \u0103n n\u00ean kh\u00f4ng l\u00e3ng ph\u00ed.<\/span><\/p>\n<p><span style=\"font-weight: 400\">&#8211; H\u00f2a tr\u1ed9n t\u1ed1t v\u1edbi n\u01b0\u1edbc ti\u1ebft t\u1eeb m\u00f3n \u0103n.<\/span><\/p>\n<p><span style=\"font-weight: 400\">&#8211; V\u1ecb nh\u1eb9 nh\u00e0ng, cho ph\u00e9p \u0111i\u1ec1u ch\u1ec9nh theo kh\u1ea9u v\u1ecb ng\u01b0\u1eddi \u0103n.<\/span><\/p>\n<p><span style=\"font-weight: 400\">&#8211; M\u00e0u n\u00e2u ngon m\u1eaft cho m\u00f3n \u0103n th\u00eam \u0111\u1eadm \u0111\u00e0 h\u1ea5p d\u1eabn.<\/span><\/p>\n<p><img loading=\"lazy\" decoding=\"async\" class=\"aligncenter\" src=\"https:\/\/havamall.vn\/wp-content\/uploads\/2025\/03\/boulevard-thanksgiving-1.jpg\" alt=\"Effortless Thanksgiving Options from the Award-Winning Team at Boulevard - My VanCity\" width=\"612\" height=\"409\" \/><\/p>\n<h4><strong>H\u01b0\u1edbng d\u1eabn s\u1eed d\u1ee5ng:<\/strong><\/h4>\n<p><span style=\"font-weight: 400\">&#8211; N\u01b0\u1edbc s\u1ed1t BBQ ph\u00f9 h\u1ee3p d\u00f9ng l\u00e0m n\u01b0\u1edbc s\u1ed1t \u01b0\u1edbp n\u01b0\u1edbng cho b\u00e1nh m\u00ec k\u1eb9p th\u1ecbt, g\u00e0 t\u00e2y, x\u01b0\u01a1ng s\u01b0\u1eddn, x\u00fac x\u00edch, th\u1ecbt l\u1ee3n, b\u00f2, c\u00e1,\u2026<\/span><\/p>\n<p><span style=\"font-weight: 400\">&#8211; L\u1eafc \u0111\u1ec1u tr\u01b0\u1edbc khi s\u1eed d\u1ee5ng.<\/span><\/p>\n<p><img loading=\"lazy\" decoding=\"async\" class=\"aligncenter\" src=\"https:\/\/havamall.vn\/wp-content\/uploads\/2025\/03\/honey-barbecue-chicken-bites.jpg\" alt=\"Easy Honey Barbecue Chicken Bites - Chef Savvy\" width=\"608\" height=\"743\" \/><\/p>\n<h4><strong>Th\u00e0nh ph\u1ea7n:<\/strong><\/h4>\n<p><span style=\"font-weight: 400\">&#8211; C\u00e0 chua nghi\u1ec1n<\/span><\/p>\n<p><span style=\"font-weight: 400\">&#8211; gi\u1ea5m, \u0111\u01b0\u1eddng<\/span><\/p>\n<p><span style=\"font-weight: 400\">&#8211; M\u1eadt r\u1ec9 \u0111\u01b0\u1eddng<\/span><\/p>\n<p><span style=\"font-weight: 400\">&#8211; N\u01b0\u1edbc, tinh b\u1ed9t b\u1eafp,&#8230;<\/span><\/p>\n<p><img loading=\"lazy\" decoding=\"async\" class=\"aligncenter\" src=\"https:\/\/havamall.vn\/wp-content\/uploads\/2025\/03\/cach-lam-nuoc-sot-cham-thit-nuong-2.jpg\" alt=\"B\u1eadt m\u00ed c\u00e1ch l\u00e0m n\u01b0\u1edbc s\u1ed1t ch\u1ea5m th\u1ecbt n\u01b0\u1edbng si\u00eau ngon\" width=\"611\" height=\"407\" \/><\/p>\n<h4><strong>H\u01b0\u1edbng d\u1eabn b\u1ea3o qu\u1ea3n:<\/strong><\/h4>\n<p><span style=\"font-weight: 400\">&#8211; B\u1ea3o qu\u1ea3n n\u01a1i kh\u00f4 r\u00e1o tho\u00e1ng m\u00e1t, tr\u00e1nh \u00e1nh n\u1eafng tr\u1ef1c ti\u1ebfp<\/span><\/p>\n<p><span style=\"font-weight: 400\">&#8211; B\u1ea3o qu\u1ea3n \u1edf ng\u0103n m\u00e1t t\u1ee7 l\u1ea1nh sau khi d\u00f9ng kh\u00f4ng h\u1ebft.<\/span><\/p>\n<p>S\u1ea3n ph\u1ea9m hi\u1ec7n \u0111\u00e3 c\u00f3 m\u1eb7t t\u1ea1i Havamall.<\/p>","protected":false},"excerpt":{"rendered":"<p><span style=\"font-weight: 400\">N\u01b0\u1edbc s\u1ed1t BBQ ph\u00f9 h\u1ee3p d\u00f9ng l\u00e0m n\u01b0\u1edbc s\u1ed1t \u01b0\u1edbp n\u01b0\u1edbng cho b\u00e1nh m\u00ec k\u1eb9p th\u1ecbt, g\u00e0 t\u00e2y, x\u01b0\u01a1ng s\u01b0\u1eddn, x\u00fac x\u00edch, th\u1ecbt l\u1ee3n, b\u00f2, c\u00e1,\u2026<\/span><\/p>\n<p><span style=\"font-weight: 400\">Nguy\u00ean li\u1ec7u \u0111\u01b0\u1ee3c ch\u1ecdn l\u1ecdc k\u1ef9 l\u01b0\u1ee1ng, \u0111em \u0111\u1ebfn h\u01b0\u01a1ng v\u1ecb th\u01a1m ngon. Quy tr\u00ecnh s\u1ea3n xu\u1ea5t hi\u1ec7n \u0111\u1ea1i nh\u1eadp kh\u1ea9u t\u1eeb n\u01b0\u1edbc ngo\u00e0i, \u0111\u1ea3m b\u1ea3o v\u1ec7 sinh an to\u00e0n th\u1ef1c ph\u1ea9m.<\/span><\/p>\n<p><span style=\"font-weight: 400\">\u0110\u00f3ng chai ti\u1ec7n d\u1ee5ng S\u1ed1t BBQ truy\u1ec1n th\u1ed1ng HEINZ 480gr \u0111\u01b0\u1ee3c \u0111\u00f3ng chai \u00fap ng\u01b0\u1ee3c nh\u1ecf g\u1ecdn, ti\u1ec7n l\u1ee3i s\u1eed d\u1ee5ng<\/span><\/p>\n<p>&nbsp;<\/p>\n<p>&nbsp;<\/p>","protected":false},"featured_media":17845,"comment_status":"open","ping_status":"closed","template":"","meta":[],"product_brand":[],"product_cat":[677,36,143],"product_tag":[],"class_list":{"0":"post-17829","1":"product","2":"type-product","3":"status-publish","4":"has-post-thumbnail","6":"product_cat-cac-nuoc-khac","7":"product_cat-thuc-pham-tieu-dung","8":"product_cat-thuc-pham-dong-hop","10":"first","11":"outofstock","12":"sale","13":"shipping-taxable","14":"purchasable","15":"product-type-simple"},"_links":{"self":[{"href":"https:\/\/havamall.vn\/en\/wp-json\/wp\/v2\/product\/17829"}],"collection":[{"href":"https:\/\/havamall.vn\/en\/wp-json\/wp\/v2\/product"}],"about":[{"href":"https:\/\/havamall.vn\/en\/wp-json\/wp\/v2\/types\/product"}],"replies":[{"embeddable":true,"href":"https:\/\/havamall.vn\/en\/wp-json\/wp\/v2\/comments?post=17829"}],"version-history":[{"count":0,"href":"https:\/\/havamall.vn\/en\/wp-json\/wp\/v2\/product\/17829\/revisions"}],"wp:featuredmedia":[{"embeddable":true,"href":"https:\/\/havamall.vn\/en\/wp-json\/wp\/v2\/media\/17845"}],"wp:attachment":[{"href":"https:\/\/havamall.vn\/en\/wp-json\/wp\/v2\/media?parent=17829"}],"wp:term":[{"taxonomy":"product_brand","embeddable":true,"href":"https:\/\/havamall.vn\/en\/wp-json\/wp\/v2\/product_brand?post=17829"},{"taxonomy":"product_cat","embeddable":true,"href":"https:\/\/havamall.vn\/en\/wp-json\/wp\/v2\/product_cat?post=17829"},{"taxonomy":"product_tag","embeddable":true,"href":"https:\/\/havamall.vn\/en\/wp-json\/wp\/v2\/product_tag?post=17829"}],"curies":[{"name":"wp","href":"https:\/\/api.w.org\/{rel}","templated":true}]}}