{"id":17742,"date":"2021-01-05T11:24:56","date_gmt":"2021-01-05T04:24:56","guid":{"rendered":"https:\/\/havamall.vn\/?post_type=product&#038;p=17742"},"modified":"2023-01-05T11:07:16","modified_gmt":"2023-01-05T04:07:16","slug":"sot-hp-hp-sauce","status":"publish","type":"product","link":"https:\/\/havamall.vn\/en\/shop\/sot-hp-hp-sauce\/","title":{"rendered":"S\u1ed1t HP-Sauce Heinz 220ml"},"content":{"rendered":"<h5><\/h5>\n<table>\n<tbody>\n<tr>\n<td><span style=\"font-weight: 400;\">Th\u01b0\u01a1ng hi\u1ec7u<\/span><\/td>\n<td><span style=\"font-weight: 400;\">Heinz<\/span><\/td>\n<\/tr>\n<tr>\n<td><span style=\"font-weight: 400;\">Xu\u1ea5t x\u1ee9<\/span><\/td>\n<td><span style=\"font-weight: 400;\">Anh<\/span><\/td>\n<\/tr>\n<tr>\n<td><span style=\"font-weight: 400;\">Th\u00e0nh ph\u1ea7n<\/span><\/td>\n<td><span style=\"font-weight: 400;\">C\u00e0 chua, gi\u1ea5m m\u1ea1ch nha (t\u1eeb l\u00faa m\u1ea1ch), m\u1eadt,..\u00a0<\/span><\/td>\n<\/tr>\n<tr>\n<td><span style=\"font-weight: 400;\">H\u1ea1n s\u1eed d\u1ee5ng<\/span><\/td>\n<td><span style=\"font-weight: 400;\">24 th\u00e1ng k\u1ec3 t\u1eeb ng\u00e0y s\u1ea3n xu\u1ea5t.<\/span><\/td>\n<\/tr>\n<tr>\n<td><span style=\"font-weight: 400;\">B\u1ea3o qu\u1ea3n<\/span><\/td>\n<td><span style=\"font-weight: 400;\">B\u1ea3o qu\u1ea3n \u1edf ng\u0103n m\u00e1t t\u1ee7 l\u1ea1nh sau khi m\u1edf n\u1eafp<\/span><span style=\"font-weight: 400;\">.<\/span><\/td>\n<\/tr>\n<tr>\n<td><span style=\"font-weight: 400;\">Kh\u1ed1i l\u01b0\u1ee3ng t\u1ecbnh<\/span><\/td>\n<td><span style=\"font-weight: 400;\">220ml<\/span><\/td>\n<\/tr>\n<\/tbody>\n<\/table>\n<p><span class=\"\">HP Sauce<\/span><span class=\"\">\u00a0l\u00e0 m\u1ed9t\u00a0<\/span><span class=\"\">lo\u1ea1i n\u01b0\u1edbc s\u1ed1t m\u00e0u n\u00e2u<\/span><span class=\"\">\u00a0ban \u0111\u1ea7u \u0111\u01b0\u1ee3c s\u1ea3n xu\u1ea5t b\u1edfi\u00a0<\/span><span class=\"\">HP Foods<\/span><span class=\"\">\u00a0\u1edf V\u01b0\u01a1ng qu\u1ed1c Anh, nay \u0111\u01b0\u1ee3c s\u1ea3n xu\u1ea5t b\u1edfi\u00a0<\/span><span class=\"\">C\u00f4ng ty HJ Heinz<\/span><span class=\"\">\u00a0\u1edf\u00a0<\/span><span class=\"\">H\u00e0 Lan<\/span><span class=\"\">\u00a0.\u00a0<\/span><span class=\"\">N\u00f3 \u0111\u01b0\u1ee3c \u0111\u1eb7t theo t\u00ean\u00a0<\/span><span class=\"\">Nh\u00e0 Qu\u1ed1c h\u1ed9i c\u1ee7a<\/span><span class=\"\">\u00a0London\u00a0<\/span><span class=\"\">.\u00a0<\/span>K\u1ec3 t\u1eeb l\u1ea7n \u0111\u1ea7u ti\u00ean xu\u1ea5t hi\u1ec7n tr\u00ean b\u00e0n \u0103n c\u1ee7a ng\u01b0\u1eddi Anh v\u00e0o cu\u1ed1i th\u1ebf k\u1ef7 19, HP Sauce \u0111\u00e3 tr\u1edf th\u00e0nh m\u1ed9t bi\u1ec3u t\u01b0\u1ee3ng c\u1ee7a\u00a0v\u0103n h\u00f3a Anh\u00a0.\u00a0<sup id=\"cite_ref-bbc-abroad_2-0\" class=\"reference\"><\/sup>\u0110\u00e2y l\u00e0 th\u01b0\u01a1ng hi\u1ec7u\u00a0s\u1ed1t n\u00e2u\u00a0b\u00e1n ch\u1ea1y nh\u1ea5t\u00a0\u1edf Anh v\u00e0o n\u0103m 2005, v\u1edbi 73,8% th\u1ecb tr\u01b0\u1eddng b\u00e1n l\u1ebb.\u00a0<sup id=\"cite_ref-3\" class=\"reference\"><\/sup><\/p>\n<p><img fetchpriority=\"high\" decoding=\"async\" class=\"aligncenter\" src=\"https:\/\/havamall.vn\/wp-content\/uploads\/2021\/01\/16028888289_8e3373a645_k.jpg\" alt=\"HP: The Passion for Brown Sauce\" width=\"569\" height=\"436\" \/><\/p>\n<p><span style=\"font-weight: 400;\">S\u1ed1t HP Heinz l\u00e0 m\u1ed9t lo\u1ea1i n\u01b0\u1edbc s\u1ed1t m\u00e0u n\u00e2u, c\u00f3 men gi\u1ea5m, tr\u1ed9n \u0111\u1ec1u v\u1edbi c\u00e0 chua, chi\u1ebft xu\u1ea5t me, ch\u1ea5t ng\u1ecdt v\u00e0 gia v\u1ecb kh\u00e1c, t\u1ea1o n\u00ean m\u1ed9t lo\u1ea1i s\u1ed1t v\u1edbi h\u01b0\u01a1ng v\u1ecb c\u00e2n b\u1eb1ng.<\/span><\/p>\n<p>S\u1ed1t ngon l\u00e0 ph\u1ea3i \u0111\u00e1p \u1ee9ng \u0111\u01b0\u1ee3c c\u00e1c ti\u00eau ch\u00ed sau: m\u00e0u n\u00e2u \u0111\u1eadm \u0111\u00e0, s\u00e1nh quy\u1ec7n, v\u1ecb chua v\u1eeba ph\u1ea3i, h\u01b0\u01a1ng th\u1ea3o m\u1ed9c nh\u1eb9 nh\u00e0ng, v\u00e0 t\u1ea1o \u0111\u01b0\u1ee3c \u0111\u1ed9 b\u00f3ng \u0111\u1eb9p cho m\u00f3n \u0103n. HP c\u1ee7a Heinz hi\u1ec7n \u0111\u01b0\u1ee3c xem l\u00e0 s\u1ed1 1 c\u1ee7a th\u1ebf gi\u1edbi.<\/p>\n<p><img decoding=\"async\" class=\"aligncenter\" src=\"https:\/\/havamall.vn\/wp-content\/uploads\/2021\/01\/15b0410aa3692dbe189b41469106d737.jpg\" alt=\"S\u1ed1t A1 Sauce - Original England 240g | Tiki\" width=\"567\" height=\"567\" \/><\/p>\n<p>S\u1ed1t HP Heinz l\u00e0 s\u1ea3n ph\u1ea9m gia v\u1ecb ch\u1ebf bi\u1ebfn s\u1eb5n, r\u1ea5t ti\u1ec7n d\u1ee5ng. V\u1edbi s\u1ea3n ph\u1ea9m n\u00e0y, b\u1ea1n d\u1ec5 d\u00e0ng n\u00eam n\u1ebfm, n\u1ea5u nhi\u1ec1u m\u00f3n \u0103n kh\u00e1c nhau. B\u1ea1n c\u0169ng c\u00f3 th\u1ec3 d\u00f9ng s\u1ea3n ph\u1ea9m \u0111\u1ec3 t\u1ea9m \u01b0\u1edbp c\u00e1c m\u00f3n n\u01b0\u1edbng th\u00eam \u0111\u1eadm \u0111\u00e0 h\u01b0\u01a1ng v\u1ecb.\u00a0S\u1ea3n ph\u1ea9m \u0111\u01b0\u1ee3c s\u1ea3n xu\u1ea5t tr\u00ean d\u00e2y chuy\u1ec1n hi\u1ec7n \u0111\u1ea1i, \u0111\u1ea3m b\u1ea3o ch\u1ea5t l\u01b0\u1ee3ng. Kh\u00f4ng nh\u1eefng th\u1ebf, S\u1ed1t HP Heinz c\u00f2n \u0111\u01b0\u1ee3c l\u00e0m v\u1edbi nh\u1eefng th\u00e0nh ph\u1ea7n an to\u00e0n \u0111\u1ea3m b\u1ea3o ch\u1ea5t l\u01b0\u1ee3ng cho ng\u01b0\u1eddi s\u1eed d\u1ee5ng.\u00a0S\u1ea3n ph\u1ea9m \u0111\u01b0\u1ee3c \u0111\u00f3ng chai th\u1ee7y tinh ti\u1ec7n d\u1ee5ng v\u00e0 an to\u00e0n.<\/p>\n<p><img decoding=\"async\" class=\"aligncenter\" src=\"https:\/\/atlasgarden.vn\/wp-content\/uploads\/2020\/07\/HP-s%E1%BB%91t.jpg\" alt=\"HP sauce c\u1ee7a Heinz - Lo\u1ea1i s\u1ed1t s\u1ed1 1 cho c\u00e1c m\u00f3n \u0103n\" width=\"584\" height=\"350\" \/><\/p>\n<p><span style=\"font-weight: 400;\">\u1ee8ng d\u1ee5ng \u0111a d\u1ea1ng: th\u01b0\u1eddng \u0111\u01b0\u1ee3c d\u00f9ng nh\u01b0 m\u1ed9t lo\u1ea1i gia v\u1ecb cho c\u00e1c m\u00f3n n\u00f3ng v\u00e0 l\u1ea1nh, \u01b0\u1edbp c\u00e1c lo\u1ea1i th\u1ecbt, th\u00e0nh ph\u1ea7n trong n\u01b0\u1edbc s\u00fap v\u00e0 h\u1ea7m, nguy\u00ean li\u1ec7u ch\u00ednh \u0111\u1ec3 ch\u1ebf bi\u1ebfn c\u00e1c lo\u1ea1i n\u01b0\u1edbc s\u1ed1t kh\u00e1c\u2026<\/span><\/p>\n<p><img loading=\"lazy\" decoding=\"async\" class=\"aligncenter\" src=\"https:\/\/havamall.vn\/wp-content\/uploads\/2021\/01\/HP-Sauce-Substitute.jpg\" alt=\"6 HP Sauce Substitutes For 2020 | Cuisinevault\" width=\"579\" height=\"398\" \/><\/p>\n<p><span style=\"font-weight: 400;\">\u00a0M\u1ecdi kh\u00e2u t\u1eeb tuy\u1ec3n ch\u1ecdn nguy\u00ean li\u1ec7u t\u1edbi ch\u1ebf bi\u1ebfn, \u0111\u00f3ng chai \u0111\u1ec1u di\u1ec5n ra kh\u00e9p k\u00edn d\u01b0\u1edbi s\u1ef1 gi\u00e1m s\u00e1t v\u00e0 ki\u1ec3m tra nghi\u00eam ng\u1eb7t. S\u1ea3n ph\u1ea9m kh\u00f4ng ch\u1ee9a h\u00f3a ch\u1ea5t, ch\u1ea5t b\u1ea3o qu\u1ea3n \u0111\u1ed9c h\u1ea1i, \u00edt ch\u1ea5t b\u00e9o, \u0111\u1ea3m b\u1ea3o an to\u00e0n cho s\u1ee9c kh\u1ecfe ng\u01b0\u1eddi ti\u00eau d\u00f9ng.<\/span><\/p>\n<p><img loading=\"lazy\" decoding=\"async\" class=\"aligncenter\" src=\"https:\/\/scontent.fvca1-1.fna.fbcdn.net\/v\/t31.18172-8\/1511691_923709671021837_1090726046929321146_o.jpg?_nc_cat=105&amp;ccb=1-3&amp;_nc_sid=9267fe&amp;_nc_ohc=TbEDlh1YPacAX_CeYHY&amp;_nc_oc=AQlroWcGM9PgoakZeFTwU-fJJD_JrUUQgydRwI9jdTi3PchSYFbt9Q5IyPi4VKx8E1bp8YOlHRbo7IAFdacLSBbU&amp;_nc_ht=scontent.fvca1-1.fna&amp;oh=4963b8095f6ca7fb57cdaa1b9bc57d36&amp;oe=608AFD6A\" alt=\"Kh\u00f4ng c\u00f3 m\u00f4 t\u1ea3 \u1ea3nh.\" width=\"583\" height=\"436\" \/><\/p>\n<p>N\u01b0\u1edbc s\u1ed1t HP l\u00e0 m\u1ed9t lo\u1ea1i n\u01b0\u1edbc s\u1ed1t d\u00f9ng \u0111\u1ec3 \u01b0\u1edbp th\u1ecbt n\u01b0\u1edbng, h\u1ea3i s\u1ea3n trong c\u00e1c b\u1eefa ti\u1ec7c BBQ \u1ea5m c\u00fang, \u0111\u01a1n gi\u1ea3n trong gia \u0111\u00ecnh m\u00e0 kh\u00f4ng l\u00e0m b\u1ea1n m\u1ea5t nhi\u1ec1u th\u1eddi gian. N\u01b0\u1edbc s\u1ed1t c\u00f3 \u0111\u1ed9 s\u1ec7t nh\u1ea5t \u0111\u1ecbnh v\u00e0 \u0111\u01b0\u1ee3c \u01b0\u1edbp v\u00e0o th\u1ecbt trong m\u1ed9t kho\u1ea3ng th\u1eddi gian d\u00e0i sao cho \u0111\u1ed3 \u01b0\u1edbp ng\u1ea5m k\u1ef9 t\u1ea5t c\u1ea3 c\u00e1c gia v\u1ecb.<\/p>\n<p><img loading=\"lazy\" decoding=\"async\" class=\"aligncenter\" src=\"https:\/\/scontent.fvca1-1.fna.fbcdn.net\/v\/t31.18172-8\/11875083_958071580918979_7768433706853033250_o.jpg?_nc_cat=105&amp;ccb=1-3&amp;_nc_sid=9267fe&amp;_nc_ohc=lHPvhawtSxEAX8_Zp4s&amp;_nc_ht=scontent.fvca1-1.fna&amp;oh=210d4cb9f3ddf288519e567b2cfe9591&amp;oe=608ADBAD\" alt=\"Kh\u00f4ng c\u00f3 m\u00f4 t\u1ea3 \u1ea3nh.\" width=\"583\" height=\"437\" \/><\/p>\n<p>S\u1ed1t HP c\u00f2n l\u00e0 gia v\u1ecb d\u00f9ng l\u00e0m n\u01b0\u1edbc s\u1ed1t t\u1ea9m \u01b0\u1edbp ho\u1eb7c ph\u1ebft cho b\u00e1nh m\u00ec k\u1eb9p th\u1ecbt, g\u00e0 t\u00e2y, x\u01b0\u01a1ng s\u01b0\u1eddn, x\u00fac x\u00edch, c\u00e1, c\u00e1c lo\u1ea1i th\u1ecbt n\u01b0\u1edbng\u2026 S\u1ea3n ph\u1ea9m gi\u00fap b\u1ea1n nhanh ch\u00f3ng c\u00f3 m\u00f3n n\u01b0\u1edbng BBQ th\u01a1m ngon \u0111\u00fang \u0111i\u1ec7u m\u00e0 c\u1ef1c k\u1ef3 \u0111\u01a1n gi\u1ea3n ai c\u0169ng c\u00f3 th\u1ec3 l\u00e0m \u0111\u01b0\u1ee3c. Ngo\u00e0i h\u01b0\u01a1ng v\u1ecb th\u01a1m ngon, S\u1ed1t HP c\u00f2n c\u00f4 \u0111\u1eb7c n\u00ean s\u1ebd d\u1ec5 d\u00e0ng b\u00e1m v\u00e0o th\u1ee9c \u0103n m\u00e0 kh\u00f4ng g\u00e2y l\u00e3ng ph\u00ed n\u01b0\u1edbc s\u1ed1t. Ngo\u00e0i ra, m\u00e0u n\u00e2u c\u1ee7a s\u1ed1t gi\u00fap m\u00f3n \u0103n tr\u1edf n\u00ean cu\u1ed1n h\u00fat ng\u01b0\u1eddi d\u00f9ng ng\u00e0y t\u1eeb c\u00e1i nh\u00ecn \u0111\u00e2u ti\u00ean c\u00f9ng v\u1edbi h\u01b0\u01a1ng th\u01a1m quy\u1ebfn r\u0169 c\u1ee7a m\u00f3n BBQ ch\u1eafc ch\u1eafn s\u1ebd l\u00e0m h\u00e0i l\u00f2ng c\u00e1c th\u1ef1c kh\u00e1ch kh\u00f3 t\u00ednh trong gia \u0111\u00ecnh b\u1ea1n.<\/p>\n<p><img loading=\"lazy\" decoding=\"async\" class=\"aligncenter\" src=\"https:\/\/havamall.vn\/wp-content\/uploads\/2020\/07\/goi-y-menu-tiec-nuong-bbq-hoan-chinh-tu-a-z-1.jpg\" alt=\"B\u1ed9t Gia V\u1ecb \u01af\u1edbp Th\u1ecbt N\u01b0\u1edbng Hava Foodies G\u00f3i 10gr - Barbecue Meat Powder - HavaMall - Si\u00eau Th\u1ecb H\u00e0ng Nh\u1eadp Kh\u1ea9u Uy T\u00edn\" width=\"579\" height=\"435\" \/><\/p>\n<p>HP l\u00e0 m\u1ed9t trong nh\u1eefng lo\u1ea1i n\u01b0\u1edbc s\u1ed1t ph\u1ed5 bi\u1ebfn \u0103n k\u00e8m v\u1edbi \u0111\u1ed3 \u0103n nh\u1eb9 nh\u01b0 khoai t\u00e2y chi\u00ean, th\u1ecbt x\u00f4ng kh\u00f3i, b\u00e1nh m\u00ec k\u1eb9p, x\u00fac x\u00edch, khoai t\u00e2y, \u0111\u1eadu n\u01b0\u1edbng , v.v &#8230;<\/p>\n<p><img loading=\"lazy\" decoding=\"async\" class=\"aligncenter\" src=\"https:\/\/havamall.vn\/wp-content\/uploads\/2021\/01\/HP Big Ben.jpg\" alt=\"Heinz | HP\" width=\"583\" height=\"385\" \/><\/p>\n<h4><b>Th\u00e0nh ph\u1ea7n:<\/b><\/h4>\n<p><span style=\"font-weight: 400;\">&#8211; C\u00e0 chua<\/span><\/p>\n<p><span style=\"font-weight: 400;\">&#8211; Gi\u1ea5m m\u1ea1ch nha (t\u1eeb l\u00faa m\u1ea1ch)<\/span><\/p>\n<p><span style=\"font-weight: 400;\">&#8211; M\u1eadt, d\u1ecbch Syrup Gluco-fructo<\/span><\/p>\n<p><span style=\"font-weight: 400;\">&#8211; Gi\u1ea5m c\u1ed3n, \u0111\u01b0\u1eddng, ch\u00e0 l\u00e0, b\u1ed9t b\u1eafp bi\u1ebfn t\u00ednh, b\u1ed9t l\u00faa m\u1ea1ch \u0111en, mu\u1ed1i, gia v\u1ecb, me,&#8230;<\/span><\/p>\n<p><img loading=\"lazy\" decoding=\"async\" class=\"aligncenter\" src=\"https:\/\/d1ralsognjng37.cloudfront.net\/5ff3263d-067a-42ca-9826-af755d0ae80f\" alt=\"Order JJ's Tap and Smokehouse Delivery Online | Spokane | Menu &amp; Prices | Uber Eats\" width=\"572\" height=\"458\" \/><\/p>\n<h4><b>C\u00e1ch s\u1eed d\u1ee5ng: <\/b><\/h4>\n<p><span style=\"font-weight: 400;\">&#8211; D\u00f9ng ch\u1ebf bi\u1ebfn m\u00f3n \u0103n, l\u1eafc \u0111\u1ec1u tr\u01b0\u1edbc khi s\u1eed d\u1ee5ng.<\/span><\/p>\n<p><span style=\"font-weight: 400;\">&#8211; S\u1ed1t HP Origial Heinz th\u00edch h\u1ee3p v\u1edbi vi\u1ec7c \u0103n k\u00e8m v\u1edbi x\u00fac x\u00edch, b\u00e1nh sandwich v\u00e0 th\u1ecbt x\u00f4ng kh\u00f3i.\u00a0<\/span><\/p>\n<p><span style=\"font-weight: 400;\">&#8211; C\u0169ng c\u00f3 th\u1ec3 s\u1eed d\u1ee5ng nh\u01b0 l\u00e0 m\u1ed9t lo\u1ea1i gia v\u1ecb cho c\u00e1c m\u00f3n n\u00f3ng v\u00e0 l\u1ea1nh<\/span><\/p>\n<p><span style=\"font-weight: 400;\">&#8211; \u01af\u1edbp c\u00e1c lo\u1ea1i th\u1ecbt, l\u00e0m n\u01b0\u1edbc s\u00fap v\u00e0 h\u1ea7m ho\u1eb7c l\u00e0m nguy\u00ean li\u1ec7u ch\u00ednh \u0111\u1ec3 ch\u1ebf bi\u1ebfn c\u00e1c lo\u1ea1i n\u01b0\u1edbc s\u1ed1t kh\u00e1c&#8230;<\/span><\/p>\n<p>S\u1ea3n ph\u1ea9m hi\u1ec7n \u0111\u00e3 c\u00f3 m\u1eb7t t\u1ea1i Havamall.<\/p>","protected":false},"excerpt":{"rendered":"<p>\u0110\u01b0\u1ee3c nh\u1eadp khu\u1ea9u tr\u1ef1c ti\u1ebfp t\u1eeb Anh.<br \/>\nS\u1eed d\u1ee5ng chai th\u1ee7y tinh d\u1ec5 d\u00e0ng t\u00e1i ch\u1ebf v\u00e0 n\u1eafp b\u1eadt ti\u1ec7n l\u1ee3i \u0111\u1ec3 khi s\u1eed d\u1ee5ng s\u1ed1t kh\u00f4ng b\u1ecb \u0111\u1ed5 ra nhi\u1ec1u.<br \/>\nS\u1ed1t HP l\u00fd t\u01b0\u1edfng khi \u0103n k\u00e8m v\u1edbi x\u00fac x\u00edch, b\u00e1nh sandwich v\u00e0 th\u1ecbt x\u00f4ng kh\u00f3i.<br \/>\nKh\u00f4ng ph\u1ea9m m\u00e0u, h\u01b0\u01a1ng li\u1ec7u h\u00f3a h\u1ecdc.<br \/>\nKh\u00f4ng ch\u1ea5t b\u1ea3o qu\u1ea3n nh\u00e2n t\u1ea1o.<br \/>\nPh\u00f9 h\u1ee3p cho ng\u01b0\u1eddi \u0103n ki\u00eang.<br \/>\n\u00cdt b\u00e9o.<br \/>\nS\u1ed1t HP gia v\u1ecb kh\u00f4ng th\u1ec3 thi\u1ebfu trong b\u1eefa \u0103n h\u00e0ng ng\u00e0y c\u1ee7a gia \u0111\u00ecnh b\u1ea1n.<\/p>","protected":false},"featured_media":17758,"comment_status":"open","ping_status":"closed","template":"","meta":[],"product_brand":[],"product_cat":[36,143],"product_tag":[],"class_list":{"0":"post-17742","1":"product","2":"type-product","3":"status-publish","4":"has-post-thumbnail","6":"product_cat-thuc-pham-tieu-dung","7":"product_cat-thuc-pham-dong-hop","9":"first","10":"instock","11":"sale","12":"shipping-taxable","13":"purchasable","14":"product-type-simple"},"_links":{"self":[{"href":"https:\/\/havamall.vn\/en\/wp-json\/wp\/v2\/product\/17742"}],"collection":[{"href":"https:\/\/havamall.vn\/en\/wp-json\/wp\/v2\/product"}],"about":[{"href":"https:\/\/havamall.vn\/en\/wp-json\/wp\/v2\/types\/product"}],"replies":[{"embeddable":true,"href":"https:\/\/havamall.vn\/en\/wp-json\/wp\/v2\/comments?post=17742"}],"version-history":[{"count":0,"href":"https:\/\/havamall.vn\/en\/wp-json\/wp\/v2\/product\/17742\/revisions"}],"wp:featuredmedia":[{"embeddable":true,"href":"https:\/\/havamall.vn\/en\/wp-json\/wp\/v2\/media\/17758"}],"wp:attachment":[{"href":"https:\/\/havamall.vn\/en\/wp-json\/wp\/v2\/media?parent=17742"}],"wp:term":[{"taxonomy":"product_brand","embeddable":true,"href":"https:\/\/havamall.vn\/en\/wp-json\/wp\/v2\/product_brand?post=17742"},{"taxonomy":"product_cat","embeddable":true,"href":"https:\/\/havamall.vn\/en\/wp-json\/wp\/v2\/product_cat?post=17742"},{"taxonomy":"product_tag","embeddable":true,"href":"https:\/\/havamall.vn\/en\/wp-json\/wp\/v2\/product_tag?post=17742"}],"curies":[{"name":"wp","href":"https:\/\/api.w.org\/{rel}","templated":true}]}}