{"id":17696,"date":"2020-12-28T16:52:42","date_gmt":"2020-12-28T09:52:42","guid":{"rendered":"https:\/\/havamall.vn\/?post_type=product&#038;p=17696"},"modified":"2021-12-24T10:48:49","modified_gmt":"2021-12-24T03:48:49","slug":"hijuki-salad","status":"publish","type":"product","link":"https:\/\/havamall.vn\/en\/shop\/hijuki-salad\/","title":{"rendered":"Fresiweed Rong Bi\u1ec3n Hijiki Salad 1.2kg"},"content":{"rendered":"<table style=\"color: #333333;font-family: Arial, 'Times New Roman', 'Bitstream Charter', Times, serif;font-size: 16px\">\n<tbody>\n<tr>\n<td><span style=\"font-weight: 400\">Th\u01b0\u01a1ng hi\u1ec7u<\/span><\/td>\n<td><span style=\"font-weight: 400\">Fresiweed<\/span><\/td>\n<\/tr>\n<tr>\n<td><span style=\"font-weight: 400\">Xu\u1ea5t x\u1ee9<\/span><\/td>\n<td><span style=\"font-weight: 400\">H\u00e0n Qu\u1ed1c<\/span><\/td>\n<\/tr>\n<tr>\n<td><span style=\"font-weight: 400\">Th\u00e0nh ph\u1ea7n<\/span><\/td>\n<td><span style=\"font-weight: 400\">Rong bi\u1ec3n hijuki 66%, t\u01b0\u01a1ng \u0111\u1eadu n\u00e0nh, gi\u1ea5m, n\u01b0\u1edbc,&#8230;<\/span><\/td>\n<\/tr>\n<tr>\n<td><span style=\"font-weight: 400\">H\u1ea1n s\u1eed d\u1ee5ng<\/span><\/td>\n<td><span style=\"font-weight: 400\">18 th\u00e1ng k\u1ec3 t\u1eeb ng\u00e0y s\u1ea3n xu\u1ea5t.<\/span><\/td>\n<\/tr>\n<tr>\n<td><span style=\"font-weight: 400\">C\u00e1ch s\u1eed d\u1ee5ng<\/span><\/td>\n<td><span style=\"font-weight: 400\">R\u00e3 \u0111\u00f4ng \u1edf ng\u0103n m\u00e1t t\u1ee7 l\u1ea1nh.\u00a0<\/span><\/td>\n<\/tr>\n<tr>\n<td><span style=\"font-weight: 400\"> B\u1ea3o qu\u1ea3n<\/span><\/td>\n<td><span style=\"font-weight: 400\">B\u1ea3o qu\u1ea3n \u0111\u00f4ng l\u1ea1nh<\/span><\/td>\n<\/tr>\n<tr>\n<td><span style=\"font-weight: 400\">Kh\u1ed1i l\u01b0\u1ee3ng t\u1ecbnh<\/span><\/td>\n<td><span style=\"font-weight: 400\">1.2kg<\/span><\/td>\n<\/tr>\n<\/tbody>\n<\/table>\n<p><span style=\"font-weight: 400\">FRESIWEED l\u00e0 th\u01b0\u01a1ng hi\u1ec7u c\u1ee7a JH, FRESIWEED chuy\u00ean s\u1ea3n xu\u1ea5t c\u00e1c s\u1ea3n ph\u1ea9m rong bi\u1ec3n cao c\u1ea5p.\u00a0<\/span><span style=\"font-weight: 400\">C\u00e1c s\u1ea3n ph\u1ea9m c\u1ee7a FRESIWEED \u0111\u01b0\u1ee3c \u0111\u00e1nh b\u1eaft, ch\u1ebf bi\u1ebfn v\u00e0 \u0111\u00f3ng g\u00f3i ho\u00e0n to\u00e0n t\u1ea1i H\u00e0n Qu\u1ed1c.<\/span><span style=\"font-weight: 400\"><br \/>\n<img fetchpriority=\"high\" decoding=\"async\" class=\"aligncenter\" src=\"https:\/\/havamall.vn\/wp-content\/uploads\/2020\/12\/img-product-300075.jpg\" alt=\"NH\u1eeeNG LO\u1ea0I RONG BI\u1ec2N PH\u1ed4 BI\u1ebeN C\u1ee6A NH\u1eacT B\u1ea2N \u2013 Nam An Market\" width=\"603\" height=\"401\" \/><\/span><span style=\"font-weight: 400\">Hijuki Salad\u00a0 l\u00e0 m\u00f3n \u0103n gi\u00e0u dinh d\u01b0\u1ee1ng, \u0111\u01b0\u1ee3c \u01b0a chu\u1ed9ng v\u00e0 ph\u1ed5 bi\u1ebfn t\u1ea1i x\u1ee9 s\u1edf Kim Chi H\u00e0n qu\u1ed1c,\u00a0 gi\u00fap cho b\u1eefa c\u01a1m c\u1ee7a b\u1ea1n th\u00eam ph\u1ea7n ngon mi\u1ec7ng, cung c\u1ea5p th\u00eam dinh d\u01b0\u1ee1ng cho kh\u1ea9u ph\u1ea7n \u0103n h\u00e0ng ng\u00e0y c\u1ee7a gia \u0111\u00ecnh.<\/span><span style=\"font-weight: 400\"><br \/>\n<\/span><span style=\"font-weight: 400\">Rong bi\u1ec3n Hijiki c\u00f3 m\u00e0u xanh l\u1ee5c ho\u1eb7c n\u00e2u t\u1ef1 nhi\u00ean khi ch\u00fang \u0111\u01b0\u1ee3c ng\u01b0 d\u00e2n v\u00e0 th\u1ee3 l\u1eb7n thu ho\u1ea1ch. Sau \u0111\u00f3 rong bi\u1ec3n s\u1ebd \u0111\u01b0\u1ee3c \u0111un s\u00f4i r\u1ed3i s\u1ea5y kh\u00f4, v\u00e0 qu\u00e1 tr\u00ecnh n\u00e0y s\u1ebd l\u00e0m rong bi\u1ec3n chuy\u1ec3n th\u00e0nh m\u00e0u \u0111en.<\/span><\/p>\n<p><span style=\"font-weight: 400\"><img decoding=\"async\" class=\"aligncenter\" src=\"https:\/\/havamall.vn\/wp-content\/uploads\/2020\/12\/hijiki-sau-khi-ngam.jpg\" alt=\"Ch\u00e1o tr\u1ee9ng rong bi\u1ec3n hijiki (Giai \u0111o\u1ea1n 3) | B\u1ebfp &amp; ...\" width=\"599\" height=\"441\" \/><\/span><span style=\"font-weight: 400\">Gi\u1ed1ng nh\u01b0 c\u00e1c lo\u1ea1i rong bi\u1ec3n kh\u00e1c, hijiki cung c\u1ea5p ch\u1ea5t x\u01a1 v\u00e0 c\u00e1c kho\u00e1ng ch\u1ea5t thi\u1ebft y\u1ebfu nh\u01b0 s\u1eaft, canxi v\u00e0 magi\u00ea. Ng\u01b0\u1eddi Nh\u1eadt \u0111\u00e3 th\u01b0\u1edfng th\u1ee9c m\u00f3n \u0103n truy\u1ec1n th\u1ed1ng n\u00e0y \u0111\u1ec3 c\u00e2n b\u1eb1ng ch\u1ebf \u0111\u1ed9 \u0103n u\u1ed1ng trong nhi\u1ec1u th\u1ebf k\u1ef7.<\/span><\/p>\n<p><span style=\"font-weight: 400\"><img decoding=\"async\" class=\"aligncenter\" src=\"https:\/\/havamall.vn\/wp-content\/uploads\/2020\/12\/maxresdefault.jpg\" alt=\"Rong bi\u1ec3n Hijiki x\u00e0o c\u1ee7 qu\u1ea3\" width=\"596\" height=\"335\" \/><\/span><span style=\"font-weight: 400\">\u0110i\u1ec1u \u0111\u1eb7c bi\u1ec7t \u1edf m\u00f3n n\u00e0y l\u00e0 n\u00f3 c\u00f3 \u0111\u1ed9 gi\u00f2n v\u00e0 dai d\u1ec5 ch\u1ecbu sau khi n\u1ea5u, mang v\u1ecb m\u1ed9c c\u1ee7a \u0111\u1ea5t h\u01a1n l\u00e0 m\u1ed9t th\u1ee9 \u0111\u1ebfn t\u1eeb bi\u1ec3n.<br \/>\n<img loading=\"lazy\" decoding=\"async\" class=\"aligncenter\" src=\"https:\/\/havamall.vn\/wp-content\/uploads\/2020\/12\/hijiki-no-nimono-hijiki-salad-recipe.1024x1024-3.jpg\" alt=\"Hijiki No Nimono (Hijiki Salad) Recipe\" width=\"593\" height=\"395\" \/><\/span><span style=\"font-weight: 400\">Salad rong bi\u1ec3n Hijuki l\u00e0 m\u00f3n \u0103n ph\u1ee5 n\u1ed5i ti\u1ebfng c\u1ee7a Nh\u1eadt B\u1ea3n. Rong bi\u1ec3n Hijuki l\u00e0 m\u1ed9t lo\u1ea1i rong bi\u1ec3n t\u1ef1 nhi\u00ean, r\u1ea5t b\u1ed5 d\u01b0\u1ee1ng, khi ninh c\u00f9ng rau c\u1ee7 v\u1edbi n\u01b0\u1edbc d\u00f9ng dashi v\u00e0 n\u01b0\u1edbc t\u01b0\u01a1ng, t\u1ea1o n\u00ean m\u1ed9t h\u01b0\u01a1ng v\u1ecb r\u1ea5t \u0111\u1eadm \u0111\u00e0, c\u1ef1c k\u00ec th\u00edch h\u1ee3p \u0111\u1ec3 chu\u1ea9n b\u1ecb m\u1ed9t b\u1eefa \u0103n ho\u00e0n h\u1ea3o. <\/span><span style=\"font-weight: 400\"><br \/>\n<\/span><span style=\"font-weight: 400\"><img loading=\"lazy\" decoding=\"async\" class=\"aligncenter\" src=\"https:\/\/havamall.vn\/wp-content\/uploads\/2020\/12\/\u6dbc\u62cc\u84ee\u85d5_\u7d93\u8cbf\u7db2.jpg\" alt=\"Black Hijiki Salad | Taiwantrade.com\" width=\"592\" height=\"511\" \/><\/span><span style=\"font-weight: 400\">Trong c\u00e1c lo\u1ea1i rong bi\u1ec3n th\u00ec Hijuki mang n\u0103ng l\u01b0\u1ee3ng d\u01b0\u01a1ng, \u0111\u01b0\u1ee3c xem nh\u01b0 l\u00e0 kho b\u00e1u cung c\u1ea5p ch\u1ea5t s\u1eaft, c\u00e1c kho\u00e1ng ch\u1ea5t v\u00e0 xenlulozo. Ng\u00e0y nay m\u00f3n salad n\u00e0y l\u00e0 m\u00f3n \u0103n y\u00eau th\u00edch c\u1ee7a r\u1ea5t nhi\u1ec1u ng\u01b0\u1eddi.<\/span><\/p>\n<h3><strong>C\u00f4ng d\u1ee5ng c\u1ee7a rong bi\u1ec3n Hijuki:<\/strong><\/h3>\n<p><b><\/b><span style=\"font-weight: 400\">&#8211; C\u00e2n b\u1eb1ng n\u1ed9i ti\u1ebft t\u1ed1<\/span><span style=\"font-weight: 400\"><br \/>\n<\/span><span style=\"font-weight: 400\">&#8211; T\u0103ng n\u0103ng l\u01b0\u1ee3ng<\/span><span style=\"font-weight: 400\"><br \/>\n<\/span><span style=\"font-weight: 400\">&#8211; C\u1ea3i thi\u1ec7n s\u1ee9c kh\u1ecfe ti\u00eau h\u00f3a <\/span><span style=\"font-weight: 400\"><br \/>\n<\/span><span style=\"font-weight: 400\">&#8211; T\u1ed1t cho x\u01b0\u01a1ng<\/span><span style=\"font-weight: 400\"><br \/>\n<\/span><span style=\"font-weight: 400\">&#8211; T\u1ed1t cho gi\u1ea5c ng\u1ee7<\/span><span style=\"font-weight: 400\"><br \/>\n<\/span><span style=\"font-weight: 400\">Nh\u00ecn chung rong bi\u1ec3n Hijiki l\u00e0 m\u1ed9t ngu\u1ed3n dinh d\u01b0\u1ee1ng tuy\u1ec7t v\u1eddi, n\u00f3 ch\u1ee9a nhi\u1ec1u s\u1eaft v\u00e0 i\u1ed1t<\/span><span style=\"font-weight: 400\">.<br \/>\n<img loading=\"lazy\" decoding=\"async\" class=\"aligncenter\" src=\"https:\/\/havamall.vn\/wp-content\/uploads\/2020\/12\/a1d686c7071624fda71dd98ba4f2fae1.jpg\" width=\"595\" height=\"354\" \/><\/span><\/p>\n<h3><strong>Th\u00e0nh ph\u1ea7n:<\/strong><\/h3>\n<p><span style=\"font-weight: 400\">&#8211; Rong bi\u1ec3n hijuki 66%<\/span><span style=\"font-weight: 400\"><br \/>\n<\/span><span style=\"font-weight: 400\">&#8211; T\u01b0\u01a1ng \u0111\u1eadu n\u00e0nh<\/span><span style=\"font-weight: 400\"><br \/>\n<\/span><span style=\"font-weight: 400\">&#8211; Gi\u1ea5m, n\u01b0\u1edbc, \u0111\u01b0\u1eddng.<\/span><span style=\"font-weight: 400\"><br \/>\n<\/span><span style=\"font-weight: 400\">&#8211; R\u01b0\u1ee3u n\u1ea5u \u0103n, h\u00e0nh, t\u1ecfi, \u1edbt, ti\u00eau, g\u1eebng, t\u1ea3o b\u1eb9\u2026<br \/>\n<\/span><\/p>\n<h3><span style=\"font-weight: 400\"><img loading=\"lazy\" decoding=\"async\" class=\"aligncenter\" src=\"https:\/\/havamall.vn\/wp-content\/uploads\/2020\/12\/P70312000001.JPG\" alt=\"The Modern VEGETARIAN - Recipes: Earth \" width=\"603\" height=\"452\" \/><\/span><strong>H\u01b0\u1edbng d\u1eabn s\u1eed d\u1ee5ng :\u00a0<\/strong><\/h3>\n<p><span style=\"font-weight: 400\">&#8211; R\u00e3 \u0111\u00f4ng \u1edf ng\u0103n m\u00e1t t\u1ee7 l\u1ea1nh.<\/span><span style=\"font-weight: 400\"><br \/>\n<\/span><span style=\"font-weight: 400\">&#8211; D\u00f9ng \u0103n tr\u1ef1c ti\u1ebfp ho\u1eb7c tr\u1ed9n v\u1edbi c\u00e1c lo\u1ea1i rau c\u1ee7 kh\u00e1c l\u00e0m salad<\/span><span style=\"font-weight: 400\"><br \/>\n<\/span><span style=\"font-weight: 400\">S\u1ea3n ph\u1ea9m \u0111\u01b0\u1ee3c nh\u1eadp kh\u1ea9u v\u00e0 ph\u00e2n ph\u1ed1i t\u1ea1i Havamall.<\/span><\/p>","protected":false},"excerpt":{"rendered":"<p><span style=\"font-weight: 400\">Salad rong bi\u1ec3n nh\u00e3n hi\u1ec7u Fresiweed \u0111\u01b0\u1ee3c nh\u1eadp kh\u1ea9u tr\u1ef1c ti\u1ebfp t\u1eeb H\u00e0n Qu\u1ed1c.<br \/>\n<\/span><span style=\"font-weight: 400\">Hijuki Salad\u00a0 l\u00e0 m\u00f3n \u0103n gi\u00e0u dinh d\u01b0\u1ee1ng, \u0111\u01b0\u1ee3c \u01b0a chu\u1ed9ng v\u00e0 ph\u1ed5 bi\u1ebfn t\u1ea1i x\u1ee9 s\u1edf Kim Chi H\u00e0n qu\u1ed1c<br \/>\nGi\u00fap cho b\u1eefa c\u01a1m c\u1ee7a b\u1ea1n th\u00eam ph\u1ea7n ngon mi\u1ec7ng, cung c\u1ea5p th\u00eam dinh d\u01b0\u1ee1ng cho kh\u1ea9u ph\u1ea7n \u0103n h\u00e0ng ng\u00e0y c\u1ee7a gia \u0111\u00ecnh.<\/span><span style=\"font-weight: 400\"><br \/>\n<\/span><span style=\"font-weight: 400\">Gi\u1ed1ng nh\u01b0 c\u00e1c lo\u1ea1i rong bi\u1ec3n kh\u00e1c, hijiki cung c\u1ea5p ch\u1ea5t x\u01a1 v\u00e0 c\u00e1c kho\u00e1ng ch\u1ea5t thi\u1ebft y\u1ebfu nh\u01b0 s\u1eaft, canxi v\u00e0 magi\u00ea.<\/span><\/p>","protected":false},"featured_media":17697,"comment_status":"open","ping_status":"closed","template":"","meta":[],"product_brand":[],"product_cat":[275,36],"product_tag":[],"class_list":{"0":"post-17696","1":"product","2":"type-product","3":"status-publish","4":"has-post-thumbnail","6":"product_cat-thuc-pham-dong-lanh","7":"product_cat-thuc-pham-tieu-dung","9":"first","10":"outofstock","11":"sale","12":"shipping-taxable","13":"purchasable","14":"product-type-simple"},"_links":{"self":[{"href":"https:\/\/havamall.vn\/en\/wp-json\/wp\/v2\/product\/17696"}],"collection":[{"href":"https:\/\/havamall.vn\/en\/wp-json\/wp\/v2\/product"}],"about":[{"href":"https:\/\/havamall.vn\/en\/wp-json\/wp\/v2\/types\/product"}],"replies":[{"embeddable":true,"href":"https:\/\/havamall.vn\/en\/wp-json\/wp\/v2\/comments?post=17696"}],"version-history":[{"count":0,"href":"https:\/\/havamall.vn\/en\/wp-json\/wp\/v2\/product\/17696\/revisions"}],"wp:featuredmedia":[{"embeddable":true,"href":"https:\/\/havamall.vn\/en\/wp-json\/wp\/v2\/media\/17697"}],"wp:attachment":[{"href":"https:\/\/havamall.vn\/en\/wp-json\/wp\/v2\/media?parent=17696"}],"wp:term":[{"taxonomy":"product_brand","embeddable":true,"href":"https:\/\/havamall.vn\/en\/wp-json\/wp\/v2\/product_brand?post=17696"},{"taxonomy":"product_cat","embeddable":true,"href":"https:\/\/havamall.vn\/en\/wp-json\/wp\/v2\/product_cat?post=17696"},{"taxonomy":"product_tag","embeddable":true,"href":"https:\/\/havamall.vn\/en\/wp-json\/wp\/v2\/product_tag?post=17696"}],"curies":[{"name":"wp","href":"https:\/\/api.w.org\/{rel}","templated":true}]}}