{"id":17565,"date":"2020-12-09T15:48:25","date_gmt":"2020-12-09T08:48:25","guid":{"rendered":"https:\/\/havamall.vn\/?post_type=product&#038;p=17565"},"modified":"2021-08-17T19:21:57","modified_gmt":"2021-08-17T12:21:57","slug":"nuoc-giai-khat","status":"publish","type":"product","link":"https:\/\/havamall.vn\/en\/shop\/nuoc-giai-khat\/","title":{"rendered":"N\u01b0\u1edbc Gi\u1ea3i Kh\u00e1t C\u00f3 Ga V\u1ecb B\u01b0\u1edfi 300ml &#8211; Trevi Grapefruit (8\/2021)"},"content":{"rendered":"<table>\n<tbody>\n<tr>\n<td><strong>Th\u01b0\u01a1ng hi\u1ec7u<\/strong><\/td>\n<td>\n<h5>Trevi Grapefruit<\/h5>\n<\/td>\n<\/tr>\n<tr>\n<td><strong>Xu\u1ea5t x\u1ee9<\/strong><\/td>\n<td>H\u00e0n Qu\u1ed1c<\/td>\n<\/tr>\n<tr>\n<td><strong>Th\u00e0nh ph\u1ea7n<\/strong><\/td>\n<td>N\u01b0\u1edbc tinh khi\u1ebft, ch\u1ea5t t\u1ea1o kh\u00ed ga, h\u01b0\u01a1ng t\u1ef1 nhi\u00ean<\/td>\n<\/tr>\n<tr>\n<td><strong>H\u1ea1n s\u1eed d\u1ee5ng<\/strong><\/td>\n<td>12 th\u00e1ng k\u1ec3 t\u1eeb ng\u00e0y s\u1ea3n xu\u1ea5t<\/td>\n<\/tr>\n<tr>\n<td><strong>C\u00e1ch s\u1eed d\u1ee5ng<\/strong><\/td>\n<td>D\u00f9ng u\u1ed1ng tr\u1ef1c ti\u1ebfp<\/td>\n<\/tr>\n<tr>\n<td><strong>\u00a0B\u1ea3o qu\u1ea3n<\/strong><\/td>\n<td>B\u1ea3o qu\u1ea3n n\u01a1i kh\u00f4 r\u00e1o, tho\u00e1ng m\u00e1t<\/td>\n<\/tr>\n<tr>\n<td><strong>Kh\u1ed1i l\u01b0\u1ee3ng t\u1ecbnh<\/strong><\/td>\n<td>300ml<\/td>\n<\/tr>\n<\/tbody>\n<\/table>\n<p><span style=\"font-weight: 400\">N\u01b0\u1edbc gi\u1ea3i kh\u00e1t c\u00f3 ga lu\u00f4n l\u00e0 l\u1ef1a ch\u1ecdn h\u00e0ng \u0111\u1ea7u v\u00e0o nh\u1eefng ng\u00e0y h\u00e8 oi n\u00f3ng, sau nh\u1eefng ho\u1ea1t \u0111\u1ed9ng ngo\u00e0i tr\u1eddi ti\u1ebft nhi\u1ec1u m\u1ed3 h\u00f4i, c\u01a1 th\u1ec3 ch\u00fang ta b\u1ecb m\u1ea5t kh\u00e1 nhi\u1ec1u n\u01b0\u1edbc. Ngay l\u00fac \u0111\u00f3 ch\u00fang ta li\u1ec1n ngh\u0129 ngay \u0111\u1ebfn c\u00e1c lo\u1ea1i n\u01b0\u1edbc gi\u1ea3i kh\u00e1t c\u00f3 ga \u0111\u1ec3 thanh nhi\u1ec7t cho c\u01a1 th\u1ec3.<\/span><\/p>\n<p><img fetchpriority=\"high\" decoding=\"async\" class=\"wp-image-17554 aligncenter\" src=\"https:\/\/havamall.vn\/wp-content\/uploads\/2020\/12\/f-300x200.jpg\" alt=\"\" width=\"449\" height=\"300\" srcset=\"https:\/\/havamall.vn\/wp-content\/uploads\/2020\/12\/f-300x200.jpg 300w, https:\/\/havamall.vn\/wp-content\/uploads\/2020\/12\/f-430x287.jpg 430w, https:\/\/havamall.vn\/wp-content\/uploads\/2020\/12\/f-150x100.jpg 150w, https:\/\/havamall.vn\/wp-content\/uploads\/2020\/12\/f.jpg 480w\" sizes=\"(max-width: 449px) 100vw, 449px\" \/><\/p>\n<p><b>Trevi Grapefruit<\/b><span style=\"font-weight: 400\"> s\u1ebd mang \u0111\u1ebfn c\u1ea3m gi\u00e1c \u0111\u00f3 cho b\u1ea1n khi th\u01b0\u1edfng th\u1ee9c nh\u1eefng ng\u1ee5m \u0111\u1ea7u ti\u00ean t\u1eeb h\u01b0\u01a1ng v\u1ecb b\u01b0\u1edfi c\u1ee7a th\u1ee9c u\u1ed1ng n\u00e0y, c\u01a1n kh\u00e1t v\u00e0 m\u1ec7t m\u1ecfi s\u1ebd tan bi\u1ebfn ngay sau \u0111\u00f3, b\u1ea1n s\u1ebd c\u1ea3m th\u1ea5y tr\u00e0n \u0111\u1ea7y n\u0103ng l\u01b0\u1ee3ng h\u01a1n.<\/span><\/p>\n<h1><span style=\"font-weight: 400\">\u0110\u1eb7c \u0111i\u1ec3m th\u01b0\u01a1ng hi\u1ec7u<\/span><\/h1>\n<p><b>Trevi Grapefruit<\/b><span style=\"font-weight: 400\"> lo\u1ea1i th\u1ee9c u\u1ed1ng \u0111\u1ebfn t\u1eeb th\u01b0\u01a1ng hi\u1ec7u Lotte Chilsung, l\u00e0 th\u01b0\u01a1ng hi\u1ec7u c\u00f3 xu\u1ea5t x\u1ee9 t\u1eeb H\u00e0n Qu\u1ed1c, chuy\u00ean s\u1ea3n xu\u1ea5t kinh doanh c\u00e1c lo\u1ea1i n\u01b0\u1edbc u\u1ed1ng \u0111\u00f3ng lon c\u00f3 h\u01b0\u01a1ng v\u1ecb H\u00e0n Qu\u1ed1c \u0111\u1eb7c tr\u01b0ng th\u01a1m ngon h\u1ea5p d\u1eabn. C\u00e1c s\u1ea3n ph\u1ea9m \u0111\u00e3 \u0111\u01b0\u1ee3c ch\u1ecdn l\u1ef1a t\u1eeb nh\u1eefng nguy\u00ean li\u1ec7u cao c\u1ea5p, tr\u00ean quy tr\u00ecnh ch\u1ebf bi\u1ebfn hi\u1ec7n \u0111\u1ea1i, kh\u00f4ng ch\u1ec9 \u0111\u01b0\u1ee3c ng\u01b0\u1eddi d\u00e2n trong n\u01b0\u1edbc tin d\u00f9ng m\u00e0 c\u00f2n xu\u1ea5t kh\u1ea9u sang c\u00e1c n\u01b0\u1edbc, \u0111\u01b0\u1ee3c nhi\u1ec1u ng\u01b0\u1eddi t\u00ecm mua v\u00e0 s\u0103n \u0111\u00f3n.<\/span><\/p>\n<p><img decoding=\"async\" class=\"wp-image-17555 aligncenter\" src=\"https:\/\/havamall.vn\/wp-content\/uploads\/2020\/12\/g-300x157.jpg\" alt=\"\" width=\"482\" height=\"252\" srcset=\"https:\/\/havamall.vn\/wp-content\/uploads\/2020\/12\/g-300x157.jpg 300w, https:\/\/havamall.vn\/wp-content\/uploads\/2020\/12\/g-430x225.jpg 430w, https:\/\/havamall.vn\/wp-content\/uploads\/2020\/12\/g-150x78.jpg 150w, https:\/\/havamall.vn\/wp-content\/uploads\/2020\/12\/g-700x366.jpg 700w, https:\/\/havamall.vn\/wp-content\/uploads\/2020\/12\/g-768x401.jpg 768w, https:\/\/havamall.vn\/wp-content\/uploads\/2020\/12\/g-600x314.jpg 600w, https:\/\/havamall.vn\/wp-content\/uploads\/2020\/12\/g.jpg 859w\" sizes=\"(max-width: 482px) 100vw, 482px\" \/><\/p>\n<h1><span style=\"font-weight: 400\">\u0110\u1eb7c \u0111i\u1ec3m n\u1ed5i b\u1eadt c\u1ee7a s\u1ea3n ph\u1ea9m<\/span><\/h1>\n<p><span style=\"font-weight: 400\">Soda truy\u1ec1n th\u1ed1ng t\u1eeb l\u00e2u \u0111\u00e3 l\u00e0 m\u00f3n \u0111\u1ed3 u\u1ed1ng gi\u1ea3i nhi\u1ec7t l\u00fd t\u01b0\u1edfng trong m\u00f9a h\u00e8 oi b\u1ee9c c\u0169ng nh\u01b0 c\u00e1c bu\u1ed5i g\u1eb7p m\u1eb7t b\u1ea1n b\u00e8.\u00a0<\/span><\/p>\n<p><span style=\"font-weight: 400\">N\u1eafm b\u1eaft \u0111\u01b0\u1ee3c xu th\u1ebf \u0111\u00f3, Lotte Chilsung \u0111\u00e3 tung ra th\u1ecb tr\u01b0\u1eddng n\u01b0\u1edbc gi\u1ea3i kh\u00e1t soda tr\u00e1i c\u00e2y v\u1edbi h\u01b0\u01a1ng v\u1ecb quen thu\u1ed9c b\u01b0\u1edfi nhi\u1ec7t \u0111\u1edbi.<\/span><\/p>\n<p><img decoding=\"async\" class=\"wp-image-17556 aligncenter\" src=\"https:\/\/havamall.vn\/wp-content\/uploads\/2020\/12\/v-300x177.jpg\" alt=\"\" width=\"459\" height=\"271\" srcset=\"https:\/\/havamall.vn\/wp-content\/uploads\/2020\/12\/v-300x177.jpg 300w, https:\/\/havamall.vn\/wp-content\/uploads\/2020\/12\/v-430x253.jpg 430w, https:\/\/havamall.vn\/wp-content\/uploads\/2020\/12\/v-150x88.jpg 150w, https:\/\/havamall.vn\/wp-content\/uploads\/2020\/12\/v.jpg 515w\" sizes=\"(max-width: 459px) 100vw, 459px\" \/><\/p>\n<p><span style=\"font-weight: 400\">Th\u1ee9c u\u1ed1ng gi\u1ea3i kh\u00e1t c\u00f3 v\u1ecb chua ng\u1ecdt h\u00e0i h\u00f2a, mang l\u1ea1i c\u1ea3m gi\u00e1c m\u00e1t l\u1ea1nh, s\u1ea3ng kho\u00e1i. S\u1ea3n ph\u1ea9m \u0111\u01b0\u1ee3c s\u1ea3n xu\u1ea5t tr\u00ean d\u00e2y chuy\u1ec1n hi\u1ec7n \u0111\u1ea1i, an to\u00e0n cho ng\u01b0\u1eddi s\u1eed d\u1ee5ng.<\/span><\/p>\n<p><b>Th\u00e0nh ph\u1ea7n g\u1ed3m<\/b><span style=\"font-weight: 400\">: n\u01b0\u1edbc tinh khi\u1ebft, ch\u1ea5t t\u1ea1o kh\u00ed ga, h\u01b0\u01a1ng t\u1ef1 nhi\u00ean\u2026<\/span><\/p>\n<p><b>Trevi Grapefruit<\/b><span style=\"font-weight: 400\"> \u0111\u01b0\u1ee3c l\u00e0m t\u1eeb h\u01b0\u01a1ng v\u1ecb tr\u00e1i c\u00e2y t\u1ef1 nhi\u00ean \u0111\u1ea3m b\u1ea3o mang \u0111\u1ebfn ng\u01b0\u1eddi ti\u00eau d\u00f9ng c\u1ea3m gi\u00e1c tho\u1ea3i m\u00e1i, d\u1ec5 ch\u1ecbu.<\/span><\/p>\n<p><img loading=\"lazy\" decoding=\"async\" class=\"wp-image-17557 aligncenter\" src=\"https:\/\/havamall.vn\/wp-content\/uploads\/2020\/12\/z1994262311240_f63ea660859a803286c99391c2bf8645-300x300.jpg\" alt=\"\" width=\"387\" height=\"387\" srcset=\"https:\/\/havamall.vn\/wp-content\/uploads\/2020\/12\/z1994262311240_f63ea660859a803286c99391c2bf8645-300x300.jpg 300w, https:\/\/havamall.vn\/wp-content\/uploads\/2020\/12\/z1994262311240_f63ea660859a803286c99391c2bf8645-430x430.jpg 430w, https:\/\/havamall.vn\/wp-content\/uploads\/2020\/12\/z1994262311240_f63ea660859a803286c99391c2bf8645-150x150.jpg 150w, https:\/\/havamall.vn\/wp-content\/uploads\/2020\/12\/z1994262311240_f63ea660859a803286c99391c2bf8645-700x700.jpg 700w, https:\/\/havamall.vn\/wp-content\/uploads\/2020\/12\/z1994262311240_f63ea660859a803286c99391c2bf8645-768x768.jpg 768w, https:\/\/havamall.vn\/wp-content\/uploads\/2020\/12\/z1994262311240_f63ea660859a803286c99391c2bf8645-600x600.jpg 600w, https:\/\/havamall.vn\/wp-content\/uploads\/2020\/12\/z1994262311240_f63ea660859a803286c99391c2bf8645-100x100.jpg 100w, https:\/\/havamall.vn\/wp-content\/uploads\/2020\/12\/z1994262311240_f63ea660859a803286c99391c2bf8645.jpg 1024w\" sizes=\"(max-width: 387px) 100vw, 387px\" \/><\/p>\n<p><span style=\"font-weight: 400\">Mang h\u01b0\u01a1ng v\u1ecb \u0111\u1eb7c tr\u01b0ng \u0111\u1eadm ch\u1ea5t H\u00e0n Qu\u1ed1c, n\u01b0\u1edbc gi\u1ea3i kh\u00e1t c\u00f3 ga Trevi Grapefruit l\u00e0 ngu\u1ed3n cung c\u1ea5p, b\u1ed5 sung l\u01b0\u1ee3ng Vitamin C tuy\u1ec7t v\u1eddi v\u00e0 l\u00e0m t\u0103ng s\u1ee9c \u0111\u1ec1 kh\u00e1ng, ch\u1ed1ng oxy h\u00f3a, gi\u00fap c\u01a1 th\u1ec3 gi\u1ea3m stress.<\/span><\/p>\n<p><span style=\"font-weight: 400\">Khi \u0111\u01b0\u1ee3c mix c\u00f9ng v\u1edbi tr\u00e1i c\u00e2y, siro, r\u01b0\u1ee3u ruhm, kem t\u01b0\u01a1i hay s\u1eefa, th\u1ee9c u\u1ed1ng n\u00e0y t\u1ea1o th\u00e0nh nh\u1eefng bi\u1ebfn t\u1ea5u gi\u1ea3i kh\u00e1t h\u1ebft s\u1ee9c th\u00fa v\u1ecb v\u00e0 l\u1ea1 mi\u1ec7ng. Th\u00edch h\u1ee3p d\u00f9ng trong c\u00e1c bu\u1ed5i ti\u1ec7c li\u00ean hoan, BBQ,&#8230;<\/span><\/p>\n<p>&gt; Nh\u1eadp kh\u1ea9u tr\u1ef1c ti\u1ebfp t\u1eeb H\u00e0n Qu\u1ed1c v\u00e0 c\u00f3 b\u00e1n t\u1ea1i gian h\u00e0ng Havamall.<\/p>","protected":false},"excerpt":{"rendered":"<ul>\n<li>L\u00e0 lo\u1ea1i n<span style=\"font-weight: 400\">\u01b0\u1edbc gi\u1ea3i kh\u00e1t c\u00f3 ga lu\u00f4n \u0111\u01b0\u1ee3c l\u1ef1a ch\u1ecdn h\u00e0ng \u0111\u1ea7u v\u00e0o nh\u1eefng ng\u00e0y h\u00e8 oi n\u00f3ng.<\/span><\/li>\n<li><span style=\"font-weight: 400\">Th\u1ee9c u\u1ed1ng gi\u1ea3i kh\u00e1t c\u00f3 v\u1ecb chua ng\u1ecdt h\u00e0i h\u00f2a.<\/span><\/li>\n<li><b>Trevi Grapefruit<\/b><span style=\"font-weight: 400\"> \u0111\u01b0\u1ee3c l\u00e0m t\u1eeb h\u01b0\u01a1ng v\u1ecb tr\u00e1i c\u00e2y t\u1ef1 nhi\u00ean.<\/span><\/li>\n<li><span style=\"font-weight: 400\">L\u00e0 ngu\u1ed3n cung c\u1ea5p, b\u1ed5 sung l\u01b0\u1ee3ng Vitamin C tuy\u1ec7t v\u1eddi v\u00e0 l\u00e0m t\u0103ng s\u1ee9c \u0111\u1ec1 kh\u00e1ng.<\/span><\/li>\n<\/ul>","protected":false},"featured_media":17566,"comment_status":"open","ping_status":"closed","template":"","meta":[],"product_brand":[],"product_cat":[135],"product_tag":[],"class_list":{"0":"post-17565","1":"product","2":"type-product","3":"status-publish","4":"has-post-thumbnail","6":"product_cat-sua-do-uong","8":"first","9":"outofstock","10":"sale","11":"shipping-taxable","12":"purchasable","13":"product-type-simple"},"_links":{"self":[{"href":"https:\/\/havamall.vn\/en\/wp-json\/wp\/v2\/product\/17565"}],"collection":[{"href":"https:\/\/havamall.vn\/en\/wp-json\/wp\/v2\/product"}],"about":[{"href":"https:\/\/havamall.vn\/en\/wp-json\/wp\/v2\/types\/product"}],"replies":[{"embeddable":true,"href":"https:\/\/havamall.vn\/en\/wp-json\/wp\/v2\/comments?post=17565"}],"version-history":[{"count":0,"href":"https:\/\/havamall.vn\/en\/wp-json\/wp\/v2\/product\/17565\/revisions"}],"wp:featuredmedia":[{"embeddable":true,"href":"https:\/\/havamall.vn\/en\/wp-json\/wp\/v2\/media\/17566"}],"wp:attachment":[{"href":"https:\/\/havamall.vn\/en\/wp-json\/wp\/v2\/media?parent=17565"}],"wp:term":[{"taxonomy":"product_brand","embeddable":true,"href":"https:\/\/havamall.vn\/en\/wp-json\/wp\/v2\/product_brand?post=17565"},{"taxonomy":"product_cat","embeddable":true,"href":"https:\/\/havamall.vn\/en\/wp-json\/wp\/v2\/product_cat?post=17565"},{"taxonomy":"product_tag","embeddable":true,"href":"https:\/\/havamall.vn\/en\/wp-json\/wp\/v2\/product_tag?post=17565"}],"curies":[{"name":"wp","href":"https:\/\/api.w.org\/{rel}","templated":true}]}}