{"id":17525,"date":"2020-11-30T17:08:28","date_gmt":"2020-11-30T10:08:28","guid":{"rendered":"https:\/\/havamall.vn\/?post_type=product&#038;p=17525"},"modified":"2021-12-23T11:49:21","modified_gmt":"2021-12-23T04:49:21","slug":"tuong-ca-chua-glavproduct-tui-doypack-250g","status":"publish","type":"product","link":"https:\/\/havamall.vn\/en\/shop\/tuong-ca-chua-glavproduct-tui-doypack-250g\/","title":{"rendered":"T\u01b0\u01a1ng C\u00e0 Chua GLAVPRODUCT Tu\u0301i Doypack 250g"},"content":{"rendered":"<table>\n<tbody>\n<tr>\n<td width=\"137\"><strong>Th\u01b0\u01a1ng hi\u1ec7u<\/strong><\/td>\n<td width=\"485\">GLAVPRODUCT<\/td>\n<\/tr>\n<tr>\n<td width=\"137\"><strong>Xu\u1ea5t x\u1ee9<\/strong><\/td>\n<td width=\"485\">Nga<\/td>\n<\/tr>\n<tr>\n<td width=\"137\"><strong>Th\u00e0nh ph\u1ea7n<\/strong><\/td>\n<td width=\"485\">C\u00e0 chua, H\u01b0\u01a1ng li\u1ec7u t\u1ef1 nhi\u00ean,<\/td>\n<\/tr>\n<tr>\n<td width=\"137\"><strong>H\u1ea1n s\u1eed d\u1ee5ng<\/strong><\/td>\n<td width=\"485\">Xem tr\u00ean bao b\u00ec s\u1ea3n ph\u1ea9m<\/td>\n<\/tr>\n<tr>\n<td width=\"137\"><strong>C\u00e1ch s\u1eed d\u1ee5ng<\/strong><\/td>\n<td width=\"485\">S\u1eed d\u1ee5ng \u0103n li\u1ec1n<\/td>\n<\/tr>\n<tr>\n<td width=\"137\"><strong>\u00a0B\u1ea3o qu\u1ea3n<\/strong><\/td>\n<td width=\"485\">B\u1ea3o qu\u1ea3n \u1edf nhi\u1ec7t \u0111\u1ed9 t\u1eeb 0 \u2103 \u0111\u1ebfn 25 \u2103 trong \u0111\u1ed9 \u1ea9m kh\u00f4ng kh\u00ed nh\u1ecf h\u01a1n 75%. Sau khi m\u1edf s\u1ea3n ph\u1ea9m n\u00ean \u0111\u1eady n\u1eafp k\u00edn n\u1ebfu ch\u01b0a s\u1eed d\u1ee5ng h\u1ebft v\u00e0 b\u1ea3o qu\u1ea3n \u1edf nhi\u1ec7t \u0111\u1ed9 t\u1eeb 2\u2103 \u0111\u1ebfn 6 \u2103 v\u00e0 kh\u00f4ng qu\u00e1 1 ng\u00e0y.<\/td>\n<\/tr>\n<tr>\n<td width=\"137\"><strong>Kh\u1ed1i l\u01b0\u1ee3ng t\u1ecbnh<\/strong><\/td>\n<td width=\"485\">250g<\/td>\n<\/tr>\n<\/tbody>\n<\/table>\n<p>&nbsp;<\/p>\n<p>T\u01b0\u01a1ng c\u00e0 chua Glavproduct \u00a0\u0111\u01b0\u1ee3c l\u00e0m t\u1eeb nh\u1eefng qu\u1ea3 c\u00e0 chua t\u01b0\u01a1i ch\u00edn m\u1ecdng ch\u1ecdn l\u1ecdc t\u1eeb c\u00e1c n\u00f4ng tr\u1ea1i l\u1edbn c\u1ee7a Nga. S\u1ea3n ph\u1ea9m \u0111\u01b0\u1ee3c ch\u1ebf bi\u1ebfn theo c\u00f4ng ngh\u1ec7 hi\u1ec7n \u0111\u1ea1i, kh\u00e9p k\u00edn, \u0111\u1ea3m b\u1ea3o v\u1ec7 sinh an to\u00e0n th\u1ef1c ph\u1ea9m, \u0111\u01b0\u1ee3c \u0111\u00f3ng t\u00fai ti\u1ec7n d\u1ee5ng, th\u00edch h\u1ee3p \u0103n t\u1ea1i nh\u00e0 hay mang \u0111i xa nh\u01b0 picnic, d\u00e3 ngo\u1ea1i\u2026 R\u1ea5t ti\u1ec7n l\u1ee3i v\u00e0 ti\u1ebft ki\u1ec7m th\u1eddi gian.<\/p>\n<p><img decoding=\"async\" class=\"aligncenter\" src=\"https:\/\/havamall.vn\/wp-content\/uploads\/2020\/11\/Tuong-ca-hieu-Glavproduct-2050.jpg\" alt=\"T\u01b0\u01a1ng c\u00e0 chua hi\u1ec7u Glavproduct 250g - Russian Mart\" \/><\/p>\n<p>T\u01b0\u01a1ng c\u00e0 chua Glavproduct \u0111\u01b0\u1ee3c xem l\u00e0 gia v\u1ecb kh\u00f4ng th\u1ec3 thi\u1ebfu trong m\u1ed7i b\u1eefa \u0103n c\u01a1m gia \u0111\u00ecnh. V\u1edbi nguy\u00ean li\u1ec7u ho\u00e0n to\u00e0n t\u1eeb thi\u00ean nhi\u00ean v\u1edbi v\u1ecb chua chua ng\u1ecdt ng\u1ecdt gi\u00fap k\u00edch th\u00edch v\u1ecb gi\u00e1c, l\u00e0m t\u0103ng s\u1ef1 ngon mi\u1ec7ng.<\/p>\n<p>T\u01b0\u01a1ng c\u00e0 chua l\u00e0 th\u1ef1c ph\u1ea9m \u0111\u01b0\u1ee3c s\u1eed d\u1ee5ng ph\u1ed5 bi\u1ebfn trong b\u1eefa \u0103n h\u1eb1ng ng\u00e0y. B\u1ea1n c\u00f3 th\u1ec3 s\u1eed d\u1ee5ng l\u00e0m s\u1ed1t ch\u1ea5m cho c\u00e1c m\u00f3n chi\u00ean: g\u00e0 r\u00e1n, th\u1ecbt chi\u00ean gi\u00f2n, khoai t\u00e2y chi\u00ean, h\u1ea3i s\u1ea3n, nh\u01b0 pizza, m\u00ec \u00fd, hamburger,\u2026 Ngo\u00e0i ra, c\u00f2n d\u00f9ng l\u00e0m gia v\u1ecb t\u1ea9m \u01b0\u1edbp cho m\u00f3n \u0103n th\u00eam th\u01a1m ngon, h\u1ea5p d\u1eabn.<\/p>\n<p>&nbsp;<\/p>","protected":false},"excerpt":{"rendered":"<p>T\u00ean s\u1ea3n ph\u1ea9m: T\u01b0\u01a1ng C\u00e0 Chua\u00a0 GLAVPRODUCT T\u00fai\u00a0Doypack 250g<br \/>\nTh\u00e0nh ph\u1ea7n: C\u00e0 chua, H\u01b0\u01a1ng li\u1ec7u t\u1ef1 nhi\u00ean<br \/>\nNg\u00e0y s\u1ea3n xu\u1ea5t v\u00e0 h\u1ea1n s\u1eed d\u1ee5ng : Xem tr\u00ean bao b\u00ec s\u1ea3n ph\u1ea9m<br \/>\nKh\u1ed1i l\u01b0\u1ee3ng t\u1ecbnh: 250 g<br \/>\nH\u01b0\u1edbng d\u1eabn s\u1eed d\u1ee5ng: D\u00f9ng \u0103n k\u00e8m v\u1edbi c\u00e1c m\u00f3n khoai t\u00e2y chi\u00ean, h\u1ea3i s\u1ea3n, Ch\u1ebf bi\u1ebfn v\u1edbi c\u00e1c m\u00f3n \u0103n kh\u00e1c.<br \/>\nH\u01b0\u1edbng d\u1eabn b\u1ea3o qu\u1ea3n: B\u1ea3o qu\u1ea3n \u1edf nhi\u1ec7t \u0111\u1ed9 t\u1eeb 0 \u2103 \u0111\u1ebfn 25 \u2103 trong \u0111\u1ed9 \u1ea9m kh\u00f4ng kh\u00ed nh\u1ecf h\u01a1n 75%. Sau khi m\u1edf s\u1ea3n ph\u1ea9m n\u00ean \u0111\u1eady n\u1eafp k\u00edn n\u1ebfu ch\u01b0a s\u1eed d\u1ee5ng h\u1ebft v\u00e0 b\u1ea3o qu\u1ea3n \u1edf nhi\u1ec7t \u0111\u1ed9 t\u1eeb 2\u2103 \u0111\u1ebfn 6 \u2103 v\u00e0 kh\u00f4ng qu\u00e1 1 ng\u00e0y.<br \/>\nXu\u1ea5t x\u1ee9: Nga<\/p>","protected":false},"featured_media":17526,"comment_status":"open","ping_status":"closed","template":"","meta":[],"product_brand":[],"product_cat":[36],"product_tag":[],"class_list":{"0":"post-17525","1":"product","2":"type-product","3":"status-publish","4":"has-post-thumbnail","6":"product_cat-thuc-pham-tieu-dung","8":"first","9":"outofstock","10":"shipping-taxable","11":"purchasable","12":"product-type-simple"},"_links":{"self":[{"href":"https:\/\/havamall.vn\/en\/wp-json\/wp\/v2\/product\/17525"}],"collection":[{"href":"https:\/\/havamall.vn\/en\/wp-json\/wp\/v2\/product"}],"about":[{"href":"https:\/\/havamall.vn\/en\/wp-json\/wp\/v2\/types\/product"}],"replies":[{"embeddable":true,"href":"https:\/\/havamall.vn\/en\/wp-json\/wp\/v2\/comments?post=17525"}],"version-history":[{"count":0,"href":"https:\/\/havamall.vn\/en\/wp-json\/wp\/v2\/product\/17525\/revisions"}],"wp:featuredmedia":[{"embeddable":true,"href":"https:\/\/havamall.vn\/en\/wp-json\/wp\/v2\/media\/17526"}],"wp:attachment":[{"href":"https:\/\/havamall.vn\/en\/wp-json\/wp\/v2\/media?parent=17525"}],"wp:term":[{"taxonomy":"product_brand","embeddable":true,"href":"https:\/\/havamall.vn\/en\/wp-json\/wp\/v2\/product_brand?post=17525"},{"taxonomy":"product_cat","embeddable":true,"href":"https:\/\/havamall.vn\/en\/wp-json\/wp\/v2\/product_cat?post=17525"},{"taxonomy":"product_tag","embeddable":true,"href":"https:\/\/havamall.vn\/en\/wp-json\/wp\/v2\/product_tag?post=17525"}],"curies":[{"name":"wp","href":"https:\/\/api.w.org\/{rel}","templated":true}]}}