{"id":17521,"date":"2020-11-30T16:42:59","date_gmt":"2020-11-30T09:42:59","guid":{"rendered":"https:\/\/havamall.vn\/?post_type=product&#038;p=17521"},"modified":"2025-09-29T17:01:11","modified_gmt":"2025-09-29T10:01:11","slug":"hat-huong-duong-martin-hieu-con-vit-nga-500g","status":"publish","type":"product","link":"https:\/\/havamall.vn\/en\/shop\/hat-huong-duong-martin-hieu-con-vit-nga-500g\/","title":{"rendered":"H\u1ea1t h\u01b0\u1edbng d\u01b0\u01a1ng MARTIN hi\u1ec7u con v\u1ecbt Nga 500g"},"content":{"rendered":"<table>\n<tbody>\n<tr>\n<td><strong>Th\u01b0\u01a1ng hi\u1ec7u<\/strong><\/td>\n<td>\n<h5>MARTIN<\/h5>\n<\/td>\n<\/tr>\n<tr>\n<td><strong>Xu\u1ea5t x\u1ee9<\/strong><\/td>\n<td>Nga<\/td>\n<\/tr>\n<tr>\n<td><strong>Th\u00e0nh ph\u1ea7n<\/strong><\/td>\n<td>H\u1ea1t h\u01b0\u1edbng d\u01b0\u01a1ng<\/td>\n<\/tr>\n<tr>\n<td><strong>H\u1ea1n s\u1eed d\u1ee5ng<\/strong><\/td>\n<td>Xem tr\u00ean bao b\u00ec s\u1ea3n ph\u1ea9m<\/td>\n<\/tr>\n<tr>\n<td><strong>C\u00e1ch s\u1eed d\u1ee5ng<\/strong><\/td>\n<td>S\u1eed d\u1ee5ng \u0103n li\u1ec1n<\/td>\n<\/tr>\n<tr>\n<td><strong>\u00a0B\u1ea3o qu\u1ea3n<\/strong><\/td>\n<td>B\u1ea3o qu\u1ea3n n\u01a1i kh\u00f4 r\u00e1o, tho\u00e1ng m\u00e1t, nhi\u1ec7t \u0111\u1ed9 \u1edf 25<sup>o<\/sup>C, \u0111\u1ed9 \u1ea9m kh\u00f4ng qu\u00e1 75%.<\/td>\n<\/tr>\n<tr>\n<td><strong>Kh\u1ed1i l\u01b0\u1ee3ng t\u1ecbnh<\/strong><\/td>\n<td>500g<\/td>\n<\/tr>\n<\/tbody>\n<\/table>\n<p>C\u00f4ng ty Martin \u0111\u01b0\u1ee3c th\u00e0nh l\u1eadp v\u00e0o n\u0103m 2000 t\u1ea1i th\u00e0nh ph\u1ed1 Elektrougli. C\u00f9ng v\u1edbi s\u1ef1 \u00e1p d\u1ee5ng c\u00f4ng ngh\u1ec7 ti\u00ean ti\u1ebfn trong l\u0129nh v\u1ef1c thu ho\u1ea1ch v\u00e0 s\u1ea3n xu\u1ea5t, Martin l\u00e0 m\u1ed9t trong nh\u1eefng c\u00f4ng ty \u0111\u01b0\u1ee3c c\u00f4ng nh\u1eadn h\u00e0ng \u0111\u1ea7u trong s\u1ea3n xu\u1ea5t , ch\u1ebf bi\u1ebfn h\u1ea1t h\u01b0\u1edbng d\u01b0\u01a1ng, v\u00e0 m\u1ed9t lo\u1ea1t c\u00e1c s\u1ea3n ph\u1ea9m \u0111\u00f3ng h\u1ed9p \u1edf Nga.<\/p>\n<p>Vi\u1ec7t Nam c\u0169ng nh\u01b0 nhi\u1ec1u qu\u1ed1c gia ch\u00e2u \u00c1, vi\u1ec7c s\u1eed d\u1ee5ng c\u00e1c lo\u1ea1i h\u1ea1t \u0111\u1ec3 nh\u00e2m nhi trong nh\u1eefng ng\u00e0y T\u1ebft hay nh\u1eefng ng\u00e0y l\u1ec5, s\u1ef1 ki\u1ec7n quan tr\u1ecdng \u0111\u00e3 l\u00e0 \u0111i\u1ec1u r\u1ea5t quen thu\u1ed9c t\u1eeb r\u1ea5t l\u00e2u. H\u1ea1t h\u01b0\u1edbng d\u01b0\u01a1ng th\u01b0\u1eddng \u0111\u01b0\u1ee3c ch\u1ecdn trong c\u00e1c d\u1ecbp l\u1ec5 b\u1edfi v\u00ec n\u00f3 d\u1ec5 \u0103n, th\u01a1m ngon v\u00e0 ph\u00f9 h\u1ee3p v\u1edbi kh\u1ea9u v\u1ecb c\u1ee7a nhi\u1ec1u ng\u01b0\u1eddi.<\/p>\n<p><img fetchpriority=\"high\" decoding=\"async\" class=\"wp-image-25787 aligncenter\" src=\"https:\/\/havamall.com\/wp-content\/uploads\/2025\/09\/z3249726187196_351ad94b66740ad20dbd3a71f90d86a3-1-264x300.jpg\" alt=\"\" width=\"599\" height=\"680\" \/><\/p>\n<p>H\u1ea1t h\u01b0\u1edbng d\u01b0\u01a1ng MARTIN l\u00e0 m\u1ed9t s\u1ea3n ph\u1ea9m n\u1ed5i ti\u1ebfng c\u00f3 t\u01b0 l\u00e2u \u0111\u1eddi, mang n\u00e9t \u0111\u1eb9p \u0111\u1eb7c tr\u01b0ng, \u00a0truy\u1ec1n th\u1ed1ng c\u1ee7a Nga. H\u1ea1t r\u1ea5t th\u01a1m, h\u1ea1t m\u1ea9y v\u00e0 \u0111\u1ea7y, kh\u00f4ng b\u1ecb l\u00e9p, \u0103n nhi\u1ec1u kh\u00f4ng b\u1ecb ho hay kh\u1ea3n c\u1ed5 cho ng\u01b0\u1eddi s\u1eed d\u1ee5ng nh\u01b0 h\u1ea1t h\u01b0\u1edbng d\u01b0\u01a1ng th\u00f4ng th\u01b0\u1eddng.\u00a0Khi \u0103n b\u1ea1n s\u1ebd c\u1ea3m nh\u1eadn \u0111\u01b0\u1ee3c h\u01b0\u01a1ng th\u01a1m h\u00f2a quy\u1ec7n v\u1edbi v\u1ecb ng\u1ecdt b\u00f9i b\u00f9i b\u00e9o.<\/p>\n<p>S\u1ea3n ph\u1ea7m th\u00edch h\u1ee3p cho c\u00e1c d\u1ecbp \u0111\u00e1m c\u01b0\u1edbi v\u00e0 c\u00e1c nghi l\u1ec5 quan tr\u1ecdng nh\u01b0ng c\u1ea7n s\u1ef1 sang tr\u1ecdng, d\u00f9ng l\u00e0m qu\u00e0 bi\u1ebfu ho\u1eb7c c\u00f3 th\u1ec3 d\u00f9ng \u0111\u1ec3 nh\u00e2m nhi ng\u00e0y t\u1ebft.<\/p>\n<p><img decoding=\"async\" class=\"wp-image-25789 aligncenter\" src=\"https:\/\/havamall.com\/wp-content\/uploads\/2025\/09\/z3249726086812_a8db5846b9911cd66812b50c7517f71c-283x300.jpg\" alt=\"\" width=\"597\" height=\"633\" \/><\/p>\n<p>H\u01b0\u1edbng d\u01b0\u01a1ng l\u00e0 lo\u1ea1i h\u1ea1t c\u00f3 gi\u00e1 tr\u1ecb dinh d\u01b0\u1ee1ng r\u1ea5t cao, ch\u1ee9a nhi\u1ec1u lo\u1ea1i vitamin, protein, s\u1eaft, canxi v\u00e0 photpho. Ch\u00ednh v\u00ec th\u1ebf, vi\u1ec7c \u0103n m\u1ed9t n\u1eafm h\u01b0\u1edbng d\u01b0\u01a1ng m\u1ed7i ng\u00e0y s\u1ebd gi\u00fap t\u0103ng c\u01b0\u1eddng tr\u00ed nh\u1edb, ng\u0103n ng\u1eeba l\u00e3o h\u00f3a gi\u00fap c\u00e1c ch\u1ecb nh\u00e0 ta k\u00e9o d\u00e0i s\u1ee9c kh\u1ecfe v\u00e0 tu\u1ed5i thanh xu\u00e2n \u0111\u1ea5y \u1ea1.<\/p>\n<h2><strong>C\u00e1ch s\u1eed d\u1ee5ng:<\/strong><\/h2>\n<p>B\u00f3c v\u1ecf \u0103n tr\u1ef1c ti\u1ebfp, kh\u00f4ng c\u1ea7n qua ch\u1ebf bi\u1ebfn.<\/p>\n<h2>L\u1ee3i \u00edch h\u1ea1t h\u01b0\u1edbng d\u01b0\u01a1ng:<\/h2>\n<ul>\n<li>T\u1ed1t cho da, t\u00f3c<\/li>\n<li>T\u1ed1t cho n\u00e3o, c\u00e2n b\u1eb1ng t\u00e2m tr\u1ea1ng<\/li>\n<li>Gi\u1ea3m c\u00e2n<\/li>\n<li>H\u1ed7 tr\u1ee3 ch\u1ee9c n\u0103ng tuy\u1ebfn gi\u00e1p<\/li>\n<li>Gi\u1ea3m cholesterol, gi\u1ea3m nguy c\u01a1 m\u1eafc b\u1ec7nh tim m\u1ea1ch<\/li>\n<li>\u00a0C\u1ea3i thi\u1ec7n h\u1ec7 ti\u00eau h\u00f3a<\/li>\n<li>T\u0103ng n\u0103ng l\u01b0\u1ee3ng<\/li>\n<li>T\u1ed1t cho b\u1ec7nh nh\u00e2n \u0111\u00e1i th\u00e1o \u0111\u01b0\u1eddng<\/li>\n<li>C\u00f3 kh\u1ea3 n\u0103ng ng\u0103n ng\u1eeba s\u1ef1 ph\u00e1t tri\u1ec3n c\u1ee7a ung th\u01b0<\/li>\n<\/ul>\n<p>S\u1ea3n ph\u1ea9m \u0111\u01b0\u1ee3c nh\u1eadp kh\u1ea9u v\u00e0 ph\u00e2n ph\u1ed1i b\u1edfi Havamall.<\/p>","protected":false},"excerpt":{"rendered":"<p>H\u1ea1t h\u01b0\u1edbng d\u01b0\u01a1ng Martin l\u00e0 m\u1ed9t s\u1ea3n ph\u1ea9m truy\u1ec1n th\u1ed1ng c\u1ee7a Nga. H\u1ea1t h\u01b0\u1edbng d\u01b0\u01a1ng Martin \u0111\u01b0\u1ee3c s\u1ea3n xu\u1ea5t v\u00e0 \u0111\u00f3ng g\u00f3i theo d\u00e2y chuy\u1ec1n c\u00f4ng ngh\u1ec7 hi\u1ec7n \u0111\u1ea1i. H\u1ea1t nh\u1ecf th\u01a1m, m\u1ea9y v\u00e0 \u0111\u1ea7y, kh\u00f4ng b\u1ecb l\u00e9p, \u0103n nhi\u1ec1u kh\u00f4ng b\u1ecb ho nh\u01b0 h\u1ea1t h\u01b0\u1edbng d\u01b0\u01a1ng th\u00f4ng th\u01b0\u1eddng. S\u1ea3n ph\u1ea9m kh\u00f4ng d\u00f9ng ch\u1ea5t b\u1ea3o qu\u1ea3n, \u0111\u1ea3m b\u1ea3o an to\u00e0n v\u1ec7 sinh th\u1ef1c ph\u1ea9m.<\/p>","protected":false},"featured_media":17522,"comment_status":"open","ping_status":"closed","template":"","meta":[],"product_brand":[],"product_cat":[36,134],"product_tag":[],"class_list":{"0":"post-17521","1":"product","2":"type-product","3":"status-publish","4":"has-post-thumbnail","6":"product_cat-thuc-pham-tieu-dung","7":"product_cat-thucpham-saykho","9":"first","10":"outofstock","11":"sale","12":"shipping-taxable","13":"purchasable","14":"product-type-simple"},"_links":{"self":[{"href":"https:\/\/havamall.vn\/en\/wp-json\/wp\/v2\/product\/17521"}],"collection":[{"href":"https:\/\/havamall.vn\/en\/wp-json\/wp\/v2\/product"}],"about":[{"href":"https:\/\/havamall.vn\/en\/wp-json\/wp\/v2\/types\/product"}],"replies":[{"embeddable":true,"href":"https:\/\/havamall.vn\/en\/wp-json\/wp\/v2\/comments?post=17521"}],"version-history":[{"count":0,"href":"https:\/\/havamall.vn\/en\/wp-json\/wp\/v2\/product\/17521\/revisions"}],"wp:featuredmedia":[{"embeddable":true,"href":"https:\/\/havamall.vn\/en\/wp-json\/wp\/v2\/media\/17522"}],"wp:attachment":[{"href":"https:\/\/havamall.vn\/en\/wp-json\/wp\/v2\/media?parent=17521"}],"wp:term":[{"taxonomy":"product_brand","embeddable":true,"href":"https:\/\/havamall.vn\/en\/wp-json\/wp\/v2\/product_brand?post=17521"},{"taxonomy":"product_cat","embeddable":true,"href":"https:\/\/havamall.vn\/en\/wp-json\/wp\/v2\/product_cat?post=17521"},{"taxonomy":"product_tag","embeddable":true,"href":"https:\/\/havamall.vn\/en\/wp-json\/wp\/v2\/product_tag?post=17521"}],"curies":[{"name":"wp","href":"https:\/\/api.w.org\/{rel}","templated":true}]}}