{"id":17500,"date":"2020-11-30T15:24:40","date_gmt":"2020-11-30T08:24:40","guid":{"rendered":"https:\/\/havamall.vn\/?post_type=product&#038;p=17500"},"modified":"2022-01-09T23:32:25","modified_gmt":"2022-01-09T16:32:25","slug":"rau-cu-qua-say-gion-vi-truyen-thong-dja-90g-veggie-crisps-original","status":"publish","type":"product","link":"https:\/\/havamall.vn\/en\/shop\/rau-cu-qua-say-gion-vi-truyen-thong-dja-90g-veggie-crisps-original\/","title":{"rendered":"Rau C\u1ee7 Qu\u1ea3 S\u1ea5y Gi\u00f2n V\u1ecb Truy\u1ec1n Th\u1ed1ng DJ&amp;A 90g &#8211; Veggie Crisps Original (11\/2021)"},"content":{"rendered":"<table border=\"1\" cellspacing=\"0\">\n<tbody>\n<tr>\n<td><strong>Th\u01b0\u01a1ng hi\u1ec7u<\/strong><\/td>\n<td>DJ&amp;A<\/td>\n<\/tr>\n<tr>\n<td><strong>Xu\u1ea5t x\u1ee9<\/strong><\/td>\n<td>\u00dac<\/td>\n<\/tr>\n<tr>\n<td><strong>Th\u00e0nh ph\u1ea7n<\/strong><\/td>\n<td>Rau c\u1ee7 (<span style=\"font-weight: 400;\">Khoai lang v\u00e0ng, C\u1ee7 c\u1ea3i xanh, C\u1ee7 d\u1ec1n, N\u1ea5m h\u01b0\u01a1ng, S\u00fap l\u01a1 xanh, \u0110\u1eadu cove)<\/span>, H\u01b0\u01a1ng v\u1ecb t\u1ef1 nhi\u00ean<\/td>\n<\/tr>\n<tr>\n<td><strong>H\u1ea1n s\u1eed d\u1ee5ng<\/strong><\/td>\n<td>Xem tr\u00ean bao b\u00ec s\u1ea3n ph\u1ea9m<\/td>\n<\/tr>\n<tr>\n<td><strong>C\u00e1ch s\u1eed d\u1ee5ng<\/strong><\/td>\n<td>S\u1eed d\u1ee5ng \u0103n li\u1ec1n<\/td>\n<\/tr>\n<tr>\n<td><strong>Nh\u1eadp kh\u1ea9u &amp; \u0111\u00f3ng g\u00f3i<\/strong><\/td>\n<td>Vi\u1ec7t Nam<\/td>\n<\/tr>\n<tr>\n<td><strong>\u00a0B\u1ea3o qu\u1ea3n<\/strong><\/td>\n<td>N\u01a1i kh\u00f4 r\u00e1o, tho\u00e1ng m\u00e1t, tr\u00e1nh ti\u1ebfp x\u00fac tr\u1ef1c ti\u1ebfp v\u1edbi \u00e1nh n\u1eafng m\u1eb7t tr\u1eddi<\/td>\n<\/tr>\n<tr>\n<td><strong>Kh\u1ed1i l\u01b0\u1ee3ng t\u1ecbnh<\/strong><\/td>\n<td>90g<\/td>\n<\/tr>\n<\/tbody>\n<\/table>\n<p style=\"text-align: left;\">C\u00e1c s\u1ea3n ph\u1ea9m s\u1ea5y gi\u00f2n \u0111\u01b0\u1ee3c DJ&amp;A l\u1ef1a ch\u1ecdn l\u00e0 c\u00e1c lo\u1ea1i th\u1ef1c ph\u1ea9m s\u1ea5y \u0111\u1eb7c bi\u1ec7t, m\u00f9i v\u1ecb v\u00e0 h\u01b0\u01a1ng v\u1ecb r\u1ea5t th\u01a1m ngon, c\u00f3 h\u00e0m l\u01b0\u1ee3ng dinh d\u01b0\u1ee1ng cao v\u00e0 t\u1ed1t cho s\u1ee9c kh\u1ecfe ng\u01b0\u1eddi s\u1eed d\u1ee5ng. \u0110\u1eb7c bi\u1ec7t nh\u1ea5t l\u00e0 nh\u1edd c\u00f4ng ngh\u1ec7 s\u1ea5y ti\u00ean ti\u1ebfn v\u00e0 hi\u1ec7n \u0111\u1ea1i c\u1ee7a nh\u00e0 s\u1ea3n xu\u1ea5t, m\u00e0 h\u00e0m l\u01b0\u1ee3ng dinh d\u01b0\u1ee1ng c\u0169ng nh\u01b0 h\u01b0\u01a1ng v\u1ecb c\u1ee7a s\u1ea3n ph\u1ea9m v\u1eabn gi\u1eef \u0111\u01b0\u1ee3c nguy\u00ean v\u1eb9n nh\u01b0 s\u1ea3n ph\u1ea9m t\u01b0\u01a1i.<\/p>\n<p>Veggie Crisps Original &#8211; <span style=\"font-weight: 400;\">rau c\u1ee7 s\u1ea5y gi\u00f2n l\u00e0 m\u00f3n \u0103n kho\u00e1i kh\u1ea9u \u0111\u01b0\u1ee3c nhi\u1ec1u ng\u01b0\u1eddi y\u00eau th\u00edch, <\/span><span style=\"font-weight: 400;\">gi\u00e0u ch\u1ea5t dinh d\u01b0\u1ee1ng c\u1ee7a \u00dac \u0111\u01b0\u1ee3c s\u1ea3n xu\u1ea5t theo c\u00f4ng ngh\u1ec7 s\u1ea1ch \u0103n th\u1ecfa th\u00edch m\u00e0 kh\u00f4ng ph\u1ea3i lo v\u1ec1 c\u00e2n n\u1eb7ng<\/span>.<\/p>\n<p><img fetchpriority=\"high\" decoding=\"async\" class=\"wp-image-19338 aligncenter\" src=\"https:\/\/havamall.vn\/wp-content\/uploads\/2020\/11\/148016808_772145413397929_4507333386583010277_n-296x300.png\" alt=\"\" width=\"622\" height=\"632\" srcset=\"https:\/\/havamall.vn\/wp-content\/uploads\/2020\/11\/148016808_772145413397929_4507333386583010277_n-296x300.png 296w, https:\/\/havamall.vn\/wp-content\/uploads\/2020\/11\/148016808_772145413397929_4507333386583010277_n-430x436.png 430w, https:\/\/havamall.vn\/wp-content\/uploads\/2020\/11\/148016808_772145413397929_4507333386583010277_n-150x152.png 150w, https:\/\/havamall.vn\/wp-content\/uploads\/2020\/11\/148016808_772145413397929_4507333386583010277_n-700x710.png 700w, https:\/\/havamall.vn\/wp-content\/uploads\/2020\/11\/148016808_772145413397929_4507333386583010277_n-1010x1024.png 1010w\" sizes=\"(max-width: 622px) 100vw, 622px\" \/><\/p>\n<p>Rau c\u1ee7 s\u1ea5y gi\u00f2n v\u1ecb truy\u1ec1n th\u1ed1ng DJ&amp;A\u00a0 <span style=\"font-weight: 400;\">mang h\u01b0\u01a1ng th\u01a1m c\u1ee7a rau c\u1ee7 s\u1ea5y, gi\u00f2n tan, gia v\u1ecb v\u1eeba \u0111\u1ee7 gi\u00fap ngon mi\u1ec7ng v\u00e0 \u0103n ho\u00e0i kh\u00f4ng ch\u00e1n!<\/span> <span style=\"font-weight: 400;\">S\u1ea3n ph\u1ea9m ph\u00f9 h\u1ee3p cho c\u1ea3 nh\u00e0 t\u1eeb tr\u1ebb em \u0111\u1ebfn ng\u01b0\u1eddi gi\u00e0<\/span><span style=\"font-weight: 400;\">.<\/span><span style=\"font-weight: 400;\"> Kh\u00f4ng ch\u1ee9a Gluten, \u00edt ch\u1ea5t b\u00e9o h\u01a1n 30% so v\u1edbi c\u00e1c m\u00f3n rau c\u1ee7 chi\u00ean th\u00f4ng th\u01b0\u1eddng. \u0110\u1eb7c bi\u1ec7t, s\u1ea3n ph\u1ea9m v\u1edbi h\u01b0\u01a1ng v\u1ecb t\u1ef1 nhi\u00ean, kh\u00f4ng ch\u1ee9a b\u1ed9t ng\u1ecdt, rau c\u1ea3i bi\u1ebfn \u0111\u1ed5i gen, kh\u00f4ng s\u1eed d\u1ee5ng m\u00e0u nh\u00e2n t\u1ea1o, h\u01b0\u01a1ng t\u1ed5ng h\u1ee3p hay ch\u1ea5t b\u1ea3o qu\u1ea3n.<\/span><\/p>\n<p><img decoding=\"async\" class=\"wp-image-19339 aligncenter\" src=\"https:\/\/havamall.vn\/wp-content\/uploads\/2020\/11\/132346163_747500222529115_2265643390456592774_n-1-276x300.png\" alt=\"\" width=\"626\" height=\"680\" srcset=\"https:\/\/havamall.vn\/wp-content\/uploads\/2020\/11\/132346163_747500222529115_2265643390456592774_n-1-276x300.png 276w, https:\/\/havamall.vn\/wp-content\/uploads\/2020\/11\/132346163_747500222529115_2265643390456592774_n-1-430x468.png 430w, https:\/\/havamall.vn\/wp-content\/uploads\/2020\/11\/132346163_747500222529115_2265643390456592774_n-1-150x163.png 150w, https:\/\/havamall.vn\/wp-content\/uploads\/2020\/11\/132346163_747500222529115_2265643390456592774_n-1-700x762.png 700w, https:\/\/havamall.vn\/wp-content\/uploads\/2020\/11\/132346163_747500222529115_2265643390456592774_n-1-768x836.png 768w, https:\/\/havamall.vn\/wp-content\/uploads\/2020\/11\/132346163_747500222529115_2265643390456592774_n-1-600x653.png 600w, https:\/\/havamall.vn\/wp-content\/uploads\/2020\/11\/132346163_747500222529115_2265643390456592774_n-1.png 806w\" sizes=\"(max-width: 626px) 100vw, 626px\" \/><\/p>\n<p><span style=\"font-weight: 400;\">B\u00ean c\u1ea1nh \u0111\u00f3, Veggie Crisps Original b\u1ed5 sung c\u00e1c d\u01b0\u1ee1ng ch\u1ea5t thi\u1ebft y\u1ebfu cho c\u01a1 th\u1ec3 v\u00e0 ng\u0103n ch\u1eb7n qu\u00e1 tr\u00ecnh l\u00e3o h\u00f3a.Veggie Crisps Original c\u00f3 nhi\u1ec1u ch\u1ea5t x\u01a1, kho\u00e1ng ch\u1ea5t, Vitamin A, B1, B2, B3, B5, B6, c\u00e1c nguy\u00ean t\u1ed1 vi l\u01b0\u1ee3ng, kali, s\u1eaft\u2026 ph\u1ee9c h\u1ee3p carbohydrate \u0111\u1eadm h\u01a1n.\u00a0<\/span><\/p>\n<h2><b>C\u00e1ch s\u1eed d\u1ee5ng:<\/b><\/h2>\n<p><span style=\"font-weight: 400;\">Rau c\u1ee7 s\u1ea5y gi\u00f2n DJ&amp;A d\u00f9ng \u0111\u1ec3 \u0103n tr\u1ef1c ti\u1ebfp sau khi m\u1edf t\u00fai nh\u1edb k\u00e9o kh\u00f3a zip \u0111\u1ec3 snack lu\u00f4n gi\u1eef \u0111\u01b0\u1ee3c \u0111\u1ed9 gi\u00f2n, tr\u00e1nh \u1ea9m m\u1ed1c.<\/span><\/p>\n<p><img decoding=\"async\" class=\"wp-image-19340 aligncenter\" src=\"https:\/\/havamall.vn\/wp-content\/uploads\/2020\/11\/118838150_141056554389777_3367766190538788334_n-1-300x132.jpg\" alt=\"\" width=\"630\" height=\"277\" srcset=\"https:\/\/havamall.vn\/wp-content\/uploads\/2020\/11\/118838150_141056554389777_3367766190538788334_n-1-300x132.jpg 300w, https:\/\/havamall.vn\/wp-content\/uploads\/2020\/11\/118838150_141056554389777_3367766190538788334_n-1-430x189.jpg 430w, https:\/\/havamall.vn\/wp-content\/uploads\/2020\/11\/118838150_141056554389777_3367766190538788334_n-1-150x66.jpg 150w, https:\/\/havamall.vn\/wp-content\/uploads\/2020\/11\/118838150_141056554389777_3367766190538788334_n-1-700x307.jpg 700w, https:\/\/havamall.vn\/wp-content\/uploads\/2020\/11\/118838150_141056554389777_3367766190538788334_n-1-768x337.jpg 768w, https:\/\/havamall.vn\/wp-content\/uploads\/2020\/11\/118838150_141056554389777_3367766190538788334_n-1-600x263.jpg 600w, https:\/\/havamall.vn\/wp-content\/uploads\/2020\/11\/118838150_141056554389777_3367766190538788334_n-1.jpg 820w\" sizes=\"(max-width: 630px) 100vw, 630px\" \/><\/p>\n<p>&nbsp;<\/p>\n<h2><b>L\u1ee3i \u00edch c\u1ee7a Rau c\u1ee7 s\u1ea5y <\/b><b>Veggie Crisps <\/b><b>Original<\/b><b>:\u00a0<\/b><\/h2>\n<ul>\n<li style=\"font-weight: 400;\"><span style=\"font-weight: 400;\">T\u00e1c d\u1ee5ng gi\u00fap c\u01a1 th\u1ec3 gi\u1ea3m thi\u1ec3u nguy c\u01a1 m\u1eafc b\u1ec7nh<\/span><\/li>\n<li style=\"font-weight: 400;\"><span style=\"font-weight: 400;\">T\u0103ng kh\u1ea3 n\u0103ng ho\u1ea1t \u0111\u1ed9ng c\u1ee7a h\u1ec7 mi\u1ec5n d\u1ecbch.\u00a0<\/span><\/li>\n<li style=\"font-weight: 400;\"><span style=\"font-weight: 400;\">B\u1ed5 sung c\u00e1c d\u01b0\u1ee1ng ch\u1ea5t thi\u1ebft y\u1ebfu cho c\u01a1 th\u1ec3<\/span><\/li>\n<li style=\"font-weight: 400;\"><span style=\"font-weight: 400;\">Ng\u0103n ch\u1eb7n qu\u00e1 tr\u00ecnh l\u00e3o h\u00f3a<\/span><\/li>\n<\/ul>\n<p>S\u1ea3n ph\u1ea9m \u0111\u01b0\u1ee3c nh\u1eadp kh\u1ea9u v\u00e0 ph\u00e2n ph\u1ed1i b\u1edfi Havamall.<\/p>","protected":false},"excerpt":{"rendered":"<ul>\n<li><b><span style=\"font-weight: 400;\">Quy c\u00e1ch: 90g<\/span><\/b><\/li>\n<li><span style=\"font-weight: 400;\">Xu\u1ea5t x\u1ee9: \u00dac<\/span><\/li>\n<li><span style=\"font-weight: 400;\">100% nguy\u00ean li\u1ec7u t\u1eeb rau c\u1ee7 t\u1ea1i Australia<\/span><\/li>\n<li><span style=\"font-weight: 400;\">S\u1ea3n xu\u1ea5t theo c\u00f4ng ngh\u1ec7 hi\u1ec7n \u0111\u1ea1i c\u1ee7a DJ&amp;A<\/span><\/li>\n<li><b><span style=\"font-weight: 400;\">Rau c\u1ee7 s\u1ea1ch \u0111\u01b0\u1ee3c tr\u1ed3ng theo m\u00f4 h\u00ecnh organic v\u00e0 s\u1ea5y kh\u00f4 v\u1edbi c\u00f4ng ngh\u1ec7 ti\u00ean ti\u1ebfn<\/span><\/b><\/li>\n<li><span style=\"font-weight: 400;\">\u00cdt<\/span><span style=\"font-weight: 400;\"> ch\u1ea5t b\u00e9o<\/span><\/li>\n<li><span style=\"font-weight: 400;\">Kh\u00f4ng ch\u1ee9a Gluten<\/span><\/li>\n<li><span style=\"font-weight: 400;\">Kh\u00f4ng ch\u1ee9a ph\u1ea9m m\u00e0u hay h\u00f3a ch\u1ea5t \u0111\u1ed9c h\u1ea1i<\/span><\/li>\n<li><span style=\"font-weight: 400;\">\u0110\u1ea3m b\u1ea3o 100% v\u1ec7 sinh an to\u00e0n th\u1ef1c ph\u1ea9m<\/span><\/li>\n<li><span style=\"font-weight: 400;\">HSD: 12 th\u00e1ng k\u1ec3 t\u1eeb NSX<\/span><\/li>\n<\/ul>","protected":false},"featured_media":17518,"comment_status":"open","ping_status":"closed","template":"","meta":[],"product_brand":[],"product_cat":[36,134],"product_tag":[],"class_list":{"0":"post-17500","1":"product","2":"type-product","3":"status-publish","4":"has-post-thumbnail","6":"product_cat-thuc-pham-tieu-dung","7":"product_cat-thucpham-saykho","9":"first","10":"outofstock","11":"sale","12":"shipping-taxable","13":"purchasable","14":"product-type-simple"},"_links":{"self":[{"href":"https:\/\/havamall.vn\/en\/wp-json\/wp\/v2\/product\/17500"}],"collection":[{"href":"https:\/\/havamall.vn\/en\/wp-json\/wp\/v2\/product"}],"about":[{"href":"https:\/\/havamall.vn\/en\/wp-json\/wp\/v2\/types\/product"}],"replies":[{"embeddable":true,"href":"https:\/\/havamall.vn\/en\/wp-json\/wp\/v2\/comments?post=17500"}],"version-history":[{"count":0,"href":"https:\/\/havamall.vn\/en\/wp-json\/wp\/v2\/product\/17500\/revisions"}],"wp:featuredmedia":[{"embeddable":true,"href":"https:\/\/havamall.vn\/en\/wp-json\/wp\/v2\/media\/17518"}],"wp:attachment":[{"href":"https:\/\/havamall.vn\/en\/wp-json\/wp\/v2\/media?parent=17500"}],"wp:term":[{"taxonomy":"product_brand","embeddable":true,"href":"https:\/\/havamall.vn\/en\/wp-json\/wp\/v2\/product_brand?post=17500"},{"taxonomy":"product_cat","embeddable":true,"href":"https:\/\/havamall.vn\/en\/wp-json\/wp\/v2\/product_cat?post=17500"},{"taxonomy":"product_tag","embeddable":true,"href":"https:\/\/havamall.vn\/en\/wp-json\/wp\/v2\/product_tag?post=17500"}],"curies":[{"name":"wp","href":"https:\/\/api.w.org\/{rel}","templated":true}]}}