{"id":17481,"date":"2020-11-30T13:48:19","date_gmt":"2020-11-30T06:48:19","guid":{"rendered":"https:\/\/havamall.vn\/?post_type=product&#038;p=17481"},"modified":"2021-12-23T11:45:02","modified_gmt":"2021-12-23T04:45:02","slug":"nam-huong-say-gion","status":"publish","type":"product","link":"https:\/\/havamall.vn\/en\/shop\/nam-huong-say-gion\/","title":{"rendered":"N\u1ea5m H\u01b0\u01a1ng S\u1ea5y Gi\u00f2n T\u1ecfi \u1edat DJ&amp;A 65g &#8211; Shiitake Mushroom Crisps Smoked Chilli &amp; Garlic"},"content":{"rendered":"<h3><strong>TH\u00d4NG TIN S\u1ea2N PH\u1ea8M<\/strong><\/h3>\n<table border=\"1\" cellspacing=\"0\">\n<tbody>\n<tr>\n<td><strong>Th\u01b0\u01a1ng hi\u1ec7u<\/strong><\/td>\n<td>DJ&amp;A<\/td>\n<\/tr>\n<tr>\n<td><strong>Xu\u1ea5t x\u1ee9<\/strong><\/td>\n<td>\u00dac<\/td>\n<\/tr>\n<tr>\n<td><strong>Th\u00e0nh ph\u1ea7n<\/strong><\/td>\n<td>N\u1ea5m Shiitake, H\u01b0\u01a1ng v\u1ecb t\u1ef1 nhi\u00ean, Gia v\u1ecb t\u1ecfi \u1edbt<\/td>\n<\/tr>\n<tr>\n<td><strong>H\u1ea1n s\u1eed d\u1ee5ng<\/strong><\/td>\n<td>Xem tr\u00ean bao b\u00ec s\u1ea3n ph\u1ea9m<\/td>\n<\/tr>\n<tr>\n<td><strong>C\u00e1ch s\u1eed d\u1ee5ng<\/strong><\/td>\n<td>S\u1eed d\u1ee5ng \u0103n li\u1ec1n<\/td>\n<\/tr>\n<tr>\n<td><strong>Nh\u1eadp kh\u1ea9u &amp; \u0111\u00f3ng g\u00f3i<\/strong><\/td>\n<td>Vi\u1ec7t Nam<\/td>\n<\/tr>\n<tr>\n<td><strong>\u00a0B\u1ea3o qu\u1ea3n<\/strong><\/td>\n<td>N\u01a1i kh\u00f4 r\u00e1o, tho\u00e1ng m\u00e1t, tr\u00e1nh ti\u1ebfp x\u00fac tr\u1ef1c ti\u1ebfp v\u1edbi \u00e1nh n\u1eafng m\u1eb7t tr\u1eddi<\/td>\n<\/tr>\n<tr>\n<td><strong>Kh\u1ed1i l\u01b0\u1ee3ng t\u1ecbnh<\/strong><\/td>\n<td>65g<\/td>\n<\/tr>\n<\/tbody>\n<\/table>\n<p>C\u00e1c s\u1ea3n ph\u1ea9m s\u1ea5y gi\u00f2n \u0111\u01b0\u1ee3c DJ&amp;A l\u1ef1a ch\u1ecdn l\u00e0 c\u00e1c lo\u1ea1i th\u1ef1c ph\u1ea9m s\u1ea5y \u0111\u1eb7c bi\u1ec7t, m\u00f9i v\u1ecb v\u00e0 h\u01b0\u01a1ng v\u1ecb r\u1ea5t th\u01a1m ngon, c\u00f3 h\u00e0m l\u01b0\u1ee3ng dinh d\u01b0\u1ee1ng cao v\u00e0 t\u1ed1t cho s\u1ee9c kh\u1ecfe ng\u01b0\u1eddi s\u1eed d\u1ee5ng. \u0110\u1eb7c bi\u1ec7t nh\u1ea5t l\u00e0 nh\u1edd c\u00f4ng ngh\u1ec7 s\u1ea5y ti\u00ean ti\u1ebfn v\u00e0 hi\u1ec7n \u0111\u1ea1i c\u1ee7a nh\u00e0 s\u1ea3n xu\u1ea5t, m\u00e0 h\u00e0m l\u01b0\u1ee3ng dinh d\u01b0\u1ee1ng c\u0169ng nh\u01b0 h\u01b0\u01a1ng v\u1ecb c\u1ee7a s\u1ea3n ph\u1ea9m v\u1eabn gi\u1eef \u0111\u01b0\u1ee3c nguy\u00ean v\u1eb9n nh\u01b0 s\u1ea3n ph\u1ea9m t\u01b0\u01a1i.<\/p>\n<p><span style=\"font-weight: 400\"><img fetchpriority=\"high\" decoding=\"async\" class=\"wp-image-22085 aligncenter\" src=\"https:\/\/havamall.vn\/wp-content\/uploads\/2020\/11\/DJA-4-2-300x300.png\" alt=\"\" width=\"679\" height=\"679\" srcset=\"https:\/\/havamall.vn\/wp-content\/uploads\/2020\/11\/DJA-4-2-300x300.png 300w, https:\/\/havamall.vn\/wp-content\/uploads\/2020\/11\/DJA-4-2-430x430.png 430w, https:\/\/havamall.vn\/wp-content\/uploads\/2020\/11\/DJA-4-2-150x150.png 150w, https:\/\/havamall.vn\/wp-content\/uploads\/2020\/11\/DJA-4-2-700x700.png 700w, https:\/\/havamall.vn\/wp-content\/uploads\/2020\/11\/DJA-4-2-768x768.png 768w, https:\/\/havamall.vn\/wp-content\/uploads\/2020\/11\/DJA-4-2-1024x1024.png 1024w, https:\/\/havamall.vn\/wp-content\/uploads\/2020\/11\/DJA-4-2-600x600.png 600w, https:\/\/havamall.vn\/wp-content\/uploads\/2020\/11\/DJA-4-2-100x100.png 100w, https:\/\/havamall.vn\/wp-content\/uploads\/2020\/11\/DJA-4-2.png 1080w\" sizes=\"(max-width: 679px) 100vw, 679px\" \/><\/span><\/p>\n<p><span style=\"font-weight: 400\">N\u1ea5m H\u01b0\u01a1ng S\u1ea5y Gi\u00f2n V\u1ecb T\u1ecfi \u1edat DJ&amp;A l\u00e0 m\u00f3n \u0103n ngon mi\u1ec7ng gi\u00e0u ch\u1ea5t dinh d\u01b0\u1ee1ng c\u1ee7a \u00dac \u0111\u01b0\u1ee3c s\u1ea3n xu\u1ea5t theo c\u00f4ng ngh\u1ec7 s\u1ea1ch \u0103n th\u1ecfa th\u00edch m\u00e0 kh\u00f4ng ph\u1ea3i lo v\u1ec1 c\u00e2n n\u1eb7ng. N\u1ea5m H\u01b0\u01a1ng S\u1ea5y Gi\u00f2n DJ&amp;A l\u00e0 lo\u1ea1i n\u1ea5m ho\u00e0n to\u00e0n t\u1ef1 nhi\u00ean, kh\u00f4ng ch\u1ee9a h\u00f3a ch\u1ea5t \u0111\u1ed9c h\u1ea1i.<\/span><\/p>\n<p><span style=\"font-weight: 400\">N\u1ea5m H\u01b0\u01a1ng S\u1ea5y Gi\u00f2n V\u1ecb T\u1ecfi \u1edat DJ&amp;A c\u00f3 h\u01b0\u01a1ng v\u1ecb th\u01a1m ngon, gi\u00f2n tan trong mi\u1ec7ng, \u0103n ho\u00e0i kh\u00f4ng ch\u00e1n, s\u1ea3n ph\u1ea9m c\u00f3 v\u1ecb cay c\u1ee7a \u1edbt v\u00e0 v\u1ecb th\u01a1m \u0111\u1eb7c tr\u01b0ng c\u1ee7a t\u1ecfi t\u1ea1o n\u00ean m\u1ed9t m\u00f3n \u0103n v\u1eb7t ngon kh\u00f3 c\u01b0\u1ee1ng. \u0110\u1eb7c bi\u1ec7t, m\u00f3n \u0103n n\u00e0y c\u00f2n gi\u00fap b\u1ea1n ng\u0103n ng\u1eeba ung th\u01b0, lao, h\u1ea1ch, t\u0103ng kh\u1ea3 n\u0103ng \u0111\u1ec1 kh\u00e1ng, gi\u1ea3m Cholesterol v\u00e0 t\u1ed1t cho ng\u01b0\u1eddi ti\u1ec3u \u0111\u01b0\u1eddng. Trong n\u1ea5m \u0111\u00f4ng c\u00f4 c\u00f2n c\u00f3 ch\u1ee9a 7 lo\u1ea1i Amino Acid c\u1ea7n thi\u1ebft cho c\u01a1 th\u1ec3 v\u00e0 ch\u1ee9a 1 s\u1ed1 l\u01b0\u1ee3ng Provitamin Ergosterol r\u1ea5t cao mang l\u1ea1i nhi\u1ec1u l\u1ee3i \u00edch cho s\u1ee9c kh\u1ecfe c\u1ee7a b\u1ea1n.<\/span><\/p>\n<p><img decoding=\"async\" class=\"wp-image-22088 aligncenter\" src=\"https:\/\/havamall.vn\/wp-content\/uploads\/2020\/11\/DJA-2-300x300.png\" alt=\"\" width=\"658\" height=\"658\" srcset=\"https:\/\/havamall.vn\/wp-content\/uploads\/2020\/11\/DJA-2-300x300.png 300w, https:\/\/havamall.vn\/wp-content\/uploads\/2020\/11\/DJA-2-430x430.png 430w, https:\/\/havamall.vn\/wp-content\/uploads\/2020\/11\/DJA-2-150x150.png 150w, https:\/\/havamall.vn\/wp-content\/uploads\/2020\/11\/DJA-2-700x700.png 700w, https:\/\/havamall.vn\/wp-content\/uploads\/2020\/11\/DJA-2-768x768.png 768w, https:\/\/havamall.vn\/wp-content\/uploads\/2020\/11\/DJA-2-1024x1024.png 1024w, https:\/\/havamall.vn\/wp-content\/uploads\/2020\/11\/DJA-2-600x600.png 600w, https:\/\/havamall.vn\/wp-content\/uploads\/2020\/11\/DJA-2-100x100.png 100w, https:\/\/havamall.vn\/wp-content\/uploads\/2020\/11\/DJA-2.png 1080w\" sizes=\"(max-width: 658px) 100vw, 658px\" \/><\/p>\n<p><span style=\"font-weight: 400\">N\u1ea5m H\u01b0\u01a1ng S\u1ea5y Gi\u00f2n V\u1ecb T\u1ecfi \u1edat DJ&amp;A gi\u00f2n tan t\u1ea9m v\u1ecb ho\u00e0n to\u00e0n t\u1ef1 nhi\u00ean v\u00e0 th\u00e2n thi\u1ec7n v\u1edbi ng\u01b0\u1eddi \u0103n chay cung c\u1ea5p c\u00e1c ch\u1ea5t dinh d\u01b0\u1ee1ng c\u1ea7n thi\u1ebft cho c\u01a1 th\u1ec3, n\u1ea5m \u0103n c\u00f2n c\u00f3 nhi\u1ec1u t\u00e1c d\u1ee5ng d\u01b0\u1ee3c l\u00fd kh\u00e1 phong ph\u00fa. N\u00f3 kh\u00f4ng ch\u1ee9a b\u1ed9t ng\u1ecdt, kh\u00f4ng c\u00f3 rau bi\u1ebfn \u0111\u1ed5i gen v\u00e0 kh\u00f4ng c\u00f3 m\u00e0u nh\u00e2n t\u1ea1o, h\u01b0\u01a1ng v\u1ecb ho\u1eb7c ch\u1ea5t b\u1ea3o qu\u1ea3n, \u0111\u01b0\u1ee3c ch\u1ebf bi\u1ebfn theo quy tr\u00ecnh c\u00f4ng ngh\u1ec7 cao, \u0111\u1ea3m b\u1ea3o v\u1ec7 sinh an to\u00e0n th\u1ef1c ph\u1ea9m theo ti\u00eau chu\u1ea9n c\u1ee7a \u00dac. \u0110\u01b0\u1ee3c \u0111\u00f3ng g\u00f3i ti\u1ec7n d\u1ee5ng, thu\u1eadn l\u1ee3i mang theo m\u1ed7i khi \u0111i xa hay d\u00e0nh l\u00e0m qu\u00e0 t\u1eb7ng v\u00ec n\u00f3 r\u1ea5t l\u1ea1, ngon.<\/span><\/p>\n<p><img decoding=\"async\" class=\"wp-image-22089 aligncenter\" src=\"https:\/\/havamall.vn\/wp-content\/uploads\/2020\/11\/DJA-3-300x300.png\" alt=\"\" width=\"646\" height=\"646\" srcset=\"https:\/\/havamall.vn\/wp-content\/uploads\/2020\/11\/DJA-3-300x300.png 300w, https:\/\/havamall.vn\/wp-content\/uploads\/2020\/11\/DJA-3-430x430.png 430w, https:\/\/havamall.vn\/wp-content\/uploads\/2020\/11\/DJA-3-150x150.png 150w, https:\/\/havamall.vn\/wp-content\/uploads\/2020\/11\/DJA-3-700x700.png 700w, https:\/\/havamall.vn\/wp-content\/uploads\/2020\/11\/DJA-3-768x768.png 768w, https:\/\/havamall.vn\/wp-content\/uploads\/2020\/11\/DJA-3-1024x1024.png 1024w, https:\/\/havamall.vn\/wp-content\/uploads\/2020\/11\/DJA-3-600x600.png 600w, https:\/\/havamall.vn\/wp-content\/uploads\/2020\/11\/DJA-3-100x100.png 100w, https:\/\/havamall.vn\/wp-content\/uploads\/2020\/11\/DJA-3.png 1080w\" sizes=\"(max-width: 646px) 100vw, 646px\" \/><\/p>\n<h2><b>Th\u00f4ng tin s\u1ea3n ph\u1ea9m:<\/b><\/h2>\n<ul>\n<li style=\"font-weight: 400\"><span style=\"font-weight: 400\">T\u00ean s\u1ea3n ph\u1ea9m: Mushroom Crisps Smoked Chilli &amp; Garlic<\/span><\/li>\n<li style=\"font-weight: 400\"><span style=\"font-weight: 400\">Xu\u1ea5t x\u1ee9: \u00dac<\/span><\/li>\n<li style=\"font-weight: 400\"><span style=\"font-weight: 400\">Th\u00e0nh ph\u1ea7n dinh d\u01b0\u1ee1ng:\u00a0N\u1ea5m Shiitake, H\u01b0\u01a1ng v\u1ecb t\u1ef1 nhi\u00ean, Gia v\u1ecb t\u1ecfi \u1edbt<\/span><\/li>\n<li>HSD: 1 n\u0103m \u2013 \u0110\u1ec3 n\u01a1i kh\u00f4 m\u00e1t, tho\u00e1ng m\u00e1t, tr\u00e1nh \u00e1nh n\u1eafng tr\u1ef1c ti\u1ebfp.<\/li>\n<\/ul>\n<h2><b>C\u00e1ch s\u1eed d\u1ee5ng:<\/b><\/h2>\n<p><span style=\"font-weight: 400\">N\u1ea5m h\u01b0\u01a1ng s\u1ea5y kh\u00f4 DJ&amp;A d\u00f9ng \u0111\u1ec3 \u0103n tr\u1ef1c ti\u1ebfp sau khi m\u1edf t\u00fai nh\u1edb k\u00e9o kh\u00f3a zip \u0111\u1ec3 n\u1ea5m lu\u00f4n gi\u1eef \u0111\u01b0\u1ee3c \u0111\u1ed9 gi\u00f2n, tr\u00e1nh \u1ea9m m\u1ed1c.<\/span><\/p>\n<p><img loading=\"lazy\" decoding=\"async\" class=\"wp-image-22087 aligncenter\" src=\"https:\/\/havamall.vn\/wp-content\/uploads\/2020\/11\/DJA6-300x300.png\" alt=\"\" width=\"682\" height=\"682\" srcset=\"https:\/\/havamall.vn\/wp-content\/uploads\/2020\/11\/DJA6-300x300.png 300w, https:\/\/havamall.vn\/wp-content\/uploads\/2020\/11\/DJA6-430x430.png 430w, https:\/\/havamall.vn\/wp-content\/uploads\/2020\/11\/DJA6-150x150.png 150w, https:\/\/havamall.vn\/wp-content\/uploads\/2020\/11\/DJA6-700x700.png 700w, https:\/\/havamall.vn\/wp-content\/uploads\/2020\/11\/DJA6-768x768.png 768w, https:\/\/havamall.vn\/wp-content\/uploads\/2020\/11\/DJA6-1024x1024.png 1024w, https:\/\/havamall.vn\/wp-content\/uploads\/2020\/11\/DJA6-600x600.png 600w, https:\/\/havamall.vn\/wp-content\/uploads\/2020\/11\/DJA6-100x100.png 100w, https:\/\/havamall.vn\/wp-content\/uploads\/2020\/11\/DJA6.png 1080w\" sizes=\"(max-width: 682px) 100vw, 682px\" \/><\/p>\n<h2><b>C\u00f4ng d\u1ee5ng c\u1ee7a n\u1ea5m h\u01b0\u01a1ng \u0111\u1ed1i v\u1edbi s\u1ee9c kh\u1ecfe:<\/b><\/h2>\n<ul>\n<li><span style=\"font-weight: 400\"> \u00a0 <\/span> <span style=\"font-weight: 400\">T\u1ed1t cho tim m\u1ea1ch<\/span><\/li>\n<li><span style=\"font-weight: 400\"> \u00a0 <\/span> <span style=\"font-weight: 400\">Kh\u00e1ng khu\u1ea9n<\/span><\/li>\n<li><span style=\"font-weight: 400\"> \u00a0 <\/span> <span style=\"font-weight: 400\">Ch\u1ed1ng oxy h\u00f3a<\/span><\/li>\n<li><span style=\"font-weight: 400\"> \u00a0 <\/span> <span style=\"font-weight: 400\">Gi\u00fap x\u01b0\u01a1ng ch\u1eafc kh\u1ecfe<\/span><\/li>\n<li><span style=\"font-weight: 400\"> \u00a0 <\/span> <span style=\"font-weight: 400\">Tr\u00e0n \u0111\u1ea7y n\u0103ng l\u01b0\u1ee3ng<\/span><\/li>\n<li>T\u0103ng s\u1ee9c kh\u1ecfe cho l\u00e0n da<\/li>\n<\/ul>\n<p>S\u1ea3n ph\u1ea9m \u0111\u01b0\u1ee3c nh\u1eadp kh\u1ea9u v\u00e0 ph\u00e2n ph\u1ed1i b\u1edfi Havamall.<\/p>","protected":false},"excerpt":{"rendered":"<ul>\n<li style=\"font-weight: 400\"><span style=\"font-weight: 400\">T\u00ean s\u1ea3n ph\u1ea9m: Mushroom Crisps Smoked Chilli &amp; Garlic<\/span><\/li>\n<li style=\"font-weight: 400\"><span style=\"font-weight: 400\">Xu\u1ea5t x\u1ee9: \u00dac<\/span><\/li>\n<li style=\"font-weight: 400\"><span style=\"font-weight: 400\">Th\u00e0nh ph\u1ea7n dinh d\u01b0\u1ee1ng:\u00a0N\u1ea5m Shiitake, H\u01b0\u01a1ng v\u1ecb t\u1ef1 nhi\u00ean, Gia v\u1ecb t\u1ecfi \u1edbt<\/span><\/li>\n<li>HSD: 1 n\u0103m \u2013 \u0110\u1ec3 n\u01a1i kh\u00f4 m\u00e1t, tho\u00e1ng m\u00e1t, tr\u00e1nh \u00e1nh n\u1eafng tr\u1ef1c ti\u1ebfp.<\/li>\n<\/ul>","protected":false},"featured_media":17485,"comment_status":"open","ping_status":"closed","template":"","meta":[],"product_brand":[],"product_cat":[36,134],"product_tag":[],"class_list":{"0":"post-17481","1":"product","2":"type-product","3":"status-publish","4":"has-post-thumbnail","6":"product_cat-thuc-pham-tieu-dung","7":"product_cat-thucpham-saykho","8":"pa_brand-dja","10":"first","11":"outofstock","12":"sale","13":"shipping-taxable","14":"purchasable","15":"product-type-simple"},"_links":{"self":[{"href":"https:\/\/havamall.vn\/en\/wp-json\/wp\/v2\/product\/17481"}],"collection":[{"href":"https:\/\/havamall.vn\/en\/wp-json\/wp\/v2\/product"}],"about":[{"href":"https:\/\/havamall.vn\/en\/wp-json\/wp\/v2\/types\/product"}],"replies":[{"embeddable":true,"href":"https:\/\/havamall.vn\/en\/wp-json\/wp\/v2\/comments?post=17481"}],"version-history":[{"count":0,"href":"https:\/\/havamall.vn\/en\/wp-json\/wp\/v2\/product\/17481\/revisions"}],"wp:featuredmedia":[{"embeddable":true,"href":"https:\/\/havamall.vn\/en\/wp-json\/wp\/v2\/media\/17485"}],"wp:attachment":[{"href":"https:\/\/havamall.vn\/en\/wp-json\/wp\/v2\/media?parent=17481"}],"wp:term":[{"taxonomy":"product_brand","embeddable":true,"href":"https:\/\/havamall.vn\/en\/wp-json\/wp\/v2\/product_brand?post=17481"},{"taxonomy":"product_cat","embeddable":true,"href":"https:\/\/havamall.vn\/en\/wp-json\/wp\/v2\/product_cat?post=17481"},{"taxonomy":"product_tag","embeddable":true,"href":"https:\/\/havamall.vn\/en\/wp-json\/wp\/v2\/product_tag?post=17481"}],"curies":[{"name":"wp","href":"https:\/\/api.w.org\/{rel}","templated":true}]}}