{"id":17440,"date":"2020-11-16T17:02:01","date_gmt":"2020-11-16T10:02:01","guid":{"rendered":"https:\/\/havamall.vn\/?post_type=product&#038;p=17440"},"modified":"2025-06-01T16:53:57","modified_gmt":"2025-06-01T09:53:57","slug":"bot-hoa-dai-hoi-thuong-hieu-hava-foodies-goi-100g-powder-star-anise","status":"publish","type":"product","link":"https:\/\/havamall.vn\/en\/shop\/bot-hoa-dai-hoi-thuong-hieu-hava-foodies-goi-100g-powder-star-anise\/","title":{"rendered":"B\u1ed9t Hoa \u0110\u1ea1i H\u1ed3i Th\u01b0\u01a1ng Hi\u1ec7u Hava Foodies G\u00f3i 100g \u2013 Powder Star Anise"},"content":{"rendered":"<p>C\u00e2y h\u1ed3i l\u00e0 m\u1ed9t lo\u1ea1i c\u00e2y xanh quanh n\u0103m c\u00f3 ngu\u1ed3n g\u1ed1c t\u1eeb Trung Qu\u1ed1c. Hoa c\u1ee7a c\u00e2y h\u1ed3i c\u00f2n c\u00f3 c\u00e1c t\u00ean g\u1ecdi kh\u00e1c l\u00e0 \u0111\u1ea1i h\u1ed3i, b\u00e1t gi\u00e1c h\u1ed3i h\u01b0\u01a1ng \u2013 hi\u1ec3u theo ngh\u0129a ti\u1ebfng trung ngh\u0129a l\u00e0 qu\u1ea3 t\u00e1m c\u00e1nh c\u00f3 h\u01b0\u01a1ng th\u01a1m. Hoa h\u1ed3i th\u01b0\u1eddng c\u00f3 v\u00e0o t\u1ea7m th\u00e1ng 3-5, qu\u1ea3 h\u1ed3i c\u00f3 t\u1ea7m th\u00e1ng 6-9.<\/p>\n<p>B\u1ed9t hoa h\u1ed3i l\u00e0 th\u00e0nh ph\u1ea9m c\u1ee7a nh\u1eefng b\u00f4ng hoa h\u1ed3i t\u00e1n nh\u1ecf, nghi\u1ec1n th\u00e0nh b\u1ed9t, b\u1ed9t hoa h\u1ed3i r\u1ea5t m\u1ecbn, m\u00e0u v\u00e0ng \u0111\u1eadm, v\u00e0 mang m\u00f9i th\u01a1m \u0111\u1eb7c tr\u01b0ng c\u1ee7a hoa h\u1ed3i.<\/p>\n<p><img fetchpriority=\"high\" decoding=\"async\" class=\"wp-image-17063 aligncenter\" src=\"https:\/\/havamall.com\/wp-content\/uploads\/2025\/06\/hoa-hoi-la-gi.jpg\" alt=\"\" width=\"672\" height=\"448\" \/><\/p>\n<p>B\u1ed9t hoa \u0111\u1ea1i h\u1ed3i c\u00f3 th\u1ec3 \u0111\u01b0\u1ee3c xem l\u00e0 gia v\u1ecb kh\u00e1 quen thu\u1ed9c trong t\u00f4 ph\u1edf \u1edf Vi\u1ec7t Nam, \u0111\u01b0\u1ee3c \u0111em \u0111un v\u1edbi n\u01b0\u1edbc \u0111\u1ec3 l\u1ea5y n\u01b0\u1edbc d\u00f9ng, mang \u0111\u1ebfn m\u1ed9t m\u00f9i th\u01a1m t\u01b0\u01a1ng t\u1ef1 c\u00e2y ti\u00eau.<\/p>\n<p><strong>TH\u00d4NG TIN S\u1ea2N PH\u1ea8M<\/strong><\/p>\n<ul>\n<li>Th\u01b0\u01a1ng hi\u1ec7u:\u00a0Hava Foodies<\/li>\n<li>Xu\u1ea5t x\u1ee9: \u0110\u1ee9c<\/li>\n<li>Th\u00e0nh\u00a0ph\u1ea7n: 100% hoa \u0111\u1ea1i h\u1ed3i nghi\u1ec1n m\u1ecbn<\/li>\n<li>H\u01b0\u1edbng d\u1eabn s\u1eed d\u1ee5ng: D\u00f9ng l\u00e0m gia v\u1ecb n\u00eam n\u1ebfm m\u00f3n \u0103n.<\/li>\n<li>Kh\u1ed1i l\u01b0\u1ee3ng t\u1ecbnh: 100g<\/li>\n<li>B\u1ea3o qu\u1ea3n:\u00a0B\u1ea3o qu\u1ea3n n\u01a1i kh\u00f4 r\u00e1o, tho\u00e1ng m\u00e1t, tr\u00e1nh \u00e1nh n\u1eafng m\u1eb7t tr\u1eddi. Sau khi s\u1eed d\u1ee5ng, s\u1ea3n ph\u1ea9m c\u00f2n d\u01b0 n\u00ean tr\u1eef trong h\u1ee7 k\u00edn c\u00f3 n\u1eafp \u0111\u1eady \u0111\u1ec3 gi\u1eef h\u01b0\u01a1ng th\u01a1m l\u00e2u h\u01a1n<\/li>\n<li>H\u1ea1n s\u1eed d\u1ee5ng:\u00a0Xem tr\u00ean bao b\u00ec s\u1ea3n ph\u1ea9m<\/li>\n<\/ul>\n<p><img decoding=\"async\" class=\"wp-image-17067 aligncenter\" src=\"https:\/\/havamall.com\/wp-content\/uploads\/2025\/06\/23e4f3e6bd88ca18d28e09c88f00395b.jpg\" alt=\"\" width=\"593\" height=\"593\" \/><\/p>\n<p><strong>T\u00c1C D\u1ee4NG C\u1ee6A B\u1ed8T HOA \u0110\u1ea0I H\u1ed2I<\/strong><\/p>\n<p>B\u1ed9t hoa h\u1ed3i \u0111\u01b0\u1ee3c d\u00f9ng nh\u01b0 m\u1ed9t lo\u1ea1i \u201cd\u01b0\u1ee3c li\u1ec7u\u201d v\u1edbi nhi\u1ec1u c\u00f4ng d\u1ee5ng ch\u1eefa b\u1ec7nh hi\u1ec7u qu\u1ea3:<\/p>\n<ul>\n<li>Gi\u00fap trung ti\u1ec7n ch\u1eefa \u0111\u1ea7y b\u1ee5ng, kh\u00f3 ti\u00eau<\/li>\n<li>H\u1ed7 tr\u1ee3 ti\u00eau h\u00f3a ho\u1ea1t \u0111\u1ed9ng t\u1ed1t h\u01a1n<\/li>\n<li>T\u00e1c d\u1ee5ng gi\u1ea3m \u0111au, gi\u1ea3m co b\u00f3p \u1edf d\u1ea1 d\u00e0y v\u00e0 ru\u1ed9t<\/li>\n<li>Gi\u00fap l\u1ee3i s\u1eefa<\/li>\n<li>Ch\u1eefa tr\u1ecb t\u00ecnh tr\u1ea1ng n\u00f4n m\u1eeda<\/li>\n<li>Tr\u1ecb ch\u1ee9ng th\u1ea5p kh\u1edbp, \u0111au l\u01b0ng<\/li>\n<li>Ch\u1eefa ng\u1ed9 \u0111\u1ed9c c\u00e1, th\u1ecbt v\u00e0 \u0111\u01b0\u1ee3c d\u00f9ng \u0111\u1ec3 ch\u1eefa r\u1eafn \u0111\u1ed9c c\u1eafn<\/li>\n<li>K\u00edch th\u00edch v\u1ecb gi\u00e1c<\/li>\n<li>Gi\u00fap \u0111i\u1ec1u tr\u1ecb b\u1ec7nh c\u00fam\u2026<\/li>\n<\/ul>\n<p><strong>C\u00c1CH S\u1eec D\u1ee4NG B\u1ed8T HOA H\u1ed2I<\/strong><\/p>\n<p><em><strong>\u2013 Trong \u1ea9m th\u1ef1c:<\/strong><\/em><\/p>\n<p>+ \u1ede Vi\u1ec7t Nam, B\u1ed9t hoa h\u1ed3i hay c\u00f2n g\u1ecdi l\u00e0 b\u1ed9t h\u1ed3i ch\u00fang \u0111\u01b0\u1ee3c s\u1eed d\u1ee5ng r\u1ea5t nhi\u1ec1u trong \u1ea9m th\u1ef1c. \u0110\u00e2y l\u00e0 nguy\u00ean li\u1ec7u ch\u00ednh trong ng\u0169 v\u1ecb h\u01b0\u01a1ng v\u00e0 gia v\u1ecb t\u1ea9m \u01b0\u1edbp c\u00e1c lo\u1ea1i th\u1ecbt nh\u01b0: Th\u1ecbt d\u00ea, th\u1ecbt c\u1eebu, th\u1ecbt b\u00f2, th\u1ecbt v\u1ecbt hay c\u00e1c lo\u1ea1i th\u1ecbt r\u1eebng, .. t\u00e1c d\u1ee5ng \u0111\u1ec3 kh\u1eed m\u00f9i tanh t\u1eeb th\u1ecbt.<\/p>\n<p>+ B\u1ed9t hoa h\u1ed3i d\u00f9ng trong c\u00e1c m\u00f3n chi\u00ean, x\u00e0o, n\u1ea5u c\u00e1c m\u00f3n s\u00fap th\u1ecbt, th\u1ecbt quay, l\u00e0m b\u00e1nh x\u00f4i v\u1ecb,\u2026b\u1ed9t h\u1ed3i gi\u00fap t\u1ea1o h\u01b0\u01a1ng v\u1ecb ho\u00e0n ch\u1ec9nh cho m\u00f3n \u0103n th\u00eam th\u01a1m ngon, h\u1ea5p d\u1eabn h\u01a1n.<\/p>\n<p><img decoding=\"async\" class=\"wp-image-17068 aligncenter\" src=\"https:\/\/havamall.com\/wp-content\/uploads\/2025\/06\/hoa-hE1BB93i-E1BAA9m-thE1BBB1c.jpg\" alt=\"\" width=\"588\" height=\"392\" \/><\/p>\n<p><em><strong>\u2013 B\u1ed9t hoa h\u1ed3i d\u00f9ng nh\u01b0 m\u1ed9t v\u1ecb thu\u1ed1c ch\u1eefa b\u1ec7nh<\/strong><\/em><\/p>\n<p>Ngo\u00e0i c\u00f4ng d\u1ee5ng tuy\u1ec7t v\u1eddi trong \u1ea9m th\u1ef1c, th\u00ec b\u1ed9t hoa h\u1ed3i c\u00f2n c\u00f3 c\u00f4ng d\u1ee5ng ch\u1eefa b\u1ec7nh th\u1ea7n k\u1ef3. \u0110\u00e2y l\u00e0 d\u01b0\u1ee3c li\u1ec7u qu\u00fd kh\u00f4ng th\u1ec3 thi\u1ebfu trong m\u1ed9t s\u1ed1 b\u00e0i thu\u1ed1c.<\/p>\n<p>+ Ch\u1eefa h\u00f4i mi\u1ec7ng: Hoa h\u1ed3i c\u00f3 v\u1ecb th\u01a1m n\u1ed3ng, m\u00f9i h\u01b0\u01a1ng th\u01a1m l\u00e2u n\u00ean ch\u00fang \u0111\u01b0\u1ee3c s\u1eed d\u1ee5ng \u0111\u1ec3 l\u1ea5n \u00e1t m\u00f9i h\u00f4i. S\u1eed d\u1ee5ng ng\u1eadm b\u1ed9t hoa h\u1ed3i m\u1ed7i ng\u00e0y \u0111\u1ec3 h\u01a1i th\u1edf lu\u00f4n th\u01a1m m\u00e1t.<\/p>\n<p>+ Ch\u1eefa c\u1ea3m h\u00e0n, \u0111au b\u1ee5ng, th\u1ed5 t\u1ea3: M\u1ed7i ng\u00e0y s\u1eed d\u1ee5ng 200gram b\u1ed9t hoa h\u1ed3i u\u1ed1ng c\u00f9ng v\u1edbi r\u01b0\u1ee3u. S\u1eed d\u1ee5ng li\u00ean t\u1ee5c 3-4 ng\u00e0y s\u1ebd \u0111\u1ea1t \u0111\u01b0\u1ee3c hi\u1ec7u qu\u1ea3 mong mu\u1ed1n.<\/p>\n<p>+ Ch\u1eefa \u0111au l\u01b0ng: \u0110\u1ec3 t\u00ecnh tr\u1ea1ng \u0111au l\u01b0ng thuy\u00ean gi\u1ea3m nhanh ch\u00f3ng th\u00ec b\u1ea1n c\u1ea7n k\u1ebft h\u1ee3p \u0111i\u1ec1u tr\u1ecb c\u1ea3 b\u00ean trong v\u00e0 b\u00ean ngo\u00e0i. M\u1ed7i ng\u00e0y s\u1eed d\u1ee5ng 6- 8 gram b\u1ed9t hoa h\u1ed3i u\u1ed1ng v\u1edbi r\u01b0\u1ee3u \u0111i\u1ec1u tr\u1ecb \u1edf b\u00ean trong, b\u00ean ngo\u00e0i d\u00f9ng l\u00e1 ng\u1ea3i c\u1ee9u ch\u01b0\u1eddm n\u00f3ng v\u00e0 xoa b\u00f3p b\u00ean ngo\u00e0i. T\u00ecnh tr\u1ea1ng \u0111au nh\u1ee9c s\u1ebd gi\u1ea3m nhanh ch\u00f3ng sau v\u00e0i l\u1ea7n s\u1eed d\u1ee5ng<\/p>\n<p>+ \u0110\u1ea1i ti\u1ec3u ti\u1ec7n kh\u00f4ng l\u1ee3i: S\u1eed d\u1ee5ng b\u1ed9t hoa h\u1ed3i k\u1ebft h\u1ee3p v\u1edbi b\u00ecm b\u00ecm, u\u1ed1ng c\u00f9ng v\u1edbi n\u01b0\u1edbc g\u1eebng. Ki\u00ean tr\u00ec s\u1eed d\u1ee5ng sau v\u00e0i l\u1ea7n, \u0111\u1ea1i ti\u1ec7n s\u1ebd di\u1ec5n ra b\u00ecnh th\u01b0\u1eddng.<\/p>\n<p><em><strong>\u2013 D\u00f9ng b\u1ed9t h\u1ed3i l\u00e0m m\u1ef9 ph\u1ea9m ch\u0103m s\u00f3c da<\/strong><\/em><\/p>\n<p><img loading=\"lazy\" decoding=\"async\" class=\"wp-image-17069 aligncenter\" src=\"https:\/\/havamall.com\/wp-content\/uploads\/2025\/06\/bE1BB99t-hoa-hE1BB93i.jpg\" alt=\"\" width=\"597\" height=\"397\" \/><\/p>\n<p>B\u1ed9t hoa h\u1ed3i c\u00f3 th\u1ec3 pha c\u00f9ng n\u01b0\u1edbc \u1ea5m, d\u00f9ng \u0111\u1ec3 x\u00f4ng, gi\u00fap se kh\u00edt l\u1ed7 ch\u00e2n l\u00f4ng v\u00e0 gi\u00fap da m\u1eb7t s\u00e1ng m\u1ecbn. B\u00ean c\u1ea1nh \u0111\u00f3, tinh ch\u1ea5t kh\u1eed khu\u1ea9n c\u00f3 trong hoa h\u1ed3i c\u0169ng l\u00e0 gi\u1ea3m nguy c\u01a1 b\u1ecb vi\u00eam nhi\u1ec5m da v\u00e0 m\u1ee5n tr\u1ee9ng c\u00e1.<\/p>","protected":false},"excerpt":{"rendered":"<ul>\n<li>C\u00e2y h\u1ed3i l\u00e0 m\u1ed9t lo\u1ea1i c\u00e2y xanh quanh n\u0103m c\u00f3 ngu\u1ed3n g\u1ed1c t\u1eeb Trung Qu\u1ed1c.<\/li>\n<li>B\u1ed9t hoa h\u1ed3i l\u00e0 th\u00e0nh ph\u1ea9m c\u1ee7a nh\u1eefng b\u00f4ng hoa h\u1ed3i t\u00e1n nh\u1ecf, nghi\u1ec1n th\u00e0nh b\u1ed9t, b\u1ed9t hoa h\u1ed3i r\u1ea5t m\u1ecbn, m\u00e0u v\u00e0ng \u0111\u1eadm, v\u00e0 mang m\u00f9i th\u01a1m \u0111\u1eb7c tr\u01b0ng c\u1ee7a hoa h\u1ed3i.<\/li>\n<li>B\u1ed9t hoa \u0111\u1ea1i h\u1ed3i c\u00f3 th\u1ec3 \u0111\u01b0\u1ee3c xem l\u00e0 gia v\u1ecb kh\u00e1 quen thu\u1ed9c trong t\u00f4 ph\u1edf \u1edf Vi\u1ec7t Nam, \u0111\u01b0\u1ee3c \u0111em \u0111un v\u1edbi n\u01b0\u1edbc \u0111\u1ec3 l\u1ea5y n\u01b0\u1edbc d\u00f9ng, mang \u0111\u1ebfn m\u1ed9t m\u00f9i th\u01a1m t\u01b0\u01a1ng t\u1ef1 c\u00e2y ti\u00eau.<\/li>\n<\/ul>","protected":false},"featured_media":38821,"comment_status":"open","ping_status":"closed","template":"","meta":[],"product_brand":[],"product_cat":[40,154],"product_tag":[],"class_list":{"0":"post-17440","1":"product","2":"type-product","3":"status-publish","4":"has-post-thumbnail","6":"product_cat-sieuthi-giasi","7":"product_cat-gia-vi","8":"pa_brand-skx","10":"first","11":"instock","12":"sale","13":"shipping-taxable","14":"purchasable","15":"product-type-simple"},"_links":{"self":[{"href":"https:\/\/havamall.vn\/en\/wp-json\/wp\/v2\/product\/17440"}],"collection":[{"href":"https:\/\/havamall.vn\/en\/wp-json\/wp\/v2\/product"}],"about":[{"href":"https:\/\/havamall.vn\/en\/wp-json\/wp\/v2\/types\/product"}],"replies":[{"embeddable":true,"href":"https:\/\/havamall.vn\/en\/wp-json\/wp\/v2\/comments?post=17440"}],"version-history":[{"count":0,"href":"https:\/\/havamall.vn\/en\/wp-json\/wp\/v2\/product\/17440\/revisions"}],"wp:featuredmedia":[{"embeddable":true,"href":"https:\/\/havamall.vn\/en\/wp-json\/wp\/v2\/media\/38821"}],"wp:attachment":[{"href":"https:\/\/havamall.vn\/en\/wp-json\/wp\/v2\/media?parent=17440"}],"wp:term":[{"taxonomy":"product_brand","embeddable":true,"href":"https:\/\/havamall.vn\/en\/wp-json\/wp\/v2\/product_brand?post=17440"},{"taxonomy":"product_cat","embeddable":true,"href":"https:\/\/havamall.vn\/en\/wp-json\/wp\/v2\/product_cat?post=17440"},{"taxonomy":"product_tag","embeddable":true,"href":"https:\/\/havamall.vn\/en\/wp-json\/wp\/v2\/product_tag?post=17440"}],"curies":[{"name":"wp","href":"https:\/\/api.w.org\/{rel}","templated":true}]}}