{"id":17410,"date":"2020-11-16T17:37:20","date_gmt":"2020-11-16T10:37:20","guid":{"rendered":"https:\/\/havamall.vn\/?post_type=product&#038;p=17410"},"modified":"2025-06-02T09:50:15","modified_gmt":"2025-06-02T02:50:15","slug":"hat-xuyen-tieu-thuong-hieu-hava-foodies-goi-100g-sichuan-pepper","status":"publish","type":"product","link":"https:\/\/havamall.vn\/en\/shop\/hat-xuyen-tieu-thuong-hieu-hava-foodies-goi-100g-sichuan-pepper\/","title":{"rendered":"H\u1ea1t Xuy\u00ean Ti\u00eau Th\u01b0\u01a1ng Hi\u1ec7u Hava Foodies G\u00f3i 100g \u2013 Sichuan Pepper"},"content":{"rendered":"<p><strong>NGU\u1ed2N G\u1ed0C XUY\u00caN TI\u00caU?<\/strong><\/p>\n<p>Xuy\u00ean ti\u00eau la\u0300 m\u00f4\u0323t gia vi\u0323 d\u01b0\u01a1\u0323c li\u00ea\u0323u co\u0301 ngu\u00f4\u0300n g\u00f4\u0301c t\u01b0\u0300 ti\u0309nh T\u01b0\u0301 Xuy\u00ean, t\u00ean khoa ho\u0323c la\u0300 Zanthoxylum simulans Hance, ho\u0323 nha\u0300 cam quy\u0301t.\u00a0C\u00e2y xuy\u00ean ti\u00eau m\u1ecdc \u1edf \u00d0\u00f4ng Trung Qu\u1ed1c, \u00d0\u00e0i Loan, Tri\u1ec1u Ti\u00ean v\u00e0 c\u00e1c n\u01b0\u1edbc \u00d0\u00f4ng d\u01b0\u01a1ng. C\u00e2y m\u1ecdc \u1edf ven r\u1eebng, n\u00fai \u0111\u1ea5t v\u00e0 n\u00fai \u0111\u00e1, l\u00f9m b\u1ee5i v\u00f9ng trung du \u1edf nhi\u1ec1u n\u01a1i thu\u1ed9c c\u00e1c t\u1ec9nh L\u00e0o Cai, H\u00f2a B\u00ecnh, V\u0129nh Ph\u00fa, B\u1eafc Th\u00e1i, Cao B\u1eb1ng, L\u1ea1ng S\u01a1n qua Ngh\u1ec7 An, H\u00e0 T\u0129nh t\u1edbi \u00d0\u1eafk L\u1eafk.<\/p>\n<p><img fetchpriority=\"high\" decoding=\"async\" class=\"wp-image-17444 aligncenter\" src=\"https:\/\/havamall.com\/wp-content\/uploads\/2025\/06\/hat-xuyen-tieu-1024x535-1-1024x535.png\" alt=\"\" width=\"634\" height=\"331\" \/><\/p>\n<p>H\u1ea1t Xuy\u00ean Ti\u00eau hay c\u00f2n c\u00f3 t\u00ean g\u1ecdi kh\u00e1c l\u00e0 Hoa Ti\u00eau \u2013 m\u1ed9t lo\u1ea1i gia v\u1ecb \u0111\u01b0\u1ee3c ng\u01b0\u1eddi T\u1ee9 Xuy\u00ean s\u1eed d\u1ee5ng ph\u1ed5 bi\u1ebfn trong c\u00e1c m\u00f3n \u0103n c\u1ee7a h\u1ecd. \u0110\u00e2y l\u00e0 m\u1ed9t th\u00e0nh ph\u1ea7n l\u00e0m n\u00ean n\u00e9t \u0111\u1eb7c tr\u01b0ng c\u1ee7a \u1ea9m th\u1ef1c T\u1ee9 Xuy\u00ean.\u00a0Xuy\u00ean ti\u00eau \u0111\u01b0\u01a1\u0323c du\u0300ng nhi\u00ea\u0300u trong \u00e2\u0309m th\u01b0\u0323c va\u0300 y ho\u0323c c\u00f4\u0309 truy\u00ea\u0300n. \u0110\u1eb7c bi\u1ec7t l\u00e0 lo\u1ea1i L\u00e2\u0309u T\u01b0\u0301 Xuy\u00ean c\u1ee7a Trung Hoa kh\u00f4ng th\u00ea\u0309 thi\u00ea\u0301u loa\u0323i gia vi\u0323 na\u0300y.<\/p>\n<p>Xuy\u00ean Ti\u00eau c\u00f3 m\u1ed9t v\u1ecb cay m\u00e0 kh\u00f3 c\u00f3 gia v\u1ecb n\u00e0o thay th\u1ebf \u0111\u01b0\u1ee3c, cay \u1edf \u0111\u00e2y kh\u00f4ng ph\u1ea3i cay n\u1ed3ng nh\u01b0 ti\u00eau \u0111en c\u1ee7a ng\u01b0\u1eddi Vi\u1ec7t m\u00ecnh m\u00e0 l\u00e0 v\u1ecb cay t\u00ea \u1edf \u0111\u1ea7u l\u01b0\u1ee1i, t\u1ea1o c\u1ea3m gi\u00e1c k\u00edch th\u00edch cho ng\u01b0\u1eddi th\u01b0\u1edfng th\u1ee9c.<\/p>\n<p><strong>TH\u00d4NG TIN S\u1ea2N PH\u1ea8M<\/strong><\/p>\n<table>\n<tbody>\n<tr>\n<td>Th\u01b0\u01a1ng hi\u1ec7u<\/td>\n<td>Havafood<\/td>\n<\/tr>\n<tr>\n<td>Xu\u1ea5t x\u1ee9<\/td>\n<td>Vi\u1ec7t nam<\/td>\n<\/tr>\n<tr>\n<td>Th\u00e0nh ph\u1ea7n<\/td>\n<td>100% Xuy\u00ean Ti\u00eau<\/td>\n<\/tr>\n<tr>\n<td>H\u1ea1n s\u1eed d\u1ee5ng<\/td>\n<td>Xem tr\u00ean bao b\u00ec<\/td>\n<\/tr>\n<tr>\n<td>H\u01b0\u1edbng d\u1eabn s\u1eed d\u1ee5ng<\/td>\n<td>D\u00f9ng l\u00e0m gia v\u1ecb cho ch\u1ebf bi\u1ebfn n\u01b0\u1edbc d\u00f9ng l\u1ea9u T\u1ee9 Xuy\u00ean<\/td>\n<\/tr>\n<tr>\n<td>B\u1ea3o qu\u1ea3n<\/td>\n<td>N\u01a1i kh\u00f4 r\u00e1o, tho\u00e1ng m\u00e1t, tr\u00e1nh \u00e1nh s\u00e1ng tr\u1ef1c ti\u1ebfp t\u1eeb m\u1eb7t tr\u1eddi<\/td>\n<\/tr>\n<\/tbody>\n<\/table>\n<p><strong>\u0110\u1eb6C \u0110I\u1ec2M S\u1ea2N PH\u1ea8M<\/strong><\/p>\n<p><img decoding=\"async\" class=\"size-full wp-image-17445 aligncenter\" src=\"https:\/\/havamall.com\/wp-content\/uploads\/2025\/06\/daeebe6c653e552dd192a72de02863db.jpg\" alt=\"\" width=\"480\" height=\"480\" \/><\/p>\n<ul>\n<li>Nguy\u00ean li\u1ec7u \u0111\u01b0\u1ee3c l\u00e0m t\u1eeb 100% h\u1ea1t xuy\u00ean ti\u00eau nguy\u00ean ch\u1ea5t, kh\u00f4ng l\u1eabn t\u1ea1p ch\u1ea5t, kh\u00f4ng ch\u1ea5t b\u1ea3o qu\u1ea3n, kh\u00f4ng ch\u1ea5t t\u1ea1o m\u00f9i.<\/li>\n<li>Xuy\u00ean ti\u00eau Havafood \u0111\u01b0\u1ee3c \u0111\u00f3ng g\u00f3i d\u1ea1ng t\u00fai zip \u0111\u1eb9p m\u1eaft, gi\u00fap gi\u1eef h\u01b0\u01a1ng l\u00e2u<\/li>\n<li>Gia v\u1ecb ho\u00e0n to\u00e0n an to\u00e0n v\u1ec1 ch\u1ea5t l\u01b0\u1ee3ng l\u1eabn v\u1ec7 sinh th\u1ef1c ph\u1ea9m<\/li>\n<li>S\u1ea3n ph\u1ea9m \u0111\u01b0\u1ee3c s\u1ea3n xu\u1ea5t tr\u00ean quy tr\u00ecnh c\u00f4ng ngh\u1ec7 kh\u00e9p k\u00edn, \u0111\u1ea1t chu\u1ea9n qu\u1ed1c t\u1ebf, \u0111\u1ea3m b\u1ea3o an to\u00e0n cho ng\u01b0\u1eddi ti\u00eau d\u00f9ng<\/li>\n<\/ul>\n<p><strong>H\u01af\u1edaNG D\u1eaaN N\u1ea8U L\u1ea8U T\u1ee8 XUY\u00caN CHU\u1ea8N V\u1eca HOA<\/strong><\/p>\n<p><em><strong>Nguy\u00ean li\u1ec7u l\u00e0m l\u1ea9u<\/strong><\/em><\/p>\n<ul>\n<li>3 mu\u1ed7ng canh t\u01b0\u01a1ng \u0111\u1eadu cay<\/li>\n<li>3-4 tr\u00e1i \u1edbt kh\u00f4 ng\u00e2m n\u01b0\u1edbc<\/li>\n<li>1 mu\u1ed7ng canh \u0111\u1eadu \u0111en<\/li>\n<li>4 l\u00e1t g\u1eebng<\/li>\n<li>4 nh\u00e1nh t\u1ecfi<\/li>\n<li>1\/2 ch\u00e9n r\u01b0\u1ee3u tr\u1eafng<\/li>\n<li>1 mu\u1ed7ng canh \u0111\u01b0\u1eddng ph\u00e8n<\/li>\n<li>Gia v\u1ecb kh\u00f4: 4 hoa h\u1ed3i, 1 mu\u1ed7ng canh h\u1ea1t ti\u00eau, 1 qu\u1ea3 b\u1ea1ch \u0111\u1eadu kh\u1ea5u \u0111en, 4 h\u1ea1t b\u1ea1ch \u0111\u1eadu kh\u1ea5u xanh, 2 l\u00e1t g\u1eebng c\u00e1t, 1 mi\u1ebfng qu\u1ebf, 3 nh\u00e1nh cam th\u1ea3o, 1 mu\u1ed7ng canh h\u1ea1t th\u00ec l\u00e0<\/li>\n<\/ul>\n<p><img decoding=\"async\" class=\"size-full wp-image-17447 aligncenter\" src=\"https:\/\/havamall.com\/wp-content\/uploads\/2025\/06\/xuyen-tieu-3.jpg\" alt=\"\" width=\"600\" height=\"400\" \/><\/p>\n<p><em><strong>Nguy\u00ean li\u1ec7u n\u1ea5u n\u01b0\u1edbc d\u00f9ng<\/strong><\/em><\/p>\n<ul>\n<li>1kg x\u01b0\u01a1ng b\u00f2 ho\u1eb7c x\u01b0\u01a1ng heo ho\u1eb7c x\u01b0\u01a1ng g\u00e0<\/li>\n<li>2-3 l\u00e1t g\u1eebng<\/li>\n<li>2-3 l\u00e1 nguy\u1ec7t qu\u1ebf<\/li>\n<li>2 c\u1ee7 h\u00e0nh t\u0103m<\/li>\n<li>3,5 l\u00edt n\u01b0\u1edbc<\/li>\n<li>\u0110\u1ed3 \u0103n k\u00e8m: Th\u1ecbt b\u00f2, heo, rau c\u1ea3i, c\u00e1c lo\u1ea1i n\u1ea5m, \u0111\u1eadu ph\u1ee5, m\u00ec ho\u1eb7c b\u00fan<\/li>\n<\/ul>\n<p><em><strong>C\u00e1ch n\u1ea5u l\u1ea9u T\u1ee9 Xuy\u00ean<\/strong><\/em><\/p>\n<p>&#8211; \u0110\u1ea7u ti\u00ean, b\u1ea1n c\u1ea7n n\u1ea5u n\u01b0\u1edbc d\u00f9ng cho n\u1ed3i l\u1ea9u. Cho x\u01b0\u01a1ng heo ho\u1eb7c x\u01b0\u01a1ng g\u00e0 \u0111\u00e3 s\u01a1 ch\u1ebf s\u1ea1ch v\u00e0o n\u1ed3i, th\u00eam n\u01b0\u1edbc, g\u1eebng, h\u00e0nh t\u0103m, l\u00e1 nguy\u1ec7t qu\u1ebf. \u0110un n\u00f3ng n\u1ed3i tr\u00ean l\u1eeda to cho s\u00f4i v\u00e0 h\u1ea7m liu riu trong kho\u1ea3ng 3 \u2013 4 gi\u1edd.<\/p>\n<p>&#8211; Chu\u1ea9n b\u1ecb s\u1ed1t: Tr\u01b0\u1edbc h\u1ebft b\u0103m nh\u1ecf h\u1ed7n h\u1ee3p t\u01b0\u01a1ng \u0111\u1eadu cay, \u1edbt kh\u00f4 \u0111\u00e3, g\u1eebng, t\u1ecfi, v\u00e0 \u0111\u1eadu \u0111en v\u1edbi nhau. Cho 4 mu\u1ed7ng canh d\u1ea7u \u0103n c\u00f9ng t\u1ea5t c\u1ea3 c\u00e1c th\u00e0nh ph\u1ea7n h\u1ed7n h\u1ee3p \u0111\u00e3 b\u0103m nh\u1ecf v\u00e0o ch\u1ea3o, x\u00e0o th\u01a1m tr\u00ean l\u1eeda trong 10 ph\u00fat. Th\u01b0\u1eddng xuy\u00ean \u0111\u1ea3o \u0111\u1ec1u.<\/p>\n<p><img loading=\"lazy\" decoding=\"async\" class=\"size-full wp-image-17446 aligncenter\" src=\"https:\/\/havamall.com\/wp-content\/uploads\/2025\/06\/Lau-Tu-Xuyen-13-6.png\" alt=\"\" width=\"650\" height=\"434\" \/><\/p>\n<p>&#8211; Th\u00eam c\u00e1c gia v\u1ecb kh\u00f4 c\u00f2n l\u1ea1i c\u00f9ng r\u01b0\u1ee3u tr\u1eafng v\u00e0 \u0111\u01b0\u1eddng v\u00e0o ph\u1ea7n t\u01b0\u01a1ng. Ti\u1ebfp t\u1ee5c \u0111un \u1edf l\u1eeda nh\u1ecf trong 30 ph\u00fat r\u1ed3i t\u1eaft b\u1ebfp. X\u1ed1t t\u01b0\u01a1ng T\u1ee9 Xuy\u00ean truy\u1ec1n th\u1ed1ng \u0111\u00e3 ho\u00e0n th\u00e0nh v\u00e0 n\u00ean b\u1ea3o qu\u1ea3n \u1edf l\u1ecd k\u00edn trong t\u1ee7 l\u1ea1nh \u0111\u1ec3 \u0103n d\u1ea7n.<\/p>\n<p>&#8211; Ti\u1ebfp theo, cho x\u1ed1t t\u01b0\u01a1ng T\u1ee9 Xuy\u00ean truy\u1ec1n th\u1ed1ng c\u00f9ng n\u01b0\u1edbc h\u1ea7m x\u01b0\u01a1ng v\u00e0o n\u1ed3i v\u00e0 \u0111un s\u00f4i. Gia gi\u1ea3m g\u1eebng, \u1edbt kh\u00f4, ti\u00eau v\u00e0 mu\u1ed1i t\u00f9y kh\u1ea9u v\u1ecb.<\/p>\n<p>&#8211; L\u00e0m x\u1ed1t b\u01a1 l\u1ea1c v\u1eebng \u0111\u1eb7c bi\u1ec7t ch\u1ea5m l\u1ea9u: tr\u1ed9n \u0111\u1ec1u b\u01a1 \u0111\u1eadu ph\u1ed9ng, s\u1ed1t m\u00e8 c\u00f9ng \u0111\u1eadu ph\u1ee5 non l\u00ean men \u0111\u1ebfn khi \u0111\u01b0\u1ee3c h\u1ed7n h\u1ee3p nhuy\u1ec5n \u0111\u1ed3ng nh\u1ea5t. Th\u00eam d\u1ea7u h\u00e0o, \u0111\u01b0\u1eddng, rau h\u1eb9 v\u00e0o tr\u1ed9n \u0111\u1ec1u.<\/p>\n<p>&#8211; Khi \u0103n, nh\u00fang \u0111\u1ed3 \u0103n k\u00e8m v\u00e0o n\u01b0\u1edbc l\u1ea9u s\u00f4i cho ch\u00edn, g\u1eafp ra v\u00e0 ch\u1ea5m s\u1ed1t b\u01a1 l\u1ea1c v\u1eebng. V\u1ecb cay n\u1ed3ng c\u1ee7a n\u01b0\u1edbc l\u1ea9u k\u1ebft h\u1ee3p v\u1edbi x\u1ed1t b\u01a1 l\u1ea1c ng\u1ecdt b\u00f9i \u0111\u1ea3m b\u1ea3o s\u1ebd khi\u1ebfn m\u1ecdi ng\u01b0\u1eddi c\u00e0ng \u0103n c\u00e0ng nghi\u1ec1n.<\/p>","protected":false},"excerpt":{"rendered":"<ul>\n<li>Xuy\u00ean ti\u00eau Havafood \u0111\u01b0\u1ee3c \u0111\u00f3ng g\u00f3i d\u1ea1ng t\u00fai zip \u0111\u1eb9p m\u1eaft, gi\u00fap gi\u1eef h\u01b0\u01a1ng l\u00e2u<\/li>\n<li>Gia v\u1ecb ho\u00e0n to\u00e0n an to\u00e0n v\u1ec1 ch\u1ea5t l\u01b0\u1ee3ng l\u1eabn v\u1ec7 sinh th\u1ef1c ph\u1ea9m<\/li>\n<li>S\u1ea3n ph\u1ea9m \u0111\u01b0\u1ee3c s\u1ea3n xu\u1ea5t tr\u00ean quy tr\u00ecnh c\u00f4ng ngh\u1ec7 kh\u00e9p k\u00edn, \u0111\u1ea1t chu\u1ea9n qu\u1ed1c t\u1ebf, \u0111\u1ea3m b\u1ea3o an to\u00e0n cho ng\u01b0\u1eddi ti\u00eau d\u00f9ng<\/li>\n<\/ul>","protected":false},"featured_media":38947,"comment_status":"open","ping_status":"closed","template":"","meta":[],"product_brand":[],"product_cat":[40,154],"product_tag":[],"class_list":{"0":"post-17410","1":"product","2":"type-product","3":"status-publish","4":"has-post-thumbnail","6":"product_cat-sieuthi-giasi","7":"product_cat-gia-vi","8":"pa_brand-skx","10":"first","11":"instock","12":"sale","13":"shipping-taxable","14":"purchasable","15":"product-type-simple"},"_links":{"self":[{"href":"https:\/\/havamall.vn\/en\/wp-json\/wp\/v2\/product\/17410"}],"collection":[{"href":"https:\/\/havamall.vn\/en\/wp-json\/wp\/v2\/product"}],"about":[{"href":"https:\/\/havamall.vn\/en\/wp-json\/wp\/v2\/types\/product"}],"replies":[{"embeddable":true,"href":"https:\/\/havamall.vn\/en\/wp-json\/wp\/v2\/comments?post=17410"}],"version-history":[{"count":0,"href":"https:\/\/havamall.vn\/en\/wp-json\/wp\/v2\/product\/17410\/revisions"}],"wp:featuredmedia":[{"embeddable":true,"href":"https:\/\/havamall.vn\/en\/wp-json\/wp\/v2\/media\/38947"}],"wp:attachment":[{"href":"https:\/\/havamall.vn\/en\/wp-json\/wp\/v2\/media?parent=17410"}],"wp:term":[{"taxonomy":"product_brand","embeddable":true,"href":"https:\/\/havamall.vn\/en\/wp-json\/wp\/v2\/product_brand?post=17410"},{"taxonomy":"product_cat","embeddable":true,"href":"https:\/\/havamall.vn\/en\/wp-json\/wp\/v2\/product_cat?post=17410"},{"taxonomy":"product_tag","embeddable":true,"href":"https:\/\/havamall.vn\/en\/wp-json\/wp\/v2\/product_tag?post=17410"}],"curies":[{"name":"wp","href":"https:\/\/api.w.org\/{rel}","templated":true}]}}