{"id":17371,"date":"2020-11-06T09:25:06","date_gmt":"2020-11-06T02:25:06","guid":{"rendered":"https:\/\/havamall.vn\/?post_type=product&#038;p=17371"},"modified":"2021-09-10T10:29:53","modified_gmt":"2021-09-10T03:29:53","slug":"keo-sushi-cay-17g-tokyo-fantasia","status":"publish","type":"product","link":"https:\/\/havamall.vn\/en\/shop\/keo-sushi-cay-17g-tokyo-fantasia\/","title":{"rendered":"K\u1eb9o Sushi C\u00e2y 17g \u2013 Tokyo Fantasia (9\/2021)"},"content":{"rendered":"<p>K\u1eb9o s\u00e1ng t\u1ea1o sushi &#8211; Tokyo Fantasia v\u1edbi t\u1ea5t c\u1ea3 c\u00e1c th\u00e0nh ph\u1ea7n \u0111\u01b0\u1ee3c chi\u1ebft xu\u1ea5t t\u1eeb rau c\u1ee7 qu\u1ea3 t\u1ef1 nhi\u00ean, kh\u00f4ng s\u1eed d\u1ee5ng m\u00e0u t\u1ed5ng h\u1ee3p hay ch\u1ea5t b\u1ea3o qu\u1ea3n, ph\u00f9 h\u1ee3p v\u1edbi m\u1ecdi l\u1ee9a tu\u1ed5i.<\/p>\n<p>K\u1eb9o sushi \u0111\u01b0\u1ee3c s\u1ea3n xu\u1ea5t tr\u00ean d\u00e2y chuy\u1ec1n c\u00f4ng ngh\u1ec7 hi\u1ec7n \u0111\u1ea1i t\u1ea1i Th\u00e1i Lan. S\u1ea3n ph\u1ea9m \u0111\u01b0\u1ee3c ki\u1ec3m tra nghi\u00eam ng\u1eb7t t\u1eeb giai \u0111o\u1ea1n chu\u1ea9n b\u1ecb nguy\u00ean li\u1ec7u \u0111\u1ebfn \u0111\u00f3ng g\u00f3i, \u0111\u1ea3m b\u1ea3o an to\u00e0n v\u1ec7 sinh th\u1ef1c ph\u1ea9m cho ng\u01b0\u1eddi s\u1eed d\u1ee5ng.<\/p>\n<p><img fetchpriority=\"high\" decoding=\"async\" class=\"wp-image-17375 aligncenter\" src=\"https:\/\/havamall.vn\/wp-content\/uploads\/2020\/11\/k\u1eb9o-sh.jpg\" alt=\"\" width=\"603\" height=\"453\" srcset=\"https:\/\/havamall.vn\/wp-content\/uploads\/2020\/11\/k\u1eb9o-sh.jpg 960w, https:\/\/havamall.vn\/wp-content\/uploads\/2020\/11\/k\u1eb9o-sh-430x323.jpg 430w, https:\/\/havamall.vn\/wp-content\/uploads\/2020\/11\/k\u1eb9o-sh-150x113.jpg 150w, https:\/\/havamall.vn\/wp-content\/uploads\/2020\/11\/k\u1eb9o-sh-700x525.jpg 700w, https:\/\/havamall.vn\/wp-content\/uploads\/2020\/11\/k\u1eb9o-sh-300x225.jpg 300w, https:\/\/havamall.vn\/wp-content\/uploads\/2020\/11\/k\u1eb9o-sh-768x576.jpg 768w, https:\/\/havamall.vn\/wp-content\/uploads\/2020\/11\/k\u1eb9o-sh-600x450.jpg 600w\" sizes=\"(max-width: 603px) 100vw, 603px\" \/><\/p>\n<p>H\u00ecnh d\u00e1ng t\u1eebng c\u00e2y k\u1eb9o \u0111\u01b0\u1ee3c l\u1ea5y \u00fd t\u01b0\u1edfng t\u1eeb sushi &#8211; m\u00f3n \u0103n n\u1ed5i ti\u1ebfng, mang \u0111\u1eadm h\u01b0\u01a1ng v\u1ecb b\u1ea3n s\u1eafc \u1ea9m th\u1ef1c Nh\u1eadt B\u1ea3n, nh\u00ecn r\u1ea5t b\u1eaft m\u1eaft v\u00e0 d\u1ec5 th\u01b0\u01a1ng. Kh\u00f4ng ch\u1ec9 \u0111\u1eb9p v\u1ec1 h\u00ecnh d\u00e1ng, k\u1eb9o mang m\u1ed9t h\u01b0\u01a1ng v\u1ecb \u0111\u1eb7c tr\u01b0ng, c\u00f3 m\u00f9i v\u1ecb c\u1ef1c ngon, kh\u00f4ng ng\u1ecdt g\u1eaft khi\u1ebfn ng\u01b0\u1eddi \u0103n c\u00e0ng m\u00ea m\u1eabn.<\/p>\n<p>K\u1eb9o sushi c\u0169ng \u0111\u01b0\u1ee3c xem l\u00e0 m\u1ed9t m\u00f3n qu\u00e0 ng\u1ecdt ng\u00e0o k\u1ebft n\u1ed1i b\u1ea1n b\u00e8, r\u1ea5t thu\u1eadn ti\u1ec7n \u0111\u1ec3 l\u00e0m qu\u00e0 t\u1eb7ng sinh nh\u1eadt, qu\u00e0 k\u1ef7 ni\u1ec7m.<\/p>\n<p><img decoding=\"async\" class=\"wp-image-17374 aligncenter\" src=\"https:\/\/havamall.vn\/wp-content\/uploads\/2020\/11\/sushi.jpg\" alt=\"\" width=\"598\" height=\"449\" srcset=\"https:\/\/havamall.vn\/wp-content\/uploads\/2020\/11\/sushi.jpg 960w, https:\/\/havamall.vn\/wp-content\/uploads\/2020\/11\/sushi-430x323.jpg 430w, https:\/\/havamall.vn\/wp-content\/uploads\/2020\/11\/sushi-150x113.jpg 150w, https:\/\/havamall.vn\/wp-content\/uploads\/2020\/11\/sushi-700x525.jpg 700w, https:\/\/havamall.vn\/wp-content\/uploads\/2020\/11\/sushi-300x225.jpg 300w, https:\/\/havamall.vn\/wp-content\/uploads\/2020\/11\/sushi-768x576.jpg 768w, https:\/\/havamall.vn\/wp-content\/uploads\/2020\/11\/sushi-600x450.jpg 600w\" sizes=\"(max-width: 598px) 100vw, 598px\" \/><\/p>\n<p>S\u1ea3n ph\u1ea9m k\u1eb9o c\u00f2n gi\u00fap b\u00e9 th\u01b0 gi\u00e3n tinh th\u1ea7n v\u00e0 cung c\u1ea5p n\u0103ng l\u01b0\u1ee3ng cho c\u01a1 th\u1ec3 tho\u1ea3i m\u00e1i ho\u1ea1t \u0111\u1ed9ng. \u0110\u1eb7c bi\u1ec7t, s\u1ea3n ph\u1ea9m c\u00f3 nhi\u1ec1u m\u00e0u s\u1eafc v\u00e0 c\u00f3 nhi\u1ec1u v\u1ecb kh\u00e1c nhau, c\u00e1c b\u00e9 tha h\u1ed3 l\u1ef1a ch\u1ecdn, thay \u0111\u1ed5i theo kh\u1ea9u v\u1ecb.<\/p>\n<p><strong>TH\u00d4NG TIN S\u1ea2N PH\u1ea8M<\/strong><\/p>\n<ul>\n<li>Th\u01b0\u01a1ng Hi\u1ec7u: Hachi<\/li>\n<li>Xu\u1ea5t x\u1ee9: Th\u00e1i Lan<\/li>\n<li>Nh\u00e0 ph\u00e2n ph\u1ed1i: Havamall<\/li>\n<li>Th\u00e0nh ph\u1ea7n: \u0110\u01b0\u1eddng glucose 60%, \u0111\u01b0\u1eddng 40%, h\u01b0\u01a1ng v\u00e0 m\u00e0u th\u1ef1c ph\u1ea9m<\/li>\n<li>Quy c\u00e1ch \u0111\u00f3ng g\u00f3i: 17g<\/li>\n<\/ul>\n<p><img decoding=\"async\" class=\"wp-image-17373 aligncenter\" src=\"https:\/\/havamall.vn\/wp-content\/uploads\/2020\/11\/sushi2.jpg\" alt=\"\" width=\"622\" height=\"467\" srcset=\"https:\/\/havamall.vn\/wp-content\/uploads\/2020\/11\/sushi2.jpg 960w, https:\/\/havamall.vn\/wp-content\/uploads\/2020\/11\/sushi2-430x323.jpg 430w, https:\/\/havamall.vn\/wp-content\/uploads\/2020\/11\/sushi2-150x113.jpg 150w, https:\/\/havamall.vn\/wp-content\/uploads\/2020\/11\/sushi2-700x525.jpg 700w, https:\/\/havamall.vn\/wp-content\/uploads\/2020\/11\/sushi2-300x225.jpg 300w, https:\/\/havamall.vn\/wp-content\/uploads\/2020\/11\/sushi2-768x576.jpg 768w, https:\/\/havamall.vn\/wp-content\/uploads\/2020\/11\/sushi2-600x450.jpg 600w\" sizes=\"(max-width: 622px) 100vw, 622px\" \/><\/p>\n<ul>\n<li>Ng\u00e0y s\u1ea3n xu\u1ea5t: Xem tr\u00ean bao b\u00ec s\u1ea3n ph\u1ea9m<\/li>\n<li>H\u1ea1n s\u1eed d\u1ee5ng: 18 th\u00e1ng<\/li>\n<li>B\u1ea3o qu\u1ea3n: B\u1ea3o qu\u1ea3n n\u01a1i kh\u00f4 r\u00e1o, tho\u00e1ng m\u00e1t, tr\u00e1nh \u00e1nh n\u1eafng tr\u1ef1c ti\u1ebfp m\u1eb7t tr\u1eddi.<\/li>\n<\/ul>","protected":false},"excerpt":{"rendered":"<ul>\n<li>K\u1eb9o s\u00e1ng t\u1ea1o sushi &#8211; Tokyo Fantasia v\u1edbi t\u1ea5t c\u1ea3 c\u00e1c th\u00e0nh ph\u1ea7n \u0111\u01b0\u1ee3c chi\u1ebft xu\u1ea5t t\u1eeb rau c\u1ee7 qu\u1ea3 t\u1ef1 nhi\u00ean, kh\u00f4ng s\u1eed d\u1ee5ng m\u00e0u t\u1ed5ng h\u1ee3p hay ch\u1ea5t b\u1ea3o qu\u1ea3n, ph\u00f9 h\u1ee3p v\u1edbi m\u1ecdi l\u1ee9a tu\u1ed5i.<\/li>\n<li>K\u1eb9o sushi \u0111\u01b0\u1ee3c s\u1ea3n xu\u1ea5t tr\u00ean d\u00e2y chuy\u1ec1n c\u00f4ng ngh\u1ec7 hi\u1ec7n \u0111\u1ea1i t\u1ea1i Th\u00e1i Lan. S\u1ea3n ph\u1ea9m \u0111\u01b0\u1ee3c ki\u1ec3m tra nghi\u00eam ng\u1eb7t t\u1eeb giai \u0111o\u1ea1n chu\u1ea9n b\u1ecb nguy\u00ean li\u1ec7u \u0111\u1ebfn \u0111\u00f3ng g\u00f3i, \u0111\u1ea3m b\u1ea3o an to\u00e0n v\u1ec7 sinh th\u1ef1c ph\u1ea9m cho ng\u01b0\u1eddi s\u1eed d\u1ee5ng.<\/li>\n<li>K\u1eb9o sushi c\u0169ng \u0111\u01b0\u1ee3c xem l\u00e0 m\u1ed9t m\u00f3n qu\u00e0 ng\u1ecdt ng\u00e0o k\u1ebft n\u1ed1i b\u1ea1n b\u00e8, r\u1ea5t thu\u1eadn ti\u1ec7n \u0111\u1ec3 l\u00e0m qu\u00e0 t\u1eb7ng sinh nh\u1eadt, qu\u00e0 k\u1ef7 ni\u1ec7m.<\/li>\n<\/ul>","protected":false},"featured_media":17432,"comment_status":"open","ping_status":"closed","template":"","meta":[],"product_brand":[],"product_cat":[36,133],"product_tag":[],"class_list":{"0":"post-17371","1":"product","2":"type-product","3":"status-publish","4":"has-post-thumbnail","6":"product_cat-thuc-pham-tieu-dung","7":"product_cat-banh-keo-chocolate","9":"first","10":"outofstock","11":"sale","12":"shipping-taxable","13":"purchasable","14":"product-type-variable"},"_links":{"self":[{"href":"https:\/\/havamall.vn\/en\/wp-json\/wp\/v2\/product\/17371"}],"collection":[{"href":"https:\/\/havamall.vn\/en\/wp-json\/wp\/v2\/product"}],"about":[{"href":"https:\/\/havamall.vn\/en\/wp-json\/wp\/v2\/types\/product"}],"replies":[{"embeddable":true,"href":"https:\/\/havamall.vn\/en\/wp-json\/wp\/v2\/comments?post=17371"}],"version-history":[{"count":0,"href":"https:\/\/havamall.vn\/en\/wp-json\/wp\/v2\/product\/17371\/revisions"}],"wp:featuredmedia":[{"embeddable":true,"href":"https:\/\/havamall.vn\/en\/wp-json\/wp\/v2\/media\/17432"}],"wp:attachment":[{"href":"https:\/\/havamall.vn\/en\/wp-json\/wp\/v2\/media?parent=17371"}],"wp:term":[{"taxonomy":"product_brand","embeddable":true,"href":"https:\/\/havamall.vn\/en\/wp-json\/wp\/v2\/product_brand?post=17371"},{"taxonomy":"product_cat","embeddable":true,"href":"https:\/\/havamall.vn\/en\/wp-json\/wp\/v2\/product_cat?post=17371"},{"taxonomy":"product_tag","embeddable":true,"href":"https:\/\/havamall.vn\/en\/wp-json\/wp\/v2\/product_tag?post=17371"}],"curies":[{"name":"wp","href":"https:\/\/api.w.org\/{rel}","templated":true}]}}