{"id":17366,"date":"2020-11-05T17:33:59","date_gmt":"2020-11-05T10:33:59","guid":{"rendered":"https:\/\/havamall.vn\/?post_type=product&#038;p=17366"},"modified":"2021-09-10T10:29:47","modified_gmt":"2021-09-10T03:29:47","slug":"keo-trai-cay-fantasia-cay-17g-fruit-fantasia","status":"publish","type":"product","link":"https:\/\/havamall.vn\/en\/shop\/keo-trai-cay-fantasia-cay-17g-fruit-fantasia\/","title":{"rendered":"K\u1eb9o Tr\u00e1i C\u00e2y Fantasia C\u00e2y 17g &#8211; Fruit Fantasia"},"content":{"rendered":"<p>K\u1eb9o tr\u00e1i c\u00e2y Fantasia \u0111\u01b0\u1ee3c s\u1ea3n xu\u1ea5t v\u00e0 nh\u1eadp kh\u1ea9u 100% t\u1eeb Th\u00e1i Lan \u0111\u1ea1t c\u00e1c ch\u1ee9ng ch\u1ec9 v\u1ec7 sinh an to\u00e0n th\u1ef1c ph\u1ea9m nghi\u00eam ng\u1eb7t, n\u00ean c\u00e1c m\u1eb9 c\u00f3 th\u1ec3 y\u00ean t\u00e2m cho c\u00e1c b\u00e9 th\u01b0\u1edfng th\u1ee9c.<\/p>\n<p>K\u1eb9o tr\u00e1i c\u00e2y Fantasia l\u00e0 m\u1ed9t trong nh\u1eefng lo\u1ea1i k\u1eb9o \u0111ang r\u1ea5t \u0111\u01b0\u1ee3c \u01b0a chu\u1ed9ng, b\u1edfi h\u00ecnh d\u00e1ng gi\u1ed1ng h\u1ec7t c\u00e1c lo\u1ea1i tr\u00e1i c\u00e2y th\u00f4ng th\u01b0\u1eddng tr\u00f4ng r\u1ea5t b\u1eaft m\u1eaft.<\/p>\n<p><img fetchpriority=\"high\" decoding=\"async\" class=\"wp-image-17368 aligncenter\" src=\"https:\/\/havamall.vn\/wp-content\/uploads\/2020\/11\/44894472_308455223095477_6641985886097506304_n.jpg\" alt=\"\" width=\"694\" height=\"521\" srcset=\"https:\/\/havamall.vn\/wp-content\/uploads\/2020\/11\/44894472_308455223095477_6641985886097506304_n.jpg 960w, https:\/\/havamall.vn\/wp-content\/uploads\/2020\/11\/44894472_308455223095477_6641985886097506304_n-430x323.jpg 430w, https:\/\/havamall.vn\/wp-content\/uploads\/2020\/11\/44894472_308455223095477_6641985886097506304_n-150x113.jpg 150w, https:\/\/havamall.vn\/wp-content\/uploads\/2020\/11\/44894472_308455223095477_6641985886097506304_n-700x525.jpg 700w, https:\/\/havamall.vn\/wp-content\/uploads\/2020\/11\/44894472_308455223095477_6641985886097506304_n-300x225.jpg 300w, https:\/\/havamall.vn\/wp-content\/uploads\/2020\/11\/44894472_308455223095477_6641985886097506304_n-768x576.jpg 768w, https:\/\/havamall.vn\/wp-content\/uploads\/2020\/11\/44894472_308455223095477_6641985886097506304_n-600x450.jpg 600w\" sizes=\"(max-width: 694px) 100vw, 694px\" \/><\/p>\n<p>S\u1ea3n ph\u1ea9m ho\u00e0n to\u00e0n kh\u00f4ng ch\u1ee9a c\u00e1c th\u00e0nh ph\u1ea7n \u0111\u1ed9c h\u1ea1i g\u00e2y h\u1ea1i cho tr\u1ebb, c\u00e1c th\u00e0nh ph\u1ea7n \u0111\u1ec1u c\u00f3 ngu\u1ed3n g\u1ed1c t\u1eeb tr\u00e1i c\u00e2y t\u1ef1 nhi\u00ean, cho b\u00e9 h\u01b0\u01a1ng v\u1ecb tuy\u1ec7t v\u1eddi.<\/p>\n<p>K\u1eb9o c\u00f3 v\u1ecb ng\u1ecdt th\u01a1m, gi\u00fap b\u00e9 y\u00eau th\u01b0 gi\u00e3n tinh th\u1ea7n v\u00e0 cung c\u1ea5p n\u0103ng l\u01b0\u1ee3ng cho c\u01a1 th\u1ec3 tho\u1ea3i m\u00e1i ho\u1ea1t \u0111\u1ed9ng.<\/p>\n<p>S\u1ea3n ph\u1ea9m \u0111\u00f3ng g\u00f3i ti\u1ec7n l\u1ee3i, ch\u1ec9 c\u1ea7n x\u00e9 b\u1ecf l\u1edbp bao b\u1ecdc b\u00ean ngo\u00e0i k\u1eb9o l\u00e0 b\u00e9 c\u00f3 th\u1ec3 th\u01b0\u1edfng th\u1ee9c ngay. \u0110\u1eb7c bi\u1ec7t, k\u1eb9o c\u00f3 r\u1ea5t nhi\u1ec1u h\u01b0\u01a1ng v\u1ecb tr\u00e1i c\u00e2y kh\u00e1c nhau, gi\u00fap b\u00e9 tha h\u1ed3 l\u1ef1a ch\u1ecdn v\u00e0 thay \u0111\u1ed5i theo kh\u1ea9u v\u1ecb.<\/p>\n<p><img decoding=\"async\" class=\"wp-image-17370 aligncenter\" src=\"https:\/\/havamall.vn\/wp-content\/uploads\/2020\/11\/44930456_308455239762142_8238762006996320256_n.jpg\" alt=\"\" width=\"666\" height=\"500\" srcset=\"https:\/\/havamall.vn\/wp-content\/uploads\/2020\/11\/44930456_308455239762142_8238762006996320256_n.jpg 960w, https:\/\/havamall.vn\/wp-content\/uploads\/2020\/11\/44930456_308455239762142_8238762006996320256_n-430x323.jpg 430w, https:\/\/havamall.vn\/wp-content\/uploads\/2020\/11\/44930456_308455239762142_8238762006996320256_n-150x113.jpg 150w, https:\/\/havamall.vn\/wp-content\/uploads\/2020\/11\/44930456_308455239762142_8238762006996320256_n-700x525.jpg 700w, https:\/\/havamall.vn\/wp-content\/uploads\/2020\/11\/44930456_308455239762142_8238762006996320256_n-300x225.jpg 300w, https:\/\/havamall.vn\/wp-content\/uploads\/2020\/11\/44930456_308455239762142_8238762006996320256_n-768x576.jpg 768w, https:\/\/havamall.vn\/wp-content\/uploads\/2020\/11\/44930456_308455239762142_8238762006996320256_n-600x450.jpg 600w\" sizes=\"(max-width: 666px) 100vw, 666px\" \/><\/p>\n<p>K\u1eb9o tr\u00e1i c\u00e2y\u00a0Fantasia ch\u1eafc h\u1eb3n s\u1ebd l\u00e0 m\u00f3n qu\u00e0 khi\u1ebfn c\u00e1c b\u00e9 m\u00ea m\u1eabn ngay t\u1eeb c\u00e1i nh\u00ecn \u0111\u1ea7u ti\u00ean.<\/p>\n<p><strong>TH\u00d4NG TIN S\u1ea2N PH\u1ea8M<\/strong><\/p>\n<ul>\n<li>Th\u01b0\u01a1ng Hi\u1ec7u: Hachi<\/li>\n<li>Xu\u1ea5t x\u1ee9: Th\u00e1i Lan<\/li>\n<li>Nh\u00e0 ph\u00e2n ph\u1ed1i: Havamall<\/li>\n<li>Th\u00e0nh ph\u1ea7n: \u0110\u01b0\u1eddng glucose 60%, \u0111\u01b0\u1eddng 40%, h\u01b0\u01a1ng v\u00e0 m\u00e0u th\u1ef1c ph\u1ea9m<\/li>\n<li>Quy c\u00e1ch \u0111\u00f3ng g\u00f3i: 17g<\/li>\n<\/ul>\n<p><img decoding=\"async\" class=\"wp-image-17369 aligncenter\" src=\"https:\/\/havamall.vn\/wp-content\/uploads\/2020\/11\/44881871_308455243095475_1035885368072732672_n.jpg\" alt=\"\" width=\"654\" height=\"491\" srcset=\"https:\/\/havamall.vn\/wp-content\/uploads\/2020\/11\/44881871_308455243095475_1035885368072732672_n.jpg 960w, https:\/\/havamall.vn\/wp-content\/uploads\/2020\/11\/44881871_308455243095475_1035885368072732672_n-430x323.jpg 430w, https:\/\/havamall.vn\/wp-content\/uploads\/2020\/11\/44881871_308455243095475_1035885368072732672_n-150x113.jpg 150w, https:\/\/havamall.vn\/wp-content\/uploads\/2020\/11\/44881871_308455243095475_1035885368072732672_n-700x525.jpg 700w, https:\/\/havamall.vn\/wp-content\/uploads\/2020\/11\/44881871_308455243095475_1035885368072732672_n-300x225.jpg 300w, https:\/\/havamall.vn\/wp-content\/uploads\/2020\/11\/44881871_308455243095475_1035885368072732672_n-768x576.jpg 768w, https:\/\/havamall.vn\/wp-content\/uploads\/2020\/11\/44881871_308455243095475_1035885368072732672_n-600x450.jpg 600w\" sizes=\"(max-width: 654px) 100vw, 654px\" \/><\/p>\n<ul>\n<li>Ng\u00e0y s\u1ea3n xu\u1ea5t: Xem tr\u00ean bao b\u00ec s\u1ea3n ph\u1ea9m<\/li>\n<li>H\u1ea1n s\u1eed d\u1ee5ng: 18 th\u00e1ng<\/li>\n<li>B\u1ea3o qu\u1ea3n: B\u1ea3o qu\u1ea3n n\u01a1i kh\u00f4 r\u00e1o, tho\u00e1ng m\u00e1t, tr\u00e1nh \u00e1nh n\u1eafng tr\u1ef1c ti\u1ebfp m\u1eb7t tr\u1eddi.<\/li>\n<\/ul>","protected":false},"excerpt":{"rendered":"<ul>\n<li>K\u1eb9o tr\u00e1i c\u00e2y Fantasia \u0111\u01b0\u1ee3c s\u1ea3n xu\u1ea5t v\u00e0 nh\u1eadp kh\u1ea9u 100% t\u1eeb Th\u00e1i Lan \u0111\u1ea1t c\u00e1c ch\u1ee9ng ch\u1ec9 v\u1ec7 sinh an to\u00e0n th\u1ef1c ph\u1ea9m nghi\u00eam ng\u1eb7t, n\u00ean c\u00e1c m\u1eb9 c\u00f3 th\u1ec3 y\u00ean t\u00e2m cho c\u00e1c b\u00e9 th\u01b0\u1edfng th\u1ee9c.<\/li>\n<li>K\u1eb9o tr\u00e1i c\u00e2y Fantasia l\u00e0 m\u1ed9t trong nh\u1eefng lo\u1ea1i k\u1eb9o \u0111ang r\u1ea5t \u0111\u01b0\u1ee3c \u01b0a chu\u1ed9ng, b\u1edfi h\u00ecnh d\u00e1ng gi\u1ed1ng h\u1ec7t c\u00e1c lo\u1ea1i tr\u00e1i c\u00e2y th\u00f4ng th\u01b0\u1eddng tr\u00f4ng r\u1ea5t b\u1eaft m\u1eaft.<\/li>\n<li>S\u1ea3n ph\u1ea9m ho\u00e0n to\u00e0n kh\u00f4ng ch\u1ee9a c\u00e1c th\u00e0nh ph\u1ea7n \u0111\u1ed9c h\u1ea1i g\u00e2y h\u1ea1i cho tr\u1ebb, c\u00e1c th\u00e0nh ph\u1ea7n \u0111\u1ec1u c\u00f3 ngu\u1ed3n g\u1ed1c t\u1eeb tr\u00e1i c\u00e2y t\u1ef1 nhi\u00ean, cho b\u00e9 h\u01b0\u01a1ng v\u1ecb tuy\u1ec7t v\u1eddi.<\/li>\n<li>S\u1ea3n ph\u1ea9m \u0111\u00f3ng g\u00f3i ti\u1ec7n l\u1ee3i, ch\u1ec9 c\u1ea7n x\u00e9 b\u1ecf l\u1edbp bao b\u1ecdc b\u00ean ngo\u00e0i k\u1eb9o l\u00e0 b\u00e9 c\u00f3 th\u1ec3 th\u01b0\u1edfng th\u1ee9c ngay. \u0110\u1eb7c bi\u1ec7t, k\u1eb9o c\u00f3 r\u1ea5t nhi\u1ec1u h\u01b0\u01a1ng v\u1ecb tr\u00e1i c\u00e2y kh\u00e1c nhau, gi\u00fap b\u00e9 tha h\u1ed3 l\u1ef1a ch\u1ecdn v\u00e0 thay \u0111\u1ed5i theo kh\u1ea9u v\u1ecb.<\/li>\n<\/ul>","protected":false},"featured_media":17435,"comment_status":"open","ping_status":"closed","template":"","meta":[],"product_brand":[],"product_cat":[36,133],"product_tag":[],"class_list":{"0":"post-17366","1":"product","2":"type-product","3":"status-publish","4":"has-post-thumbnail","6":"product_cat-thuc-pham-tieu-dung","7":"product_cat-banh-keo-chocolate","9":"first","10":"outofstock","11":"sale","12":"shipping-taxable","13":"purchasable","14":"product-type-variable"},"_links":{"self":[{"href":"https:\/\/havamall.vn\/en\/wp-json\/wp\/v2\/product\/17366"}],"collection":[{"href":"https:\/\/havamall.vn\/en\/wp-json\/wp\/v2\/product"}],"about":[{"href":"https:\/\/havamall.vn\/en\/wp-json\/wp\/v2\/types\/product"}],"replies":[{"embeddable":true,"href":"https:\/\/havamall.vn\/en\/wp-json\/wp\/v2\/comments?post=17366"}],"version-history":[{"count":0,"href":"https:\/\/havamall.vn\/en\/wp-json\/wp\/v2\/product\/17366\/revisions"}],"wp:featuredmedia":[{"embeddable":true,"href":"https:\/\/havamall.vn\/en\/wp-json\/wp\/v2\/media\/17435"}],"wp:attachment":[{"href":"https:\/\/havamall.vn\/en\/wp-json\/wp\/v2\/media?parent=17366"}],"wp:term":[{"taxonomy":"product_brand","embeddable":true,"href":"https:\/\/havamall.vn\/en\/wp-json\/wp\/v2\/product_brand?post=17366"},{"taxonomy":"product_cat","embeddable":true,"href":"https:\/\/havamall.vn\/en\/wp-json\/wp\/v2\/product_cat?post=17366"},{"taxonomy":"product_tag","embeddable":true,"href":"https:\/\/havamall.vn\/en\/wp-json\/wp\/v2\/product_tag?post=17366"}],"curies":[{"name":"wp","href":"https:\/\/api.w.org\/{rel}","templated":true}]}}