{"id":17359,"date":"2020-11-05T16:54:13","date_gmt":"2020-11-05T09:54:13","guid":{"rendered":"https:\/\/havamall.vn\/?post_type=product&#038;p=17359"},"modified":"2021-06-24T15:25:39","modified_gmt":"2021-06-24T08:25:39","slug":"keo-thu-cong-candy-craft-hu-40g-candy-craft","status":"publish","type":"product","link":"https:\/\/havamall.vn\/en\/shop\/keo-thu-cong-candy-craft-hu-40g-candy-craft\/","title":{"rendered":"K\u1eb9o Th\u1ee7 C\u00f4ng Candy Craft H\u1ee7 40g &#8211; Candy Craft"},"content":{"rendered":"<p>K\u1eb9o h\u1ee7 Candy Craft Th\u00e1i Lan \u0111\u01b0\u1ee3c l\u00e0m th\u1ee7 c\u00f4ng t\u1eeb c\u00e1c c\u00f4ng \u0111o\u1ea1n ch\u1ebf bi\u1ebfn \u0111\u1ebfn quy tr\u00ecnh t\u1ea1o h\u00ecnh t\u1ea1o n\u00ean c\u00e1c vi\u00ean k\u1eb9o c\u00f3 h\u00ecnh d\u1ea1ng r\u1ea5t \u0111\u00e1ng y\u00eau.b\u1eaft m\u1eaft, d\u1ec5 th\u01b0\u01a1ng.\u00a0K\u1eb9o c\u00f3 m\u00f9i v\u1ecb c\u1ef1c ngon, kh\u00f4ng ng\u1ecdt g\u1eaft, chua chua ng\u1ecdt ng\u1ecdt khi\u1ebfn ng\u01b0\u1eddi \u0103n c\u00e0ng m\u00ea m\u1eabn.<\/p>\n<p>Nguy\u00ean li\u1ec7u l\u00e0m ra vi\u00ean k\u1eb9o \u0111\u1ec1u s\u1eed d\u1ee5ng h\u01b0\u01a1ng li\u1ec7u t\u1eeb thi\u00ean nhi\u00ean v\u00e0 \u0111\u1eb7c bi\u1ec7t kh\u00f4ng c\u00f3 th\u00e0nh ph\u1ea7n l\u00e0m t\u1eeb s\u1eefa cho n\u00ean k\u1eb9o th\u1ee7 c\u00f4ng ngh\u1ec7 thu\u1eadt Candy Craft r\u1ea5t \u0111\u01b0\u1ee3c nhi\u1ec1u ng\u01b0\u1eddi y\u00eau th\u00edch, \u0111\u1eb7c bi\u1ec7t n\u00f3 ph\u00f9 h\u1ee3p v\u1edbi m\u1ecdi l\u1ee9a tu\u1ed5i.<\/p>\n<p>K\u1eb9o th\u1ee7 c\u00f4ng Candy Craft c\u0169ng \u0111\u01b0\u1ee3c xem l\u00e0 m\u1ed9t m\u00f3n qu\u00e0 ng\u1ecdt ng\u00e0o k\u1ebft n\u1ed1i b\u1ea1n b\u00e8, r\u1ea5t thu\u1eadn ti\u1ec7n \u0111\u1ec3 l\u00e0m qu\u00e0 t\u1eb7ng sinh nh\u1eadt, qu\u00e0 k\u1ef7 ni\u1ec7m.<\/p>\n<p><img fetchpriority=\"high\" decoding=\"async\" class=\"wp-image-17362 aligncenter\" src=\"https:\/\/havamall.vn\/wp-content\/uploads\/2020\/11\/CANDY-CRAFT1-1024x896.png\" alt=\"\" width=\"652\" height=\"571\" srcset=\"https:\/\/havamall.vn\/wp-content\/uploads\/2020\/11\/CANDY-CRAFT1.png 1024w, https:\/\/havamall.vn\/wp-content\/uploads\/2020\/11\/CANDY-CRAFT1-430x376.png 430w, https:\/\/havamall.vn\/wp-content\/uploads\/2020\/11\/CANDY-CRAFT1-150x131.png 150w, https:\/\/havamall.vn\/wp-content\/uploads\/2020\/11\/CANDY-CRAFT1-700x613.png 700w, https:\/\/havamall.vn\/wp-content\/uploads\/2020\/11\/CANDY-CRAFT1-300x263.png 300w, https:\/\/havamall.vn\/wp-content\/uploads\/2020\/11\/CANDY-CRAFT1-768x672.png 768w, https:\/\/havamall.vn\/wp-content\/uploads\/2020\/11\/CANDY-CRAFT1-600x525.png 600w\" sizes=\"(max-width: 652px) 100vw, 652px\" \/><\/p>\n<p><strong>\u01afU \u0110I\u1ec2M C\u1ee6A S\u1ea2N PH\u1ea8M<\/strong><\/p>\n<p>&#8211; S\u1ea3n ph\u1ea9m ng\u1ecdt th\u01a1m r\u1ea5t th\u00fa v\u1ecb, gi\u00fap b\u00e9 y\u00eau th\u01b0 gi\u00e3n tinh th\u1ea7n v\u00e0 cung c\u1ea5p n\u0103ng l\u01b0\u1ee3ng cho c\u01a1 th\u1ec3 tho\u1ea3i m\u00e1i ho\u1ea1t \u0111\u1ed9ng.<\/p>\n<p>&#8211; S\u1ea3n ph\u1ea9m c\u00f3 nhi\u1ec1u m\u00e0u s\u1eafc khi\u1ebfn c\u00e1c b\u00e9 th\u00edch th\u00fa khi s\u1eed d\u1ee5ng. B\u00ean c\u1ea1nh \u0111\u00f3, trong m\u1ed9t h\u1ee7 k\u1eb9o c\u00f3 nhi\u1ec1u v\u1ecb kh\u00e1c nhau, c\u00e1c b\u00e9 tha h\u1ed3 l\u1ef1a ch\u1ecdn, thay \u0111\u1ed5i theo kh\u1ea9u v\u1ecb.<\/p>\n<p>&#8211; S\u1ea3n ph\u1ea9m \u0111\u1ea1t ti\u00eau chu\u1ea9n v\u1ec1 v\u1ec7 sinh an to\u00e0n th\u1ef1c ph\u1ea9m d\u00e0nh cho tr\u1ebb em t\u1ea1i Th\u00e1i Lan. \u0110\u01b0\u1ee3c s\u1ea3n xu\u1ea5t v\u00e0 ki\u1ec3m so\u00e1t b\u1edfi nh\u1eefng ti\u00eau ch\u00ed r\u1ea5t cao v\u1ec1 th\u1ef1c ph\u1ea9m cho tr\u1ebb t\u1ea1i Th\u00e1i Lan.<\/p>\n<p><img decoding=\"async\" class=\"wp-image-17364 aligncenter\" src=\"https:\/\/havamall.vn\/wp-content\/uploads\/2020\/11\/K\u1eb8O1.jpg\" alt=\"\" width=\"543\" height=\"543\" srcset=\"https:\/\/havamall.vn\/wp-content\/uploads\/2020\/11\/K\u1eb8O1.jpg 640w, https:\/\/havamall.vn\/wp-content\/uploads\/2020\/11\/K\u1eb8O1-430x430.jpg 430w, https:\/\/havamall.vn\/wp-content\/uploads\/2020\/11\/K\u1eb8O1-150x150.jpg 150w, https:\/\/havamall.vn\/wp-content\/uploads\/2020\/11\/K\u1eb8O1-300x300.jpg 300w, https:\/\/havamall.vn\/wp-content\/uploads\/2020\/11\/K\u1eb8O1-600x600.jpg 600w, https:\/\/havamall.vn\/wp-content\/uploads\/2020\/11\/K\u1eb8O1-100x100.jpg 100w\" sizes=\"(max-width: 543px) 100vw, 543px\" \/><\/p>\n<p>&#8211; K\u1eb9o ho\u00e0n to\u00e0n kh\u00f4ng s\u1eed d\u1ee5ng h\u00f3a ch\u1ea5t hay ph\u1ea9m m\u00e0u, \u0111\u1ea3m b\u1ea3o an to\u00e0n cho ng\u01b0\u1eddi s\u1eed d\u1ee5ng, n\u00ean c\u00e1c m\u1eb9 ho\u00e0n to\u00e0n y\u00ean t\u00e2m khi cho c\u00e1c b\u00e9 s\u1eed d\u1ee5ng.<\/p>\n<p>&#8211; K\u1eb9o \u0111\u01b0\u1ee3c \u0111\u1ef1ng trong h\u1ee7 nh\u1ecf nh\u1ecf xinh xinh n\u00ean r\u1ea5t th\u00edch h\u1ee3p cho vi\u1ec7c l\u00e0m qu\u00e0 t\u1eb7ng, \u0111\u1eb7c bi\u1ec7t l\u00e0 d\u00e0nh cho c\u00e1c b\u1ea1n nh\u1ecf.<\/p>\n<p><strong>TH\u00d4NG TIN S\u1ea2N PH\u1ea8M<\/strong><\/p>\n<ul>\n<li>Th\u01b0\u01a1ng Hi\u1ec7u: Hachi<\/li>\n<li>Xu\u1ea5t x\u1ee9: Th\u00e1i Lan<\/li>\n<li>Nh\u00e0 ph\u00e2n ph\u1ed1i: Havamall<\/li>\n<li>Th\u00e0nh ph\u1ea7n: \u0110\u01b0\u1eddng glucose 60%, \u0111\u01b0\u1eddng 40%, h\u01b0\u01a1ng v\u00e0 m\u00e0u th\u1ef1c ph\u1ea9m<\/li>\n<li>Quy c\u00e1ch \u0111\u00f3ng g\u00f3i: H\u1ee7 40g<\/li>\n<\/ul>\n<p><img decoding=\"async\" class=\"wp-image-17365 aligncenter\" src=\"https:\/\/havamall.vn\/wp-content\/uploads\/2020\/11\/03845a2f1cede264de391dace132a4ee.jpg\" alt=\"\" width=\"600\" height=\"600\" srcset=\"https:\/\/havamall.vn\/wp-content\/uploads\/2020\/11\/03845a2f1cede264de391dace132a4ee.jpg 640w, https:\/\/havamall.vn\/wp-content\/uploads\/2020\/11\/03845a2f1cede264de391dace132a4ee-430x430.jpg 430w, https:\/\/havamall.vn\/wp-content\/uploads\/2020\/11\/03845a2f1cede264de391dace132a4ee-150x150.jpg 150w, https:\/\/havamall.vn\/wp-content\/uploads\/2020\/11\/03845a2f1cede264de391dace132a4ee-300x300.jpg 300w, https:\/\/havamall.vn\/wp-content\/uploads\/2020\/11\/03845a2f1cede264de391dace132a4ee-600x600.jpg 600w, https:\/\/havamall.vn\/wp-content\/uploads\/2020\/11\/03845a2f1cede264de391dace132a4ee-100x100.jpg 100w\" sizes=\"(max-width: 600px) 100vw, 600px\" \/><\/p>\n<ul>\n<li>Ng\u00e0y s\u1ea3n xu\u1ea5t: Xem tr\u00ean bao b\u00ec s\u1ea3n ph\u1ea9m<\/li>\n<li>H\u1ea1n s\u1eed d\u1ee5ng: 18 th\u00e1ng<\/li>\n<li>B\u1ea3o qu\u1ea3n: B\u1ea3o qu\u1ea3n n\u01a1i kh\u00f4 r\u00e1o, tho\u00e1ng m\u00e1t, tr\u00e1nh \u00e1nh n\u1eafng tr\u1ef1c ti\u1ebfp m\u1eb7t tr\u1eddi.<\/li>\n<\/ul>","protected":false},"excerpt":{"rendered":"<ul>\n<li>K\u1eb9o h\u1ee7 Candy Craft Th\u00e1i Lan \u0111\u01b0\u1ee3c l\u00e0m th\u1ee7 c\u00f4ng t\u1eeb c\u00e1c c\u00f4ng \u0111o\u1ea1n ch\u1ebf bi\u1ebfn \u0111\u1ebfn quy tr\u00ecnh t\u1ea1o h\u00ecnh t\u1ea1o n\u00ean c\u00e1c vi\u00ean k\u1eb9o c\u00f3 h\u00ecnh d\u1ea1ng r\u1ea5t \u0111\u00e1ng y\u00eau.b\u1eaft m\u1eaft, d\u1ec5 th\u01b0\u01a1ng.\u00a0K\u1eb9o c\u00f3 m\u00f9i v\u1ecb c\u1ef1c ngon, kh\u00f4ng ng\u1ecdt g\u1eaft, chua chua ng\u1ecdt ng\u1ecdt khi\u1ebfn ng\u01b0\u1eddi \u0103n c\u00e0ng m\u00ea m\u1eabn.<\/li>\n<li>Nguy\u00ean li\u1ec7u l\u00e0m ra vi\u00ean k\u1eb9o \u0111\u1ec1u s\u1eed d\u1ee5ng h\u01b0\u01a1ng li\u1ec7u t\u1eeb thi\u00ean nhi\u00ean v\u00e0 \u0111\u1eb7c bi\u1ec7t kh\u00f4ng c\u00f3 th\u00e0nh ph\u1ea7n l\u00e0m t\u1eeb s\u1eefa cho n\u00ean k\u1eb9o th\u1ee7 c\u00f4ng ngh\u1ec7 thu\u1eadt Candy Craft r\u1ea5t \u0111\u01b0\u1ee3c nhi\u1ec1u ng\u01b0\u1eddi y\u00eau th\u00edch, \u0111\u1eb7c bi\u1ec7t n\u00f3 ph\u00f9 h\u1ee3p v\u1edbi m\u1ecdi l\u1ee9a tu\u1ed5i.<\/li>\n<li>K\u1eb9o th\u1ee7 c\u00f4ng Candy Craft c\u0169ng \u0111\u01b0\u1ee3c xem l\u00e0 m\u1ed9t m\u00f3n qu\u00e0 ng\u1ecdt ng\u00e0o k\u1ebft n\u1ed1i b\u1ea1n b\u00e8, r\u1ea5t thu\u1eadn ti\u1ec7n \u0111\u1ec3 l\u00e0m qu\u00e0 t\u1eb7ng sinh nh\u1eadt, qu\u00e0 k\u1ef7 ni\u1ec7m<\/li>\n<\/ul>","protected":false},"featured_media":17401,"comment_status":"open","ping_status":"closed","template":"","meta":[],"product_brand":[],"product_cat":[36,133],"product_tag":[],"class_list":{"0":"post-17359","1":"product","2":"type-product","3":"status-publish","4":"has-post-thumbnail","6":"product_cat-thuc-pham-tieu-dung","7":"product_cat-banh-keo-chocolate","9":"first","10":"outofstock","11":"sale","12":"shipping-taxable","13":"purchasable","14":"product-type-simple"},"_links":{"self":[{"href":"https:\/\/havamall.vn\/en\/wp-json\/wp\/v2\/product\/17359"}],"collection":[{"href":"https:\/\/havamall.vn\/en\/wp-json\/wp\/v2\/product"}],"about":[{"href":"https:\/\/havamall.vn\/en\/wp-json\/wp\/v2\/types\/product"}],"replies":[{"embeddable":true,"href":"https:\/\/havamall.vn\/en\/wp-json\/wp\/v2\/comments?post=17359"}],"version-history":[{"count":0,"href":"https:\/\/havamall.vn\/en\/wp-json\/wp\/v2\/product\/17359\/revisions"}],"wp:featuredmedia":[{"embeddable":true,"href":"https:\/\/havamall.vn\/en\/wp-json\/wp\/v2\/media\/17401"}],"wp:attachment":[{"href":"https:\/\/havamall.vn\/en\/wp-json\/wp\/v2\/media?parent=17359"}],"wp:term":[{"taxonomy":"product_brand","embeddable":true,"href":"https:\/\/havamall.vn\/en\/wp-json\/wp\/v2\/product_brand?post=17359"},{"taxonomy":"product_cat","embeddable":true,"href":"https:\/\/havamall.vn\/en\/wp-json\/wp\/v2\/product_cat?post=17359"},{"taxonomy":"product_tag","embeddable":true,"href":"https:\/\/havamall.vn\/en\/wp-json\/wp\/v2\/product_tag?post=17359"}],"curies":[{"name":"wp","href":"https:\/\/api.w.org\/{rel}","templated":true}]}}