{"id":17351,"date":"2020-11-05T15:04:19","date_gmt":"2020-11-05T08:04:19","guid":{"rendered":"https:\/\/havamall.vn\/?post_type=product&#038;p=17351"},"modified":"2021-10-20T09:08:25","modified_gmt":"2021-10-20T02:08:25","slug":"ruou-soju-fresh-jinro-360ml-jinro-chamisul-fresh-soju","status":"publish","type":"product","link":"https:\/\/havamall.vn\/en\/shop\/ruou-soju-fresh-jinro-360ml-jinro-chamisul-fresh-soju\/","title":{"rendered":"R\u01b0\u1ee3u Soju Fresh Jinro 360ml \u2013 Jinro Chamisul Fresh Soju"},"content":{"rendered":"<p>N\u00f3i \u0111\u1ebfn r\u01b0\u1ee3u soju H\u00e0n Qu\u1ed1c th\u00ec kh\u00f4ng th\u1ec3 kh\u00f4ng nh\u1eafc t\u1edbi soju chamisul c\u1ee7a Hite Jinro, \u00f4ng l\u1edbn h\u00e0ng \u0111\u1ea7u v\u1ec1 r\u01b0\u1ee3u bia t\u1ea1i H\u00e0n Qu\u1ed1c. Chamisul soju c\u1ee7a Jinro l\u00e0 lo\u1ea1i r\u01b0\u1ee3u soju \u0111\u01b0\u1ee3c ng\u01b0\u1eddi d\u00e2n H\u00e0n Qu\u1ed1c ti\u00eau th\u1ee5 nhi\u1ec1u nh\u1ea5t m\u1ed7i n\u0103m. R\u01b0\u1ee3u Jinrro H\u00e0n Qu\u1ed1c c\u00f2n qua m\u1eb7t r\u1ea5t nhi\u1ec1u lo\u1ea1i r\u01b0\u1ee3u kh\u00e1c tr\u00ean th\u1ebf gi\u1edbi \u0111\u1ec3 tr\u1edf th\u00e0nh th\u01b0\u01a1ng hi\u1ec7u \u0111\u1ed3 u\u1ed1ng c\u00f3 c\u1ed3n b\u00e1n ch\u1ea1y nh\u1ea5t th\u1ebf gi\u1edbi v\u1edbi h\u01a1n 70 tri\u1ec7u chai b\u00e1n ra v\u00e0o n\u0103m 2014.<\/p>\n<p>Chamisul c\u00f3 ngh\u0129a l\u00e0 gi\u1ecdt s\u01b0\u01a1ng, v\u1edbi h\u01b0\u01a1ng v\u1ecb tinh khi\u1ebft, trong l\u00e0nh th\u1ef1c s\u1ef1. R\u01b0\u1ee3u soju Chamisul l\u00e0 m\u1ed9t s\u1ea3n ph\u1ea9m r\u01b0\u1ee3u soju truy\u1ec1n th\u1ed1ng n\u1ed5i ti\u1ebfng v\u00e0 ph\u1ed5 bi\u1ebfn nh\u1ea5t c\u1ee7a h\u00e3ng Jinro H\u00e0n Qu\u1ed1c.<\/p>\n<p><img fetchpriority=\"high\" decoding=\"async\" class=\"wp-image-17352 aligncenter\" src=\"https:\/\/havamall.vn\/wp-content\/uploads\/2020\/11\/b\u1ea1c-h\u00e0.jpg\" alt=\"\" width=\"493\" height=\"549\" srcset=\"https:\/\/havamall.vn\/wp-content\/uploads\/2020\/11\/b\u1ea1c-h\u00e0.jpg 440w, https:\/\/havamall.vn\/wp-content\/uploads\/2020\/11\/b\u1ea1c-h\u00e0-430x479.jpg 430w, https:\/\/havamall.vn\/wp-content\/uploads\/2020\/11\/b\u1ea1c-h\u00e0-150x167.jpg 150w, https:\/\/havamall.vn\/wp-content\/uploads\/2020\/11\/b\u1ea1c-h\u00e0-269x300.jpg 269w\" sizes=\"(max-width: 493px) 100vw, 493px\" \/><\/p>\n<p>Nh\u1eb9 h\u01a1n Chamisul Original, Chamisul Fresh \u0111\u01b0\u1ee3c th\u1ef1c hi\u1ec7n v\u1edbi m\u1ed9t ch\u1ea5t l\u00e0m ng\u1ecdt t\u1ef1 nhi\u00ean t\u1eeb Ph\u1ea7n Lan \u0111\u1ec3 t\u1ea1o ra m\u1ed9t h\u01b0\u01a1ng v\u1ecb \u0111\u1ed9c \u0111\u00e1o m\u1edbi. T\u1ef1 h\u00e0o v\u1edbi h\u00e0m l\u01b0\u1ee3ng kho\u00e1ng ch\u1ea5t phong ph\u00fa, soju ki\u1ec1m t\u1ef1 nhi\u00ean n\u00e0y \u0111\u01b0\u1ee3c tinh ch\u1ebf v\u1edbi than l\u00e0m t\u1eeb tre gi\u00e0 3 n\u0103m tr\u1ed3ng \u1edf m\u1ed9t khu v\u1ef1c s\u1ea1ch c\u1ee7a Mt. Jiri, n\u1eb1m tr\u00ean b\u1edd bi\u1ec3n ph\u00eda nam c\u1ee7a H\u00e0n Qu\u1ed1c.<\/p>\n<p>\u00c1p dung c\u00f4ng ngh\u1ec7 s\u1ea3n xu\u1ea5t ti\u00ean ti\u1ebfn trong qu\u00e1 tr\u00ecnh s\u1ea3n xu\u1ea5t gi\u00fap lo\u1ea1i b\u1ecf h\u1ebft c\u00e1c \u0111\u1ed9c t\u1ed1 c\u00f3 trong r\u01b0\u1ee3u qua l\u1edbp than tre, \u0111\u1ea3m b\u1ea1o s\u1ef1 trong su\u1ed1t c\u00f9ng s\u1ef1 tinh khi\u1ebft c\u1ee7a lo\u1ea1i r\u01b0\u1ee3u n\u00e0y. R\u01b0\u1ee3u soju c\u00f3 n\u1ed3ng \u0111\u1ed9 r\u1ea5t th\u1ea5p (17,2%) n\u00ean r\u1ea5t th\u00edch h\u1ee3p cho c\u1ea3 ch\u1ecb em ph\u1ee5 n\u1eef trong c\u00e1c bu\u1ed5i ti\u1ec7c, \u0103n ch\u01a1i, li\u00ean hoan c\u00f9ng b\u1ea1n b\u00e8, \u0111\u1ed3ng nghi\u1ec7p<\/p>\n<p><img decoding=\"async\" class=\"wp-image-17353 aligncenter\" src=\"https:\/\/havamall.vn\/wp-content\/uploads\/2020\/11\/b\u1ea1c-h\u00e0-3.jpg\" alt=\"\" width=\"587\" height=\"367\" srcset=\"https:\/\/havamall.vn\/wp-content\/uploads\/2020\/11\/b\u1ea1c-h\u00e0-3.jpg 800w, https:\/\/havamall.vn\/wp-content\/uploads\/2020\/11\/b\u1ea1c-h\u00e0-3-430x269.jpg 430w, https:\/\/havamall.vn\/wp-content\/uploads\/2020\/11\/b\u1ea1c-h\u00e0-3-150x94.jpg 150w, https:\/\/havamall.vn\/wp-content\/uploads\/2020\/11\/b\u1ea1c-h\u00e0-3-700x438.jpg 700w, https:\/\/havamall.vn\/wp-content\/uploads\/2020\/11\/b\u1ea1c-h\u00e0-3-300x188.jpg 300w, https:\/\/havamall.vn\/wp-content\/uploads\/2020\/11\/b\u1ea1c-h\u00e0-3-768x480.jpg 768w, https:\/\/havamall.vn\/wp-content\/uploads\/2020\/11\/b\u1ea1c-h\u00e0-3-600x375.jpg 600w\" sizes=\"(max-width: 587px) 100vw, 587px\" \/><\/p>\n<p>T\u1ea5t c\u1ea3 nguy\u00ean li\u1ec7u \u0111\u1ec3 l\u00e0m Soju Chamisul \u0111\u1ec1u l\u00e0 h\u00e0ng ch\u1ea5t l\u01b0\u1ee3ng cao nh\u1ea5t. T\u1ea5t c\u1ea3 m\u1ecdi qu\u00e1 tr\u00ecnh nghi\u00ean c\u1ee9u, ch\u1ebf bi\u1ebfn lo\u1ea1i Soju n\u00e0y \u0111\u1ec1u \u0111\u01b0\u1ee3c th\u1ef1c hi\u1ec7n ch\u00ednh x\u00e1c nh\u1eb1m mang l\u1ea1i h\u01b0\u01a1ng v\u1ecb tuy\u1ec7t v\u1eddi cho r\u01b0\u1ee3u.<\/p>\n<p>R\u01b0\u1ee3u Soju Fresh Jinro \u0111\u01b0\u1ee3c \u0111\u1ef1ng trong chai th\u1ee7y tinh n\u00ean \u0111\u1ea3m b\u1ea3o \u0111\u1ed9 an to\u00e0n v\u1ec7 sinh th\u1ef1c ph\u1ea9m. Thi\u1ebft k\u1ebf bao b\u00ec tinh t\u1ebf, trang tr\u1ecdng r\u1ea5t th\u00edch h\u1ee3p khi l\u00e0m qu\u00e0 t\u1eb7ng v\u00e0 check-in ch\u1ee5p h\u00ecnh sanh ch\u1ea3nh.<\/p>\n<p>TH\u00d4NG TIN S\u1ea2N PH\u1ea8M<\/p>\n<ul>\n<li>Xu\u1ea5t x\u1ee9: H\u00e0n Qu\u1ed1c<\/li>\n<li>Th\u00e0nh ph\u1ea7n: G\u1ea1o, \u0111\u01b0\u1eddng, n\u01b0\u1edbc, men \u0111\u01b0\u1ee3c l\u1ecdc qua l\u1edbp than tre ho\u1ea1t t\u00ednh, Chamisul Fresh t\u1ef1 nhi\u00ean<\/li>\n<li>Th\u1ec3 t\u00edch th\u1ef1c: 360ml\/chai<\/li>\n<li>\u0110\u1ed9 r\u01b0\u1ee3u: 17.2%<\/li>\n<li>H\u01b0\u1edbng d\u1eabn s\u1eed d\u1ee5ng: D\u00f9ng \u0111\u1ec3 u\u1ed1ng tr\u1ef1c ti\u1ebfp, ngon h\u01a1n khi u\u1ed1ng l\u1ea1nh.<\/li>\n<\/ul>\n<p><img decoding=\"async\" class=\"size-full wp-image-17354 aligncenter\" src=\"https:\/\/havamall.vn\/wp-content\/uploads\/2020\/11\/b\u1ea1c-h\u00e0-2.jpg\" alt=\"\" width=\"512\" height=\"288\" srcset=\"https:\/\/havamall.vn\/wp-content\/uploads\/2020\/11\/b\u1ea1c-h\u00e0-2.jpg 512w, https:\/\/havamall.vn\/wp-content\/uploads\/2020\/11\/b\u1ea1c-h\u00e0-2-430x242.jpg 430w, https:\/\/havamall.vn\/wp-content\/uploads\/2020\/11\/b\u1ea1c-h\u00e0-2-150x84.jpg 150w, https:\/\/havamall.vn\/wp-content\/uploads\/2020\/11\/b\u1ea1c-h\u00e0-2-300x169.jpg 300w\" sizes=\"(max-width: 512px) 100vw, 512px\" \/><\/p>\n<ul>\n<li>B\u1ea3o qu\u1ea3n: \u0110\u1ec3 n\u01a1i kh\u00f4 r\u00e1o, tho\u00e1ng m\u00e1t \u0111\u1ea3m b\u1ea3o \u0111i\u1ec1u ki\u1ec7n v\u1ec7 sinh an to\u00e0n th\u1ef1c ph\u1ea9m, tr\u00e1nh ti\u1ebfp x\u00fac tr\u1ef1c ti\u1ebfp v\u1edbi \u00e1nh s\u00e1ng m\u1eb7t tr\u1eddi.<\/li>\n<li>Th\u1eddi gian s\u1eed d\u1ee5ng: Kh\u00f4ng c\u00f3 h\u1ea1n s\u1eed d\u1ee5ng, c\u00e0ng \u0111\u1ec3 l\u00e2u u\u1ed1ng c\u00e0ng ngon.<\/li>\n<li>Ng\u00e0y s\u1ea3n xu\u1ea5t: Xem tr\u00ean bao b\u00ec s\u1ea3n ph\u1ea9m<\/li>\n<\/ul>\n<p><em>R\u01b0\u1ee3u Soju Chamisul Fresh Jinro 360ml \u0111ang \u0111\u01b0\u1ee3c ph\u00e2n ph\u1ed1i t\u1ea1i Vi\u1ec7t Nam b\u1edfi Havamall. \u0110\u1eebng ch\u1ea7n ch\u1eeb m\u00e0 h\u00e3y \u0111\u1eb7t ngay \u0111\u1ec3 n\u1ebfm th\u1eed h\u01b0\u01a1ng v\u1ecb n\u01b0\u1edbc tr\u00e1i c\u00e2y l\u00ean men \u0111\u01b0\u1ee3c nh\u1eadp kh\u1ea9u tr\u1ef1c ti\u1ebfp t\u1eeb H\u00e0n Qu\u1ed1c nh\u00e9.<\/em><\/p>","protected":false},"excerpt":{"rendered":"<ul>\n<li>Chamisul c\u00f3 ngh\u0129a l\u00e0 gi\u1ecdt s\u01b0\u01a1ng, v\u1edbi h\u01b0\u01a1ng v\u1ecb tinh khi\u1ebft, trong l\u00e0nh th\u1ef1c s\u1ef1. R\u01b0\u1ee3u soju Chamisul l\u00e0 m\u1ed9t s\u1ea3n ph\u1ea9m r\u01b0\u1ee3u soju truy\u1ec1n th\u1ed1ng n\u1ed5i ti\u1ebfng v\u00e0 ph\u1ed5 bi\u1ebfn nh\u1ea5t c\u1ee7a h\u00e3ng Jinro H\u00e0n Qu\u1ed1c.<\/li>\n<li>Nh\u1eb9 h\u01a1n Chamisul Original, Chamisul Fresh \u0111\u01b0\u1ee3c th\u1ef1c hi\u1ec7n v\u1edbi m\u1ed9t ch\u1ea5t l\u00e0m ng\u1ecdt t\u1ef1 nhi\u00ean t\u1eeb Ph\u1ea7n Lan \u0111\u1ec3 t\u1ea1o ra m\u1ed9t h\u01b0\u01a1ng v\u1ecb \u0111\u1ed9c \u0111\u00e1o m\u1edbi. T\u1ef1 h\u00e0o v\u1edbi h\u00e0m l\u01b0\u1ee3ng kho\u00e1ng ch\u1ea5t phong ph\u00fa, soju ki\u1ec1m t\u1ef1 nhi\u00ean n\u00e0y \u0111\u01b0\u1ee3c tinh ch\u1ebf v\u1edbi than l\u00e0m t\u1eeb tre gi\u00e0 3 n\u0103m tr\u1ed3ng \u1edf m\u1ed9t khu v\u1ef1c s\u1ea1ch c\u1ee7a Mt. Jiri, n\u1eb1m tr\u00ean b\u1edd bi\u1ec3n ph\u00eda nam c\u1ee7a H\u00e0n Qu\u1ed1c.<\/li>\n<li>\u00c1p dung c\u00f4ng ngh\u1ec7 s\u1ea3n xu\u1ea5t ti\u00ean ti\u1ebfn trong qu\u00e1 tr\u00ecnh s\u1ea3n xu\u1ea5t gi\u00fap lo\u1ea1i b\u1ecf h\u1ebft c\u00e1c \u0111\u1ed9c t\u1ed1 c\u00f3 trong r\u01b0\u1ee3u qua l\u1edbp than tre, \u0111\u1ea3m b\u1ea1o s\u1ef1 trong su\u1ed1t c\u00f9ng s\u1ef1 tinh khi\u1ebft c\u1ee7a lo\u1ea1i r\u01b0\u1ee3u n\u00e0y. R\u01b0\u1ee3u soju c\u00f3 n\u1ed3ng \u0111\u1ed9 r\u1ea5t th\u1ea5p (17,2%) n\u00ean r\u1ea5t th\u00edch h\u1ee3p cho c\u1ea3 ch\u1ecb em ph\u1ee5 n\u1eef trong c\u00e1c bu\u1ed5i ti\u1ec7c, \u0103n ch\u01a1i, li\u00ean hoan c\u00f9ng b\u1ea1n b\u00e8, \u0111\u1ed3ng nghi\u1ec7p<\/li>\n<\/ul>","protected":false},"featured_media":17357,"comment_status":"open","ping_status":"closed","template":"","meta":[],"product_brand":[],"product_cat":[36,135],"product_tag":[],"class_list":{"0":"post-17351","1":"product","2":"type-product","3":"status-publish","4":"has-post-thumbnail","6":"product_cat-thuc-pham-tieu-dung","7":"product_cat-sua-do-uong","8":"pa_brand-jinro","10":"first","11":"outofstock","12":"sale","13":"shipping-taxable","14":"purchasable","15":"product-type-simple"},"_links":{"self":[{"href":"https:\/\/havamall.vn\/en\/wp-json\/wp\/v2\/product\/17351"}],"collection":[{"href":"https:\/\/havamall.vn\/en\/wp-json\/wp\/v2\/product"}],"about":[{"href":"https:\/\/havamall.vn\/en\/wp-json\/wp\/v2\/types\/product"}],"replies":[{"embeddable":true,"href":"https:\/\/havamall.vn\/en\/wp-json\/wp\/v2\/comments?post=17351"}],"version-history":[{"count":0,"href":"https:\/\/havamall.vn\/en\/wp-json\/wp\/v2\/product\/17351\/revisions"}],"wp:featuredmedia":[{"embeddable":true,"href":"https:\/\/havamall.vn\/en\/wp-json\/wp\/v2\/media\/17357"}],"wp:attachment":[{"href":"https:\/\/havamall.vn\/en\/wp-json\/wp\/v2\/media?parent=17351"}],"wp:term":[{"taxonomy":"product_brand","embeddable":true,"href":"https:\/\/havamall.vn\/en\/wp-json\/wp\/v2\/product_brand?post=17351"},{"taxonomy":"product_cat","embeddable":true,"href":"https:\/\/havamall.vn\/en\/wp-json\/wp\/v2\/product_cat?post=17351"},{"taxonomy":"product_tag","embeddable":true,"href":"https:\/\/havamall.vn\/en\/wp-json\/wp\/v2\/product_tag?post=17351"}],"curies":[{"name":"wp","href":"https:\/\/api.w.org\/{rel}","templated":true}]}}