{"id":17332,"date":"2020-11-05T14:11:42","date_gmt":"2020-11-05T07:11:42","guid":{"rendered":"https:\/\/havamall.vn\/?post_type=product&#038;p=17332"},"modified":"2022-01-21T09:15:49","modified_gmt":"2022-01-21T02:15:49","slug":"ruou-soju-huong-vi-buoi-dao-jinro-360ml-jinro-grapefruit-soju","status":"publish","type":"product","link":"https:\/\/havamall.vn\/en\/shop\/ruou-soju-huong-vi-buoi-dao-jinro-360ml-jinro-grapefruit-soju\/","title":{"rendered":"R\u01b0\u1ee3u Soju H\u01b0\u01a1ng V\u1ecb B\u01b0\u1edfi \u0110\u00e0o Jinro 360ml \u2013 Jinro Grapefruit Soju"},"content":{"rendered":"<p>Soju s\u1edf h\u1eefu \u0111\u1ed9 c\u1ed3n 13% \u0111\u1ed9c \u0111\u00e1o, v\u1eeba nh\u1eb9 nh\u00e0ng nh\u01b0ng c\u0169ng \u0111\u1ee7 m\u1ea1nh m\u1ebd \u0111\u1ec3 ng\u01b0\u1eddi u\u1ed1ng t\u1eeb t\u1eeb tr\u1ea3i nghi\u1ec7m m\u00f9i v\u1ecb h\u1ea5p d\u1eabn c\u1ee7a r\u01b0\u1ee3u.<\/p>\n<p>Lo\u1ea1i r\u01b0\u1ee3u tr\u1eafng n\u00e0y th\u01b0\u1eddng \u0111\u01b0\u1ee3c c\u00e1c ch\u1ecb em ph\u1ee5 n\u1eef y\u00eau th\u00edch, b\u1edfi v\u1eeba l\u00e0 m\u00f9i r\u01b0\u1ee3u g\u1ea1o c\u1ed5 \u0111i\u1ec3n nh\u01b0ng \u0111\u1ed3ng th\u1eddi c\u0169ng kh\u00e1 hi\u1ec7n \u0111\u1ea1i khi \u0111\u01b0\u1ee3c b\u1ed5 sung v\u00e0o \u0111\u00f3 nh\u1eefng m\u00f9i v\u1ecb tr\u00e1i c\u00e2y h\u1ea5p d\u1eabn, ti\u00eau bi\u1ec3u \u1edf \u0111\u00e2y l\u00e0\u00a0 b\u01b0\u1edfi \u0111\u00e0o.<\/p>\n<p>V\u1eabn l\u00e0 ch\u00fat v\u1ecb n\u1ed3ng nh\u1eb9, th\u01a1m th\u01a1m m\u00f9i g\u1ea1o d\u1ec5 ch\u1ecbu. \u0110\u1ebfn khi th\u01b0\u1edfng th\u1ee9c, ng\u01b0\u1eddi u\u1ed1ng s\u1ebd c\u1ea3m nh\u1eadn \u0111\u01b0\u1ee3c v\u1ecb g\u1ea1o h\u00f2a quy\u1ec7n c\u00f9ng v\u1ecb b\u01b0\u1edfi \u0111\u00e0o chua chua ng\u1ecdt ng\u1ecdt.<\/p>\n<p><img fetchpriority=\"high\" decoding=\"async\" class=\"wp-image-17333 aligncenter\" src=\"https:\/\/havamall.vn\/wp-content\/uploads\/2020\/11\/b\u01b0\u1edfi-3.jpg\" alt=\"\" width=\"598\" height=\"598\" srcset=\"https:\/\/havamall.vn\/wp-content\/uploads\/2020\/11\/b\u01b0\u1edfi-3.jpg 960w, https:\/\/havamall.vn\/wp-content\/uploads\/2020\/11\/b\u01b0\u1edfi-3-430x430.jpg 430w, https:\/\/havamall.vn\/wp-content\/uploads\/2020\/11\/b\u01b0\u1edfi-3-150x150.jpg 150w, https:\/\/havamall.vn\/wp-content\/uploads\/2020\/11\/b\u01b0\u1edfi-3-700x700.jpg 700w, https:\/\/havamall.vn\/wp-content\/uploads\/2020\/11\/b\u01b0\u1edfi-3-300x300.jpg 300w, https:\/\/havamall.vn\/wp-content\/uploads\/2020\/11\/b\u01b0\u1edfi-3-768x768.jpg 768w, https:\/\/havamall.vn\/wp-content\/uploads\/2020\/11\/b\u01b0\u1edfi-3-600x600.jpg 600w, https:\/\/havamall.vn\/wp-content\/uploads\/2020\/11\/b\u01b0\u1edfi-3-100x100.jpg 100w\" sizes=\"(max-width: 598px) 100vw, 598px\" \/><\/p>\n<p>S\u1ef1 k\u1ebft h\u1ee3p \u0111\u1ed9c \u0111\u00e1o c\u1ee7a g\u1ea1o l\u00ean men c\u00f9ng h\u01b0\u01a1ng v\u1ecb tr\u00e1i c\u00e2y, t\u1ea1o c\u1ea3m gi\u00e1c th\u00edch th\u00fa n\u01a1i v\u00f2m mi\u1ec7ng. Soju \u0111\u1ec3 l\u1ea1i h\u1eadu v\u1ecb v\u1eeba ph\u1ea3i, kh\u00f4ng qu\u00e1 \u0111\u1eafng g\u1eaft m\u00e0 l\u1ea1i ng\u1ecdt d\u1ecbu m\u00f9i tr\u00e1i c\u00e2y th\u01a1m nh\u1eb9. \u0110\u00e2y qu\u1ea3 th\u1eadt l\u00e0 lo\u1ea1i th\u1ee9c u\u1ed1ng th\u01a1m ngon m\u00e0 b\u1ea5t k\u1ef3 ch\u1ecb em n\u00e0o c\u0169ng s\u1ebd y\u00eau th\u00edch.<\/p>\n<p>Nh\u1eb9 h\u01a1n Jinro Chamilsul, ch\u1ec9 c\u00f3 n\u1ed3ng \u0111\u1ed9 13% th\u01a1m h\u01b0\u01a1ng b\u01b0\u1edfi \u0111\u00e0o \u0111\u00e3 l\u00e0m cho kh\u00e1ch h\u00e0ng nh\u1ea5t l\u00e0 ch\u1ecb em ph\u1ee5 n\u1eef v\u00f4 c\u00f9ng y\u00eau th\u00edch. Mang trong m\u00ecnh h\u01b0\u01a1ng v\u1ecb b\u01b0\u1edfi, t\u01b0\u01a1i, tinh khi\u1ebft quy\u1ec7n v\u00e0o t\u1eebng gi\u1ecdt r\u01b0\u1ee3u mang \u0111\u1ebfn v\u1ecb d\u1ecbu ng\u1ecdt tinh t\u1ebf, thu\u1ea7n ch\u1ea5t, mang c\u1ea3m h\u1ee9ng b\u1ea5t t\u1eadn cho m\u1ecdi bu\u1ed5i li\u00ean hoan g\u1eb7p m\u1eb7t m\u1ecdi cu\u1ed9c vui.<\/p>\n<p>R\u01b0\u1ee3u Jinro h\u01b0\u01a1ng b\u01b0\u1edfi \u0111\u1ea1i di\u1ec7n cho m\u1ed9t b\u01b0\u1edbc ngo\u1eb7t trong v\u0103n h\u00f3a th\u01b0\u1edfng th\u1ee9c r\u01b0\u1ee3u Soju H\u00e0n Qu\u1ed1c. Ngay sau khi ra m\u1eaft d\u00f2ng s\u1ea3n ph\u1ea9m n\u00e0y Jinro \u0111\u00e3 thu v\u1ec1 doanh s\u00f4 7,8 tri\u1ec7u chai m\u1ed7i th\u00e1ng. \u0110\u00e2y th\u1ef1c s\u1ef1 l\u00e0 minh ch\u1ee9ng cho s\u1ef1 ghi nh\u1eadn \u0111\u00e1nh gi\u00e1 cao c\u1ee7a kh\u00e1ch h\u00e0ng cho r\u01b0\u1ee3u soju Jinro Chamilsul h\u01b0\u01a1ng tr\u00e1i c\u00e2y.<\/p>\n<p><img decoding=\"async\" class=\"size-full wp-image-17330 aligncenter\" src=\"https:\/\/havamall.vn\/wp-content\/uploads\/2020\/11\/soju11.jpg\" alt=\"\" width=\"640\" height=\"360\" srcset=\"https:\/\/havamall.vn\/wp-content\/uploads\/2020\/11\/soju11.jpg 640w, https:\/\/havamall.vn\/wp-content\/uploads\/2020\/11\/soju11-430x242.jpg 430w, https:\/\/havamall.vn\/wp-content\/uploads\/2020\/11\/soju11-150x84.jpg 150w, https:\/\/havamall.vn\/wp-content\/uploads\/2020\/11\/soju11-300x169.jpg 300w, https:\/\/havamall.vn\/wp-content\/uploads\/2020\/11\/soju11-600x338.jpg 600w\" sizes=\"(max-width: 640px) 100vw, 640px\" \/><\/p>\n<p>Gi\u1edd \u0111\u00e2y r\u01b0\u1ee3u soju \u0111\u00e3 tr\u1edf th\u00e0nh th\u1ee9c u\u1ed1ng h\u01b0\u01a1ng v\u1ecb tr\u00e1i c\u00e2y ph\u1ed5 bi\u1ebfn nh\u1ea5t t\u1ea1i H\u00e0n Qu\u1ed1c. T\u1ea1i Th\u00e1i Lan hay c\u00e1c n\u01b0\u1edbc kh\u00e1c tr\u00ean th\u1ebf gi\u1edbi r\u01b0\u1ee3u soju h\u01b0\u01a1ng tr\u00e1i c\u00e2y n\u00e0y c\u0169ng \u0111\u1ea1t doanh s\u1ed1 b\u00e1n ra r\u1ea5t cao ngay khi xu\u1ea5t hi\u1ec7n t\u1ea1i Thailand. T\u1ea1i Vi\u1ec7t Nam r\u01b0\u1ee3u soju h\u01b0\u01a1ng b\u01b0\u1edfi \u0111\u00e3 \u0111\u01b0\u1ee3c b\u00e1n r\u1ea5t ch\u1ea1y t\u1ea1i c\u00e1c nh\u00e0 h\u00e0ng ki\u1ec3u H\u00e0n, nh\u00e0 h\u00e0ng Vi\u1ec7t v\u00e0 r\u1ea5t nhi\u1ec1u th\u1ef1c kh\u00e1ch \u0111\u00e3 \u0111\u1eb7t h\u00e0ng cho nh\u1eefng b\u1eefa ti\u1ec7c b\u1eefa li\u00ean hoan t\u1ea1i nh\u00e0.<\/p>\n<p>R\u01b0\u1ee3u Soju B\u01b0\u1edfi \u0110\u00e0o Jinro \u0111\u01b0\u1ee3c \u0111\u1ef1ng trong chai th\u1ee7y tinh n\u00ean \u0111\u1ea3m b\u1ea3o \u0111\u1ed9 an to\u00e0n v\u1ec7 sinh th\u1ef1c ph\u1ea9m. Thi\u1ebft k\u1ebf bao b\u00ec tinh t\u1ebf, trang tr\u1ecdng r\u1ea5t th\u00edch h\u1ee3p khi l\u00e0m qu\u00e0 t\u1eb7ng v\u00e0 check-in ch\u1ee5p h\u00ecnh sanh ch\u1ea3nh.<\/p>\n<p><img decoding=\"async\" class=\"wp-image-17339 aligncenter\" src=\"https:\/\/havamall.vn\/wp-content\/uploads\/2020\/11\/cb5faf79344d3ff173a3e0e68089f6bc.jpg\" alt=\"\" width=\"582\" height=\"582\" srcset=\"https:\/\/havamall.vn\/wp-content\/uploads\/2020\/11\/cb5faf79344d3ff173a3e0e68089f6bc.jpg 700w, https:\/\/havamall.vn\/wp-content\/uploads\/2020\/11\/cb5faf79344d3ff173a3e0e68089f6bc-430x430.jpg 430w, https:\/\/havamall.vn\/wp-content\/uploads\/2020\/11\/cb5faf79344d3ff173a3e0e68089f6bc-150x150.jpg 150w, https:\/\/havamall.vn\/wp-content\/uploads\/2020\/11\/cb5faf79344d3ff173a3e0e68089f6bc-300x300.jpg 300w, https:\/\/havamall.vn\/wp-content\/uploads\/2020\/11\/cb5faf79344d3ff173a3e0e68089f6bc-600x600.jpg 600w, https:\/\/havamall.vn\/wp-content\/uploads\/2020\/11\/cb5faf79344d3ff173a3e0e68089f6bc-100x100.jpg 100w\" sizes=\"(max-width: 582px) 100vw, 582px\" \/><\/p>\n<p>TH\u00d4NG TIN S\u1ea2N PH\u1ea8M<\/p>\n<ul>\n<li>Xu\u1ea5t x\u1ee9: H\u00e0n Qu\u1ed1c<\/li>\n<li>Th\u00e0nh ph\u1ea7n: G\u1ea1o, \u0111\u01b0\u1eddng, n\u01b0\u1edbc, men \u0111\u01b0\u1ee3c l\u1ecdc qua l\u1edbp than tre ho\u1ea1t t\u00ednh, h\u01b0\u01a1ng b\u01b0\u1edfi \u0111\u00e0o t\u1ef1 nhi\u00ean<\/li>\n<li>Th\u1ec3 t\u00edch th\u1ef1c: 360ml\/chai<\/li>\n<li>\u0110\u1ed9 r\u01b0\u1ee3u: 13%<\/li>\n<li>H\u01b0\u1edbng d\u1eabn s\u1eed d\u1ee5ng: D\u00f9ng \u0111\u1ec3 u\u1ed1ng tr\u1ef1c ti\u1ebfp, ngon h\u01a1n khi u\u1ed1ng l\u1ea1nh.<\/li>\n<li>B\u1ea3o qu\u1ea3n: \u0110\u1ec3 n\u01a1i kh\u00f4 r\u00e1o, tho\u00e1ng m\u00e1t \u0111\u1ea3m b\u1ea3o \u0111i\u1ec1u ki\u1ec7n v\u1ec7 sinh an to\u00e0n th\u1ef1c ph\u1ea9m, tr\u00e1nh ti\u1ebfp x\u00fac tr\u1ef1c ti\u1ebfp v\u1edbi \u00e1nh s\u00e1ng m\u1eb7t tr\u1eddi.<\/li>\n<li>Th\u1eddi gian s\u1eed d\u1ee5ng: Kh\u00f4ng c\u00f3 h\u1ea1n s\u1eed d\u1ee5ng, c\u00e0ng \u0111\u1ec3 l\u00e2u u\u1ed1ng c\u00e0ng ngon.<\/li>\n<li>Ng\u00e0y s\u1ea3n xu\u1ea5t: Xem tr\u00ean bao b\u00ec s\u1ea3n ph\u1ea9m<\/li>\n<\/ul>\n<p><em>R\u01b0\u1ee3u Soju H\u01b0\u01a1ng B\u01b0\u1edfi \u0110\u00e0o Jinro 360ml \u0111ang \u0111\u01b0\u1ee3c ph\u00e2n ph\u1ed1i t\u1ea1i Vi\u1ec7t Nam b\u1edfi Havamall. \u0110\u1eebng ch\u1ea7n ch\u1eeb m\u00e0 h\u00e3y \u0111\u1eb7t ngay \u0111\u1ec3 n\u1ebfm th\u1eed h\u01b0\u01a1ng v\u1ecb n\u01b0\u1edbc tr\u00e1i c\u00e2y l\u00ean men \u0111\u01b0\u1ee3c nh\u1eadp kh\u1ea9u tr\u1ef1c ti\u1ebfp t\u1eeb H\u00e0n Qu\u1ed1c nh\u00e9.<\/em><\/p>","protected":false},"excerpt":{"rendered":"<ul>\n<li>R\u01b0\u1ee3u Jinro h\u01b0\u01a1ng b\u01b0\u1edfi \u0111\u1ea1i di\u1ec7n cho m\u1ed9t b\u01b0\u1edbc ngo\u1eb7t trong v\u0103n h\u00f3a th\u01b0\u1edfng th\u1ee9c r\u01b0\u1ee3u Soju H\u00e0n Qu\u1ed1c.\u00a0V\u1eabn l\u00e0 ch\u00fat v\u1ecb n\u1ed3ng nh\u1eb9, th\u01a1m th\u01a1m m\u00f9i g\u1ea1o d\u1ec5 ch\u1ecbu. \u0110\u1ebfn khi th\u01b0\u1edfng th\u1ee9c, ng\u01b0\u1eddi u\u1ed1ng s\u1ebd c\u1ea3m nh\u1eadn \u0111\u01b0\u1ee3c v\u1ecb g\u1ea1o h\u00f2a quy\u1ec7n c\u00f9ng v\u1ecb b\u01b0\u1edfi \u0111\u00e0o chua chua ng\u1ecdt ng\u1ecdt.<\/li>\n<li>S\u1ef1 k\u1ebft h\u1ee3p \u0111\u1ed9c \u0111\u00e1o c\u1ee7a g\u1ea1o l\u00ean men c\u00f9ng h\u01b0\u01a1ng v\u1ecb tr\u00e1i c\u00e2y, t\u1ea1o c\u1ea3m gi\u00e1c th\u00edch th\u00fa n\u01a1i v\u00f2m mi\u1ec7ng. Soju \u0111\u1ec3 l\u1ea1i h\u1eadu v\u1ecb v\u1eeba ph\u1ea3i, kh\u00f4ng qu\u00e1 \u0111\u1eafng g\u1eaft m\u00e0 l\u1ea1i ng\u1ecdt d\u1ecbu m\u00f9i tr\u00e1i c\u00e2y th\u01a1m nh\u1eb9. \u0110\u00e2y qu\u1ea3 th\u1eadt l\u00e0 lo\u1ea1i th\u1ee9c u\u1ed1ng th\u01a1m ngon m\u00e0 b\u1ea5t k\u1ef3 ch\u1ecb em n\u00e0o c\u0169ng s\u1ebd y\u00eau th\u00edch.<\/li>\n<\/ul>","protected":false},"featured_media":17350,"comment_status":"open","ping_status":"closed","template":"","meta":[],"product_brand":[],"product_cat":[36,135],"product_tag":[],"class_list":{"0":"post-17332","1":"product","2":"type-product","3":"status-publish","4":"has-post-thumbnail","6":"product_cat-thuc-pham-tieu-dung","7":"product_cat-sua-do-uong","8":"pa_brand-jinro","10":"first","11":"outofstock","12":"sale","13":"shipping-taxable","14":"purchasable","15":"product-type-simple"},"_links":{"self":[{"href":"https:\/\/havamall.vn\/en\/wp-json\/wp\/v2\/product\/17332"}],"collection":[{"href":"https:\/\/havamall.vn\/en\/wp-json\/wp\/v2\/product"}],"about":[{"href":"https:\/\/havamall.vn\/en\/wp-json\/wp\/v2\/types\/product"}],"replies":[{"embeddable":true,"href":"https:\/\/havamall.vn\/en\/wp-json\/wp\/v2\/comments?post=17332"}],"version-history":[{"count":0,"href":"https:\/\/havamall.vn\/en\/wp-json\/wp\/v2\/product\/17332\/revisions"}],"wp:featuredmedia":[{"embeddable":true,"href":"https:\/\/havamall.vn\/en\/wp-json\/wp\/v2\/media\/17350"}],"wp:attachment":[{"href":"https:\/\/havamall.vn\/en\/wp-json\/wp\/v2\/media?parent=17332"}],"wp:term":[{"taxonomy":"product_brand","embeddable":true,"href":"https:\/\/havamall.vn\/en\/wp-json\/wp\/v2\/product_brand?post=17332"},{"taxonomy":"product_cat","embeddable":true,"href":"https:\/\/havamall.vn\/en\/wp-json\/wp\/v2\/product_cat?post=17332"},{"taxonomy":"product_tag","embeddable":true,"href":"https:\/\/havamall.vn\/en\/wp-json\/wp\/v2\/product_tag?post=17332"}],"curies":[{"name":"wp","href":"https:\/\/api.w.org\/{rel}","templated":true}]}}