{"id":17307,"date":"2020-11-05T10:57:59","date_gmt":"2020-11-05T03:57:59","guid":{"rendered":"https:\/\/havamall.vn\/?post_type=product&#038;p=17307"},"modified":"2022-01-09T23:33:43","modified_gmt":"2022-01-09T16:33:43","slug":"ruou-soju-dau-jinro-360ml-jinro-strawberry-soju","status":"publish","type":"product","link":"https:\/\/havamall.vn\/en\/shop\/ruou-soju-dau-jinro-360ml-jinro-strawberry-soju\/","title":{"rendered":"R\u01b0\u1ee3u Soju D\u00e2u Jinro 360ml &#8211; Jinro Strawberry Soju"},"content":{"rendered":"<p>\u1ede \u0110\u00f4ng Nam \u00c1, H\u00e0n Qu\u1ed1c v\u00e0 nhi\u1ec1u n\u01b0\u1edbc tr\u00ean th\u1ebf gi\u1edbi tr\u00e1i d\u00e2u t\u00e2y tr\u1edf n\u00ean r\u1ea5t ph\u1ed5 bi\u1ebfn v\u00e0 c\u00f3 h\u00ecnh \u1ea3nh cao c\u1ea5p \u0111\u01b0\u1ee3c \u0111\u00e1nh gi\u00e1 l\u00e0 ph\u00f9 h\u1ee3p v\u1edbi to\u00e0n c\u1ea7u h\u00f3a soju.<\/p>\n<p>Soju l\u00e0 r\u01b0\u1ee3u c\u00f3 m\u00e0u tr\u1eafng n\u00f3\u00a0\u0111\u01b0\u1ee3c coi l\u00e0 vodka h\u00e0n qu\u1ed1c nh\u01b0ng v\u00ec n\u1ed3ng\u00a0\u0111\u1ed9 n\u00f3 th\u1ea5p ch\u1ec9\u00a0 13% v\u00e0 c\u00f3 v\u1ecb \u00eam d\u1ecbu h\u01a1n v\u00ec th\u01b0\u1eddng c\u00f3 v\u1ecb ng\u1ecdt thanh nh\u1eb9. Ch\u00ednh v\u00ec l\u1ebd\u00a0\u0111\u00f3 m\u00e0 nhi\u1ec1u ng\u01b0\u1eddi\u00a0\u0111\u00e1nh gi\u00e1 u\u1ed1ng Soju r\u1ea5t ngon.<\/p>\n<p><img fetchpriority=\"high\" decoding=\"async\" class=\"size-full wp-image-17315 aligncenter\" src=\"https:\/\/havamall.vn\/wp-content\/uploads\/2020\/11\/jinro-soju-dau-tay-1-1-min.png\" alt=\"\" width=\"480\" height=\"350\" srcset=\"https:\/\/havamall.vn\/wp-content\/uploads\/2020\/11\/jinro-soju-dau-tay-1-1-min.png 480w, https:\/\/havamall.vn\/wp-content\/uploads\/2020\/11\/jinro-soju-dau-tay-1-1-min-430x314.png 430w, https:\/\/havamall.vn\/wp-content\/uploads\/2020\/11\/jinro-soju-dau-tay-1-1-min-150x109.png 150w, https:\/\/havamall.vn\/wp-content\/uploads\/2020\/11\/jinro-soju-dau-tay-1-1-min-300x219.png 300w\" sizes=\"(max-width: 480px) 100vw, 480px\" \/><\/p>\n<p>R\u01b0\u1ee3u Soju D\u00e2u Jinro 360ml l\u00e0 m\u1ed9t s\u1ea3n ph\u1ea9m m\u1edbi v\u1ec1 r\u01b0\u1ee3u tr\u00e1i c\u00e2y \u0111\u01b0\u1ee3c tung ra g\u1ea7n \u0111\u00e2y c\u1ee7a h\u00e3ng r\u01b0\u1ee3u Hite Jinro sau lo\u1ea1t v\u1ecb tr\u00e1i c\u00e2y ra m\u1eaft tr\u01b0\u1edbc \u0111\u00f3 nh\u01b0 chamisul nho, b\u01b0\u1edfi, m\u1eadn.<\/p>\n<p>V\u1edbi v\u1ecb d\u00e2u t\u00e2y th\u01a1m ng\u1ecdt t\u1ef1 nhi\u00ean, r\u01b0\u1ee3u soju d\u00e2u kh\u00f4ng ch\u1ec9 l\u00e0 \u0111\u1ed3 u\u1ed1ng gi\u1ea3i kh\u00e1t ngon m\u00e1t, nh\u1eb9 nh\u00e0ng m\u00e0 c\u00f2n r\u1ea5t th\u00edch h\u1ee3p \u0111\u1ec3 u\u1ed1ng c\u00f9ng v\u1edbi c\u00e1c m\u00f3n n\u01b0\u1edbng l\u1ea9u, h\u1ea3i s\u1ea3n trong c\u00e1c b\u1eefa ti\u1ec7c, li\u00ean hoan.<\/p>\n<p>Soju \u0111\u01b0\u1ee3c xem l\u00e0 qu\u1ed1c t\u1eedu c\u1ee7a H\u00e0n Qu\u1ed1c. \u0110\u1ed1i v\u1edbi m\u1ed9t qu\u1ed1c gia c\u00f3 v\u0103n h\u00f3a u\u1ed1ng r\u01b0\u1ee3u ph\u00e1t tri\u1ec3n c\u1ef1c th\u1ecbnh nh\u01b0 H\u00e0n Qu\u1ed1c th\u00ec soju ch\u00ednh lo\u1ea1i r\u01b0\u1ee3u t\u1ed1t nh\u1ea5t v\u1edbi n\u1ed3ng \u0111\u1ed9 th\u1ea5p, \u00eam m\u00e0 gi\u00e1 th\u00e0nh l\u1ea1i r\u1ebb h\u01a1n so v\u1edbi c\u00e1c lo\u1ea1i r\u01b0\u1ee3u m\u1ea1nh kh\u00e1c.<\/p>\n<p><img decoding=\"async\" class=\"wp-image-17314 aligncenter\" src=\"https:\/\/havamall.vn\/wp-content\/uploads\/2020\/11\/HNT-0935517878-Jinro-D\u00e2u-2-1-1024x832.jpg\" alt=\"\" width=\"635\" height=\"516\" srcset=\"https:\/\/havamall.vn\/wp-content\/uploads\/2020\/11\/HNT-0935517878-Jinro-D\u00e2u-2-1-1024x832.jpg 1024w, https:\/\/havamall.vn\/wp-content\/uploads\/2020\/11\/HNT-0935517878-Jinro-D\u00e2u-2-1-430x349.jpg 430w, https:\/\/havamall.vn\/wp-content\/uploads\/2020\/11\/HNT-0935517878-Jinro-D\u00e2u-2-1-150x122.jpg 150w, https:\/\/havamall.vn\/wp-content\/uploads\/2020\/11\/HNT-0935517878-Jinro-D\u00e2u-2-1-700x568.jpg 700w, https:\/\/havamall.vn\/wp-content\/uploads\/2020\/11\/HNT-0935517878-Jinro-D\u00e2u-2-1-300x244.jpg 300w, https:\/\/havamall.vn\/wp-content\/uploads\/2020\/11\/HNT-0935517878-Jinro-D\u00e2u-2-1-768x624.jpg 768w, https:\/\/havamall.vn\/wp-content\/uploads\/2020\/11\/HNT-0935517878-Jinro-D\u00e2u-2-1-600x487.jpg 600w, https:\/\/havamall.vn\/wp-content\/uploads\/2020\/11\/HNT-0935517878-Jinro-D\u00e2u-2-1.jpg 1080w\" sizes=\"(max-width: 635px) 100vw, 635px\" \/><\/p>\n<p>&nbsp;<\/p>\n<p>&nbsp;<\/p>\n<p>Lo\u1ea1i n\u01b0\u1edbc tr\u00e1i c\u00e2y l\u00ean men n\u00e0y c\u0169ng \u0111\u00e3 thu h\u00fat kh\u00e1 nhi\u1ec1u th\u1ef1c kh\u00e1ch v\u00e0 \u0111ang ng\u00e0y c\u00e0ng \u0111\u01b0\u1ee3c \u01b0a chu\u00f4ng t\u1ea1i H\u00e0n Qu\u1ed1c, Vi\u1ec7t Nam,\u2026B\u1edfi l\u00ed do n\u00f3 c\u1ef1c k\u00ec th\u00edch h\u1ee3p cho c\u00e1c bu\u1ed5i li\u00ean hoan, ti\u1ec7c m\u1eebng, sinh nh\u1eadt.<\/p>\n<p>R\u01b0\u1ee3u Soju D\u00e2u Jinro \u0111\u01b0\u1ee3c \u0111\u1ef1ng trong chai th\u1ee7y tinh \u0111\u1ec3 \u0111\u1ea3m b\u1ea3o \u0111\u1ed9 an to\u00e0n v\u1ec7 sinh th\u1ef1c ph\u1ea9m. Thi\u1ebft k\u1ebf bao b\u00ec tinh t\u1ebf, trang tr\u1ecdng r\u1ea5t th\u00edch h\u1ee3p khi l\u00e0m qu\u00e0 t\u1eb7ng v\u00e0 check-in ch\u1ee5p h\u00ecnh sanh ch\u1ea3nh.<\/p>\n<p>TH\u00d4NG TIN S\u1ea2N PH\u1ea8M<\/p>\n<ul>\n<li>Xu\u1ea5t x\u1ee9: H\u00e0n Qu\u1ed1c<\/li>\n<li>Th\u00e0nh ph\u1ea7n: G\u1ea1o, \u0111\u01b0\u1eddng, n\u01b0\u1edbc, men \u0111\u01b0\u1ee3c l\u1ecdc qua l\u1edbp than tre ho\u1ea1t t\u00ednh, h\u01b0\u01a1ng d\u00e2u t\u1ef1 nhi\u00ean<\/li>\n<li>Th\u1ec3 t\u00edch th\u1ef1c: 360ml\/chai<\/li>\n<li>\u0110\u1ed9 r\u01b0\u1ee3u: 13%<\/li>\n<\/ul>\n<p><img decoding=\"async\" class=\"wp-image-17316 aligncenter\" src=\"https:\/\/havamall.vn\/wp-content\/uploads\/2020\/11\/soju-dau-tay-1.jpg\" alt=\"\" width=\"621\" height=\"621\" srcset=\"https:\/\/havamall.vn\/wp-content\/uploads\/2020\/11\/soju-dau-tay-1.jpg 816w, https:\/\/havamall.vn\/wp-content\/uploads\/2020\/11\/soju-dau-tay-1-430x430.jpg 430w, https:\/\/havamall.vn\/wp-content\/uploads\/2020\/11\/soju-dau-tay-1-150x150.jpg 150w, https:\/\/havamall.vn\/wp-content\/uploads\/2020\/11\/soju-dau-tay-1-700x700.jpg 700w, https:\/\/havamall.vn\/wp-content\/uploads\/2020\/11\/soju-dau-tay-1-300x300.jpg 300w, https:\/\/havamall.vn\/wp-content\/uploads\/2020\/11\/soju-dau-tay-1-768x768.jpg 768w, https:\/\/havamall.vn\/wp-content\/uploads\/2020\/11\/soju-dau-tay-1-600x600.jpg 600w, https:\/\/havamall.vn\/wp-content\/uploads\/2020\/11\/soju-dau-tay-1-100x100.jpg 100w\" sizes=\"(max-width: 621px) 100vw, 621px\" \/><\/p>\n<ul>\n<li>H\u01b0\u1edbng d\u1eabn s\u1eed d\u1ee5ng: D\u00f9ng \u0111\u1ec3 u\u1ed1ng tr\u1ef1c ti\u1ebfp, ngon h\u01a1n khi u\u1ed1ng l\u1ea1nh.<\/li>\n<li>B\u1ea3o qu\u1ea3n: \u0110\u1ec3 n\u01a1i kh\u00f4 r\u00e1o, tho\u00e1ng m\u00e1t \u0111\u1ea3m b\u1ea3o \u0111i\u1ec1u ki\u1ec7n v\u1ec7 sinh an to\u00e0n th\u1ef1c ph\u1ea9m, tr\u00e1nh ti\u1ebfp x\u00fac tr\u1ef1c ti\u1ebfp v\u1edbi \u00e1nh s\u00e1ng m\u1eb7t tr\u1eddi.<\/li>\n<li>Th\u1eddi gian s\u1eed d\u1ee5ng: Kh\u00f4ng c\u00f3 h\u1ea1n s\u1eed d\u1ee5ng, c\u00e0ng \u0111\u1ec3 l\u00e2u u\u1ed1ng c\u00e0ng ngon.<\/li>\n<li>Ng\u00e0y s\u1ea3n xu\u1ea5t: Xem tr\u00ean bao b\u00ec s\u1ea3n ph\u1ea9m<\/li>\n<\/ul>\n<p><em>R\u01b0\u1ee3u Soju H\u01b0\u01a1ng V\u1ecb D\u00e2u Jinro 360ml \u0111ang \u0111\u01b0\u1ee3c ph\u00e2n ph\u1ed1i t\u1ea1i Vi\u1ec7t Nam b\u1edfi Havamall. \u0110\u1eebng ch\u1ea7n ch\u1eeb m\u00e0 h\u00e3y \u0111\u1eb7t ngay \u0111\u1ec3 n\u1ebfm th\u1eed h\u01b0\u01a1ng v\u1ecb n\u01b0\u1edbc tr\u00e1i c\u00e2y l\u00ean men \u0111\u01b0\u1ee3c nh\u1eadp kh\u1ea9u tr\u1ef1c ti\u1ebfp t\u1eeb H\u00e0n Qu\u1ed1c nh\u00e9.<\/em><\/p>","protected":false},"excerpt":{"rendered":"<ul>\n<li>R\u01b0\u1ee3u Soju D\u00e2u Jinro 360ml l\u00e0 m\u1ed9t s\u1ea3n ph\u1ea9m m\u1edbi v\u1ec1 r\u01b0\u1ee3u tr\u00e1i c\u00e2y \u0111\u01b0\u1ee3c tung ra g\u1ea7n \u0111\u00e2y c\u1ee7a h\u00e3ng r\u01b0\u1ee3u Hite Jinro sau lo\u1ea1t v\u1ecb tr\u00e1i c\u00e2y ra m\u1eaft tr\u01b0\u1edbc \u0111\u00f3 nh\u01b0 chamisul nho, b\u01b0\u1edfi, m\u1eadn.<\/li>\n<li>V\u1edbi v\u1ecb d\u00e2u t\u00e2y th\u01a1m ng\u1ecdt t\u1ef1 nhi\u00ean, r\u01b0\u1ee3u soju d\u00e2u kh\u00f4ng ch\u1ec9 l\u00e0 \u0111\u1ed3 u\u1ed1ng gi\u1ea3i kh\u00e1t ngon m\u00e1t, nh\u1eb9 nh\u00e0ng m\u00e0 c\u00f2n r\u1ea5t th\u00edch h\u1ee3p \u0111\u1ec3 u\u1ed1ng c\u00f9ng v\u1edbi c\u00e1c m\u00f3n n\u01b0\u1edbng l\u1ea9u, h\u1ea3i s\u1ea3n trong c\u00e1c b\u1eefa ti\u1ec7c, li\u00ean hoan.<\/li>\n<li>R\u01b0\u1ee3u Soju D\u00e2u Jinro \u0111\u01b0\u1ee3c \u0111\u1ef1ng trong chai th\u1ee7y tinh \u0111\u1ec3 \u0111\u1ea3m b\u1ea3o \u0111\u1ed9 an to\u00e0n v\u1ec7 sinh th\u1ef1c ph\u1ea9m. Thi\u1ebft k\u1ebf bao b\u00ec tinh t\u1ebf, trang tr\u1ecdng r\u1ea5t th\u00edch h\u1ee3p khi l\u00e0m qu\u00e0 t\u1eb7ng v\u00e0 check-in ch\u1ee5p h\u00ecnh sanh ch\u1ea3nh.<\/li>\n<\/ul>","protected":false},"featured_media":17331,"comment_status":"open","ping_status":"closed","template":"","meta":[],"product_brand":[],"product_cat":[36,135],"product_tag":[],"class_list":{"0":"post-17307","1":"product","2":"type-product","3":"status-publish","4":"has-post-thumbnail","6":"product_cat-thuc-pham-tieu-dung","7":"product_cat-sua-do-uong","8":"pa_brand-jinro","10":"first","11":"instock","12":"sale","13":"shipping-taxable","14":"purchasable","15":"product-type-simple"},"_links":{"self":[{"href":"https:\/\/havamall.vn\/en\/wp-json\/wp\/v2\/product\/17307"}],"collection":[{"href":"https:\/\/havamall.vn\/en\/wp-json\/wp\/v2\/product"}],"about":[{"href":"https:\/\/havamall.vn\/en\/wp-json\/wp\/v2\/types\/product"}],"replies":[{"embeddable":true,"href":"https:\/\/havamall.vn\/en\/wp-json\/wp\/v2\/comments?post=17307"}],"version-history":[{"count":0,"href":"https:\/\/havamall.vn\/en\/wp-json\/wp\/v2\/product\/17307\/revisions"}],"wp:featuredmedia":[{"embeddable":true,"href":"https:\/\/havamall.vn\/en\/wp-json\/wp\/v2\/media\/17331"}],"wp:attachment":[{"href":"https:\/\/havamall.vn\/en\/wp-json\/wp\/v2\/media?parent=17307"}],"wp:term":[{"taxonomy":"product_brand","embeddable":true,"href":"https:\/\/havamall.vn\/en\/wp-json\/wp\/v2\/product_brand?post=17307"},{"taxonomy":"product_cat","embeddable":true,"href":"https:\/\/havamall.vn\/en\/wp-json\/wp\/v2\/product_cat?post=17307"},{"taxonomy":"product_tag","embeddable":true,"href":"https:\/\/havamall.vn\/en\/wp-json\/wp\/v2\/product_tag?post=17307"}],"curies":[{"name":"wp","href":"https:\/\/api.w.org\/{rel}","templated":true}]}}