{"id":17278,"date":"2020-11-03T14:43:13","date_gmt":"2020-11-03T07:43:13","guid":{"rendered":"https:\/\/havamall.vn\/?post_type=product&#038;p=17278"},"modified":"2025-06-14T17:12:40","modified_gmt":"2025-06-14T10:12:40","slug":"bot-gia-vi-uop-thit-nuong-thuong-hieu-hava-foodies-goi-100g-barbecue-meat-powder","status":"publish","type":"product","link":"https:\/\/havamall.vn\/en\/shop\/bot-gia-vi-uop-thit-nuong-thuong-hieu-hava-foodies-goi-100g-barbecue-meat-powder\/","title":{"rendered":"B\u1ed9t Gia V\u1ecb \u01af\u1edbp Th\u1ecbt N\u01b0\u1edbng Th\u01b0\u01a1ng Hi\u1ec7u Hava Foodies G\u00f3i 100g \u2013 Barbecue Meat Powder"},"content":{"rendered":"<h1>BBQ L\u00c0 G\u00cc?<\/h1>\n<p>BBQ l\u00e0 vi\u1ebft t\u1eaft c\u1ee7a Barbecue l\u00e0 t\u1eeb d\u00f9ng \u0111\u1ec3 g\u1ecdi chung c\u00e1c m\u00f3n th\u1ecbt n\u01b0\u1edbng tr\u00ean than h\u1ed3ng, ch\u1ee7 y\u1ebfu l\u00e0 th\u1ecbt heo, th\u1ecbt b\u00f2, th\u1ecbt b\u00ea, th\u1ecbt g\u00e0, th\u1ecbt c\u1eebu\u2026 quay hay n\u01b0\u1edbng theo mi\u1ebfng ho\u1eb7c nguy\u00ean con v\u00e0 \u0111\u1eb7t trong m\u1ed1i li\u00ean h\u1ec7 c\u1ee7a m\u1ed9t b\u1eefa ti\u1ec7c li\u00ean hoan ngo\u00e0i tr\u1eddi v\u1edbi \u0111\u00f4ng ng\u01b0\u1eddi tham d\u1ef1. N\u00f3i c\u00e1ch kh\u00e1c, BBQ c\u00f3 th\u1ec3 \u0111\u01b0\u1ee3c hi\u1ec3u l\u00e0 cu\u1ed9c li\u00ean hoan ngo\u00e0i tr\u1eddi c\u00f3 heo, b\u00f2, c\u1eebu\u2026 quay ho\u1eb7c n\u01b0\u1edbng.<\/p>\n<p>Ki\u1ec3u ti\u1ec7c BBQ xu\u1ea5t hi\u1ec7n t\u1eeb l\u00e2u t\u1ea1i c\u00e1c n\u01b0\u1edbc tr\u00ean th\u1ebf gi\u1edbi nh\u01b0 Anh, M\u1ef9, \u00dac, New Zealand, c\u00e1c n\u01b0\u1edbc \u1edf Nam Phi, Nam M\u1ef9\u2026 Sau n\u00e0y, BBQ lan r\u1ed9ng sang ch\u00e2u \u00c1, trong \u0111\u00f3 c\u00f3 Vi\u1ec7t Nam. Nh\u01b0 m\u1ed9t xu h\u01b0\u1edbng m\u1edbi th\u1ecbnh h\u00e0nh trong th\u01b0\u1edfng th\u1ee9c \u1ea9m th\u1ef1c, ng\u00e0y c\u00e0ng c\u00f3 nhi\u1ec1u h\u1ec7 th\u1ed1ng nh\u00e0 h\u00e0ng, qu\u00e1n BBQ \u0111\u01b0\u1ee3c m\u1edf ra v\u00e0 thu h\u00fat l\u01b0\u1ee3ng l\u1edbn kh\u00e1ch h\u00e0ng.<\/p>\n<p><img fetchpriority=\"high\" decoding=\"async\" class=\"size-full wp-image-17283 aligncenter\" src=\"https:\/\/havamall.com\/wp-content\/uploads\/2025\/06\/cach-uop-thit-nuong.jpg\" alt=\"\" width=\"600\" height=\"400\" \/><\/p>\n<p>C\u00e1c lo\u1ea1i th\u1ecbt \u0111\u01b0\u1ee3c t\u1ea9m \u01b0\u1edbp gia v\u1ecb \u0111\u1eadm \u0111\u00e0, v\u1eeba mi\u1ec7ng, sau \u0111\u00f3 ph\u1ebft th\u00eam m\u1ed9t l\u1edbp n\u01b0\u1edbc s\u1ed1t v\u00e0 \u0111\u1eb7t l\u00ean than h\u1ed3ng \u0111\u1ecf r\u1ef1c. Th\u1ecbt n\u01b0\u1edbng BBQ tr\u00ean b\u1ebfp \u0111i\u1ec7n kh\u00f4ng cho ra m\u00f9i th\u01a1m h\u1ea5p d\u1eabn nh\u01b0ng khi n\u01b0\u1edbng tr\u00ean than h\u1ed3ng s\u1ebd t\u1ecfa ra h\u01b0\u01a1ng th\u01a1m ph\u1ee9c kh\u00f3 ch\u1ed1i t\u1eeb. Khi ch\u00edn, l\u1edbp v\u1ecf mi\u1ebfng th\u1ecbt s\u1ebd h\u01a1i ch\u00e1y gi\u00f2n, l\u1edbp th\u1ecbt b\u00ean trong m\u1ec1m quy\u1ec7n v\u1edbi n\u01b0\u1edbc s\u1ed1t v\u00e0 gia v\u1ecb, k\u00edch th\u00edch m\u1ecdi gi\u00e1c quan th\u1ef1c kh\u00e1ch. Nh\u1eefng bu\u1ed5i t\u1ed1i cu\u1ed1i tu\u1ea7n hay nh\u1eefng d\u1ecbp gia \u0111\u00ecnh, b\u1ea1n b\u00e8 t\u1ee5 h\u1ecdp, s\u1ebd th\u1eadt tuy\u1ec7t v\u1eddi n\u1ebfu m\u1ecdi ng\u01b0\u1eddi c\u00f9ng ng\u1ed3i quanh b\u1ebfp than h\u1ed3ng, h\u00edt h\u00e0 h\u01b0\u01a1ng th\u01a1m ph\u1ee9c t\u1eeb nh\u1eefng mi\u1ebfng th\u1ecbt n\u01b0\u1edbng v\u00e0 c\u1ea3m nh\u1eadn m\u00f9i v\u1ecb \u0111\u1eadm \u0111\u00e0 h\u1ea5p d\u1eabn c\u1ee7a BBQ. \u0110\u00f3 c\u0169ng l\u00e0 l\u00ed do v\u00ec sao BBQ \u0111\u01b0\u1ee3c \u01b0a chu\u1ed9ng kh\u1eafp th\u1ebf gi\u1edbi.<\/p>\n<p><strong>TH\u00d4NG TIN S\u1ea2N PH\u1ea8M<\/strong><\/p>\n<ul>\n<li>Th\u01b0\u01a1ng hi\u1ec7u: Havafood<\/li>\n<li>Th\u00e0nh ph\u1ea7n: 100% b\u1ed9t BBQ<\/li>\n<li>C\u00e1ch s\u1eed d\u1ee5ng: D\u00f9ng \u0111\u1ec3 l\u00e0m gia v\u1ecb t\u1ea9m \u01b0\u1edbp c\u00e1c m\u00f3n n\u01b0\u1edbng, \u0111\u1eb7c bi\u1ec7t l\u00e0 th\u1ecbt heo, th\u1ecbt g\u00e0, &#8230;<\/li>\n<li>Quy c\u00e1ch \u0111\u00f3ng g\u00f3i: 100g<\/li>\n<li>H\u1ea1n s\u1eed d\u1ee5ng: Xem tr\u00ean bao b\u00ec s\u1ea3n ph\u1ea9m<\/li>\n<li>B\u1ea3o qu\u1ea3n: N\u01a1i tho\u00e1ng m\u00e1t, tr\u00e1nh \u00e1nh n\u1eafng tr\u1ef1c ti\u1ebfp m\u1eb7t tr\u1eddi<\/li>\n<\/ul>\n<p><img decoding=\"async\" class=\"wp-image-17280 aligncenter\" src=\"https:\/\/havamall.com\/wp-content\/uploads\/2025\/06\/gia-vi-bbq.jpg\" alt=\"\" width=\"636\" height=\"424\" \/><\/p>\n<p><strong>\u0110\u1eb6C \u0110I\u1ec2M N\u1ed4I B\u1eacT C\u1ee6A B\u1ed8T GIA V\u1eca BBQ<\/strong><\/p>\n<p>B\u1ed9t BBQ l\u00e0 gia v\u1ecb \u0111\u01b0\u1ee3c m\u1ecdi ng\u01b0\u1eddi s\u1eed d\u1ee5ng ph\u1ed5 bi\u1ebfn trong c\u00e1c m\u00f3n n\u01b0\u1edbng nh\u01b0 th\u1ecbt n\u01b0\u1edbng, rau c\u1ee7 n\u01b0\u1edbng\u2026,<\/p>\n<p>Gia v\u1ecb \u01b0\u1edbp th\u1ecbt n\u01b0\u1edbng BBQ \u0111\u01b0\u1ee3c k\u1ebft h\u1ee3p nguy\u00ean li\u1ec7u, gia v\u1ecb v\u00e0 c\u00e1ch \u01b0\u1edbp th\u1ecbt, t\u1ea1o n\u00ean m\u1ed9t th\u1ef1c \u0111\u01a1n phong ph\u00fa v\u1edbi nhi\u1ec1u m\u00f3n \u0103n \u0111\u01b0\u1ee3c ch\u1ebf bi\u1ebfn kh\u00e1c nhau, \u0111\u00e1p \u1ee9ng kh\u1ea9u v\u1ecb v\u00e0 s\u1edf th\u00edch c\u1ee7a t\u1ea5t c\u1ea3 m\u1ecdi ng\u01b0\u1eddi. Trong \u0111\u00f3, c\u00e1ch \u01b0\u1edbp th\u1ecbt \u0111\u01b0\u1ee3c xem l\u00e0 thao t\u00e1c quan tr\u1ecdng nh\u1ea5t, quy\u1ebft \u0111\u1ecbnh s\u1ef1 th\u00e0nh c\u00f4ng c\u1ee7a m\u00f3n n\u01b0\u1edbng BBQ.<\/p>\n<p><img decoding=\"async\" class=\"wp-image-17282 aligncenter\" src=\"https:\/\/havamall.com\/wp-content\/uploads\/2025\/06\/sot-bbq.jpg\" alt=\"\" width=\"671\" height=\"446\" \/><\/p>\n<p>Nguy\u00ean li\u1ec7u l\u00e0m b\u1ed9t gia v\u1ecb \u01b0\u1edbp th\u1ecbt n\u01b0\u1edbng BBQ \u0111\u01b0\u1ee3c ch\u1ecdn l\u1ecdc k\u1ef9 l\u01b0\u1ee1ng, kh\u00f4ng ch\u1ee9a ch\u1ea5t b\u1ea3o qu\u1ea3n, kh\u00f4ng s\u1eed d\u1ee5ng ch\u1ea5t t\u1ea1o m\u00f9i v\u00e0 kh\u00f4ng ch\u1ea5t t\u1ea1o m\u00e0u, \u0111\u1ea3m b\u1ea3o an to\u00e0n cho ng\u01b0\u1eddi s\u1eed d\u1ee5ng.<\/p>\n<p><strong>C\u00c1CH \u01af\u1edaP TH\u1ecaT N\u01af\u1edaNG \u0110\u00daNG CHU\u1ea8N NH\u00c0 H\u00c0NG V\u1edaI B\u1ed8T GIA V\u1eca BBQ<\/strong><\/p>\n<p><i>B\u01b0\u1edbc 1: Chu\u1ea9n b\u1ecb th\u1ecbt<\/i><\/p>\n<ul>\n<li>Th\u1ecbt ba ch\u1ec9 1kg r\u1eeda s\u1ea1ch b\u1eb1ng n\u01b0\u1edbc l\u1ea1nh, sau \u0111\u00f3 th\u00e1i th\u00e0nh t\u1eebng l\u00e1t m\u1ecfng v\u1eeba \u0103n l\u00e0 \u0111\u01b0\u1ee3c.<\/li>\n<li>Ch\u00fa \u00fd kh\u00f4ng n\u00ean th\u00e1i mi\u1ebfng qu\u00e1 d\u00e0y v\u00ec th\u1ecbt c\u00f3 th\u1ec3 kh\u00f4ng ng\u1ea5m \u0111\u01b0\u1ee3c s\u00e2u gia v\u1ecb v\u00e0 khi n\u01b0\u1edbng s\u1ebd l\u00e2u ch\u00edn v\u00e0 \u201cn\u1eeda ch\u00edn n\u1eeda s\u1ed1ng\u201d nh\u00e9 .<\/li>\n<\/ul>\n<p><img loading=\"lazy\" decoding=\"async\" class=\"wp-image-17284 aligncenter\" src=\"https:\/\/havamall.com\/wp-content\/uploads\/2025\/06\/cach-lam-thit-ba-chi-nuong8-600x396-1.jpg\" alt=\"\" width=\"533\" height=\"352\" \/><\/p>\n<p><i>B\u01b0\u1edbc 2: \u01af\u1edbp th\u1ecbt<\/i><\/p>\n<ul>\n<li>\u0110\u1ed5 to\u00e0n b\u1ed9 th\u1ecbt v\u00e0o m\u1ed9t chi\u1ebfc t\u00f4 l\u1edbn. Cho th\u00eam 20g gia v\u1ecb v\u00e0 \u01b0\u1edbp th\u1ecbt trong v\u00f2ng 30 ph\u00fat.<\/li>\n<li>C\u00f3 th\u1ec3 cho th\u00eam h\u00e0nh t\u00e2y xay nhuy\u1ec5n, t\u1ecfi, g\u1eebng b\u0103m nhuy\u1ec5n v\u00e0o t\u00f4 th\u1ecbt b\u00ean tr\u00ean n\u1ebfu th\u00edch, tr\u1ed9n \u0111\u1ec1u v\u00e0 \u01b0\u1edbp th\u1ecbt trong ng\u0103n m\u00e1t t\u1ee7 l\u1ea1nh ch\u1eebng 30 ph\u00fat cho th\u1ecbt ng\u1ea5m \u0111\u1ec1u gia v\u1ecb l\u00e0 \u0111\u01b0\u1ee3c.<\/li>\n<\/ul>\n<p><i>B\u01b0\u1edbc 3: N\u01b0\u1edbng th\u1ecbt<\/i><\/p>\n<ul>\n<li>N\u01b0\u1edbng b\u1eb1ng l\u00f2 n\u01b0\u1edbng ho\u1eb7c n\u01b0\u1edbng b\u1ebfp than ngo\u00e0i tr\u1eddi<\/li>\n<\/ul>\n<p><em>B\u1ed9t gia v\u1ecb \u01b0\u1edbp th\u1ecbt n\u01b0\u1edbng BBQ c\u1ee7a <strong>Havafood<\/strong> \u0111\u1ea3m b\u1ea3o:<\/em><\/p>\n<ul>\n<li><em>Kh\u00f4ng ch\u1ee9a ch\u1ea5t b\u1ea3o qu\u1ea3n.<\/em><\/li>\n<li><em>Kh\u00f4ng s\u1eed d\u1ee5ng ch\u1ea5t t\u1ea1o m\u00f9i.<\/em><\/li>\n<li><em>Kh\u00f4ng ch\u1ea5t t\u1ea1o m\u00e0u.<\/em><\/li>\n<\/ul>","protected":false},"excerpt":{"rendered":"<ul>\n<li>B\u1ed9t BBQ l\u00e0 gia v\u1ecb \u0111\u01b0\u1ee3c m\u1ecdi ng\u01b0\u1eddi s\u1eed d\u1ee5ng ph\u1ed5 bi\u1ebfn trong c\u00e1c m\u00f3n n\u01b0\u1edbng nh\u01b0 th\u1ecbt n\u01b0\u1edbng, rau c\u1ee7 n\u01b0\u1edbng\u2026,<\/li>\n<li>Gia v\u1ecb \u01b0\u1edbp th\u1ecbt n\u01b0\u1edbng BBQ \u0111\u01b0\u1ee3c k\u1ebft h\u1ee3p nguy\u00ean li\u1ec7u, gia v\u1ecb v\u00e0 c\u00e1ch \u01b0\u1edbp th\u1ecbt, t\u1ea1o n\u00ean m\u1ed9t th\u1ef1c \u0111\u01a1n phong ph\u00fa v\u1edbi nhi\u1ec1u m\u00f3n \u0103n \u0111\u01b0\u1ee3c ch\u1ebf bi\u1ebfn kh\u00e1c nhau, \u0111\u00e1p \u1ee9ng kh\u1ea9u v\u1ecb v\u00e0 s\u1edf th\u00edch c\u1ee7a t\u1ea5t c\u1ea3 m\u1ecdi ng\u01b0\u1eddi. Trong \u0111\u00f3, c\u00e1ch \u01b0\u1edbp th\u1ecbt \u0111\u01b0\u1ee3c xem l\u00e0 thao t\u00e1c quan tr\u1ecdng nh\u1ea5t, quy\u1ebft \u0111\u1ecbnh s\u1ef1 th\u00e0nh c\u00f4ng c\u1ee7a m\u00f3n n\u01b0\u1edbng BBQ.<\/li>\n<li>Nguy\u00ean li\u1ec7u l\u00e0m b\u1ed9t gia v\u1ecb \u01b0\u1edbp th\u1ecbt n\u01b0\u1edbng BBQ \u0111\u01b0\u1ee3c ch\u1ecdn l\u1ecdc k\u1ef9 l\u01b0\u1ee1ng, kh\u00f4ng ch\u1ee9a ch\u1ea5t b\u1ea3o qu\u1ea3n, kh\u00f4ng s\u1eed d\u1ee5ng ch\u1ea5t t\u1ea1o m\u00f9i v\u00e0 kh\u00f4ng ch\u1ea5t t\u1ea1o m\u00e0u, \u0111\u1ea3m b\u1ea3o an to\u00e0n cho ng\u01b0\u1eddi s\u1eed d\u1ee5ng.<\/li>\n<\/ul>","protected":false},"featured_media":39634,"comment_status":"open","ping_status":"closed","template":"","meta":[],"product_brand":[],"product_cat":[40,154],"product_tag":[],"class_list":{"0":"post-17278","1":"product","2":"type-product","3":"status-publish","4":"has-post-thumbnail","6":"product_cat-sieuthi-giasi","7":"product_cat-gia-vi","8":"pa_brand-skx","10":"first","11":"instock","12":"sale","13":"shipping-taxable","14":"purchasable","15":"product-type-simple"},"_links":{"self":[{"href":"https:\/\/havamall.vn\/en\/wp-json\/wp\/v2\/product\/17278"}],"collection":[{"href":"https:\/\/havamall.vn\/en\/wp-json\/wp\/v2\/product"}],"about":[{"href":"https:\/\/havamall.vn\/en\/wp-json\/wp\/v2\/types\/product"}],"replies":[{"embeddable":true,"href":"https:\/\/havamall.vn\/en\/wp-json\/wp\/v2\/comments?post=17278"}],"version-history":[{"count":0,"href":"https:\/\/havamall.vn\/en\/wp-json\/wp\/v2\/product\/17278\/revisions"}],"wp:featuredmedia":[{"embeddable":true,"href":"https:\/\/havamall.vn\/en\/wp-json\/wp\/v2\/media\/39634"}],"wp:attachment":[{"href":"https:\/\/havamall.vn\/en\/wp-json\/wp\/v2\/media?parent=17278"}],"wp:term":[{"taxonomy":"product_brand","embeddable":true,"href":"https:\/\/havamall.vn\/en\/wp-json\/wp\/v2\/product_brand?post=17278"},{"taxonomy":"product_cat","embeddable":true,"href":"https:\/\/havamall.vn\/en\/wp-json\/wp\/v2\/product_cat?post=17278"},{"taxonomy":"product_tag","embeddable":true,"href":"https:\/\/havamall.vn\/en\/wp-json\/wp\/v2\/product_tag?post=17278"}],"curies":[{"name":"wp","href":"https:\/\/api.w.org\/{rel}","templated":true}]}}