{"id":17275,"date":"2020-11-03T14:17:44","date_gmt":"2020-11-03T07:17:44","guid":{"rendered":"https:\/\/havamall.vn\/?post_type=product&#038;p=17275"},"modified":"2025-06-08T11:30:56","modified_gmt":"2025-06-08T04:30:56","slug":"tieu-hoi-huong-thuong-hieu-hava-foodies-goi-100g-fennel-seeds","status":"publish","type":"product","link":"https:\/\/havamall.vn\/en\/shop\/tieu-hoi-huong-thuong-hieu-hava-foodies-goi-100g-fennel-seeds\/","title":{"rendered":"Ti\u1ec3u H\u1ed3i H\u01b0\u01a1ng Th\u01b0\u01a1ng Hi\u1ec7u Hava Foodies G\u00f3i 100g \u2013 Fennel Seeds"},"content":{"rendered":"<p><strong>TH\u00d4NG TIN S\u1ea2N PH\u1ea8M<\/strong><\/p>\n<table border=\"1\" cellspacing=\"0\">\n<tbody>\n<tr>\n<td><strong>Th\u01b0\u01a1ng hi\u1ec7u<\/strong><\/td>\n<td>Havafood<\/td>\n<\/tr>\n<tr>\n<td><strong>\u0110\u00f3ng g\u00f3i<\/strong><\/td>\n<td>L\u1ecd th\u1ee7y tinh ch\u1eafc ch\u1eafn<\/td>\n<\/tr>\n<tr>\n<td><strong>Th\u00e0nh ph\u1ea7n<\/strong><\/td>\n<td>H\u1ea1t ti\u1ec3u h\u1ed3i h\u01b0\u01a1ng Havafood \u0111\u01b0\u1ee3c l\u1ef1a ch\u1ecdn t\u1eeb h\u01b0\u01a1ng li\u1ec7u t\u1ef1 nhi\u00ean 100%, ph\u01a1i ph\u00f4 v\u00e0 \u0111\u01b0\u1ee3c \u0111\u00f3ng h\u00e0ng d\u01b0\u1edbi s\u1ef1 ki\u1ec3u so\u00e1t nghi\u00eam ng\u1eb7t<\/td>\n<\/tr>\n<tr>\n<td><strong>H\u1ea1n s\u1eed d\u1ee5ng<\/strong><\/td>\n<td>Xem tr\u00ean bao b\u00ec s\u1ea3n ph\u1ea9m<\/td>\n<\/tr>\n<tr>\n<td><strong>C\u00e1ch s\u1eed d\u1ee5ng<\/strong><\/td>\n<td>D\u00f9ng \u0111\u1ec3 l\u00e0m gia v\u1ecb t\u1ea9m \u01b0\u1edbp, n\u1ea5u ph\u1edf, n\u1ea5u tr\u00e0,\u2026<\/td>\n<\/tr>\n<tr>\n<td><strong>Nh\u1eadp kh\u1ea9u &amp; \u0111\u00f3ng g\u00f3i<\/strong><\/td>\n<td>Vi\u1ec7t Nam<\/td>\n<\/tr>\n<tr>\n<td><strong>\u00a0B\u1ea3o qu\u1ea3n<\/strong><\/td>\n<td>\u00a0N\u01a1i tho\u00e1ng m\u00e1t, tr\u00e1nh \u00e1nh n\u1eafng tr\u1ef1c ti\u1ebfp, tho\u00e1ng m\u00e1t<\/td>\n<\/tr>\n<tr>\n<td><strong>Kh\u1ed1i l\u01b0\u1ee3ng\u00a0<\/strong><\/td>\n<td>100g<\/td>\n<\/tr>\n<\/tbody>\n<\/table>\n<p><img fetchpriority=\"high\" decoding=\"async\" class=\"size-full wp-image-17296 aligncenter\" src=\"https:\/\/havamall.com\/wp-content\/uploads\/2025\/06\/tieu-hoi.jpg\" alt=\"\" width=\"567\" height=\"474\" \/><\/p>\n<p><strong>\u0110\u1eb6C \u0110I\u1ec2M N\u1ed4I B\u1eacT C\u1ee6A S\u1ea2N PH\u1ea8M<\/strong><\/p>\n<p>H\u1ea1t ti\u1ec3u h\u1ed3i h\u01b0\u01a1ng l\u00e0 m\u1ed9t trong nh\u1eefng th\u00e0nh ph\u1ea7n ch\u00ednh c\u1ee7a Ph\u1edf Vi\u1ec7t, v\u00e0 l\u00e0 m\u1ed9t trong nh\u1eefng gia v\u1ecb ch\u00ednh trong x\u00fac x\u00edch \u00dd, v\u00e0 ch\u00fang c\u0169ng \u0111\u01b0\u1ee3c s\u1eed d\u1ee5ng th\u01b0\u1eddng xuy\u00ean trong \u1ea9m th\u1ef1c \u1ea4n \u0110\u1ed9 v\u00e0 Trung \u0110\u00f4ng.<\/p>\n<p>H\u1ea1t ti\u1ec3u h\u1ed3i h\u01b0\u01a1ng c\u00f3 v\u1ecb h\u01a1i ng\u1ecdt nh\u01b0 cam th\u1ea3o v\u00e0 c\u00f3 th\u1ec3 t\u1ea1o ra s\u1ef1 k\u1ebft h\u1ee3p h\u00e0i h\u00f2a v\u1edbi h\u00fang qu\u1ebf, \u0111inh h\u01b0\u01a1ng, oregano v\u00e0 h\u00fang t\u00e2y.<\/p>\n<p>H\u1ea1t ti\u1ec3u h\u1ed3i h\u01b0\u01a1ng \u0111\u01b0\u1ee3c s\u1eed d\u1ee5ng trong h\u1ea7u h\u1ebft m\u1ecdi n\u1ec1n v\u0103n h\u00f3a; Ng\u01b0\u1eddi \u00dd s\u1eed d\u1ee5ng n\u00f3 tr\u00ean th\u1ecbt l\u1ee3n n\u01b0\u1edbng v\u00e0 trong n\u01b0\u1edbc s\u1ed1t, ng\u01b0\u1eddi Ph\u00e1p s\u1eed d\u1ee5ng v\u1edbi c\u00e1, ng\u01b0\u1eddi \u0110\u1ee9c s\u1eed d\u1ee5ng n\u00f3 trong d\u01b0a c\u1ea3i b\u1eafp, ng\u01b0\u1eddi Hy L\u1ea1p trong b\u00e1nh m\u00ec, ng\u01b0\u1eddi Trung Qu\u1ed1c tr\u00ean c\u00e1c lo\u1ea1i th\u1ecbt gia c\u1ea7m v\u00e0 ng\u01b0\u1eddi d\u00e2n \u1ea4n \u0110\u1ed9 ngo\u00e0i vi\u1ec7c nhai h\u1ea1t th\u00ec l\u00e0 nh\u01b0 m\u1ed9t ch\u1ea5t l\u00e0m m\u00e1t h\u01a1i th\u1edf, m\u00e0 c\u00f2n s\u1eed d\u1ee5ng n\u00f3 nh\u01b0 m\u1ed9t th\u00e0nh ph\u1ea7n quan tr\u1ecdng trong nhi\u1ec1u h\u01b0\u01a1ng v\u1ecb c\u00e0 ri. Ngo\u00e0i ra, c\u00f2n c\u00f3 th\u1ec3 s\u1eed d\u1ee5ng n\u00f3 trong l\u00e0m x\u00fac x\u00edch, s\u00fap, b\u00e1nh v\u00e0 b\u00e1nh quy.<\/p>\n<p>H\u1ea1t ti\u1ec3u h\u1ed3i ch\u1ee9a t\u1eeb 2 \u2013 6% l\u01b0\u1ee3ng tinh d\u1ea7u. V\u00e0 trong tinh d\u1ea7u ti\u1ec3u h\u1ed3i c\u00f3 ch\u1ee9a t\u1edbi 60% ch\u1ea5t anethol, estragol, carbur terpen c\u00f3 t\u00e1c d\u1ee5ng ng\u0103n ng\u1eeba s\u1ef1 ph\u00e1t tri\u1ec3n c\u1ee7a c\u00e1c vi khu\u1ea9n, n\u1ea5m g\u00e2y b\u1ec7nh trong c\u01a1 th\u1ec3.<\/p>\n<p><img decoding=\"async\" class=\"size-full wp-image-17295 aligncenter\" src=\"https:\/\/havamall.com\/wp-content\/uploads\/2025\/06\/tieu-hoi-3.jpg\" alt=\"\" width=\"600\" height=\"400\" \/><\/p>\n<p>C\u00e1c ch\u1ea5t dinh d\u01b0\u1ee1ng c\u00f3 trong ti\u1ec3u h\u1ed3i h\u01b0\u01a1ng nh\u01b0 vitamin A, C, B8, B9 v\u00e0 s\u1eaft, canxi, ph\u1ed1t pho, kali\u2026 c\u00f3 t\u00e1c d\u1ee5ng cung c\u1ea5p c\u00e1c kho\u00e1ng ch\u1ea5t, gi\u00fap c\u01a1 th\u1ec3 s\u1ea3n sinh ra l\u01b0\u1ee3ng m\u00e1u v\u1eeba \u0111\u1ee7, ng\u0103n ch\u1eb7n c\u00e1c t\u00ecnh tr\u1ea1ng m\u1ec7t m\u1ecfi, ch\u1ed1ng vi\u00eam, b\u1ec7nh r\u1ed1i lo\u1ea1n n\u1ed9i ti\u1ebft t\u1ed1 \u1edf n\u1eef.<\/p>\n<p><strong>C\u00d4NG D\u1ee4NG C\u1ee6A TI\u1ec2U H\u1ed2I H\u01af\u01a0NG<\/strong><\/p>\n<p><em><strong>S\u1eed d\u1ee5ng l\u00e0m gia v\u1ecb<\/strong><\/em><\/p>\n<ul>\n<li>Gia v\u1ecb\u00a0h\u1ea1t ti\u1ec3u h\u1ed3i \u0111\u01b0\u1ee3c s\u1eed d\u1ee5ng nhi\u1ec1u \u1edf \u1ea4n \u0110\u1ed9 \u0111\u1ec3 ch\u1ebf bi\u1ebfn c\u00e1c m\u00f3n \u0103n. B\u1ea1n c\u00f3 th\u1ec3 xay nghi\u1ec1n lo\u1ea1i h\u1ea1t n\u00e0y th\u00e0nh b\u1ed9t m\u1ecbn, sau \u0111\u00f3 l\u00e0m b\u1ed9t gia v\u1ecb \u0111\u1ec3 th\u00eam v\u00e0o c\u00e1c m\u00f3n \u0103n.<\/li>\n<li>Gia v\u1ecb n\u00e0y r\u1ea5t th\u00edch h\u1ee3p \u0111\u1ec3 n\u1ea5u k\u00e8m c\u00e1c m\u00f3n chi\u00ean, n\u01b0\u1edbng, x\u00e0o (\u01b0\u1edbp b\u1ed9t gia v\u1ecb ti\u1ec3u h\u1ed3i 15 \u2013 20 ph\u00fat tr\u01b0\u1edbc khi n\u1ea5u \u0111\u1ec3 gia v\u1ecb ng\u1ea5m v\u00e0o th\u1ef1c ph\u1ea9m). T\u00f9y kh\u1ea9u v\u1ecb, b\u1ea1n c\u00f3 th\u1ec3 cho li\u1ec1u l\u01b0\u1ee3ng c\u00e1c lo\u1ea1i gia v\u1ecb t\u00f9y \u00fd.<\/li>\n<\/ul>\n<p><em><strong>S\u1eed d\u1ee5ng l\u00e0m tr\u00e0 u\u1ed1ng<\/strong><\/em><\/p>\n<ul>\n<li>Tr\u00e0 h\u1ea1t ti\u1ec3u h\u1ed3i \u0111\u01b0\u1ee3c s\u1eed d\u1ee5ng ph\u1ed5 bi\u1ebfn v\u00e0 \u0111\u01b0\u1ee3c coi nh\u01b0 m\u1ed9t lo\u1ea1i \u0111\u1ed3 u\u1ed1ng thanh nhi\u1ec7t, c\u00e1c t\u00e1c d\u1ee5ng ch\u1eefa b\u1ec7nh c\u1ef1c k\u1ef3 t\u1ed1t. S\u1eed d\u1ee5ng tr\u00e0 ti\u1ec3u h\u1ed3i l\u00e2u d\u00e0i s\u1ebd gi\u00fap c\u01a1 th\u1ec3 b\u1ea1n t\u0103ng s\u1ee9c \u0111\u1ec1 kh\u00e1ng, ph\u00f2ng ch\u1ed1ng c\u00e1c t\u00e1c nh\u00e2n g\u00e2y b\u1ec7nh v\u00e0 c\u00e1c ch\u1ea5t trong ti\u1ec3u h\u1ed3i c\u00f3 th\u1ec3 ti\u00eau di\u1ec7t, ch\u1ed1ng l\u1ea1i c\u00e1c vi khu\u1ea9n, m\u1ea7m b\u1ec7nh trong c\u01a1 th\u1ec3.<\/li>\n<li>B\u1ea1n c\u00f3 th\u1ec3 u\u1ed1ng tr\u00e0 ti\u1ec3u h\u1ed3i m\u1ed7i ng\u00e0y v\u00e0 kh\u00f4ng n\u00ean pha qu\u00e1 \u0111\u1eb7c s\u1ebd kh\u00f3 u\u1ed1ng v\u00e0 gi\u1ea3m ch\u1ee9c n\u0103ng \u0111i\u1ec1u ti\u1ebft c\u1ee7a th\u1eadn.<\/li>\n<\/ul>\n<p><img decoding=\"async\" class=\"wp-image-17297 aligncenter\" src=\"https:\/\/havamall.com\/wp-content\/uploads\/2025\/06\/fennel-seeds-in-a-tea-strainer-over-a-mug-of-herbal-tea-1024x685.jpg\" alt=\"\" width=\"608\" height=\"407\" \/><\/p>\n<p><em><strong>L\u1ee3i \u00edch v\u1ec1 s\u1ee9c kh\u1ecfe<\/strong><\/em><\/p>\n<ul>\n<li><strong>Ph\u00f2ng ch\u1ed1ng ung th\u01b0<\/strong>:\u00a0H\u1ea1t c\u00e2y ti\u1ec3u h\u1ed3i h\u01b0\u01a1ng c\u00f3 ch\u1ee9a m\u1ed9t l\u01b0\u1ee3ng cao c\u00e1c ch\u1ea5t ch\u1ed1ng oxy h\u00f3a nh\u01b0 flavonoid, kaempferol v\u00e0 quercetin. C\u00e1c ch\u1ea5t ch\u1ed1ng oxy h\u00f3a trong h\u1ea1t c\u00e2y th\u00ec l\u00e0 c\u00f3 th\u1ec3 gi\u00fap gi\u1ea3m nguy c\u01a1 ung th\u01b0 li\u00ean quan \u0111\u1ebfn thi\u1ec7t h\u1ea1i \u0111\u1ebfn c\u00e1c t\u1ebf b\u00e0o v\u00e0 DNA.<\/li>\n<li><strong>T\u1ed1t cho m\u00e1u<\/strong>: H\u1ea1t c\u00e2y ti\u1ec3u h\u1ed3i h\u01b0\u01a1ng t\u1eadp trung nhi\u1ec1u kho\u00e1ng ch\u1ea5t nh\u01b0 \u0111\u1ed3ng, s\u1eaft, canxi, kali, mangan, selen, k\u1ebdm v\u00e0 magi\u00ea\u2026 C\u00e1c ch\u1ea5t n\u00e0y \u0111\u1ec1u c\u1ea7n thi\u1ebft trong vi\u1ec7c s\u1ea3n xu\u1ea5t c\u00e1c t\u1ebf b\u00e0o m\u00e1u \u0111\u1ecf, \u0111\u1eb7c bi\u1ec7t l\u00e0 s\u1eaft.<\/li>\n<li><strong>T\u1ed1t cho tim m\u1ea1ch, ch\u1ed1ng vi\u00eam<\/strong>: H\u1ea1t c\u00e2y ti\u1ec3u h\u1ed3i h\u01b0\u01a1ng ch\u1ee9a r\u1ea5t nhi\u1ec1u ch\u1ea5t ch\u1ed1ng oxy h\u00f3a flavonoid. Nhi\u1ec1u nghi\u00ean c\u1ee9u cho th\u1ea5y r\u1eb1ng flavonoid l\u00e0 r\u1ea5t c\u00f3 hi\u1ec7u qu\u1ea3 trong vi\u1ec7c gi\u1ea3m thi\u1ec3u thi\u1ec7t h\u1ea1i \u1edf c\u00e1c t\u1ebf b\u00e0o trong c\u01a1 th\u1ec3, do \u0111\u00f3 c\u00f3 th\u1ec3 tr\u00e1nh \u0111\u01b0\u1ee3c nhi\u1ec1u lo\u1ea1i ung th\u01b0 kh\u00e1c nhau.<\/li>\n<li><strong>T\u1ed1t cho \u0111\u01b0\u1eddng ru\u1ed9t:<\/strong>\u00a0Trong 100 gram H\u1ea1t c\u00e2y ti\u1ec3u h\u1ed3i h\u01b0\u01a1ng cung c\u1ea5p h\u01a1n 150% l\u01b0\u1ee3ng ch\u1ea5t x\u01a1 m\u00e0 c\u01a1 th\u1ec3 c\u1ea7n m\u1ed7i ng\u00e0y. Ch\u1ea5t x\u01a1 gi\u00fap c\u00e2n b\u1eb1ng s\u1ef1 trao \u0111\u1ed5i ch\u1ea5t, h\u1ed7 tr\u1ee3 ti\u00eau h\u00f3a v\u00e0 l\u00e0m s\u1ea1ch ru\u1ed9t, gi\u1ea3m t\u00ecnh tr\u1ea1ng t\u00e1o b\u00f3n ru\u1ed9t k\u1ebft.<\/li>\n<\/ul>\n<p>&nbsp;<\/p>","protected":false},"excerpt":{"rendered":"<ul>\n<li>H\u1ea1t ti\u1ec3u h\u1ed3i h\u01b0\u01a1ng l\u00e0 m\u1ed9t trong nh\u1eefng th\u00e0nh ph\u1ea7n ch\u00ednh c\u1ee7a Ph\u1edf Vi\u1ec7t, v\u00e0 l\u00e0 m\u1ed9t trong nh\u1eefng gia v\u1ecb ch\u00ednh trong x\u00fac x\u00edch \u00dd, v\u00e0 ch\u00fang c\u0169ng \u0111\u01b0\u1ee3c s\u1eed d\u1ee5ng th\u01b0\u1eddng xuy\u00ean trong \u1ea9m th\u1ef1c \u1ea4n \u0110\u1ed9 v\u00e0 Trung \u0110\u00f4ng.<\/li>\n<li>H\u1ea1t ti\u1ec3u h\u1ed3i h\u01b0\u01a1ng c\u00f3 v\u1ecb h\u01a1i ng\u1ecdt nh\u01b0 cam th\u1ea3o v\u00e0 c\u00f3 th\u1ec3 t\u1ea1o ra s\u1ef1 k\u1ebft h\u1ee3p h\u00e0i h\u00f2a v\u1edbi h\u00fang qu\u1ebf, \u0111inh h\u01b0\u01a1ng, oregano v\u00e0 h\u00fang t\u00e2y.<\/li>\n<li>H\u1ea1t ti\u1ec3u h\u1ed3i ch\u1ee9a t\u1eeb 2 \u2013 6% l\u01b0\u1ee3ng tinh d\u1ea7u. V\u00e0 trong tinh d\u1ea7u ti\u1ec3u h\u1ed3i c\u00f3 ch\u1ee9a t\u1edbi 60% ch\u1ea5t anethol, estragol, carbur terpen c\u00f3 t\u00e1c d\u1ee5ng ng\u0103n ng\u1eeba s\u1ef1 ph\u00e1t tri\u1ec3n c\u1ee7a c\u00e1c vi khu\u1ea9n, n\u1ea5m g\u00e2y b\u1ec7nh trong c\u01a1 th\u1ec3.<\/li>\n<li>C\u00e1c ch\u1ea5t dinh d\u01b0\u1ee1ng c\u00f3 trong ti\u1ec3u h\u1ed3i h\u01b0\u01a1ng nh\u01b0 vitamin A, C, B8, B9 v\u00e0 s\u1eaft, canxi, ph\u1ed1t pho, kali\u2026 c\u00f3 t\u00e1c d\u1ee5ng cung c\u1ea5p c\u00e1c kho\u00e1ng ch\u1ea5t, gi\u00fap c\u01a1 th\u1ec3 s\u1ea3n sinh ra l\u01b0\u1ee3ng m\u00e1u v\u1eeba \u0111\u1ee7, ng\u0103n ch\u1eb7n c\u00e1c t\u00ecnh tr\u1ea1ng m\u1ec7t m\u1ecfi, ch\u1ed1ng vi\u00eam, b\u1ec7nh r\u1ed1i lo\u1ea1n n\u1ed9i ti\u1ebft t\u1ed1 \u1edf n\u1eef.<\/li>\n<\/ul>","protected":false},"featured_media":39185,"comment_status":"open","ping_status":"closed","template":"","meta":[],"product_brand":[],"product_cat":[40,154],"product_tag":[],"class_list":{"0":"post-17275","1":"product","2":"type-product","3":"status-publish","4":"has-post-thumbnail","6":"product_cat-sieuthi-giasi","7":"product_cat-gia-vi","8":"pa_brand-skx","10":"first","11":"instock","12":"sale","13":"shipping-taxable","14":"purchasable","15":"product-type-simple"},"_links":{"self":[{"href":"https:\/\/havamall.vn\/en\/wp-json\/wp\/v2\/product\/17275"}],"collection":[{"href":"https:\/\/havamall.vn\/en\/wp-json\/wp\/v2\/product"}],"about":[{"href":"https:\/\/havamall.vn\/en\/wp-json\/wp\/v2\/types\/product"}],"replies":[{"embeddable":true,"href":"https:\/\/havamall.vn\/en\/wp-json\/wp\/v2\/comments?post=17275"}],"version-history":[{"count":0,"href":"https:\/\/havamall.vn\/en\/wp-json\/wp\/v2\/product\/17275\/revisions"}],"wp:featuredmedia":[{"embeddable":true,"href":"https:\/\/havamall.vn\/en\/wp-json\/wp\/v2\/media\/39185"}],"wp:attachment":[{"href":"https:\/\/havamall.vn\/en\/wp-json\/wp\/v2\/media?parent=17275"}],"wp:term":[{"taxonomy":"product_brand","embeddable":true,"href":"https:\/\/havamall.vn\/en\/wp-json\/wp\/v2\/product_brand?post=17275"},{"taxonomy":"product_cat","embeddable":true,"href":"https:\/\/havamall.vn\/en\/wp-json\/wp\/v2\/product_cat?post=17275"},{"taxonomy":"product_tag","embeddable":true,"href":"https:\/\/havamall.vn\/en\/wp-json\/wp\/v2\/product_tag?post=17275"}],"curies":[{"name":"wp","href":"https:\/\/api.w.org\/{rel}","templated":true}]}}