{"id":17263,"date":"2020-11-03T13:54:16","date_gmt":"2020-11-03T06:54:16","guid":{"rendered":"https:\/\/havamall.vn\/?post_type=product&#038;p=17263"},"modified":"2025-06-01T16:47:22","modified_gmt":"2025-06-01T09:47:22","slug":"bot-gia-vi-taco-thuong-hieu-hava-foodies-goi-100g-taco-blend-spices-powder","status":"publish","type":"product","link":"https:\/\/havamall.vn\/en\/shop\/bot-gia-vi-taco-thuong-hieu-hava-foodies-goi-100g-taco-blend-spices-powder\/","title":{"rendered":"B\u1ed9t Gia V\u1ecb Taco Th\u01b0\u01a1ng Hi\u1ec7u Hava Foodies G\u00f3i 100g \u2013 Taco Blend Spices Powder"},"content":{"rendered":"<p>TH\u00d4NG TIN S\u1ea2N PH\u1ea8M<\/p>\n<table border=\"1\" cellspacing=\"0\">\n<tbody>\n<tr>\n<td><strong>Th\u01b0\u01a1ng hi\u1ec7u<\/strong><\/td>\n<td>Havafood<\/td>\n<\/tr>\n<tr>\n<td><strong>\u0110\u00f3ng g\u00f3i<\/strong><\/td>\n<td>L\u1ecd th\u1ee7y tinh ch\u1eafc ch\u1eafn<\/td>\n<\/tr>\n<tr>\n<td><strong>Th\u00e0nh ph\u1ea7n<\/strong><\/td>\n<td>B\u1ed9t Taco l\u00e0 s\u1ef1 k\u1ebft h\u1ee3p \u1edbt kh\u00f3i v\u1edbi t\u1ecfi, h\u00e0nh t\u00e2y v\u00e0 m\u1ed9t ch\u00fat qu\u1ebf v\u00e0 \u0111\u01b0\u1eddng n\u00e2u<\/td>\n<\/tr>\n<tr>\n<td><strong>H\u1ea1n s\u1eed d\u1ee5ng<\/strong><\/td>\n<td>Xem tr\u00ean bao b\u00ec s\u1ea3n ph\u1ea9m<\/td>\n<\/tr>\n<tr>\n<td><strong>C\u00e1ch s\u1eed d\u1ee5ng<\/strong><\/td>\n<td>D\u00f9ng \u0111\u1ec3 l\u00e0m gia v\u1ecb t\u1ea9m \u01b0\u1edbp, ch\u1ebf bi\u1ebfn \u0111a d\u1ea1ng m\u00f3n \u0103n, n\u00eam n\u1ebfm gia v\u1ecb cho nh\u00e2n b\u00e1nh taco,\u2026<\/td>\n<\/tr>\n<tr>\n<td><strong>Nh\u1eadp kh\u1ea9u &amp; \u0111\u00f3ng g\u00f3i<\/strong><\/td>\n<td>Vi\u1ec7t Nam<\/td>\n<\/tr>\n<tr>\n<td><strong>\u00a0B\u1ea3o qu\u1ea3n<\/strong><\/td>\n<td>\u00a0N\u01a1i tho\u00e1ng m\u00e1t, tr\u00e1nh \u00e1nh n\u1eafng tr\u1ef1c ti\u1ebfp, tho\u00e1ng m\u00e1t<\/td>\n<\/tr>\n<tr>\n<td><strong>Kh\u1ed1i l\u01b0\u1ee3ng\u00a0<\/strong><\/td>\n<td>100gr<\/td>\n<\/tr>\n<\/tbody>\n<\/table>\n<p>&nbsp;<\/p>\n<p><img fetchpriority=\"high\" decoding=\"async\" class=\"size-full wp-image-17268 aligncenter\" src=\"https:\/\/havamall.com\/wp-content\/uploads\/2025\/06\/TACO11.jpg\" alt=\"\" width=\"500\" height=\"375\" \/><\/p>\n<p><strong>\u0110\u1eb6C \u0110I\u1ec2M N\u1ed4I B\u1eacT C\u1ee6A S\u1ea2N PH\u1ea8M<\/strong><\/p>\n<p>B\u1ed9t Taco \u0111\u01b0\u1ee3c s\u1eed d\u1ee5ng\u00a0<span lang=\"vi\">nh\u01b0 m\u1ed9t gia v\u1ecb n\u00eam n\u1ebfm v\u1eeba mi\u1ec7ng cho t\u1ea5t c\u1ea3 m\u1ecdi nguy\u00ean li\u1ec7u b\u00ean trong nh\u00e2n b\u1ed9t chi\u1ebfc b\u00e1nh Taco t\u1eeb rau, th\u1ecbt, h\u1ea3i s\u1ea3n, g\u1ea1o, \u0111\u1eadu, s\u00fap, salad v\u00e0 nhi\u1ec1u h\u01a1n th\u1ebf n\u1eefa. Kh\u00f4ng nh\u1eefng ch\u1ec9 l\u00e0 gia v\u1ecb cho chi\u1ebfc b\u00e1nh Taco, ch\u00fang c\u00f2n c\u00f2n th\u1ec3 s\u1eed d\u1ee5ng \u0111\u1ec3 n\u00eam n\u1ebfm c\u00e1c m\u00f3n \u0103n t\u1edbi t\u1eeb Ch\u00e2u \u00c2u nh\u01b0 C\u01a1m Mexican tr\u1ed9n c\u00f9ng v\u1edbi h\u1ea1t \u0111\u1eadu \u0111en, gia v\u1ecb cho m\u00f3n th\u1ecbt h\u1ea7m, c<\/span><span lang=\"vi\">\u00e1c m\u00f3n \u0103n n\u01b0\u1edbng BBQ nh\u01b0 th\u1ecbt b\u00f2 n\u01b0\u1edbng, th\u1ecbt heo, g\u00e0 ho\u1eb7c t\u00f4m n\u1ebfu \u0111i c\u00f9ng v\u1edbi b\u1ed9t gia vi Taco c\u0169ng s\u1ebd \u0111\u1eadm \u0111\u00e0 v\u00e0 tr\u00f2n v\u1ecb h\u01a1n. <\/span><\/p>\n<p><span lang=\"vi\">Ng\u01b0\u1eddi Mexico c\u0169ng d\u00f9ng ch\u00fang \u0111\u1ec3 r\u1eafc v\u00e0o salad ho\u1eb7c c\u00e1c m\u00f3n s\u00fap \u0111\u1ec3 gi\u00fap d\u1eady m\u00f9i h\u01b0\u01a1ng c\u1ee7a m\u00f3n \u0103n. \u0110\u00e1ng ng\u1ea1c nhi\u00ean h\u01a1n c\u1ea3, r\u1ea5t nhi\u1ec1u ng\u01b0\u1eddi d\u00f9ng lo\u1ea1i b\u1ed9t gia v\u1ecb n\u00e0y \u0111\u1ec3 r\u1eafc l\u00ean b\u1ecfng ng\u00f4, gi\u00fap ch\u00fang c\u00f3 h\u01b0\u01a1ng v\u1ecb \u0111\u1ed9c l\u1ea1 nh\u01b0ng ngon kh\u00f3 c\u01b0\u1ee1ng.<\/span><\/p>\n<p><img decoding=\"async\" class=\"wp-image-17270 aligncenter\" src=\"https:\/\/havamall.com\/wp-content\/uploads\/2025\/06\/TACO.jpg\" alt=\"\" width=\"588\" height=\"393\" \/><\/p>\n<p>S\u1ea3n ph\u1ea9m \u0111\u01b0\u1ee3c \u0111\u00f3ng g\u00f3i trong t\u00fai zip n\u00ean ti\u1ec7n d\u1ee5ng trong vi\u1ec7c s\u1eed d\u1ee5ng h\u1eb1ng ng\u00e0y c\u0169ng nh\u01b0 b\u1ea3o qu\u1ea3n \u0111\u01b0\u1ee3c l\u00e2u h\u01a1n.<\/p>\n<p>B\u1ed9t Taco l\u00e0 s\u1ef1 k\u1ebft h\u1ee3p \u1edbt kh\u00f3i v\u1edbi t\u1ecfi, h\u00e0nh t\u00e2y v\u00e0 m\u1ed9t ch\u00fat qu\u1ebf v\u00e0 \u0111\u01b0\u1eddng n\u00e2u. H\u1ed7n h\u1ee3p n\u00e0y s\u1ebd k\u00edch ho\u1ea1t v\u1ecb gi\u00e1c c\u1ee7a b\u1ea1n v\u1edbi b\u1ea5t k\u1ef3 lo\u1ea1i th\u1ecbt taco n\u00e0o b\u1ea1n s\u1eed d\u1ee5ng v\u00e0o chi\u1ebfc b\u00e1nh Taco, n\u00f3 c\u0169ng gi\u00fap t\u0103ng th\u00eam h\u01b0\u01a1ng v\u1ecb cho c\u00e1c lo\u1ea1i th\u1ecbt n\u01b0\u1edbng nhi\u1ec1u protein nh\u01b0 th\u1ecbt g\u00e0, c\u00e1, h\u1ea3i s\u1ea3n ho\u1eb7c th\u1ecbt l\u1ee3n.<\/p>\n<p><img decoding=\"async\" class=\"size-full wp-image-17269 aligncenter\" src=\"https:\/\/havamall.com\/wp-content\/uploads\/2025\/06\/TACO1.jpg\" alt=\"\" width=\"600\" height=\"830\" \/><\/p>\n<p><strong>QUY TR\u00ccNH S\u1ea2N XU\u1ea4T B\u1ed8T TACO<\/strong><\/p>\n<ul>\n<li>Nh\u1eefng h\u01b0\u01a1ng li\u1ec7u s\u1ea3n xu\u1ea5t b\u1ed9t Taco lu\u00f4n \u0111\u01b0\u1ee3c l\u1ef1a ch\u1ecdn k\u1ef9 c\u00e0ng, t\u01b0\u01a1i s\u1ea1ch v\u00e0 ch\u1ea5t l\u01b0\u1ee3ng cao nh\u1ea5t.<\/li>\n<li>Kh\u00f4ng l\u1eabn b\u1ea5t k\u1ef3 t\u1ea1p ch\u1ea5t n\u00e0o.<\/li>\n<li>Kh\u00f4ng ch\u1ee9a ch\u1ea5t b\u1ea3o qu\u1ea3n.<\/li>\n<li>Kh\u00f4ng s\u1eed d\u1ee5ng ch\u1ea5t t\u1ea1o m\u00f9i.<\/li>\n<li>Kh\u00f4ng ch\u1ea5t t\u1ea1o m\u00e0u.<\/li>\n<li>\u0110\u00f3ng g\u00f3i s\u1ea3n ph\u1ea9m ch\u1eafc ch\u1eafn, \u0111\u1ea3m b\u1ea3o b\u1ea3o qu\u1ea3n \u0111\u01b0\u1ee3c t\u1ed1t nh\u1ea5t.<\/li>\n<li>Th\u1eddi gian b\u1ea3o qu\u1ea3n: 24 th\u00e1ng k\u1ec3 t\u1eeb ng\u00e0y s\u1ea3n xu\u1ea5t<\/li>\n<\/ul>\n<p>&nbsp;<\/p>","protected":false},"excerpt":{"rendered":"<ul>\n<li>B\u1ed9t Taco l\u00e0 s\u1ef1 k\u1ebft h\u1ee3p \u1edbt kh\u00f3i v\u1edbi t\u1ecfi, h\u00e0nh t\u00e2y v\u00e0 m\u1ed9t ch\u00fat qu\u1ebf v\u00e0 \u0111\u01b0\u1eddng n\u00e2u. H\u1ed7n h\u1ee3p n\u00e0y s\u1ebd k\u00edch ho\u1ea1t v\u1ecb gi\u00e1c c\u1ee7a b\u1ea1n v\u1edbi b\u1ea5t k\u1ef3 lo\u1ea1i th\u1ecbt taco n\u00e0o b\u1ea1n s\u1eed d\u1ee5ng v\u00e0o chi\u1ebfc b\u00e1nh Taco, n\u00f3 c\u0169ng gi\u00fap t\u0103ng th\u00eam h\u01b0\u01a1ng v\u1ecb cho c\u00e1c lo\u1ea1i th\u1ecbt n\u01b0\u1edbng nhi\u1ec1u protein nh\u01b0 th\u1ecbt g\u00e0, c\u00e1, h\u1ea3i s\u1ea3n ho\u1eb7c th\u1ecbt l\u1ee3n.<\/li>\n<li>S\u1ea3n ph\u1ea9m \u0111\u01b0\u1ee3c \u0111\u00f3ng g\u00f3i trong t\u00fai zip n\u00ean ti\u1ec7n d\u1ee5ng trong vi\u1ec7c s\u1eed d\u1ee5ng h\u1eb1ng ng\u00e0y c\u0169ng nh\u01b0 b\u1ea3o qu\u1ea3n \u0111\u01b0\u1ee3c l\u00e2u h\u01a1n.<\/li>\n<\/ul>","protected":false},"featured_media":38779,"comment_status":"open","ping_status":"closed","template":"","meta":[],"product_brand":[],"product_cat":[40,154],"product_tag":[],"class_list":{"0":"post-17263","1":"product","2":"type-product","3":"status-publish","4":"has-post-thumbnail","6":"product_cat-sieuthi-giasi","7":"product_cat-gia-vi","8":"pa_brand-skx","10":"first","11":"instock","12":"sale","13":"shipping-taxable","14":"purchasable","15":"product-type-simple"},"_links":{"self":[{"href":"https:\/\/havamall.vn\/en\/wp-json\/wp\/v2\/product\/17263"}],"collection":[{"href":"https:\/\/havamall.vn\/en\/wp-json\/wp\/v2\/product"}],"about":[{"href":"https:\/\/havamall.vn\/en\/wp-json\/wp\/v2\/types\/product"}],"replies":[{"embeddable":true,"href":"https:\/\/havamall.vn\/en\/wp-json\/wp\/v2\/comments?post=17263"}],"version-history":[{"count":0,"href":"https:\/\/havamall.vn\/en\/wp-json\/wp\/v2\/product\/17263\/revisions"}],"wp:featuredmedia":[{"embeddable":true,"href":"https:\/\/havamall.vn\/en\/wp-json\/wp\/v2\/media\/38779"}],"wp:attachment":[{"href":"https:\/\/havamall.vn\/en\/wp-json\/wp\/v2\/media?parent=17263"}],"wp:term":[{"taxonomy":"product_brand","embeddable":true,"href":"https:\/\/havamall.vn\/en\/wp-json\/wp\/v2\/product_brand?post=17263"},{"taxonomy":"product_cat","embeddable":true,"href":"https:\/\/havamall.vn\/en\/wp-json\/wp\/v2\/product_cat?post=17263"},{"taxonomy":"product_tag","embeddable":true,"href":"https:\/\/havamall.vn\/en\/wp-json\/wp\/v2\/product_tag?post=17263"}],"curies":[{"name":"wp","href":"https:\/\/api.w.org\/{rel}","templated":true}]}}