{"id":17257,"date":"2020-11-03T11:58:03","date_gmt":"2020-11-03T04:58:03","guid":{"rendered":"https:\/\/havamall.vn\/?post_type=product&#038;p=17257"},"modified":"2025-06-01T17:22:18","modified_gmt":"2025-06-01T10:22:18","slug":"bot-nhuc-dau-khau-thuong-hieu-hava-foodies-goi-100g-nutmeg-powder","status":"publish","type":"product","link":"https:\/\/havamall.vn\/en\/shop\/bot-nhuc-dau-khau-thuong-hieu-hava-foodies-goi-100g-nutmeg-powder\/","title":{"rendered":"B\u1ed9t Nh\u1ee5c \u0110\u1eadu Kh\u1ea5u Th\u01b0\u01a1ng Hi\u1ec7u Hava Foodies G\u00f3i 100g  \u2013 Nutmeg Powder"},"content":{"rendered":"<p><strong>NGU\u1ed2N G\u1ed0C C\u1ee6A B\u1ed8T NH\u1ee4C \u0110\u1eacU KH\u1ea4U<\/strong><\/p>\n<p>Nh\u1ee5c \u0111\u1eadu kh\u1ea5u c\u00f3 ngu\u1ed3n g\u1ed1c \u1edf v\u00f9ng \u0111\u1ea3o Th\u00e1i B\u00ecnh D\u01b0\u01a1ng \u0111\u01b0\u1ee3c nh\u1eadp v\u00e0o \u0111\u1ea5t li\u1ec1n \u1edf kh\u1eafp v\u00f9ng nhi\u1ec7t \u0111\u1edbi Nam \u00c1 v\u00e0 \u0110\u00f4ng Nam \u00c1. \u1ede Vi\u1ec7t Nam, c\u00e2y ch\u1ee7 y\u1ebfu \u0111\u01b0\u1ee3c tr\u1ed3ng \u1edf c\u00e1c t\u1ec9nh ph\u00eda Nam.\u00a0Nh\u1ee5c \u0111\u1eadu kh\u1ea5u ch\u1ee9a nhi\u1ec1u lo\u1ea1i vitamin, kho\u00e1ng ch\u1ea5t nh\u01b0 n\u01b0\u1edbc, protein, hydrat cacbon, ph\u1ed1t pho, s\u1eaft, tinh d\u1ea7u\u2026c\u00f3 t\u00e1c d\u1ee5ng ch\u1eefa b\u1ec7nh.<\/p>\n<p><img fetchpriority=\"high\" decoding=\"async\" class=\"wp-image-17260 aligncenter\" src=\"https:\/\/havamall.com\/wp-content\/uploads\/2020\/11\/nhuc-dau-khau-la-gi.jpg\" alt=\"\" width=\"600\" height=\"387\" srcset=\"https:\/\/havamall.vn\/wp-content\/uploads\/2020\/11\/nhuc-dau-khau-la-gi.jpg 620w, https:\/\/havamall.vn\/wp-content\/uploads\/2020\/11\/nhuc-dau-khau-la-gi-430x277.jpg 430w, https:\/\/havamall.vn\/wp-content\/uploads\/2020\/11\/nhuc-dau-khau-la-gi-150x97.jpg 150w, https:\/\/havamall.vn\/wp-content\/uploads\/2020\/11\/nhuc-dau-khau-la-gi-300x194.jpg 300w, https:\/\/havamall.vn\/wp-content\/uploads\/2020\/11\/nhuc-dau-khau-la-gi-600x387.jpg 600w\" sizes=\"(max-width: 600px) 100vw, 600px\" \/><\/p>\n<p>C\u00e2y nh\u1ee5c \u0111\u1eadu kh\u1ea5u l\u00e0 lo\u1ea1i c\u00e2y to, cao kho\u1ea3ng 8 \u2013 10m ; c\u00f3 l\u00e1 m\u1ecdc so le; th\u00e2n nh\u1eb5n; \u00a0hoa m\u00e0u v\u00e0ng tr\u1eafng; qu\u1ea3 m\u1ecdng, th\u00f5ng xu\u1ed1ng, h\u00ecnh c\u1ea7u hay h\u00ecnh qu\u1ea3 l\u00ea, khi ch\u00edn n\u1edf theo chi\u1ec1u d\u1ecdc th\u00e0nh 2 m\u1ea3nh, b\u00ean trong c\u00f3 1 h\u1ea1t, l\u1edbp v\u1ecf d\u00e0y c\u1ee9ng, bao b\u1ecdc b\u1edfi 1 \u00e1o h\u1ea1t c\u00f3 v\u1ecf m\u00e0u h\u1ed3ng b\u1ecb r\u00e1ch.<\/p>\n<p><strong>\u0110\u1eb6C \u0110I\u1ec2M S\u1ea2N PH\u1ea8M<\/strong><\/p>\n<p>B\u1ed9t nh\u1ee5c \u0111\u1eadu kh\u1ea5u c\u00f3 v\u1ecb ng\u1ecdt, tr\u1ea7m \u1ea5m, b\u00f9i v\u00e0 h\u01a1i the the v\u1edbi h\u01b0\u01a1ng th\u01a1m ph\u1ee9c t\u1ea1p v\u1eeba gi\u1ed1ng g\u1ed7 th\u01a1m, v\u1eeba gi\u1ed1ng \u00f4-mai.<\/p>\n<p>B\u1ed9t nh\u1ee5c \u0111\u1eadu kh\u1ea5u \u0111\u01b0\u1ee3c ph\u01a1i kh\u00f4 v\u00e0 xay nhuy\u1ec5n t\u1eeb h\u1ea1t nh\u1ee5c \u0111\u1eadu kh\u1ea5u, c\u00f2n \u0111\u01b0\u1ee3c g\u1ecdi l\u00e0 Nh\u1ee5c qu\u1ea3 y hay Ng\u1ecdc qu\u1ea3 hoa.<\/p>\n<p><img decoding=\"async\" class=\"wp-image-17258 aligncenter\" src=\"https:\/\/havamall.com\/wp-content\/uploads\/2020\/11\/ndk-2.jpg\" alt=\"\" width=\"552\" height=\"369\" srcset=\"https:\/\/havamall.vn\/wp-content\/uploads\/2020\/11\/ndk-2.jpg 512w, https:\/\/havamall.vn\/wp-content\/uploads\/2020\/11\/ndk-2-430x287.jpg 430w, https:\/\/havamall.vn\/wp-content\/uploads\/2020\/11\/ndk-2-150x100.jpg 150w, https:\/\/havamall.vn\/wp-content\/uploads\/2020\/11\/ndk-2-300x200.jpg 300w\" sizes=\"(max-width: 552px) 100vw, 552px\" \/><\/p>\n<p>B\u1ed9t \u0111\u01b0\u1ee3c b\u1ea3o qu\u1ea3n trong t\u00fai zip ch\u1eafc ch\u1eafn n\u00ean v\u1eabn gi\u1eef nguy\u00ean ch\u1ea5t l\u01b0\u1ee3ng v\u00e0 h\u01b0\u01a1ng v\u1ecb \u0111\u1eb7c tr\u01b0ng v\u1ed1n c\u00f3, v\u00e0 d\u1ec5 d\u00e0ng b\u1ea3o qu\u1ea3n trong th\u1eddi gian d\u00e0i.<\/p>\n<p>S\u1ea3n ph\u1ea9m \u0111\u01b0\u1ee3c s\u1ea3n xu\u1ea5t v\u00e0 \u0111\u00f3ng g\u00f3i theo d\u00e2y chuy\u1ec1n c\u00f4ng ngh\u1ec7 hi\u1ec7n \u0111\u1ea1i v\u1edbi ngu\u1ed3n nguy\u00ean li\u1ec7u \u0111\u1ea3m b\u1ea3o v\u1ec7 sinh an to\u00e0n th\u1ef1c ph\u1ea9m.<\/p>\n<table>\n<tbody>\n<tr>\n<td>Th\u01b0\u01a1ng hi\u1ec7u<\/td>\n<td>Havafood<\/td>\n<\/tr>\n<tr>\n<td>Xu\u1ea5t x\u1ee9<\/td>\n<td>\u0110\u1ee9c<\/td>\n<\/tr>\n<tr>\n<td>Th\u00e0nh ph\u1ea7n<\/td>\n<td>100% B\u1ed9t Nh\u1ee5c \u0110\u1eadu Kh\u1ea5u<\/td>\n<\/tr>\n<tr>\n<td>H\u1ea1n s\u1eed d\u1ee5ng<\/td>\n<td>Xem tr\u00ean bao b\u00ec<\/td>\n<\/tr>\n<tr>\n<td>H\u01b0\u1edbng d\u1eabn s\u1eed d\u1ee5ng<\/td>\n<td>D\u00f9ng l\u00e0m gia v\u1ecb cho ch\u1ebf bi\u1ebfn m\u00f3n \u0103n<\/td>\n<\/tr>\n<tr>\n<td>B\u1ea3o qu\u1ea3n<\/td>\n<td>N\u01a1i kh\u00f4 r\u00e1o, tho\u00e1ng m\u00e1t, tr\u00e1nh \u00e1nh s\u00e1ng tr\u1ef1c ti\u1ebfp t\u1eeb m\u1eb7t tr\u1eddi<\/td>\n<\/tr>\n<\/tbody>\n<\/table>\n<p><strong>C\u00d4NG D\u1ee4NG C\u1ee6A B\u1ed8T NH\u1ee4C \u0110\u1eacU KH\u1ea4U<\/strong><\/p>\n<p><em><strong>Trong \u1ea9m th\u1ef1c<\/strong><\/em><\/p>\n<p>\u2013 B\u1ed9t nh\u1ee5c \u0111\u1eadu kh\u1ea5u \u0111\u01b0\u1ee3c d\u00f9ng r\u1ea5t ph\u1ed5 bi\u1ebfn l\u00e0m h\u01b0\u01a1ng li\u1ec7u, gia v\u1ecb. V\u1edbi h\u01b0\u01a1ng v\u1ecb n\u1ed3ng v\u00e0 ng\u1ecdt, b\u1ed9t nh\u1ee5c \u0111\u1eadu kh\u1ea5u l\u00e0 gia v\u1ecb tuy\u1ec7t v\u1eddi khi k\u1ebft h\u1ee3p v\u1edbi c\u00e1c m\u00f3n n\u1ea5u v\u1edbi s\u1eefa v\u00e0 pho m\u00e1t.<\/p>\n<p>\u2013 Nh\u1ee5c \u0111\u1eadu kh\u1ea5u l\u00e0 m\u1ed9t trong c\u00e1c lo\u1ea1i gia v\u1ecb \u0111\u01b0\u1ee3c s\u1eed d\u1ee5ng trong m\u00f3n th\u1ecbt b\u00f2 b\u0103m cu\u1ed1n r\u00e1n nh\u1ee5c \u0111\u1eadu kh\u1ea5u\u2026 Ngo\u00e0i ra, nh\u1ee5c \u0111\u1eadu kh\u1ea5u c\u00f2n l\u00e0 m\u1ed9t trong nh\u1eefng nguy\u00ean li\u1ec7u d\u00f9ng \u0111\u1ec3 l\u00e0m b\u00e1nh, pha ch\u1ebf, mang l\u1ea1i h\u01b0\u01a1ng v\u1ecb th\u01a1m ngon, h\u1ea5p d\u1eabn, ph\u00f9 h\u1ee3p v\u1edbi kh\u1ea9u v\u1ecb ng\u01b0\u1eddi Vi\u1ec7t Nam.<\/p>\n<p><img decoding=\"async\" class=\"wp-image-17261 aligncenter\" src=\"https:\/\/havamall.com\/wp-content\/uploads\/2020\/11\/nutmeg-su-dung-trong-mon-trung-banh-ngot.jpg\" alt=\"\" width=\"587\" height=\"389\" srcset=\"https:\/\/havamall.vn\/wp-content\/uploads\/2020\/11\/nutmeg-su-dung-trong-mon-trung-banh-ngot.jpg 640w, https:\/\/havamall.vn\/wp-content\/uploads\/2020\/11\/nutmeg-su-dung-trong-mon-trung-banh-ngot-430x285.jpg 430w, https:\/\/havamall.vn\/wp-content\/uploads\/2020\/11\/nutmeg-su-dung-trong-mon-trung-banh-ngot-150x99.jpg 150w, https:\/\/havamall.vn\/wp-content\/uploads\/2020\/11\/nutmeg-su-dung-trong-mon-trung-banh-ngot-300x199.jpg 300w, https:\/\/havamall.vn\/wp-content\/uploads\/2020\/11\/nutmeg-su-dung-trong-mon-trung-banh-ngot-600x398.jpg 600w\" sizes=\"(max-width: 587px) 100vw, 587px\" \/><\/p>\n<p>\u2013 Th\u00eam v\u00e0o m\u00f3n tr\u00e1ng mi\u1ec7ng,\u00a0c\u00e1c m\u00f3n \u0103n\u00a0ngon\u00a0v\u00e0 \u0111\u1eb7c bi\u1ec7t\u00a0c\u0169ng ph\u00f9 h\u1ee3p\u00a0v\u1edbi\u00a0qu\u1ebf\u2026 D\u00f9ng r\u1eafc l\u00ean c\u00e1c m\u00f3n tr\u00e1ng mi\u1ec7ng, th\u1ecbt cu\u1ed9n, g\u00e0 s\u1ed1t kem, pasta v\u00e0 khoai lang.<\/p>\n<p>\u2013 Ng\u01b0\u1eddi ta th\u01b0\u1eddng d\u00f9ng b\u1ed9t nh\u1ee5c \u0111\u1eadu kh\u1ea5u\u00a0\u0111\u1ec3 gia v\u1ecb cho c\u00e1c lo\u1ea1i x\u00fac x\u00edch, m\u00f3n h\u1ea7m, s\u00fap, rau c\u1ee7 nghi\u1ec1n hay m\u1ed9t v\u00e0i m\u00f3n ng\u1ecdt ki\u1ec3u Anh c\u0169ng s\u1eed d\u1ee5ng lo\u1ea1i gia v\u1ecb n\u00e0y. Ngo\u00e0i ra, n\u00f3 c\u00f2n l\u00e0 k\u1ebft h\u1ee3p tuy\u1ec7t v\u1eddi v\u1edbi nh\u1eefng lo\u1ea1i s\u1ed1t c\u00f3 v\u1ecb b\u00e9o, \u0111\u1eb7c bi\u1ec7t l\u00e0 s\u1ed1t Bechamel \u2013 m\u1ed9t trong n\u0103m lo\u1ea1i s\u1ed1t g\u1ed1c c\u1ee7a \u1ea9m th\u1ef1c Ph\u00e1p.<\/p>\n<p><em><strong>\u2013 Trong s\u1ee9c kh\u1ecfe<\/strong><\/em><\/p>\n<p><strong>\u2013 Gi\u1ea3m \u0111au c\u01a1 kh\u1edbp<\/strong>:\u00a0Th\u00e0nh ph\u1ea7n c\u1ee7a h\u1ea1t nh\u1ee5c \u0111\u1eadu kh\u1ea5u c\u00f3 c\u00e1c lo\u1ea1i nh\u01b0 tinh d\u1ea7u b\u1ea1c h\u00e0 n\u00ean r\u1ea5t t\u1ed1t trong vi\u1ec7c \u0111i\u1ec1u tr\u1ecb c\u00e1c c\u01a1n \u0111au c\u01a1, kh\u1edbp, gi\u1ea3m s\u01b0ng vi\u00eam.<\/p>\n<p><strong>\u2013 Thanh l\u1ecdc c\u01a1 th\u1ec3<\/strong>:\u00a0Trong c\u00e1c c\u00f4ng d\u1ee5ng c\u00f3 l\u1ee3i cho s\u1ee9c kh\u1ecfe, th\u00ec h\u1ea1t nh\u1ee5c \u0111\u1eadu kh\u1ea5u \u0111\u00f3ng vai tr\u00f2 nh\u01b0 m\u1ed9t lo\u1ea1i thu\u1ed1c b\u1ed5 gi\u00fap t\u0103ng c\u01b0\u1eddng s\u1ee9c kh\u1ecfe cho to\u00e0n b\u1ed9 c\u01a1 th\u1ec3 c\u1ee7a b\u1ea1n. Nh\u1ee5c \u0111\u1eadu kh\u1ea5u l\u00e0m s\u1ea1ch nh\u1eefng \u0111\u1ed9c t\u1ed1 c\u00f3 th\u1ec3 \u0111\u01b0\u1ee3c l\u01b0u tr\u1eef \u1edf \u0111\u00f3 t\u1eeb r\u01b0\u1ee3u, ma t\u00fay, \u00f4 nhi\u1ec5m, th\u1ef1c ph\u1ea9m, ho\u1eb7c c\u00e1c ch\u1ea5t \u0111\u1ed9c h\u1eefu c\u01a1 t\u1ef1 nhi\u00ean ra kh\u1ecfi c\u00e1c b\u1ed9 ph\u1eadn c\u1ee7a c\u01a1 th\u1ec3. H\u01a1n th\u1ebf n\u1eefa, ho\u1ea1t ch\u1ea5t trong h\u1ea1t nh\u1ee5c \u0111\u1eadu kh\u1ea5u c\u00f3 th\u1ec3 l\u00e0m tan s\u1ecfi th\u1eadn v\u00e0 t\u0103ng ch\u1ee9c n\u0103ng hi\u1ec7u qu\u1ea3 c\u1ee7a th\u1eadn v\u00e0 gan.<\/p>\n<p><img loading=\"lazy\" decoding=\"async\" class=\"size-full wp-image-17259 aligncenter\" src=\"https:\/\/havamall.com\/wp-content\/uploads\/2020\/11\/nutmeg-la-nhuc-dau-khau.jpg\" alt=\"\" width=\"640\" height=\"356\" srcset=\"https:\/\/havamall.vn\/wp-content\/uploads\/2020\/11\/nutmeg-la-nhuc-dau-khau.jpg 640w, https:\/\/havamall.vn\/wp-content\/uploads\/2020\/11\/nutmeg-la-nhuc-dau-khau-430x239.jpg 430w, https:\/\/havamall.vn\/wp-content\/uploads\/2020\/11\/nutmeg-la-nhuc-dau-khau-150x83.jpg 150w, https:\/\/havamall.vn\/wp-content\/uploads\/2020\/11\/nutmeg-la-nhuc-dau-khau-300x167.jpg 300w, https:\/\/havamall.vn\/wp-content\/uploads\/2020\/11\/nutmeg-la-nhuc-dau-khau-600x334.jpg 600w\" sizes=\"(max-width: 640px) 100vw, 640px\" \/><\/p>\n<p><strong>\u2013 C\u1ea3i thi\u1ec7n ch\u1ee9ng m\u1ea5t ng\u1ee7<\/strong>:\u00a0H\u00e0m l\u01b0\u1ee3ng Magie trong qu\u1ea3 nh\u1ee5c \u0111\u1eadu kh\u1ea5u gi\u00fap c\u01a1 th\u1ec3 gi\u1ea3m b\u1edbt c\u0103ng th\u1eb3ng th\u1ea7n kinh v\u00e0 k\u00edch th\u00edch s\u1ea3n sinh Serotonin gi\u00fap b\u1ea1n ng\u1ee7 ngon h\u01a1n. V\u00ec th\u1ebf, nh\u1ee5c \u0111\u1eadu kh\u1ea5u \u0111\u01b0\u1ee3c c\u00e1c chuy\u00ean gia khuy\u1ebfn c\u00e1o nh\u01b0 m\u1ed9t bi\u1ec7n ph\u00e1p c\u1ea3i thi\u1ec7n ch\u1ee9ng m\u1ea5t ng\u1ee7.<\/p>\n<p><strong>\u2013 Gi\u00fap l\u01b0u th\u00f4ng m\u00e1u<\/strong>:\u00a0M\u00f9i h\u01b0\u01a1ng c\u1ee7a nh\u1ee5c \u0111\u1eadu kh\u1ea5u c\u00f3 t\u00e1c d\u1ee5ng t\u0103ng tu\u1ea7n ho\u00e0n m\u00e1u, gi\u00fap m\u00e1u l\u01b0u th\u00f4ng t\u1ed1t h\u01a1n. Ngo\u00e0i ra, h\u00e0m l\u01b0\u1ee3ng Kali c\u00f3 trong nh\u1ee5c \u0111\u1eadu kh\u1ea5u l\u00e0 m\u1ed9t ch\u1ea5t gi\u00fap gi\u00e3n m\u1ea1ch m\u00e1u, gi\u1ea3m huy\u1ebft \u00e1p v\u00e0 gi\u1ea3m b\u1edbt c\u0103ng th\u1eb3ng cho h\u1ec7 th\u1ed1ng tim m\u1ea1ch. H\u01a1n th\u1ebf n\u1eefa, nh\u1ee5c \u0111\u1eadu kh\u1ea5u c\u00f2n l\u00e0 ngu\u1ed3n cung c\u1ea5p canxi, gi\u00fap t\u0103ng c\u01b0\u1eddng s\u1ee9c kh\u1ecfe c\u1ee7a x\u01b0\u01a1ng kh\u1edbp, l\u00e0m ch\u1eadm qu\u00e1 tr\u00ecnh l\u00e3o h\u00f3a x\u01b0\u01a1ng.<\/p>","protected":false},"excerpt":{"rendered":"<ul>\n<li>B\u1ed9t nh\u1ee5c \u0111\u1eadu kh\u1ea5u c\u00f3 v\u1ecb ng\u1ecdt, tr\u1ea7m \u1ea5m, b\u00f9i v\u00e0 h\u01a1i the the v\u1edbi h\u01b0\u01a1ng th\u01a1m ph\u1ee9c t\u1ea1p v\u1eeba gi\u1ed1ng g\u1ed7 th\u01a1m, v\u1eeba gi\u1ed1ng \u00f4-mai.<\/li>\n<li>B\u1ed9t nh\u1ee5c \u0111\u1eadu kh\u1ea5u \u0111\u01b0\u1ee3c ph\u01a1i kh\u00f4 v\u00e0 xay nhuy\u1ec5n t\u1eeb h\u1ea1t nh\u1ee5c \u0111\u1eadu kh\u1ea5u, c\u00f2n \u0111\u01b0\u1ee3c g\u1ecdi l\u00e0 Nh\u1ee5c qu\u1ea3 y hay Ng\u1ecdc qu\u1ea3 hoa.<\/li>\n<li>B\u1ed9t \u0111\u01b0\u1ee3c b\u1ea3o qu\u1ea3n trong t\u00fai zip ch\u1eafc ch\u1eafn n\u00ean v\u1eabn gi\u1eef nguy\u00ean ch\u1ea5t l\u01b0\u1ee3ng v\u00e0 h\u01b0\u01a1ng v\u1ecb \u0111\u1eb7c tr\u01b0ng v\u1ed1n c\u00f3, v\u00e0 d\u1ec5 d\u00e0ng b\u1ea3o qu\u1ea3n trong th\u1eddi gian d\u00e0i.<\/li>\n<li>S\u1ea3n ph\u1ea9m \u0111\u01b0\u1ee3c s\u1ea3n xu\u1ea5t v\u00e0 \u0111\u00f3ng g\u00f3i theo d\u00e2y chuy\u1ec1n c\u00f4ng ngh\u1ec7 hi\u1ec7n \u0111\u1ea1i v\u1edbi ngu\u1ed3n nguy\u00ean li\u1ec7u \u0111\u1ea3m b\u1ea3o v\u1ec7 sinh an to\u00e0n th\u1ef1c ph\u1ea9m.<\/li>\n<\/ul>","protected":false},"featured_media":38859,"comment_status":"open","ping_status":"closed","template":"","meta":[],"product_brand":[],"product_cat":[40,154],"product_tag":[],"class_list":{"0":"post-17257","1":"product","2":"type-product","3":"status-publish","4":"has-post-thumbnail","6":"product_cat-sieuthi-giasi","7":"product_cat-gia-vi","8":"pa_brand-skx","10":"first","11":"instock","12":"sale","13":"shipping-taxable","14":"purchasable","15":"product-type-simple"},"_links":{"self":[{"href":"https:\/\/havamall.vn\/en\/wp-json\/wp\/v2\/product\/17257"}],"collection":[{"href":"https:\/\/havamall.vn\/en\/wp-json\/wp\/v2\/product"}],"about":[{"href":"https:\/\/havamall.vn\/en\/wp-json\/wp\/v2\/types\/product"}],"replies":[{"embeddable":true,"href":"https:\/\/havamall.vn\/en\/wp-json\/wp\/v2\/comments?post=17257"}],"version-history":[{"count":0,"href":"https:\/\/havamall.vn\/en\/wp-json\/wp\/v2\/product\/17257\/revisions"}],"wp:featuredmedia":[{"embeddable":true,"href":"https:\/\/havamall.vn\/en\/wp-json\/wp\/v2\/media\/38859"}],"wp:attachment":[{"href":"https:\/\/havamall.vn\/en\/wp-json\/wp\/v2\/media?parent=17257"}],"wp:term":[{"taxonomy":"product_brand","embeddable":true,"href":"https:\/\/havamall.vn\/en\/wp-json\/wp\/v2\/product_brand?post=17257"},{"taxonomy":"product_cat","embeddable":true,"href":"https:\/\/havamall.vn\/en\/wp-json\/wp\/v2\/product_cat?post=17257"},{"taxonomy":"product_tag","embeddable":true,"href":"https:\/\/havamall.vn\/en\/wp-json\/wp\/v2\/product_tag?post=17257"}],"curies":[{"name":"wp","href":"https:\/\/api.w.org\/{rel}","templated":true}]}}