{"id":17251,"date":"2020-11-03T11:38:22","date_gmt":"2020-11-03T04:38:22","guid":{"rendered":"https:\/\/havamall.vn\/?post_type=product&#038;p=17251"},"modified":"2025-06-11T14:53:52","modified_gmt":"2025-06-11T07:53:52","slug":"ngu-vi-huong-thuong-hieu-hava-foodies-goi-100g-five-spice-powder","status":"publish","type":"product","link":"https:\/\/havamall.vn\/en\/shop\/ngu-vi-huong-thuong-hieu-hava-foodies-goi-100g-five-spice-powder\/","title":{"rendered":"Ng\u0169 V\u1ecb H\u01b0\u01a1ng Th\u01b0\u01a1ng Hi\u1ec7u Hava Foodies G\u00f3i 100g \u2013 Five Spice Powder"},"content":{"rendered":"<p class=\"amp-wp-7d27179\"><strong><span class=\"amp-wp-87d64d5\">NG\u0168 V\u1eca H\u01af\u01a0NG L\u00c0 G\u00cc?<\/span><\/strong><\/p>\n<p class=\"amp-wp-7d27179\">Ng\u0169 v\u1ecb h\u01b0\u01a1ng l\u00e0 m\u1ed9t lo\u1ea1i gia v\u1ecb trong ch\u1ebf bi\u1ebfn m\u00f3n \u0103n, \u0111\u01b0\u1ee3c t\u1ea1o th\u00e0nh b\u1edfi 5 lo\u1ea1i v\u1ecb c\u01a1 b\u1ea3n trong \u1ea9m th\u1ef1c: m\u1eb7n, ng\u1ecdt, chua, cay, \u0111\u1eafng. Ng\u0169 v\u1ecb h\u01b0\u01a1ng th\u1ec3 hi\u1ec7n r\u00f5 n\u00e9t phong c\u00e1ch \u1ea9m th\u1ef1c c\u1ee7a ng\u01b0\u1eddi ph\u01b0\u01a1ng \u0110\u00f4ng, n\u01a1i xu\u1ea5t ph\u00e1t c\u1ee7a nhi\u1ec1u lo\u1ea1i gia v\u1ecb. Th\u00e0nh ph\u1ea7n c\u1ee7a ng\u0169 v\u1ecb h\u01b0\u01a1ng kh\u00f4ng gi\u1ed1ng nhau m\u00e0 thay \u0111\u1ed5i t\u00f9y theo m\u1ed7i qu\u1ed1c gia, m\u1ed7i v\u00f9ng mi\u1ec1n, t\u00f9y thu\u1ed9c v\u00e0o kh\u1ea9u v\u1ecb, \u0111\u1eb7c s\u1ea3n c\u1ee7a \u0111\u1ecba ph\u01b0\u01a1ng \u0111\u00f3. Nh\u01b0ng c\u00f4ng th\u1ee9c truy\u1ec1n th\u1ed1ng v\u1eabn l\u00e0 s\u1ef1 pha tr\u1ed9n c\u1ee7a ti\u00eau, qu\u1ebf, \u0111inh h\u01b0\u01a1ng, h\u1ed3i h\u01b0\u01a1ng v\u00e0 h\u1ea1t c\u00e2y th\u00ec l\u00e0.<\/p>\n<p><img fetchpriority=\"high\" decoding=\"async\" class=\"size-full wp-image-17255 aligncenter\" src=\"https:\/\/havamall.com\/wp-content\/uploads\/2025\/06\/ba813ccea29b022d9bf5e00cb3b5ada2.jpg\" alt=\"\" width=\"620\" height=\"400\" \/><\/p>\n<p><strong>5 TH\u00c0NH PH\u1ea6N CH\u00cdNH TRONG NG\u0168 V\u1eca H\u01af\u01a0NG<\/strong><\/p>\n<p>&#8211; Ti\u00eau hay c\u00f2n g\u1ecdi l\u00e0 hoa ti\u00eau hay xuy\u00ean ti\u00eau, m\u1ed9t lo\u1ea1i \u0111\u1eb7c s\u1ea3n v\u00f9ng T\u1ee9 Xuy\u00ean. Ti\u00eau c\u00f3 t\u00e1c d\u1ee5ng k\u00edch th\u00edch ti\u00eau h\u00f3a, \u1ea5m b\u1ee5ng, gi\u1ea3m \u0111au, ch\u1ed1ng n\u00f4n.<\/p>\n<p>&#8211; H\u1ed3i h\u01b0\u01a1ng l\u00e0 qu\u1ea3 c\u1ee7a c\u00e2y h\u1ed3i, c\u00f3 h\u00ecnh n\u0103m c\u00e1nh x\u00f2e ra. Qu\u1ea3 \u0111\u01b0\u1ee3c h\u00e1i khi ch\u01b0a ch\u00edn v\u00e0 \u0111\u01b0\u1ee3c ph\u01a1i cho \u0111\u1ebfn khi c\u00f3 m\u00e0u n\u00e2u. Ngo\u00e0i \u0111\u01b0\u1ee3c s\u1eed d\u1ee5ng ch\u00ednh trong ng\u0169 v\u1ecb h\u01b0\u01a1ng, h\u1ed3i h\u01b0\u01a1ng c\u00f2n d\u00f9ng \u0111\u1ec3 l\u00e0m t\u0103ng m\u00f9i b\u1ecb cho b\u00e1nh ng\u1ecdt, b\u00e1nh m\u00ec v\u00e0 th\u1ee9c u\u1ed1ng nh\u01b0 tr\u00e0. H\u1ed3i h\u01b0\u01a1ng c\u00f3 th\u1ec3 ch\u1eefa \u0111au h\u1ecdng, ho.<\/p>\n<p>&#8211; \u0110inh h\u01b0\u01a1ng: n\u1ee5 \u0111inh h\u01b0\u01a1ng sau khi \u0111\u01b0\u1ee3c ph\u01a1i kh\u00f4 s\u1ebd c\u00f3 h\u01b0\u01a1ng th\u01a1m, nhi\u1ec1u tinh d\u1ea7u, h\u01a1i v\u00e0ng n\u00e2u v\u00e0 r\u1eafn. N\u1ee5 \u0111inh h\u01b0\u01a1ng d\u00f9ng \u0111\u1ec3 \u01b0\u1edbp th\u1ecbt c\u00e1, b\u00e1nh ng\u1ecdt v\u00e0 th\u1ee9c u\u1ed1ng. Do \u0111inh h\u01b0\u01a1ng t\u1ea1o m\u00f9i r\u1ea5t m\u1ea1nh n\u00ean b\u1ea1n ch\u1ec9 c\u1ea7n d\u00f9ng m\u1ed9t l\u01b0\u1ee3ng \u00edt khi s\u1eed d\u1ee5ng cho m\u00f3n \u0103n c\u1ee7a m\u00ecnh. Trong \u0110\u00f4ng y, \u0111inh h\u01b0\u01a1ng \u0111\u01b0\u1ee3c d\u00f9ng \u0111\u1ec3 tr\u1ecb th\u1ed5 t\u1ea3, \u0111au b\u1ee5ng c\u00f2n trong T\u00e2y y th\u00ec n\u00f3 k\u00edch th\u00edch ti\u00eau h\u00f3a, s\u00e1t tr\u00f9ng v\u1ebft th\u01b0\u01a1ng.<\/p>\n<p><img decoding=\"async\" class=\"size-full wp-image-17253 aligncenter\" src=\"https:\/\/havamall.com\/wp-content\/uploads\/2025\/06\/ngu-3.jpg\" alt=\"\" width=\"512\" height=\"287\" \/><\/p>\n<p>&#8211; V\u1ecf qu\u1ebf l\u00e0 m\u1ed9t trong nh\u1eefng lo\u1ea1i th\u1ea3o m\u1ed9c \u0111\u01b0\u1ee3c s\u1eed d\u1ee5ng nhi\u1ec1u trong c\u00e1c m\u00f3n b\u00e1nh c\u1ee7a ng\u01b0\u1eddi ch\u00e2u \u00c2u tuy nhi\u00ean ng\u01b0\u1eddi ch\u00e2u \u00c1 l\u1ea1i th\u00edch s\u1eed d\u1ee5ng qu\u1ebf cho c\u00e1c m\u00f3n \u0103n m\u1eb7n. \u0110\u1ec3 l\u00e0m cho m\u00f3n \u0103n th\u00eam m\u00f9i v\u1ecb, qu\u1ebf ch\u1eafc ch\u1eafn l\u00e0 m\u1ed9t th\u00e0nh ph\u1ea7n kh\u00f4ng th\u1ec3 thi\u1ebfu trong ng\u0169 v\u1ecb h\u01b0\u01a1ng. Qu\u1ebf gi\u00fap ng\u0103n ng\u1eeba c\u00e1c b\u1ec7nh tim m\u1ea1ch, tr\u1ecb c\u00e1c v\u1ea5n \u0111\u1ec1 v\u1ec1 h\u00f4 h\u1ea5p, gi\u1ea3m \u0111au c\u01a1 kh\u1edbp, c\u1ea3i thi\u1ec7n h\u1ec7 mi\u1ec5n d\u1ecbch.<\/p>\n<p>&#8211; Th\u00ec l\u00e0 tuy c\u00f3 ngu\u1ed3n g\u1ed1c t\u1eeb c\u00e1c v\u00f9ng \u0110\u1ecba Trung H\u1ea3i nh\u01b0ng \u0111\u01b0\u1ee3c ng\u01b0\u1eddi Trung Qu\u1ed1c v\u00e0 \u1ea4n \u0110\u1ed9 bi\u1ebft \u0111\u1ebfn t\u1eeb r\u1ea5t s\u1edbm, c\u00f3 m\u00f9i th\u01a1m r\u1ea5t nh\u1eb9 nh\u00e0ng v\u00e0 k\u00edch th\u00edch. Th\u00ec l\u00e0 l\u00e0 v\u1ecb thu\u1ed1c h\u1ed7 tr\u1ee3 ti\u00eau h\u00f3a, gi\u00fap \u0111i\u1ec1u h\u00f2a th\u1ec3 tr\u1ecdng, b\u1ed5 th\u1eadn, tr\u1ecb \u0111au b\u1ee5ng, \u0111\u1ea7y b\u1ee5ng.<\/p>\n<p><strong>TH\u00d4NG TIN S\u1ea2N PH\u1ea8M<\/strong><\/p>\n<ul>\n<li>Th\u01b0\u01a1ng hi\u1ec7u: Havafood<\/li>\n<li>N\u01a1i s\u1ea3n xu\u1ea5t: Vi\u1ec7t Nam<\/li>\n<li>Kh\u1ed1i l\u01b0\u1ee3ng: 100g<\/li>\n<li>Th\u00e0nh ph\u1ea7n: B\u00f4ng h\u1ed3i, v\u1ecf qu\u1ebf, h\u1ed9t ng\u00f2, ti\u1ec3u h\u1ed3i h\u01b0\u01a1ng, \u0111inh h\u01b0\u01a1ng<\/li>\n<li>H\u1ea1n s\u1eed d\u1ee5ng: Xem tr\u00ean bao b\u00ec s\u1ea3n ph\u1ea9m<\/li>\n<li>B\u1ea3o qu\u1ea3n: \u0110\u1ec3 n\u01a1i kh\u00f4 r\u00e1o, tho\u00e1ng m\u00e1t, tr\u00e1nh \u00e1nh n\u1eafng m\u1eb7t tr\u1eddi tr\u1ef1c ti\u1ebfp<\/li>\n<\/ul>\n<p><strong>S\u1eec D\u1ee4NG NG\u0168 V\u1eca H\u01af\u01a0NG<\/strong><\/p>\n<p>Ng\u0169 v\u1ecb h\u01b0\u01a1ng\u00a0d\u00f9ng \u0111\u1ec3 \u01b0\u1edbp v\u00e0 th\u1ea5m ng\u0169 v\u1ecb v\u00e0o nguy\u00ean li\u1ec7u \u0111\u1ec3 l\u00e0m t\u0103ng \u0111\u1ed9 \u0111\u1eadm \u0111\u00e0 c\u1ee7a nguy\u00ean li\u1ec7u tr\u01b0\u1edbc khi ch\u1ebf bi\u1ebfn th\u00e0nh c\u00e1c m\u00f3n \u0103n h\u1ea5p d\u1eabn. Ng\u0169 v\u1ecb h\u01b0\u01a1ng r\u1ea5t th\u01a1m, m\u00f9i v\u1ecb \u0111\u1eb7c tr\u01b0ng n\u00ean ch\u00fang th\u01b0\u1eddng \u0111\u1ec3 \u01b0\u1edbp tr\u01b0\u1edbc khi l\u00e0m c\u00e1c m\u00f3n n\u01b0\u1edbng<\/p>\n<p><img decoding=\"async\" class=\"wp-image-17252 aligncenter\" src=\"https:\/\/havamall.com\/wp-content\/uploads\/2025\/06\/ngu-4.png\" alt=\"\" width=\"603\" height=\"402\" \/><\/p>\n<ul>\n<li>C\u00e1c m\u00f3n n\u01b0\u1edbng ph\u1ed5 bi\u1ebfn nh\u01b0: th\u1ecbt ba ch\u1ec9 n\u01b0\u1edbng, g\u00e0 n\u01b0\u1edbng, th\u1ecbt r\u00e1n\u2026l\u00e0m m\u00f3n \u0103n th\u00eam h\u01b0\u01a1ng v\u1ecb v\u00e0 m\u00e0u v\u00e0ng \u0111\u1eb9p m\u1eaft.<\/li>\n<li>B\u1ed9t ng\u0169 v\u1ecb h\u01b0\u01a1ng d\u00f9ng \u0111\u1ec3 \u01b0\u1edbp v\u1ecbt quay, heo quay, ph\u00e1 l\u1ea5u, \u01b0\u1edbp th\u1ecbt r\u1eebng, l\u00f2ng heo, b\u00f2, d\u00ea, gi\u1ea3 c\u1ea7y,\u2026 s\u1ebd cho m\u00f9i v\u1ecb th\u01a1m ngon \u0111\u1eb7c bi\u1ec7t.<\/li>\n<li>Ng\u0169 v\u1ecb h\u01b0\u01a1ng s\u1eed d\u1ee5ng \u0111\u1ec3 l\u00e0m b\u00e1nh trung thu nh\u00e2n th\u1eadp c\u1ea9m ho\u1eb7c l\u00e0m v\u1ecb ng\u0169 nh\u00e2n.<\/li>\n<li>Ngo\u00e0i ra, Ng\u0169 v\u1ecb h\u01b0\u01a1ng c\u00f2n \u0111\u01b0\u1ee3c s\u1eed d\u1ee5ng k\u1ebft h\u1ee3p l\u00e0m c\u00e1c m\u00f3n chi\u00ean. C\u1ea7n ch\u00fa \u00fd \u0111i\u1ec1u ch\u1ec9nh li\u1ec1u l\u01b0\u1ee3ng ph\u00f9 h\u1ee3p v\u1edbi t\u1eebng m\u00f3n.<\/li>\n<\/ul>\n<p>&nbsp;<\/p>","protected":false},"excerpt":{"rendered":"<ul>\n<li>Ng\u0169 v\u1ecb h\u01b0\u01a1ng l\u00e0 k\u1ebft qu\u1ea3 c\u1ee7a s\u1ef1 k\u1ebft h\u1ee3p n\u0103m th\u00e0nh ph\u1ea7n ch\u00ednh bao g\u1ed3m ti\u00eau, v\u1ecf qu\u1ebf, \u0111inh h\u01b0\u01a1ng, h\u1ed3i h\u01b0\u01a1ng v\u00e0 th\u00ec l\u00e0.<\/li>\n<li>Ng\u0169 v\u1ecb h\u01b0\u01a1ng\u00a0d\u00f9ng \u0111\u1ec3 \u01b0\u1edbp v\u00e0 th\u1ea5m ng\u0169 v\u1ecb v\u00e0o nguy\u00ean li\u1ec7u \u0111\u1ec3 l\u00e0m t\u0103ng \u0111\u1ed9 \u0111\u1eadm \u0111\u00e0 c\u1ee7a nguy\u00ean li\u1ec7u tr\u01b0\u1edbc khi ch\u1ebf bi\u1ebfn th\u00e0nh c\u00e1c m\u00f3n \u0103n h\u1ea5p d\u1eabn.<\/li>\n<li>Ng\u0169 v\u1ecb h\u01b0\u01a1ng r\u1ea5t th\u01a1m, m\u00f9i v\u1ecb \u0111\u1eb7c tr\u01b0ng n\u00ean ch\u00fang th\u01b0\u1eddng \u0111\u1ec3 \u01b0\u1edbp tr\u01b0\u1edbc khi l\u00e0m c\u00e1c m\u00f3n n\u01b0\u1edbng<\/li>\n<\/ul>","protected":false},"featured_media":39489,"comment_status":"open","ping_status":"closed","template":"","meta":[],"product_brand":[],"product_cat":[40,154],"product_tag":[],"class_list":{"0":"post-17251","1":"product","2":"type-product","3":"status-publish","4":"has-post-thumbnail","6":"product_cat-sieuthi-giasi","7":"product_cat-gia-vi","8":"pa_brand-skx","10":"first","11":"instock","12":"sale","13":"shipping-taxable","14":"purchasable","15":"product-type-simple"},"_links":{"self":[{"href":"https:\/\/havamall.vn\/en\/wp-json\/wp\/v2\/product\/17251"}],"collection":[{"href":"https:\/\/havamall.vn\/en\/wp-json\/wp\/v2\/product"}],"about":[{"href":"https:\/\/havamall.vn\/en\/wp-json\/wp\/v2\/types\/product"}],"replies":[{"embeddable":true,"href":"https:\/\/havamall.vn\/en\/wp-json\/wp\/v2\/comments?post=17251"}],"version-history":[{"count":0,"href":"https:\/\/havamall.vn\/en\/wp-json\/wp\/v2\/product\/17251\/revisions"}],"wp:featuredmedia":[{"embeddable":true,"href":"https:\/\/havamall.vn\/en\/wp-json\/wp\/v2\/media\/39489"}],"wp:attachment":[{"href":"https:\/\/havamall.vn\/en\/wp-json\/wp\/v2\/media?parent=17251"}],"wp:term":[{"taxonomy":"product_brand","embeddable":true,"href":"https:\/\/havamall.vn\/en\/wp-json\/wp\/v2\/product_brand?post=17251"},{"taxonomy":"product_cat","embeddable":true,"href":"https:\/\/havamall.vn\/en\/wp-json\/wp\/v2\/product_cat?post=17251"},{"taxonomy":"product_tag","embeddable":true,"href":"https:\/\/havamall.vn\/en\/wp-json\/wp\/v2\/product_tag?post=17251"}],"curies":[{"name":"wp","href":"https:\/\/api.w.org\/{rel}","templated":true}]}}