{"id":17244,"date":"2020-11-03T11:23:33","date_gmt":"2020-11-03T04:23:33","guid":{"rendered":"https:\/\/havamall.vn\/?post_type=product&#038;p=17244"},"modified":"2025-08-17T13:36:58","modified_gmt":"2025-08-17T06:36:58","slug":"bot-ngo-thuong-hieu-hava-foodies-goi-100g-coriander","status":"publish","type":"product","link":"https:\/\/havamall.vn\/en\/shop\/bot-ngo-thuong-hieu-hava-foodies-goi-100g-coriander\/","title":{"rendered":"B\u1ed9t Ng\u00f2 Th\u01b0\u01a1ng Hi\u1ec7u Hava Foodies G\u00f3i 100g \u2013 Coriander"},"content":{"rendered":"<p><strong>\u0110\u1eb6C \u0110I\u1ec2M C\u1ee6A B\u1ed8T NG\u00d2<\/strong><\/p>\n<p>\u2013 B\u1ed9t ng\u00f2 kh\u00f4 \u0111\u01b0\u1ee3c s\u1eed d\u1ee5ng r\u1ed9ng r\u00e3i trong nhi\u1ec1u m\u00f3n \u0103n, n\u00f3 kh\u00f4ng ch\u1ec9 l\u00e0m cho m\u00f3n \u0103n ngon, m\u00e0 c\u00f2n cung c\u1ea5p nhi\u1ec1u lo\u1ea1i vitamin v\u00e0 kho\u00e1ng ch\u1ea5t.<\/p>\n<p>\u2013 B\u1ed9t ng\u00f2 \u0111\u01b0\u1ee3c nghi\u1ec1n t\u1eeb h\u1ea1t ng\u00f2 sau khi \u0111\u01b0\u1ee3c ch\u1ecdn l\u1ecdc, s\u1ea5y kh\u00f4 v\u00e0 nghi\u1ec1n b\u1eb1ng c\u00f4ng ngh\u1ec7 hi\u1ec7n \u0111\u1ea1i. S\u1ea3n ph\u1ea9m \u0111\u01b0\u1ee3c ki\u1ec3m tra ch\u1ea5t l\u01b0\u1ee3ng nghi\u00eam ng\u1eb7t c\u1ea3 b\u00ean n\u01b0\u1edbc nh\u1eadp kh\u1ea9u v\u00e0 n\u01b0\u1edbc xu\u1ea5t kh\u1ea9u. Do \u0111\u00f3, b\u1ed9t ng\u00f2 r\u1ea5t an to\u00e0n cho ng\u01b0\u1eddi s\u1eed d\u1ee5ng.<\/p>\n<p><img fetchpriority=\"high\" decoding=\"async\" class=\"wp-image-17246 aligncenter\" src=\"https:\/\/havamall.com\/wp-content\/uploads\/2025\/06\/NGO.jpg\" alt=\"\" width=\"615\" height=\"355\" \/><\/p>\n<p>\u2013 B\u1ed9t ng\u00f2 \u0111\u01b0\u1ee3c n\u1ea5u k\u00e8m v\u1edbi c\u00e1c m\u00f3n \u0103n nh\u01b0: \u01b0\u1edbp th\u1ecbt n\u01b0\u1edbng c\u00e1, n\u1ea5u canh, ph\u1edf, c\u00e1c m\u00f3n x\u00e0o \u2026 V\u1edbi h\u01b0\u01a1ng th\u01a1m \u0111\u1eb7c tr\u01b0ng v\u00e0 ri\u00eang bi\u1ec7t s\u1ebd gi\u00fap cho m\u00f3n \u0103n tr\u1edf n\u00ean h\u1ea5p d\u1eabn, l\u1ea1 mi\u1ec7ng, th\u01a1m ngon.<\/p>\n<p>\u2013 Ngo\u00e0i vi\u1ec7c d\u00f9ng b\u1ed9t ng\u00f2 l\u00e0m gia v\u1ecb th\u00ec c\u00f2n \u0111\u01b0\u1ee3c s\u1eed d\u1ee5ng \u0111\u1ec3 \u0111i\u1ec1u tr\u1ecb c\u00e1c b\u1ec7nh kh\u1edbp, nhi\u1ec5m tr\u00f9ng, k\u00edch th\u00edch ti\u00eau h\u00f3a r\u1ea5t t\u1ed1t.<\/p>\n<p><strong>T\u00c1C D\u1ee4NG C\u1ee6A H\u1ea0T NG\u00d2<\/strong><\/p>\n<p><em><strong>\u2013 B\u1ed9t ng\u00f2 d\u00f9ng l\u00e0m gia v\u1ecb n\u1ea5u \u0103n<\/strong><\/em><\/p>\n<p>C\u00e1c d\u01b0\u1ee1ng ch\u1ea5t thi\u1ebft y\u1ebfu ch\u1ee9a trong b\u1ed9t ng\u00f2 nh\u01b0: vitamin A, vitamin C, vitamin K, vitamin B12, omega 3, ph\u1ed1t pho, s\u1eaft, mangan \u2026V\u1edbi vi\u1ec7c ch\u1ee9a r\u1ea5t nhi\u1ec1u ch\u1ea5t dinh d\u01b0\u1ee1ng nh\u01b0 v\u1eady th\u00ec khi s\u1eed d\u1ee5ng s\u1ebd r\u1ea5t t\u1ed1t cho s\u1ee9c kh\u1ecfe m\u1ed7i ng\u01b0\u1eddi, gi\u00fap ch\u1ed1ng vi\u00eam v\u00e0 t\u0103ng c\u01b0\u1eddng s\u1ee9c \u0111\u1ec1 kh\u00e1ng.<\/p>\n<p>B\u1ed9t ng\u00f2 \u0111\u01b0\u1ee3c n\u1ea5u k\u00e8m v\u1edbi c\u00e1c m\u00f3n \u0103n nh\u01b0: \u01b0\u1edbp th\u1ecbt,n\u01b0\u1edbng c\u00e1, n\u1ea5u canh, ph\u1edf, c\u00e1c m\u00f3n x\u00e0o \u2026 V\u1edbi h\u01b0\u01a1ng th\u01a1m \u0111\u1eb7c tr\u01b0ng v\u00e0 ri\u00eang bi\u1ec7t s\u1ebd gi\u00fap cho m\u00f3n \u0103n tr\u1edf n\u00ean h\u1ea5p d\u1eabn, l\u1ea1 mi\u1ec7ng, th\u01a1m ngon.<\/p>\n<p><img decoding=\"async\" class=\"wp-image-17245 aligncenter\" src=\"https:\/\/havamall.com\/wp-content\/uploads\/2025\/06\/ngo-at-1024x538.jpg\" alt=\"\" width=\"600\" height=\"315\" \/><\/p>\n<p><em><strong>&#8211; Trong Y h\u1ecdc:<\/strong><\/em><\/p>\n<p>B\u1ed9t ng\u00f2 ngo\u00e0i l\u00e0 gia v\u1ecb \u0111\u01b0\u1ee3c s\u1eed d\u1ee5ng ph\u1ed5 bi\u1ebfn trong c\u00e1c b\u1eefa \u0103n, b\u1ed9t ng\u00f2 c\u00f2n c\u00f3 c\u00e1c t\u00e1c d\u1ee5ng tuy\u1ec7t v\u1eddi trong \u0111\u1eddi s\u1ed1ng, s\u1ee9c kh\u1ecfe con ng\u01b0\u1eddi nh\u01b0<\/p>\n<ul>\n<li>Ch\u1eefa kh\u00f3 ti\u00eau, \u0111au b\u1ee5ng<\/li>\n<li>Ch\u1eefa c\u1ea3m c\u00fam<\/li>\n<li>Tr\u1ecb ch\u1ee9ng ki\u1ebft l\u1ef5<\/li>\n<li>C\u00f3 kh\u1ea3 n\u0103ng kh\u00e1ng khu\u1ea9n<\/li>\n<\/ul>\n<p><strong>TH\u00d4NG TIN S\u1ea2N PH\u1ea8M<\/strong><\/p>\n<ul>\n<li>Th\u00e0nh\u00a0ph\u1ea7n: 100% h\u1ea1t ng\u00f2 kh\u00f4, ghi\u1ec1n m\u1ecbn<\/li>\n<li>Kh\u1ed1i l\u01b0\u1ee3ng t\u1ecbnh: 100g<\/li>\n<li>C\u00f4ng d\u1ee5ng: Gi\u00fap t\u0103ng m\u00f9i v\u1ecb h\u1ea5p d\u1eabn cho m\u00f3n \u0103n. C\u00f3 t\u00e1c d\u1ee5ng t\u1ed1t cho s\u1ee9c kh\u1ecfe: gi\u00fap ti\u00eau h\u00f3a t\u1ed1t, l\u00e0m gi\u1ea3m \u0111au kh\u01a1\u0301p v\u00e0 c\u01a1, gi\u00fap c\u01a1 th\u1ec3 th\u1ea3i \u0111\u1ed9c, h\u1ed7 tr\u1ee3 gi\u1ea3m c\u00e2n.<\/li>\n<li>H\u01b0\u1edbng d\u1eabn s\u1eed d\u1ee5ng: D\u00f9ng l\u00e0m gia v\u1ecb ch\u1ebf bi\u1ebfn m\u00f3n \u0103n. Th\u00eam h\u01b0\u01a1ng v\u1ecb cho nhi\u1ec1u m\u00f3n \u0103n, bao g\u1ed3m n\u01b0\u1edbc s\u1ed1t, m\u00f3n x\u00e0o, s\u00fap v\u00e0 n\u01b0\u1edbc ch\u1ea5m.<\/li>\n<\/ul>\n<p><img decoding=\"async\" class=\"size-full wp-image-17248 aligncenter\" src=\"https:\/\/havamall.com\/wp-content\/uploads\/2025\/06\/2d9eeec6b6c6839e24c93661364cf66c.jpg\" alt=\"\" width=\"675\" height=\"475\" \/><\/p>\n<ul>\n<li>B\u1ea3o qu\u1ea3n:\u00a0B\u1ea3o qu\u1ea3n n\u01a1i kh\u00f4 r\u00e1o, tho\u00e1ng m\u00e1t, tr\u00e1nh \u00e1nh n\u1eafng tr\u1ef1c ti\u1ebfp chi\u1ebfu v\u00e0o s\u1ea3n ph\u1ea9m. Sau khi s\u1eed d\u1ee5ng s\u1ea3n ph\u1ea9m c\u00f2n d\u01b0 n\u00ean tr\u1eef trong h\u1ee7 k\u00edn c\u00f3 n\u1eafp \u0111\u1eady.<\/li>\n<li>H\u1ea1n s\u1eed d\u1ee5ng:\u00a0Xem tr\u00ean bao b\u00ec s\u1ea3n ph\u1ea9m<\/li>\n<\/ul>\n<p><strong>B\u1ed9t ng\u00f2 kh\u00f4 Havafood<\/strong>\u00a0\u0111\u1ea3m b\u1ea3o:<\/p>\n<ul>\n<li>Kh\u00f4ng l\u1eabn t\u1ea1p ch\u1ea5t<\/li>\n<li>Kh\u00f4ng ch\u1ea5t b\u1ea3o qu\u1ea3n<\/li>\n<li>Kh\u00f4ng ch\u1ea5t t\u1ea1o m\u00e0u<\/li>\n<li>Kh\u00f4ng ch\u1ea5t t\u1ea1o m\u00f9i<\/li>\n<\/ul>","protected":false},"excerpt":{"rendered":"<ul>\n<li>B\u1ed9t ng\u00f2 kh\u00f4 \u0111\u01b0\u1ee3c s\u1eed d\u1ee5ng r\u1ed9ng r\u00e3i trong nhi\u1ec1u m\u00f3n \u0103n, n\u00f3 kh\u00f4ng ch\u1ec9 l\u00e0m cho m\u00f3n \u0103n ngon, m\u00e0 c\u00f2n cung c\u1ea5p nhi\u1ec1u lo\u1ea1i vitamin v\u00e0 kho\u00e1ng ch\u1ea5t.<\/li>\n<li>B\u1ed9t ng\u00f2 \u0111\u01b0\u1ee3c nghi\u1ec1n t\u1eeb h\u1ea1t ng\u00f2 sau khi \u0111\u01b0\u1ee3c ch\u1ecdn l\u1ecdc, s\u1ea5y kh\u00f4 v\u00e0 nghi\u1ec1n b\u1eb1ng c\u00f4ng ngh\u1ec7 hi\u1ec7n \u0111\u1ea1i. S\u1ea3n ph\u1ea9m \u0111\u01b0\u1ee3c ki\u1ec3m tra ch\u1ea5t l\u01b0\u1ee3ng nghi\u00eam ng\u1eb7t c\u1ea3 b\u00ean n\u01b0\u1edbc nh\u1eadp kh\u1ea9u v\u00e0 n\u01b0\u1edbc xu\u1ea5t kh\u1ea9u. Do \u0111\u00f3, b\u1ed9t ng\u00f2 r\u1ea5t an to\u00e0n cho ng\u01b0\u1eddi s\u1eed d\u1ee5ng.<\/li>\n<li>B\u1ed9t ng\u00f2 \u0111\u01b0\u1ee3c n\u1ea5u k\u00e8m v\u1edbi c\u00e1c m\u00f3n \u0103n nh\u01b0: \u01b0\u1edbp th\u1ecbt n\u01b0\u1edbng c\u00e1, n\u1ea5u canh, ph\u1edf, c\u00e1c m\u00f3n x\u00e0o \u2026 V\u1edbi h\u01b0\u01a1ng th\u01a1m \u0111\u1eb7c tr\u01b0ng v\u00e0 ri\u00eang bi\u1ec7t s\u1ebd gi\u00fap cho m\u00f3n \u0103n tr\u1edf n\u00ean h\u1ea5p d\u1eabn, l\u1ea1 mi\u1ec7ng, th\u01a1m ngon.<\/li>\n<li><\/li>\n<\/ul>","protected":false},"featured_media":38854,"comment_status":"open","ping_status":"closed","template":"","meta":[],"product_brand":[],"product_cat":[40,154],"product_tag":[],"class_list":{"0":"post-17244","1":"product","2":"type-product","3":"status-publish","4":"has-post-thumbnail","6":"product_cat-sieuthi-giasi","7":"product_cat-gia-vi","8":"pa_brand-skx","10":"first","11":"instock","12":"sale","13":"shipping-taxable","14":"purchasable","15":"product-type-simple"},"_links":{"self":[{"href":"https:\/\/havamall.vn\/en\/wp-json\/wp\/v2\/product\/17244"}],"collection":[{"href":"https:\/\/havamall.vn\/en\/wp-json\/wp\/v2\/product"}],"about":[{"href":"https:\/\/havamall.vn\/en\/wp-json\/wp\/v2\/types\/product"}],"replies":[{"embeddable":true,"href":"https:\/\/havamall.vn\/en\/wp-json\/wp\/v2\/comments?post=17244"}],"version-history":[{"count":0,"href":"https:\/\/havamall.vn\/en\/wp-json\/wp\/v2\/product\/17244\/revisions"}],"wp:featuredmedia":[{"embeddable":true,"href":"https:\/\/havamall.vn\/en\/wp-json\/wp\/v2\/media\/38854"}],"wp:attachment":[{"href":"https:\/\/havamall.vn\/en\/wp-json\/wp\/v2\/media?parent=17244"}],"wp:term":[{"taxonomy":"product_brand","embeddable":true,"href":"https:\/\/havamall.vn\/en\/wp-json\/wp\/v2\/product_brand?post=17244"},{"taxonomy":"product_cat","embeddable":true,"href":"https:\/\/havamall.vn\/en\/wp-json\/wp\/v2\/product_cat?post=17244"},{"taxonomy":"product_tag","embeddable":true,"href":"https:\/\/havamall.vn\/en\/wp-json\/wp\/v2\/product_tag?post=17244"}],"curies":[{"name":"wp","href":"https:\/\/api.w.org\/{rel}","templated":true}]}}