{"id":17234,"date":"2020-11-03T10:26:52","date_gmt":"2020-11-03T03:26:52","guid":{"rendered":"https:\/\/havamall.vn\/?post_type=product&#038;p=17234"},"modified":"2025-06-11T15:27:07","modified_gmt":"2025-06-11T08:27:07","slug":"la-ngai-giam-thuong-hieu-hava-foodies-goi-100g-tarragon-rubbed","status":"publish","type":"product","link":"https:\/\/havamall.vn\/en\/shop\/la-ngai-giam-thuong-hieu-hava-foodies-goi-100g-tarragon-rubbed\/","title":{"rendered":"L\u00e1 Ng\u1ea3i gi\u1ea5m Th\u01b0\u01a1ng Hi\u1ec7u Hava Foodies G\u00f3i 50g \u2013 Tarragon Rubbed"},"content":{"rendered":"<p>L\u00e1 ng\u1ea3i gi\u1ea5m l\u00e0 gia v\u1ecb th\u1ea3o m\u1ed9c c\u00f3 ngu\u1ed3n g\u1ed1c t\u1eeb Trung \u00c1 v\u00f9ng Siberia, m\u1ed9t trong c\u00e1c lo\u1ea1i gia v\u1ecb \u0111\u01b0\u1ee3c s\u1eed d\u1ee5ng ph\u1ed5 bi\u1ebfn trong \u1ea9m th\u1ef1c Ph\u00e1p v\u00e0 c\u00e1c n\u01b0\u1edbc ph\u01b0\u01a1ng T\u00e2y.<\/p>\n<p><strong>TH\u00d4NG TIN S\u1ea2N PH\u1ea8M<\/strong><\/p>\n<table border=\"1\" cellspacing=\"0\">\n<tbody>\n<tr>\n<td><strong>Th\u01b0\u01a1ng hi\u1ec7u<\/strong><\/td>\n<td>Havafood<\/td>\n<\/tr>\n<tr>\n<td><b>Xu\u1ea5t x\u1ee9<\/b><\/td>\n<td>\u0110\u1ee9c<\/td>\n<\/tr>\n<tr>\n<td><strong>Th\u00e0nh ph\u1ea7n<\/strong><\/td>\n<td>100% l\u00e1 ng\u1ea3i gi\u1ea5m<\/td>\n<\/tr>\n<tr>\n<td><strong>H\u1ea1n s\u1eed d\u1ee5ng<\/strong><\/td>\n<td>Xem tr\u00ean bao b\u00ec s\u1ea3n ph\u1ea9m<\/td>\n<\/tr>\n<tr>\n<td><strong>C\u00e1ch s\u1eed d\u1ee5ng<\/strong><\/td>\n<td>D\u00f9ng \u0111\u1ec3 n\u00eam n\u1ebfm, ch\u1ebf bi\u1ebfn m\u00f3n \u0103n<\/td>\n<\/tr>\n<tr>\n<td><strong>Nh\u1eadp kh\u1ea9u &amp; \u0111\u00f3ng g\u00f3i<\/strong><\/td>\n<td>Vi\u1ec7t Nam<\/td>\n<\/tr>\n<tr>\n<td><strong>\u00a0B\u1ea3o qu\u1ea3n<\/strong><\/td>\n<td>N\u01a1i tho\u00e1ng m\u00e1t, tr\u00e1nh \u00e1nh n\u1eafng tr\u1ef1c ti\u1ebfp, tho\u00e1ng m\u00e1t<\/td>\n<\/tr>\n<tr>\n<td><strong>Kh\u1ed1i l\u01b0\u1ee3ng t\u1ecbnh<\/strong><\/td>\n<td>50g<\/td>\n<\/tr>\n<\/tbody>\n<\/table>\n<p><strong>\u0110\u1eb6C \u0110I\u1ec2M S\u1ea2N PH\u1ea8M<\/strong><\/p>\n<p>\u2013 Ng\u1ea3i gi\u1ea5m c\u00f3 m\u1ed9t h\u01b0\u01a1ng v\u1ecb th\u01a1m, cay v\u00e0 m\u1ed9t ch\u00fat \u0111\u1eafng xen l\u1eabn m\u00f9i c\u1ee7a b\u1ea1c h\u00e0 v\u00e0 c\u1ea7n t\u00e2y. Gia v\u1ecb n\u00e0y r\u1ea5t ph\u1ed5 bi\u1ebfn trong c\u00e1c m\u00f3n \u0103n Ph\u00e1p, trong khi \u1edf \u00dd n\u00f3 l\u00e0 \u0111\u1eb7c tr\u01b0ng c\u1ee7a m\u1ed9t s\u1ed1 c\u00f4ng th\u1ee9c n\u1ea5u \u0103n Tuscan.<\/p>\n<p>\u2013 Ng\u1ea3i gi\u1ea5m th\u01b0\u1eddng d\u00f9ng l\u00e0m salad, s\u00fap, tr\u1ee9ng tr\u00e1ng, c\u00e1c m\u00f3n pho m\u00e1t m\u1ec1m. R\u1ea5t ph\u00f9 h\u1ee3p l\u00e0m gia v\u1ecb cho th\u1ecbt c\u1eebu, th\u1ecbt h\u1ea7m, c\u00e1 s\u1ed1t ho\u1eb7c c\u00e1c m\u00f3n n\u1ed9m rau.<\/p>\n<p><img fetchpriority=\"high\" decoding=\"async\" class=\"size-full wp-image-17119 aligncenter\" src=\"https:\/\/havamall.com\/wp-content\/uploads\/2025\/06\/ngE1BAA3i-giE1BAA5m-1.jpg\" alt=\"\" width=\"512\" height=\"384\" \/><\/p>\n<p>\u2013 \u0110\u1ec3 s\u1eed d\u1ee5ng l\u00e1 ng\u1ea3i gi\u1ea5m m\u1ed9t c\u00e1ch hi\u1ec7u qu\u1ea3 v\u00e0 t\u1ed1t nh\u1ea5t, b\u1ea1n s\u1eed d\u1ee5ng n\u00f3 m\u1ed9t c\u00e1ch \u0111i\u1ec1u \u0111\u1ed9 trong \u0103n u\u1ed1ng kh\u00f4ng n\u00ean d\u00f9ng v\u1edbi s\u1ed1 l\u01b0\u1ee3ng nhi\u1ec1u. \u0110\u1ec3 ph\u00e1t huy t\u1ed1t h\u01b0\u01a1ng v\u1ecb v\u00e0 m\u00f9i th\u01a1m \u0111\u1eb7c tr\u01b0ng c\u1ee7a ng\u1ea3i gi\u1ea5m, b\u1ea1n n\u00ean th\u00eam v\u00e0o cu\u1ed1i giai \u0111o\u1ea1n n\u1ea5u \u0103n \u0111\u1ec3 \u0111\u1ea1t \u0111\u01b0\u1ee3c k\u1ebft qu\u1ea3 nh\u01b0 mong mu\u1ed1n.<\/p>\n<p>\u2013\u00a0Ng\u1ea3i gi\u1ea5m d\u1eady m\u00f9i v\u00e0 b\u1edbt k\u00e9n ch\u1ecdn h\u01a1n h\u00e0nh, n\u00ean ch\u1ecbu nhi\u1ec7t gi\u1ecfi h\u01a1n; tuy nhi\u00ean m\u00f9i c\u1ee7a n\u00f3 r\u1ea5t d\u1ec5\u2026 bay, n\u00ean n\u1ea5u g\u00ec v\u1edbi ng\u1ea3i gi\u1ea5m th\u00ec ph\u1ea3i \u0103n nhanh, ch\u1edb c\u00f3 \u0111\u1ec3 l\u00e2u.<\/p>\n<p>\u2013 Ng\u1ea3i gi\u1ea5m c\u00f2n l\u00e0 m\u1ed9t lo\u1ea1i gia v\u1ecb m\u1ea1nh c\u00f3 t\u00ednh ch\u1ea5t d\u01b0\u1ee3c th\u1ea3o nh\u01b0 h\u1ed7 tr\u1ee3 ti\u00eau h\u00f3a, k\u00edch th\u00edch s\u1ef1 th\u00e8m \u0103n, ng\u0103n ng\u1eeba ch\u1ee9ng \u0111\u1ea7y h\u01a1i, n\u00f3 c\u0169ng l\u00e0 m\u1ed9t ch\u1ea5t kh\u1eed tr\u00f9ng t\u1ef1 nhi\u00ean r\u1ea5t h\u1eefu \u00edch \u0111\u1ed1i v\u1edbi ch\u1ee9ng \u0111au h\u1ecdng v\u00e0 vi\u00eam khoang mi\u1ec7ng.<\/p>\n<p><img decoding=\"async\" class=\"wp-image-17116 aligncenter\" src=\"https:\/\/havamall.com\/wp-content\/uploads\/2025\/06\/ng5.jpg\" alt=\"\" width=\"620\" height=\"414\" \/><\/p>\n<p><strong>GI\u00c1 TR\u1eca DINH D\u01af\u1ee0NG<\/strong><\/p>\n<p>Tuy ch\u1ec9 d\u00f9ng \u1edf m\u1ed9t l\u01b0\u1ee3ng nh\u1ecf, nh\u01b0ng tarragon v\u1eabn l\u00e0 ngu\u1ed3n cung c\u1ea5p c\u00e1c ch\u1ea5t s\u1eafc, canxi v\u00e0 mangan tuy\u1ec7t v\u1eddi. Khi s\u1eed d\u1ee5ng nhi\u1ec1u, tarragon cung c\u1ea5p nhi\u1ec1u kali, magi\u00ea v\u00e0 vitamin A v\u00e0 C. N\u00f3 c\u0169ng ch\u1ee9a m\u1ed9t l\u01b0\u1ee3ng nh\u1ecf \u0111\u1ed3ng, k\u1ebdm v\u00e0 ph\u1ed1t pho.<\/p>\n<p><img decoding=\"async\" class=\"size-full wp-image-17117 aligncenter\" src=\"https:\/\/havamall.com\/wp-content\/uploads\/2025\/06\/ng4.jpg\" alt=\"\" width=\"600\" height=\"400\" \/><\/p>\n<p><strong>C\u00d4NG D\u1ee4NG C\u1ee6A L\u00c1 NG\u1ea2I GI\u1ea4M<\/strong><\/p>\n<ul>\n<li>K\u00edch th\u00edch s\u1ef1 th\u00e8m \u0103n, gi\u00fap \u0111i\u1ec1u tr\u1ecb ch\u1ee9ng r\u1ed1i lo\u1ea1n ti\u00eau h\u00f3a<\/li>\n<li>G\u00e2y t\u00ea nh\u1edd \u0111\u1eb7c t\u00ednh c\u1ee7a tarragon<\/li>\n<li>C\u00f3 t\u00e1c d\u1ee5ng nh\u01b0 m\u1ed9t li\u1ec1u thu\u1ed1c an th\u1ea7n nh\u1eb9, gi\u00fap d\u1ec5 ng\u1ee7 h\u01a1n<\/li>\n<li>Lo\u1ea1i b\u1ecf \u0111\u1ed9c t\u1ed1 kh\u1ecfi c\u01a1 th\u1ec3, r\u1ea5t t\u1ed1t cho d\u00f9ng x\u00f4ng h\u01a1i<\/li>\n<li>H\u1ed7 tr\u1ee3 h\u1ec7 ti\u00eau h\u00f3a, \u0111\u1eb7c bi\u1ec7t l\u00e0 ph\u00e1 v\u1ee1 c\u00e1c ch\u1ea5t b\u00e9o th\u1ecbt v\u00e0 protein<\/li>\n<li>Gi\u1ea3m \u0111au kinh nguy\u1ec7t<\/li>\n<li>Gi\u1ea3m \u0111au b\u1ee5ng v\u00e0 kh\u00f3 ti\u00eau \u1edf tr\u1ebb s\u01a1 sinh<\/li>\n<li>L\u00e0m gi\u1ea3m b\u1edbt \u0111au kh\u1edbp<\/li>\n<li>Gi\u1ea3m tr\u1ea7m c\u1ea3m khi s\u1eed d\u1ee5ng k\u1ebft h\u1ee3p v\u1edbi th\u00ec l\u00e0<\/li>\n<\/ul>","protected":false},"excerpt":{"rendered":"<ul>\n<li>Ng\u1ea3i gi\u1ea5m c\u00f3 m\u1ed9t h\u01b0\u01a1ng v\u1ecb th\u01a1m, cay v\u00e0 m\u1ed9t ch\u00fat \u0111\u1eafng xen l\u1eabn m\u00f9i c\u1ee7a b\u1ea1c h\u00e0 v\u00e0 c\u1ea7n t\u00e2y.<\/li>\n<li>Ng\u1ea3i gi\u1ea5m d\u1eady m\u00f9i v\u00e0 b\u1edbt k\u00e9n ch\u1ecdn h\u01a1n h\u00e0nh, n\u00ean ch\u1ecbu nhi\u1ec7t gi\u1ecfi h\u01a1n; tuy nhi\u00ean m\u00f9i c\u1ee7a n\u00f3 r\u1ea5t d\u1ec5 bay, n\u00ean n\u1ea5u g\u00ec v\u1edbi ng\u1ea3i gi\u1ea5m th\u00ec ph\u1ea3i \u0103n nhanh, ch\u1edb c\u00f3 \u0111\u1ec3 l\u00e2u.<\/li>\n<li>Ng\u1ea3i gi\u1ea5m c\u00f2n l\u00e0 m\u1ed9t lo\u1ea1i gia v\u1ecb m\u1ea1nh c\u00f3 t\u00ednh ch\u1ea5t d\u01b0\u1ee3c th\u1ea3o nh\u01b0 h\u1ed7 tr\u1ee3 ti\u00eau h\u00f3a, k\u00edch th\u00edch s\u1ef1 th\u00e8m \u0103n, ng\u0103n ng\u1eeba ch\u1ee9ng \u0111\u1ea7y h\u01a1i, n\u00f3 c\u0169ng l\u00e0 m\u1ed9t ch\u1ea5t kh\u1eed tr\u00f9ng t\u1ef1 nhi\u00ean r\u1ea5t h\u1eefu \u00edch \u0111\u1ed1i v\u1edbi ch\u1ee9ng \u0111au h\u1ecdng v\u00e0 vi\u00eam khoang mi\u1ec7ng.<\/li>\n<\/ul>","protected":false},"featured_media":39499,"comment_status":"open","ping_status":"closed","template":"","meta":[],"product_brand":[],"product_cat":[595,36,134],"product_tag":[],"class_list":{"0":"post-17234","1":"product","2":"type-product","3":"status-publish","4":"has-post-thumbnail","6":"product_cat-gia-vi-va-che-bien","7":"product_cat-thuc-pham-tieu-dung","8":"product_cat-thucpham-saykho","9":"pa_brand-skx","11":"first","12":"instock","13":"sale","14":"shipping-taxable","15":"purchasable","16":"product-type-simple"},"_links":{"self":[{"href":"https:\/\/havamall.vn\/en\/wp-json\/wp\/v2\/product\/17234"}],"collection":[{"href":"https:\/\/havamall.vn\/en\/wp-json\/wp\/v2\/product"}],"about":[{"href":"https:\/\/havamall.vn\/en\/wp-json\/wp\/v2\/types\/product"}],"replies":[{"embeddable":true,"href":"https:\/\/havamall.vn\/en\/wp-json\/wp\/v2\/comments?post=17234"}],"version-history":[{"count":0,"href":"https:\/\/havamall.vn\/en\/wp-json\/wp\/v2\/product\/17234\/revisions"}],"wp:featuredmedia":[{"embeddable":true,"href":"https:\/\/havamall.vn\/en\/wp-json\/wp\/v2\/media\/39499"}],"wp:attachment":[{"href":"https:\/\/havamall.vn\/en\/wp-json\/wp\/v2\/media?parent=17234"}],"wp:term":[{"taxonomy":"product_brand","embeddable":true,"href":"https:\/\/havamall.vn\/en\/wp-json\/wp\/v2\/product_brand?post=17234"},{"taxonomy":"product_cat","embeddable":true,"href":"https:\/\/havamall.vn\/en\/wp-json\/wp\/v2\/product_cat?post=17234"},{"taxonomy":"product_tag","embeddable":true,"href":"https:\/\/havamall.vn\/en\/wp-json\/wp\/v2\/product_tag?post=17234"}],"curies":[{"name":"wp","href":"https:\/\/api.w.org\/{rel}","templated":true}]}}