{"id":17226,"date":"2020-11-03T10:22:38","date_gmt":"2020-11-03T03:22:38","guid":{"rendered":"https:\/\/havamall.vn\/?post_type=product&#038;p=17226"},"modified":"2025-06-02T09:15:57","modified_gmt":"2025-06-02T02:15:57","slug":"hat-methi-thuong-hieu-hava-foodies-goi-100g-fenugreek-seeds","status":"publish","type":"product","link":"https:\/\/havamall.vn\/en\/shop\/hat-methi-thuong-hieu-hava-foodies-goi-100g-fenugreek-seeds\/","title":{"rendered":"H\u1ea1t Methi Th\u01b0\u01a1ng Hi\u1ec7u Hava Foodies G\u00f3i 100g \u2013 Fenugreek Seeds"},"content":{"rendered":"<p>C\u00e2y Methi l\u00e0 c\u00e2y th\u00e2n c\u1ecf, cao kho\u1ea3ng 15 \u2013 40 cm. Ph\u1ea7n th\u00e2n c\u00e2y c\u00f3 m\u00e0u xanh l\u00e1, bao g\u1ed3m ba l\u00e1 ch\u00e9t nh\u1ecf c\u00f3 r\u00eca \u1edf r\u0103ng. Hoa c\u1ee7a c\u00e2y c\u00f3 m\u00e0u tr\u1eafng, ra hoa v\u00e0o th\u00e1ng 4 -5 , hoa th\u01b0\u1eddng ra theo c\u1eb7p, ch\u1ee9 kh\u00f4ng m\u1ecdc \u0111\u01a1n l\u1ebb. C\u00e2y gi\u1ed1ng v\u1edbi c\u00e2y \u0111\u1eadu m\u1ea7m. Sau khi ra hoa, c\u00e2y s\u1ebd ra h\u1ea1t methi. L\u00fac n\u00e0y ng\u01b0\u1eddi ta s\u1ebd thu ho\u1ea1ch c\u00e2y.<\/p>\n<p><strong>\u0110\u1eb6C \u0110I\u1ec2M C\u1ee6A H\u1ea0T METHI<\/strong><\/p>\n<p>H\u1ea1t methi l\u00e0 m\u1ed9t lo\u1ea1i gia v\u1ecb ph\u1ed5 bi\u1ebfn t\u1ea1i \u1ea4n \u0110\u1ed9 v\u00e0 c\u00e1c n\u01b0\u1edbc kh\u00e1c \u0111\u1eb7c bi\u1ec7t l\u00e0 Trung Qu\u1ed1c. H\u1ea1t methi c\u00f3 m\u00e0u n\u00e2u h\u01a1i v\u00e0ng, h\u1ea1t nh\u1ecf v\u1eeba \u0111\u1ec1u nhau.<\/p>\n<p>Kho\u1ea3ng 10 gam h\u1ea1t methi s\u1ebd ch\u1ee9a t\u1edbi h\u01a1n 35 kcal, c\u00f9ng r\u1ea5t nhi\u1ec1u dinh d\u01b0\u1ee1ng bao g\u1ed3m: ch\u1ea5t x\u01a1, protein, carbs, ch\u1ea5t b\u00e9o, s\u1eaft, mangan, Magie\u2026<\/p>\n<p><img fetchpriority=\"high\" decoding=\"async\" class=\"wp-image-17232 aligncenter\" src=\"https:\/\/havamall.com\/wp-content\/uploads\/2025\/06\/fenugreektestosterone-1.jpg\" alt=\"\" width=\"648\" height=\"486\" \/><\/p>\n<p>H\u1ea1t Methi \u0111\u01b0\u1ee3c bi\u1ebft \u0111\u1ebfn nh\u01b0 m\u1ed9t lo\u1ea1i th\u1ea3o d\u01b0\u1ee3c t\u1ed1t cho s\u1ee9c kh\u1ecfe con ng\u01b0\u1eddi, gi\u00fap h\u1ea1 \u0111\u01b0\u1eddng huy\u1ebft v\u1edbi ng\u01b0\u1eddi m\u1eafc b\u1ec7nh ti\u1ec3u \u0111\u01b0\u1eddng, gi\u1ea3m cholesterol, gi\u1ea3m \u0111au c\u01a1,\u2026 ngo\u00e0i ra c\u00f2n c\u00f3 kh\u1ea3 n\u0103ng cung c\u1ea5p s\u1eefa m\u1eb9, ch\u1eefa s\u1ecfi th\u1eadn, b\u1ea3o v\u1ec7 gan\u2026<\/p>\n<table border=\"1\" cellspacing=\"0\">\n<tbody>\n<tr>\n<td><strong>Th\u01b0\u01a1ng hi\u1ec7u<\/strong><\/td>\n<td>Havafood<\/td>\n<\/tr>\n<tr>\n<td><strong>\u0110\u00f3ng g\u00f3i<\/strong><\/td>\n<td>T\u00fai zip ch\u1eafc ch\u1eafn<\/td>\n<\/tr>\n<tr>\n<td><strong>Th\u00e0nh ph\u1ea7n<\/strong><\/td>\n<td>H\u1ea1t methi t\u01b0\u01a1i 100% \u0111\u01b0\u1ee3c tuy\u1ec3n ch\u1ecdn v\u00e0 s\u1ea5y kh\u00f4 b\u1eb1ng c\u00f4ng ngh\u1ec7 hi\u1ec7n \u0111\u1ea1i. Kh\u00f4ng ch\u1ea5t b\u1ea3o qu\u1ea3n, ch\u1ea5t t\u1ea1o m\u00e0u<\/td>\n<\/tr>\n<tr>\n<td><strong>H\u1ea1n s\u1eed d\u1ee5ng<\/strong><\/td>\n<td>Xem tr\u00ean bao b\u00ec s\u1ea3n ph\u1ea9m<\/td>\n<\/tr>\n<tr>\n<td><strong>C\u00e1ch s\u1eed d\u1ee5ng<\/strong><\/td>\n<td>D\u00f9ng \u0111\u1ec3 l\u00e0m gia v\u1ecb t\u1ea9m \u01b0\u1edbp, ch\u1ebf bi\u1ebfn c\u00e1c m\u00f3n \u0103n, u\u1ed1ng, c\u00f3 t\u00e1c d\u1ee5ng gi\u1ea3m l\u01b0\u1ee3ng \u0111\u01b0\u1eddng huy\u1ebft.<\/td>\n<\/tr>\n<tr>\n<td><strong>Nh\u1eadp kh\u1ea9u &amp; \u0111\u00f3ng g\u00f3i<\/strong><\/td>\n<td>Vi\u1ec7t Nam<\/td>\n<\/tr>\n<tr>\n<td><strong>\u00a0B\u1ea3o qu\u1ea3n<\/strong><\/td>\n<td>\u00a0N\u01a1i tho\u00e1ng m\u00e1t, tr\u00e1nh \u00e1nh n\u1eafng tr\u1ef1c ti\u1ebfp, tho\u00e1ng m\u00e1t<\/td>\n<\/tr>\n<tr>\n<td><strong>Kh\u1ed1i l\u01b0\u1ee3ng\u00a0<\/strong><\/td>\n<td>100g<\/td>\n<\/tr>\n<\/tbody>\n<\/table>\n<p><strong>C\u00c1CH S\u1eec D\u1ee4NG H\u1ea0T METHI<\/strong><\/p>\n<p>L\u1ea5y kho\u1ea3ng 40 \u2013 60 gram h\u1ea1t methi, ng\u00e2m trong n\u01b0\u1edbc \u1ea5m m\u1ed9t kho\u1ea3ng th\u1eddi gian \u0111\u1ec3 h\u1ea1t n\u1edf ra r\u1ed3i sau \u0111\u00f3 s\u1eed d\u1ee5ng:<\/p>\n<p><em><strong>Th\u00eam v\u00e0o \u0111\u1ed3 \u0103n:\u00a0<\/strong><\/em>C\u00f3 th\u1ec3 th\u00eam methi v\u00e0o c\u00e1c m\u00f3n b\u00e1nh, n\u01b0\u1edbc s\u1ed1t, s\u1eefa chua hay sinh t\u1ed1.. ho\u1eb7c \u0111\u01a1n gi\u1ea3n ch\u1ec9 c\u1ea7n r\u1eafc h\u1ea1t methi v\u00e0o th\u1ee9c \u0103n nh\u01b0 m\u1ed9t c\u00e1ch trang tr\u00ed.\u00a0L\u01b0\u1ee3ng methi v\u1eeba \u0111\u1ee7 khi th\u00eam v\u00e0o \u0111\u1ed3 \u0103n l\u00e0 15g, n\u1ebfu cho nhi\u1ec1u qu\u00e1 s\u1ebd g\u00e2y ra t\u00e1c d\u1ee5ng ph\u1ee5 \u0111\u1ed1i v\u1edbi h\u1ec7 ti\u00eau h\u00f3a.<\/p>\n<p><img decoding=\"async\" class=\"wp-image-17227 aligncenter\" src=\"https:\/\/havamall.com\/wp-content\/uploads\/2025\/06\/salat.jpg\" alt=\"\" width=\"579\" height=\"388\" \/><\/p>\n<p><em><strong>U\u1ed1ng h\u1ea1t methi v\u1edbi n\u01b0\u1edbc n\u00f3ng<\/strong><\/em><\/p>\n<p>&#8211; Theo nghi\u00ean c\u1ee9u, s\u1eed d\u1ee5ng h\u1ea1t methi \u0111\u1ec3 l\u00e0m tr\u00e0 u\u1ed1ng s\u1ebd mang l\u1ea1i hi\u1ec7u qu\u1ea3 t\u1ed1t nh\u1ea5t trong qu\u00e1 tr\u00ecnh tr\u1ecb b\u1ec7nh ti\u1ec3u \u0111\u01b0\u1eddng.\u00a0Gi\u00e3 ho\u1eb7c nghi\u1ec1n n\u00e1t 2.5 gam h\u1ea1t methi, sau \u0111\u00f3 h\u00f2a v\u1edbi 250ml n\u01b0\u1edbc s\u00f4i v\u00e0 khu\u1ea5y \u0111\u1ec1u r\u1ed3i s\u1eed d\u1ee5ng. N\u1ebfu s\u1eed d\u1ee5ng th\u01b0\u1eddng xuy\u00ean, c\u00f3 th\u1ec3 xay h\u1ea1t methi th\u00e0nh b\u1ed9t r\u1ed3i b\u1ea3o qu\u1ea3n trong h\u0169 th\u1ee7y tinh, m\u1ed7i l\u1ea7n s\u1eed d\u1ee5ng ch\u1ec9 c\u1ea7n l\u1ea5y 1 th\u00eca caf\u00e9 b\u1ed9t pha v\u1edbi n\u01b0\u1edbc n\u00f3ng.\u00a0\u0110\u1ec3 h\u1ea1t methi th\u01a1m ngon h\u01a1n, n\u00ean xao v\u00e0ng r\u1ed3i h\u00e3m v\u1edbi n\u01b0\u1edbc n\u00f3ng u\u1ed1ng.<\/p>\n<p>&#8211; C\u00f3 th\u1ec3 ng\u00e2m h\u1ea1t methi qua \u0111\u00eam, s\u00e1ng h\u00f4m sau l\u1ea5y ph\u1ea7n n\u01b0\u1edbc \u0111\u00e3 ng\u00e2m u\u1ed1ng v\u00e0 b\u1ecf ph\u1ea7n h\u1ea1t \u0111i.\u00a0N\u00ean u\u1ed1ng h\u1ea1t methi v\u00e0o m\u1ed7i bu\u1ed5i s\u00e1ng tr\u01b0\u1edbc ho\u1eb7c sau b\u1eefa \u0103n 30 ph\u00fat.<\/p>\n<p><img decoding=\"async\" class=\"wp-image-17230 aligncenter\" src=\"https:\/\/havamall.com\/wp-content\/uploads\/2025\/06\/mt1-1024x683.jpg\" alt=\"\" width=\"613\" height=\"408\" \/><\/p>\n<p><strong>C\u00d4NG D\u1ee4NG C\u1ee6A H\u1ea0T METHI<\/strong><\/p>\n<p><em><strong>&#8211; Gi\u00fap h\u1ed7 tr\u1ee3 \u0111i\u1ec1u tr\u1ecb b\u1ec7nh ti\u1ec3u \u0111\u01b0\u1eddng<\/strong><\/em><\/p>\n<p>H\u1ea1t methi gi\u00fap \u1ed5n \u0111\u1ecbnh l\u01b0\u1ee3ng \u0111\u01b0\u1eddng huy\u1ebft cho c\u01a1 th\u1ec3, \u1ea3nh h\u01b0\u1edfng \u0111\u1ebfn b\u1ec7nh nh\u00e2n ti\u1ec3u \u0111\u01b0\u1eddng lo\u1ea1i 1 v\u00e0 2. B\u1ec7nh nh\u00e2n b\u1ecb ti\u1ec3u \u0111\u01b0\u1eddng lo\u1ea1i 1 l\u1ea5y kho\u1ea3ng 50 gam h\u1ea1t methi, \u0103n v\u00e0o b\u1eefa tr\u01b0a v\u00e0 b\u1eefa t\u1ed1t, sau 10 ng\u00e0y s\u1ebd th\u1ea5y l\u01b0\u1ee3ng \u0111\u01b0\u1eddng trong m\u00e1u \u0111\u01b0\u1ee3c gi\u1ea3m r\u00f5 r\u00eat, l\u01b0\u1ee3ng choletorol \u0111\u01b0\u1ee3c \u0111i\u1ec1u h\u00f2a t\u1ed1t nh\u1ea5t. Gi\u00fap c\u1ea3i thi\u1ec7n l\u01b0\u1ee3ng insulin v\u00e0 l\u00e0m t\u0103ng h\u00e0m l\u01b0\u1ee3ng ch\u1ea5t x\u01a1 cho c\u01a1 th\u1ec3.<\/p>\n<p><em><strong>&#8211; L\u00e0m gi\u1ea3m m\u1ee1 m\u00e1u v\u00e0 cholesterol<\/strong><\/em><\/p>\n<p>H\u1ea1t methi c\u00f3 ch\u1ee9a th\u00e0nh ph\u1ea7n l\u00e0 c\u00e1c ch\u1ea5t gi\u00fap \u0111i\u1ec1u h\u00f2a l\u01b0\u1ee3ng m\u00e1u, \u0111i\u1ec1u h\u00f2a l\u01b0\u1ee3ng \u0111\u01b0\u1eddng huy\u1ebft trong c\u01a1 th\u1ec3. Ng\u0103n ng\u1eeba t\u00ecnh tr\u1ea1ng t\u0103ng m\u00e1u c\u0169ng nh\u01b0 m\u1ee1 m\u00e1u, khi\u1ebfn c\u01a1 th\u1ec3 d\u1ec5 m\u1eafc nh\u1eefng b\u1ec7nh kh\u00f3 nguy hi\u1ec3m. B\u00ean c\u1ea1nh \u0111\u00f3, h\u1ea1t c\u00f2n gi\u00fap \u0111i\u1ec1u h\u00f2a l\u01b0\u1ee3ng cholesterol, ng\u0103n ng\u1eeba b\u00e9o ph\u00ec.<\/p>\n<p><img loading=\"lazy\" decoding=\"async\" class=\"wp-image-17231 aligncenter\" src=\"https:\/\/havamall.com\/wp-content\/uploads\/2025\/06\/mt11-1024x569.jpg\" alt=\"\" width=\"595\" height=\"330\" \/><\/p>\n<p><strong>&#8211; Gi\u00fap h\u1ea1 s\u1ed1t nhanh<\/strong><\/p>\n<p>H\u1ea1t methi gi\u1ed1ng nh\u01b0 m\u1ed9t t\u1ee7 thu\u1ed1c di \u0111\u1ed9ng b\u1edfi ngo\u00e0i c\u00f4ng d\u1ee5ng ch\u1eefa b\u1ec7nh, n\u00f3 c\u00f2n gi\u00fap ch\u1eefa nh\u1eefng b\u1ec7nh th\u00f4ng th\u01b0\u1eddng nh\u01b0 S\u1ed1t, c\u1ea3m, \u0111au r\u0103ng\u2026 H\u1ea1t d\u00f9ng t\u1ed1t cho nh\u1eefng ng\u01b0\u1eddi b\u1ecb s\u1ed1t, mu\u1ed1n h\u1ea1 s\u1ed1t nhanh ch\u00f3ng.<\/p>\n<p>&#8211; B\u00ean c\u1ea1nh \u0111\u00f3, h\u1ea1t methi c\u00f2n gi\u00fap \u0111i\u1ec1u tr\u1ecb c\u00e1c b\u1ec7nh ngo\u00e0i da nh\u01b0 l\u1edf lo\u00e9t, m\u1ee5n nh\u1ecdt, m\u1ea9n ng\u1ee9a; \u1ee3\u00a0chua v\u00e0 ch\u1ee9ng tr\u00e0o ng\u01b0\u1ee3c d\u1ea1 d\u00e0y v\u00e0 ng\u0103n ng\u1eeba b\u1ec7nh s\u1ecfi th\u1eadn<\/p>","protected":false},"excerpt":{"rendered":"<ul>\n<li>H\u1ea1t methi l\u00e0 m\u1ed9t lo\u1ea1i gia v\u1ecb ph\u1ed5 bi\u1ebfn t\u1ea1i \u1ea4n \u0110\u1ed9 v\u00e0 c\u00e1c n\u01b0\u1edbc kh\u00e1c \u0111\u1eb7c bi\u1ec7t l\u00e0 Trung Qu\u1ed1c. H\u1ea1t methi c\u00f3 m\u00e0u n\u00e2u h\u01a1i v\u00e0ng, h\u1ea1t nh\u1ecf v\u1eeba \u0111\u1ec1u nhau.<\/li>\n<li>Kho\u1ea3ng 10 gam h\u1ea1t methi s\u1ebd ch\u1ee9a t\u1edbi h\u01a1n 35 kcal, c\u00f9ng r\u1ea5t nhi\u1ec1u dinh d\u01b0\u1ee1ng bao g\u1ed3m: ch\u1ea5t x\u01a1, protein, carbs, ch\u1ea5t b\u00e9o, s\u1eaft, mangan, Magie\u2026<\/li>\n<li>H\u1ea1t Methi \u0111\u01b0\u1ee3c bi\u1ebft \u0111\u1ebfn nh\u01b0 m\u1ed9t lo\u1ea1i th\u1ea3o d\u01b0\u1ee3c t\u1ed1t cho s\u1ee9c kh\u1ecfe con ng\u01b0\u1eddi, gi\u00fap h\u1ea1 \u0111\u01b0\u1eddng huy\u1ebft v\u1edbi ng\u01b0\u1eddi m\u1eafc b\u1ec7nh ti\u1ec3u \u0111\u01b0\u1eddng, gi\u1ea3m cholesterol, gi\u1ea3m \u0111au c\u01a1,\u2026 ngo\u00e0i ra c\u00f2n c\u00f3 kh\u1ea3 n\u0103ng cung c\u1ea5p s\u1eefa m\u1eb9, ch\u1eefa s\u1ecfi th\u1eadn, b\u1ea3o v\u1ec7 gan\u2026<\/li>\n<\/ul>","protected":false},"featured_media":38901,"comment_status":"open","ping_status":"closed","template":"","meta":[],"product_brand":[],"product_cat":[40,154],"product_tag":[],"class_list":{"0":"post-17226","1":"product","2":"type-product","3":"status-publish","4":"has-post-thumbnail","6":"product_cat-sieuthi-giasi","7":"product_cat-gia-vi","8":"pa_brand-skx","10":"first","11":"instock","12":"sale","13":"shipping-taxable","14":"purchasable","15":"product-type-simple"},"_links":{"self":[{"href":"https:\/\/havamall.vn\/en\/wp-json\/wp\/v2\/product\/17226"}],"collection":[{"href":"https:\/\/havamall.vn\/en\/wp-json\/wp\/v2\/product"}],"about":[{"href":"https:\/\/havamall.vn\/en\/wp-json\/wp\/v2\/types\/product"}],"replies":[{"embeddable":true,"href":"https:\/\/havamall.vn\/en\/wp-json\/wp\/v2\/comments?post=17226"}],"version-history":[{"count":0,"href":"https:\/\/havamall.vn\/en\/wp-json\/wp\/v2\/product\/17226\/revisions"}],"wp:featuredmedia":[{"embeddable":true,"href":"https:\/\/havamall.vn\/en\/wp-json\/wp\/v2\/media\/38901"}],"wp:attachment":[{"href":"https:\/\/havamall.vn\/en\/wp-json\/wp\/v2\/media?parent=17226"}],"wp:term":[{"taxonomy":"product_brand","embeddable":true,"href":"https:\/\/havamall.vn\/en\/wp-json\/wp\/v2\/product_brand?post=17226"},{"taxonomy":"product_cat","embeddable":true,"href":"https:\/\/havamall.vn\/en\/wp-json\/wp\/v2\/product_cat?post=17226"},{"taxonomy":"product_tag","embeddable":true,"href":"https:\/\/havamall.vn\/en\/wp-json\/wp\/v2\/product_tag?post=17226"}],"curies":[{"name":"wp","href":"https:\/\/api.w.org\/{rel}","templated":true}]}}