{"id":17218,"date":"2020-11-03T09:56:53","date_gmt":"2020-11-03T02:56:53","guid":{"rendered":"https:\/\/havamall.vn\/?post_type=product&#038;p=17218"},"modified":"2025-06-01T16:57:23","modified_gmt":"2025-06-01T09:57:23","slug":"bot-la-dua-thuong-hieu-hava-foodies-goi-100g-pandan-powder","status":"publish","type":"product","link":"https:\/\/havamall.vn\/en\/shop\/bot-la-dua-thuong-hieu-hava-foodies-goi-100g-pandan-powder\/","title":{"rendered":"B\u1ed9t L\u00e1 D\u1ee9a Th\u01b0\u01a1ng Hi\u1ec7u Hava Foodies G\u00f3i 100g \u2013 Pandan Powder"},"content":{"rendered":"<h1>TH\u00d4NG TIN S\u1ea2N PH\u1ea8M<\/h1>\n<ul>\n<li>Th\u01b0\u01a1ng hi\u1ec7u: Havafood<\/li>\n<li>Th\u00e0nh ph\u1ea7n: B\u1ed9t l\u00e1 d\u1ee9a (l\u00e1 n\u1ebfp) nguy\u00ean ch\u1ea5t. \u0110\u01b0\u1ee3c l\u00e0m t\u1eeb 100% l\u00e1 d\u1ee9a tuy\u1ec3n ch\u1ecdn, l\u00e0m s\u1ea1ch v\u00e0 ph\u01a1i kh\u00f4. Sau \u0111\u00f3 xay m\u1ecbn b\u1eb1ng c\u00f4ng ngh\u1ec7 hi\u1ec7n \u0111\u1ea1i. Kh\u00f4ng ch\u1ea5t b\u1ea3o qu\u1ea3n, ch\u1ea5t t\u1ea1o m\u00e0u.<\/li>\n<li>M\u00e0u s\u1eafc: Xanh<\/li>\n<li>Tr\u1ecdng l\u01b0\u1ee3ng: 100gr<\/li>\n<li>Quy c\u00e1ch \u0111\u00f3ng g\u00f3i: T\u00fai zip ch\u1eafc ch\u1eafn<\/li>\n<li>H\u1ea1n s\u1eed d\u1ee5ng: xem tr\u00ean bao b\u00ec<\/li>\n<\/ul>\n<h1>\u0110\u1eb6C \u0110I\u1ec2M B\u1ed8T L\u00c1 D\u1ee8A<\/h1>\n<p>B\u1ed9t l\u00e1 d\u1ee9a \u0111\u01b0\u1ee3c ch\u1ebf bi\u1ebfn ho\u00e0n to\u00e0n t\u1eeb 100% l\u00e1 n\u1ebfp t\u01b0\u01a1i nguy\u00ean ch\u1ea5t, \u0111\u1ea3m b\u1ea3o s\u1ea3n ph\u1ea9m s\u1ea1ch, ch\u1ea5t l\u01b0\u1ee3ng, kh\u00f4ng ch\u1ee9a h\u00f3a ch\u1ea5t. S\u1ea3n ph\u1ea9m \u1edf d\u1ea1ng b\u1ed9t m\u1ecbn v\u00e0 c\u00f3 m\u00e0u xanh.<\/p>\n<p>B\u1ed9t l\u00e1 d\u1ee9a \u0111\u01b0\u1ee3c s\u1eed d\u1ee5ng \u0111\u1ec3 t\u1ea1o m\u00e0u xanh c\u1ed1m v\u00e0 \u0111em l\u1ea1i h\u01b0\u01a1ng th\u01a1m \u0111\u1eb7c tr\u01b0ng nh\u01b0 m\u00f9i c\u01a1m n\u1ebfp trong ng\u00e0nh \u1ea9m th\u1ef1c, \u0111\u1eb7c bi\u1ec7t d\u00f9ng \u0111\u1ec3 t\u1ea1o m\u00e0u cho m\u1ed9t s\u1ed1 m\u00f3n \u0103n th\u00eam h\u1ea5p d\u1eabn, th\u01a1m ngon nh\u01b0: X\u00f4i, b\u00e1nh ch\u01b0ng, th\u1ea1ch, m\u1ee9t d\u1eeba, c\u00e1c lo\u1ea1i b\u00e1nh\u2026.<\/p>\n<p><img fetchpriority=\"high\" decoding=\"async\" class=\"wp-image-17224 aligncenter\" src=\"https:\/\/havamall.com\/wp-content\/uploads\/2025\/06\/DUA-1.jpg\" alt=\"\" width=\"560\" height=\"373\" \/><\/p>\n<p>Theo nghi\u00ean c\u1ee9u b\u1ed9t l\u00e1 d\u1ee9a c\u00f2n c\u00f3 t\u00e1c d\u1ee5ng r\u1ea5t l\u1edbn trong vi\u1ec7c ch\u0103m s\u00f3c v\u00e0 \u0111i\u1ec1u tr\u1ecb m\u1ed9t s\u1ed1 b\u1ec7nh th\u01b0\u1eddng g\u1eb7p nh\u01b0 \u1ed5n \u0111\u1ecbnh huy\u1ebft \u00e1p, gi\u1ea3m \u0111au \u0111\u1ea7u, gi\u1ea3m b\u1edbt c\u01a1n \u0111au ng\u1ef1c, ng\u0103n ng\u1eeba c\u01a1n hen\u2026<\/p>\n<h1><strong>C\u00d4NG D\u1ee4NG C\u1ee6A B\u1ed8T L\u00c1 D\u1ee8A<\/strong><\/h1>\n<h2><em><strong>Trong ch\u1ebf bi\u1ebfn \u1ea9m th\u1ef1c<\/strong><\/em><\/h2>\n<p>B\u1ed9t l\u00e1 d\u1ee9a c\u00f3 c\u00f4ng d\u1ee5ng \u0111\u1ec3 t\u1ea1o m\u00e0u xanh c\u1ed1m t\u01b0\u01a1i m\u00e1t cho r\u1ea5t nhi\u1ec1u m\u00f3n \u0103n v\u00e0 mang m\u00f9i th\u01a1m \u0111\u1eb7c tr\u01b0ng c\u1ee7a l\u00e1 d\u1ee9a t\u01b0\u01a1i.<\/p>\n<p>Hi\u1ec7n nay b\u1ed9t l\u00e1 d\u1ee9a c\u0169ng \u0111\u01b0\u1ee3c s\u1eed d\u1ee5ng nhi\u1ec1u gi\u00fap bi\u1ebfn t\u1ea5u c\u00e1c m\u00f3n \u0103n th\u00eam th\u01a1m ngon, h\u1ea5p d\u1eabn h\u01a1n thay v\u00ec nh\u1eefng m\u00f3n \u0103n truy\u1ec1n th\u1ed1ng, m\u1ed9t m\u00e0u \u0111\u01a1n tr\u1eafng \u0111\u01a1n \u0111i\u1ec7u. Kh\u00f4ng nh\u1eefng th\u1ebf, m\u00f9i th\u01a1m t\u1eeb b\u1ed9t l\u00e1 d\u1ee9a h\u00f2a quy\u1ec7n v\u1edbi m\u00f9i th\u01a1m c\u1ee7a c\u00e1c nguy\u00ean li\u1ec7u ch\u1ebf bi\u1ebfn m\u00f3n \u0103n khi\u1ebfn cho th\u1ef1c kh\u00e1ch ph\u1ea3i m\u00ea m\u1ea9n, ngay l\u1eadp t\u1ee9c mu\u1ed1n th\u01b0\u1edfng th\u1ee9c ngay.<\/p>\n<p>B\u1ed9t l\u00e1 d\u1ee9a th\u01b0\u1eddng \u0111\u01b0\u1ee3c s\u1eed d\u1ee5ng ch\u1ebf bi\u1ebfn m\u1ed9t s\u1ed1 m\u00f3n nh\u01b0: m\u1ee9t d\u1eeba, x\u00f4i l\u00e1 n\u1ebfp, th\u1ea1ch rau c\u00e2u, c\u00e1c lo\u1ea1i b\u00e1nh ng\u1ecdt&#8230; ch\u1eafc ch\u1eb3n s\u1ebd khi\u1ebfn th\u1ef1c kh\u00e1ch \u0111\u1eafm ch\u00ecm trong h\u01b0\u01a1ng th\u01a1m m\u00f9i n\u1ebfp c\u1ed1m.<\/p>\n<p><img decoding=\"async\" class=\"wp-image-17222 aligncenter\" src=\"https:\/\/havamall.com\/wp-content\/uploads\/2025\/06\/DUA-44.jpg\" alt=\"\" width=\"551\" height=\"367\" \/><\/p>\n<h2><em><strong>\u0110\u1ed1i v\u1edbi s\u1ee9c kh\u1ecfe\u00a0<\/strong><\/em><\/h2>\n<p>Ngo\u00e0i c\u00f4ng d\u1ee5ng b\u1ed9t l\u00e1 d\u1ee9a trong ch\u1ebf bi\u1ebfn \u1ea9m th\u1ef1c th\u00ec b\u1ed9t l\u00e1 d\u1ee9a c\u00f2n c\u00f3 c\u00f4ng d\u1ee5ng r\u1ea5t t\u1ed1t cho s\u1ee9c kh\u1ecfe c\u1ee7a con ng\u01b0\u1eddi. C\u00e1c th\u00e0nh ph\u1ea7n c\u00f3 trong l\u00e1 d\u1ee9a gi\u00fap h\u1ed7 tr\u1ee3 \u0111i\u1ec1u tr\u1ecb v\u00e0 ph\u00f2ng ng\u1eeba m\u1ed9t s\u1ed1 b\u1ec7nh th\u01b0\u1eddng g\u1eb7p:<\/p>\n<p>&#8211; C\u00f3 t\u00e1c d\u1ee5ng \u0111i\u1ec1u tr\u1ecb b\u1ec7nh phong, b\u1ec7nh \u0111\u1eadu m\u00f9a v\u00e0 v\u1ebft th\u01b0\u01a1ng.<\/p>\n<p>&#8211; Gi\u00fap gi\u1ea3m s\u1ed1t.<\/p>\n<p>&#8211; Gi\u1ea3i quy\u1ebft m\u1ed9t s\u1ed1 v\u1ea5n \u0111\u1ec1 v\u1ec1 da.<\/p>\n<p>&#8211; Gi\u1ea3m \u0111au \u0111\u1ea7u v\u00e0 vi\u00eam kh\u1edbp.<\/p>\n<p>&#8211; \u0110i\u1ec1u tr\u1ecb \u0111au tai.<\/p>\n<p><img decoding=\"async\" class=\"size-full wp-image-17221 aligncenter\" src=\"https:\/\/havamall.com\/wp-content\/uploads\/2025\/06\/DUA-3.jpg\" alt=\"\" width=\"600\" height=\"600\" \/><\/p>\n<p>&#8211; Ch\u1ee9c n\u0103ng nh\u01b0 thu\u1ed1c nhu\u1eadn tr\u00e0ng cho tr\u1ebb em.<\/p>\n<p>&#8211; Gi\u00fap nhanh ch\u00f3ng ph\u1ee5c h\u1ed3i s\u1ee9c kh\u1ecfe c\u1ee7a ph\u1ee5 n\u1eef m\u1edbi sinh con v\u00e0 v\u1eabn c\u00f2n y\u1ebfu.<\/p>\n<p>&#8211; L\u00e0m gi\u1ea3m co th\u1eaft d\u1ea1 d\u00e0y.<\/p>\n<p>&#8211; Ngo\u00e0i ra, b\u1ed9t l\u00e1 n\u1ebfp c\u00f3 m\u00f9i th\u01a1m d\u1ec5 ch\u1ecbu n\u00ean \u0111\u01b0\u1ee3c nhi\u1ec1u l\u00e1i xe \u00f4t\u00f4 s\u1eed d\u1ee5ng \u0111\u1ec3 tr\u00ean xe gi\u00fap \u0111\u1ea9y nh\u1eefng m\u00f9i kh\u00f3 ch\u1ecbu v\u00e0 t\u1ea1o m\u00f9i th\u01a1m cho xe. Hay \u0111\u1ec3 trong nh\u00e0 gi\u00fap cho nh\u00e0 th\u00f4ng tho\u00e1ng, th\u01a1m m\u00e1t kh\u00f4ng c\u00f2n nh\u1eefng m\u00f9i h\u00f4i kh\u00f3 ch\u1ecbu.<\/p>\n<h1>C\u00c1CH S\u1eec D\u1ee4NG V\u00c0 B\u1ea2O QU\u1ea2N<\/h1>\n<p>&#8211; T\u00f9y v\u00e0o c\u00e1ch ch\u1ebf bi\u1ebfn c\u00f3 th\u1ec3 h\u00f2a b\u1ed9t l\u00e1 n\u1ebfp v\u1edbi n\u01b0\u1edbc sau \u0111\u00f3 l\u1ecdc l\u1ea5y n\u01b0\u1edbc ho\u1eb7c d\u00f9ng tr\u1ef1c ti\u1ebfp \u0111\u1ec3 t\u1ea1o m\u00f9i h\u01b0\u01a1ng v\u00e0 m\u00e0u xanh.<\/p>\n<p>&#8211; B\u1ed9t l\u00e1 d\u1ee9a n\u00ean b\u1ea3o qu\u1ea3n n\u01a1i kh\u00f4 r\u00e1o tho\u00e1ng m\u00e1t, tr\u00e1nh \u00e1nh n\u1eafng m\u1eb7t tr\u1eddi v\u00e0\u00a0 n\u00ean bu\u1ed9c th\u1eadt k\u00edn trong t\u00fai nilon \u0111\u1ec3 b\u1ed9t kh\u00f4ng b\u1ecb m\u1ea5t m\u00f9i v\u1ecb v\u00e0 kh\u00f4ng b\u1ecb \u1ea9m.<\/p>","protected":false},"excerpt":{"rendered":"<ul>\n<li>B\u1ed9t l\u00e1 d\u1ee9a \u0111\u01b0\u1ee3c ch\u1ebf bi\u1ebfn ho\u00e0n to\u00e0n t\u1eeb 100% l\u00e1 n\u1ebfp t\u01b0\u01a1i nguy\u00ean ch\u1ea5t, \u0111\u1ea3m b\u1ea3o s\u1ea3n ph\u1ea9m s\u1ea1ch, ch\u1ea5t l\u01b0\u1ee3ng, kh\u00f4ng ch\u1ee9a h\u00f3a ch\u1ea5t. S\u1ea3n ph\u1ea9m \u1edf d\u1ea1ng b\u1ed9t m\u1ecbn v\u00e0 c\u00f3 m\u00e0u xanh.<\/li>\n<li>B\u1ed9t l\u00e1 d\u1ee9a \u0111\u01b0\u1ee3c s\u1eed d\u1ee5ng \u0111\u1ec3 t\u1ea1o m\u00e0u xanh c\u1ed1m v\u00e0 \u0111em l\u1ea1i h\u01b0\u01a1ng th\u01a1m \u0111\u1eb7c tr\u01b0ng nh\u01b0 m\u00f9i c\u01a1m n\u1ebfp trong ng\u00e0nh \u1ea9m th\u1ef1c, \u0111\u1eb7c bi\u1ec7t d\u00f9ng \u0111\u1ec3 t\u1ea1o m\u00e0u cho m\u1ed9t s\u1ed1 m\u00f3n \u0103n th\u00eam h\u1ea5p d\u1eabn, th\u01a1m ngon nh\u01b0: X\u00f4i, b\u00e1nh ch\u01b0ng, th\u1ea1ch, m\u1ee9t d\u1eeba, c\u00e1c lo\u1ea1i b\u00e1nh\u2026.<\/li>\n<li>Theo nghi\u00ean c\u1ee9u b\u1ed9t l\u00e1 d\u1ee9a c\u00f2n c\u00f3 t\u00e1c d\u1ee5ng r\u1ea5t l\u1edbn trong vi\u1ec7c ch\u0103m s\u00f3c v\u00e0 \u0111i\u1ec1u tr\u1ecb m\u1ed9t s\u1ed1 b\u1ec7nh th\u01b0\u1eddng g\u1eb7p nh\u01b0 \u1ed5n \u0111\u1ecbnh huy\u1ebft \u00e1p, gi\u1ea3m \u0111au \u0111\u1ea7u, gi\u1ea3m b\u1edbt c\u01a1n \u0111au ng\u1ef1c, ng\u0103n ng\u1eeba c\u01a1n hen,..<\/li>\n<\/ul>","protected":false},"featured_media":38827,"comment_status":"open","ping_status":"closed","template":"","meta":[],"product_brand":[],"product_cat":[40,154],"product_tag":[],"class_list":{"0":"post-17218","1":"product","2":"type-product","3":"status-publish","4":"has-post-thumbnail","6":"product_cat-sieuthi-giasi","7":"product_cat-gia-vi","8":"pa_brand-skx","10":"first","11":"instock","12":"sale","13":"shipping-taxable","14":"purchasable","15":"product-type-simple"},"_links":{"self":[{"href":"https:\/\/havamall.vn\/en\/wp-json\/wp\/v2\/product\/17218"}],"collection":[{"href":"https:\/\/havamall.vn\/en\/wp-json\/wp\/v2\/product"}],"about":[{"href":"https:\/\/havamall.vn\/en\/wp-json\/wp\/v2\/types\/product"}],"replies":[{"embeddable":true,"href":"https:\/\/havamall.vn\/en\/wp-json\/wp\/v2\/comments?post=17218"}],"version-history":[{"count":0,"href":"https:\/\/havamall.vn\/en\/wp-json\/wp\/v2\/product\/17218\/revisions"}],"wp:featuredmedia":[{"embeddable":true,"href":"https:\/\/havamall.vn\/en\/wp-json\/wp\/v2\/media\/38827"}],"wp:attachment":[{"href":"https:\/\/havamall.vn\/en\/wp-json\/wp\/v2\/media?parent=17218"}],"wp:term":[{"taxonomy":"product_brand","embeddable":true,"href":"https:\/\/havamall.vn\/en\/wp-json\/wp\/v2\/product_brand?post=17218"},{"taxonomy":"product_cat","embeddable":true,"href":"https:\/\/havamall.vn\/en\/wp-json\/wp\/v2\/product_cat?post=17218"},{"taxonomy":"product_tag","embeddable":true,"href":"https:\/\/havamall.vn\/en\/wp-json\/wp\/v2\/product_tag?post=17218"}],"curies":[{"name":"wp","href":"https:\/\/api.w.org\/{rel}","templated":true}]}}