{"id":17210,"date":"2020-11-03T09:32:46","date_gmt":"2020-11-03T02:32:46","guid":{"rendered":"https:\/\/havamall.vn\/?post_type=product&#038;p=17210"},"modified":"2025-06-01T16:51:16","modified_gmt":"2025-06-01T09:51:16","slug":"bot-hanh-thuong-hieu-hava-foodies-goi-100g-onion-powder","status":"publish","type":"product","link":"https:\/\/havamall.vn\/en\/shop\/bot-hanh-thuong-hieu-hava-foodies-goi-100g-onion-powder\/","title":{"rendered":"B\u1ed9t H\u00e0nh Th\u01b0\u01a1ng Hi\u1ec7u Hava Foodies G\u00f3i 100g \u2013 Onion Powder"},"content":{"rendered":"<div id=\"content_tab_description\" class=\"tab-content tab-description\">\n<div class=\"tab-content-inner\">\n<div class=\"tab-content-scroll\">\n<div id=\"content_tab_description\" class=\"tab-content tab-description\">\n<div class=\"tab-content-inner\">\n<div class=\"tab-content-scroll\">\n<p><strong>TH\u00d4NG TIN S\u1ea2N PH\u1ea8M<\/strong><\/p>\n<\/div>\n<\/div>\n<\/div>\n<table border=\"1\" cellspacing=\"0\">\n<tbody>\n<tr>\n<td><strong>Th\u01b0\u01a1ng hi\u1ec7u<\/strong><\/td>\n<td>Havafood<\/td>\n<\/tr>\n<tr>\n<td><strong>\u0110\u00f3ng g\u00f3i<\/strong><\/td>\n<td>T\u00fai zip ch\u1eafc ch\u1eafn<\/td>\n<\/tr>\n<tr>\n<td><strong>Th\u00e0nh ph\u1ea7n<\/strong><\/td>\n<td>100% h\u00e0nh t\u01b0\u01a1i, ph\u01a1i kh\u00f4, nghi\u1ec1n nh\u1ecf th\u00e0nh b\u1ed9t<\/td>\n<\/tr>\n<tr>\n<td><strong>H\u1ea1n s\u1eed d\u1ee5ng<\/strong><\/td>\n<td>Xem tr\u00ean bao b\u00ec s\u1ea3n ph\u1ea9m<\/td>\n<\/tr>\n<tr>\n<td><strong>C\u00e1ch s\u1eed d\u1ee5ng<\/strong><\/td>\n<td>D\u00f9ng \u0111\u1ec3 l\u00e0m gia v\u1ecb t\u1ea9m \u01b0\u1edbp, ch\u1ebf bi\u1ebfn c\u00e1c m\u00f3n \u0103n thay cho h\u00e0nh khi c\u1ea7n.<\/td>\n<\/tr>\n<tr>\n<td><strong>Xu\u1ea5t x\u1ee9<\/strong><\/td>\n<td>\u0110\u1ee9c<\/td>\n<\/tr>\n<tr>\n<td><strong>\u00a0B\u1ea3o qu\u1ea3n<\/strong><\/td>\n<td>\u00a0N\u01a1i tho\u00e1ng m\u00e1t, tr\u00e1nh \u00e1nh n\u1eafng tr\u1ef1c ti\u1ebfp, tho\u00e1ng m\u00e1t<\/td>\n<\/tr>\n<tr>\n<td><strong>Kh\u1ed1i l\u01b0\u1ee3ng\u00a0<\/strong><\/td>\n<td>100gr<\/td>\n<\/tr>\n<\/tbody>\n<\/table>\n<p><strong>\u0110\u1eb6C \u0110I\u1ec2M B\u1ed8T H\u00c0NH<\/strong><\/p>\n<p>B\u1ed9t h\u00e0nh\u00a0l\u00e0 m\u1ed9t lo\u1ea1i gia v\u1ecb ph\u1ed5 bi\u1ebfn trong c\u0103n b\u1ebfp c\u1ee7a nhi\u1ec1u gia \u0111\u00ecnh Vi\u1ec7t Nam.\u00a0B\u1ed9t h\u00e0nh\u00a0\u0111\u01b0\u1ee3c s\u1ea3n xu\u1ea5t ho\u00e0n to\u00e0n b\u1eb1ng nh\u1eefng nguy\u00ean li\u1ec7u h\u00e0nh t\u1ef1 nhi\u00ean nh\u1ea5t theo quy tr\u00ecnh, d\u00e2y chuy\u1ec1n c\u00f4ng ngh\u1ec7 hi\u1ec7n \u0111\u1ea1i. \u0110\u1ea3m b\u1ea3o ch\u1ea5t l\u01b0\u1ee3ng cao, an to\u00e0n nh\u1ea5t cho ng\u01b0\u1eddi s\u1eed d\u1ee5ng.<\/p>\n<p><img fetchpriority=\"high\" decoding=\"async\" class=\"wp-image-17216 aligncenter\" src=\"https:\/\/havamall.com\/wp-content\/uploads\/2020\/11\/unnamed.jpg\" alt=\"\" width=\"571\" height=\"350\" srcset=\"https:\/\/havamall.vn\/wp-content\/uploads\/2020\/11\/unnamed.jpg 512w, https:\/\/havamall.vn\/wp-content\/uploads\/2020\/11\/unnamed-430x264.jpg 430w, https:\/\/havamall.vn\/wp-content\/uploads\/2020\/11\/unnamed-150x92.jpg 150w, https:\/\/havamall.vn\/wp-content\/uploads\/2020\/11\/unnamed-300x184.jpg 300w\" sizes=\"(max-width: 571px) 100vw, 571px\" \/><\/p>\n<p>Nh\u1eefng c\u1ee7 h\u00e0nh an to\u00e0n nh\u1ea5t \u0111\u01b0\u1ee3c l\u1ef1a ch\u1ecdn \u0111\u1ec3 cho ra s\u1ea3n ph\u1ea9m\u00a0b\u1ed9t h\u00e0nh\u00a0ngon nh\u1ea5t.\u00a0B\u1ed9t h\u00e0nh\u00a0th\u01b0\u1eddng \u0111\u01b0\u1ee3c d\u00f9ng \u0111\u1ec3 t\u1ea9m \u01b0\u1edbp gia v\u1ecb cho c\u00e1c m\u00f3n \u0103n th\u00eam m\u00f9i h\u01b0\u01a1ng h\u1ea5p d\u1eabn v\u00e0 ti\u1ebft ki\u1ec7m th\u1eddi gian n\u1ea5u n\u01b0\u1edbng.<\/p>\n<div id=\"content_tab_description\" class=\"tab-content tab-description\">\n<div class=\"tab-content-inner\">\n<div class=\"tab-content-scroll\">\n<p>S\u1ea3n ph\u1ea9m l\u00e0 d\u1ea1ng b\u1ed9t m\u1ecbn gi\u00fap th\u1eddi gian t\u1ea9m \u01b0\u1edbp nguy\u00ean li\u1ec7u nhanh h\u01a1n, gi\u00fap ti\u1ebft ki\u1ec7m th\u1eddi gian cho b\u1ea1n.<\/p>\n<p><strong>QUY TR\u00ccNH S\u1ea2N XU\u1ea4T B\u1ed8T H\u00c0NH<\/strong><\/p>\n<\/div>\n<\/div>\n<\/div>\n<ul>\n<li>Nh\u1eefng c\u1ee7 h\u00e0nh s\u1ea3n xu\u1ea5t \u0111\u01b0\u1ee3c l\u1ef1a ch\u1ecdn k\u1ef9 c\u00e0ng, t\u01b0\u01a1i s\u1ea1ch v\u00e0 ch\u1ea5t l\u01b0\u1ee3ng cao nh\u1ea5t.<\/li>\n<li>H\u00ecnh th\u1ee9c: S\u1ea5y c\u00e1ch nhi\u1ec7t \u0111\u1ec3 l\u1ea5y h\u01a1i n\u00f3ng t\u1ef1 nhi\u00ean v\u00e0 xay nhuy\u1ec5n th\u00e0nh d\u1ea1ng b\u1ed9t m\u1ecbn.<\/li>\n<li>Kh\u00f4ng l\u1eabn b\u1ea5t k\u1ef3 t\u1ea1p ch\u1ea5t n\u00e0o.<\/li>\n<li>Kh\u00f4ng ch\u1ee9a ch\u1ea5t b\u1ea3o qu\u1ea3n.<\/li>\n<\/ul>\n<p><img decoding=\"async\" class=\"wp-image-17215 aligncenter\" src=\"https:\/\/havamall.com\/wp-content\/uploads\/2020\/11\/flavour_story_onion_powder_d-1024x538.jpg\" alt=\"\" width=\"610\" height=\"320\" srcset=\"https:\/\/havamall.vn\/wp-content\/uploads\/2020\/11\/flavour_story_onion_powder_d-1024x538.jpg 1024w, https:\/\/havamall.vn\/wp-content\/uploads\/2020\/11\/flavour_story_onion_powder_d-430x226.jpg 430w, https:\/\/havamall.vn\/wp-content\/uploads\/2020\/11\/flavour_story_onion_powder_d-150x79.jpg 150w, https:\/\/havamall.vn\/wp-content\/uploads\/2020\/11\/flavour_story_onion_powder_d-700x368.jpg 700w, https:\/\/havamall.vn\/wp-content\/uploads\/2020\/11\/flavour_story_onion_powder_d-300x158.jpg 300w, https:\/\/havamall.vn\/wp-content\/uploads\/2020\/11\/flavour_story_onion_powder_d-768x403.jpg 768w, https:\/\/havamall.vn\/wp-content\/uploads\/2020\/11\/flavour_story_onion_powder_d.jpg 1200w, https:\/\/havamall.vn\/wp-content\/uploads\/2020\/11\/flavour_story_onion_powder_d-600x315.jpg 600w\" sizes=\"(max-width: 610px) 100vw, 610px\" \/><\/p>\n<ul>\n<li>Kh\u00f4ng s\u1eed d\u1ee5ng ch\u1ea5t t\u1ea1o m\u00f9i.<\/li>\n<li>Kh\u00f4ng ch\u1ea5t t\u1ea1o m\u00e0u.<\/li>\n<li>\u0110\u00f3ng g\u00f3i s\u1ea3n ph\u1ea9m ch\u1eafc ch\u1eafn, \u0111\u1ea3m b\u1ea3o b\u1ea3o qu\u1ea3n \u0111\u01b0\u1ee3c t\u1ed1t nh\u1ea5t.<\/li>\n<li>Th\u1eddi gian b\u1ea3o qu\u1ea3n: 24 th\u00e1ng k\u1ec3 t\u1eeb ng\u00e0y s\u1ea3n xu\u1ea5t.<\/li>\n<\/ul>\n<p><strong>C\u00d4NG D\u1ee4NG C\u1ee6A B\u1ed8T H\u00c0NH<\/strong><\/p>\n<p><strong><i>\u2013 Trong \u1ea9m th\u1ef1c<\/i><\/strong><\/p>\n<p>B\u1ed9t h\u00e0nh \u0111\u01b0\u1ee3c s\u1eed d\u1ee5ng \u0111\u1ec3 t\u1ea9m \u01b0\u1edbp cho c\u00e1c m\u00f3n th\u1ecbt, gi\u00fap cho c\u00e1c m\u00f3n th\u1ecbt t\u0103ng th\u00eam h\u01b0\u01a1ng v\u1ecb v\u00e0 kh\u1eed m\u00f9i tanh hi\u1ec7u qu\u1ea3.<\/p>\n<p>Lo\u1ea1i b\u1ed9t\u00a0n\u00e0y\u00a0\u0111\u1eb7c bi\u1ec7t ph\u00f9 h\u1ee3p\u00a0v\u1edbi nh\u1eefng ng\u01b0\u1eddi\u00a0kh\u00f4ng th\u00edch \u0103n h\u00e0nh nh\u01b0ng v\u1eabn mu\u1ed1n th\u01b0\u1edfng th\u1ee9c \u0111\u1ea7y \u0111\u1ee7 c\u00e1c h\u01b0\u01a1ng v\u1ecb. B\u1ed9t h\u00e0nh khi \u01b0\u1edbp s\u1ebd tan v\u00e0 th\u1ea9m th\u1ea5u ngay v\u00e0o c\u00e1c nguy\u00ean li\u1ec7u ch\u1ebf bi\u1ebfn m\u00f3n \u0103n. Do v\u1eady, b\u1ea1n s\u1ebd\u00a0c\u0169ng kh\u00f4ng kh\u00f3 ch\u1ecbu khi v\u00f4 t\u00ecnh \u0103n ph\u1ea3i nh\u1eefng mi\u1ebfng\u00a0h\u00e0nh t\u01b0\u01a1i h\u0103ng n\u1ed3ng n\u1eefa<\/p>\n<p><img decoding=\"async\" class=\"wp-image-17214 aligncenter\" src=\"https:\/\/havamall.com\/wp-content\/uploads\/2020\/11\/23.jpg\" alt=\"\" width=\"517\" height=\"517\" srcset=\"https:\/\/havamall.vn\/wp-content\/uploads\/2020\/11\/23.jpg 500w, https:\/\/havamall.vn\/wp-content\/uploads\/2020\/11\/23-430x430.jpg 430w, https:\/\/havamall.vn\/wp-content\/uploads\/2020\/11\/23-150x150.jpg 150w, https:\/\/havamall.vn\/wp-content\/uploads\/2020\/11\/23-300x300.jpg 300w, https:\/\/havamall.vn\/wp-content\/uploads\/2020\/11\/23-100x100.jpg 100w\" sizes=\"(max-width: 517px) 100vw, 517px\" \/><\/p>\n<p><strong><em>\u2013 \u0110\u1ed1i v\u1edbi s\u1ee9c kh\u1ecfe<\/em><\/strong><\/p>\n<p><em>1. Ng\u0103n ng\u1eeba nhi\u1ec5m tr\u00f9ng<\/em><\/p>\n<p>S\u1ef1 phong ph\u00fa c\u1ee7a c\u00e1c \u0111\u1eb7c t\u00ednh ch\u1ed1ng vi khu\u1ea9n, ch\u1ed1ng nhi\u1ec5m tr\u00f9ng v\u00e0 kh\u00e1ng khu\u1ea9n, l\u00e0m cho b\u1ed9t h\u00e0nh t\u00e2y tr\u1edf th\u00e0nh l\u1ef1a ch\u1ecdn l\u00e0nh m\u1ea1nh nh\u1ea5t trong s\u1ed1 c\u00e1c lo\u1ea1i th\u1ef1c ph\u1ea9m tr\u00e1nh c\u00e1c b\u1ec7nh nhi\u1ec5m tr\u00f9ng kh\u00e1c nhau. C\u00e1c th\u00e0nh ph\u1ea7n ho\u1ea1t t\u00ednh sinh h\u1ecdc trong b\u1ed9t h\u00e0nh t\u00e2y t\u0103ng c\u01b0\u1eddng kh\u1ea3 n\u0103ng mi\u1ec5n d\u1ecbch, ng\u0103n ch\u1eb7n s\u1ef1 x\u00e2m nh\u1eadp c\u1ee7a vi khu\u1ea9n v\u00e0 gi\u00fap gi\u1ea3m nguy c\u01a1 nhi\u1ec5m tr\u00f9ng do vi khu\u1ea9n v\u00e0 n\u1ea5m.<\/p>\n<p><em>2. \u0110i\u1ec1u tr\u1ecb ho v\u00e0 c\u1ea3m l\u1ea1nh<\/em><\/p>\n<p>B\u1ed9t h\u00e0nh t\u00e2y r\u1ea5t gi\u00e0u kh\u00e1ng sinh. N\u00f3 c\u00f3 \u0111\u1eb7c t\u00ednh ch\u1ed1ng vi\u00eam v\u00e0 ch\u1ed1ng hen. V\u00ec th\u1ebf n\u00f3 c\u1ef1c k\u1ef3 c\u1ea7n thi\u1ebft \u0111\u1ec3 \u0111i\u1ec1u tr\u1ecb c\u00e1c tri\u1ec7u ch\u1ee9ng c\u1ea3m l\u1ea1nh, ho v\u00e0 c\u00fam th\u00f4ng th\u01b0\u1eddng. N\u00f3 c\u0169ng l\u00e0m gi\u1ea3m ngh\u1eb9t m\u0169i, lo\u1ea1i b\u1ecf \u0111\u1eddm d\u01b0 th\u1eeba v\u00e0 ng\u1eebng ch\u1ea3y n\u01b0\u1edbc m\u0169i. N\u00f3 c\u0169ng c\u00f3 l\u1ee3i trong \u0111i\u1ec1u tr\u1ecb vi\u00eam ph\u1ebf qu\u1ea3n v\u00e0 c\u00e1c tri\u1ec7u ch\u1ee9ng hen.<\/p>\n<p><em>3. Gi\u1ea3m nguy c\u01a1 ung th\u01b0<\/em><\/p>\n<p>C\u00e1c th\u00e0nh ph\u1ea7n c\u00f3 trong b\u1ed9t h\u00e0nh n\u00e0y c\u00f3 \u0111\u1eb7c t\u00ednh ch\u1ed1ng ung th\u01b0 m\u1ea1nh. M\u1ed9t s\u1ed1 lo\u1ea1i nghi\u00ean c\u1ee9u \u0111\u00e3 ch\u1ee9ng minh r\u1eb1ng, lo\u1ea1i rau c\u1ee7 n\u00e0y gi\u00e0u ch\u1ea5t ch\u1ed1ng oxy h\u00f3a v\u00e0 ch\u1ea5t phytochemical nh\u01b0 quercetin gi\u00fap gi\u1ea3m nguy c\u01a1 m\u1eafc c\u00e1c lo\u1ea1i ung th\u01b0 kh\u00e1c nhau bao g\u1ed3m ung th\u01b0 d\u1ea1 d\u00e0y v\u00e0 \u0111\u1ea1i tr\u1ef1c tr\u00e0ng.<\/p>\n<p><em>4. Qu\u1ea3n l\u00ed b\u1ec7nh ti\u1ec3u \u0111\u01b0\u1eddng<\/em><\/p>\n<p>S\u1ef1 hi\u1ec7n di\u1ec7n c\u1ee7a c\u00e1c h\u1ee3p ch\u1ea5t nh\u01b0 l\u01b0u hu\u1ef3nh v\u00e0 quercetin trong b\u1ed9t h\u00e0nh c\u00f3 kh\u1ea3 n\u0103ng \u1ee9c ch\u1ebf s\u1ef1 gi\u1ea3i ph\u00f3ng \u0111\u01b0\u1eddng v\u00e0o m\u00e1u. \u0110\u1ed3ng th\u1eddi, l\u00e0m t\u0103ng n\u1ed3ng \u0111\u1ed9 insulin trong c\u01a1 th\u1ec3. N\u00f3 chuy\u1ec3n h\u00f3a tinh b\u1ed9t th\u00e0nh n\u0103ng l\u01b0\u1ee3ng v\u00e0 l\u00e0m gi\u1ea3m c\u00e1c tri\u1ec7u ch\u1ee9ng c\u1ee7a b\u1ec7nh ti\u1ec3u \u0111\u01b0\u1eddng. V\u00ed d\u1ee5 nh\u01b0 \u0111i ti\u1ec3u th\u01b0\u1eddng xuy\u00ean, m\u1ec7t m\u1ecfi, c\u01a1n \u0111\u00f3i \u0111\u1ed9t ng\u1ed9t,\u2026<\/p>\n<p><img loading=\"lazy\" decoding=\"async\" class=\"size-full wp-image-17217 aligncenter\" src=\"https:\/\/havamall.com\/wp-content\/uploads\/2020\/11\/dfecdcd68b4d082ed51492ef11b85947.jpg\" alt=\"\" width=\"600\" height=\"600\" srcset=\"https:\/\/havamall.vn\/wp-content\/uploads\/2020\/11\/dfecdcd68b4d082ed51492ef11b85947.jpg 600w, https:\/\/havamall.vn\/wp-content\/uploads\/2020\/11\/dfecdcd68b4d082ed51492ef11b85947-430x430.jpg 430w, https:\/\/havamall.vn\/wp-content\/uploads\/2020\/11\/dfecdcd68b4d082ed51492ef11b85947-150x150.jpg 150w, https:\/\/havamall.vn\/wp-content\/uploads\/2020\/11\/dfecdcd68b4d082ed51492ef11b85947-300x300.jpg 300w, https:\/\/havamall.vn\/wp-content\/uploads\/2020\/11\/dfecdcd68b4d082ed51492ef11b85947-100x100.jpg 100w\" sizes=\"(max-width: 600px) 100vw, 600px\" \/><\/p>\n<p><em>5. C\u1ea3i thi\u1ec7n v\u1ea5n \u0111\u1ec1 v\u1ec1 tim<\/em><\/p>\n<p>B\u1ed9t h\u00e0nh l\u00e0 m\u1ed9t ngu\u1ed3n ch\u1ea5t ch\u1ed1ng oxy h\u00f3a d\u1ed3i d\u00e0o. N\u00f3 c\u1ef1c k\u1ef3 c\u00f3 l\u1ee3i cho vi\u1ec7c th\u00fac \u0111\u1ea9y c\u00e1c ch\u1ee9c n\u0103ng c\u1ee7a tim v\u00e0 gi\u1ea3m nguy c\u01a1 m\u1eafc b\u1ec7nh tim. N\u00f3 l\u00e0m gi\u1ea3m s\u1ef1 hi\u1ec7n di\u1ec7n c\u1ee7a c\u00e1c \u0111\u1eb7c t\u00ednh ch\u1ed1ng \u0111\u00f4ng m\u00e1u v\u00e0 ch\u1ed1ng ti\u00eau s\u1ee3i huy\u1ebft. \u0110\u1ed3ng th\u1eddi ch\u00fang c\u0169ng ng\u0103n ng\u1eeba t\u1eafc ngh\u1ebdn v\u00e0 h\u00ecnh th\u00e0nh c\u1ee5c m\u00e1u \u0111\u00f4ng trong \u0111\u1ed9ng m\u1ea1ch g\u00e2y ra kh\u1ed1i tim.<\/p>\n<p><em>6. T\u0103ng c\u01b0\u1eddng s\u1ee9c kh\u1ecfe x\u01b0\u01a1ng<\/em><\/p>\n<p>B\u1ed9t h\u00e0nh l\u00e0 m\u1ed9t ngu\u1ed3n canxi tuy\u1ec7t v\u1eddi, gi\u00fap th\u00fac \u0111\u1ea9y ho\u1ea1t \u0111\u1ed9ng kh\u1ecfe m\u1ea1nh c\u1ee7a x\u01b0\u01a1ng. H\u00e0m l\u01b0\u1ee3ng ch\u1ea5t ch\u1ed1ng oxy h\u00f3a trong lo\u1ea1i b\u1ed9t n\u00e0y ng\u0103n ng\u1eeba t\u1ed5n th\u01b0\u01a1ng do g\u1ed1c t\u1ef1 do. C\u1ea3i thi\u1ec7n h\u00e0m l\u01b0\u1ee3ng kho\u00e1ng ch\u1ea5t c\u1ee7a x\u01b0\u01a1ng v\u00e0 gi\u1ea3m nguy c\u01a1 g\u00e3y x\u01b0\u01a1ng.<\/p>\n<p><em>7. C\u1ea3i thi\u1ec7n m\u00e1i t\u00f3c<\/em><\/p>\n<p>C\u00e1c th\u00e0nh ph\u1ea7n ho\u1ea1t t\u00ednh sinh h\u1ecdc c\u00f3 trong h\u00e0nh \u0111\u00f3ng vai tr\u00f2 ch\u00ednh trong vi\u1ec7c gi\u1ea3m r\u1ee5ng t\u00f3c. N\u00f3 gi\u00fap h\u00ecnh th\u00e0nh c\u00e1c m\u00f4 collagen \u1edf da \u0111\u1ea7u, t\u0103ng l\u01b0u th\u00f4ng m\u00e1u trong nang t\u00f3c v\u00e0 k\u00edch th\u00edch m\u1ecdc t\u00f3c m\u1edbi.<\/p>\n<\/div>\n<\/div>\n<\/div>","protected":false},"excerpt":{"rendered":"<ul>\n<li>B\u1ed9t h\u00e0nh\u00a0l\u00e0 m\u1ed9t lo\u1ea1i gia v\u1ecb ph\u1ed5 bi\u1ebfn trong c\u0103n b\u1ebfp c\u1ee7a nhi\u1ec1u gia \u0111\u00ecnh Vi\u1ec7t Nam.\u00a0B\u1ed9t h\u00e0nh\u00a0\u0111\u01b0\u1ee3c s\u1ea3n xu\u1ea5t ho\u00e0n to\u00e0n b\u1eb1ng nh\u1eefng nguy\u00ean li\u1ec7u h\u00e0nh t\u1ef1 nhi\u00ean nh\u1ea5t theo quy tr\u00ecnh, d\u00e2y chuy\u1ec1n c\u00f4ng ngh\u1ec7 hi\u1ec7n \u0111\u1ea1i. \u0110\u1ea3m b\u1ea3o ch\u1ea5t l\u01b0\u1ee3ng cao, an to\u00e0n nh\u1ea5t cho ng\u01b0\u1eddi s\u1eed d\u1ee5ng.<\/li>\n<li>Nh\u1eefng c\u1ee7 h\u00e0nh an to\u00e0n nh\u1ea5t \u0111\u01b0\u1ee3c l\u1ef1a ch\u1ecdn \u0111\u1ec3 cho ra s\u1ea3n ph\u1ea9m\u00a0b\u1ed9t h\u00e0nh\u00a0ngon nh\u1ea5t.\u00a0B\u1ed9t h\u00e0nh\u00a0th\u01b0\u1eddng \u0111\u01b0\u1ee3c d\u00f9ng \u0111\u1ec3 t\u1ea9m \u01b0\u1edbp gia v\u1ecb cho c\u00e1c m\u00f3n \u0103n th\u00eam m\u00f9i h\u01b0\u01a1ng h\u1ea5p d\u1eabn v\u00e0 ti\u1ebft ki\u1ec7m th\u1eddi gian n\u1ea5u n\u01b0\u1edbng.<\/li>\n<li id=\"content_tab_description\" class=\"tab-content tab-description\">\n<div class=\"tab-content-inner\">\n<div class=\"tab-content-scroll\">\n<p>S\u1ea3n ph\u1ea9m l\u00e0 d\u1ea1ng b\u1ed9t m\u1ecbn gi\u00fap th\u1eddi gian t\u1ea9m \u01b0\u1edbp nguy\u00ean li\u1ec7u nhanh h\u01a1n, gi\u00fap ti\u1ebft ki\u1ec7m th\u1eddi gian cho b\u1ea1n.<\/p>\n<\/div>\n<\/div>\n<\/li>\n<\/ul>","protected":false},"featured_media":38800,"comment_status":"open","ping_status":"closed","template":"","meta":[],"product_brand":[],"product_cat":[40,154],"product_tag":[],"class_list":{"0":"post-17210","1":"product","2":"type-product","3":"status-publish","4":"has-post-thumbnail","6":"product_cat-sieuthi-giasi","7":"product_cat-gia-vi","8":"pa_brand-skx","10":"first","11":"instock","12":"sale","13":"shipping-taxable","14":"purchasable","15":"product-type-simple"},"_links":{"self":[{"href":"https:\/\/havamall.vn\/en\/wp-json\/wp\/v2\/product\/17210"}],"collection":[{"href":"https:\/\/havamall.vn\/en\/wp-json\/wp\/v2\/product"}],"about":[{"href":"https:\/\/havamall.vn\/en\/wp-json\/wp\/v2\/types\/product"}],"replies":[{"embeddable":true,"href":"https:\/\/havamall.vn\/en\/wp-json\/wp\/v2\/comments?post=17210"}],"version-history":[{"count":0,"href":"https:\/\/havamall.vn\/en\/wp-json\/wp\/v2\/product\/17210\/revisions"}],"wp:featuredmedia":[{"embeddable":true,"href":"https:\/\/havamall.vn\/en\/wp-json\/wp\/v2\/media\/38800"}],"wp:attachment":[{"href":"https:\/\/havamall.vn\/en\/wp-json\/wp\/v2\/media?parent=17210"}],"wp:term":[{"taxonomy":"product_brand","embeddable":true,"href":"https:\/\/havamall.vn\/en\/wp-json\/wp\/v2\/product_brand?post=17210"},{"taxonomy":"product_cat","embeddable":true,"href":"https:\/\/havamall.vn\/en\/wp-json\/wp\/v2\/product_cat?post=17210"},{"taxonomy":"product_tag","embeddable":true,"href":"https:\/\/havamall.vn\/en\/wp-json\/wp\/v2\/product_tag?post=17210"}],"curies":[{"name":"wp","href":"https:\/\/api.w.org\/{rel}","templated":true}]}}