{"id":17200,"date":"2020-11-03T09:09:22","date_gmt":"2020-11-03T02:09:22","guid":{"rendered":"https:\/\/havamall.vn\/?post_type=product&#038;p=17200"},"modified":"2025-06-01T16:48:59","modified_gmt":"2025-06-01T09:48:59","slug":"bot-gung-thuong-hieu-hava-foodies-goi-100g-ginger-power","status":"publish","type":"product","link":"https:\/\/havamall.vn\/en\/shop\/bot-gung-thuong-hieu-hava-foodies-goi-100g-ginger-power\/","title":{"rendered":"B\u1ed9t G\u1eebng Th\u01b0\u01a1ng Hi\u1ec7u Hava Foodies G\u00f3i 100g \u2013 Ginger Power"},"content":{"rendered":"<p>G\u1eebng l\u00e0 m\u1ed9t lo\u1ea1i th\u1ef1c v\u1eadt c\u00f3 ngu\u1ed3n g\u1ed1c t\u1eeb Trung Qu\u1ed1c.\u00a0Ph\u1ea7n r\u1ec5 (ph\u1ea7n ng\u1ea7m c\u1ee7a th\u00e2n) l\u00e0 ph\u1ea7n th\u01b0\u1eddng \u0111\u01b0\u1ee3c s\u1eed d\u1ee5ng l\u00e0m gia v\u1ecb, th\u01b0\u1eddng \u0111\u01b0\u1ee3c g\u1ecdi l\u00e0 r\u1ec5 g\u1eebng, ho\u1eb7c ch\u1ec9 \u0111\u01a1n gi\u1ea3n l\u00e0 c\u1ee7 g\u1eebng.<\/p>\n<p>G\u1eebng c\u00f3 m\u1ed9t l\u1ecbch s\u1eed \u1ee9ng d\u1ee5ng r\u1ea5t d\u00e0i trong c\u00e1c h\u00ecnh th\u1ee9c y h\u1ecdc truy\u1ec1n th\u1ed1ng. N\u00f3 \u0111\u00e3 \u0111\u01b0\u1ee3c s\u1eed d\u1ee5ng \u0111\u1ec3 gi\u00fap ti\u00eau h\u00f3a, gi\u1ea3m bu\u1ed3n n\u00f4n, ch\u1ed1ng l\u1ea1i b\u1ec7nh c\u00fam, c\u1ea3m l\u1ea1nh v\u00e0 m\u1ed9t v\u00e0i b\u1ec7nh th\u00f4ng th\u01b0\u1eddng kh\u00e1c.<\/p>\n<p>G\u1eebng c\u00f3 th\u1ec3 \u0111\u01b0\u1ee3c s\u1eed d\u1ee5ng \u1edf d\u1ea1ng t\u01b0\u01a1i, kh\u00f4, b\u1ed9t, ho\u1eb7c nh\u01b0 m\u1ed9t lo\u1ea1i d\u1ea7u ho\u1eb7c n\u01b0\u1edbc tr\u00e1i c\u00e2y. \u0110\u00f4i khi, g\u1eebng c\u0169ng \u0111\u01b0\u1ee3c th\u00eam v\u00e0o th\u1ef1c ph\u1ea9m ch\u1ebf bi\u1ebfn v\u00e0 m\u1ef9 ph\u1ea9m. N\u00f3 l\u00e0 m\u1ed9t th\u00e0nh ph\u1ea7n r\u1ea5t ph\u1ed5 bi\u1ebfn trong c\u00e1c c\u00f4ng th\u1ee9c n\u1ea5u \u0103n.<\/p>\n<p><img fetchpriority=\"high\" decoding=\"async\" class=\"wp-image-17206 aligncenter\" src=\"https:\/\/havamall.com\/wp-content\/uploads\/2025\/06\/gung-1.jpg\" alt=\"\" width=\"606\" height=\"387\" \/><\/p>\n<p>H\u01b0\u01a1ng th\u01a1m \u0111\u1ed9c \u0111\u00e1o v\u00e0 h\u01b0\u01a1ng v\u1ecb c\u1ee7a g\u1eebng \u0111\u1ebfn t\u1eeb tinh d\u1ea7u t\u1ef1 nhi\u00ean c\u1ee7a n\u00f3, trong \u0111\u00f3 c\u00f3 ch\u1ea5t gingerol. Gingerol l\u00e0 h\u1ee3p ch\u1ea5t ho\u1ea1t t\u00ednh sinh h\u1ecdc ch\u00ednh trong g\u1eebng, ch\u1ecbu tr\u00e1ch nhi\u1ec7m cho c\u00e1c t\u00ednh d\u01b0\u1ee3c t\u00ednh c\u1ee7a n\u00f3. N\u00f3 c\u00f3 t\u00e1c d\u1ee5ng ch\u1ed1ng vi\u00eam v\u00e0 ch\u1ed1ng \u00f4xy h\u00f3a m\u1ea1nh.<\/p>\n<p><strong>\u0110\u1eb6C \u0110I\u1ec2M C\u1ee6A B\u1ed8T G\u1eeaNG<\/strong><\/p>\n<p>B\u1ed9t g\u1eebng l\u00e0 gia v\u1ecb ph\u1ed5 bi\u1ebfn \u0111\u01b0\u1ee3c s\u1eed d\u1ee5ng trong c\u00e1c c\u00f4ng th\u1ee9c m\u00f3n \u0103n, gi\u00fap kh\u1eed m\u00f9i tanh v\u00e0 t\u0103ng h\u01b0\u01a1ng v\u1ecb cho m\u00f3n \u0103n.<\/p>\n<p>B\u1ed9t g\u1eebng l\u00e0 th\u00e0nh ph\u1ea9m t\u1eeb vi\u1ec7c l\u1ef1a ch\u1ecdn nh\u1eefng c\u1ee7 g\u1eebng t\u01b0\u01a1i, ngon, sau \u0111\u00f3 r\u1eeda s\u1ea1ch, g\u1ecdt v\u1ecf v\u00e0 th\u00e1i l\u00e1t. \u0110em ph\u01a1i ph\u00f4 v\u00e0 xay th\u00e0nh b\u1ed9t m\u1ecbn.<\/p>\n<p><img decoding=\"async\" class=\"wp-image-17207 aligncenter\" src=\"https:\/\/havamall.com\/wp-content\/uploads\/2025\/06\/bot-gung.jpg\" alt=\"\" width=\"607\" height=\"407\" \/><\/p>\n<p>B\u1ed9t g\u1eebng \u0111\u01b0\u1ee3c s\u1ea3n xu\u1ea5t tr\u00ean d\u00e2y chuy\u1ec1n c\u00f4ng ngh\u1ec7 hi\u1ec7n \u0111\u1ea1i, kh\u00f4ng l\u1eabn t\u1ea1p ch\u1ea5t, kh\u00f4ng ch\u1ea5t t\u1ea1o m\u00f9i, t\u1ea1o m\u00e0u n\u00ean \u0111\u1ea3m b\u1ea3o an to\u00e0n cho ng\u01b0\u1eddi s\u1eed d\u1ee5ng.<\/p>\n<p>Ngo\u00e0i ra, b\u1ed9t\u00a0g\u1eebng c\u00f2n l\u00e0 s\u1ea3n ph\u1ea9m r\u1ea5t t\u1ed1t cho h\u1ec7 ti\u00eau h\u00f3a, gi\u1ea3i quy\u1ebft c\u00e1c v\u1ea5n \u0111\u1ec1 v\u1ec1 bao t\u1eed, \u0111\u01b0\u1eddng ru\u1ed9t, t\u0103ng c\u01b0\u1eddng kh\u1ea3 n\u0103ng gi\u1ea3m c\u00e2n, gi\u00fap l\u00e0n da s\u1ea1ch m\u1ee5n v\u00e0 b\u1ea3o v\u1ec7 da.<\/p>\n<p><strong>TH\u00d4NG TIN S\u1ea2N PH\u1ea8M<\/strong><\/p>\n<ul>\n<li>Th\u01b0\u01a1ng hi\u1ec7u: Havafood<\/li>\n<li>Xu\u1ea5t x\u1ee9: \u0110\u1ee9c<\/li>\n<li>Th\u00e0nh ph\u1ea7n: 100% b\u1ed9t g\u1eebng nguy\u00ean ch\u1ea5t<\/li>\n<li>Quy c\u00e1ch \u0111\u00f3ng g\u00f3i: 100g<\/li>\n<li>H\u01b0\u1edbng d\u1eabn s\u1eed d\u1ee5ng: D\u00f9ng l\u00e0m gia v\u1ecb, gi\u00fap t\u0103ng m\u00f9i v\u1ecb h\u1ea5p d\u1eabn cho m\u00f3n \u0103n.<\/li>\n<li>B\u1ea3o qu\u1ea3n: \u0110\u1ec3 n\u01a1i kh\u00f4 r\u00e1o, tho\u00e1ng m\u00e1t, tr\u00e1nh \u00e1nh n\u1eafng tr\u1ef1c ti\u1ebfp t\u1eeb m\u1eb7t tr\u1eddi<\/li>\n<li>H\u1ea1n s\u1eed d\u1ee5ng: Xem tr\u00ean bao b\u00ec s\u1ea3n ph\u1ea9m.<\/li>\n<\/ul>\n<p><strong>C\u00d4NG D\u1ee4NG C\u1ee6A B\u1ed8T G\u1eeaNG<\/strong><\/p>\n<p><strong>&#8211; Trong \u1ea9m th\u1ef1c:\u00a0<\/strong>B\u1ed9t g\u1eebng c\u00f3 th\u1ec3 s\u1eed d\u1ee5ng thay th\u1ebf cho g\u1eebng t\u01b0\u01a1i, d\u00f9ng d\u00f9ng trong c\u00e1c m\u00f3n nh\u01b0 tr\u1ed9n v\u00e0o ch\u1ea3, b\u00e1nh th\u1ea3o m\u1ed9c, mix h\u1ed7n h\u1ee3p \u0111\u1ec3 n\u01b0\u1edbng rau c\u1ee7\u2026<\/p>\n<p><img decoding=\"async\" class=\"aligncenter\" src=\"https:\/\/havamall.com\/wp-content\/uploads\/2025\/06\/me-bau-nghen4.jpg\" alt=\"Ch\u1eefa \u1ed1m ngh\u00e9n hi\u1ec7u qu\u1ea3 v\u1edbi tuy\u1ec7t chi\u00eau t\u1eeb G\u1eeaNG\" width=\"657\" height=\"437\" \/><\/p>\n<p><strong>&#8211; Trong \u0111\u1eddi s\u1ed1ng<\/strong><\/p>\n<ul>\n<li>Gi\u1ea3m m\u1ee1 th\u1eeba: Pha tr\u1ed9n 50 gram b\u1ed9t g\u1eebng v\u00e0 b\u1ed9t Amla l\u1ea1i, h\u00e3m l\u1ea5y n\u01b0\u1edbc u\u1ed1ng m\u1ed7i bu\u1ed5i s\u00e1ng \u0111\u1ec3 gi\u00fap ti\u00eau hao l\u01b0\u1ee3ng m\u1ee1 th\u1eeba t\u00edch t\u1ee5 trong c\u01a1 th\u1ec3.<\/li>\n<li>Ch\u1eefa b\u1ec7nh \u0111\u1ea7y b\u1ee5ng v\u00e0 ti\u00eau ch\u1ea3y: L\u00e0m th\u00e0nh d\u1ea1ng b\u1ed9t nh\u00e3o v\u00e0 \u0111\u1eafp l\u00ean c\u1ed5 h\u1ecdng.<\/li>\n<li>Ch\u1eefa \u0111au \u0111\u1ea7u, ch\u00f3ng m\u1eb7t, \u00f3i m\u1eeda: L\u00e0m nh\u00e3o b\u1ed9t v\u00e0 thoa l\u00ean tr\u00e1n.<\/li>\n<li>Ch\u1eefa l\u1ea1nh, vi\u00eam h\u1ecdng, ho: L\u1ea5y \u00edt b\u1ed9t g\u1eebng nguy\u00ean ch\u1ea5t v\u00e0 b\u01a1 s\u1eefa tr\u00e2u, tr\u1ed9n c\u00f9ng \u0111\u01b0\u1eddng th\u1ed1t n\u1ed1t v\u00e0 \u0103n v\u00e0o ban \u0111\u00eam.<\/li>\n<li>Ch\u1eefa \u0111au d\u1ea1 d\u00e0y: Pha 2 th\u00eca b\u1ed9t g\u1eebng c\u00f9ng v\u1edbi \u00edt n\u01b0\u1edbc c\u1ed1t chanh v\u00e0 mu\u1ed1i, u\u1ed1ng h\u1ed7n h\u1ee3p n\u00e0y \u0111\u1ec3 gi\u1ea3m tri\u1ec7u ch\u1ee9ng \u0111au d\u1ea1 d\u00e0y.<\/li>\n<\/ul>\n<p><img loading=\"lazy\" decoding=\"async\" class=\"wp-image-17208 aligncenter\" src=\"https:\/\/havamall.com\/wp-content\/uploads\/2025\/06\/2-39157-1496549661575-53-0-450-640-crop-1496549668921.jpg\" alt=\"\" width=\"545\" height=\"338\" \/><\/p>\n<ul>\n<li>Ch\u1eefa b\u1ec7nh r\u0103ng mi\u1ec7ng: Tr\u1ed9n 1 th\u00eca b\u1ed9t g\u1eebng v\u1edbi n\u01b0\u1edbc c\u1ed1t t\u1ecfi \u0111\u1ec3 s\u00fac mi\u1ec7ng, n\u00f3 c\u00f3 t\u00e1c d\u1ee5ng l\u00e0m gi\u1ea3m \u0111au r\u0103ng v\u00e0 kh\u1eafc ph\u1ee5c ch\u1ee9ng h\u00f4i mi\u1ec7ng.<\/li>\n<li>Ch\u1eefa vi\u00eam kh\u1edbp: L\u1ea5y 10 gram b\u1ed9t g\u1eebng tr\u1ed9n v\u1edbi 5ml d\u1ea7u th\u1ea7u d\u1ea7u h\u00f2a c\u00f9ng 400ml n\u01b0\u1edbc \u0111un l\u00ean, d\u00f9ng ban \u0111\u00eam trong 2 ng\u00e0y \u0111\u1ec3 ch\u1eefa vi\u00eam kh\u1edbp.<\/li>\n<li>Gi\u1ea3i \u0111\u1ed9c gan: 2 th\u00eca b\u1ed9t g\u1eebng kh\u00f4, 1 th\u00eca chanh t\u01b0\u01a1i v\u00e0 1 th\u00eca n\u01b0\u1edbc c\u1ed1t b\u1ea1c h\u00e0, u\u1ed1ng v\u00e0o \u0111\u1ec3 thanh l\u1ecdc gan m\u1ed7i ng\u00e0y 1 l\u1ea7n.<\/li>\n<li>Ng\u0103n ch\u1eb7n \u0111\u1ed9t qu\u1ef5: Pha 3 th\u00eca b\u1ed9t g\u1eebng c\u00f9ng 300ml n\u01b0\u1edbc \u1ea5m v\u00e0 u\u1ed1ng tr\u01b0\u1edbc khi ng\u1ee7.<\/li>\n<li>T\u0103ng h\u1ec7 mi\u1ec5n d\u1ecbch: \u0102n tr\u1ef1c ti\u1ebfp 1 th\u00eca b\u1ed9t g\u1eebng h\u00f2a c\u00f9ng 1 th\u00eca m\u1eadt ong nguy\u00ean ch\u1ea5t.<\/li>\n<li>L\u00e0m s\u1ea1ch m\u00e1u: Pha tr\u00e0 c\u00f9ng v\u1edbi 2 th\u00eca b\u1ed9t g\u1eebng v\u00e0 1 th\u00eca m\u1eadt ong.<\/li>\n<li>H\u1ea1 s\u1ed1t: 1 th\u00eca b\u1ed9t g\u1eebng kh\u00f4 + v\u1edbi 1 th\u00eca \u0111\u01b0\u1eddng th\u1ed1t n\u1ed1t +\u00a0 1 th\u00eca m\u1eadt ong, h\u00f2a th\u00e0nh h\u1ed7n h\u1ee3p \u0103n tr\u1ef1c ti\u1ebfp \u0111\u1ec3 t\u0103ng l\u01b0\u1ee3ng m\u1ed3 h\u00f4i \u0111i\u1ec1u ti\u1ebft gi\u00fap h\u1ea1 s\u1ed1t v\u00e0 \u0111\u00e0o th\u1ea3i b\u1edbt \u0111\u1ed9c t\u1ed1 t\u1eeb c\u01a1 th\u1ec3 ra b\u00ean ngo\u00e0i.<\/li>\n<\/ul>\n<p><strong>B\u1ed9t g\u1eebng kh\u00f4 Havafood<\/strong>\u00a0\u0111\u1ea3m b\u1ea3o:<\/p>\n<ul>\n<li>Kh\u00f4ng l\u1eabn t\u1ea1p ch\u1ea5t<\/li>\n<li>Kh\u00f4ng ch\u1ea5t b\u1ea3o qu\u1ea3n<\/li>\n<li>Kh\u00f4ng ch\u1ea5t t\u1ea1o m\u00e0u<\/li>\n<li>Kh\u00f4ng ch\u1ea5t t\u1ea1o m\u00f9i<\/li>\n<\/ul>","protected":false},"excerpt":{"rendered":"<ul>\n<li>B\u1ed9t g\u1eebng l\u00e0 gia v\u1ecb ph\u1ed5 bi\u1ebfn \u0111\u01b0\u1ee3c s\u1eed d\u1ee5ng trong c\u00e1c c\u00f4ng th\u1ee9c m\u00f3n \u0103n, gi\u00fap kh\u1eed m\u00f9i tanh v\u00e0 t\u0103ng h\u01b0\u01a1ng v\u1ecb cho m\u00f3n \u0103n.<\/li>\n<li>B\u1ed9t g\u1eebng l\u00e0 th\u00e0nh ph\u1ea9m t\u1eeb vi\u1ec7c l\u1ef1a ch\u1ecdn nh\u1eefng c\u1ee7 g\u1eebng t\u01b0\u01a1i, ngon, sau \u0111\u00f3 r\u1eeda s\u1ea1ch, g\u1ecdt v\u1ecf v\u00e0 th\u00e1i l\u00e1t. \u0110em ph\u01a1i ph\u00f4 v\u00e0 xay th\u00e0nh b\u1ed9t m\u1ecbn.<\/li>\n<li>B\u1ed9t g\u1eebng \u0111\u01b0\u1ee3c s\u1ea3n xu\u1ea5t tr\u00ean d\u00e2y chuy\u1ec1n c\u00f4ng ngh\u1ec7 hi\u1ec7n \u0111\u1ea1i, kh\u00f4ng l\u1eabn t\u1ea1p ch\u1ea5t, kh\u00f4ng ch\u1ea5t t\u1ea1o m\u00f9i, t\u1ea1o m\u00e0u n\u00ean \u0111\u1ea3m b\u1ea3o an to\u00e0n cho ng\u01b0\u1eddi s\u1eed d\u1ee5ng.<\/li>\n<li>Ngo\u00e0i ra, b\u1ed9t\u00a0g\u1eebng c\u00f2n l\u00e0 s\u1ea3n ph\u1ea9m r\u1ea5t t\u1ed1t cho h\u1ec7 ti\u00eau h\u00f3a, gi\u1ea3i quy\u1ebft c\u00e1c v\u1ea5n \u0111\u1ec1 v\u1ec1 bao t\u1eed, \u0111\u01b0\u1eddng ru\u1ed9t, t\u0103ng c\u01b0\u1eddng kh\u1ea3 n\u0103ng gi\u1ea3m c\u00e2n, gi\u00fap l\u00e0n da s\u1ea1ch m\u1ee5n v\u00e0 b\u1ea3o v\u1ec7 da.<\/li>\n<\/ul>","protected":false},"featured_media":38791,"comment_status":"open","ping_status":"closed","template":"","meta":[],"product_brand":[],"product_cat":[40,154],"product_tag":[],"class_list":{"0":"post-17200","1":"product","2":"type-product","3":"status-publish","4":"has-post-thumbnail","6":"product_cat-sieuthi-giasi","7":"product_cat-gia-vi","8":"pa_brand-skx","10":"first","11":"instock","12":"sale","13":"shipping-taxable","14":"purchasable","15":"product-type-simple"},"_links":{"self":[{"href":"https:\/\/havamall.vn\/en\/wp-json\/wp\/v2\/product\/17200"}],"collection":[{"href":"https:\/\/havamall.vn\/en\/wp-json\/wp\/v2\/product"}],"about":[{"href":"https:\/\/havamall.vn\/en\/wp-json\/wp\/v2\/types\/product"}],"replies":[{"embeddable":true,"href":"https:\/\/havamall.vn\/en\/wp-json\/wp\/v2\/comments?post=17200"}],"version-history":[{"count":0,"href":"https:\/\/havamall.vn\/en\/wp-json\/wp\/v2\/product\/17200\/revisions"}],"wp:featuredmedia":[{"embeddable":true,"href":"https:\/\/havamall.vn\/en\/wp-json\/wp\/v2\/media\/38791"}],"wp:attachment":[{"href":"https:\/\/havamall.vn\/en\/wp-json\/wp\/v2\/media?parent=17200"}],"wp:term":[{"taxonomy":"product_brand","embeddable":true,"href":"https:\/\/havamall.vn\/en\/wp-json\/wp\/v2\/product_brand?post=17200"},{"taxonomy":"product_cat","embeddable":true,"href":"https:\/\/havamall.vn\/en\/wp-json\/wp\/v2\/product_cat?post=17200"},{"taxonomy":"product_tag","embeddable":true,"href":"https:\/\/havamall.vn\/en\/wp-json\/wp\/v2\/product_tag?post=17200"}],"curies":[{"name":"wp","href":"https:\/\/api.w.org\/{rel}","templated":true}]}}