{"id":17194,"date":"2020-10-30T16:18:50","date_gmt":"2020-10-30T09:18:50","guid":{"rendered":"https:\/\/havamall.vn\/?post_type=product&#038;p=17194"},"modified":"2025-06-02T09:11:51","modified_gmt":"2025-06-02T02:11:51","slug":"bot-sa-thuong-hieu-hava-foodies-goi-100g-lemongrass-powder","status":"publish","type":"product","link":"https:\/\/havamall.vn\/en\/shop\/bot-sa-thuong-hieu-hava-foodies-goi-100g-lemongrass-powder\/","title":{"rendered":"B\u1ed9t S\u1ea3 Th\u01b0\u01a1ng Hi\u1ec7u Hava Foodies G\u00f3i 100g \u2013 Lemongrass Powder"},"content":{"rendered":"<h1><strong>TH\u00d4NG TIN S\u1ea2N PH\u1ea8M<\/strong><\/h1>\n<ul>\n<li>Th\u01b0\u01a1ng hi\u1ec7u: Havafood<\/li>\n<li>Xu\u1ea5t x\u1ee9: \u0110\u1ee9c<\/li>\n<li>Th\u00e0nh ph\u1ea7n: 100% b\u1ed9t s\u1ea3 nguy\u00ean ch\u1ea5t<\/li>\n<li>Quy c\u00e1ch \u0111\u00f3ng g\u00f3i: 100g<\/li>\n<li>H\u01b0\u1edbng d\u1eabn s\u1eed d\u1ee5ng: D\u00f9ng l\u00e0m gia v\u1ecb n\u00eam n\u1ebfm, t\u1ea9m \u01b0\u1edbp m\u00f3n \u0103n<\/li>\n<li>B\u1ea3o qu\u1ea3n: \u0110\u1ec3 n\u01a1i kh\u00f4 r\u00e1o, tho\u00e1ng m\u00e1t, tr\u00e1nh \u00e1nh n\u1eafng tr\u1ef1c ti\u1ebfp t\u1eeb m\u1eb7t tr\u1eddi<\/li>\n<li>H\u1ea1n s\u1eed d\u1ee5ng: Xem tr\u00ean bao b\u00ec s\u1ea3n ph\u1ea9m.<\/li>\n<\/ul>\n<p><strong>\u0110\u1eb6C \u0110I\u1ec2M N\u1ed4I B\u1eacT C\u1ee6A B\u1ed8T S\u1ea2<\/strong><\/p>\n<p>S\u1ea3 \u0111\u01b0\u1ee3c s\u1eed d\u1ee5ng r\u1ed9ng r\u00e3i nh\u01b0 l\u00e0 m\u1ed9t lo\u1ea1i c\u00e2y thu\u1ed1c v\u00e0 gia v\u1ecb t\u1ea1i c\u00e1c n\u01b0\u1edbc ch\u00e2u \u00c1. N\u00f3 c\u00f3 h\u01b0\u01a1ng v\u1ecb nh\u01b0 chanh v\u00e0 c\u00f3 th\u1ec3 s\u1ea5y kh\u00f4 v\u00e0 t\u00e1n th\u00e0nh\u00a0b\u1ed9t s\u1ea3.<\/p>\n<p>B\u1ed9t s\u1ea3 kh\u00f4 th\u01b0\u1eddng \u0111\u01b0\u1ee3c d\u00f9ng trong ch\u00e8, s\u00fap v\u00e0 c\u00e1c m\u00f3n c\u00e0 ri.\u00a0B\u1ed9t s\u1ea3\u00a0c\u0169ng r\u1ea5t th\u00edch h\u1ee3p cho c\u00e1c m\u00f3n ch\u1ebf bi\u1ebfn t\u1eeb th\u1ecbt gia c\u1ea7m, c\u00e1 v\u00e0 h\u1ea3i s\u1ea3n. B\u1ed9t s\u1ea3 kh\u00f4 th\u01b0\u1eddng \u0111\u01b0\u1ee3c s\u1eed d\u1ee5ng nh\u01b0 m\u1ed9t lo\u1ea1i ch\u00e8 t\u1ea1i m\u1ed9t s\u1ed1 qu\u1ed1c gia ch\u00e2u Phi.<\/p>\n<p>Trong 60g c\u00e2y s\u1ea3 t\u01b0\u01a1i c\u00f3 ch\u1ee9a 1.2g protein, 0.3g ch\u1ea5t b\u00e9o v\u00e0 r\u1ea5t nhi\u1ec1u vitamin c\u00f3 l\u1ee3i cho s\u1ee9c kh\u1ecfe nh\u01b0 vitamin A, vitamin C, Folate, vitamin B6, vitamin B12.<\/p>\n<p><img fetchpriority=\"high\" decoding=\"async\" class=\"wp-image-17198 aligncenter\" src=\"https:\/\/havamall.com\/wp-content\/uploads\/2025\/06\/bot-sa-thien-thanh-hu-201901231635138431-1024x768.jpg\" alt=\"\" width=\"634\" height=\"476\" \/><\/p>\n<p>B\u00ean c\u1ea1nh \u0111\u00f3, c\u00e1c chuy\u00ean gia dinh d\u01b0\u1ee1ng c\u00f2n kh\u1eb3ng \u0111\u1ecbnh s\u1ea3 t\u01b0\u01a1i c\u1ef1c k\u1ef3 gi\u00e0u c\u00e1c kho\u00e1ng ch\u1ea5t v\u00e0 l\u00e0 ngu\u1ed3n cung c\u1ea5p tuy\u1ec7t v\u1eddi c\u1ee7a c\u00e1c kho\u00e1ng ch\u1ea5t nh\u01b0 potassium, selenium, canxi, s\u1eaft, magie, k\u1ebdm, \u0111\u1ed3ng\u2026C\u00f3 th\u1ec3 n\u00f3i th\u00e0nh ph\u1ea7n dinh d\u01b0\u1ee1ng c\u1ee7a c\u00e2y s\u1ea3 kh\u00f4ng ch\u1ec9 gi\u00fap t\u0103ng s\u1ee9c \u0111\u1ec1 kh\u00e1ng to\u00e0n di\u1ec7n m\u00e0 c\u00f2n h\u1ed7 tr\u1ee3 c\u00e1c c\u01a1 quan trong c\u01a1 th\u1ec3 ho\u1ea1t \u0111\u1ed9ng \u1ed5n \u0111\u1ecbnh.<\/p>\n<p>B\u1ed9t s\u1ea3 \u0111\u01b0\u1ee3c s\u1ea3n xu\u1ea5t tr\u00ean d\u00e2y chuy\u1ec1n c\u00f4ng ngh\u1ec7 hi\u1ec7n \u0111\u1ea1i, nguy\u00ean li\u1ec7u \u0111\u01b0\u1ee3c\u00a0ch\u1ecdn l\u1ecdc t\u1eeb th\u00e2n c\u00e2y s\u1ea3 t\u01b0\u01a1i, to \u0111em \u0111i ph\u01a1i kh\u00f4. Sau \u0111\u00f3 s\u1ea5y c\u00e1ch nhi\u1ec7t l\u1ea5y h\u01a1i n\u00f3ng t\u1ef1 nhi\u1ec7n v\u00e0 xay nhuy\u1ec5n th\u00e0nh d\u1ea1ng b\u1ed9t.<\/p>\n<p>B\u1ed9t s\u1ea3\u00a0\u0111\u01b0\u1ee3c ch\u1ebf bi\u1ebfn t\u1eeb 100% s\u1ea3 t\u01b0\u01a1i nguy\u00ean ch\u1ea5t, \u0111\u1ed9 \u1ea9m ch\u1ec9 t\u1eeb 5 \u2013 9%.\u00a0B\u1ed9t s\u1ea3 kh\u00f4\u00a0c\u00f3 m\u00e0u h\u01a1i h\u1ed3ng nh\u1ea1t, kh\u00f4ng ch\u1ee9a t\u1ea1p ch\u1ea5t.\u00a0B\u1ed9t s\u1ea3 nguy\u00ean ch\u1ea5t\u00a0gi\u1eef nguy\u00ean ch\u1ea5t c\u00f3 t\u00e1c d\u1ee5ng nh\u01b0 s\u1ea3 t\u01b0\u01a1i.<\/p>\n<p><strong>T\u00c1C D\u1ee4NG C\u1ee6A B\u1ed8T S\u1ea2<\/strong><\/p>\n<p><strong><em>&#8211; S\u1eed d\u1ee5ng l\u00e0m gia v\u1ecb n\u1ea5u \u0103n<\/em><\/strong><\/p>\n<p>B\u1ed9t s\u1ea3 kh\u00f4 th\u01b0\u1eddng \u0111\u01b0\u1ee3c s\u1eed d\u1ee5ng \u0111\u1ec3 \u01b0\u1edbp c\u00e1c m\u00f3n \u0103n tr\u01b0\u1edbc khi n\u1ea5u. \u0110\u1eb7c bi\u1ec7t b\u1ed9t s\u1ea3 kh\u00f4 \u0111\u01b0\u1ee3c s\u1eed d\u1ee5ng trong t\u1ea5t c\u1ea3 c\u00e1c m\u00f3n n\u01b0\u1edbng d\u1eady l\u00ean m\u00f9i th\u01a1m h\u00f2a quy\u1ec7n k\u00edch th\u00edch m\u1ecdi gi\u00e1c quan c\u1ee7a th\u1ef1c kh\u00e1ch.<\/p>\n<p>B\u1ed9t s\u1ea3\u00a0d\u00f9ng \u0111\u1ec3 n\u1ea5u c\u00e0 ry, l\u1ea9u th\u00e1i, l\u00e0m b\u00e1nh ho\u1eb7c d\u00f9ng l\u00e0m gia v\u1ecb \u01b0\u1edbp c\u00e1c lo\u1ea1i th\u1ecbt, th\u1ee7y h\u1ea3i s\u1ea3n, n\u1ea5u n\u01b0\u1edbc s\u00fap, chi\u00ean, x\u00e0o n\u01b0\u1edbng t\u1ea1o m\u00f9i v\u1ecb th\u01a1m ngon. M\u1eb7t kh\u00e1c b\u1ed9t s\u1ea3 kh\u00f4 gi\u00fap kh\u1eed m\u00f9i tanh v\u00e0 t\u0103ng th\u00eam h\u01b0\u01a1ng v\u1ecb cho c\u00e1c m\u00f3n \u0103n.<\/p>\n<p><img decoding=\"async\" class=\"wp-image-17195 aligncenter\" src=\"https:\/\/havamall.com\/wp-content\/uploads\/2025\/06\/sa.jpg\" alt=\"\" width=\"600\" height=\"400\" \/><\/p>\n<p><em><strong>&#8211; B\u1ed9t s\u1ea3 t\u1ed1t cho s\u1ee9c kh\u1ecfe<\/strong><\/em><\/p>\n<p>B\u1ed9t s\u1ea3\u00a0c\u00f3 t\u00e1c d\u1ee5ng h\u1ed7 tr\u1ee3 ti\u00eau h\u00f3a k\u00e9m, \u0103n ch\u1eadm ti\u00eau, \u0111\u1ea7y b\u1ee5ng, bu\u1ed3n n\u00f4n, n\u00f4n m\u1eeda, k\u00edch th\u00edch trung ti\u1ec7n, \u0111au d\u1ea1 d\u00e0y, n\u00f3ng trong, co th\u1eaft ru\u1ed9t, ti\u00eau ch\u1ea3y.\u00a0B\u1ed9t s\u1ea3\u00a0c\u0169ng c\u00f3 t\u00e1c d\u1ee5ng gi\u1ea3i \u0111\u1ed9c c\u01a1 th\u1ec3 b\u1eb1ng c\u00e1ch t\u0103ng c\u01b0\u1eddng s\u1ed1 l\u01b0\u1ee3ng v\u00e0 t\u1ea7n su\u1ea5t \u0111i ti\u1ec3u (th\u00f4ng ti\u1ec3u ti\u1ec7n).<\/p>\n<p>B\u00ean c\u1ea1nh \u0111\u00f3, b\u1ed9t s\u1ea3 c\u00f2n gi\u00fap cho gan, \u0111\u01b0\u1eddng ti\u00eau h\u00f3a, tuy\u1ebfn t\u1ee5y, th\u1eadn, b\u00e0ng quang \u0111\u01b0\u1ee3c s\u1ea1ch s\u1ebd v\u00e0 kh\u1ecfe m\u1ea1nh b\u1eb1ng c\u00e1ch h\u1ed7 tr\u1ee3 c\u01a1 th\u1ec3 \u0111\u1ec3 lo\u1ea1i b\u1ecf c\u00e1c ch\u1ea5t \u0111\u1ed9c h\u1ea1i kh\u00f4ng mong mu\u1ed1n v\u00e0 acid uric qua \u0111\u01b0\u1eddng ti\u1ec3u b\u00e0i ti\u1ebft ra ngo\u00e0i.<\/p>\n<p>V\u1edbi nh\u1eefng ng\u01b0\u1eddi cao huy\u1ebft \u00e1p, \u0103n\u00a0b\u1ed9t s\u1ea3\u00a0c\u00f3 t\u00e1c d\u1ee5ng t\u0103ng tu\u1ea7n ho\u00e0n m\u00e1u, gi\u00fap gi\u1ea3m b\u1edbt t\u1ea5t c\u1ea3 c\u00e1c v\u1ea5n \u0111\u1ec1 c\u1ee7a huy\u1ebft \u00e1p, \u0111au nh\u1ee9c c\u01a1 th\u1ec3<\/p>\n<p><img decoding=\"async\" class=\"wp-image-17196 aligncenter\" src=\"https:\/\/havamall.com\/wp-content\/uploads\/2025\/06\/bot-sa-nguyen-chat-hb8tcduk.jpg\" alt=\"\" width=\"558\" height=\"558\" \/><\/p>\n<p><strong>B\u1ed9t s\u1ea3 Havafood<\/strong>\u00a0\u0111\u1ea3m b\u1ea3o:<\/p>\n<ul>\n<li>Kh\u00f4ng l\u1eabn t\u1ea1p ch\u1ea5t<\/li>\n<li>Kh\u00f4ng ch\u1ea5t b\u1ea3o qu\u1ea3n<\/li>\n<li>Kh\u00f4ng ch\u1ea5t t\u1ea1o m\u00e0u<\/li>\n<li>Kh\u00f4ng ch\u1ea5t t\u1ea1o m\u00f9i<\/li>\n<\/ul>","protected":false},"excerpt":{"rendered":"<ul>\n<li>\u00a0B\u1ed9t s\u1ea3\u00a0c\u0169ng r\u1ea5t th\u00edch h\u1ee3p cho c\u00e1c m\u00f3n ch\u1ebf bi\u1ebfn t\u1eeb th\u1ecbt gia c\u1ea7m, c\u00e1 v\u00e0 h\u1ea3i s\u1ea3n. B\u1ed9t s\u1ea3 kh\u00f4 th\u01b0\u1eddng \u0111\u01b0\u1ee3c s\u1eed d\u1ee5ng nh\u01b0 m\u1ed9t lo\u1ea1i ch\u00e8 t\u1ea1i m\u1ed9t s\u1ed1 qu\u1ed1c gia ch\u00e2u Phi.<\/li>\n<li>Trong 60g c\u00e2y s\u1ea3 t\u01b0\u01a1i c\u00f3 ch\u1ee9a 1.2g protein, 0.3g ch\u1ea5t b\u00e9o v\u00e0 r\u1ea5t nhi\u1ec1u vitamin c\u00f3 l\u1ee3i cho s\u1ee9c kh\u1ecfe nh\u01b0 vitamin A, vitamin C, Folate, vitamin B6, vitamin B12.<\/li>\n<li>B\u1ed9t s\u1ea3 \u0111\u01b0\u1ee3c s\u1ea3n xu\u1ea5t tr\u00ean d\u00e2y chuy\u1ec1n c\u00f4ng ngh\u1ec7 hi\u1ec7n \u0111\u1ea1i, nguy\u00ean li\u1ec7u \u0111\u01b0\u1ee3c\u00a0ch\u1ecdn l\u1ecdc t\u1eeb th\u00e2n c\u00e2y s\u1ea3 t\u01b0\u01a1i, to \u0111em \u0111i ph\u01a1i kh\u00f4. Sau \u0111\u00f3 s\u1ea5y c\u00e1ch nhi\u1ec7t l\u1ea5y h\u01a1i n\u00f3ng t\u1ef1 nhi\u1ec7n v\u00e0 xay nhuy\u1ec5n th\u00e0nh d\u1ea1ng b\u1ed9t<\/li>\n<\/ul>","protected":false},"featured_media":38889,"comment_status":"open","ping_status":"closed","template":"","meta":[],"product_brand":[],"product_cat":[40,154],"product_tag":[],"class_list":{"0":"post-17194","1":"product","2":"type-product","3":"status-publish","4":"has-post-thumbnail","6":"product_cat-sieuthi-giasi","7":"product_cat-gia-vi","8":"pa_brand-skx","10":"first","11":"instock","12":"sale","13":"shipping-taxable","14":"purchasable","15":"product-type-simple"},"_links":{"self":[{"href":"https:\/\/havamall.vn\/en\/wp-json\/wp\/v2\/product\/17194"}],"collection":[{"href":"https:\/\/havamall.vn\/en\/wp-json\/wp\/v2\/product"}],"about":[{"href":"https:\/\/havamall.vn\/en\/wp-json\/wp\/v2\/types\/product"}],"replies":[{"embeddable":true,"href":"https:\/\/havamall.vn\/en\/wp-json\/wp\/v2\/comments?post=17194"}],"version-history":[{"count":0,"href":"https:\/\/havamall.vn\/en\/wp-json\/wp\/v2\/product\/17194\/revisions"}],"wp:featuredmedia":[{"embeddable":true,"href":"https:\/\/havamall.vn\/en\/wp-json\/wp\/v2\/media\/38889"}],"wp:attachment":[{"href":"https:\/\/havamall.vn\/en\/wp-json\/wp\/v2\/media?parent=17194"}],"wp:term":[{"taxonomy":"product_brand","embeddable":true,"href":"https:\/\/havamall.vn\/en\/wp-json\/wp\/v2\/product_brand?post=17194"},{"taxonomy":"product_cat","embeddable":true,"href":"https:\/\/havamall.vn\/en\/wp-json\/wp\/v2\/product_cat?post=17194"},{"taxonomy":"product_tag","embeddable":true,"href":"https:\/\/havamall.vn\/en\/wp-json\/wp\/v2\/product_tag?post=17194"}],"curies":[{"name":"wp","href":"https:\/\/api.w.org\/{rel}","templated":true}]}}