{"id":17192,"date":"2020-10-30T16:05:12","date_gmt":"2020-10-30T09:05:12","guid":{"rendered":"https:\/\/havamall.vn\/?post_type=product&#038;p=17192"},"modified":"2025-06-01T17:26:42","modified_gmt":"2025-06-01T10:26:42","slug":"bot-ot-han-quoc-thuong-hieu-hava-foodies-goi-100g-korean-chili-pepper","status":"publish","type":"product","link":"https:\/\/havamall.vn\/en\/shop\/bot-ot-han-quoc-thuong-hieu-hava-foodies-goi-100g-korean-chili-pepper\/","title":{"rendered":"B\u1ed9t \u1edat H\u00e0n Qu\u1ed1c Th\u01b0\u01a1ng Hi\u1ec7u Hava Foodies G\u00f3i 100g \u2013 Korean Chili Pepper"},"content":{"rendered":"<p><strong>TH\u00d4NG TIN S\u1ea2N PH\u1ea8M<\/strong><\/p>\n<table border=\"1\" cellspacing=\"0\">\n<tbody>\n<tr>\n<td><strong>Th\u01b0\u01a1ng hi\u1ec7u<\/strong><\/td>\n<td>Havafood<\/td>\n<\/tr>\n<tr>\n<td><b>Xu\u1ea5t x\u1ee9<\/b><\/td>\n<td>\u0110\u1ee9c<\/td>\n<\/tr>\n<tr>\n<td><strong>Th\u00e0nh ph\u1ea7n<\/strong><\/td>\n<td>100% \u1edbt H\u00e0n Qu\u1ed1c<\/td>\n<\/tr>\n<tr>\n<td><strong>H\u1ea1n s\u1eed d\u1ee5ng<\/strong><\/td>\n<td>Xem tr\u00ean bao b\u00ec s\u1ea3n ph\u1ea9m<\/td>\n<\/tr>\n<tr>\n<td><strong>C\u00e1ch s\u1eed d\u1ee5ng<\/strong><\/td>\n<td>D\u00f9ng \u0111\u1ec3 n\u00eam n\u1ebfm, ch\u1ebf bi\u1ebfn m\u00f3n \u0103n<\/td>\n<\/tr>\n<tr>\n<td><strong>Nh\u1eadp kh\u1ea9u &amp; \u0111\u00f3ng g\u00f3i<\/strong><\/td>\n<td>Vi\u1ec7t Nam<\/td>\n<\/tr>\n<tr>\n<td><strong>\u00a0B\u1ea3o qu\u1ea3n<\/strong><\/td>\n<td>N\u01a1i tho\u00e1ng m\u00e1t, tr\u00e1nh \u00e1nh n\u1eafng tr\u1ef1c ti\u1ebfp, tho\u00e1ng m\u00e1t<\/td>\n<\/tr>\n<tr>\n<td><strong>Kh\u1ed1i l\u01b0\u1ee3ng t\u1ecbnh<\/strong><\/td>\n<td>100g<\/td>\n<\/tr>\n<\/tbody>\n<\/table>\n<p><strong>\u0110\u1eb6C \u0110I\u1ec2M S\u1ea2N PH\u1ea8M<\/strong><\/p>\n<p>\u2013 \u1edat b\u1ed9t \u0111\u01b0\u1ee3c l\u00e0m t\u1eeb nh\u1eefng qu\u1ea3 \u1edbt H\u00e0n Qu\u1ed1c \u0111\u01b0\u1ee3c ph\u01a1i kh\u00f4 t\u1ef1 nhi\u00ean, b\u1ecf h\u1ea1t v\u00e0 \u0111\u01b0\u1ee3c xay nhuy\u1ec5n th\u00e0nh d\u1ea1ng b\u1ed9t m\u1ecbn. Ng\u00e0y nay \u1edbt b\u1ed9t l\u00e0 m\u1ed9t trong nh\u1eefng th\u00e0nh ph\u1ea7n thi\u1ebft y\u1ebfu v\u00e0 kh\u00f4ng th\u1ec3 thay th\u1ebf b\u1eb1ng lo\u1ea1i gia v\u1ecb n\u00e0o kh\u00e1c trong \u1ea9m th\u1ef1c H\u00e0n Qu\u1ed1c.<\/p>\n<p>\u2013 \u1edat b\u1ed9t H\u00e0n Qu\u1ed1c c\u00f3 m\u00e0u \u0111\u1ecf r\u1ef1c \u0111\u1eb7c tr\u01b0ng, h\u01a1i th\u00f4, c\u00f3 v\u1ecb kh\u00e1 cay v\u00e0 m\u1ed9t ch\u00fat v\u1ecb h\u01a1i ng\u1ecdt.<\/p>\n<p><img fetchpriority=\"high\" decoding=\"async\" class=\"size-full wp-image-17125 aligncenter\" src=\"https:\/\/havamall.com\/wp-content\/uploads\/2025\/06\/E1BB9Bt-hq-11.jpg\" alt=\"\" width=\"600\" height=\"400\" \/><\/p>\n<p>\u2013 H\u00e0n Qu\u1ed1c l\u00e0 qu\u1ed1c gia r\u1ea5t quan t\u00e2m v\u00e0 ch\u00fa tr\u1ecdng cho v\u1ea5n \u0111\u1ec1 s\u1ee9c kh\u1ecfe, do v\u1eady \u1edbt b\u1ed9t c\u0169ng kh\u00f4ng ph\u1ea3i tr\u01b0\u1eddng h\u1ee3p ngo\u1ea1i l\u1ec7. \u1edat qu\u1ea3 \u0111\u01b0\u1ee3c ch\u1ecdn l\u1ef1a m\u1ed9t c\u00e1ch c\u1ea9n th\u1eadn, quy tr\u00ecnh ch\u1ebf bi\u1ebfn nghi\u00eam ng\u1eb7t nh\u1eb1m lo\u1ea1i b\u1ecf nh\u1eefng th\u00e0nh ph\u1ea7n kh\u00f4ng an to\u00e0n, v\u00e0 100% \u1edbt \u0111\u01b0\u1ee3c tr\u1ed3ng t\u1ea1i H\u00e0n Qu\u1ed1c.<\/p>\n<p>\u2013 V\u1edbi h\u01b0\u01a1ng v\u1ecb \u0111\u1eb7c tr\u01b0ng c\u1ee7a \u1edbt H\u00e0n Qu\u1ed1c: cay n\u1ed3ng, v\u1ecb ng\u1ecdt t\u1ef1 nhi\u00ean pha l\u1eabn v\u1ecb chua c\u00f9ng v\u1edbi h\u01b0\u01a1ng th\u01a1m \u0111\u1eb7c tr\u01b0ng \u0111\u1eadm \u0111\u00e0. \u1edat b\u1ed9t H\u00e0n Qu\u1ed1c s\u1ebd r\u1ea5t th\u00edch h\u1ee3p \u0111\u1ec3 l\u00e0m nh\u1eefng m\u00f3n \u0103n ngon, \u0111\u1eb7c bi\u1ec7t l\u00e0 m\u00f3n \u0103n H\u00e0n Qu\u1ed1c, hay nh\u1eefng m\u00f3n \u0103n Vi\u1ec7t Nam truy\u1ec1n th\u1ed1ng.<\/p>\n<p><img decoding=\"async\" class=\"size-full wp-image-17124 aligncenter\" src=\"https:\/\/havamall.com\/wp-content\/uploads\/2025\/06\/kim-chi-han-quoc.jpg\" alt=\"\" width=\"600\" height=\"400\" \/><\/p>\n<p>\u2013 \u1edat b\u1ed9t H\u00e0n Qu\u1ed1c l\u00e0 nguy\u00ean li\u1ec7u kh\u00f4ng th\u1ec3 thi\u1ebfu trong m\u00f3n kim chi,\u00a0c\u0169ng l\u00e0 nguy\u00ean li\u1ec7u gi\u00fap ch\u1ecb em tr\u1ed5 t\u00e0i ch\u1ebf bi\u1ebfn nhi\u1ec1u m\u00f3n \u0103n ngon kh\u00e1c, nh\u01b0 M\u1ef3 Cay, B\u00f2 Kh\u00f4, L\u1ea9u,\u2026Ngo\u00e0i ra, \u1edbt b\u1ed9t H\u00e0n Qu\u1ed1c c\u00f2n c\u00f3 th\u1ec3 d\u00f9ng \u0111\u1ec3 \u01b0\u1edbp th\u1ecbt c\u00e1, s\u1eed d\u1ee5ng l\u00e0m gia v\u1ecb cho c\u00e1c m\u00f3n \u0103n ngon h\u00e0ng ng\u00e0y th\u00eam \u0111\u1eadm \u0111\u00e0 h\u01a1n so v\u1edbi nh\u1eefng h\u01b0\u01a1ng v\u1ecb \u1edbt b\u1ed9t kh\u00e1c.<\/p>\n<p>\u2013 Trong B\u1ed9t \u1edat H\u00e0n Qu\u1ed1c ch\u1ee9a nhi\u1ec1u d\u01b0\u1ee1ng ch\u1ea5t, vitamin A, C, Kali\u00a0 gi\u00fap ti\u00eau h\u00f3a t\u1ed1t, \u0111\u1ed1t ch\u00e1y ch\u1ea5t b\u00e9o h\u1ed7 tr\u1ee3 cho vi\u1ec7c gi\u1ea3m c\u00e2n.\u00a0Kh\u00f4ng nh\u1eefng v\u1eady B\u1ed9t \u1edat H\u00e0n Qu\u1ed1c c\u00f2n c\u00f3 t\u00e1c d\u1ee5ng gi\u00fap ng\u0103n ng\u1eeba l\u00e3o h\u00f3a, gi\u1eef cho c\u01a1 th\u1ec3 tr\u1ebb l\u00e2u.<\/p>\n<p><strong>\u0110I\u1ec2M KH\u00c1C BI\u1ec6T GI\u1eeeA \u1edaT B\u1ed8T H\u00c0N QU\u1ed0C SO V\u1edaI \u1edaT B\u1ed8T VI\u1ec6T NAM<\/strong><\/p>\n<p><img decoding=\"async\" class=\"wp-image-17127 aligncenter\" src=\"https:\/\/havamall.com\/wp-content\/uploads\/2025\/06\/E1BB9Bt-hq-3.jpg\" alt=\"\" width=\"546\" height=\"364\" \/><\/p>\n<p>\u1edat b\u1ed9t H\u00e0n Qu\u1ed1c c\u00f3 v\u1ecb cay v\u1eeba ph\u1ea3i, ng\u1ecdt ng\u1ecdt ch\u1ee9 kh\u00f4ng cay n\u1ed3ng nh\u01b0 \u1edbt b\u1ed9t Vi\u1ec7t Nam. Ngo\u00e0i ra, \u1edbt b\u1ed9t H\u00e0n Qu\u1ed1c c\u00f3 s\u1eed d\u1ee5ng t\u1ecfi v\u00e0 ti\u00eau n\u00ean s\u1ebd c\u00f3 h\u01b0\u01a1ng th\u01a1m \u0111\u1eb7c tr\u01b0ng t\u1eeb 2 nguy\u00ean li\u1ec7u n\u00e0y. Khi d\u00f9ng \u1edbt b\u1ed9t cho c\u00e1c m\u00f3n \u0103n nh\u01b0 kim chi, tokbokki\u2026 s\u1ebd t\u1ea1o ra h\u01b0\u01a1ng v\u1ecb \u0111\u00fang chu\u1ea9n H\u00e0n Qu\u1ed1c.<\/p>","protected":false},"excerpt":{"rendered":"<ul>\n<li>\u1edat b\u1ed9t H\u00e0n Qu\u1ed1c c\u00f3 m\u00e0u \u0111\u1ecf r\u1ef1c \u0111\u1eb7c tr\u01b0ng, h\u01a1i th\u00f4, c\u00f3 v\u1ecb kh\u00e1 cay v\u00e0 m\u1ed9t ch\u00fat v\u1ecb h\u01a1i ng\u1ecdt.<\/li>\n<li>\u1edat qu\u1ea3 \u0111\u01b0\u1ee3c ch\u1ecdn l\u1ef1a m\u1ed9t c\u00e1ch c\u1ea9n th\u1eadn, quy tr\u00ecnh ch\u1ebf bi\u1ebfn nghi\u00eam ng\u1eb7t nh\u1eb1m lo\u1ea1i b\u1ecf nh\u1eefng th\u00e0nh ph\u1ea7n kh\u00f4ng an to\u00e0n, v\u00e0 100% \u1edbt \u0111\u01b0\u1ee3c tr\u1ed3ng t\u1ea1i H\u00e0n Qu\u1ed1c.<\/li>\n<li>V\u1edbi h\u01b0\u01a1ng v\u1ecb \u0111\u1eb7c tr\u01b0ng c\u1ee7a \u1edbt H\u00e0n Qu\u1ed1c: cay n\u1ed3ng, v\u1ecb ng\u1ecdt t\u1ef1 nhi\u00ean pha l\u1eabn v\u1ecb chua c\u00f9ng v\u1edbi h\u01b0\u01a1ng th\u01a1m \u0111\u1eb7c tr\u01b0ng \u0111\u1eadm \u0111\u00e0. \u1edat b\u1ed9t H\u00e0n Qu\u1ed1c s\u1ebd r\u1ea5t th\u00edch h\u1ee3p \u0111\u1ec3 l\u00e0m nh\u1eefng m\u00f3n \u0103n ngon, \u0111\u1eb7c bi\u1ec7t l\u00e0 m\u00f3n \u0103n H\u00e0n Qu\u1ed1c, hay nh\u1eefng m\u00f3n \u0103n Vi\u1ec7t Nam truy\u1ec1n th\u1ed1ng.<\/li>\n<li>Trong B\u1ed9t \u1edat H\u00e0n Qu\u1ed1c ch\u1ee9a nhi\u1ec1u d\u01b0\u1ee1ng ch\u1ea5t, vitamin A, C, Kali\u00a0 gi\u00fap ti\u00eau h\u00f3a t\u1ed1t, \u0111\u1ed1t ch\u00e1y ch\u1ea5t b\u00e9o h\u1ed7 tr\u1ee3 cho vi\u1ec7c gi\u1ea3m c\u00e2n.\u00a0Kh\u00f4ng nh\u1eefng v\u1eady B\u1ed9t \u1edat H\u00e0n Qu\u1ed1c c\u00f2n c\u00f3 t\u00e1c d\u1ee5ng gi\u00fap ng\u0103n ng\u1eeba l\u00e3o h\u00f3a, gi\u1eef cho c\u01a1 th\u1ec3 tr\u1ebb l\u00e2u.<\/li>\n<\/ul>","protected":false},"featured_media":38874,"comment_status":"open","ping_status":"closed","template":"","meta":[],"product_brand":[],"product_cat":[40,154],"product_tag":[],"class_list":{"0":"post-17192","1":"product","2":"type-product","3":"status-publish","4":"has-post-thumbnail","6":"product_cat-sieuthi-giasi","7":"product_cat-gia-vi","8":"pa_brand-skx","10":"first","11":"instock","12":"sale","13":"shipping-taxable","14":"purchasable","15":"product-type-simple"},"_links":{"self":[{"href":"https:\/\/havamall.vn\/en\/wp-json\/wp\/v2\/product\/17192"}],"collection":[{"href":"https:\/\/havamall.vn\/en\/wp-json\/wp\/v2\/product"}],"about":[{"href":"https:\/\/havamall.vn\/en\/wp-json\/wp\/v2\/types\/product"}],"replies":[{"embeddable":true,"href":"https:\/\/havamall.vn\/en\/wp-json\/wp\/v2\/comments?post=17192"}],"version-history":[{"count":0,"href":"https:\/\/havamall.vn\/en\/wp-json\/wp\/v2\/product\/17192\/revisions"}],"wp:featuredmedia":[{"embeddable":true,"href":"https:\/\/havamall.vn\/en\/wp-json\/wp\/v2\/media\/38874"}],"wp:attachment":[{"href":"https:\/\/havamall.vn\/en\/wp-json\/wp\/v2\/media?parent=17192"}],"wp:term":[{"taxonomy":"product_brand","embeddable":true,"href":"https:\/\/havamall.vn\/en\/wp-json\/wp\/v2\/product_brand?post=17192"},{"taxonomy":"product_cat","embeddable":true,"href":"https:\/\/havamall.vn\/en\/wp-json\/wp\/v2\/product_cat?post=17192"},{"taxonomy":"product_tag","embeddable":true,"href":"https:\/\/havamall.vn\/en\/wp-json\/wp\/v2\/product_tag?post=17192"}],"curies":[{"name":"wp","href":"https:\/\/api.w.org\/{rel}","templated":true}]}}