{"id":17190,"date":"2020-10-30T16:00:02","date_gmt":"2020-10-30T09:00:02","guid":{"rendered":"https:\/\/havamall.vn\/?post_type=product&#038;p=17190"},"modified":"2022-01-19T09:45:53","modified_gmt":"2022-01-19T02:45:53","slug":"ky-tu-kho-thuong-hieu-hava-foodies-goi-100g-dried-goji-berry","status":"publish","type":"product","link":"https:\/\/havamall.vn\/en\/shop\/ky-tu-kho-thuong-hieu-hava-foodies-goi-100g-dried-goji-berry\/","title":{"rendered":"K\u1ef7 T\u1eed Kh\u00f4 Th\u01b0\u01a1ng Hi\u1ec7u Hava Foodies G\u00f3i 100g \u2013 Dried Goji Berry"},"content":{"rendered":"<h1><b>K\u1ef6 T\u1eec L\u00c0 G\u00cc?<\/b><\/h1>\n<p>C\u00e2u k\u1ef7 t\u1eed c\u00f2n g\u1ecdi l\u00e0 Thi\u00ean Tinh, \u0111\u00e2y l\u00e0 qu\u1ea3 c\u1ee7a c\u00e2y k\u1ef7 t\u1eed. C\u00e2u k\u1ef7 t\u1eed \u0111\u01b0\u1ee3c s\u1eed d\u1ee5ng k\u1ebft h\u1ee3p v\u1edbi m\u1ed9t s\u1ed1 lo\u1ea1i th\u1ea3o d\u01b0\u1ee3c kh\u00e1c \u0111\u1ec3 \u0111\u1ea1t hi\u1ec7u qu\u1ea3 ch\u1eefa b\u1ec7nh cao nh\u1ea5t. C\u00e2u k\u1ef7 t\u1eed c\u00f3 m\u00e0u \u0111\u1ecf \u0111\u1eadm t\u1ef1 nhi\u00ean d\u00f9ng \u0111\u1ec3 h\u00e3m tr\u00e0 u\u1ed1ng thay n\u01b0\u1edbc gi\u1ea3i kh\u00e1t ho\u1eb7c l\u00e0m nguy\u00ean li\u1ec7u t\u1ea1o h\u01b0\u01a1ng v\u1ecb cho c\u00e1c m\u00f3n \u0103n b\u1ed5 d\u01b0\u1ee1ng.<\/p>\n<p>Theo \u0111\u00f4ng y, c\u00e2u k\u1ef3 t\u1eed l\u00e0 m\u1ed9t lo\u1ea1i gi\u00fap b\u1ed5 m\u00e1u t\u1ed1t nh\u1ea5t, ch\u00fang ta th\u01b0\u1eddng th\u1ea5y n\u00f3 trong c\u00e1c \u0111\u01a1n thu\u1ed1c b\u1eafc. Ngo\u00e0i ra, c\u00e2u k\u1ef7 t\u1eed c\u00f2n \u0111\u01b0\u1ee3c s\u1eed d\u1ee5ng \u0111\u1ec3 ng\u00e2m r\u01b0\u1ee3u, r\u01b0\u1ee3u c\u00e2u k\u1ef7 t\u1eed gi\u00fap b\u1ed5 m\u00e1u, s\u00e1ng m\u1eaft v\u00e0 c\u00f3 c\u00f4ng d\u1ee5ng ch\u1ed1ng l\u00e3o h\u00f3a r\u1ea5t t\u1ed1t. C\u00e1c ch\u1ecb c\u00f3 th\u1ec3 s\u1eed d\u1ee5ng tr\u00e0 c\u00e2u k\u1ef7 t\u1eed u\u1ed1ng v\u1edbi hoa c\u00fac c\u00f3 t\u00e1c d\u1ee5ng gi\u1ea3m m\u1ee1 m\u00e1u v\u00e0 gi\u1ea3m c\u00e2n c\u1ef1c t\u1ed1t.<\/p>\n<p><img fetchpriority=\"high\" decoding=\"async\" class=\"aligncenter\" src=\"https:\/\/havamall.vn\/wp-content\/uploads\/2020\/07\/cau-ky-tu.jpg\" alt=\"C\u00e2u k\u1ef7 t\u1eed - Th\u1ea7n d\u01b0\u1ee3c tr\u1ecb b\u1ec7nh ch\u1ed1n nh\u00e2n gian\" width=\"641\" height=\"427\" \/><\/p>\n<h1><b>TH\u00d4NG TIN S\u1ea2N PH\u1ea8M<\/b><\/h1>\n<table border=\"1\" cellspacing=\"0\">\n<tbody>\n<tr>\n<td><strong>Th\u01b0\u01a1ng hi\u1ec7u<\/strong><\/td>\n<td>Havafood<\/td>\n<\/tr>\n<tr>\n<td><b>Xu\u1ea5t x\u1ee9<\/b><\/td>\n<td>\u0110\u1ee9c<\/td>\n<\/tr>\n<tr>\n<td><strong>Th\u00e0nh ph\u1ea7n<\/strong><\/td>\n<td>100% k\u1ef7 t\u1eed<\/td>\n<\/tr>\n<tr>\n<td><strong>H\u1ea1n s\u1eed d\u1ee5ng<\/strong><\/td>\n<td>Xem tr\u00ean bao b\u00ec s\u1ea3n ph\u1ea9m<\/td>\n<\/tr>\n<tr>\n<td><strong>C\u00e1ch s\u1eed d\u1ee5ng<\/strong><\/td>\n<td>D\u00f9ng l\u00e0m gia v\u1ecb t\u1ea9m \u01b0\u1edbp cho c\u00e1c m\u00f3n \u0103n, \u0111\u1eb7c bi\u1ec7t l\u00e0 th\u1ecbt g\u00e0 ho\u1eb7c th\u1ecbt b\u00f2<\/td>\n<\/tr>\n<tr>\n<td><strong>Nh\u1eadp kh\u1ea9u &amp; \u0111\u00f3ng g\u00f3i<\/strong><\/td>\n<td>Vi\u1ec7t Nam<\/td>\n<\/tr>\n<tr>\n<td><strong>\u00a0B\u1ea3o qu\u1ea3n<\/strong><\/td>\n<td>N\u01a1i tho\u00e1ng m\u00e1t, tr\u00e1nh \u00e1nh n\u1eafng tr\u1ef1c ti\u1ebfp, tho\u00e1ng m\u00e1t<\/td>\n<\/tr>\n<tr>\n<td><strong>Kh\u1ed1i l\u01b0\u1ee3ng t\u1ecbnh<\/strong><\/td>\n<td>100g<\/td>\n<\/tr>\n<\/tbody>\n<\/table>\n<p>&nbsp;<\/p>\n<p><img decoding=\"async\" class=\"aligncenter\" src=\"https:\/\/havamall.vn\/wp-content\/uploads\/2020\/07\/cau-ky-tu-1-ky-tu-do.jpg\" alt=\"K\u1ef7 T\u1eed \u0110\u1ecf C\u00e2u K\u1ef7 T\u1eed \u2013 TR\u00c0 HOA C\u00daC \u2013 TINH HOA TR\u00c0 VI\u1ec6T\" \/><\/p>\n<h1><strong>T\u00c1C D\u1ee4NG C\u1ee6A K\u1ef6 T\u1eec<\/strong><\/h1>\n<p><b>&#8211; C\u00f3 kh\u1ea3 n\u0103ng b\u1ea3o v\u1ec7 th\u1ea7n kinh<\/b><\/p>\n<p>Nh\u00f3m nghi\u00ean c\u1ee9u Trung Qu\u1ed1c \u0111\u00e3 ch\u1ec9 ra r\u1eb1ng c\u00e2u k\u1ef7 t\u1eed gi\u00fap \u0111i\u1ec1u tr\u1ecb v\u00e0 ng\u0103n ng\u1eeba b\u1ec7nh Alzheimer ( \u0111\u00e2y l\u00e0 m\u1ed9t t\u00ecnh tr\u1ea1ng tho\u00e1i h\u00f3a th\u1ea7n kinh). Trong c\u00e2u k\u1ef7 t\u1eed c\u00f3 ch\u1ee9a m\u1ed9t ch\u1ea5t c\u00f3 t\u00ean l\u00e0\u00a0 fructus lycii polysacarit c\u00f3 kh\u1ea3 n\u0103ng kh\u00e1ng v\u1edbi nhi\u1ec1u lo\u1ea1i peptide beta amyloid ( \u0111\u00e2y l\u00e0 nh\u1eefng ch\u1ea5t \u0111\u1ed9c th\u1ea7n kinh, nguy\u00ean nh\u00e2n g\u00e2y ra b\u1ec7nh Alzheimer). C\u00e2u k\u1ef7 t\u1eed gi\u00fap b\u1ea3o v\u1ec7 th\u1ea7n kinh hi\u1ec7u qu\u1ea3.<\/p>\n<p><b>&#8211; T\u00ednh ch\u1ea5t ch\u1ed1ng oxy h\u00f3a<\/b><\/p>\n<p>C\u00e2u k\u1ef7 t\u1eed c\u00f3 ch\u1ee9a c\u00e1c ch\u1ea5t ch\u1ed1ng oxy h\u00f3a. H\u00e0m l\u01b0\u1ee3ng flavonoid c\u1ee7a d\u1ecbch chi\u1ebft bao g\u1ed3m 1,56 miligam quercetin ( \u0111\u00e2y l\u00e0 m\u1ed9t ch\u1ea5t ch\u1ed1ng oxy h\u00f3a m\u1ea1nh, y\u1ebfu t\u1ed1 g\u00e2y b\u1ec7nh trong t\u1ed5n th\u01b0\u01a1ng t\u1ebf b\u00e0o)<\/p>\n<p>Chi\u1ebft xu\u1ea5t c\u00e2u k\u1ef7 t\u1eed \u0111\u00e3 ch\u1ee9ng minh ho\u1ea1t \u0111\u1ed9ng ch\u1ed1ng oxy h\u00f3a m\u1ea1nh m\u1ebd d\u1ef1a tr\u00ean 3 ho\u1ea1t \u0111\u1ed9ng ch\u00ednh: thanh l\u1ecdc, kh\u1eed \u0111\u1ed9c v\u00e0 kh\u1eed c\u00e1c g\u1ed1c t\u1ef1 do. Trong qu\u00e1 tr\u00ecnh th\u1ea3i s\u1eaft, m\u1ed9t ph\u00e2n t\u1eed ch\u1ed1ng oxy h\u00f3a li\u00ean k\u1ebft v\u1edbi m\u1ed9t h\u1ee3p ch\u1ea5t kim lo\u1ea1i n\u1eb7ng \u0111\u1ec3 \u0111\u1ea9y nhanh qu\u00e1 tr\u00ecnh lo\u1ea1i b\u1ecf c\u00e1c g\u1ed1c t\u1ef1 do ra kh\u1ecfi c\u01a1 th\u1ec3.<\/p>\n<p><b>&#8211; Gi\u00fap kh\u1ecfe m\u1eaft<\/b><\/p>\n<p>M\u1ed9t nghi\u00ean c\u1ee9u Trung Qu\u1ed1c &amp; Hoa K\u1ef3 \u0111\u00e3 ch\u1ec9 ra r\u1eb1ng c\u00e2u k\u1ef7 t\u1eed l\u00e0 m\u1ed9t ngu\u1ed3n zeaxanthin. M\u1ed9t lo\u1ea1i caroten m\u1ed9t ho\u1ea1t ch\u1ea5t gi\u00fap t\u0103ng c\u01b0\u1eddng th\u1ecb l\u1ef1c, l\u00e0m t\u0103ng s\u1ee9c kh\u1ecfe cho m\u1eaft.<\/p>\n<p><img decoding=\"async\" class=\"aligncenter\" src=\"https:\/\/image.voso.vn\/users\/vosoimage\/images\/6f93797487c340b22093627d1bc66524?t%5B0%5D=compress%3Alevel%3D100&amp;accessToken=22ffc290fa91f806c3578ae7f05ac9282c11075020d8ae9b3d458a67b03bedb7\" alt=\"K\u1ef7 t\u1eed \u0111\u1ecf h\u1ea1t to_M\u1ed9c Tr\u00e0 - Tr\u00e0 hoa \u0110\u00e0 N\u1eb5ng - P99361 | S\u00e0n th\u01b0\u01a1ng ...\" \/><\/p>\n<p><b>Ngo\u00e0i ra, k\u1ef7 t\u1eed c\u00f2n c\u00f3 m\u1ed9t s\u1ed1 t\u00e1c d\u1ee5ng kh\u00e1c \u0111\u1ed1i v\u1edbi s\u1ee9c kh\u1ecfe:<\/b><\/p>\n<ul>\n<li>Gi\u00fap \u0111i\u1ec1u ch\u1ec9nh huy\u1ebft \u00e1p \u1edf tr\u1ea1ng th\u00e1i c\u00e2n b\u1eb1ng<\/li>\n<li>Gi\u00fap gi\u1ea3m c\u00e2n<\/li>\n<li>Ch\u1ed1ng tr\u1ea7m c\u1ea3m<\/li>\n<li>Th\u1ea3i \u0111\u1ed9c cho gan<\/li>\n<li>T\u0103ng c\u01b0\u1eddng h\u1ec7 mi\u1ec5n d\u1ecbch<\/li>\n<li>H\u1ed7 tr\u1ee3 gi\u1ea3m \u0111au<\/li>\n<li>D\u00f9ng \u0111\u1ec3 l\u00e0m \u0111\u1eb9p da v\u00e0 gi\u00fap t\u00f3c nhanh d\u00e0i<\/li>\n<li>C\u1ea3i thi\u1ec7n s\u1ee9c kh\u1ecfe c\u1ee7a ph\u1ed5i<\/li>\n<\/ul>\n<h1>C\u00c1CH S\u1eec D\u1ee4NG K\u1ef6 T\u1eec<\/h1>\n<p>&#8211; Trong \u1ea9m th\u1ef1c: K\u1ef7 t\u1eed c\u00f3 h\u01b0\u01a1ng v\u1ecb r\u1ea5t \u0111\u1eb7c bi\u1ec7t n\u00ean th\u01b0\u1eddng s\u1eed d\u1ee5ng \u0111\u1ec3 n\u1ea5u c\u00f9ng v\u1edbi g\u00e0 c\u00f4ng nghi\u1ec7p ho\u1eb7c th\u1ecbt l\u1ee3n n\u1ea1c \u0111\u1ec3 t\u0103ng th\u00eam m\u1ed9t v\u1ecb ng\u1ecdt th\u01a1m cho c\u00e1c m\u00f3n \u0103n th\u00eam \u0111\u1eadm \u0111\u00e0. Ngo\u00e0i ra, h\u00e0m l\u01b0\u1ee3ng vitamin C trong c\u00e2u k\u1ef7 t\u1eed gi\u00fap b\u1ea1n h\u1ea5p th\u1ee5 nhi\u1ec1u ch\u1ea5t s\u1eaft t\u1eeb th\u1ecbt.<\/p>\n<p>&#8211; Pha tr\u00e0 d\u00f9ng h\u00e0ng ng\u00e0y: C\u00e2u t\u1eed t\u1eed 15g, b\u00f4ng c\u00fac 30 gram, \u0111\u01b0\u1eddng ph\u00e8n\u200b. \u0110un n\u01b0\u1edbc s\u00f4i sau \u0111\u00f3 c\u00e1c nguy\u00ean li\u1ec7u v\u00e0o h\u00e3m gi\u1ed1ng tr\u00e0 trong th\u1eddi gian 5-7 ph\u00fat. Pha xong d\u00f9ng r\u00e2y l\u1ecdc h\u1ebft b\u00e3 c\u1ee7a k\u1ef7 t\u1eed, b\u00f4ng c\u00fac thu \u0111i ta thu \u0111\u01b0\u1ee3c n\u01b0\u1edbc c\u1ed1t, s\u1eed d\u1ee5ng u\u1ed1ng khi c\u00f2n n\u00f3ng s\u1ebd th\u01a1m, ngon h\u01a1n.<\/p>","protected":false},"excerpt":{"rendered":"<ul>\n<li>Nguy\u00ean li\u1ec7u ho\u00e0n to\u00e0n t\u1ef1 nhi\u00ean, kh\u00f4ng ch\u1ea5t b\u1ea3o qu\u1ea3n, kh\u00f4ng ch\u1ea5t t\u1ea1o m\u00e0u, \u0111\u1ea3m b\u1ea3o an to\u00e0n cho ng\u01b0\u1eddi s\u1eed d\u1ee5ng.<\/li>\n<li>K\u1ef7 t\u1eed c\u00f3 h\u01b0\u01a1ng v\u1ecb r\u1ea5t \u0111\u1eb7c bi\u1ec7t n\u00ean th\u01b0\u1eddng s\u1eed d\u1ee5ng \u0111\u1ec3 n\u1ea5u c\u00f9ng v\u1edbi g\u00e0 c\u00f4ng nghi\u1ec7p ho\u1eb7c th\u1ecbt l\u1ee3n n\u1ea1c \u0111\u1ec3 t\u0103ng th\u00eam m\u1ed9t v\u1ecb ng\u1ecdt th\u01a1m cho c\u00e1c m\u00f3n \u0103n th\u00eam \u0111\u1eadm \u0111\u00e0.<\/li>\n<li>Ngo\u00e0i ra, h\u00e0m l\u01b0\u1ee3ng vitamin C trong c\u00e2u k\u1ef7 t\u1eed gi\u00fap b\u1ea1n h\u1ea5p th\u1ee5 nhi\u1ec1u ch\u1ea5t s\u1eaft t\u1eeb th\u1ecbt.<\/li>\n<\/ul>","protected":false},"featured_media":17191,"comment_status":"open","ping_status":"closed","template":"","meta":[],"product_brand":[],"product_cat":[40,154],"product_tag":[],"class_list":{"0":"post-17190","1":"product","2":"type-product","3":"status-publish","4":"has-post-thumbnail","6":"product_cat-sieuthi-giasi","7":"product_cat-gia-vi","8":"pa_brand-skx","10":"first","11":"outofstock","12":"sale","13":"shipping-taxable","14":"purchasable","15":"product-type-simple"},"_links":{"self":[{"href":"https:\/\/havamall.vn\/en\/wp-json\/wp\/v2\/product\/17190"}],"collection":[{"href":"https:\/\/havamall.vn\/en\/wp-json\/wp\/v2\/product"}],"about":[{"href":"https:\/\/havamall.vn\/en\/wp-json\/wp\/v2\/types\/product"}],"replies":[{"embeddable":true,"href":"https:\/\/havamall.vn\/en\/wp-json\/wp\/v2\/comments?post=17190"}],"version-history":[{"count":0,"href":"https:\/\/havamall.vn\/en\/wp-json\/wp\/v2\/product\/17190\/revisions"}],"wp:featuredmedia":[{"embeddable":true,"href":"https:\/\/havamall.vn\/en\/wp-json\/wp\/v2\/media\/17191"}],"wp:attachment":[{"href":"https:\/\/havamall.vn\/en\/wp-json\/wp\/v2\/media?parent=17190"}],"wp:term":[{"taxonomy":"product_brand","embeddable":true,"href":"https:\/\/havamall.vn\/en\/wp-json\/wp\/v2\/product_brand?post=17190"},{"taxonomy":"product_cat","embeddable":true,"href":"https:\/\/havamall.vn\/en\/wp-json\/wp\/v2\/product_cat?post=17190"},{"taxonomy":"product_tag","embeddable":true,"href":"https:\/\/havamall.vn\/en\/wp-json\/wp\/v2\/product_tag?post=17190"}],"curies":[{"name":"wp","href":"https:\/\/api.w.org\/{rel}","templated":true}]}}