{"id":17186,"date":"2020-10-30T15:43:24","date_gmt":"2020-10-30T08:43:24","guid":{"rendered":"https:\/\/havamall.vn\/?post_type=product&#038;p=17186"},"modified":"2025-06-02T09:58:55","modified_gmt":"2025-06-02T02:58:55","slug":"dinh-huong-thuong-hieu-hava-foodies-goi-100g-cloves","status":"publish","type":"product","link":"https:\/\/havamall.vn\/en\/shop\/dinh-huong-thuong-hieu-hava-foodies-goi-100g-cloves\/","title":{"rendered":"\u0110inh H\u01b0\u01a1ng Th\u01b0\u01a1ng Hi\u1ec7u Hava Foodies G\u00f3i 100g \u2013 Cloves"},"content":{"rendered":"<p>\u2013 \u0110inh h\u01b0\u01a1ng l\u00e0 m\u1ed9t lo\u00e0i th\u1ef1c v\u1eadt trong h\u1ecd \u0110\u00e0o kim n\u01b0\u01a1ng, c\u00f3 c\u00e1c ch\u1ed3i hoa khi ph\u01a1i kh\u00f4 c\u00f3 m\u00f9i th\u01a1m. \u0110inh h\u01b0\u01a1ng \u0111\u01b0\u1ee3c tr\u1ed3ng ch\u1ee7 y\u1ebfu \u1edf Indonesia v\u00e0 Madagascar; n\u00f3 c\u0169ng \u0111\u01b0\u1ee3c tr\u1ed3ng t\u1ea1i Zanzibar, \u1ea4n \u0110\u1ed9, Sri Lanka v\u00e0 \u201cqu\u1ea7n \u0111\u1ea3o h\u01b0\u01a1ng li\u1ec7u\u201d.<\/p>\n<p>\u2013 N\u00f3 c\u00f3 t\u00ean g\u1ecdi l\u00e0 \u0111inh h\u01b0\u01a1ng c\u00f3 l\u1ebd l\u00e0 do h\u00ecnh d\u00e1ng c\u1ee7a ch\u1ed3i hoa tr\u00f4ng kh\u00e1 gi\u1ed1ng v\u1edbi nh\u1eefng c\u00e1i \u0111inh nh\u1ecf.<\/p>\n<p>\u2013 \u1ede Trung Qu\u1ed1c, Nh\u1eadt, ng\u01b0\u1eddi ta s\u1eed d\u1ee5ng \u0111inh h\u01b0\u01a1ng nhi\u1ec1u trong vi\u1ec7c ch\u1ebf bi\u1ebfn th\u00e0nh h\u01b0\u01a1ng li\u1ec7u. C\u00f2n \u1edf Ph\u00e1p, c\u00e1c \u0111\u1ea7u b\u1ebfp l\u1ea1i th\u00edch cho \u0111inh h\u01b0\u01a1ng v\u00e0o m\u00f3n s\u00fap g\u00e0. \u1ede Anh, gia v\u1ecb n\u00e0y kh\u00f4ng th\u1ec3 thi\u1ebfu trong m\u00f3n salad t\u00e1o. \u1ede \u1ea4n \u0110\u1ed9, d\u1ea7u \u0111inh h\u01b0\u01a1ng \u0111\u01b0\u1ee3c ch\u1ebf bi\u1ebfn nhi\u1ec1u trong c\u00f4ng nghi\u1ec7p th\u1ef1c ph\u1ea9m v\u00e0 gia v\u1ecb, ph\u1ed5 bi\u1ebfn nh\u01b0: d\u01b0a chua, n\u01b0\u1edbc ch\u1ea5m, b\u00e1nh gia v\u1ecb.<\/p>\n<p><img fetchpriority=\"high\" decoding=\"async\" class=\"wp-image-17092 aligncenter\" src=\"https:\/\/havamall.com\/wp-content\/uploads\/2025\/06\/nE1BBA5-C491h-1024x683.jpg\" alt=\"\" width=\"458\" height=\"305\" \/><\/p>\n<p>\u2013 \u1ede nhi\u1ec1u n\u01a1i kh\u00e1c, nh\u1ea5t l\u00e0 \u1edf Indonesia, tinh d\u1ea7u \u0111inh h\u01b0\u01a1ng \u0111\u01b0\u1ee3c \u01b0a d\u00f9ng trong c\u00f4ng nghi\u1ec7p s\u1ea3n xu\u1ea5t thu\u1ed1c l\u00e1. C\u00f2n ng\u01b0\u1eddi Vi\u1ec7t l\u1ea1i th\u00edch cho \u0111inh h\u01b0\u01a1ng v\u00e0o trong h\u0169 d\u01b0a, t\u1ecfi hay c\u00e0 mu\u1ed1i\u2026 m\u00f9i v\u1ecb c\u0169ng \u0111\u1eb7c bi\u1ec7t kh\u00f4ng k\u00e9m.<\/p>\n<p><strong>\u0110\u1eb6C \u0110I\u1ec2M C\u1ee6A B\u1ed8T N\u1ee4 \u0110INH H\u01af\u01a0NG<\/strong><\/p>\n<p>&#8211; \u0110inh h\u01b0\u01a1ng c\u00f3 th\u1ec3 d\u00f9ng d\u1ea1ng nguy\u00ean v\u1eb9n hay d\u1ea1ng b\u1ed9t trong n\u1ea5u \u0103n, v\u00ec l\u00e0 m\u1ed9t lo\u1ea1i gia v\u1ecb n\u1ea5u \u0103n c\u00f3 m\u00f9i m\u1ea1nh n\u00ean ch\u1ec9 c\u1ea7n d\u00f9ng s\u1ed1 l\u01b0\u1ee3ng nh\u1ecf l\u00e0 c\u00f3 th\u1ec3 l\u00e0m cho m\u00f3n \u0103n tr\u1edf n\u00ean h\u1ea5p d\u1eabn h\u01a1n.<\/p>\n<p>&#8211; \u0110inh h\u01b0\u01a1ng r\u1ea5t th\u01a1m, c\u00f3 v\u1ecb cay ng\u1ecdt, t\u00ednh n\u00f3ng, th\u01b0\u1eddng \u0111\u01b0\u1ee3c d\u00f9ng trong vi\u1ec7c ch\u1ebf bi\u1ebfn c\u00e1c m\u00f3n \u0103n nh\u01b0: S\u00fap g\u00e0, c\u00e0 ri, \u01b0\u1edbp th\u1ecbt n\u01b0\u1edbng, \u0111\u1ed3 tr\u00e1ng mi\u1ec7ng, salad\u2026<\/p>\n<p><img decoding=\"async\" class=\"wp-image-17094 aligncenter\" src=\"https:\/\/havamall.com\/wp-content\/uploads\/2025\/06\/bE1BB99t-C491h1.jpg\" alt=\"\" width=\"626\" height=\"411\" \/><\/p>\n<p>\u2013 \u0110inh h\u01b0\u01a1ng gi\u00e0u ch\u1ea5t ch\u1ed1ng oxy h\u00f3a, protein, ch\u1ea5t x\u01a1, canxi, s\u1eaft, k\u1ebdm, kali, niacin, folate, vitamin B, vitamin C, vitamin E, vitamin K v\u00e0 vitamin D, n\u00ean c\u00f3 nhi\u1ec1u l\u1ee3i \u00edch s\u1ee9c kh\u1ecfe.<\/p>\n<p>\u2013 B\u1ed9t \u0111inh h\u01b0\u01a1ng c\u00f3 m\u00f9i v\u1ecb m\u1ea1nh n\u00ean ch\u1ec9 c\u1ea7n d\u00f9ng s\u1ed1 l\u01b0\u1ee3ng nh\u1ecf l\u00e0 c\u00f3 th\u1ec3 l\u00e0m cho m\u00f3n \u0103n tr\u1edf n\u00ean h\u1ea5p d\u1eabn h\u01a1n.<\/p>\n<p><strong>C\u00d4NG D\u1ee4NG C\u1ee6A \u0110INH H\u01af\u01a0NG<\/strong><\/p>\n<p>\u2013<em><strong>\u00a0X\u00f3a tan c\u0103ng th\u1eb3ng:<\/strong>\u00a0<\/em>Tinh d\u1ea7u \u0111inh h\u01b0\u01a1ng c\u00f3 t\u00e1c d\u1ee5ng k\u00ec di\u1ec7u trong vi\u1ec7c ph\u00e1 tan s\u1ef1 c\u0103ng th\u1eb3ng, m\u1ec7t m\u1ecfi. M\u00f9i th\u01a1m t\u1eeb lo\u1ea1i th\u1ea3o d\u01b0\u1ee3c n\u00e0y k\u00edch th\u00edch c\u01a1 th\u1ec3 th\u01b0 th\u00e1i, h\u01b0ng ph\u1ea5n, gi\u00fap l\u1ea5y l\u1ea1i s\u1ef1 c\u00e2n b\u1eb1ng c\u1ee7a cu\u1ed9c s\u1ed1ng. S\u1eed d\u1ee5ng m\u1ed9t l\u01b0\u1ee3ng tinh d\u1ea7u \u0111inh h\u01b0\u01a1ng v\u1eeba \u0111\u1ee7 s\u1ebd gi\u00fap b\u1ea1n ng\u1ee7 ngon, c\u00f3 l\u1ee3i cho nh\u1eefng ng\u01b0\u1eddi c\u00f3 m\u1eafc b\u1ec7nh m\u1ea5t ng\u1ee7, tr\u1ea7m c\u1ea3m\u2026<\/p>\n<p><em><strong>\u2013 Th\u00fac \u0111\u1ea9y ti\u00eau h\u00f3a<\/strong><\/em>: \u0110inh h\u01b0\u01a1ng th\u00fac \u0111\u1ea9y c\u00e1c enzyme trong c\u01a1 th\u1ec3 gi\u00fap t\u0103ng c\u01b0\u1eddng ch\u1ee9c n\u0103ng ti\u00eau h\u00f3a. Ch\u00fang \u0111\u01b0\u1ee3c s\u1eed d\u1ee5ng \u0111\u1ec3 ch\u1eefa b\u1ec7nh \u0111au d\u1ea1 d\u00e0y v\u00e0 r\u1ed1i lo\u1ea1n ti\u00eau h\u00f3a. U\u1ed1ng h\u1ed7n h\u1ee3p b\u1ed9t \u0111inh h\u01b0\u01a1ng tr\u1ed9n m\u1eadt ong c\u00f3 hi\u1ec7u qu\u1ea3 trong vi\u1ec7c gia\u0309m \u00f3i m\u1eeda \u0111\u1ed3ng th\u1eddi xoa d\u1ecbu c\u01a1n \u0111au d\u1ea1 d\u00e0y. \u0110\u1eb7c bi\u00eat, \u0111inh h\u01b0\u01a1ng ho\u00e0n to\u00e0n l\u00e0nh t\u00ednh \u0111\u1ed1i v\u1edbi ph\u1ee5 n\u1eef c\u00f3 thai, ch\u1ec9 c\u1ea7n xoa m\u1ed9t ch\u00fat d\u1ea7u \u0111inh h\u01b0\u01a1ng pha lo\u00e3ng l\u00e0 b\u1ea1n c\u00f3 th\u1ec3 \u0111\u00e1nh bay c\u01a1n \u0111\u1ea7y b\u1ee5ng kh\u00f3 ch\u1ecbu.<\/p>\n<p><img decoding=\"async\" class=\"aligncenter\" src=\"https:\/\/havamall.com\/wp-content\/uploads\/2025\/06\/144439836.jpg\" alt=\"What Are the Benefits of Clove Tea? | LEAFtv\" width=\"585\" height=\"390\" \/><\/p>\n<p><em><strong>\u2013 Ch\u1eefa l\u00e0nh ch\u1ee9ng \u0111au r\u0103ng:<\/strong><\/em>\u00a0Ch\u1ec9 c\u1ea7n ch\u00e0 m\u1ed9t ch\u00fat tinh d\u1ea7u \u0111inh h\u01b0\u01a1ng v\u00e0o ch\u1ed7 r\u0103ng b\u1ecb vi\u00eam nhi\u1ec5m, \u0111au nh\u1ee9c, sau m\u1ed9t v\u00e0i ph\u00fat b\u1ea1n s\u1ebd c\u00f3 c\u1ea3m gi\u00e1c b\u1ecb t\u00ea, gi\u1ea3m \u0111au, s\u00e1t khu\u1ea9n hi\u1ec7u qu\u1ea3. Ch\u00ednh v\u00ec th\u1ebf, \u0111inh h\u01b0\u01a1ng l\u00e0 m\u1ed9t th\u00e0nh ph\u1ea7n \u0111\u1ec3 ch\u1ebf bi\u1ebfn ra kem \u0111anh r\u0103ng, n\u01b0\u1edbc x\u00fac mi\u1ec7ng, thu\u1ed1c ch\u1eefa \u0111au r\u0103ng, thu\u1ed1c l\u00e0m tr\u1eafng r\u0103ng\u2026<\/p>\n<p>Ngo\u00e0i ra, m\u00f9i h\u01b0\u01a1ng c\u1ee7a tinh d\u1ea7u n\u00e0y c\u00f2n c\u00f3 t\u00e1c d\u1ee5ng h\u1eefu hi\u1ec7u trong vi\u1ec7c lo\u1ea1i b\u1ecf m\u00f9i h\u00f4i r\u0103ng mi\u1ec7ng. H\u00f2a v\u00e0i gi\u1ecdt tinh d\u1ea7u \u0111inh h\u01b0\u01a1ng v\u00e0o n\u01b0\u1edbc v\u00e0 s\u00fac mi\u1ec7ng h\u00e0ng ng\u00e0y s\u1ebd c\u1ea3i thi\u1ec7n d\u1ea7n m\u00f9i h\u00f4i kh\u00f3 ch\u1ecbu \u1ea5y.<\/p>\n<p><em><strong>\u2013 S\u00e1t khu\u1ea9n:<\/strong><\/em>\u00a0\u0110inh h\u01b0\u01a1ng c\u00f3 t\u00ednh s\u00e1t tr\u00f9ng r\u1ea5t cao. D\u1ea7u \u0111inh h\u01b0\u01a1ng \u0111\u01b0\u1ee3c s\u1eed d\u1ee5ng \u0111\u1ec3 \u0111i\u1ec1u tr\u1ecb c\u00e1c v\u1ebft th\u01b0\u01a1ng ngo\u00e0i da nh\u01b0 nhi\u1ec5m tr\u00f9ng, b\u1ea7m t\u00edm, v\u1ebft c\u1eaft, n\u1ea5m, gh\u1ebb, v\u1ebft c\u00f4n tr\u00f9ng \u0111\u1ed1t\u2026H\u01a1n n\u1eefa, lo\u1ea1i th\u1ea3o d\u01b0\u1ee3c n\u00e0y c\u00f2n \u0111\u01b0\u1ee3c s\u1eed d\u1ee5ng \u0111\u1ec3 tr\u1ecb m\u1ee5n tr\u1ee9ng c\u00e1, d\u01b0\u1ee1ng da\u2026 D\u1ea7u \u0111inh h\u01b0\u01a1ng kh\u00e1 m\u1ea1nh, khi s\u1eed d\u1ee5ng tr\u00ean da h\u00e3y nh\u1edb pha lo\u00e3ng tinh d\u1ea7u n\u00e0y.<\/p>\n<p><em><strong>\u2013 Gi\u1ea3m ho:<\/strong>\u00a0<\/em>Kh\u00ed h\u1eadu thay \u0111\u1ed5i khi\u1ebfn c\u01a1 quan h\u00f4 h\u1ea5p c\u1ee7a b\u1ea1n ch\u01b0a th\u00edch nghi k\u1ecbp th\u1eddi, \u0111i\u1ec1u \u0111\u00f3 c\u0169ng l\u00e0 nguy\u00ean nh\u00e2n g\u00e2y ra ti\u0300nh tr\u1ea1ng ho k\u00e9o d\u00e0i. Tuy nhi\u00ean, b\u1ea1n h\u00e3y ng\u1eadm h\u1ed7n h\u1ee3p b\u1ed9t \u0111inh h\u01b0\u01a1ng tr\u1ed9n v\u1edbi v\u00e0i h\u1ea1t mu\u1ed1i tinh \u0111\u1ec3 d\u1eadp t\u1eaft c\u00e1c c\u01a1n ho \u1ea5y. \u0110inh h\u01b0\u01a1ng c\u00f3 t\u00e1c d\u1ee5ng lo\u1ea1i b\u1ecf \u0111\u1eddm v\u00e0 vi khu\u1ea9n g\u00e2y b\u1ec7nh trong c\u1ed5 h\u1ecdng v\u00ec t\u00ednh kh\u00e1ng khu\u1ea9n r\u1ea5t cao.<\/p>\n<p><img loading=\"lazy\" decoding=\"async\" class=\"size-full wp-image-17089 aligncenter\" src=\"https:\/\/havamall.com\/wp-content\/uploads\/2025\/06\/C491h-3.jpg\" alt=\"\" width=\"500\" height=\"694\" \/><\/p>\n<p><strong><em>\u2013 Gi\u1ea3m \u0111au x\u01b0\u01a1ng kh\u1edbp<\/em>:<\/strong>\u00a0Ng\u00e2m \u0111inh h\u01b0\u01a1ng, qu\u1ebf, g\u1eebng v\u00e0o r\u01b0\u1ee3u tr\u1eafng kho\u1ea3ng 7 ng\u00e0y l\u00e0 b\u1ea1n \u0111\u00e3 c\u00f3 m\u1ed9t chai d\u1ea7u xoa b\u00f3p ch\u1eefa tr\u1ecb b\u1ec7nh \u0111au kh\u1edbp h\u1eefu hi\u1ec7u. Ngo\u00e0i ra, b\u1ea1n c\u0169ng c\u00f3 th\u1ec3 gi\u00e3 nh\u1ecf h\u1ed7n h\u1ee3p n\u00e0y r\u1ed3i sao n\u00f3ng v\u00e0 ch\u01b0\u1eddm l\u00ean ch\u1ed7 \u0111au m\u1ecfi, hi\u1ec7u qu\u1ea3 s\u1ebd r\u00f5 r\u1ec7t.<\/p>\n<p><em><strong>\u2013 Ph\u00f2ng ng\u1eeba ung th\u01b0:\u00a0<\/strong><\/em>Theo nghi\u00ean c\u1ee9u, \u0111inh h\u01b0\u01a1ng c\u00f3 th\u1ec3 ti\u00eau di\u1ec7t t\u1ebf b\u00e0o ung th\u01b0 trong c\u01a1 th\u1ec3 v\u00e0 r\u1ea5t c\u00f3 l\u1ee3i trong vi\u1ec7c ki\u1ec3m so\u00e1t ung th\u01b0 ph\u1ed5i, ung th\u01b0 v\u00fa, ung th\u01b0 bu\u1ed3ng tr\u1ee9ng v\u00e0 c\u00e1c lo\u1ea1i ung th\u01b0 kh\u00e1c \u1edf giai \u0111o\u1ea1n \u0111\u1ea7u.<\/p>","protected":false},"excerpt":{"rendered":"<ul>\n<li>\u0110inh h\u01b0\u01a1ng c\u00f3 th\u1ec3 d\u00f9ng d\u1ea1ng nguy\u00ean v\u1eb9n hay d\u1ea1ng b\u1ed9t trong n\u1ea5u \u0103n, v\u00ec l\u00e0 m\u1ed9t lo\u1ea1i gia v\u1ecb n\u1ea5u \u0103n c\u00f3 m\u00f9i m\u1ea1nh n\u00ean ch\u1ec9 c\u1ea7n d\u00f9ng s\u1ed1 l\u01b0\u1ee3ng nh\u1ecf l\u00e0 c\u00f3 th\u1ec3 l\u00e0m cho m\u00f3n \u0103n tr\u1edf n\u00ean h\u1ea5p d\u1eabn h\u01a1n.<\/li>\n<li>\u0110inh h\u01b0\u01a1ng r\u1ea5t th\u01a1m, c\u00f3 v\u1ecb cay ng\u1ecdt, t\u00ednh n\u00f3ng, th\u01b0\u1eddng \u0111\u01b0\u1ee3c d\u00f9ng trong vi\u1ec7c ch\u1ebf bi\u1ebfn c\u00e1c m\u00f3n \u0103n nh\u01b0: S\u00fap g\u00e0, c\u00e0 ri, \u01b0\u1edbp th\u1ecbt n\u01b0\u1edbng, \u0111\u1ed3 tr\u00e1ng mi\u1ec7ng, salad\u2026<\/li>\n<li>\u0110inh h\u01b0\u01a1ng gi\u00e0u ch\u1ea5t ch\u1ed1ng oxy h\u00f3a, protein, ch\u1ea5t x\u01a1, canxi, s\u1eaft, k\u1ebdm, kali, niacin, folate, vitamin B, vitamin C, vitamin E, vitamin K v\u00e0 vitamin D, n\u00ean c\u00f3 nhi\u1ec1u l\u1ee3i \u00edch s\u1ee9c kh\u1ecfe.<\/li>\n<\/ul>","protected":false},"featured_media":38960,"comment_status":"open","ping_status":"closed","template":"","meta":[],"product_brand":[],"product_cat":[40,154],"product_tag":[],"class_list":{"0":"post-17186","1":"product","2":"type-product","3":"status-publish","4":"has-post-thumbnail","6":"product_cat-sieuthi-giasi","7":"product_cat-gia-vi","8":"pa_brand-skx","10":"first","11":"instock","12":"sale","13":"shipping-taxable","14":"purchasable","15":"product-type-simple"},"_links":{"self":[{"href":"https:\/\/havamall.vn\/en\/wp-json\/wp\/v2\/product\/17186"}],"collection":[{"href":"https:\/\/havamall.vn\/en\/wp-json\/wp\/v2\/product"}],"about":[{"href":"https:\/\/havamall.vn\/en\/wp-json\/wp\/v2\/types\/product"}],"replies":[{"embeddable":true,"href":"https:\/\/havamall.vn\/en\/wp-json\/wp\/v2\/comments?post=17186"}],"version-history":[{"count":0,"href":"https:\/\/havamall.vn\/en\/wp-json\/wp\/v2\/product\/17186\/revisions"}],"wp:featuredmedia":[{"embeddable":true,"href":"https:\/\/havamall.vn\/en\/wp-json\/wp\/v2\/media\/38960"}],"wp:attachment":[{"href":"https:\/\/havamall.vn\/en\/wp-json\/wp\/v2\/media?parent=17186"}],"wp:term":[{"taxonomy":"product_brand","embeddable":true,"href":"https:\/\/havamall.vn\/en\/wp-json\/wp\/v2\/product_brand?post=17186"},{"taxonomy":"product_cat","embeddable":true,"href":"https:\/\/havamall.vn\/en\/wp-json\/wp\/v2\/product_cat?post=17186"},{"taxonomy":"product_tag","embeddable":true,"href":"https:\/\/havamall.vn\/en\/wp-json\/wp\/v2\/product_tag?post=17186"}],"curies":[{"name":"wp","href":"https:\/\/api.w.org\/{rel}","templated":true}]}}