{"id":17181,"date":"2020-10-30T15:33:23","date_gmt":"2020-10-30T08:33:23","guid":{"rendered":"https:\/\/havamall.vn\/?post_type=product&#038;p=17181"},"modified":"2025-06-01T16:42:55","modified_gmt":"2025-06-01T09:42:55","slug":"bot-dieu-thuong-hieu-hava-foodies-goi-100g-annatto-powers","status":"publish","type":"product","link":"https:\/\/havamall.vn\/en\/shop\/bot-dieu-thuong-hieu-hava-foodies-goi-100g-annatto-powers\/","title":{"rendered":"B\u1ed9t \u0110i\u1ec1u Th\u01b0\u01a1ng Hi\u1ec7u Hava Foodies G\u00f3i 100g \u2013 Annatto Powers"},"content":{"rendered":"<h1>TH\u00d4NG TIN S\u1ea2N PH\u1ea8M<\/h1>\n<ul>\n<li>Th\u01b0\u01a1ng hi\u1ec7u: Havafood<\/li>\n<li>Xu\u1ea5t x\u1ee9: \u0110\u1ee9c<\/li>\n<li>Th\u00e0nh ph\u1ea7n: 100% b\u1ed9t \u0111i\u1ec1u \u0111\u1ecf<\/li>\n<li>Quy c\u00e1ch \u0111\u00f3ng g\u00f3i: 100g<\/li>\n<li>H\u01b0\u1edbng d\u1eabn s\u1eed d\u1ee5ng: D\u00f9ng l\u00e0m gia v\u1ecb n\u00eam n\u1ebfm, t\u1ea9m \u01b0\u1edbp gi\u00fap m\u00f3n \u0103n tr\u00f2n v\u1ecb h\u01a1n<\/li>\n<li>B\u1ea3o qu\u1ea3n: \u0110\u1ec3 n\u01a1i kh\u00f4 r\u00e1o, tho\u00e1ng m\u00e1t<\/li>\n<li>H\u1ea1n s\u1eed d\u1ee5ng: Xem tr\u00ean bao b\u00ec s\u1ea3n ph\u1ea9m.<\/li>\n<\/ul>\n<h1><img fetchpriority=\"high\" decoding=\"async\" class=\"size-full wp-image-17183 aligncenter\" src=\"https:\/\/havamall.com\/wp-content\/uploads\/2025\/06\/bot-dieu-1.jpg\" alt=\"\" width=\"500\" height=\"293\" \/><\/h1>\n<h1>\u0110\u1eb6C \u0110I\u1ec2M B\u1ed8T \u0110I\u1ec0U<\/h1>\n<p>B\u1ed9t \u0111i\u1ec1u hay c\u00f2n g\u1ecdi l\u00e0 b\u1ed9t \u0111i\u1ec1u m\u00e0u hay b\u1ed9t \u0111i\u1ec1u \u0111\u1ecf ch\u00fang \u0111\u01b0\u1ee3c l\u00e0m t\u1eeb v\u1ecf v\u00e0 th\u1ecbt qu\u1ea3 m\u00e0u \u0111\u1ecf c\u1ee7a qu\u1ea3 \u0111i\u1ec1u m\u00e0u. \u0110\u00e2y l\u00e0 m\u1ed9t lo\u1ea1i gia v\u1ecb d\u00f9ng \u0111\u1ec3 t\u1ea9m \u01b0\u1edbp th\u1ef1c ph\u1ea9m&#8230;D\u00f9ng \u0111\u1ec3 t\u1ea1o m\u00e0u v\u00e0 l\u00e0m t\u0103ng h\u01b0\u01a1ng v\u1ecb cho c\u00e1c m\u00f3n \u0103n, gi\u00fap m\u00f3n \u0103n tr\u00f4ng \u0111\u1eb9p m\u1eaft h\u01a1n.<\/p>\n<p>B\u1ed9t \u0111i\u1ec1u \u0111\u01b0\u1ee3c l\u00e0m t\u1eeb 100% h\u1ea1t \u0111i\u1ec1u m\u00e0u nguy\u00ean ch\u1ea5t, kh\u00f4ng s\u1eed d\u1ee5ng ch\u1ea5t t\u1ea1o m\u00e0u, ch\u1ea5t b\u1ea3o qu\u1ea3n, \u0111\u1ea3m b\u1ea3o an to\u00e0n cho ng\u01b0\u1eddi s\u1eed d\u1ee5ng<\/p>\n<h1>C\u00d4NG D\u1ee4NG C\u1ee6A B\u1ed8T \u0110I\u1ec0U<\/h1>\n<p>&#8211; B\u1ed9t \u0111i\u1ec1u th\u01b0\u1eddng \u0111\u01b0\u1ee3c s\u1eed d\u1ee5ng trong \u1ea9m th\u1ef1c \u0111\u1ec3 l\u00e0m ch\u1ea5t t\u1ea1o m\u00e0u v\u00e0 h\u01b0\u01a1ng v\u1ecb cho c\u00e1c m\u00f3n \u0103n, gi\u00fap m\u00f3n \u0103n tr\u00f4ng h\u1ea5p d\u1eabn v\u00e0 ngon mi\u1ec7ng h\u01a1n.<\/p>\n<p>&#8211; B\u1ed9t \u0111i\u1ec1u gi\u00fap cung c\u1ea5p h\u00e0m l\u01b0\u1ee3ng ch\u1ea5t tocotrienol tinh khi\u1ebft t\u1ef1 nhi\u00ean cao. \u0110\u00e2y l\u00e0 ch\u1ea5t ch\u1ed1ng oxy h\u00f3a c\u00f3 c\u1ea5u tr\u00fac v\u00e0 ch\u1ee9c n\u0103ng gi\u1ed1ng vitamin E. \u0110\u00e3 \u0111\u01b0\u1ee3c nhi\u1ec1u nh\u00e0 khoa h\u1ecdc ch\u1ee9ng minh c\u00f3 t\u00e1c d\u1ee5ng ng\u0103n ng\u1eeba ung th\u01b0.<\/p>\n<p><img decoding=\"async\" class=\"size-full wp-image-17185 aligncenter\" src=\"https:\/\/havamall.com\/wp-content\/uploads\/2025\/06\/bot-dieu.jpg\" alt=\"\" width=\"550\" height=\"419\" \/><\/p>\n<p>&#8211; \u1ede c\u00e1c n\u01b0\u1edbc \u0111ang ph\u00e1t tri\u1ec3n, v\u1edbi ngu\u1ed3n y d\u01b0\u1ee3c hi\u1ec7n \u0111\u1ea1i ng\u01b0\u1eddi ta th\u01b0\u1eddng s\u1eed d\u1ee5ng chi\u1ebft xu\u1ea5t t\u1eeb h\u1ea1t \u0111i\u1ec1u s\u1eed d\u1ee5ng trong c\u00e1c b\u00e0i thu\u1ed1c c\u1ed5 truy\u1ec1n v\u00e0 thu\u1ed1c th\u1ea3o d\u01b0\u1ee3c \u0111\u1ec3 \u0111i\u1ec1u tr\u1ecb c\u00e1c ch\u1ee9ng nhi\u1ec5m tr\u00f9ng th\u00f4ng th\u01b0\u1eddng do vi khu\u1ea9n g\u00e2y ra.<\/p>\n<p>&#8211; B\u00ean c\u1ea1nh nh\u1eefng l\u1ee3i \u00edch s\u1ee9c kh\u1ecfe \u0111\u00e3 bi\u1ebft, Nh\u1eefng \u0111\u1ed3ng ph\u00e2n c\u1ee7a norbixin ( c\u00f3 trong b\u1ed9t \u0111i\u1ec1u) c\u00f3 t\u00e1c d\u1ee5ng kh\u00e1ng khu\u1ea9n, t\u0103ng c\u01b0\u1eddng h\u1ec7 mi\u1ec5n d\u1ecbch cho c\u01a1 th\u1ec3<\/p>\n<h1>C\u00c1CH S\u1eec D\u1ee4NG B\u1ed8T \u0110I\u1ec0U<\/h1>\n<p><em><strong>&#8211; C\u00e1ch l\u00e0m b\u1ed9t \u0111i\u1ec1u m\u00e0u<\/strong> <\/em><\/p>\n<p>D\u00f9ng b\u1ed9t \u0111i\u1ec1u \u0111\u1ec3 th\u1eafng v\u1edbi d\u1ea7u \u0103n ho\u1eb7c m\u1ee1. \u0110un nh\u1ecf l\u1eeda th\u1eafng trong kho\u1ea3ng 5 ph\u00fat \u2013 7 ph\u00fat \u0111\u1ebfn khi th\u1eafng m\u00e0u \u0111\u1ecf nh\u01b0 m\u00e0u g\u1ea1ch t\u00f4m l\u00e0 \u0111\u01b0\u1ee3c.<\/p>\n<p>D\u00f9ng trong c\u00e1c m\u00f3n cari, b\u00fan b\u00f2 Hu\u1ebf, b\u00fan ri\u00eau cua, b\u00f2 kho hay quay c\u00e1c lo\u1ea1i th\u1ecbt. Gi\u00fap m\u00f3n t\u1ea1o m\u00e0u \u0111\u1ecf \u0111\u1eb9p v\u00e0 th\u01a1m ngon cho m\u00f3n \u0103n.<\/p>\n<p><img decoding=\"async\" class=\"size-full wp-image-17184 aligncenter\" src=\"https:\/\/havamall.com\/wp-content\/uploads\/2025\/06\/ieu-5.jpg\" alt=\"\" width=\"600\" height=\"433\" \/><\/p>\n<p><em><strong>&#8211; C\u00e1ch s\u1eed d\u1ee5ng b\u1ed9t \u0111i\u1ec1u m\u00e0u trong \u1ea9m th\u1ef1c<\/strong><\/em><\/p>\n<p>V\u1edbi c\u00e1c m\u00f3n x\u00e0o: Cho b\u1ed9t \u0111i\u1ec1u m\u00e0u c\u00f9ng v\u1edbi d\u1ea7u \u0103n v\u00e0o m\u1ed9t c\u00e1i b\u00e1t nh\u1ecf, sau \u0111\u00f3 tr\u1ed9n \u0111\u1ec1u t\u1ea1o th\u00e0nh h\u1ed7n h\u1ee3p m\u00e0u n\u00e2u \u0111\u1ecf \u0111\u1eb9p m\u1eaft.<\/p>\n<p>S\u1eed d\u1ee5ng b\u1ed9t \u0111i\u1ec1u m\u00e0u \u0111\u1ec3 x\u00e0o th\u1ecbt, h\u00e0nh, t\u1ecfi,\u2026 b\u1ed9t \u0111\u1ec1u m\u00e0u k\u1ebft h\u1ee3p v\u1edbi d\u1ea7u s\u1ebd t\u1ea1o th\u00e0nh m\u00e0u \u0111\u1ecf, m\u00e0u cam ho\u1eb7c v\u00e0ng. M\u00e0u s\u1eafc n\u00e0y l\u00e0 t\u00f9y thu\u1ed9c v\u00e0o t\u1ef7 l\u1ec7 s\u1eed d\u1ee5ng b\u1ed9t \u0111i\u1ec1u c\u1ee7a b\u1ea1n.<\/p>\n<p>S\u1eed d\u1ee5ng b\u1ed9t \u0111i\u1ec1u cho c\u00e1c m\u00f3n chi\u00ean hay n\u01b0\u1edbng: D\u00f9ng b\u1ed9t \u0111i\u1ec1u \u0111\u1ec3 \u01b0\u1edbp l\u00ean b\u1ec1 m\u1eb7t c\u1ee7a th\u1ecbt heo, th\u1ecbt b\u00f2, th\u1ecbt g\u00e0, h\u1ea3i s\u1ea3n,\u2026 \u0111\u1ee3i \u0111\u1ebfn khi gia v\u1ecb th\u1ea5m \u0111\u1ec1u, nh\u00ecn \u0111\u1eb9p m\u1eaft r\u1ed3i m\u1edbi \u0111em \u0111i chi\u00ean ho\u1eb7c n\u01b0\u1edbng.<\/p>","protected":false},"excerpt":{"rendered":"<ul>\n<li>B\u1ed9t \u0111i\u1ec1u \u0111\u01b0\u1ee3c l\u00e0m t\u1eeb 100% h\u1ea1t \u0111i\u1ec1u m\u00e0u nguy\u00ean ch\u1ea5t, kh\u00f4ng s\u1eed d\u1ee5ng ch\u1ea5t t\u1ea1o m\u00e0u, ch\u1ea5t b\u1ea3o qu\u1ea3n, \u0111\u1ea3m b\u1ea3o an to\u00e0n cho ng\u01b0\u1eddi s\u1eed d\u1ee5ng.<\/li>\n<li>L\u00e0 m\u1ed9t lo\u1ea1i gia v\u1ecb d\u00f9ng \u0111\u1ec3 t\u1ea9m \u01b0\u1edbp th\u1ef1c ph\u1ea9m&#8230;D\u00f9ng \u0111\u1ec3 t\u1ea1o m\u00e0u v\u00e0 l\u00e0m t\u0103ng h\u01b0\u01a1ng v\u1ecb cho c\u00e1c m\u00f3n \u0103n, gi\u00fap m\u00f3n \u0103n tr\u00f4ng \u0111\u1eb9p m\u1eaft h\u01a1n.<\/li>\n<\/ul>","protected":false},"featured_media":38766,"comment_status":"open","ping_status":"closed","template":"","meta":[],"product_brand":[],"product_cat":[40,154],"product_tag":[],"class_list":{"0":"post-17181","1":"product","2":"type-product","3":"status-publish","4":"has-post-thumbnail","6":"product_cat-sieuthi-giasi","7":"product_cat-gia-vi","8":"pa_brand-skx","10":"first","11":"instock","12":"sale","13":"shipping-taxable","14":"purchasable","15":"product-type-simple"},"_links":{"self":[{"href":"https:\/\/havamall.vn\/en\/wp-json\/wp\/v2\/product\/17181"}],"collection":[{"href":"https:\/\/havamall.vn\/en\/wp-json\/wp\/v2\/product"}],"about":[{"href":"https:\/\/havamall.vn\/en\/wp-json\/wp\/v2\/types\/product"}],"replies":[{"embeddable":true,"href":"https:\/\/havamall.vn\/en\/wp-json\/wp\/v2\/comments?post=17181"}],"version-history":[{"count":0,"href":"https:\/\/havamall.vn\/en\/wp-json\/wp\/v2\/product\/17181\/revisions"}],"wp:featuredmedia":[{"embeddable":true,"href":"https:\/\/havamall.vn\/en\/wp-json\/wp\/v2\/media\/38766"}],"wp:attachment":[{"href":"https:\/\/havamall.vn\/en\/wp-json\/wp\/v2\/media?parent=17181"}],"wp:term":[{"taxonomy":"product_brand","embeddable":true,"href":"https:\/\/havamall.vn\/en\/wp-json\/wp\/v2\/product_brand?post=17181"},{"taxonomy":"product_cat","embeddable":true,"href":"https:\/\/havamall.vn\/en\/wp-json\/wp\/v2\/product_cat?post=17181"},{"taxonomy":"product_tag","embeddable":true,"href":"https:\/\/havamall.vn\/en\/wp-json\/wp\/v2\/product_tag?post=17181"}],"curies":[{"name":"wp","href":"https:\/\/api.w.org\/{rel}","templated":true}]}}