{"id":17179,"date":"2020-10-30T15:13:01","date_gmt":"2020-10-30T08:13:01","guid":{"rendered":"https:\/\/havamall.vn\/?post_type=product&#038;p=17179"},"modified":"2025-06-01T16:39:24","modified_gmt":"2025-06-01T09:39:24","slug":"bot-cari-an-do-thuong-hieu-hava-foodies-goi-100g-curry-powder","status":"publish","type":"product","link":"https:\/\/havamall.vn\/en\/shop\/bot-cari-an-do-thuong-hieu-hava-foodies-goi-100g-curry-powder\/","title":{"rendered":"B\u1ed9t Cari \u1ea4n \u0110\u1ed9 Th\u01b0\u01a1ng Hi\u1ec7u Hava Foodies G\u00f3i 100g \u2013 Curry Powder"},"content":{"rendered":"<p><strong>TH\u00d4NG TIN S\u1ea2N PH\u1ea8M<\/strong><\/p>\n<ul>\n<li>Th\u01b0\u01a1ng hi\u1ec7u: Havafood<\/li>\n<li>Xu\u1ea5t x\u1ee9: \u0110\u1ee9c<\/li>\n<li>Th\u00e0nh ph\u1ea7n: 100% b\u1ed9t cari<\/li>\n<li>Quy c\u00e1ch \u0111\u00f3ng g\u00f3i: 100g<\/li>\n<li>H\u01b0\u1edbng d\u1eabn s\u1eed d\u1ee5ng: D\u00f9ng l\u00e0m gia v\u1ecb n\u00eam n\u1ebfm m\u00f3n \u0103n, mang h\u01b0\u01a1ng th\u01a1m \u0111\u1eb7c tr\u01b0ng<\/li>\n<li>B\u1ea3o qu\u1ea3n: \u0110\u1ec3 n\u01a1i kh\u00f4 r\u00e1o, tho\u00e1ng m\u00e1t, tr\u00e1nh \u00e1nh n\u1eafng tr\u1ef1c ti\u1ebfp m\u1eb7t tr\u1eddi<\/li>\n<li>H\u1ea1n s\u1eed d\u1ee5ng: Xem tr\u00ean bao b\u00ec s\u1ea3n ph\u1ea9m.<\/li>\n<\/ul>\n<p><img fetchpriority=\"high\" decoding=\"async\" class=\"wp-image-17177 aligncenter\" src=\"https:\/\/havamall.com\/wp-content\/uploads\/2025\/06\/CRRI.jpg\" alt=\"\" width=\"522\" height=\"522\" \/><\/p>\n<p><strong>\u0110\u1eb6C \u0110I\u1ec2M B\u1ed8T CARI<\/strong><\/p>\n<p>\u2013 B\u1ed9t c\u00e0 ri l\u00e0 th\u00e0nh ph\u1ea7n kh\u00f4ng th\u1ec3 thi\u1ebfu khi n\u1ea5u c\u00e0 ri. B\u1ed9t c\u00e0 ri c\u00f3 m\u00e0u v\u00e0ng, m\u1ecbn v\u00e0 c\u00f3 m\u00f9i \u0111\u1eb7c tr\u01b0ng.<\/p>\n<p>\u2013 B\u00f4\u0323t ca\u0300 ri \u00c2\u0301n \u0110\u00f4\u0323 la\u0300 sa\u0309n ph\u00e2\u0309m 100% ch\u00e2\u0301t t\u01b0\u0323 nhi\u00ean, kh\u00f4ng ch\u01b0\u0301a b\u00f4\u0323t ma\u0300u t\u00f4\u0309ng h\u01a1\u0323p an toa\u0300n va\u0300 \u0111a\u0309m ba\u0309o ch\u00e2\u0301t l\u01b0\u01a1\u0323ng<\/p>\n<p>\u2013 \u0110\u01b0\u01a1\u0323c du\u0300ng \u0111\u00ea\u0309 ch\u00ea\u0301 bi\u00ea\u0301n ca\u0301c mo\u0301n \u0103n kha\u0301c nhau v\u1edbi th\u1ecbt g\u00e0, v\u1ecbt, b\u00f2, c\u1eebu, c\u00e1, h\u1ea3i s\u1ea3n, l\u01b0\u01a1n, \u1ebfch\u2026<\/p>\n<p>\u2013 \u0110\u0103\u0323c bi\u00ea\u0323t b\u00f4\u0323t ca\u0300 ri \u00c2\u0301n \u0110\u00f4\u0323 co\u0301 th\u00ea\u0309 du\u0300ng cho mo\u0301n chay<\/p>\n<p><strong>QUY TR\u00ccNH S\u1ea2N XU\u00c2T B\u1ed8T CARI<\/strong><\/p>\n<ul>\n<li>Nguy\u00ean li\u1ec7u \u0111\u01b0\u1ee3c l\u1ef1a ch\u1ecdn k\u1ef9 c\u00e0ng, t\u01b0\u01a1i s\u1ea1ch v\u00e0 ch\u1ea5t l\u01b0\u1ee3ng cao nh\u1ea5t.<\/li>\n<li>H\u00ecnh th\u1ee9c: L\u00e0m s\u1ea1ch nguy\u00ean li\u1ec7u v\u00e0 ph\u01a1i kh\u00f4. Sau \u0111\u00f3 xay m\u1ecbn b\u1eb1ng c\u00f4ng ngh\u1ec7 hi\u1ec7n \u0111\u1ea1i<\/li>\n<li>Kh\u00f4ng l\u1eabn b\u1ea5t k\u1ef3 t\u1ea1p ch\u1ea5t n\u00e0o.<\/li>\n<li>Kh\u00f4ng ch\u1ee9a ch\u1ea5t b\u1ea3o qu\u1ea3n.<\/li>\n<li>Kh\u00f4ng s\u1eed d\u1ee5ng ch\u1ea5t t\u1ea1o m\u00f9i.<\/li>\n<li>Kh\u00f4ng ch\u1ea5t t\u1ea1o m\u00e0u.<\/li>\n<li>\u0110\u00f3ng g\u00f3i s\u1ea3n ph\u1ea9m ch\u1eafc ch\u1eafn, \u0111\u1ea3m b\u1ea3o b\u1ea3o qu\u1ea3n \u0111\u01b0\u1ee3c t\u1ed1t nh\u1ea5t.<\/li>\n<\/ul>\n<p><img decoding=\"async\" class=\"aligncenter\" src=\"https:\/\/havamall.com\/wp-content\/uploads\/2025\/06\/cq5dam.web_.800.600.jpg\" alt=\"C\u00e0 ri g\u00e0 v\u00e0 cam - Th\u1ef1c \u0111\u01a1n \u0111\u00e1m gi\u1ed7\" \/><\/p>\n<p><b>N\u1ea4U CARI V\u1edaI B\u1ed8T CARI \u1ea4N \u0110\u1ed8<\/b><\/p>\n<p><em><strong>B\u01b0\u1edbc 1:\u00a0S\u01a1 ch\u1ebf nguy\u00ean li\u1ec7u:<\/strong><\/em><\/p>\n<ul>\n<li>G\u00e0 ta r\u1eeda qua n\u01b0\u1edbc sau \u0111\u00f3 x\u00e1t mu\u1ed1i v\u00e0 1 ch\u00fat g\u1eebng, r\u01b0\u1ee3u tr\u1eafng \u0111\u1ec1 kho\u1ea3ng 5 ph\u00fat r\u1ed3i r\u1eeda s\u1ea1ch l\u1ea1i n\u01b0\u1edbc l\u00e0m cho g\u00e0 h\u1ebft h\u00f4i. Sau \u0111\u00f3, ch\u1eb7t g\u00e0 th\u00e0nh nh\u1eefng mi\u1ebfng l\u1edbn, kho\u1ea3ng 6 \u2013 7cm l\u00e0 \u0111\u01b0\u1ee3c.<\/li>\n<li>H\u00e0nh t\u00edm v\u00e0 t\u1ecfi b\u00f3c v\u1ecf b\u0103m nhuy\u1ec5n, s\u1ea3 b\u00f3c v\u1ecf ngo\u00e0i c\u1eaft \u0111\u1ea7u v\u00e0 \u0111u\u00f4i d\u00f9ng ch\u00e0y \u0111\u1eadp d\u1eadp \u0111\u1ec3 t\u1ea1o m\u00f9i th\u01a1m. H\u00e0nh t\u00e2y l\u1ed9t v\u1ecf r\u1ed3i c\u1eaft th\u00e0nh m\u00fai cau.<\/li>\n<li>Khoai lang, khoai t\u00e2y g\u1ecdt v\u1ecf, c\u1eaft th\u00e0nh mi\u1ebfng v\u1eeba \u0103n, ng\u00e2m\u00a0 n\u01b0\u1edbc mu\u1ed1i pha lo\u00e3ng \u0111\u1ec3 b\u1edbt ch\u1ea5t nh\u1ef1a sau \u0111\u00f3 v\u1edbt ra \u0111\u1ec3 r\u00e1o. Cho v\u00e0o ch\u1ea3o ri\u00eang r\u1ed3i chi\u00ean v\u00e0ng s\u01a1 qua b\u00ean ngo\u00e0i \u0111\u1ec3 khi cho v\u00e0o h\u1ea7m s\u1ebd kh\u00f4ng b\u1ecb n\u00e1t.<\/li>\n<\/ul>\n<p><img decoding=\"async\" class=\"wp-image-17176 aligncenter\" src=\"https:\/\/havamall.com\/wp-content\/uploads\/2025\/06\/cari-de-an-do-1280x720-1024x576.jpg\" alt=\"\" width=\"567\" height=\"319\" \/><\/p>\n<p><em><strong>B\u01b0\u1edbc 2:\u00a0\u01af\u1edbp h\u1ed7n h\u1ee3p g\u00e0 v\u1edbi c\u00e1c gia v\u1ecb<\/strong><\/em><\/p>\n<ul>\n<li>Cho th\u1ecbt g\u00e0 \u01b0\u1edbp c\u00f9ng h\u1ed7n h\u1ee3p h\u00e0nh t\u00edm, t\u1ecfi b\u0103m v\u00e0 g\u00f3i c\u00e0 ri g\u00e0, s\u1ea3 \u0111\u00e3 \u0111\u1eadp d\u1eadp c\u00f9ng v\u1edbi \u0111\u01b0\u1eddng, mu\u1ed1i, ti\u00eau, \u1edbt, 2 th\u00eca b\u1ed9t ng\u00f4, 2 mu\u1ed7ng canh n\u01b0\u1edbc m\u1eafm, 2 mu\u1ed7ng canh \u0111\u01b0\u1eddng, 2 mu\u1ed7ng canh b\u1ed9t n\u00eam.<\/li>\n<li>Tr\u1ed9n \u0111\u1ec1u h\u1ed7n h\u1ee3p \u0111\u1ec3 th\u1ecbt g\u00e0 ng\u1ea5m gia v\u1ecb sau \u0111\u00f3 \u0111\u1ec3 kho\u1ea3ng 2 \u2013 4 ti\u1ebfng.<\/li>\n<\/ul>\n<p><em><strong>B\u01b0\u1edbc 3:\u00a0N\u1ea5u c\u00e0 ri g\u00e0<\/strong><\/em><\/p>\n<ul>\n<li>B\u1eafc ch\u1ea3o l\u00ean b\u1ebfp c\u00f9ng ch\u00fat d\u1ea7u \u0103n chi\u00ean qua x\u1ea3 \u0111\u1ec3 t\u0103ng h\u01b0\u01a1ng v\u1ecb cho m\u00f3n \u0103n r\u1ed3i cho th\u1ecbt g\u00e0 \u0111\u00e3 \u01b0\u1edbp tr\u01b0\u1edbc \u0111\u00f3 \u0111\u1ea3o \u0111\u1ec1u tr\u00ean l\u1eeda l\u1edbn khi th\u1ecbt g\u00e0 s\u0103n l\u1ea1i th\u00ec t\u1eaft b\u1ebfp.<\/li>\n<li>\u0110\u1ed5 n\u01b0\u1edbc d\u00f9ng g\u00e0 v\u00e0o h\u1ea7m h\u1ed7n h\u1ee3p \u0111un kho\u1ea3ng 30 ph\u00fat, th\u1ea5y th\u1ecbt g\u00e0 m\u1ec1m th\u00ec cho c\u00e1c lo\u1ea1i c\u1ee7 v\u00e0o n\u1ed3i h\u1ea7m ti\u1ebfp cho \u0111\u1ebfn khi khoai ch\u00edn m\u1ec1m r\u1ed3i n\u00eam n\u1ebfm gia v\u1ecb sao cho m\u00f3n \u0103n v\u1eeba mi\u1ec7ng.<\/li>\n<li>Cu\u1ed1i c\u00f9ng cho th\u00eam h\u00e0nh t\u00e2y c\u1eaft m\u00fai cau v\u00e0o, \u0111un th\u00eam m\u1ed9t ch\u00fat th\u00ec t\u1eaft b\u1ebfp.<\/li>\n<\/ul>","protected":false},"excerpt":{"rendered":"<ul>\n<li>B\u1ed9t c\u00e0 ri l\u00e0 th\u00e0nh ph\u1ea7n kh\u00f4ng th\u1ec3 thi\u1ebfu khi n\u1ea5u c\u00e0 ri. B\u1ed9t c\u00e0 ri c\u00f3 m\u00e0u v\u00e0ng, m\u1ecbn v\u00e0 c\u00f3 m\u00f9i \u0111\u1eb7c tr\u01b0ng.<\/li>\n<li>B\u00f4\u0323t ca\u0300 ri \u00c2\u0301n \u0110\u00f4\u0323 la\u0300 sa\u0309n ph\u00e2\u0309m 100% ch\u00e2\u0301t t\u01b0\u0323 nhi\u00ean, kh\u00f4ng ch\u01b0\u0301a b\u00f4\u0323t ma\u0300u t\u00f4\u0309ng h\u01a1\u0323p an toa\u0300n va\u0300 \u0111a\u0309m ba\u0309o ch\u00e2\u0301t l\u01b0\u01a1\u0323ng<\/li>\n<li>\u0110\u01b0\u01a1\u0323c du\u0300ng \u0111\u00ea\u0309 ch\u00ea\u0301 bi\u00ea\u0301n ca\u0301c mo\u0301n \u0103n kha\u0301c nhau v\u1edbi th\u1ecbt g\u00e0, v\u1ecbt, b\u00f2, c\u1eebu, c\u00e1, h\u1ea3i s\u1ea3n, l\u01b0\u01a1n, \u1ebfch\u2026<\/li>\n<li>\u0110\u0103\u0323c bi\u00ea\u0323t b\u00f4\u0323t ca\u0300 ri \u00c2\u0301n \u0110\u00f4\u0323 co\u0301 th\u00ea\u0309 du\u0300ng cho mo\u0301n chay<\/li>\n<\/ul>","protected":false},"featured_media":38758,"comment_status":"open","ping_status":"closed","template":"","meta":[],"product_brand":[],"product_cat":[40,154],"product_tag":[],"class_list":{"0":"post-17179","1":"product","2":"type-product","3":"status-publish","4":"has-post-thumbnail","6":"product_cat-sieuthi-giasi","7":"product_cat-gia-vi","8":"pa_brand-skx","10":"first","11":"instock","12":"sale","13":"shipping-taxable","14":"purchasable","15":"product-type-simple"},"_links":{"self":[{"href":"https:\/\/havamall.vn\/en\/wp-json\/wp\/v2\/product\/17179"}],"collection":[{"href":"https:\/\/havamall.vn\/en\/wp-json\/wp\/v2\/product"}],"about":[{"href":"https:\/\/havamall.vn\/en\/wp-json\/wp\/v2\/types\/product"}],"replies":[{"embeddable":true,"href":"https:\/\/havamall.vn\/en\/wp-json\/wp\/v2\/comments?post=17179"}],"version-history":[{"count":0,"href":"https:\/\/havamall.vn\/en\/wp-json\/wp\/v2\/product\/17179\/revisions"}],"wp:featuredmedia":[{"embeddable":true,"href":"https:\/\/havamall.vn\/en\/wp-json\/wp\/v2\/media\/38758"}],"wp:attachment":[{"href":"https:\/\/havamall.vn\/en\/wp-json\/wp\/v2\/media?parent=17179"}],"wp:term":[{"taxonomy":"product_brand","embeddable":true,"href":"https:\/\/havamall.vn\/en\/wp-json\/wp\/v2\/product_brand?post=17179"},{"taxonomy":"product_cat","embeddable":true,"href":"https:\/\/havamall.vn\/en\/wp-json\/wp\/v2\/product_cat?post=17179"},{"taxonomy":"product_tag","embeddable":true,"href":"https:\/\/havamall.vn\/en\/wp-json\/wp\/v2\/product_tag?post=17179"}],"curies":[{"name":"wp","href":"https:\/\/api.w.org\/{rel}","templated":true}]}}