{"id":17166,"date":"2020-10-30T14:39:34","date_gmt":"2020-10-30T07:39:34","guid":{"rendered":"https:\/\/havamall.vn\/?post_type=product&#038;p=17166"},"modified":"2025-06-15T11:55:20","modified_gmt":"2025-06-15T04:55:20","slug":"bot-pha-lau-thuong-hieu-hava-foodies-goi-100g-beef-offal-powder","status":"publish","type":"product","link":"https:\/\/havamall.vn\/en\/shop\/bot-pha-lau-thuong-hieu-hava-foodies-goi-100g-beef-offal-powder\/","title":{"rendered":"B\u1ed9t Ph\u00e1 L\u1ea5u Th\u01b0\u01a1ng Hi\u1ec7u Hava Foodies G\u00f3i 100g \u2013 Beef Offal Powder"},"content":{"rendered":"<h1><strong>NGU\u1ed2N G\u1ed0C PH\u00c1 L\u1ea4U?<\/strong><\/h1>\n<p>Ph\u00e1 l\u1ea5u ch\u00ednh x\u00e1c l\u00e0 t\u1eeb ti\u1ebfng Ti\u1ec1u (Trung Qu\u1ed1c) d\u00f9ng \u0111\u1ec3 ch\u1ec9 m\u00f3n \u0103n \u0111\u1eb7c tr\u01b0ng c\u1ee7a h\u1ecd, theo d\u00f2ng nh\u1eadp c\u01b0 c\u1ee7a ng\u01b0\u1eddi Ti\u1ec1u v\u00e0o n\u01b0\u1edbc ta th\u00ec n\u00f3 ng\u00e0y c\u00e0ng ph\u1ed5 bi\u1ebfn v\u00e0 \u0111\u01b0\u1ee3c y\u00eau th\u00edch \u1edf kh\u1eafp c\u00e1c v\u00f9ng mi\u1ec1n (\u0111\u1eb7c bi\u1ec7t khu v\u1ef1c mi\u1ec1n Nam v\u00e0 nh\u1ea5t l\u00e0 S\u00e0i G\u00f2n). T\u1eeb \u201cl\u1ea5u\u201d theo ti\u1ebfng Ti\u1ec1u c\u00f3 ngh\u0129a l\u00e0 \u01b0\u1edbp v\u1edbi c\u00e1c gia v\u1ecb cay khi\u1ebfn cho m\u00f9i tanh c\u1ee7a \u201cpha\u201d gi\u1ea3m \u0111i.<\/p>\n<h1><strong>\u0110\u1eb6C \u0110I\u1ec2M C\u1ee6A B\u1ed8T PH\u00c1 L\u1ea4U<\/strong><\/h1>\n<p>B\u1ed9t ph\u00e1 l\u1ea5u l\u00e0 gia v\u1ecb kh\u00f4ng th\u1ec3 thi\u1ebfu khi n\u1ea5u ph\u00e1 l\u1ea5u, \u1edf d\u1ea1ng b\u1ed9t m\u1ecbn, c\u00f3 m\u00e0u v\u00e0ng n\u00e2u.<\/p>\n<p>B\u1ed9t gia v\u1ecb ph\u00e1 l\u1ea5u \u0111\u01b0\u1ee3c s\u1ea3n xu\u1ea5t theo c\u00f4ng ngh\u1ec7 hi\u1ec7n \u0111\u1ea1i k\u1ebft h\u1ee3p v\u1edbi c\u00f4ng th\u1ee9c gia truy\u1ec1n mang \u0111\u1ebfn h\u01b0\u01a1ng v\u1ecb th\u01a1m ngon cho c\u00e1c m\u00f3n \u0103n khi ch\u1ebf bi\u1ebfn.<\/p>\n<p><img fetchpriority=\"high\" decoding=\"async\" class=\"wp-image-17169 aligncenter\" src=\"https:\/\/havamall.com\/wp-content\/uploads\/2025\/06\/PL2.jpg\" alt=\"\" width=\"533\" height=\"481\" \/><\/p>\n<p>S\u1ea3n ph\u1ea9m kh\u00f4ng ch\u1ee9a c\u00e1c ch\u1ea5t b\u1ea3o qu\u1ea3n \u0111\u1ed9c h\u1ea1i, \u0111\u1ea3m b\u1ea3o an to\u00e0n s\u1ee9c kh\u1ecfe cho ng\u01b0\u1eddi d\u00f9ng. Ngo\u00e0i ra, s\u1ea3n ph\u1ea9m b\u1ed5 sung vitamin v\u00e0 c\u00e1c nguy\u00ean t\u1ed1 vi l\u01b0\u1ee3ng c\u00f3 l\u1ee3i cho s\u1ee9c kh\u1ecfe ng\u01b0\u1eddi ti\u00eau d\u00f9ng.<\/p>\n<p>B\u1ed9t gia v\u1ecb ph\u00e1 l\u1ea5u \u1edf d\u1ea1ng t\u00fai zip k\u00edn \u0111\u00e1o, k\u1ef9 l\u01b0\u1ee1ng gi\u00fap gi\u1eef \u0111\u01b0\u1ee3c h\u01b0\u01a1ng v\u1ecb th\u01a1m ngon trong th\u1eddi gian d\u00e0i. Th\u00eam n\u1eefa, s\u1ea3n ph\u1ea9m gi\u00fap b\u1ea1n ti\u1ebft ki\u1ec7m \u0111\u01b0\u1ee3c nhi\u1ec1u th\u1eddi gian khi ch\u1ebf bi\u1ebfn m\u00f3n ph\u00e1 l\u1ea5u cho gia \u0111\u00ecnh.<\/p>\n<h1><strong>TH\u00d4NG TIN S\u1ea2N PH\u1ea8M<\/strong><\/h1>\n<ul>\n<li>Th\u01b0\u01a1ng hi\u1ec7u: Havafood<\/li>\n<li>Xu\u1ea5t x\u1ee9: \u0110\u1ee9c<\/li>\n<li>Th\u00e0nh ph\u1ea7n: 100% b\u1ed9t ph\u00e1 l\u1ea5u<\/li>\n<li>Quy c\u00e1ch \u0111\u00f3ng g\u00f3i: 100g<\/li>\n<li>H\u01b0\u1edbng d\u1eabn s\u1eed d\u1ee5ng: D\u00f9ng l\u00e0m gia v\u1ecb n\u1ea5u ph\u00e1 l\u1ea5u, mang h\u01b0\u01a1ng th\u01a1m \u0111\u1eb7c tr\u01b0ng<\/li>\n<li>B\u1ea3o qu\u1ea3n: \u0110\u1ec3 n\u01a1i kh\u00f4 r\u00e1o, tho\u00e1ng m\u00e1t<\/li>\n<li>H\u1ea1n s\u1eed d\u1ee5ng: Xem tr\u00ean bao b\u00ec s\u1ea3n ph\u1ea9m.<\/li>\n<\/ul>\n<h1><b>C\u00c1CH N\u1ea4U PH\u00c1 L\u1ea4U CHU\u1ea8N V\u1eca<\/b><\/h1>\n<h2><b>B\u01b0\u1edbc 1: S\u01a1 ch\u1ebf nguy\u00ean li\u1ec7u<\/b><\/h2>\n<p>\u2013 N\u1ed9i t\u1ea1ng b\u00f2 g\u1ed3m: l\u00f2ng b\u00f2, s\u00e1ch b\u00f2, l\u00e1 l\u00e1ch. Tr\u01b0\u1edbc khi n\u1ea5u ph\u1ea3i \u0111\u01b0\u1ee3c s\u01a1 ch\u1ebf th\u1eadt s\u1ea1ch. B\u1ea1n r\u1eeda nhi\u1ec1u l\u1ea7n v\u1edbi n\u01b0\u1edbc l\u1ea1nh, lo\u1ea1i b\u1ecf t\u1ea1p ch\u1ea5t c\u00f2n b\u00e1m. Sau \u0111\u00f3 b\u1ea1n d\u00f9ng h\u1ed7n h\u1ee3p mu\u1ed1i h\u1ed9t v\u00e0 n\u01b0\u1edbc c\u1ed1t chanh ch\u00e0 s\u00e1t nhi\u1ec1u l\u1ea7n v\u00e0o n\u1ed9i t\u1ea1ng \u0111\u1ec3 kh\u1eed s\u1ea1ch m\u00f9i h\u00f4i v\u00e0 ch\u1ea5t nh\u1ea7y c\u00f2n b\u00e1m. R\u1eeda l\u1ea1i l\u1ea7n n\u1eefa v\u1edbi n\u01b0\u1edbc, \u0111\u1ec3 r\u00e1o v\u00e0 c\u1eaft th\u00e0nh c\u00e1c mi\u1ebfng nh\u1ecf.<\/p>\n<p><img decoding=\"async\" class=\"wp-image-17170 aligncenter\" src=\"https:\/\/havamall.com\/wp-content\/uploads\/2025\/06\/uop-nguyen-lieu-chinh-nau-pha-lau.jpg\" alt=\"\" width=\"516\" height=\"344\" \/><\/p>\n<p>\u2013 Sau khi \u0111\u00e3 \u0111\u01b0\u1ee3c s\u01a1 ch\u1ebf s\u1ea1ch, b\u1ea1n ti\u1ebfn h\u00e0nh \u01b0\u1edbp gia v\u1ecb. Gia v\u1ecb \u01b0\u1edbp 600gr n\u1ed9i t\u1ea1ng g\u1ed3m c\u00f3: 2 mu\u1ed7ng n\u01b0\u1edbc m\u1eafm, 1 mu\u1ed7ng h\u1ea1t n\u00eam, \u00bd mu\u1ed7ng m\u00ec ch\u00ednh, \u00bd mu\u1ed7ng \u0111\u01b0\u1eddng, \u00bd mu\u1ed7ng ti\u00eau xay, 5gr b\u1ed9t ph\u00e1 l\u1ea5u. Tr\u1ed9n \u0111\u1ec1u nguy\u00ean li\u1ec7u v\u1edbi gia v\u1ecb v\u00e0 \u01b0\u1edbp trong 30-45 ph\u00fat tr\u01b0\u1edbc khi n\u1ea5u nh\u00e9!<\/p>\n<h2><b>B\u01b0\u1edbc 2: Ti\u1ebfn h\u00e0nh n\u1ea5u<\/b><\/h2>\n<p>\u2013 B\u1eafc m\u1ed9t chi\u1ebfc n\u1ed3i l\u00ean b\u1ebfp, th\u00eam 1 ch\u00fat d\u1ea7u \u0103n, b\u1ea1n kh\u00f4ng c\u1ea7n cho nhi\u1ec1u d\u1ea7u b\u1edfi n\u1ed9i t\u1ea1ng b\u00f2 khi n\u1ea5u s\u1ebd ra m\u1ee1. Ti\u1ebfp \u0111\u00f3 b\u1ea1n phi th\u01a1m h\u00e0nh t\u1ecfi b\u0103m, cho l\u00e1 l\u00e1ch, x\u00e1ch b\u00f2 v\u00e0 l\u00f2ng b\u00f2 \u0111\u00e3 \u01b0\u1edbp v\u00e0o x\u00e0o s\u01a1. Khi th\u1ea5y th\u1ecbt s\u0103n l\u1ea1i th\u00ec b\u1ea1n cho n\u01b0\u1edbc d\u1eeba t\u01b0\u01a1i v\u00e0o n\u1ea5u. N\u01b0\u1edbc s\u00f4i b\u1ea1n nh\u1edb v\u1eb7n nh\u1ecf l\u1eeda \u0111\u1ec3 n\u1ed9i t\u1ea1ng \u0111\u01b0\u1ee3c ch\u00edn m\u1ec1m v\u00e0 th\u1ea5m gia v\u1ecb.<\/p>\n<p><img decoding=\"async\" class=\"wp-image-17168 aligncenter\" src=\"https:\/\/havamall.com\/wp-content\/uploads\/2025\/06\/PHA-LA.jpg\" alt=\"\" width=\"603\" height=\"453\" \/><\/p>\n<p>\u2013 N\u1ea5u \u0111\u1ebfn khi l\u00f2ng b\u00f2, s\u00e1ch b\u00f2 v\u00e0 l\u00e1 l\u00e1ch ch\u00edn m\u1ec1m, b\u1ea1n n\u00eam l\u1ea1i gia v\u1ecb l\u1ea7n n\u1eefa r\u1ed3i t\u1eaft b\u1ebfp. Khi \u0103n b\u1ea1n m\u00fac ph\u00e1 l\u1ea5u ra b\u00e1t, nh\u1edb l\u1ea5y th\u00eam c\u1ea3 n\u01b0\u1edbc d\u00f9ng nh\u00e9, ch\u1ea5m c\u00f9ng b\u00e1nh m\u00ec hay \u0103n c\u00f9ng m\u00ec t\u00f4m \u0111\u1ec1u r\u1ea5t tuy\u1ec7t.<\/p>\n<p><em>M\u00f3n ph\u00e1 l\u1ea5u ngon hay kh\u00f4ng quy\u1ebft \u0111\u1ecbnh tr\u01b0\u1edbc ti\u00ean \u1edf kh\u00e2u s\u01a1 ch\u1ebf nguy\u00ean li\u1ec7u. N\u1ebfu nguy\u00ean li\u1ec7u c\u00f2n m\u00f9i ho\u1eb7c c\u00f3 m\u00e0u s\u1eafc l\u1ea1 th\u00ec b\u1ea1n kh\u00f4ng n\u00ean s\u1eed d\u1ee5ng \u0111\u1ec3 n\u1ea5u nh\u00e9 v\u00ec kh\u00f4ng \u0111\u1ea3m b\u1ea3o an to\u00e0n cho s\u1ee9c kh\u1ecfe.<\/em><\/p>","protected":false},"excerpt":{"rendered":"<ul>\n<li>B\u1ed9t ph\u00e1 l\u1ea5u l\u00e0 gia v\u1ecb kh\u00f4ng th\u1ec3 thi\u1ebfu khi n\u1ea5u ph\u00e1 l\u1ea5u, \u1edf d\u1ea1ng b\u1ed9t m\u1ecbn, c\u00f3 m\u00e0u v\u00e0ng n\u00e2u.<\/li>\n<li>B\u1ed9t gia v\u1ecb ph\u00e1 l\u1ea5u \u0111\u01b0\u1ee3c s\u1ea3n xu\u1ea5t theo c\u00f4ng ngh\u1ec7 hi\u1ec7n \u0111\u1ea1i k\u1ebft h\u1ee3p v\u1edbi c\u00f4ng th\u1ee9c gia truy\u1ec1n mang \u0111\u1ebfn h\u01b0\u01a1ng v\u1ecb th\u01a1m ngon cho c\u00e1c m\u00f3n \u0103n khi ch\u1ebf bi\u1ebfn.<\/li>\n<li>S\u1ea3n ph\u1ea9m kh\u00f4ng ch\u1ee9a c\u00e1c ch\u1ea5t b\u1ea3o qu\u1ea3n \u0111\u1ed9c h\u1ea1i, \u0111\u1ea3m b\u1ea3o an to\u00e0n s\u1ee9c kh\u1ecfe cho ng\u01b0\u1eddi d\u00f9ng. Ngo\u00e0i ra, s\u1ea3n ph\u1ea9m b\u1ed5 sung vitamin v\u00e0 c\u00e1c nguy\u00ean t\u1ed1 vi l\u01b0\u1ee3ng c\u00f3 l\u1ee3i cho s\u1ee9c kh\u1ecfe ng\u01b0\u1eddi ti\u00eau d\u00f9ng.<\/li>\n<\/ul>","protected":false},"featured_media":39658,"comment_status":"open","ping_status":"closed","template":"","meta":[],"product_brand":[],"product_cat":[595,36,134],"product_tag":[],"class_list":{"0":"post-17166","1":"product","2":"type-product","3":"status-publish","4":"has-post-thumbnail","6":"product_cat-gia-vi-va-che-bien","7":"product_cat-thuc-pham-tieu-dung","8":"product_cat-thucpham-saykho","9":"pa_brand-skx","11":"first","12":"instock","13":"sale","14":"shipping-taxable","15":"purchasable","16":"product-type-simple"},"_links":{"self":[{"href":"https:\/\/havamall.vn\/en\/wp-json\/wp\/v2\/product\/17166"}],"collection":[{"href":"https:\/\/havamall.vn\/en\/wp-json\/wp\/v2\/product"}],"about":[{"href":"https:\/\/havamall.vn\/en\/wp-json\/wp\/v2\/types\/product"}],"replies":[{"embeddable":true,"href":"https:\/\/havamall.vn\/en\/wp-json\/wp\/v2\/comments?post=17166"}],"version-history":[{"count":0,"href":"https:\/\/havamall.vn\/en\/wp-json\/wp\/v2\/product\/17166\/revisions"}],"wp:featuredmedia":[{"embeddable":true,"href":"https:\/\/havamall.vn\/en\/wp-json\/wp\/v2\/media\/39658"}],"wp:attachment":[{"href":"https:\/\/havamall.vn\/en\/wp-json\/wp\/v2\/media?parent=17166"}],"wp:term":[{"taxonomy":"product_brand","embeddable":true,"href":"https:\/\/havamall.vn\/en\/wp-json\/wp\/v2\/product_brand?post=17166"},{"taxonomy":"product_cat","embeddable":true,"href":"https:\/\/havamall.vn\/en\/wp-json\/wp\/v2\/product_cat?post=17166"},{"taxonomy":"product_tag","embeddable":true,"href":"https:\/\/havamall.vn\/en\/wp-json\/wp\/v2\/product_tag?post=17166"}],"curies":[{"name":"wp","href":"https:\/\/api.w.org\/{rel}","templated":true}]}}