{"id":17141,"date":"2020-10-29T09:24:51","date_gmt":"2020-10-29T02:24:51","guid":{"rendered":"https:\/\/havamall.vn\/?post_type=product&#038;p=17141"},"modified":"2025-06-02T10:37:49","modified_gmt":"2025-06-02T03:37:49","slug":"bot-toi-thuong-hieu-hava-foodies-goi-10g-garlic-powder","status":"publish","type":"product","link":"https:\/\/havamall.vn\/en\/shop\/bot-toi-thuong-hieu-hava-foodies-goi-10g-garlic-powder\/","title":{"rendered":"B\u1ed9t T\u1ecfi Th\u01b0\u01a1ng Hi\u1ec7u Hava Foodies G\u00f3i 100g \u2013 Garlic Powder"},"content":{"rendered":"<p>B\u1ed9t t\u1ecfi c\u00f3 t\u00ean ti\u1ebfng Anh l\u00e0 garlic powder, b\u1ed9t t\u1ecfi m\u1ecbn, m\u00e0u v\u00e0ng nh\u1ea1t, mang h\u01b0\u01a1ng th\u01a1m \u0111\u1eb7c tr\u01b0ng c\u1ee7a t\u1ecfi, kh\u00f4ng ch\u1ee9a c\u00e1c ch\u1ea5t b\u1ea3o qu\u1ea3n hay ch\u1ea5t ph\u1ee5 gia.<\/p>\n<p>B\u1ed9t t\u1ecfi \u0111\u01b0\u1ee3c l\u00e0m b\u1eb1ng c\u00e1ch lo\u1ea1i b\u1ecf l\u1edbp v\u1ecf, c\u1eaft l\u00e1t v\u00e0 s\u1ea5y kh\u00f4 t\u00e9p t\u1ecfi c\u00f2n t\u01b0\u01a1i sau \u0111\u00f3 xay t\u1ecfi th\u00e0nh b\u1ed9t m\u1ecbn.<\/p>\n<p>B\u1ed9t t\u1ecfi kh\u00f4ng ch\u1ea5t b\u00e9o v\u00e0 cholesterol. C\u1ee9 100g b\u1ed9t t\u1ecfi cung c\u1ea5p 331 Calo, 17g Protein, 9g ch\u1ea5t x\u01a1, 73g Cacbohydrat, c\u00f9ng h\u00e0m l\u01b0\u1ee3ng d\u1ed3i d\u00e0o c\u00e1c ch\u1ea5t kho\u00e1ng Canxi, Natri, Kali, Lipid, Magie, Vitamin B6 v\u00e0 Vitamin C.<\/p>\n<p><img fetchpriority=\"high\" decoding=\"async\" class=\"wp-image-17143 aligncenter\" src=\"https:\/\/havamall.com\/wp-content\/uploads\/2025\/06\/bot-toi-1-1024x576.jpg\" alt=\"\" width=\"661\" height=\"372\" \/><\/p>\n<p><strong>TH\u00d4NG TIN S\u1ea2N PH\u1ea8M<\/strong><\/p>\n<ul>\n<li>Th\u01b0\u01a1ng hi\u1ec7u: Havafood<\/li>\n<li>Xu\u1ea5t x\u1ee9: \u0110\u1ee9c<\/li>\n<li>Th\u00e0nh ph\u1ea7n: T\u1ecfi t\u01b0\u01a1i 100%<\/li>\n<li>Quy c\u00e1ch \u0111\u00f3ng g\u00f3i: 100g<\/li>\n<li>H\u01b0\u1edbng d\u1eabn s\u1eed d\u1ee5ng: D\u00f9ng l\u00e0m gia v\u1ecb, t\u1ea9m \u01b0\u1edbp m\u00f3n \u0103n<\/li>\n<li>B\u1ea3o qu\u1ea3n: \u0110\u1ec3 n\u01a1i kh\u00f4 r\u00e1o, tho\u00e1ng m\u00e1t<\/li>\n<li>H\u1ea1n s\u1eed d\u1ee5ng: Xem tr\u00ean bao b\u00ec s\u1ea3n ph\u1ea9m<\/li>\n<\/ul>\n<p id=\"hmenuid2\" class=\"ce-element ce-element--type-text\"><strong>C\u00d4NG D\u1ee4NG C\u1ee6A B\u1ed8T T\u1eceI<\/strong><\/p>\n<p class=\"ce-element ce-element--type-text\"><em><strong>1. Ch\u1ebf bi\u1ebfn m\u00f3n \u0103n<\/strong><\/em><\/p>\n<p class=\"ce-element ce-element--type-text\">B\u1ed9t t\u1ecfi \u0111\u01b0\u1ee3c s\u1eed d\u1ee5ng nh\u01b0 m\u1ed9t lo\u1ea1i gia v\u1ecb\u00a0thay th\u1ebf cho t\u1ecfi t\u01b0\u01a1i khi \u01b0\u1edbp th\u1ecbt, c\u00e1 v\u00e0 h\u1ea3i s\u1ea3n gi\u00fap l\u00e0m d\u1eady m\u00f9i th\u1ee9c \u0103n h\u01a1n r\u1ea5t nhi\u1ec1u.<\/p>\n<p><img decoding=\"async\" class=\"wp-image-17144 aligncenter\" src=\"https:\/\/havamall.com\/wp-content\/uploads\/2025\/06\/bot-toi-3.jpg\" alt=\"\" width=\"592\" height=\"335\" \/><\/p>\n<p class=\"ce-element ce-element--type-text\">B\u1ed9t t\u1ecfi kh\u00f4ng ch\u1ec9 gi\u00fap t\u0103ng h\u01b0\u01a1ng v\u1ecb c\u1ee7a m\u00f3n \u0103n m\u00e0 c\u00f2n\u00a0c\u00f3 th\u1ec3 kh\u1eed m\u00f9i th\u1ecbt, c\u00e1\u00a0r\u1ea5t t\u1ed1t. Do d\u1ec5 d\u00e0ng h\u00f2a tan trong n\u01b0\u1edbc n\u00ean ch\u00fang l\u00e0 l\u1ef1a ch\u1ecdn t\u1ed1t khi l\u00e0m c\u00e1c m\u00f3n n\u01b0\u1edbc s\u1ed1t, t\u01b0\u01a1ng c\u00e0, t\u01b0\u01a1ng \u1edbt\u2026 N\u1ebfu b\u1ea1n kh\u00f4ng th\u00edch t\u1ecfi t\u01b0\u01a1i th\u00ec c\u00f3 th\u1ec3 d\u00f9ng b\u1ed9t t\u1ecfi thay th\u1ebf, b\u1edfi ngo\u00e0i m\u00f9i h\u01b0\u01a1ng th\u00ec b\u1ed9t t\u1ecfi c\u00f3 v\u1ecb d\u1ec5 ch\u1ecbu h\u01a1n nhi\u1ec1u.<\/p>\n<p><em><b>2. \u0110\u1ed1i v\u1edbi s\u1ee9c kh\u1ecfe<\/b><\/em><\/p>\n<p class=\"ce-element ce-element--type-text\">T\u01b0\u01a1ng t\u1ef1 nh\u01b0 t\u1ecfi t\u01b0\u01a1i, b\u1ed9t t\u1ecfi c\u0169ng r\u1ea5t t\u1ed1t cho s\u1ee9c kh\u1ecfe ng\u01b0\u1eddi d\u00f9ng.<\/p>\n<ul>\n<li class=\"ce-element ce-element--type-text\">\u00a0Lially sulfide, Allicin v\u00e0 Ajoene: Gi\u00fap\u00a0t\u0103ng c\u01b0\u1eddng s\u1ee9c \u0111\u1ec1 kh\u00e1ng, kh\u00e1ng vi\u00eam, di\u1ec7t khu\u1ea9n, tr\u1ecb c\u1ea3m ho, vi\u00eam h\u1ecdng ho\u1eb7c s\u1eed d\u1ee5ng nh\u01b0 thu\u1ed1c kh\u00e1ng sinh t\u1ea1m th\u1eddi.<\/li>\n<li class=\"ce-element ce-element--type-text\">C\u00e1c ho\u1ea1t ch\u1ea5t kh\u00e1ng sinh:\u00a0C\u1ea3i thi\u1ec7n t\u00ecnh tr\u1ea1ng da m\u1ee5n, th\u00e2m.\u00a0B\u1ea1n ch\u1ec9 c\u1ea7n r\u1eeda m\u1eb7t h\u1eb1ng ng\u00e0y c\u00f9ng b\u1ed9t t\u1ecfi pha v\u1edbi n\u01b0\u1edbc c\u1ed1t chanh,\u00a0gi\u1ea5m, tinh d\u1ea7u o\u1ea3i h\u01b0\u01a1ng.<\/li>\n<li class=\"ce-element ce-element--type-text\">Ch\u1ea5t ch\u1ed1ng Oxy h\u00f3a: Ng\u0103n ng\u1eeba s\u1ef1 ph\u00e1t tri\u1ec3n c\u1ee7a t\u1ebf b\u00e0o t\u1ef1 do,\u00a0ng\u0103n ng\u1eeba ung th\u01b0.<\/li>\n<li class=\"ce-element ce-element--type-text\">Cholesterol t\u1ed1t v\u00e0 Lipid:\u00a0 H\u1ed7 tr\u1ee3\u00a0\u0111i\u1ec1u h\u00f2a huy\u1ebft \u00e1p, ng\u0103n ng\u1eeba v\u00e0\u00a0\u0111i\u1ec1u tr\u1ecb b\u1ec7nh r\u1ed1i lo\u1ea1n \u0111\u00f4ng m\u00e1u.<\/li>\n<\/ul>\n<p><em><b>3. V\u1ec7 sinh nh\u00e0 c\u1eeda<\/b><\/em><\/p>\n<p><img decoding=\"async\" class=\"wp-image-17142 aligncenter\" src=\"https:\/\/havamall.com\/wp-content\/uploads\/2025\/06\/bot-toi-nguyen-chat-1024x576.jpg\" alt=\"\" width=\"623\" height=\"350\" \/><\/p>\n<ul>\n<li class=\"ce-element ce-element--type-text\">R\u1eafc b\u1ed9t t\u1ecfi quanh nh\u00e0, n\u01a1i t\u1eadp trung c\u00f4n tr\u00f9ng g\u00e2y h\u1ea1i v\u00e0 mu\u1ed7i, h\u01b0\u01a1ng th\u01a1m t\u1eeb b\u1ed9t t\u1ecfi s\u1ebd khi\u1ebfn ch\u00fang tr\u00e1nh xa nh\u00e0 b\u1ea1n.<\/li>\n<li class=\"ce-element ce-element--type-text\">Tr\u1ed9n b\u1ed9t t\u1ecfi v\u00e0o th\u1ee9c \u0103n c\u1ee7a v\u1eadt nu\u00f4i b\u1ecd ve, b\u1ecd ch\u00e9t s\u1ebd tr\u00e1nh xa th\u00fa c\u01b0ng c\u1ee7a b\u1ea1n.<\/li>\n<li class=\"ce-element ce-element--type-text\">R\u1eafc b\u1ed9t t\u1ecfi quanh g\u1ed1c c\u00e2y tr\u1ed3ng, ch\u00fang ho\u00e0n to\u00e0n c\u00f3 th\u1ec3 s\u1eed d\u1ee5ng nh\u01b0 m\u1ed9t lo\u1ea1i thu\u1ed1c tr\u1eeb s\u00e2u hi\u1ec7u qu\u1ea3 l\u1ea1i an to\u00e0n cho s\u1ee9c kh\u1ecfe.<\/li>\n<\/ul>","protected":false},"excerpt":{"rendered":"<ul>\n<li>B\u1ed9t t\u1ecfi m\u1ecbn, m\u00e0u v\u00e0ng nh\u1ea1t, mang h\u01b0\u01a1ng th\u01a1m \u0111\u1eb7c tr\u01b0ng c\u1ee7a t\u1ecfi, kh\u00f4ng ch\u1ee9a c\u00e1c ch\u1ea5t b\u1ea3o qu\u1ea3n hay ch\u1ea5t ph\u1ee5 gia.<\/li>\n<li>B\u1ed9t t\u1ecfi \u0111\u01b0\u1ee3c l\u00e0m b\u1eb1ng c\u00e1ch lo\u1ea1i b\u1ecf l\u1edbp v\u1ecf, c\u1eaft l\u00e1t v\u00e0 s\u1ea5y kh\u00f4 t\u00e9p t\u1ecfi c\u00f2n t\u01b0\u01a1i sau \u0111\u00f3 xay t\u1ecfi th\u00e0nh b\u1ed9t m\u1ecbn.<\/li>\n<li>B\u1ed9t t\u1ecfi kh\u00f4ng ch\u1ea5t b\u00e9o v\u00e0 cholesterol. C\u1ee9 100g b\u1ed9t t\u1ecfi cung c\u1ea5p 331 Calo, 17g Protein, 9g ch\u1ea5t x\u01a1, 73g Cacbohydrat, c\u00f9ng h\u00e0m l\u01b0\u1ee3ng d\u1ed3i d\u00e0o c\u00e1c ch\u1ea5t kho\u00e1ng Canxi, Natri, Kali, Lipid, Magie, Vitamin B6 v\u00e0 Vitamin C.<\/li>\n<\/ul>","protected":false},"featured_media":38999,"comment_status":"open","ping_status":"closed","template":"","meta":[],"product_brand":[],"product_cat":[595,36,134],"product_tag":[],"class_list":{"0":"post-17141","1":"product","2":"type-product","3":"status-publish","4":"has-post-thumbnail","6":"product_cat-gia-vi-va-che-bien","7":"product_cat-thuc-pham-tieu-dung","8":"product_cat-thucpham-saykho","9":"pa_brand-skx","11":"first","12":"instock","13":"sale","14":"shipping-taxable","15":"purchasable","16":"product-type-simple"},"_links":{"self":[{"href":"https:\/\/havamall.vn\/en\/wp-json\/wp\/v2\/product\/17141"}],"collection":[{"href":"https:\/\/havamall.vn\/en\/wp-json\/wp\/v2\/product"}],"about":[{"href":"https:\/\/havamall.vn\/en\/wp-json\/wp\/v2\/types\/product"}],"replies":[{"embeddable":true,"href":"https:\/\/havamall.vn\/en\/wp-json\/wp\/v2\/comments?post=17141"}],"version-history":[{"count":0,"href":"https:\/\/havamall.vn\/en\/wp-json\/wp\/v2\/product\/17141\/revisions"}],"wp:featuredmedia":[{"embeddable":true,"href":"https:\/\/havamall.vn\/en\/wp-json\/wp\/v2\/media\/38999"}],"wp:attachment":[{"href":"https:\/\/havamall.vn\/en\/wp-json\/wp\/v2\/media?parent=17141"}],"wp:term":[{"taxonomy":"product_brand","embeddable":true,"href":"https:\/\/havamall.vn\/en\/wp-json\/wp\/v2\/product_brand?post=17141"},{"taxonomy":"product_cat","embeddable":true,"href":"https:\/\/havamall.vn\/en\/wp-json\/wp\/v2\/product_cat?post=17141"},{"taxonomy":"product_tag","embeddable":true,"href":"https:\/\/havamall.vn\/en\/wp-json\/wp\/v2\/product_tag?post=17141"}],"curies":[{"name":"wp","href":"https:\/\/api.w.org\/{rel}","templated":true}]}}